{"id":97557,"date":"2022-04-16T14:56:54","date_gmt":"2022-04-16T11:56:54","guid":{"rendered":"https:\/\/gate21.ee\/?post_type=product&#038;p=97557"},"modified":"2025-08-26T12:40:00","modified_gmt":"2025-08-26T09:40:00","slug":"romeo-calling-giclee","status":"publish","type":"product","link":"https:\/\/gate21.ee\/et\/shop\/romeo-calling-giclee\/","title":{"rendered":"Romeo Calling \u2013 Giclee tr\u00fckk"},"content":{"rendered":"<p class=\"\">Kui sa lihtsalt ootad SEDA k\u00f5ne!<\/p>\n<p class=\"\">Kvaliteetne giclee on tr\u00fckitud 308 g\/m2 happevabale Hahnemuhle German Etching paberile, tr\u00fckitud pleekimiskindlate tintidega. Matt viimistlus, v\u00e4ga teravad v\u00e4rvid.<\/p>\n<p class=\"\">M\u00f5\u00f5dud: 30x30 cm<\/p>\n<p><img fetchpriority=\"high\" decoding=\"async\" class=\"alignnone size-medium wp-image-96730\" src=\"https:\/\/gate21.ee\/wp-content\/uploads\/2022\/04\/EgleZvirblyteprofilephoto-300x199.jpg\" alt=\"\" width=\"300\" height=\"199\" srcset=\"https:\/\/gate21.ee\/wp-content\/uploads\/2022\/04\/EgleZvirblyteprofilephoto-300x199.jpg 300w, https:\/\/gate21.ee\/wp-content\/uploads\/2022\/04\/EgleZvirblyteprofilephoto-768x509.jpg 768w, https:\/\/gate21.ee\/wp-content\/uploads\/2022\/04\/EgleZvirblyteprofilephoto-18x12.jpg 18w, https:\/\/gate21.ee\/wp-content\/uploads\/2022\/04\/EgleZvirblyteprofilephoto-600x398.jpg 600w, https:\/\/gate21.ee\/wp-content\/uploads\/2022\/04\/EgleZvirblyteprofilephoto.jpg 975w\" sizes=\"(max-width: 300px) 100vw, 300px\" \/><\/p>\n<p class=\"\"><a href=\"https:\/\/gate21.ee\/et\/brand\/egle-zvirblyte\/\">Egle Zvirblyte<\/a> on Leedu kunstnik ja illustraator, kes hetkel elab Londonis. Ta loob tabavat disaini, mis on v\u00e4ga s\u00f5nakas ja puudutab s\u00fcgavamaid humanistlikke teemasid.<\/p>\n<p class=\"\">Lisaks Londonile, kus ta on juba 12 aastat olnud,  on ta elanud Melbourne'is, Tokyos, Balil ja Barcelonas, t\u00f6\u00f6tades klientidega kogu maailmas br\u00e4ndingu, reklaami, tootedisaini, muusika ja moe valdkonnas.<\/p>\n<p class=\"\">Oma isiklikus praktikas uurib Egle identiteedi, vaimsuse, isikliku transformatsiooni, aga ka inimese seotust oma keha, \u00fcksteise ja maailmaga.<\/p>","protected":false},"excerpt":{"rendered":"<p>When you&#8217;re just waiting for that call to come! Lush archival quality giclee print on 308gsm acid free Hahnemuhle German Etching paper, printed with fade resistant inks. Super matt finish, very sharp colours. Size: 30x30cm Egle Zvirblyte is a Lithuanian artist and illustrator based in London. She creates bright and punchy character-based work that is [&hellip;]<\/p>\n","protected":false},"featured_media":97558,"comment_status":"closed","ping_status":"closed","template":"","meta":{"site-sidebar-layout":"default","site-content-layout":"default","ast-site-content-layout":"default","site-content-style":"default","site-sidebar-style":"default","ast-global-header-display":"","ast-banner-title-visibility":"","ast-main-header-display":"","ast-hfb-above-header-display":"","ast-hfb-below-header-display":"","ast-hfb-mobile-header-display":"","site-post-title":"","ast-breadcrumbs-content":"","ast-featured-img":"","footer-sml-layout":"","ast-disable-related-posts":"","theme-transparent-header-meta":"default","adv-header-id-meta":"","stick-header-meta":"default","header-above-stick-meta":"","header-main-stick-meta":"","header-below-stick-meta":"","astra-migrate-meta-layouts":"default","ast-page-background-enabled":"default","ast-page-background-meta":{"desktop":{"background-color":"","background-image":"","background-repeat":"repeat","background-position":"center center","background-size":"auto","background-attachment":"scroll","background-type":"","background-media":"","overlay-type":"","overlay-color":"","overlay-opacity":"","overlay-gradient":""},"tablet":{"background-color":"","background-image":"","background-repeat":"repeat","background-position":"center center","background-size":"auto","background-attachment":"scroll","background-type":"","background-media":"","overlay-type":"","overlay-color":"","overlay-opacity":"","overlay-gradient":""},"mobile":{"background-color":"","background-image":"","background-repeat":"repeat","background-position":"center center","background-size":"auto","background-attachment":"scroll","background-type":"","background-media":"","overlay-type":"","overlay-color":"","overlay-opacity":"","overlay-gradient":""}},"ast-content-background-meta":{"desktop":{"background-color":"var(--ast-global-color-5)","background-image":"","background-repeat":"repeat","background-position":"center center","background-size":"auto","background-attachment":"scroll","background-type":"","background-media":"","overlay-type":"","overlay-color":"","overlay-opacity":"","overlay-gradient":""},"tablet":{"background-color":"var(--ast-global-color-5)","background-image":"","background-repeat":"repeat","background-position":"center center","background-size":"auto","background-attachment":"scroll","background-type":"","background-media":"","overlay-type":"","overlay-color":"","overlay-opacity":"","overlay-gradient":""},"mobile":{"background-color":"var(--ast-global-color-5)","background-image":"","background-repeat":"repeat","background-position":"center center","background-size":"auto","background-attachment":"scroll","background-type":"","background-media":"","overlay-type":"","overlay-color":"","overlay-opacity":"","overlay-gradient":""}}},"pwb-brand":[520],"product_brand":[],"product_cat":[218,219],"product_tag":[],"class_list":{"0":"post-97557","1":"product","2":"type-product","3":"status-publish","4":"has-post-thumbnail","6":"pwb-brand-egle-zvirblyte","7":"product_cat-home","8":"product_cat-posters","9":"desktop-align-center","10":"tablet-align-center","11":"mobile-align-center","12":"ast-product-gallery-layout-vertical","13":"ast-product-gallery-with-no-image","14":"ast-product-tabs-layout-horizontal","16":"first","17":"instock","18":"taxable","19":"shipping-taxable","20":"purchasable","21":"product-type-simple"},"yoast_head":"<!-- This site is optimized with the Yoast SEO plugin v27.4 - https:\/\/yoast.com\/product\/yoast-seo-wordpress\/ -->\n<title>Romeo Calling - Giclee &#8226; Gate21<\/title>\n<meta name=\"description\" content=\"Egle Zvirblyte giclees are printed with fade resistant inks with a super matt finish and very sharp colours.\" \/>\n<meta name=\"robots\" content=\"index, follow, max-snippet:-1, max-image-preview:large, max-video-preview:-1\" \/>\n<link rel=\"canonical\" href=\"https:\/\/gate21.ee\/et\/shop\/romeo-calling-giclee\/\" \/>\n<meta property=\"og:locale\" content=\"et_EE\" \/>\n<meta property=\"og:type\" content=\"article\" \/>\n<meta property=\"og:title\" content=\"Romeo Calling - Giclee &#8226; Gate21\" \/>\n<meta property=\"og:description\" content=\"Egle Zvirblyte giclees are printed with fade resistant inks with a super matt finish and very sharp colours.\" \/>\n<meta property=\"og:url\" content=\"https:\/\/gate21.ee\/et\/shop\/romeo-calling-giclee\/\" \/>\n<meta property=\"og:site_name\" content=\"Gate21\" \/>\n<meta property=\"article:publisher\" content=\"https:\/\/www.facebook.com\/gate21.ee\/\" \/>\n<meta property=\"article:modified_time\" content=\"2025-08-26T09:40:00+00:00\" \/>\n<meta property=\"og:image\" content=\"https:\/\/gate21.ee\/wp-content\/uploads\/2022\/04\/RomeoCallingprint.jpg\" \/>\n\t<meta property=\"og:image:width\" content=\"750\" \/>\n\t<meta property=\"og:image:height\" content=\"750\" \/>\n\t<meta property=\"og:image:type\" content=\"image\/jpeg\" \/>\n<meta name=\"twitter:card\" content=\"summary_large_image\" \/>\n<meta name=\"twitter:label1\" content=\"Est. reading time\" \/>\n\t<meta name=\"twitter:data1\" content=\"1 minut\" \/>\n<script type=\"application\/ld+json\" class=\"yoast-schema-graph\">{\"@context\":\"https:\\\/\\\/schema.org\",\"@graph\":[{\"@type\":\"WebPage\",\"@id\":\"https:\\\/\\\/gate21.ee\\\/shop\\\/romeo-calling-giclee\\\/\",\"url\":\"https:\\\/\\\/gate21.ee\\\/shop\\\/romeo-calling-giclee\\\/\",\"name\":\"Romeo Calling - Giclee &#8226; Gate21\",\"isPartOf\":{\"@id\":\"https:\\\/\\\/gate21.ee\\\/#website\"},\"primaryImageOfPage\":{\"@id\":\"https:\\\/\\\/gate21.ee\\\/shop\\\/romeo-calling-giclee\\\/#primaryimage\"},\"image\":{\"@id\":\"https:\\\/\\\/gate21.ee\\\/shop\\\/romeo-calling-giclee\\\/#primaryimage\"},\"thumbnailUrl\":\"https:\\\/\\\/gate21.ee\\\/wp-content\\\/uploads\\\/2022\\\/04\\\/RomeoCallingprint.jpg\",\"datePublished\":\"2022-04-16T11:56:54+00:00\",\"dateModified\":\"2025-08-26T09:40:00+00:00\",\"description\":\"Egle Zvirblyte giclees are printed with fade resistant inks with a super matt finish and very sharp colours.\",\"breadcrumb\":{\"@id\":\"https:\\\/\\\/gate21.ee\\\/shop\\\/romeo-calling-giclee\\\/#breadcrumb\"},\"inLanguage\":\"et\",\"potentialAction\":[{\"@type\":\"ReadAction\",\"target\":[\"https:\\\/\\\/gate21.ee\\\/shop\\\/romeo-calling-giclee\\\/\"]}]},{\"@type\":\"ImageObject\",\"inLanguage\":\"et\",\"@id\":\"https:\\\/\\\/gate21.ee\\\/shop\\\/romeo-calling-giclee\\\/#primaryimage\",\"url\":\"https:\\\/\\\/gate21.ee\\\/wp-content\\\/uploads\\\/2022\\\/04\\\/RomeoCallingprint.jpg\",\"contentUrl\":\"https:\\\/\\\/gate21.ee\\\/wp-content\\\/uploads\\\/2022\\\/04\\\/RomeoCallingprint.jpg\",\"width\":750,\"height\":750,\"caption\":\"Romeo Calling - Gicl\u00e9e\\\" features an abstract figure in yellow spotted trousers, black top, and white feet holding a red phone receiver with \u201cXXX\u201d in a speech bubble\u2014a vibrant artwork ideal for modern gift shops or concept stores. Gate21.ee\"},{\"@type\":\"BreadcrumbList\",\"@id\":\"https:\\\/\\\/gate21.ee\\\/shop\\\/romeo-calling-giclee\\\/#breadcrumb\",\"itemListElement\":[{\"@type\":\"ListItem\",\"position\":1,\"name\":\"Home\",\"item\":\"https:\\\/\\\/gate21.ee\\\/\"},{\"@type\":\"ListItem\",\"position\":2,\"name\":\"Romeo Calling &#8211; Giclee\"}]},{\"@type\":\"WebSite\",\"@id\":\"https:\\\/\\\/gate21.ee\\\/#website\",\"url\":\"https:\\\/\\\/gate21.ee\\\/\",\"name\":\"Gate21\",\"description\":\"Gift concept store Gate21\",\"publisher\":{\"@id\":\"https:\\\/\\\/gate21.ee\\\/#organization\"},\"alternateName\":\"gate21\",\"potentialAction\":[{\"@type\":\"SearchAction\",\"target\":{\"@type\":\"EntryPoint\",\"urlTemplate\":\"https:\\\/\\\/gate21.ee\\\/?s={search_term_string}\"},\"query-input\":{\"@type\":\"PropertyValueSpecification\",\"valueRequired\":true,\"valueName\":\"search_term_string\"}}],\"inLanguage\":\"et\"},{\"@type\":\"Organization\",\"@id\":\"https:\\\/\\\/gate21.ee\\\/#organization\",\"name\":\"Gate21\",\"alternateName\":\"Gate21, Oma Asi and Oma Asi Design Store\",\"url\":\"https:\\\/\\\/gate21.ee\\\/\",\"logo\":{\"@type\":\"ImageObject\",\"inLanguage\":\"et\",\"@id\":\"https:\\\/\\\/gate21.ee\\\/#\\\/schema\\\/logo\\\/image\\\/\",\"url\":\"https:\\\/\\\/gate21.ee\\\/wp-content\\\/uploads\\\/2021\\\/11\\\/Gate_21_Logo_2_Valge.png\",\"contentUrl\":\"https:\\\/\\\/gate21.ee\\\/wp-content\\\/uploads\\\/2021\\\/11\\\/Gate_21_Logo_2_Valge.png\",\"width\":2560,\"height\":2560,\"caption\":\"Gate21\"},\"image\":{\"@id\":\"https:\\\/\\\/gate21.ee\\\/#\\\/schema\\\/logo\\\/image\\\/\"},\"sameAs\":[\"https:\\\/\\\/www.facebook.com\\\/gate21.ee\\\/\",\"https:\\\/\\\/www.instagram.com\\\/gate21.ee\\\/\",\"https:\\\/\\\/www.instagram.com\\\/omaasidesign\\\/\",\"https:\\\/\\\/www.instagram.com\\\/omaasi\\\/\",\"https:\\\/\\\/www.facebook.com\\\/omaasidesign\\\/\",\"https:\\\/\\\/www.facebook.com\\\/omaasilittleredhouse\\\/\",\"https:\\\/\\\/www.tiktok.com\\\/@gate21.ee\"]}]}<\/script>\n<!-- \/ Yoast SEO plugin. -->","yoast_head_json":{"title":"Romeo Calling - Giclee &#8226; Gate21","description":"Egle Zvirblyte giclees are printed with fade resistant inks with a super matt finish and very sharp colours.","robots":{"index":"index","follow":"follow","max-snippet":"max-snippet:-1","max-image-preview":"max-image-preview:large","max-video-preview":"max-video-preview:-1"},"canonical":"https:\/\/gate21.ee\/et\/shop\/romeo-calling-giclee\/","og_locale":"et_EE","og_type":"article","og_title":"Romeo Calling - Giclee &#8226; Gate21","og_description":"Egle Zvirblyte giclees are printed with fade resistant inks with a super matt finish and very sharp colours.","og_url":"https:\/\/gate21.ee\/et\/shop\/romeo-calling-giclee\/","og_site_name":"Gate21","article_publisher":"https:\/\/www.facebook.com\/gate21.ee\/","article_modified_time":"2025-08-26T09:40:00+00:00","og_image":[{"width":750,"height":750,"url":"https:\/\/gate21.ee\/wp-content\/uploads\/2022\/04\/RomeoCallingprint.jpg","type":"image\/jpeg"}],"twitter_card":"summary_large_image","twitter_misc":{"Est. reading time":"1 minut"},"schema":{"@context":"https:\/\/schema.org","@graph":[{"@type":"WebPage","@id":"https:\/\/gate21.ee\/shop\/romeo-calling-giclee\/","url":"https:\/\/gate21.ee\/shop\/romeo-calling-giclee\/","name":"Romeo Calling - Giclee &#8226; Gate21","isPartOf":{"@id":"https:\/\/gate21.ee\/#website"},"primaryImageOfPage":{"@id":"https:\/\/gate21.ee\/shop\/romeo-calling-giclee\/#primaryimage"},"image":{"@id":"https:\/\/gate21.ee\/shop\/romeo-calling-giclee\/#primaryimage"},"thumbnailUrl":"https:\/\/gate21.ee\/wp-content\/uploads\/2022\/04\/RomeoCallingprint.jpg","datePublished":"2022-04-16T11:56:54+00:00","dateModified":"2025-08-26T09:40:00+00:00","description":"Egle Zvirblyte giclees are printed with fade resistant inks with a super matt finish and very sharp colours.","breadcrumb":{"@id":"https:\/\/gate21.ee\/shop\/romeo-calling-giclee\/#breadcrumb"},"inLanguage":"et","potentialAction":[{"@type":"ReadAction","target":["https:\/\/gate21.ee\/shop\/romeo-calling-giclee\/"]}]},{"@type":"ImageObject","inLanguage":"et","@id":"https:\/\/gate21.ee\/shop\/romeo-calling-giclee\/#primaryimage","url":"https:\/\/gate21.ee\/wp-content\/uploads\/2022\/04\/RomeoCallingprint.jpg","contentUrl":"https:\/\/gate21.ee\/wp-content\/uploads\/2022\/04\/RomeoCallingprint.jpg","width":750,"height":750,"caption":"Romeo Calling - Gicl\u00e9e\" features an abstract figure in yellow spotted trousers, black top, and white feet holding a red phone receiver with \u201cXXX\u201d in a speech bubble\u2014a vibrant artwork ideal for modern gift shops or concept stores. Gate21.ee"},{"@type":"BreadcrumbList","@id":"https:\/\/gate21.ee\/shop\/romeo-calling-giclee\/#breadcrumb","itemListElement":[{"@type":"ListItem","position":1,"name":"Home","item":"https:\/\/gate21.ee\/"},{"@type":"ListItem","position":2,"name":"Romeo Calling &#8211; Giclee"}]},{"@type":"WebSite","@id":"https:\/\/gate21.ee\/#website","url":"https:\/\/gate21.ee\/","name":"Gate21","description":"Kingituskontseptsioonipood Gate21","publisher":{"@id":"https:\/\/gate21.ee\/#organization"},"alternateName":"gate21","potentialAction":[{"@type":"SearchAction","target":{"@type":"EntryPoint","urlTemplate":"https:\/\/gate21.ee\/?s={search_term_string}"},"query-input":{"@type":"PropertyValueSpecification","valueRequired":true,"valueName":"search_term_string"}}],"inLanguage":"et"},{"@type":"Organization","@id":"https:\/\/gate21.ee\/#organization","name":"Gate21","alternateName":"Gate21, Oma Asi and Oma Asi Design Store","url":"https:\/\/gate21.ee\/","logo":{"@type":"ImageObject","inLanguage":"et","@id":"https:\/\/gate21.ee\/#\/schema\/logo\/image\/","url":"https:\/\/gate21.ee\/wp-content\/uploads\/2021\/11\/Gate_21_Logo_2_Valge.png","contentUrl":"https:\/\/gate21.ee\/wp-content\/uploads\/2021\/11\/Gate_21_Logo_2_Valge.png","width":2560,"height":2560,"caption":"Gate21"},"image":{"@id":"https:\/\/gate21.ee\/#\/schema\/logo\/image\/"},"sameAs":["https:\/\/www.facebook.com\/gate21.ee\/","https:\/\/www.instagram.com\/gate21.ee\/","https:\/\/www.instagram.com\/omaasidesign\/","https:\/\/www.instagram.com\/omaasi\/","https:\/\/www.facebook.com\/omaasidesign\/","https:\/\/www.facebook.com\/omaasilittleredhouse\/","https:\/\/www.tiktok.com\/@gate21.ee"]}]}},"jetpack_sharing_enabled":true,"brands":[{"id":520,"name":"Egle Zvirblyte","slug":"egle-zvirblyte"}],"_links":{"self":[{"href":"https:\/\/gate21.ee\/et\/wp-json\/wp\/v2\/product\/97557","targetHints":{"allow":["GET"]}}],"collection":[{"href":"https:\/\/gate21.ee\/et\/wp-json\/wp\/v2\/product"}],"about":[{"href":"https:\/\/gate21.ee\/et\/wp-json\/wp\/v2\/types\/product"}],"replies":[{"embeddable":true,"href":"https:\/\/gate21.ee\/et\/wp-json\/wp\/v2\/comments?post=97557"}],"version-history":[{"count":1,"href":"https:\/\/gate21.ee\/et\/wp-json\/wp\/v2\/product\/97557\/revisions"}],"predecessor-version":[{"id":218638,"href":"https:\/\/gate21.ee\/et\/wp-json\/wp\/v2\/product\/97557\/revisions\/218638"}],"wp:featuredmedia":[{"embeddable":true,"href":"https:\/\/gate21.ee\/et\/wp-json\/wp\/v2\/media\/97558"}],"wp:attachment":[{"href":"https:\/\/gate21.ee\/et\/wp-json\/wp\/v2\/media?parent=97557"}],"wp:term":[{"taxonomy":"pwb-brand","embeddable":true,"href":"https:\/\/gate21.ee\/et\/wp-json\/wp\/v2\/pwb-brand?post=97557"},{"taxonomy":"product_brand","embeddable":true,"href":"https:\/\/gate21.ee\/et\/wp-json\/wp\/v2\/product_brand?post=97557"},{"taxonomy":"product_cat","embeddable":true,"href":"https:\/\/gate21.ee\/et\/wp-json\/wp\/v2\/product_cat?post=97557"},{"taxonomy":"product_tag","embeddable":true,"href":"https:\/\/gate21.ee\/et\/wp-json\/wp\/v2\/product_tag?post=97557"}],"curies":[{"name":"wp","href":"https:\/\/api.w.org\/{rel}","templated":true}]}}