{"id":97508,"date":"2022-04-16T12:36:00","date_gmt":"2022-04-16T09:36:00","guid":{"rendered":"https:\/\/gate21.ee\/?post_type=product&#038;p=97508"},"modified":"2026-02-15T13:17:30","modified_gmt":"2026-02-15T11:17:30","slug":"duality_ring_-_jc","status":"publish","type":"product","link":"https:\/\/gate21.ee\/et\/shop\/duality_ring_-_jc\/","title":{"rendered":"DUALITY S\u00d5RMUS \u2013 JC"},"content":{"rendered":"<p><a href=\"https:\/\/gate21.ee\/et\/brand\/duality\/\">DUALITY<\/a> unisex-s\u00f5rmused kombineerivad minimalistlikult tahkeid ja t\u00fchikuid. Iga t\u00fckk on teatud m\u00e4\u00e4ral paindlik, kuid struktuurilt tugev, mist\u00f5ttu on need mitmek\u00fclgsed, kerged ja ideaalsed igap\u00e4evaseks kasutamiseks. DUALITY s\u00f5rmused muudavad v\u00e4limust s\u00f5ltuvalt sellest, kuidas te neid kanda soovite, kuid \u00fcksk\u00f5ik, kuidas te neid ka ei vaata, DUALITY on erinev ja meeldib nii arhitektuurihuvilistele kui ka minimalistidele. Valmistatud kihtide kaupa 3D-tr\u00fckitud nailonist ja viimistletud k\u00e4sitsi Tallinnas. PA12 nailon on j\u00e4tkusuutlik t\u00e4nu oma suurele taaskasutatavusele ja j\u00e4\u00e4tmevabale tootmisele.<\/p>\n<p>S\u00f5rmuse l\u00e4bim\u00f5\u00f5t: keskmine 16 mm ja suur 18 mm<\/p>\n<p><img fetchpriority=\"high\" decoding=\"async\" class=\"size-medium wp-image-94333 aligncenter\" src=\"https:\/\/i0.wp.com\/gate21.ee\/wp-content\/uploads\/2022\/03\/Screenshot-2022-03-18-at-12.10.26.png?resize=268%2C300&amp;ssl=1\" alt=\"Duality designer\" width=\"268\" height=\"300\" data-recalc-dims=\"1\" srcset=\"https:\/\/gate21.ee\/wp-content\/uploads\/2022\/03\/Screenshot-2022-03-18-at-12.10.26.png 567w, https:\/\/gate21.ee\/wp-content\/uploads\/2022\/03\/Screenshot-2022-03-18-at-12.10.26-268x300.png 268w, https:\/\/gate21.ee\/wp-content\/uploads\/2022\/03\/Screenshot-2022-03-18-at-12.10.26-11x12.png 11w\" sizes=\"(max-width: 268px) 100vw, 268px\" \/><\/p>\n<p>DUALITY looja Kirkke Neumeister selgitab ehk paremini: \u201cKolme unikaalse disainipoe omanikuna Tallinnas olen olnud 13 aastat disaini- ja ehtemaailma keskel. Olen alati teadnud, et kui mul tekib \u00f5ige tunne, siis loome ise midagi. T\u00fc\u00fcpilise eestlasena on see tunne v\u00f5tnud kaua aega... mille jooksul on erinevad m\u00f5tted ja disainid kogunenud m\u00e4rkmikute lehek\u00fclgedele ja juhuslikele paberij\u00e4\u00e4kidele. Juba p\u00e4rast keskkooli tahtsin \u00f5ppida arhitektuuri EKA-s, kuid mul puudus julgus ja matemaatilised teadmised, et seda teekonda alustada. Mind ei huvitanud kunagi sellised tuntud ehitised nagu Eiffeli torn, Big Ben v\u00f5i Taj Mahal, vaid pigem moodsad ja ainulaadsed ehitised nagu raamatukogud, kunstimuuseumid, hotellid ja isegi parklad.<\/p>\n<p><img decoding=\"async\" class=\"size-medium wp-image-97269 aligncenter\" src=\"https:\/\/i0.wp.com\/gate21.ee\/wp-content\/uploads\/2022\/04\/kasi_4.jpg?resize=300%2C300&amp;ssl=1\" alt=\"DUALITY DAN ring\" width=\"300\" height=\"300\" data-recalc-dims=\"1\" \/><\/p>\n<p>Kirkke armastab betooni, puhtaid jooni, minimalistlikku disaini ja k\u00f5ike, mis n\u00e4eb kuidagi toorelt v\u00e4lja, kuid minu moemaitse on vastupidine... ma armastan v\u00e4rve ja huvitavaid kujundeid, n\u00e4iteks Miki Hiire k\u00f5rvu! Olen veendunud, et mida lihtsam n\u00e4eb v\u00e4lja ehe v\u00f5i ehitis, seda keerulisem on neid luua, sest selle lihtsuses ei paista kohe v\u00e4lja selle keerukus.<\/p>\n<p>Nii s\u00fcndis minu ehteseeria nimi - DUALITY - nendest kahest tundest.<\/p>\n<p>Duaalsuse seadus t\u00e4hendab arhitektuuris nii keerulist kui ka lihtsat, nii et k\u00f5igele, mis on lihtne, on alati vastandlik j\u00f5ud, mis omakorda muudab disaini palju keerulisemaks.\u201d<\/p>","protected":false},"excerpt":{"rendered":"<p>DUALITY unisex\u00a0rings\u00a0combine solids and voids in a minimalist way. Each piece has a degree of flexibility, but is structurally strong making them versatile, lightweight and ideal for everyday use. DUALITY rings change appearance depending on the way you want to wear them, but whichever way you look at it, DUALITY is different and will appeal [&hellip;]<\/p>\n","protected":false},"featured_media":190745,"comment_status":"closed","ping_status":"closed","template":"","meta":{"site-sidebar-layout":"default","site-content-layout":"default","ast-site-content-layout":"default","site-content-style":"default","site-sidebar-style":"default","ast-global-header-display":"","ast-banner-title-visibility":"","ast-main-header-display":"","ast-hfb-above-header-display":"","ast-hfb-below-header-display":"","ast-hfb-mobile-header-display":"","site-post-title":"","ast-breadcrumbs-content":"","ast-featured-img":"","footer-sml-layout":"","ast-disable-related-posts":"","theme-transparent-header-meta":"default","adv-header-id-meta":"","stick-header-meta":"default","header-above-stick-meta":"","header-main-stick-meta":"","header-below-stick-meta":"","astra-migrate-meta-layouts":"set","ast-page-background-enabled":"default","ast-page-background-meta":{"desktop":{"background-color":"","background-image":"","background-repeat":"repeat","background-position":"center center","background-size":"auto","background-attachment":"scroll","background-type":"","background-media":"","overlay-type":"","overlay-color":"","overlay-opacity":"","overlay-gradient":""},"tablet":{"background-color":"","background-image":"","background-repeat":"repeat","background-position":"center center","background-size":"auto","background-attachment":"scroll","background-type":"","background-media":"","overlay-type":"","overlay-color":"","overlay-opacity":"","overlay-gradient":""},"mobile":{"background-color":"","background-image":"","background-repeat":"repeat","background-position":"center center","background-size":"auto","background-attachment":"scroll","background-type":"","background-media":"","overlay-type":"","overlay-color":"","overlay-opacity":"","overlay-gradient":""}},"ast-content-background-meta":{"desktop":{"background-color":"var(--ast-global-color-5)","background-image":"","background-repeat":"repeat","background-position":"center center","background-size":"auto","background-attachment":"scroll","background-type":"","background-media":"","overlay-type":"","overlay-color":"","overlay-opacity":"","overlay-gradient":""},"tablet":{"background-color":"var(--ast-global-color-5)","background-image":"","background-repeat":"repeat","background-position":"center center","background-size":"auto","background-attachment":"scroll","background-type":"","background-media":"","overlay-type":"","overlay-color":"","overlay-opacity":"","overlay-gradient":""},"mobile":{"background-color":"var(--ast-global-color-5)","background-image":"","background-repeat":"repeat","background-position":"center center","background-size":"auto","background-attachment":"scroll","background-type":"","background-media":"","overlay-type":"","overlay-color":"","overlay-opacity":"","overlay-gradient":""}}},"pwb-brand":[517],"product_brand":[],"product_cat":[52,131],"product_tag":[],"class_list":{"0":"post-97508","1":"product","2":"type-product","3":"status-publish","4":"has-post-thumbnail","6":"pwb-brand-duality","7":"product_cat-jewellery","8":"product_cat-rings","9":"desktop-align-center","10":"tablet-align-center","11":"mobile-align-center","12":"ast-product-gallery-layout-vertical","13":"ast-product-single-variable","14":"ast-product-tabs-layout-horizontal","16":"first","17":"instock","18":"taxable","19":"shipping-taxable","20":"purchasable","21":"product-type-variable"},"yoast_head":"<!-- This site is optimized with the Yoast SEO plugin v27.4 - https:\/\/yoast.com\/product\/yoast-seo-wordpress\/ -->\n<title>DUALITY RING - JC &#8226; Gate21<\/title>\n<meta name=\"description\" content=\"Unisex DUALITY\u00a0rings\u00a0combine solids and voids in a minimalist way. DUALITY jewellery is lightweight and ideal for everyday use.\" \/>\n<meta name=\"robots\" content=\"index, follow, max-snippet:-1, max-image-preview:large, max-video-preview:-1\" \/>\n<link rel=\"canonical\" href=\"https:\/\/gate21.ee\/et\/shop\/duality_ring_-_jc\/\" \/>\n<meta property=\"og:locale\" content=\"et_EE\" \/>\n<meta property=\"og:type\" content=\"article\" \/>\n<meta property=\"og:title\" content=\"DUALITY RING - JC &#8226; Gate21\" \/>\n<meta property=\"og:description\" content=\"Unisex DUALITY\u00a0rings\u00a0combine solids and voids in a minimalist way. DUALITY jewellery is lightweight and ideal for everyday use.\" \/>\n<meta property=\"og:url\" content=\"https:\/\/gate21.ee\/et\/shop\/duality_ring_-_jc\/\" \/>\n<meta property=\"og:site_name\" content=\"Gate21\" \/>\n<meta property=\"article:publisher\" content=\"https:\/\/www.facebook.com\/gate21.ee\/\" \/>\n<meta property=\"article:modified_time\" content=\"2026-02-15T11:17:30+00:00\" \/>\n<meta property=\"og:image\" content=\"https:\/\/gate21.ee\/wp-content\/uploads\/2024\/09\/Copy-of-JC_1.png\" \/>\n\t<meta property=\"og:image:width\" content=\"2250\" \/>\n\t<meta property=\"og:image:height\" content=\"2250\" \/>\n\t<meta property=\"og:image:type\" content=\"image\/png\" \/>\n<meta name=\"twitter:card\" content=\"summary_large_image\" \/>\n<meta name=\"twitter:label1\" content=\"Est. reading time\" \/>\n\t<meta name=\"twitter:data1\" content=\"3 minutit\" \/>\n<script type=\"application\/ld+json\" class=\"yoast-schema-graph\">{\"@context\":\"https:\\\/\\\/schema.org\",\"@graph\":[{\"@type\":\"WebPage\",\"@id\":\"https:\\\/\\\/gate21.ee\\\/shop\\\/duality_ring_-_jc\\\/\",\"url\":\"https:\\\/\\\/gate21.ee\\\/shop\\\/duality_ring_-_jc\\\/\",\"name\":\"DUALITY RING - JC &#8226; Gate21\",\"isPartOf\":{\"@id\":\"https:\\\/\\\/gate21.ee\\\/#website\"},\"primaryImageOfPage\":{\"@id\":\"https:\\\/\\\/gate21.ee\\\/shop\\\/duality_ring_-_jc\\\/#primaryimage\"},\"image\":{\"@id\":\"https:\\\/\\\/gate21.ee\\\/shop\\\/duality_ring_-_jc\\\/#primaryimage\"},\"thumbnailUrl\":\"https:\\\/\\\/gate21.ee\\\/wp-content\\\/uploads\\\/2024\\\/09\\\/Copy-of-JC_1.png\",\"datePublished\":\"2022-04-16T09:36:00+00:00\",\"dateModified\":\"2026-02-15T11:17:30+00:00\",\"description\":\"Unisex DUALITY\u00a0rings\u00a0combine solids and voids in a minimalist way. DUALITY jewellery is lightweight and ideal for everyday use.\",\"breadcrumb\":{\"@id\":\"https:\\\/\\\/gate21.ee\\\/shop\\\/duality_ring_-_jc\\\/#breadcrumb\"},\"inLanguage\":\"et\",\"potentialAction\":[{\"@type\":\"ReadAction\",\"target\":[\"https:\\\/\\\/gate21.ee\\\/shop\\\/duality_ring_-_jc\\\/\"]}]},{\"@type\":\"ImageObject\",\"inLanguage\":\"et\",\"@id\":\"https:\\\/\\\/gate21.ee\\\/shop\\\/duality_ring_-_jc\\\/#primaryimage\",\"url\":\"https:\\\/\\\/gate21.ee\\\/wp-content\\\/uploads\\\/2024\\\/09\\\/Copy-of-JC_1.png\",\"contentUrl\":\"https:\\\/\\\/gate21.ee\\\/wp-content\\\/uploads\\\/2024\\\/09\\\/Copy-of-JC_1.png\",\"width\":2250,\"height\":2250,\"caption\":\"A black, square-shaped plastic clip with one open side, photographed on a plain white background\u2014an example of curated Estonian design. Gate21.ee\"},{\"@type\":\"BreadcrumbList\",\"@id\":\"https:\\\/\\\/gate21.ee\\\/shop\\\/duality_ring_-_jc\\\/#breadcrumb\",\"itemListElement\":[{\"@type\":\"ListItem\",\"position\":1,\"name\":\"Home\",\"item\":\"https:\\\/\\\/gate21.ee\\\/\"},{\"@type\":\"ListItem\",\"position\":2,\"name\":\"DUALITY RING &#8211; JC\"}]},{\"@type\":\"WebSite\",\"@id\":\"https:\\\/\\\/gate21.ee\\\/#website\",\"url\":\"https:\\\/\\\/gate21.ee\\\/\",\"name\":\"Gate21\",\"description\":\"Gift concept store Gate21\",\"publisher\":{\"@id\":\"https:\\\/\\\/gate21.ee\\\/#organization\"},\"alternateName\":\"gate21\",\"potentialAction\":[{\"@type\":\"SearchAction\",\"target\":{\"@type\":\"EntryPoint\",\"urlTemplate\":\"https:\\\/\\\/gate21.ee\\\/?s={search_term_string}\"},\"query-input\":{\"@type\":\"PropertyValueSpecification\",\"valueRequired\":true,\"valueName\":\"search_term_string\"}}],\"inLanguage\":\"et\"},{\"@type\":\"Organization\",\"@id\":\"https:\\\/\\\/gate21.ee\\\/#organization\",\"name\":\"Gate21\",\"alternateName\":\"Gate21, Oma Asi and Oma Asi Design Store\",\"url\":\"https:\\\/\\\/gate21.ee\\\/\",\"logo\":{\"@type\":\"ImageObject\",\"inLanguage\":\"et\",\"@id\":\"https:\\\/\\\/gate21.ee\\\/#\\\/schema\\\/logo\\\/image\\\/\",\"url\":\"https:\\\/\\\/gate21.ee\\\/wp-content\\\/uploads\\\/2021\\\/11\\\/Gate_21_Logo_2_Valge.png\",\"contentUrl\":\"https:\\\/\\\/gate21.ee\\\/wp-content\\\/uploads\\\/2021\\\/11\\\/Gate_21_Logo_2_Valge.png\",\"width\":2560,\"height\":2560,\"caption\":\"Gate21\"},\"image\":{\"@id\":\"https:\\\/\\\/gate21.ee\\\/#\\\/schema\\\/logo\\\/image\\\/\"},\"sameAs\":[\"https:\\\/\\\/www.facebook.com\\\/gate21.ee\\\/\",\"https:\\\/\\\/www.instagram.com\\\/gate21.ee\\\/\",\"https:\\\/\\\/www.instagram.com\\\/omaasidesign\\\/\",\"https:\\\/\\\/www.instagram.com\\\/omaasi\\\/\",\"https:\\\/\\\/www.facebook.com\\\/omaasidesign\\\/\",\"https:\\\/\\\/www.facebook.com\\\/omaasilittleredhouse\\\/\",\"https:\\\/\\\/www.tiktok.com\\\/@gate21.ee\"]}]}<\/script>\n<!-- \/ Yoast SEO plugin. -->","yoast_head_json":{"title":"DUALITY RING - JC &#8226; Gate21","description":"Unisex DUALITY\u00a0rings\u00a0combine solids and voids in a minimalist way. DUALITY jewellery is lightweight and ideal for everyday use.","robots":{"index":"index","follow":"follow","max-snippet":"max-snippet:-1","max-image-preview":"max-image-preview:large","max-video-preview":"max-video-preview:-1"},"canonical":"https:\/\/gate21.ee\/et\/shop\/duality_ring_-_jc\/","og_locale":"et_EE","og_type":"article","og_title":"DUALITY RING - JC &#8226; Gate21","og_description":"Unisex DUALITY\u00a0rings\u00a0combine solids and voids in a minimalist way. DUALITY jewellery is lightweight and ideal for everyday use.","og_url":"https:\/\/gate21.ee\/et\/shop\/duality_ring_-_jc\/","og_site_name":"Gate21","article_publisher":"https:\/\/www.facebook.com\/gate21.ee\/","article_modified_time":"2026-02-15T11:17:30+00:00","og_image":[{"width":2250,"height":2250,"url":"https:\/\/gate21.ee\/wp-content\/uploads\/2024\/09\/Copy-of-JC_1.png","type":"image\/png"}],"twitter_card":"summary_large_image","twitter_misc":{"Est. reading time":"3 minutit"},"schema":{"@context":"https:\/\/schema.org","@graph":[{"@type":"WebPage","@id":"https:\/\/gate21.ee\/shop\/duality_ring_-_jc\/","url":"https:\/\/gate21.ee\/shop\/duality_ring_-_jc\/","name":"DUALITY RING - JC &#8226; Gate21","isPartOf":{"@id":"https:\/\/gate21.ee\/#website"},"primaryImageOfPage":{"@id":"https:\/\/gate21.ee\/shop\/duality_ring_-_jc\/#primaryimage"},"image":{"@id":"https:\/\/gate21.ee\/shop\/duality_ring_-_jc\/#primaryimage"},"thumbnailUrl":"https:\/\/gate21.ee\/wp-content\/uploads\/2024\/09\/Copy-of-JC_1.png","datePublished":"2022-04-16T09:36:00+00:00","dateModified":"2026-02-15T11:17:30+00:00","description":"Unisex DUALITY\u00a0rings\u00a0combine solids and voids in a minimalist way. DUALITY jewellery is lightweight and ideal for everyday use.","breadcrumb":{"@id":"https:\/\/gate21.ee\/shop\/duality_ring_-_jc\/#breadcrumb"},"inLanguage":"et","potentialAction":[{"@type":"ReadAction","target":["https:\/\/gate21.ee\/shop\/duality_ring_-_jc\/"]}]},{"@type":"ImageObject","inLanguage":"et","@id":"https:\/\/gate21.ee\/shop\/duality_ring_-_jc\/#primaryimage","url":"https:\/\/gate21.ee\/wp-content\/uploads\/2024\/09\/Copy-of-JC_1.png","contentUrl":"https:\/\/gate21.ee\/wp-content\/uploads\/2024\/09\/Copy-of-JC_1.png","width":2250,"height":2250,"caption":"A black, square-shaped plastic clip with one open side, photographed on a plain white background\u2014an example of curated Estonian design. Gate21.ee"},{"@type":"BreadcrumbList","@id":"https:\/\/gate21.ee\/shop\/duality_ring_-_jc\/#breadcrumb","itemListElement":[{"@type":"ListItem","position":1,"name":"Home","item":"https:\/\/gate21.ee\/"},{"@type":"ListItem","position":2,"name":"DUALITY RING &#8211; JC"}]},{"@type":"WebSite","@id":"https:\/\/gate21.ee\/#website","url":"https:\/\/gate21.ee\/","name":"Gate21","description":"Kingituskontseptsioonipood Gate21","publisher":{"@id":"https:\/\/gate21.ee\/#organization"},"alternateName":"gate21","potentialAction":[{"@type":"SearchAction","target":{"@type":"EntryPoint","urlTemplate":"https:\/\/gate21.ee\/?s={search_term_string}"},"query-input":{"@type":"PropertyValueSpecification","valueRequired":true,"valueName":"search_term_string"}}],"inLanguage":"et"},{"@type":"Organization","@id":"https:\/\/gate21.ee\/#organization","name":"Gate21","alternateName":"Gate21, Oma Asi and Oma Asi Design Store","url":"https:\/\/gate21.ee\/","logo":{"@type":"ImageObject","inLanguage":"et","@id":"https:\/\/gate21.ee\/#\/schema\/logo\/image\/","url":"https:\/\/gate21.ee\/wp-content\/uploads\/2021\/11\/Gate_21_Logo_2_Valge.png","contentUrl":"https:\/\/gate21.ee\/wp-content\/uploads\/2021\/11\/Gate_21_Logo_2_Valge.png","width":2560,"height":2560,"caption":"Gate21"},"image":{"@id":"https:\/\/gate21.ee\/#\/schema\/logo\/image\/"},"sameAs":["https:\/\/www.facebook.com\/gate21.ee\/","https:\/\/www.instagram.com\/gate21.ee\/","https:\/\/www.instagram.com\/omaasidesign\/","https:\/\/www.instagram.com\/omaasi\/","https:\/\/www.facebook.com\/omaasidesign\/","https:\/\/www.facebook.com\/omaasilittleredhouse\/","https:\/\/www.tiktok.com\/@gate21.ee"]}]}},"jetpack_sharing_enabled":true,"brands":[{"id":517,"name":"DUALITY","slug":"duality"}],"_links":{"self":[{"href":"https:\/\/gate21.ee\/et\/wp-json\/wp\/v2\/product\/97508","targetHints":{"allow":["GET"]}}],"collection":[{"href":"https:\/\/gate21.ee\/et\/wp-json\/wp\/v2\/product"}],"about":[{"href":"https:\/\/gate21.ee\/et\/wp-json\/wp\/v2\/types\/product"}],"replies":[{"embeddable":true,"href":"https:\/\/gate21.ee\/et\/wp-json\/wp\/v2\/comments?post=97508"}],"version-history":[{"count":1,"href":"https:\/\/gate21.ee\/et\/wp-json\/wp\/v2\/product\/97508\/revisions"}],"predecessor-version":[{"id":249718,"href":"https:\/\/gate21.ee\/et\/wp-json\/wp\/v2\/product\/97508\/revisions\/249718"}],"wp:featuredmedia":[{"embeddable":true,"href":"https:\/\/gate21.ee\/et\/wp-json\/wp\/v2\/media\/190745"}],"wp:attachment":[{"href":"https:\/\/gate21.ee\/et\/wp-json\/wp\/v2\/media?parent=97508"}],"wp:term":[{"taxonomy":"pwb-brand","embeddable":true,"href":"https:\/\/gate21.ee\/et\/wp-json\/wp\/v2\/pwb-brand?post=97508"},{"taxonomy":"product_brand","embeddable":true,"href":"https:\/\/gate21.ee\/et\/wp-json\/wp\/v2\/product_brand?post=97508"},{"taxonomy":"product_cat","embeddable":true,"href":"https:\/\/gate21.ee\/et\/wp-json\/wp\/v2\/product_cat?post=97508"},{"taxonomy":"product_tag","embeddable":true,"href":"https:\/\/gate21.ee\/et\/wp-json\/wp\/v2\/product_tag?post=97508"}],"curies":[{"name":"wp","href":"https:\/\/api.w.org\/{rel}","templated":true}]}}