{"id":96685,"date":"2022-04-11T15:35:00","date_gmt":"2022-04-11T12:35:00","guid":{"rendered":"https:\/\/gate21.ee\/?post_type=product&#038;p=96685"},"modified":"2026-04-20T10:07:39","modified_gmt":"2026-04-20T07:07:39","slug":"shark-mask","status":"publish","type":"product","link":"https:\/\/gate21.ee\/et\/shop\/shark-mask\/","title":{"rendered":"Hai \u2013 3D mask"},"content":{"rendered":"<p>\u00dcllata oma s\u00f5pru suure 3D maskiga.<\/p>\n<p>Mask tuleb ise kokku panna.<\/p>\n<p>Suurep\u00e4rane lastele s\u00fcnnip\u00e4evapidude jaoks v\u00f5i kaunistuseks seinale.<\/p>\n<p>K\u00f5ik <a href=\"https:\/\/gate21.ee\/et\/brand\/omy\/\">OMY disain<\/a> tooted leiate <a href=\"https:\/\/gate21.ee\/et\/tootekategooria\/kids\/creative\/\">loominguliselt<\/a>\u00a0vahelehelt.<\/p>\n<div>\n<div>Pakendi sisu: Papist elemendid kokkupanemiseks + 1 juhend.<\/div>\n<div>Suurus kokkupanduna: 43 x 39 x 35 cm.<\/div>\n<\/div>\n<div>Valmistatud ja kujundatud Prantsusmaal OMY poolt.<\/div>\n<div><\/div>\n<div><\/div>\n<div><img fetchpriority=\"high\" decoding=\"async\" class=\"alignnone size-medium wp-image-59204\" src=\"https:\/\/gate21.ee\/wp-content\/uploads\/2020\/11\/SEB_7952-300x297.jpg\" alt=\"\" width=\"300\" height=\"297\" srcset=\"https:\/\/gate21.ee\/wp-content\/uploads\/2020\/11\/SEB_7952-300x297.jpg 300w, https:\/\/gate21.ee\/wp-content\/uploads\/2020\/11\/SEB_7952-100x100.jpg 100w, https:\/\/gate21.ee\/wp-content\/uploads\/2020\/11\/SEB_7952-150x150.jpg 150w, https:\/\/gate21.ee\/wp-content\/uploads\/2020\/11\/SEB_7952.jpg 557w\" sizes=\"(max-width: 300px) 100vw, 300px\" \/><\/div>\n<div><\/div>\n<div><\/div>\n<div>OMY DESIGN &amp; PLAY loob r\u00f5\u00f5msaid, graafilisi ja nutikaid tooteid kogu perele alates 2012. aastast Pariisis.<\/div>","protected":false},"excerpt":{"rendered":"<p>Surprise those around you with this XXL volume mask in fluorescent and luminous shades. In its large pocket, this cardboard mask delivered flat can be assembled by yourself. Dress up and play with all our other masks for a fun party! Wear it or use it as trophy decoration on your wall! All OMY Design [&hellip;]<\/p>\n","protected":false},"featured_media":237835,"comment_status":"closed","ping_status":"closed","template":"","meta":{"site-sidebar-layout":"default","site-content-layout":"default","ast-site-content-layout":"default","site-content-style":"default","site-sidebar-style":"default","ast-global-header-display":"","ast-banner-title-visibility":"","ast-main-header-display":"","ast-hfb-above-header-display":"","ast-hfb-below-header-display":"","ast-hfb-mobile-header-display":"","site-post-title":"","ast-breadcrumbs-content":"","ast-featured-img":"","footer-sml-layout":"","ast-disable-related-posts":"","theme-transparent-header-meta":"default","adv-header-id-meta":"","stick-header-meta":"default","header-above-stick-meta":"","header-main-stick-meta":"","header-below-stick-meta":"","astra-migrate-meta-layouts":"set","ast-page-background-enabled":"default","ast-page-background-meta":{"desktop":{"background-color":"","background-image":"","background-repeat":"repeat","background-position":"center center","background-size":"auto","background-attachment":"scroll","background-type":"","background-media":"","overlay-type":"","overlay-color":"","overlay-opacity":"","overlay-gradient":""},"tablet":{"background-color":"","background-image":"","background-repeat":"repeat","background-position":"center center","background-size":"auto","background-attachment":"scroll","background-type":"","background-media":"","overlay-type":"","overlay-color":"","overlay-opacity":"","overlay-gradient":""},"mobile":{"background-color":"","background-image":"","background-repeat":"repeat","background-position":"center center","background-size":"auto","background-attachment":"scroll","background-type":"","background-media":"","overlay-type":"","overlay-color":"","overlay-opacity":"","overlay-gradient":""}},"ast-content-background-meta":{"desktop":{"background-color":"var(--ast-global-color-5)","background-image":"","background-repeat":"repeat","background-position":"center center","background-size":"auto","background-attachment":"scroll","background-type":"","background-media":"","overlay-type":"","overlay-color":"","overlay-opacity":"","overlay-gradient":""},"tablet":{"background-color":"var(--ast-global-color-5)","background-image":"","background-repeat":"repeat","background-position":"center center","background-size":"auto","background-attachment":"scroll","background-type":"","background-media":"","overlay-type":"","overlay-color":"","overlay-opacity":"","overlay-gradient":""},"mobile":{"background-color":"var(--ast-global-color-5)","background-image":"","background-repeat":"repeat","background-position":"center center","background-size":"auto","background-attachment":"scroll","background-type":"","background-media":"","overlay-type":"","overlay-color":"","overlay-opacity":"","overlay-gradient":""}}},"pwb-brand":[198],"product_brand":[],"product_cat":[226,225],"product_tag":[302],"class_list":{"0":"post-96685","1":"product","2":"type-product","3":"status-publish","4":"has-post-thumbnail","6":"pwb-brand-omy","7":"product_cat-creative","8":"product_cat-kids","9":"product_tag-creative","10":"desktop-align-center","11":"tablet-align-center","12":"mobile-align-center","13":"ast-product-gallery-layout-vertical","14":"ast-product-tabs-layout-horizontal","16":"first","17":"instock","18":"taxable","19":"shipping-taxable","20":"purchasable","21":"product-type-simple"},"yoast_head":"<!-- This site is optimized with the Yoast SEO plugin v27.4 - https:\/\/yoast.com\/product\/yoast-seo-wordpress\/ -->\n<title>Shark - 3D Mask &#8226; Gate21<\/title>\n<meta name=\"description\" content=\"Masks by OMY are loads of fun for the entire family to enjoy.\" \/>\n<meta name=\"robots\" content=\"index, follow, max-snippet:-1, max-image-preview:large, max-video-preview:-1\" \/>\n<link rel=\"canonical\" href=\"https:\/\/gate21.ee\/et\/shop\/shark-mask\/\" \/>\n<meta property=\"og:locale\" content=\"et_EE\" \/>\n<meta property=\"og:type\" content=\"article\" \/>\n<meta property=\"og:title\" content=\"Shark - 3D Mask &#8226; Gate21\" \/>\n<meta property=\"og:description\" content=\"Masks by OMY are loads of fun for the entire family to enjoy.\" \/>\n<meta property=\"og:url\" content=\"https:\/\/gate21.ee\/et\/shop\/shark-mask\/\" \/>\n<meta property=\"og:site_name\" content=\"Gate21\" \/>\n<meta property=\"article:publisher\" content=\"https:\/\/www.facebook.com\/gate21.ee\/\" \/>\n<meta property=\"article:modified_time\" content=\"2026-04-20T07:07:39+00:00\" \/>\n<meta property=\"og:image\" content=\"https:\/\/gate21.ee\/wp-content\/uploads\/2022\/04\/OMY-3D-Max-Sharky-1200.webp\" \/>\n\t<meta property=\"og:image:width\" content=\"493\" \/>\n\t<meta property=\"og:image:height\" content=\"493\" \/>\n\t<meta property=\"og:image:type\" content=\"image\/webp\" \/>\n<meta name=\"twitter:card\" content=\"summary_large_image\" \/>\n<meta name=\"twitter:label1\" content=\"Est. reading time\" \/>\n\t<meta name=\"twitter:data1\" content=\"2 minutit\" \/>\n<script type=\"application\/ld+json\" class=\"yoast-schema-graph\">{\"@context\":\"https:\\\/\\\/schema.org\",\"@graph\":[{\"@type\":\"WebPage\",\"@id\":\"https:\\\/\\\/gate21.ee\\\/shop\\\/shark-mask\\\/\",\"url\":\"https:\\\/\\\/gate21.ee\\\/shop\\\/shark-mask\\\/\",\"name\":\"Shark - 3D Mask &#8226; Gate21\",\"isPartOf\":{\"@id\":\"https:\\\/\\\/gate21.ee\\\/#website\"},\"primaryImageOfPage\":{\"@id\":\"https:\\\/\\\/gate21.ee\\\/shop\\\/shark-mask\\\/#primaryimage\"},\"image\":{\"@id\":\"https:\\\/\\\/gate21.ee\\\/shop\\\/shark-mask\\\/#primaryimage\"},\"thumbnailUrl\":\"https:\\\/\\\/gate21.ee\\\/wp-content\\\/uploads\\\/2022\\\/04\\\/OMY-3D-Max-Sharky-1200.webp\",\"datePublished\":\"2022-04-11T12:35:00+00:00\",\"dateModified\":\"2026-04-20T07:07:39+00:00\",\"description\":\"Masks by OMY are loads of fun for the entire family to enjoy.\",\"breadcrumb\":{\"@id\":\"https:\\\/\\\/gate21.ee\\\/shop\\\/shark-mask\\\/#breadcrumb\"},\"inLanguage\":\"et\",\"potentialAction\":[{\"@type\":\"ReadAction\",\"target\":[\"https:\\\/\\\/gate21.ee\\\/shop\\\/shark-mask\\\/\"]}]},{\"@type\":\"ImageObject\",\"inLanguage\":\"et\",\"@id\":\"https:\\\/\\\/gate21.ee\\\/shop\\\/shark-mask\\\/#primaryimage\",\"url\":\"https:\\\/\\\/gate21.ee\\\/wp-content\\\/uploads\\\/2022\\\/04\\\/OMY-3D-Max-Sharky-1200.webp\",\"contentUrl\":\"https:\\\/\\\/gate21.ee\\\/wp-content\\\/uploads\\\/2022\\\/04\\\/OMY-3D-Max-Sharky-1200.webp\",\"width\":493,\"height\":493,\"caption\":\"A blue DIY Shark - 3D Mask made of cardboard with Estonian design is shown next to its box, which features an illustration and the name Shark - 3D Mask\u2014ideal for creative gifts in any shop. Gate21.ee\"},{\"@type\":\"BreadcrumbList\",\"@id\":\"https:\\\/\\\/gate21.ee\\\/shop\\\/shark-mask\\\/#breadcrumb\",\"itemListElement\":[{\"@type\":\"ListItem\",\"position\":1,\"name\":\"Home\",\"item\":\"https:\\\/\\\/gate21.ee\\\/\"},{\"@type\":\"ListItem\",\"position\":2,\"name\":\"Shark &#8211; 3D Mask\"}]},{\"@type\":\"WebSite\",\"@id\":\"https:\\\/\\\/gate21.ee\\\/#website\",\"url\":\"https:\\\/\\\/gate21.ee\\\/\",\"name\":\"Gate21\",\"description\":\"Gift concept store Gate21\",\"publisher\":{\"@id\":\"https:\\\/\\\/gate21.ee\\\/#organization\"},\"alternateName\":\"gate21\",\"potentialAction\":[{\"@type\":\"SearchAction\",\"target\":{\"@type\":\"EntryPoint\",\"urlTemplate\":\"https:\\\/\\\/gate21.ee\\\/?s={search_term_string}\"},\"query-input\":{\"@type\":\"PropertyValueSpecification\",\"valueRequired\":true,\"valueName\":\"search_term_string\"}}],\"inLanguage\":\"et\"},{\"@type\":\"Organization\",\"@id\":\"https:\\\/\\\/gate21.ee\\\/#organization\",\"name\":\"Gate21\",\"alternateName\":\"Gate21, Oma Asi and Oma Asi Design Store\",\"url\":\"https:\\\/\\\/gate21.ee\\\/\",\"logo\":{\"@type\":\"ImageObject\",\"inLanguage\":\"et\",\"@id\":\"https:\\\/\\\/gate21.ee\\\/#\\\/schema\\\/logo\\\/image\\\/\",\"url\":\"https:\\\/\\\/gate21.ee\\\/wp-content\\\/uploads\\\/2021\\\/11\\\/Gate_21_Logo_2_Valge.png\",\"contentUrl\":\"https:\\\/\\\/gate21.ee\\\/wp-content\\\/uploads\\\/2021\\\/11\\\/Gate_21_Logo_2_Valge.png\",\"width\":2560,\"height\":2560,\"caption\":\"Gate21\"},\"image\":{\"@id\":\"https:\\\/\\\/gate21.ee\\\/#\\\/schema\\\/logo\\\/image\\\/\"},\"sameAs\":[\"https:\\\/\\\/www.facebook.com\\\/gate21.ee\\\/\",\"https:\\\/\\\/www.instagram.com\\\/gate21.ee\\\/\",\"https:\\\/\\\/www.instagram.com\\\/omaasidesign\\\/\",\"https:\\\/\\\/www.instagram.com\\\/omaasi\\\/\",\"https:\\\/\\\/www.facebook.com\\\/omaasidesign\\\/\",\"https:\\\/\\\/www.facebook.com\\\/omaasilittleredhouse\\\/\",\"https:\\\/\\\/www.tiktok.com\\\/@gate21.ee\"]}]}<\/script>\n<!-- \/ Yoast SEO plugin. -->","yoast_head_json":{"title":"Shark - 3D Mask &#8226; Gate21","description":"Masks by OMY are loads of fun for the entire family to enjoy.","robots":{"index":"index","follow":"follow","max-snippet":"max-snippet:-1","max-image-preview":"max-image-preview:large","max-video-preview":"max-video-preview:-1"},"canonical":"https:\/\/gate21.ee\/et\/shop\/shark-mask\/","og_locale":"et_EE","og_type":"article","og_title":"Shark - 3D Mask &#8226; Gate21","og_description":"Masks by OMY are loads of fun for the entire family to enjoy.","og_url":"https:\/\/gate21.ee\/et\/shop\/shark-mask\/","og_site_name":"Gate21","article_publisher":"https:\/\/www.facebook.com\/gate21.ee\/","article_modified_time":"2026-04-20T07:07:39+00:00","og_image":[{"width":493,"height":493,"url":"https:\/\/gate21.ee\/wp-content\/uploads\/2022\/04\/OMY-3D-Max-Sharky-1200.webp","type":"image\/webp"}],"twitter_card":"summary_large_image","twitter_misc":{"Est. reading time":"2 minutit"},"schema":{"@context":"https:\/\/schema.org","@graph":[{"@type":"WebPage","@id":"https:\/\/gate21.ee\/shop\/shark-mask\/","url":"https:\/\/gate21.ee\/shop\/shark-mask\/","name":"Shark - 3D Mask &#8226; Gate21","isPartOf":{"@id":"https:\/\/gate21.ee\/#website"},"primaryImageOfPage":{"@id":"https:\/\/gate21.ee\/shop\/shark-mask\/#primaryimage"},"image":{"@id":"https:\/\/gate21.ee\/shop\/shark-mask\/#primaryimage"},"thumbnailUrl":"https:\/\/gate21.ee\/wp-content\/uploads\/2022\/04\/OMY-3D-Max-Sharky-1200.webp","datePublished":"2022-04-11T12:35:00+00:00","dateModified":"2026-04-20T07:07:39+00:00","description":"Masks by OMY are loads of fun for the entire family to enjoy.","breadcrumb":{"@id":"https:\/\/gate21.ee\/shop\/shark-mask\/#breadcrumb"},"inLanguage":"et","potentialAction":[{"@type":"ReadAction","target":["https:\/\/gate21.ee\/shop\/shark-mask\/"]}]},{"@type":"ImageObject","inLanguage":"et","@id":"https:\/\/gate21.ee\/shop\/shark-mask\/#primaryimage","url":"https:\/\/gate21.ee\/wp-content\/uploads\/2022\/04\/OMY-3D-Max-Sharky-1200.webp","contentUrl":"https:\/\/gate21.ee\/wp-content\/uploads\/2022\/04\/OMY-3D-Max-Sharky-1200.webp","width":493,"height":493,"caption":"A blue DIY Shark - 3D Mask made of cardboard with Estonian design is shown next to its box, which features an illustration and the name Shark - 3D Mask\u2014ideal for creative gifts in any shop. Gate21.ee"},{"@type":"BreadcrumbList","@id":"https:\/\/gate21.ee\/shop\/shark-mask\/#breadcrumb","itemListElement":[{"@type":"ListItem","position":1,"name":"Home","item":"https:\/\/gate21.ee\/"},{"@type":"ListItem","position":2,"name":"Shark &#8211; 3D Mask"}]},{"@type":"WebSite","@id":"https:\/\/gate21.ee\/#website","url":"https:\/\/gate21.ee\/","name":"Gate21","description":"Kingituskontseptsioonipood Gate21","publisher":{"@id":"https:\/\/gate21.ee\/#organization"},"alternateName":"gate21","potentialAction":[{"@type":"SearchAction","target":{"@type":"EntryPoint","urlTemplate":"https:\/\/gate21.ee\/?s={search_term_string}"},"query-input":{"@type":"PropertyValueSpecification","valueRequired":true,"valueName":"search_term_string"}}],"inLanguage":"et"},{"@type":"Organization","@id":"https:\/\/gate21.ee\/#organization","name":"Gate21","alternateName":"Gate21, Oma Asi and Oma Asi Design Store","url":"https:\/\/gate21.ee\/","logo":{"@type":"ImageObject","inLanguage":"et","@id":"https:\/\/gate21.ee\/#\/schema\/logo\/image\/","url":"https:\/\/gate21.ee\/wp-content\/uploads\/2021\/11\/Gate_21_Logo_2_Valge.png","contentUrl":"https:\/\/gate21.ee\/wp-content\/uploads\/2021\/11\/Gate_21_Logo_2_Valge.png","width":2560,"height":2560,"caption":"Gate21"},"image":{"@id":"https:\/\/gate21.ee\/#\/schema\/logo\/image\/"},"sameAs":["https:\/\/www.facebook.com\/gate21.ee\/","https:\/\/www.instagram.com\/gate21.ee\/","https:\/\/www.instagram.com\/omaasidesign\/","https:\/\/www.instagram.com\/omaasi\/","https:\/\/www.facebook.com\/omaasidesign\/","https:\/\/www.facebook.com\/omaasilittleredhouse\/","https:\/\/www.tiktok.com\/@gate21.ee"]}]}},"jetpack_sharing_enabled":true,"brands":[{"id":198,"name":"OMY","slug":"omy"}],"_links":{"self":[{"href":"https:\/\/gate21.ee\/et\/wp-json\/wp\/v2\/product\/96685","targetHints":{"allow":["GET"]}}],"collection":[{"href":"https:\/\/gate21.ee\/et\/wp-json\/wp\/v2\/product"}],"about":[{"href":"https:\/\/gate21.ee\/et\/wp-json\/wp\/v2\/types\/product"}],"replies":[{"embeddable":true,"href":"https:\/\/gate21.ee\/et\/wp-json\/wp\/v2\/comments?post=96685"}],"version-history":[{"count":1,"href":"https:\/\/gate21.ee\/et\/wp-json\/wp\/v2\/product\/96685\/revisions"}],"predecessor-version":[{"id":215988,"href":"https:\/\/gate21.ee\/et\/wp-json\/wp\/v2\/product\/96685\/revisions\/215988"}],"wp:featuredmedia":[{"embeddable":true,"href":"https:\/\/gate21.ee\/et\/wp-json\/wp\/v2\/media\/237835"}],"wp:attachment":[{"href":"https:\/\/gate21.ee\/et\/wp-json\/wp\/v2\/media?parent=96685"}],"wp:term":[{"taxonomy":"pwb-brand","embeddable":true,"href":"https:\/\/gate21.ee\/et\/wp-json\/wp\/v2\/pwb-brand?post=96685"},{"taxonomy":"product_brand","embeddable":true,"href":"https:\/\/gate21.ee\/et\/wp-json\/wp\/v2\/product_brand?post=96685"},{"taxonomy":"product_cat","embeddable":true,"href":"https:\/\/gate21.ee\/et\/wp-json\/wp\/v2\/product_cat?post=96685"},{"taxonomy":"product_tag","embeddable":true,"href":"https:\/\/gate21.ee\/et\/wp-json\/wp\/v2\/product_tag?post=96685"}],"curies":[{"name":"wp","href":"https:\/\/api.w.org\/{rel}","templated":true}]}}