{"id":89044,"date":"2022-02-02T15:20:52","date_gmt":"2022-02-02T13:20:52","guid":{"rendered":"https:\/\/gate21.ee\/?post_type=product&#038;p=89044"},"modified":"2025-06-20T16:14:15","modified_gmt":"2025-06-20T13:14:15","slug":"insomnia-large-oxidised-silver","status":"publish","type":"product","link":"https:\/\/gate21.ee\/et\/shop\/insomnia-large-oxidised-silver\/","title":{"rendered":"Insomnia \u2013 L \u2013 oks\u00fcdeeritud h\u00f5be"},"content":{"rendered":"<p>\"Insomnia\" <a href=\"https:\/\/gate21.ee\/et\/tootekategooria\/jewellery\/earrings\/\">k\u00f5rvar\u00f5ngad<\/a> Kedrinalt on p\u00e4rit tema samanimelisest kollektsioonist, mis on inspiratsiooni saanud aasta k\u00f5ige pimedamatest kuudest ja unen\u00e4op\u00fc\u00fcdjatest.<\/p>\n<p>Iga k\u00f5rvar\u00f5ngapaar on k\u00e4sitsi valmistatud ja unikaalne. Seet\u00f5ttu saate paari, mis on tootepildiga v\u00e4ga sarnane, kuid mitte identne.<\/p>\n<p>H\u00f5bedast valmistatud k\u00f5rvar\u00f5ngad sobivad tundlikele k\u00f5rvadele ja kaaluvad vaid 2 g, mist\u00f5ttu on neid lihtne ja kerge kanda kogu p\u00e4eva.<\/p>\n<p>Suurus: u. 15 x 60 mm<\/p>\n<div>\n<p><img fetchpriority=\"high\" decoding=\"async\" class=\"alignnone size-medium wp-image-89033 ls-is-cached lazyloaded\" src=\"https:\/\/gate21.ee\/wp-content\/uploads\/2021\/06\/236473618_518947292524682_50993516898052043_n-300x220.jpg\" alt=\"\" width=\"300\" height=\"220\" data-srcset=\"https:\/\/gate21.ee\/wp-content\/uploads\/2021\/06\/236473618_518947292524682_50993516898052043_n-300x220.jpg 300w, https:\/\/gate21.ee\/wp-content\/uploads\/2021\/06\/236473618_518947292524682_50993516898052043_n-1024x752.jpg 1024w, https:\/\/gate21.ee\/wp-content\/uploads\/2021\/06\/236473618_518947292524682_50993516898052043_n-768x564.jpg 768w, https:\/\/gate21.ee\/wp-content\/uploads\/2021\/06\/236473618_518947292524682_50993516898052043_n-16x12.jpg 16w, https:\/\/gate21.ee\/wp-content\/uploads\/2021\/06\/236473618_518947292524682_50993516898052043_n-600x441.jpg 600w, https:\/\/gate21.ee\/wp-content\/uploads\/2021\/06\/236473618_518947292524682_50993516898052043_n.jpg 1440w\" data-src=\"https:\/\/gate21.ee\/wp-content\/uploads\/2021\/06\/236473618_518947292524682_50993516898052043_n-300x220.jpg\" data-sizes=\"(max-width: 300px) 100vw, 300px\" srcset=\"https:\/\/gate21.ee\/wp-content\/uploads\/2021\/06\/236473618_518947292524682_50993516898052043_n-300x220.jpg 300w, https:\/\/gate21.ee\/wp-content\/uploads\/2021\/06\/236473618_518947292524682_50993516898052043_n-600x441.jpg 600w, https:\/\/gate21.ee\/wp-content\/uploads\/2021\/06\/236473618_518947292524682_50993516898052043_n-1024x752.jpg 1024w, https:\/\/gate21.ee\/wp-content\/uploads\/2021\/06\/236473618_518947292524682_50993516898052043_n-768x564.jpg 768w, https:\/\/gate21.ee\/wp-content\/uploads\/2021\/06\/236473618_518947292524682_50993516898052043_n-16x12.jpg 16w, https:\/\/gate21.ee\/wp-content\/uploads\/2021\/06\/236473618_518947292524682_50993516898052043_n.jpg 1440w\" sizes=\"(max-width: 300px) 100vw, 300px\" \/><\/p>\n<div>\n<div>\n<p><a href=\"https:\/\/gate21.ee\/et\/brand\/kedrina\/\">Ljubov Kedrina<\/a> on Kedrina Jewellery br\u00e4ndi disainer. Tema ehted on loodud tugeva iseloomuga naistele, kellel on julgust erineda ja kes v\u00e4\u00e4rtustavad looduslikke materjale.<\/p>\n<\/div>\n<div>\n<p>Iga ehe on valmistatud k\u00e4sit\u00f6\u00f6na Tallinna vanalinnas asuvas ehtestuudios.<\/p>\n<\/div>\n<div>\n<p>Ljubov katsetab erinevate materjalide ja vormidega, et valmistada ehteid, mis oleksid uuenduslikud, kaasaegsed ja puhtad.<\/p>\n<\/div>\n<\/div>\n<\/div>","protected":false},"excerpt":{"rendered":"<p>&#8220;Insomnia&#8221; earrings by Kedrina are from her Insomnia\u00a0collection which is inspired by the darkest months of the year and dreamcatchers. Every pair of earrings are handmade and unique. You will, therefore, receive a pair that is very similar to the product picture, but not identical. Being made from sterling silver means these earrings are suitable [&hellip;]<\/p>\n","protected":false},"featured_media":89041,"comment_status":"closed","ping_status":"closed","template":"","meta":{"site-sidebar-layout":"default","site-content-layout":"default","ast-site-content-layout":"default","site-content-style":"default","site-sidebar-style":"default","ast-global-header-display":"","ast-banner-title-visibility":"","ast-main-header-display":"","ast-hfb-above-header-display":"","ast-hfb-below-header-display":"","ast-hfb-mobile-header-display":"","site-post-title":"","ast-breadcrumbs-content":"","ast-featured-img":"","footer-sml-layout":"","ast-disable-related-posts":"","theme-transparent-header-meta":"default","adv-header-id-meta":"","stick-header-meta":"default","header-above-stick-meta":"","header-main-stick-meta":"","header-below-stick-meta":"","astra-migrate-meta-layouts":"default","ast-page-background-enabled":"default","ast-page-background-meta":{"desktop":{"background-color":"","background-image":"","background-repeat":"repeat","background-position":"center center","background-size":"auto","background-attachment":"scroll","background-type":"","background-media":"","overlay-type":"","overlay-color":"","overlay-opacity":"","overlay-gradient":""},"tablet":{"background-color":"","background-image":"","background-repeat":"repeat","background-position":"center center","background-size":"auto","background-attachment":"scroll","background-type":"","background-media":"","overlay-type":"","overlay-color":"","overlay-opacity":"","overlay-gradient":""},"mobile":{"background-color":"","background-image":"","background-repeat":"repeat","background-position":"center center","background-size":"auto","background-attachment":"scroll","background-type":"","background-media":"","overlay-type":"","overlay-color":"","overlay-opacity":"","overlay-gradient":""}},"ast-content-background-meta":{"desktop":{"background-color":"var(--ast-global-color-5)","background-image":"","background-repeat":"repeat","background-position":"center center","background-size":"auto","background-attachment":"scroll","background-type":"","background-media":"","overlay-type":"","overlay-color":"","overlay-opacity":"","overlay-gradient":""},"tablet":{"background-color":"var(--ast-global-color-5)","background-image":"","background-repeat":"repeat","background-position":"center center","background-size":"auto","background-attachment":"scroll","background-type":"","background-media":"","overlay-type":"","overlay-color":"","overlay-opacity":"","overlay-gradient":""},"mobile":{"background-color":"var(--ast-global-color-5)","background-image":"","background-repeat":"repeat","background-position":"center center","background-size":"auto","background-attachment":"scroll","background-type":"","background-media":"","overlay-type":"","overlay-color":"","overlay-opacity":"","overlay-gradient":""}}},"pwb-brand":[120,399],"product_brand":[],"product_cat":[125,52],"product_tag":[],"class_list":{"0":"post-89044","1":"product","2":"type-product","3":"status-publish","4":"has-post-thumbnail","6":"pwb-brand-kedrina","7":"pwb-brand-oma_asi","8":"product_cat-earrings","9":"product_cat-jewellery","10":"desktop-align-center","11":"tablet-align-center","12":"mobile-align-center","13":"ast-product-gallery-layout-vertical","14":"ast-product-tabs-layout-horizontal","16":"first","17":"outofstock","18":"taxable","19":"shipping-taxable","20":"purchasable","21":"product-type-simple"},"yoast_head":"<!-- This site is optimized with the Yoast SEO plugin v27.5 - https:\/\/yoast.com\/product\/yoast-seo-wordpress\/ -->\n<title>Insomnia - Large - Oxidised Silver &#8226; Gate21<\/title>\n<meta name=\"description\" content=\"&quot;Insomnia&quot; earrings by Kedrina are from her Insomnia\u00a0collection which is inspired by the darkest months of the year and dreamcatchers.\" \/>\n<meta name=\"robots\" content=\"index, follow, max-snippet:-1, max-image-preview:large, max-video-preview:-1\" \/>\n<link rel=\"canonical\" href=\"https:\/\/gate21.ee\/et\/shop\/insomnia-large-oxidised-silver\/\" \/>\n<meta property=\"og:locale\" content=\"et_EE\" \/>\n<meta property=\"og:type\" content=\"article\" \/>\n<meta property=\"og:title\" content=\"Insomnia - Large - Oxidised Silver &#8226; Gate21\" \/>\n<meta property=\"og:description\" content=\"&quot;Insomnia&quot; earrings by Kedrina are from her Insomnia\u00a0collection which is inspired by the darkest months of the year and dreamcatchers.\" \/>\n<meta property=\"og:url\" content=\"https:\/\/gate21.ee\/et\/shop\/insomnia-large-oxidised-silver\/\" \/>\n<meta property=\"og:site_name\" content=\"Gate21\" \/>\n<meta property=\"article:publisher\" content=\"https:\/\/www.facebook.com\/gate21.ee\/\" \/>\n<meta property=\"article:modified_time\" content=\"2025-06-20T13:14:15+00:00\" \/>\n<meta property=\"og:image\" content=\"https:\/\/gate21.ee\/wp-content\/uploads\/2021\/06\/hanging-removebg-preview.png\" \/>\n\t<meta property=\"og:image:width\" content=\"577\" \/>\n\t<meta property=\"og:image:height\" content=\"433\" \/>\n\t<meta property=\"og:image:type\" content=\"image\/png\" \/>\n<meta name=\"twitter:card\" content=\"summary_large_image\" \/>\n<meta name=\"twitter:label1\" content=\"Est. reading time\" \/>\n\t<meta name=\"twitter:data1\" content=\"1 minut\" \/>\n<script type=\"application\/ld+json\" class=\"yoast-schema-graph\">{\"@context\":\"https:\\\/\\\/schema.org\",\"@graph\":[{\"@type\":\"WebPage\",\"@id\":\"https:\\\/\\\/gate21.ee\\\/shop\\\/insomnia-large-oxidised-silver\\\/\",\"url\":\"https:\\\/\\\/gate21.ee\\\/shop\\\/insomnia-large-oxidised-silver\\\/\",\"name\":\"Insomnia - Large - Oxidised Silver &#8226; Gate21\",\"isPartOf\":{\"@id\":\"https:\\\/\\\/gate21.ee\\\/#website\"},\"primaryImageOfPage\":{\"@id\":\"https:\\\/\\\/gate21.ee\\\/shop\\\/insomnia-large-oxidised-silver\\\/#primaryimage\"},\"image\":{\"@id\":\"https:\\\/\\\/gate21.ee\\\/shop\\\/insomnia-large-oxidised-silver\\\/#primaryimage\"},\"thumbnailUrl\":\"https:\\\/\\\/gate21.ee\\\/wp-content\\\/uploads\\\/2021\\\/06\\\/hanging-removebg-preview.png\",\"datePublished\":\"2022-02-02T13:20:52+00:00\",\"dateModified\":\"2025-06-20T13:14:15+00:00\",\"description\":\"\\\"Insomnia\\\" earrings by Kedrina are from her Insomnia\u00a0collection which is inspired by the darkest months of the year and dreamcatchers.\",\"breadcrumb\":{\"@id\":\"https:\\\/\\\/gate21.ee\\\/shop\\\/insomnia-large-oxidised-silver\\\/#breadcrumb\"},\"inLanguage\":\"et\",\"potentialAction\":[{\"@type\":\"ReadAction\",\"target\":[\"https:\\\/\\\/gate21.ee\\\/shop\\\/insomnia-large-oxidised-silver\\\/\"]}]},{\"@type\":\"ImageObject\",\"inLanguage\":\"et\",\"@id\":\"https:\\\/\\\/gate21.ee\\\/shop\\\/insomnia-large-oxidised-silver\\\/#primaryimage\",\"url\":\"https:\\\/\\\/gate21.ee\\\/wp-content\\\/uploads\\\/2021\\\/06\\\/hanging-removebg-preview.png\",\"contentUrl\":\"https:\\\/\\\/gate21.ee\\\/wp-content\\\/uploads\\\/2021\\\/06\\\/hanging-removebg-preview.png\",\"width\":577,\"height\":433,\"caption\":\"The Insomnia - Large - Silver earrings feature two bold hoops, each accented with sleek silver chains\u2014ideal for giving your look an edgy twist or discovering standout style at your favourite concept store. Displayed on a plain white background. Gate21.ee\"},{\"@type\":\"BreadcrumbList\",\"@id\":\"https:\\\/\\\/gate21.ee\\\/shop\\\/insomnia-large-oxidised-silver\\\/#breadcrumb\",\"itemListElement\":[{\"@type\":\"ListItem\",\"position\":1,\"name\":\"Home\",\"item\":\"https:\\\/\\\/gate21.ee\\\/\"},{\"@type\":\"ListItem\",\"position\":2,\"name\":\"Insomnia &#8211; Large &#8211; Oxidised Silver\"}]},{\"@type\":\"WebSite\",\"@id\":\"https:\\\/\\\/gate21.ee\\\/#website\",\"url\":\"https:\\\/\\\/gate21.ee\\\/\",\"name\":\"Gate21\",\"description\":\"Gift concept store Gate21\",\"publisher\":{\"@id\":\"https:\\\/\\\/gate21.ee\\\/#organization\"},\"alternateName\":\"gate21\",\"potentialAction\":[{\"@type\":\"SearchAction\",\"target\":{\"@type\":\"EntryPoint\",\"urlTemplate\":\"https:\\\/\\\/gate21.ee\\\/?s={search_term_string}\"},\"query-input\":{\"@type\":\"PropertyValueSpecification\",\"valueRequired\":true,\"valueName\":\"search_term_string\"}}],\"inLanguage\":\"et\"},{\"@type\":\"Organization\",\"@id\":\"https:\\\/\\\/gate21.ee\\\/#organization\",\"name\":\"Gate21\",\"alternateName\":\"Gate21, Oma Asi and Oma Asi Design Store\",\"url\":\"https:\\\/\\\/gate21.ee\\\/\",\"logo\":{\"@type\":\"ImageObject\",\"inLanguage\":\"et\",\"@id\":\"https:\\\/\\\/gate21.ee\\\/#\\\/schema\\\/logo\\\/image\\\/\",\"url\":\"https:\\\/\\\/gate21.ee\\\/wp-content\\\/uploads\\\/2021\\\/11\\\/Gate_21_Logo_2_Valge.png\",\"contentUrl\":\"https:\\\/\\\/gate21.ee\\\/wp-content\\\/uploads\\\/2021\\\/11\\\/Gate_21_Logo_2_Valge.png\",\"width\":2560,\"height\":2560,\"caption\":\"Gate21\"},\"image\":{\"@id\":\"https:\\\/\\\/gate21.ee\\\/#\\\/schema\\\/logo\\\/image\\\/\"},\"sameAs\":[\"https:\\\/\\\/www.facebook.com\\\/gate21.ee\\\/\",\"https:\\\/\\\/www.instagram.com\\\/gate21.ee\\\/\",\"https:\\\/\\\/www.instagram.com\\\/omaasidesign\\\/\",\"https:\\\/\\\/www.instagram.com\\\/omaasi\\\/\",\"https:\\\/\\\/www.facebook.com\\\/omaasidesign\\\/\",\"https:\\\/\\\/www.facebook.com\\\/omaasilittleredhouse\\\/\",\"https:\\\/\\\/www.tiktok.com\\\/@gate21.ee\"]}]}<\/script>\n<!-- \/ Yoast SEO plugin. -->","yoast_head_json":{"title":"Insomnia - Large - Oxidised Silver &#8226; Gate21","description":"\"Insomnia\" earrings by Kedrina are from her Insomnia\u00a0collection which is inspired by the darkest months of the year and dreamcatchers.","robots":{"index":"index","follow":"follow","max-snippet":"max-snippet:-1","max-image-preview":"max-image-preview:large","max-video-preview":"max-video-preview:-1"},"canonical":"https:\/\/gate21.ee\/et\/shop\/insomnia-large-oxidised-silver\/","og_locale":"et_EE","og_type":"article","og_title":"Insomnia - Large - Oxidised Silver &#8226; Gate21","og_description":"\"Insomnia\" earrings by Kedrina are from her Insomnia\u00a0collection which is inspired by the darkest months of the year and dreamcatchers.","og_url":"https:\/\/gate21.ee\/et\/shop\/insomnia-large-oxidised-silver\/","og_site_name":"Gate21","article_publisher":"https:\/\/www.facebook.com\/gate21.ee\/","article_modified_time":"2025-06-20T13:14:15+00:00","og_image":[{"width":577,"height":433,"url":"https:\/\/gate21.ee\/wp-content\/uploads\/2021\/06\/hanging-removebg-preview.png","type":"image\/png"}],"twitter_card":"summary_large_image","twitter_misc":{"Est. reading time":"1 minut"},"schema":{"@context":"https:\/\/schema.org","@graph":[{"@type":"WebPage","@id":"https:\/\/gate21.ee\/shop\/insomnia-large-oxidised-silver\/","url":"https:\/\/gate21.ee\/shop\/insomnia-large-oxidised-silver\/","name":"Insomnia - Large - Oxidised Silver &#8226; Gate21","isPartOf":{"@id":"https:\/\/gate21.ee\/#website"},"primaryImageOfPage":{"@id":"https:\/\/gate21.ee\/shop\/insomnia-large-oxidised-silver\/#primaryimage"},"image":{"@id":"https:\/\/gate21.ee\/shop\/insomnia-large-oxidised-silver\/#primaryimage"},"thumbnailUrl":"https:\/\/gate21.ee\/wp-content\/uploads\/2021\/06\/hanging-removebg-preview.png","datePublished":"2022-02-02T13:20:52+00:00","dateModified":"2025-06-20T13:14:15+00:00","description":"\"Insomnia\" earrings by Kedrina are from her Insomnia\u00a0collection which is inspired by the darkest months of the year and dreamcatchers.","breadcrumb":{"@id":"https:\/\/gate21.ee\/shop\/insomnia-large-oxidised-silver\/#breadcrumb"},"inLanguage":"et","potentialAction":[{"@type":"ReadAction","target":["https:\/\/gate21.ee\/shop\/insomnia-large-oxidised-silver\/"]}]},{"@type":"ImageObject","inLanguage":"et","@id":"https:\/\/gate21.ee\/shop\/insomnia-large-oxidised-silver\/#primaryimage","url":"https:\/\/gate21.ee\/wp-content\/uploads\/2021\/06\/hanging-removebg-preview.png","contentUrl":"https:\/\/gate21.ee\/wp-content\/uploads\/2021\/06\/hanging-removebg-preview.png","width":577,"height":433,"caption":"The Insomnia - Large - Silver earrings feature two bold hoops, each accented with sleek silver chains\u2014ideal for giving your look an edgy twist or discovering standout style at your favourite concept store. Displayed on a plain white background. Gate21.ee"},{"@type":"BreadcrumbList","@id":"https:\/\/gate21.ee\/shop\/insomnia-large-oxidised-silver\/#breadcrumb","itemListElement":[{"@type":"ListItem","position":1,"name":"Home","item":"https:\/\/gate21.ee\/"},{"@type":"ListItem","position":2,"name":"Insomnia &#8211; Large &#8211; Oxidised Silver"}]},{"@type":"WebSite","@id":"https:\/\/gate21.ee\/#website","url":"https:\/\/gate21.ee\/","name":"Gate21","description":"Kingituskontseptsioonipood Gate21","publisher":{"@id":"https:\/\/gate21.ee\/#organization"},"alternateName":"gate21","potentialAction":[{"@type":"SearchAction","target":{"@type":"EntryPoint","urlTemplate":"https:\/\/gate21.ee\/?s={search_term_string}"},"query-input":{"@type":"PropertyValueSpecification","valueRequired":true,"valueName":"search_term_string"}}],"inLanguage":"et"},{"@type":"Organization","@id":"https:\/\/gate21.ee\/#organization","name":"Gate21","alternateName":"Gate21, Oma Asi and Oma Asi Design Store","url":"https:\/\/gate21.ee\/","logo":{"@type":"ImageObject","inLanguage":"et","@id":"https:\/\/gate21.ee\/#\/schema\/logo\/image\/","url":"https:\/\/gate21.ee\/wp-content\/uploads\/2021\/11\/Gate_21_Logo_2_Valge.png","contentUrl":"https:\/\/gate21.ee\/wp-content\/uploads\/2021\/11\/Gate_21_Logo_2_Valge.png","width":2560,"height":2560,"caption":"Gate21"},"image":{"@id":"https:\/\/gate21.ee\/#\/schema\/logo\/image\/"},"sameAs":["https:\/\/www.facebook.com\/gate21.ee\/","https:\/\/www.instagram.com\/gate21.ee\/","https:\/\/www.instagram.com\/omaasidesign\/","https:\/\/www.instagram.com\/omaasi\/","https:\/\/www.facebook.com\/omaasidesign\/","https:\/\/www.facebook.com\/omaasilittleredhouse\/","https:\/\/www.tiktok.com\/@gate21.ee"]}]}},"jetpack_sharing_enabled":true,"brands":[{"id":120,"name":"Kedrina","slug":"kedrina"},{"id":399,"name":"Oma Asi","slug":"oma_asi"}],"_links":{"self":[{"href":"https:\/\/gate21.ee\/et\/wp-json\/wp\/v2\/product\/89044","targetHints":{"allow":["GET"]}}],"collection":[{"href":"https:\/\/gate21.ee\/et\/wp-json\/wp\/v2\/product"}],"about":[{"href":"https:\/\/gate21.ee\/et\/wp-json\/wp\/v2\/types\/product"}],"replies":[{"embeddable":true,"href":"https:\/\/gate21.ee\/et\/wp-json\/wp\/v2\/comments?post=89044"}],"version-history":[{"count":1,"href":"https:\/\/gate21.ee\/et\/wp-json\/wp\/v2\/product\/89044\/revisions"}],"predecessor-version":[{"id":217480,"href":"https:\/\/gate21.ee\/et\/wp-json\/wp\/v2\/product\/89044\/revisions\/217480"}],"wp:featuredmedia":[{"embeddable":true,"href":"https:\/\/gate21.ee\/et\/wp-json\/wp\/v2\/media\/89041"}],"wp:attachment":[{"href":"https:\/\/gate21.ee\/et\/wp-json\/wp\/v2\/media?parent=89044"}],"wp:term":[{"taxonomy":"pwb-brand","embeddable":true,"href":"https:\/\/gate21.ee\/et\/wp-json\/wp\/v2\/pwb-brand?post=89044"},{"taxonomy":"product_brand","embeddable":true,"href":"https:\/\/gate21.ee\/et\/wp-json\/wp\/v2\/product_brand?post=89044"},{"taxonomy":"product_cat","embeddable":true,"href":"https:\/\/gate21.ee\/et\/wp-json\/wp\/v2\/product_cat?post=89044"},{"taxonomy":"product_tag","embeddable":true,"href":"https:\/\/gate21.ee\/et\/wp-json\/wp\/v2\/product_tag?post=89044"}],"curies":[{"name":"wp","href":"https:\/\/api.w.org\/{rel}","templated":true}]}}