{"id":88472,"date":"2022-01-25T15:26:05","date_gmt":"2022-01-25T13:26:05","guid":{"rendered":"https:\/\/gate21.ee\/?post_type=product&#038;p=88472"},"modified":"2025-09-03T10:04:45","modified_gmt":"2025-09-03T07:04:45","slug":"compressive-long-leggings-quartz","status":"publish","type":"product","link":"https:\/\/gate21.ee\/et\/shop\/compressive-long-leggings-quartz\/","title":{"rendered":"Girlfriend Collective s\u00e4\u00e4rised - K\u00d5IK"},"content":{"rendered":"<p>Belgiast p\u00e4rit br\u00e4nd <a href=\"https:\/\/gate21.ee\/et\/tootekategooria\/clothing\/activewear\/\">spordiriided<\/a> br\u00e4ndilt Girlfriend Collective<\/p>\n<p>Taaskasutatud veepudelitest valmistatud neljasuunaliselt venivast kangagast retuusid sobivad ideaalselt n\u00e4iteks jooksmiseks, joogaks v\u00f5i j\u00f5usaalitreeninguteks.<\/p>\n<p>Plastikust veepudeli lagunemine v\u00f5ib kesta kuni 500 aastat. \u00dche rinnahoidja valmistamine suunab pr\u00fcgilatest k\u00f5rvale 11 pudelit. Rinnahoidja sisaldab 79% RPET-i ja 21% spandeksit. Riideid v\u00f5ib pesta masinas k\u00fclmal re\u017eiimil samade v\u00e4rvidega koos.<\/p>\n<p><a href=\"https:\/\/www.gate21.ee\/wp-content\/uploads\/2021\/07\/Sizing-chart-new.pdf\">Suuruste tabel<\/a><\/p>\n<p>Abikaasad Ellie ja Quang Dinh asutasid <a href=\"https:\/\/gate21.ee\/et\/brand\/girlfriend_collective\/\">Girlfriend Collective<\/a> p\u00e4rast seda, kui avastasid, et turul puuduvad luksuslikud, kui vastutustundlike p\u00f5him\u00f5tete j\u00e4rgi valminud spordir\u00f5ivad. Retuuse, spordirinnahoidjaid ja pluuse valmistatakse vanadest pudelitest, kalav\u00f5rkudest ja muudest plastikj\u00e4\u00e4tmetest, kanga v\u00e4rvimiseks kasutatakse keskkonnas\u00f5bralikke v\u00e4rve.<\/p>\n<p><img fetchpriority=\"high\" decoding=\"async\" class=\"alignnone size-medium wp-image-39196\" src=\"https:\/\/www.gate21.ee\/wp-content\/uploads\/2021\/07\/PDP_HR_Compressive_Legging_Black_FullLength10_1200x-200x300.webp\" alt=\"\" width=\"200\" height=\"300\" \/><\/p>\n<p>Kas Sa teadsid?<\/p>\n<p>Peaaegu k\u00f5ik s\u00fcnteetilised aktiivr\u00f5ivad on valmistatud plastikust? Girlfriend Collective valmistab oma materjale, mis muidu ummistaksid pr\u00fcgilaid ja saastaksid maad. K\u00f5ik algab 100% tarbimisj\u00e4rgsetest veepudelitest, millelt on eemaldatud sildid, mis purustatakse miljarditeks v\u00e4ikesteks laastudeks ja seej\u00e4rel pestakse, kuni need on s\u00e4delevad puhtad.<\/p>\n<p>P\u00e4rast suurt hulka teaduslikke termineid ja tegevusi nagu n\u00e4iteks pol\u00fcmerisatsioon, on saanud pudelitest pehme taaskasutatud kangas, millest riideid valmistatakse.<\/p>","protected":false},"excerpt":{"rendered":"<p>The activewear legging that started it all! An extra high-rise with four-way stretch and compressive fabric made from recycled water bottles \u2014 basically everything you need to get through your favorite high-impact activities, like running, yoga, and binge watching true crime. A plastic water bottle can take up to 500 years to decompose. Each pair [&hellip;]<\/p>\n","protected":false},"featured_media":0,"comment_status":"closed","ping_status":"closed","template":"","meta":{"site-sidebar-layout":"default","site-content-layout":"default","ast-site-content-layout":"default","site-content-style":"default","site-sidebar-style":"default","ast-global-header-display":"","ast-banner-title-visibility":"","ast-main-header-display":"","ast-hfb-above-header-display":"","ast-hfb-below-header-display":"","ast-hfb-mobile-header-display":"","site-post-title":"","ast-breadcrumbs-content":"","ast-featured-img":"","footer-sml-layout":"","ast-disable-related-posts":"","theme-transparent-header-meta":"default","adv-header-id-meta":"","stick-header-meta":"default","header-above-stick-meta":"","header-main-stick-meta":"","header-below-stick-meta":"","astra-migrate-meta-layouts":"set","ast-page-background-enabled":"default","ast-page-background-meta":{"desktop":{"background-color":"","background-image":"","background-repeat":"repeat","background-position":"center center","background-size":"auto","background-attachment":"scroll","background-type":"","background-media":"","overlay-type":"","overlay-color":"","overlay-opacity":"","overlay-gradient":""},"tablet":{"background-color":"","background-image":"","background-repeat":"repeat","background-position":"center center","background-size":"auto","background-attachment":"scroll","background-type":"","background-media":"","overlay-type":"","overlay-color":"","overlay-opacity":"","overlay-gradient":""},"mobile":{"background-color":"","background-image":"","background-repeat":"repeat","background-position":"center center","background-size":"auto","background-attachment":"scroll","background-type":"","background-media":"","overlay-type":"","overlay-color":"","overlay-opacity":"","overlay-gradient":""}},"ast-content-background-meta":{"desktop":{"background-color":"var(--ast-global-color-5)","background-image":"","background-repeat":"repeat","background-position":"center center","background-size":"auto","background-attachment":"scroll","background-type":"","background-media":"","overlay-type":"","overlay-color":"","overlay-opacity":"","overlay-gradient":""},"tablet":{"background-color":"var(--ast-global-color-5)","background-image":"","background-repeat":"repeat","background-position":"center center","background-size":"auto","background-attachment":"scroll","background-type":"","background-media":"","overlay-type":"","overlay-color":"","overlay-opacity":"","overlay-gradient":""},"mobile":{"background-color":"var(--ast-global-color-5)","background-image":"","background-repeat":"repeat","background-position":"center center","background-size":"auto","background-attachment":"scroll","background-type":"","background-media":"","overlay-type":"","overlay-color":"","overlay-opacity":"","overlay-gradient":""}}},"pwb-brand":[399],"product_brand":[],"product_cat":[474,54],"product_tag":[],"class_list":{"0":"post-88472","1":"product","2":"type-product","3":"status-publish","5":"pwb-brand-oma_asi","6":"product_cat-activewear","7":"product_cat-sale","8":"desktop-align-center","9":"tablet-align-center","10":"mobile-align-center","11":"ast-product-gallery-layout-vertical","12":"ast-product-tabs-layout-horizontal","14":"first","15":"instock","16":"sale","17":"taxable","18":"shipping-taxable","19":"purchasable","20":"product-type-simple"},"yoast_head":"<!-- This site is optimized with the Yoast SEO plugin v27.5 - https:\/\/yoast.com\/product\/yoast-seo-wordpress\/ -->\n<title>Girlfriend Collective leggings - K\u00d5IK &#8226; Gate21<\/title>\n<meta name=\"description\" content=\"Girlfriend Collective leggings with supportive compressive fit, incredible flexibility &amp; with performance-ready recycled fabric.\" \/>\n<meta name=\"robots\" content=\"index, follow, max-snippet:-1, max-image-preview:large, max-video-preview:-1\" \/>\n<link rel=\"canonical\" href=\"https:\/\/gate21.ee\/et\/shop\/compressive-long-leggings-quartz\/\" \/>\n<meta property=\"og:locale\" content=\"et_EE\" \/>\n<meta property=\"og:type\" content=\"article\" \/>\n<meta property=\"og:title\" content=\"Girlfriend Collective leggings - K\u00d5IK &#8226; Gate21\" \/>\n<meta property=\"og:description\" content=\"Girlfriend Collective leggings with supportive compressive fit, incredible flexibility &amp; with performance-ready recycled fabric.\" \/>\n<meta property=\"og:url\" content=\"https:\/\/gate21.ee\/et\/shop\/compressive-long-leggings-quartz\/\" \/>\n<meta property=\"og:site_name\" content=\"Gate21\" \/>\n<meta property=\"article:publisher\" content=\"https:\/\/www.facebook.com\/gate21.ee\/\" \/>\n<meta property=\"article:modified_time\" content=\"2025-09-03T07:04:45+00:00\" \/>\n<meta property=\"og:image\" content=\"https:\/\/gate21.ee\/wp-content\/uploads\/2022\/01\/4007_compressive-high-rise-legging_Quartz_front.png\" \/>\n\t<meta property=\"og:image:width\" content=\"1200\" \/>\n\t<meta property=\"og:image:height\" content=\"1800\" \/>\n\t<meta property=\"og:image:type\" content=\"image\/png\" \/>\n<meta name=\"twitter:card\" content=\"summary_large_image\" \/>\n<meta name=\"twitter:label1\" content=\"Est. reading time\" \/>\n\t<meta name=\"twitter:data1\" content=\"2 minutit\" \/>\n<script type=\"application\/ld+json\" class=\"yoast-schema-graph\">{\"@context\":\"https:\\\/\\\/schema.org\",\"@graph\":[{\"@type\":\"WebPage\",\"@id\":\"https:\\\/\\\/gate21.ee\\\/shop\\\/compressive-long-leggings-quartz\\\/\",\"url\":\"https:\\\/\\\/gate21.ee\\\/shop\\\/compressive-long-leggings-quartz\\\/\",\"name\":\"Girlfriend Collective leggings - K\u00d5IK &#8226; Gate21\",\"isPartOf\":{\"@id\":\"https:\\\/\\\/gate21.ee\\\/#website\"},\"primaryImageOfPage\":{\"@id\":\"https:\\\/\\\/gate21.ee\\\/shop\\\/compressive-long-leggings-quartz\\\/#primaryimage\"},\"image\":{\"@id\":\"https:\\\/\\\/gate21.ee\\\/shop\\\/compressive-long-leggings-quartz\\\/#primaryimage\"},\"thumbnailUrl\":\"https:\\\/\\\/www.gate21.ee\\\/wp-content\\\/uploads\\\/2021\\\/07\\\/PDP_HR_Compressive_Legging_Black_FullLength10_1200x-200x300.webp\",\"datePublished\":\"2022-01-25T13:26:05+00:00\",\"dateModified\":\"2025-09-03T07:04:45+00:00\",\"description\":\"Girlfriend Collective leggings with supportive compressive fit, incredible flexibility & with performance-ready recycled fabric.\",\"breadcrumb\":{\"@id\":\"https:\\\/\\\/gate21.ee\\\/shop\\\/compressive-long-leggings-quartz\\\/#breadcrumb\"},\"inLanguage\":\"et\",\"potentialAction\":[{\"@type\":\"ReadAction\",\"target\":[\"https:\\\/\\\/gate21.ee\\\/shop\\\/compressive-long-leggings-quartz\\\/\"]}]},{\"@type\":\"ImageObject\",\"inLanguage\":\"et\",\"@id\":\"https:\\\/\\\/gate21.ee\\\/shop\\\/compressive-long-leggings-quartz\\\/#primaryimage\",\"url\":\"https:\\\/\\\/www.gate21.ee\\\/wp-content\\\/uploads\\\/2021\\\/07\\\/PDP_HR_Compressive_Legging_Black_FullLength10_1200x-200x300.webp\",\"contentUrl\":\"https:\\\/\\\/www.gate21.ee\\\/wp-content\\\/uploads\\\/2021\\\/07\\\/PDP_HR_Compressive_Legging_Black_FullLength10_1200x-200x300.webp\"},{\"@type\":\"BreadcrumbList\",\"@id\":\"https:\\\/\\\/gate21.ee\\\/shop\\\/compressive-long-leggings-quartz\\\/#breadcrumb\",\"itemListElement\":[{\"@type\":\"ListItem\",\"position\":1,\"name\":\"Home\",\"item\":\"https:\\\/\\\/gate21.ee\\\/\"},{\"@type\":\"ListItem\",\"position\":2,\"name\":\"Girlfriend Collective leggings &#8211; K\u00d5IK\"}]},{\"@type\":\"WebSite\",\"@id\":\"https:\\\/\\\/gate21.ee\\\/#website\",\"url\":\"https:\\\/\\\/gate21.ee\\\/\",\"name\":\"Gate21\",\"description\":\"Gift concept store Gate21\",\"publisher\":{\"@id\":\"https:\\\/\\\/gate21.ee\\\/#organization\"},\"alternateName\":\"gate21\",\"potentialAction\":[{\"@type\":\"SearchAction\",\"target\":{\"@type\":\"EntryPoint\",\"urlTemplate\":\"https:\\\/\\\/gate21.ee\\\/?s={search_term_string}\"},\"query-input\":{\"@type\":\"PropertyValueSpecification\",\"valueRequired\":true,\"valueName\":\"search_term_string\"}}],\"inLanguage\":\"et\"},{\"@type\":\"Organization\",\"@id\":\"https:\\\/\\\/gate21.ee\\\/#organization\",\"name\":\"Gate21\",\"alternateName\":\"Gate21, Oma Asi and Oma Asi Design Store\",\"url\":\"https:\\\/\\\/gate21.ee\\\/\",\"logo\":{\"@type\":\"ImageObject\",\"inLanguage\":\"et\",\"@id\":\"https:\\\/\\\/gate21.ee\\\/#\\\/schema\\\/logo\\\/image\\\/\",\"url\":\"https:\\\/\\\/gate21.ee\\\/wp-content\\\/uploads\\\/2021\\\/11\\\/Gate_21_Logo_2_Valge.png\",\"contentUrl\":\"https:\\\/\\\/gate21.ee\\\/wp-content\\\/uploads\\\/2021\\\/11\\\/Gate_21_Logo_2_Valge.png\",\"width\":2560,\"height\":2560,\"caption\":\"Gate21\"},\"image\":{\"@id\":\"https:\\\/\\\/gate21.ee\\\/#\\\/schema\\\/logo\\\/image\\\/\"},\"sameAs\":[\"https:\\\/\\\/www.facebook.com\\\/gate21.ee\\\/\",\"https:\\\/\\\/www.instagram.com\\\/gate21.ee\\\/\",\"https:\\\/\\\/www.instagram.com\\\/omaasidesign\\\/\",\"https:\\\/\\\/www.instagram.com\\\/omaasi\\\/\",\"https:\\\/\\\/www.facebook.com\\\/omaasidesign\\\/\",\"https:\\\/\\\/www.facebook.com\\\/omaasilittleredhouse\\\/\",\"https:\\\/\\\/www.tiktok.com\\\/@gate21.ee\"]}]}<\/script>\n<!-- \/ Yoast SEO plugin. -->","yoast_head_json":{"title":"Girlfriend Collective leggings - K\u00d5IK &#8226; Gate21","description":"Girlfriend Collective leggings with supportive compressive fit, incredible flexibility & with performance-ready recycled fabric.","robots":{"index":"index","follow":"follow","max-snippet":"max-snippet:-1","max-image-preview":"max-image-preview:large","max-video-preview":"max-video-preview:-1"},"canonical":"https:\/\/gate21.ee\/et\/shop\/compressive-long-leggings-quartz\/","og_locale":"et_EE","og_type":"article","og_title":"Girlfriend Collective leggings - K\u00d5IK &#8226; Gate21","og_description":"Girlfriend Collective leggings with supportive compressive fit, incredible flexibility & with performance-ready recycled fabric.","og_url":"https:\/\/gate21.ee\/et\/shop\/compressive-long-leggings-quartz\/","og_site_name":"Gate21","article_publisher":"https:\/\/www.facebook.com\/gate21.ee\/","article_modified_time":"2025-09-03T07:04:45+00:00","og_image":[{"width":1200,"height":1800,"url":"https:\/\/gate21.ee\/wp-content\/uploads\/2022\/01\/4007_compressive-high-rise-legging_Quartz_front.png","type":"image\/png"}],"twitter_card":"summary_large_image","twitter_misc":{"Est. reading time":"2 minutit"},"schema":{"@context":"https:\/\/schema.org","@graph":[{"@type":"WebPage","@id":"https:\/\/gate21.ee\/shop\/compressive-long-leggings-quartz\/","url":"https:\/\/gate21.ee\/shop\/compressive-long-leggings-quartz\/","name":"Girlfriend Collective leggings - K\u00d5IK &#8226; Gate21","isPartOf":{"@id":"https:\/\/gate21.ee\/#website"},"primaryImageOfPage":{"@id":"https:\/\/gate21.ee\/shop\/compressive-long-leggings-quartz\/#primaryimage"},"image":{"@id":"https:\/\/gate21.ee\/shop\/compressive-long-leggings-quartz\/#primaryimage"},"thumbnailUrl":"https:\/\/www.gate21.ee\/wp-content\/uploads\/2021\/07\/PDP_HR_Compressive_Legging_Black_FullLength10_1200x-200x300.webp","datePublished":"2022-01-25T13:26:05+00:00","dateModified":"2025-09-03T07:04:45+00:00","description":"Girlfriend Collective leggings with supportive compressive fit, incredible flexibility & with performance-ready recycled fabric.","breadcrumb":{"@id":"https:\/\/gate21.ee\/shop\/compressive-long-leggings-quartz\/#breadcrumb"},"inLanguage":"et","potentialAction":[{"@type":"ReadAction","target":["https:\/\/gate21.ee\/shop\/compressive-long-leggings-quartz\/"]}]},{"@type":"ImageObject","inLanguage":"et","@id":"https:\/\/gate21.ee\/shop\/compressive-long-leggings-quartz\/#primaryimage","url":"https:\/\/www.gate21.ee\/wp-content\/uploads\/2021\/07\/PDP_HR_Compressive_Legging_Black_FullLength10_1200x-200x300.webp","contentUrl":"https:\/\/www.gate21.ee\/wp-content\/uploads\/2021\/07\/PDP_HR_Compressive_Legging_Black_FullLength10_1200x-200x300.webp"},{"@type":"BreadcrumbList","@id":"https:\/\/gate21.ee\/shop\/compressive-long-leggings-quartz\/#breadcrumb","itemListElement":[{"@type":"ListItem","position":1,"name":"Home","item":"https:\/\/gate21.ee\/"},{"@type":"ListItem","position":2,"name":"Girlfriend Collective leggings &#8211; K\u00d5IK"}]},{"@type":"WebSite","@id":"https:\/\/gate21.ee\/#website","url":"https:\/\/gate21.ee\/","name":"Gate21","description":"Kingituskontseptsioonipood Gate21","publisher":{"@id":"https:\/\/gate21.ee\/#organization"},"alternateName":"gate21","potentialAction":[{"@type":"SearchAction","target":{"@type":"EntryPoint","urlTemplate":"https:\/\/gate21.ee\/?s={search_term_string}"},"query-input":{"@type":"PropertyValueSpecification","valueRequired":true,"valueName":"search_term_string"}}],"inLanguage":"et"},{"@type":"Organization","@id":"https:\/\/gate21.ee\/#organization","name":"Gate21","alternateName":"Gate21, Oma Asi and Oma Asi Design Store","url":"https:\/\/gate21.ee\/","logo":{"@type":"ImageObject","inLanguage":"et","@id":"https:\/\/gate21.ee\/#\/schema\/logo\/image\/","url":"https:\/\/gate21.ee\/wp-content\/uploads\/2021\/11\/Gate_21_Logo_2_Valge.png","contentUrl":"https:\/\/gate21.ee\/wp-content\/uploads\/2021\/11\/Gate_21_Logo_2_Valge.png","width":2560,"height":2560,"caption":"Gate21"},"image":{"@id":"https:\/\/gate21.ee\/#\/schema\/logo\/image\/"},"sameAs":["https:\/\/www.facebook.com\/gate21.ee\/","https:\/\/www.instagram.com\/gate21.ee\/","https:\/\/www.instagram.com\/omaasidesign\/","https:\/\/www.instagram.com\/omaasi\/","https:\/\/www.facebook.com\/omaasidesign\/","https:\/\/www.facebook.com\/omaasilittleredhouse\/","https:\/\/www.tiktok.com\/@gate21.ee"]}]}},"jetpack_sharing_enabled":true,"brands":[{"id":399,"name":"Oma Asi","slug":"oma_asi"}],"_links":{"self":[{"href":"https:\/\/gate21.ee\/et\/wp-json\/wp\/v2\/product\/88472","targetHints":{"allow":["GET"]}}],"collection":[{"href":"https:\/\/gate21.ee\/et\/wp-json\/wp\/v2\/product"}],"about":[{"href":"https:\/\/gate21.ee\/et\/wp-json\/wp\/v2\/types\/product"}],"replies":[{"embeddable":true,"href":"https:\/\/gate21.ee\/et\/wp-json\/wp\/v2\/comments?post=88472"}],"version-history":[{"count":1,"href":"https:\/\/gate21.ee\/et\/wp-json\/wp\/v2\/product\/88472\/revisions"}],"predecessor-version":[{"id":227454,"href":"https:\/\/gate21.ee\/et\/wp-json\/wp\/v2\/product\/88472\/revisions\/227454"}],"wp:attachment":[{"href":"https:\/\/gate21.ee\/et\/wp-json\/wp\/v2\/media?parent=88472"}],"wp:term":[{"taxonomy":"pwb-brand","embeddable":true,"href":"https:\/\/gate21.ee\/et\/wp-json\/wp\/v2\/pwb-brand?post=88472"},{"taxonomy":"product_brand","embeddable":true,"href":"https:\/\/gate21.ee\/et\/wp-json\/wp\/v2\/product_brand?post=88472"},{"taxonomy":"product_cat","embeddable":true,"href":"https:\/\/gate21.ee\/et\/wp-json\/wp\/v2\/product_cat?post=88472"},{"taxonomy":"product_tag","embeddable":true,"href":"https:\/\/gate21.ee\/et\/wp-json\/wp\/v2\/product_tag?post=88472"}],"curies":[{"name":"wp","href":"https:\/\/api.w.org\/{rel}","templated":true}]}}