{"id":83901,"date":"2021-12-12T11:48:00","date_gmt":"2021-12-12T09:48:00","guid":{"rendered":"https:\/\/gate21.ee\/?post_type=product&#038;p=83901"},"modified":"2026-04-04T13:14:34","modified_gmt":"2026-04-04T10:14:34","slug":"702","status":"publish","type":"product","link":"https:\/\/gate21.ee\/et\/shop\/702\/","title":{"rendered":"#702"},"content":{"rendered":"<p><a href=\"https:\/\/gate21.ee\/et\/tootekategooria\/cosmetics\/perfume\/\">Parf\u00fc\u00fcmvesi<\/a> #702 tipunoodid on viiruk, roosa pipar ja sidrun. S\u00fcdamenoodid on lavendel, seeder ja cashmere wood. P\u00f5hinoodid on Peruu palsam, vanill ja ja valge muskus.<\/p>\n<p>Parf\u00fc\u00fcmipudelid on valmistatud 100% taast\u00f6\u00f6deldavast klaasist, pakendite tooraine on p\u00e4rit s\u00e4\u00e4stvalt majandavast metsast (FSC- Forest Stewardship Council-label).<\/p>\n<p>Parf\u00fc\u00fcme on v\u00f5imalik omavahel segada ning saavutada endale sobiv unikaalne l\u00f5hn.<\/p>\n<p>Kasutamine: Pihustage randmetele, kaelale, k\u00f5rvatagustele ja sisemistele k\u00fc\u00fcnarnukkidele, et l\u00f5hn p\u00fcsiks kauem.<\/p>\n<p>Koostisosad: Alcohol denat., parfum (fragrance), aqua (water), benzyl benzoate, benzyl cinnamate, citral, coumarin, limonene, linalool. 79% vol. Cruelty free\/julmusevaba<\/p>\n<p>Suurus: 30 ml<\/p>\n<p><a href=\"https:\/\/gate21.ee\/et\/brand\/bonparfumeur\/\">Bon Parfumeur<\/a> s\u00fcndis soovist taaselustada endine kaunis parf\u00fcmeeria, kuid sidudes seda loominguliselt kaasajaga.<\/p>\n<p>Br\u00e4ndi parf\u00fc\u00fcmid on 85-96% looduslikku p\u00e4ritolu ning valmistatud 100% Prantsusmaal. K\u00f5ik tooted on v\u00e4rvaine vabad ning ei sisalda parabeeni, ftalaati, formaldeh\u00fc\u00fcdi jms.<\/p>\n<p>Unikaalsed unisex l\u00f5hnad, mida v\u00f5ib omavahel kombineerida.<\/p>","protected":false},"excerpt":{"rendered":"<p>Eau de parfum #702\u00a0an incense fougere The top notes unleash notes of incense, elemi, lemon and pink pepper, forming a half-spicy, half-green blend that issues floral hints and a touch of French lavender. The olfactory journey draws to a close with cashmere wood, vanilla, balsam of Peru and white musk. Fresh yet warm, traditional yet [&hellip;]<\/p>\n","protected":false},"featured_media":83929,"comment_status":"closed","ping_status":"closed","template":"","meta":{"site-sidebar-layout":"default","site-content-layout":"default","ast-site-content-layout":"default","site-content-style":"default","site-sidebar-style":"default","ast-global-header-display":"","ast-banner-title-visibility":"","ast-main-header-display":"","ast-hfb-above-header-display":"","ast-hfb-below-header-display":"","ast-hfb-mobile-header-display":"","site-post-title":"","ast-breadcrumbs-content":"","ast-featured-img":"","footer-sml-layout":"","ast-disable-related-posts":"","theme-transparent-header-meta":"default","adv-header-id-meta":"","stick-header-meta":"default","header-above-stick-meta":"","header-main-stick-meta":"","header-below-stick-meta":"","astra-migrate-meta-layouts":"set","ast-page-background-enabled":"default","ast-page-background-meta":{"desktop":{"background-color":"","background-image":"","background-repeat":"repeat","background-position":"center center","background-size":"auto","background-attachment":"scroll","background-type":"","background-media":"","overlay-type":"","overlay-color":"","overlay-opacity":"","overlay-gradient":""},"tablet":{"background-color":"","background-image":"","background-repeat":"repeat","background-position":"center center","background-size":"auto","background-attachment":"scroll","background-type":"","background-media":"","overlay-type":"","overlay-color":"","overlay-opacity":"","overlay-gradient":""},"mobile":{"background-color":"","background-image":"","background-repeat":"repeat","background-position":"center center","background-size":"auto","background-attachment":"scroll","background-type":"","background-media":"","overlay-type":"","overlay-color":"","overlay-opacity":"","overlay-gradient":""}},"ast-content-background-meta":{"desktop":{"background-color":"var(--ast-global-color-5)","background-image":"","background-repeat":"repeat","background-position":"center center","background-size":"auto","background-attachment":"scroll","background-type":"","background-media":"","overlay-type":"","overlay-color":"","overlay-opacity":"","overlay-gradient":""},"tablet":{"background-color":"var(--ast-global-color-5)","background-image":"","background-repeat":"repeat","background-position":"center center","background-size":"auto","background-attachment":"scroll","background-type":"","background-media":"","overlay-type":"","overlay-color":"","overlay-opacity":"","overlay-gradient":""},"mobile":{"background-color":"var(--ast-global-color-5)","background-image":"","background-repeat":"repeat","background-position":"center center","background-size":"auto","background-attachment":"scroll","background-type":"","background-media":"","overlay-type":"","overlay-color":"","overlay-opacity":"","overlay-gradient":""}}},"pwb-brand":[182],"product_brand":[],"product_cat":[55,216,54],"product_tag":[217],"class_list":{"0":"post-83901","1":"product","2":"type-product","3":"status-publish","4":"has-post-thumbnail","6":"pwb-brand-bonparfumeur","7":"product_cat-cosmetics","8":"product_cat-perfumes","9":"product_cat-sale","10":"product_tag-perfume","11":"desktop-align-center","12":"tablet-align-center","13":"mobile-align-center","14":"ast-product-gallery-layout-vertical","15":"ast-product-tabs-layout-horizontal","17":"first","18":"instock","19":"sale","20":"taxable","21":"shipping-taxable","22":"purchasable","23":"product-type-simple"},"yoast_head":"<!-- This site is optimized with the Yoast SEO plugin v27.4 - https:\/\/yoast.com\/product\/yoast-seo-wordpress\/ -->\n<title>#702 &#8226; Gate21<\/title>\n<meta name=\"description\" content=\"Unique, unisex fragrances that can be combined with each other with these 30ml bottles by Bon Parfumeur\" \/>\n<meta name=\"robots\" content=\"index, follow, max-snippet:-1, max-image-preview:large, max-video-preview:-1\" \/>\n<link rel=\"canonical\" href=\"https:\/\/gate21.ee\/et\/shop\/702\/\" \/>\n<meta property=\"og:locale\" content=\"et_EE\" \/>\n<meta property=\"og:type\" content=\"article\" \/>\n<meta property=\"og:title\" content=\"#702 &#8226; Gate21\" \/>\n<meta property=\"og:description\" content=\"Unique, unisex fragrances that can be combined with each other with these 30ml bottles by Bon Parfumeur\" \/>\n<meta property=\"og:url\" content=\"https:\/\/gate21.ee\/et\/shop\/702\/\" \/>\n<meta property=\"og:site_name\" content=\"Gate21\" \/>\n<meta property=\"article:publisher\" content=\"https:\/\/www.facebook.com\/gate21.ee\/\" \/>\n<meta property=\"article:modified_time\" content=\"2026-04-04T10:14:34+00:00\" \/>\n<meta property=\"og:image\" content=\"https:\/\/gate21.ee\/wp-content\/uploads\/2021\/12\/702-1.png\" \/>\n\t<meta property=\"og:image:width\" content=\"800\" \/>\n\t<meta property=\"og:image:height\" content=\"600\" \/>\n\t<meta property=\"og:image:type\" content=\"image\/png\" \/>\n<meta name=\"twitter:card\" content=\"summary_large_image\" \/>\n<meta name=\"twitter:label1\" content=\"Est. reading time\" \/>\n\t<meta name=\"twitter:data1\" content=\"2 minutit\" \/>\n<script type=\"application\/ld+json\" class=\"yoast-schema-graph\">{\"@context\":\"https:\\\/\\\/schema.org\",\"@graph\":[{\"@type\":\"WebPage\",\"@id\":\"https:\\\/\\\/gate21.ee\\\/shop\\\/702\\\/\",\"url\":\"https:\\\/\\\/gate21.ee\\\/shop\\\/702\\\/\",\"name\":\"#702 &#8226; Gate21\",\"isPartOf\":{\"@id\":\"https:\\\/\\\/gate21.ee\\\/#website\"},\"primaryImageOfPage\":{\"@id\":\"https:\\\/\\\/gate21.ee\\\/shop\\\/702\\\/#primaryimage\"},\"image\":{\"@id\":\"https:\\\/\\\/gate21.ee\\\/shop\\\/702\\\/#primaryimage\"},\"thumbnailUrl\":\"https:\\\/\\\/gate21.ee\\\/wp-content\\\/uploads\\\/2021\\\/12\\\/702-1.png\",\"datePublished\":\"2021-12-12T09:48:00+00:00\",\"dateModified\":\"2026-04-04T10:14:34+00:00\",\"description\":\"Unique, unisex fragrances that can be combined with each other with these 30ml bottles by Bon Parfumeur\",\"breadcrumb\":{\"@id\":\"https:\\\/\\\/gate21.ee\\\/shop\\\/702\\\/#breadcrumb\"},\"inLanguage\":\"et\",\"potentialAction\":[{\"@type\":\"ReadAction\",\"target\":[\"https:\\\/\\\/gate21.ee\\\/shop\\\/702\\\/\"]}]},{\"@type\":\"ImageObject\",\"inLanguage\":\"et\",\"@id\":\"https:\\\/\\\/gate21.ee\\\/shop\\\/702\\\/#primaryimage\",\"url\":\"https:\\\/\\\/gate21.ee\\\/wp-content\\\/uploads\\\/2021\\\/12\\\/702-1.png\",\"contentUrl\":\"https:\\\/\\\/gate21.ee\\\/wp-content\\\/uploads\\\/2021\\\/12\\\/702-1.png\",\"width\":800,\"height\":600,\"caption\":\"#702 is a clear glass perfume bottle with a black cap and brown label, reading \\\"_encens lavande bois de cachemire_\\\" and \\\"Bon Parfumeur Paris.\\\" Ideal for Tallinn shoppers or visitors to an Estonian design concept shop. Shown on a white background. Gate21.ee\"},{\"@type\":\"BreadcrumbList\",\"@id\":\"https:\\\/\\\/gate21.ee\\\/shop\\\/702\\\/#breadcrumb\",\"itemListElement\":[{\"@type\":\"ListItem\",\"position\":1,\"name\":\"Home\",\"item\":\"https:\\\/\\\/gate21.ee\\\/\"},{\"@type\":\"ListItem\",\"position\":2,\"name\":\"#702\"}]},{\"@type\":\"WebSite\",\"@id\":\"https:\\\/\\\/gate21.ee\\\/#website\",\"url\":\"https:\\\/\\\/gate21.ee\\\/\",\"name\":\"Gate21\",\"description\":\"Gift concept store Gate21\",\"publisher\":{\"@id\":\"https:\\\/\\\/gate21.ee\\\/#organization\"},\"alternateName\":\"gate21\",\"potentialAction\":[{\"@type\":\"SearchAction\",\"target\":{\"@type\":\"EntryPoint\",\"urlTemplate\":\"https:\\\/\\\/gate21.ee\\\/?s={search_term_string}\"},\"query-input\":{\"@type\":\"PropertyValueSpecification\",\"valueRequired\":true,\"valueName\":\"search_term_string\"}}],\"inLanguage\":\"et\"},{\"@type\":\"Organization\",\"@id\":\"https:\\\/\\\/gate21.ee\\\/#organization\",\"name\":\"Gate21\",\"alternateName\":\"Gate21, Oma Asi and Oma Asi Design Store\",\"url\":\"https:\\\/\\\/gate21.ee\\\/\",\"logo\":{\"@type\":\"ImageObject\",\"inLanguage\":\"et\",\"@id\":\"https:\\\/\\\/gate21.ee\\\/#\\\/schema\\\/logo\\\/image\\\/\",\"url\":\"https:\\\/\\\/gate21.ee\\\/wp-content\\\/uploads\\\/2021\\\/11\\\/Gate_21_Logo_2_Valge.png\",\"contentUrl\":\"https:\\\/\\\/gate21.ee\\\/wp-content\\\/uploads\\\/2021\\\/11\\\/Gate_21_Logo_2_Valge.png\",\"width\":2560,\"height\":2560,\"caption\":\"Gate21\"},\"image\":{\"@id\":\"https:\\\/\\\/gate21.ee\\\/#\\\/schema\\\/logo\\\/image\\\/\"},\"sameAs\":[\"https:\\\/\\\/www.facebook.com\\\/gate21.ee\\\/\",\"https:\\\/\\\/www.instagram.com\\\/gate21.ee\\\/\",\"https:\\\/\\\/www.instagram.com\\\/omaasidesign\\\/\",\"https:\\\/\\\/www.instagram.com\\\/omaasi\\\/\",\"https:\\\/\\\/www.facebook.com\\\/omaasidesign\\\/\",\"https:\\\/\\\/www.facebook.com\\\/omaasilittleredhouse\\\/\",\"https:\\\/\\\/www.tiktok.com\\\/@gate21.ee\"]}]}<\/script>\n<!-- \/ Yoast SEO plugin. -->","yoast_head_json":{"title":"#702 &#8226; Gate21","description":"Unique, unisex fragrances that can be combined with each other with these 30ml bottles by Bon Parfumeur","robots":{"index":"index","follow":"follow","max-snippet":"max-snippet:-1","max-image-preview":"max-image-preview:large","max-video-preview":"max-video-preview:-1"},"canonical":"https:\/\/gate21.ee\/et\/shop\/702\/","og_locale":"et_EE","og_type":"article","og_title":"#702 &#8226; Gate21","og_description":"Unique, unisex fragrances that can be combined with each other with these 30ml bottles by Bon Parfumeur","og_url":"https:\/\/gate21.ee\/et\/shop\/702\/","og_site_name":"Gate21","article_publisher":"https:\/\/www.facebook.com\/gate21.ee\/","article_modified_time":"2026-04-04T10:14:34+00:00","og_image":[{"width":800,"height":600,"url":"https:\/\/gate21.ee\/wp-content\/uploads\/2021\/12\/702-1.png","type":"image\/png"}],"twitter_card":"summary_large_image","twitter_misc":{"Est. reading time":"2 minutit"},"schema":{"@context":"https:\/\/schema.org","@graph":[{"@type":"WebPage","@id":"https:\/\/gate21.ee\/shop\/702\/","url":"https:\/\/gate21.ee\/shop\/702\/","name":"#702 &#8226; Gate21","isPartOf":{"@id":"https:\/\/gate21.ee\/#website"},"primaryImageOfPage":{"@id":"https:\/\/gate21.ee\/shop\/702\/#primaryimage"},"image":{"@id":"https:\/\/gate21.ee\/shop\/702\/#primaryimage"},"thumbnailUrl":"https:\/\/gate21.ee\/wp-content\/uploads\/2021\/12\/702-1.png","datePublished":"2021-12-12T09:48:00+00:00","dateModified":"2026-04-04T10:14:34+00:00","description":"Unique, unisex fragrances that can be combined with each other with these 30ml bottles by Bon Parfumeur","breadcrumb":{"@id":"https:\/\/gate21.ee\/shop\/702\/#breadcrumb"},"inLanguage":"et","potentialAction":[{"@type":"ReadAction","target":["https:\/\/gate21.ee\/shop\/702\/"]}]},{"@type":"ImageObject","inLanguage":"et","@id":"https:\/\/gate21.ee\/shop\/702\/#primaryimage","url":"https:\/\/gate21.ee\/wp-content\/uploads\/2021\/12\/702-1.png","contentUrl":"https:\/\/gate21.ee\/wp-content\/uploads\/2021\/12\/702-1.png","width":800,"height":600,"caption":"#702 is a clear glass perfume bottle with a black cap and brown label, reading \"_encens lavande bois de cachemire_\" and \"Bon Parfumeur Paris.\" Ideal for Tallinn shoppers or visitors to an Estonian design concept shop. Shown on a white background. Gate21.ee"},{"@type":"BreadcrumbList","@id":"https:\/\/gate21.ee\/shop\/702\/#breadcrumb","itemListElement":[{"@type":"ListItem","position":1,"name":"Home","item":"https:\/\/gate21.ee\/"},{"@type":"ListItem","position":2,"name":"#702"}]},{"@type":"WebSite","@id":"https:\/\/gate21.ee\/#website","url":"https:\/\/gate21.ee\/","name":"Gate21","description":"Kingituskontseptsioonipood Gate21","publisher":{"@id":"https:\/\/gate21.ee\/#organization"},"alternateName":"gate21","potentialAction":[{"@type":"SearchAction","target":{"@type":"EntryPoint","urlTemplate":"https:\/\/gate21.ee\/?s={search_term_string}"},"query-input":{"@type":"PropertyValueSpecification","valueRequired":true,"valueName":"search_term_string"}}],"inLanguage":"et"},{"@type":"Organization","@id":"https:\/\/gate21.ee\/#organization","name":"Gate21","alternateName":"Gate21, Oma Asi and Oma Asi Design Store","url":"https:\/\/gate21.ee\/","logo":{"@type":"ImageObject","inLanguage":"et","@id":"https:\/\/gate21.ee\/#\/schema\/logo\/image\/","url":"https:\/\/gate21.ee\/wp-content\/uploads\/2021\/11\/Gate_21_Logo_2_Valge.png","contentUrl":"https:\/\/gate21.ee\/wp-content\/uploads\/2021\/11\/Gate_21_Logo_2_Valge.png","width":2560,"height":2560,"caption":"Gate21"},"image":{"@id":"https:\/\/gate21.ee\/#\/schema\/logo\/image\/"},"sameAs":["https:\/\/www.facebook.com\/gate21.ee\/","https:\/\/www.instagram.com\/gate21.ee\/","https:\/\/www.instagram.com\/omaasidesign\/","https:\/\/www.instagram.com\/omaasi\/","https:\/\/www.facebook.com\/omaasidesign\/","https:\/\/www.facebook.com\/omaasilittleredhouse\/","https:\/\/www.tiktok.com\/@gate21.ee"]}]}},"jetpack_sharing_enabled":true,"brands":[{"id":182,"name":"Bon Parfumeur","slug":"bonparfumeur"}],"_links":{"self":[{"href":"https:\/\/gate21.ee\/et\/wp-json\/wp\/v2\/product\/83901","targetHints":{"allow":["GET"]}}],"collection":[{"href":"https:\/\/gate21.ee\/et\/wp-json\/wp\/v2\/product"}],"about":[{"href":"https:\/\/gate21.ee\/et\/wp-json\/wp\/v2\/types\/product"}],"replies":[{"embeddable":true,"href":"https:\/\/gate21.ee\/et\/wp-json\/wp\/v2\/comments?post=83901"}],"version-history":[{"count":1,"href":"https:\/\/gate21.ee\/et\/wp-json\/wp\/v2\/product\/83901\/revisions"}],"predecessor-version":[{"id":229107,"href":"https:\/\/gate21.ee\/et\/wp-json\/wp\/v2\/product\/83901\/revisions\/229107"}],"wp:featuredmedia":[{"embeddable":true,"href":"https:\/\/gate21.ee\/et\/wp-json\/wp\/v2\/media\/83929"}],"wp:attachment":[{"href":"https:\/\/gate21.ee\/et\/wp-json\/wp\/v2\/media?parent=83901"}],"wp:term":[{"taxonomy":"pwb-brand","embeddable":true,"href":"https:\/\/gate21.ee\/et\/wp-json\/wp\/v2\/pwb-brand?post=83901"},{"taxonomy":"product_brand","embeddable":true,"href":"https:\/\/gate21.ee\/et\/wp-json\/wp\/v2\/product_brand?post=83901"},{"taxonomy":"product_cat","embeddable":true,"href":"https:\/\/gate21.ee\/et\/wp-json\/wp\/v2\/product_cat?post=83901"},{"taxonomy":"product_tag","embeddable":true,"href":"https:\/\/gate21.ee\/et\/wp-json\/wp\/v2\/product_tag?post=83901"}],"curies":[{"name":"wp","href":"https:\/\/api.w.org\/{rel}","templated":true}]}}