{"id":83532,"date":"2021-12-07T15:25:00","date_gmt":"2021-12-07T13:25:00","guid":{"rendered":"https:\/\/gate21.ee\/?post_type=product&#038;p=83532"},"modified":"2025-10-14T17:06:35","modified_gmt":"2025-10-14T14:06:35","slug":"fingers-crossed-black","status":"publish","type":"product","link":"https:\/\/gate21.ee\/et\/shop\/fingers-crossed-black\/","title":{"rendered":"Fingers Crossed k\u00fc\u00fcnal - must"},"content":{"rendered":"<p>K\u00c4E\u017dESTIGA <a href=\"https:\/\/gate21.ee\/et\/tootekategooria\/home\/candles\/\">K\u00dc\u00dcNAL<\/a>\u00a0FINGERS CROSSED<\/p>\n<p>Mida iganes sa ka ette v\u00f5tad, hoiame Sulle alati p\u00f6ialt! K\u00f5ige toetavam k\u00fc\u00fcnal on k\u00e4sitsi valmistatud ja l\u00f5hnab suurep\u00e4raselt. Pakitud pehmendusega karpi turvaliseks transpordiks.<\/p>\n<div class=\"content\">\n<p>P\u00f5lemisaeg: &lt; 2 tundi. M\u00f5\u00f5dud: 20 x 7 x 8 cm Kaal: 350 g.<\/p>\n<p><img fetchpriority=\"high\" decoding=\"async\" class=\"alignnone wp-image-1840 lazyloaded\" src=\"https:\/\/i2.wp.com\/candlehand.com\/wp-content\/uploads\/2020\/04\/safety_labels.png?resize=453%2C77&amp;ssl=1\" alt=\"\" width=\"390\" height=\"390\" data-src=\"https:\/\/i2.wp.com\/candlehand.com\/wp-content\/uploads\/2020\/04\/safety_labels.png?resize=453%2C77&amp;ssl=1\" \/><\/p>\n<p>K\u00fc\u00fcnalde ohutu kasutamine siseruumides on v\u00e4ga oluline. Meie k\u00fc\u00fcnalde ainulaadse disaini ja kuju t\u00f5ttu vajavad need p\u00f5lemisel erilist hoolt. Soovitame enne selle kaunitari s\u00fc\u00fctamist kiirelt \u00fcle vaadata ohutusjuhised:<\/p>\n<p><b>P\u00f5lemisel tilgub, seega palun p\u00f5leta kuumakindlal pinnal!\u00a0<\/b><\/p>\n<ul>\n<li>Enne kasutamist eemaldage k\u00fc\u00fcnal pakendist ja puhastage pakkematerjalidest.<\/li>\n<li>\u00c4rge j\u00e4tke kunagi p\u00f5levat k\u00fc\u00fcnalt j\u00e4relevalveta.<\/li>\n<li>Hoida lastest, lemmikloomadest ja tuleohtlikest materjalidest eemal.<\/li>\n<li>J\u00e4tke p\u00f5levate k\u00fc\u00fcnalde vahele alati v\u00e4hemalt 10 cm vahemaa.<\/li>\n<li>Laske enne uuesti s\u00fc\u00fctamist jahtuda.<\/li>\n<\/ul>\n<p><a href=\"https:\/\/gate21.ee\/et\/brand\/candlehand\/\">Candlehand<\/a> on Leedu disainifirma, mis toodab silmapaistvaid ja unikaalseid 100% k\u00e4sitsi valmistatud k\u00fc\u00fcnlaid.<\/p>\n<p>K\u00fc\u00fcnlad on sama suured kui p\u00e4ris k\u00e4ed ja on valmistatud kvaliteetsest parafiinist, seega p\u00f5levad kaua levitades meeldivat aroomi. Loomulikult on nad ka ideaalsed ja humoorikad kingitused s\u00f5pradele.<\/p>\n<p><img decoding=\"async\" class=\"alignnone size-medium wp-image-36925 lazyloaded\" src=\"https:\/\/i2.wp.com\/gate21.ee\/wp-content\/uploads\/2021\/05\/candlehand_header.jpg?resize=600%2C258&amp;ssl=1\" alt=\"\" width=\"390\" height=\"390\" data-srcset=\"https:\/\/i2.wp.com\/gate21.ee\/wp-content\/uploads\/2021\/05\/candlehand_header.jpg?resize=600%2C258&amp;ssl=1 600w, https:\/\/i2.wp.com\/gate21.ee\/wp-content\/uploads\/2021\/05\/candlehand_header.jpg?resize=1024%2C440&amp;ssl=1 1024w, https:\/\/i2.wp.com\/gate21.ee\/wp-content\/uploads\/2021\/05\/candlehand_header.jpg?resize=768%2C330&amp;ssl=1 768w, https:\/\/i2.wp.com\/gate21.ee\/wp-content\/uploads\/2021\/05\/candlehand_header.jpg?resize=1536%2C660&amp;ssl=1 1536w, https:\/\/i2.wp.com\/gate21.ee\/wp-content\/uploads\/2021\/05\/candlehand_header.jpg?resize=800%2C344&amp;ssl=1 800w, https:\/\/i2.wp.com\/gate21.ee\/wp-content\/uploads\/2021\/05\/candlehand_header.jpg?w=2000&amp;ssl=1 2000w\" data-src=\"https:\/\/i2.wp.com\/gate21.ee\/wp-content\/uploads\/2021\/05\/candlehand_header.jpg?resize=600%2C258&amp;ssl=1\" data-sizes=\"(max-width: 600px) 100vw, 600px\" srcset=\"https:\/\/gate21.ee\/wp-content\/uploads\/2021\/05\/candlehand_header-300x300.jpg 300w, https:\/\/gate21.ee\/wp-content\/uploads\/2021\/05\/candlehand_header-100x100.jpg 100w\" sizes=\"(max-width: 390px) 100vw, 390px\" \/><\/p>\n<\/div>","protected":false},"excerpt":{"rendered":"<p>HAND GESTURE CANDLE\u00a0FINGERS CROSSED Whatever you are going for, we\u2019ve got fingers crossed for you. The most supportive candle out there is hand made, looks real and smells great. Just remember \u2013 if a candle believes in you, you can believe in you too. Burn time: &lt; 2 hours Dimensions: 20 x 7 x 8 [&hellip;]<\/p>\n","protected":false},"featured_media":83514,"comment_status":"closed","ping_status":"closed","template":"","meta":{"site-sidebar-layout":"default","site-content-layout":"default","ast-site-content-layout":"default","site-content-style":"default","site-sidebar-style":"default","ast-global-header-display":"","ast-banner-title-visibility":"","ast-main-header-display":"","ast-hfb-above-header-display":"","ast-hfb-below-header-display":"","ast-hfb-mobile-header-display":"","site-post-title":"","ast-breadcrumbs-content":"","ast-featured-img":"","footer-sml-layout":"","ast-disable-related-posts":"","theme-transparent-header-meta":"default","adv-header-id-meta":"","stick-header-meta":"default","header-above-stick-meta":"","header-main-stick-meta":"","header-below-stick-meta":"","astra-migrate-meta-layouts":"default","ast-page-background-enabled":"default","ast-page-background-meta":{"desktop":{"background-color":"","background-image":"","background-repeat":"repeat","background-position":"center center","background-size":"auto","background-attachment":"scroll","background-type":"","background-media":"","overlay-type":"","overlay-color":"","overlay-opacity":"","overlay-gradient":""},"tablet":{"background-color":"","background-image":"","background-repeat":"repeat","background-position":"center center","background-size":"auto","background-attachment":"scroll","background-type":"","background-media":"","overlay-type":"","overlay-color":"","overlay-opacity":"","overlay-gradient":""},"mobile":{"background-color":"","background-image":"","background-repeat":"repeat","background-position":"center center","background-size":"auto","background-attachment":"scroll","background-type":"","background-media":"","overlay-type":"","overlay-color":"","overlay-opacity":"","overlay-gradient":""}},"ast-content-background-meta":{"desktop":{"background-color":"var(--ast-global-color-5)","background-image":"","background-repeat":"repeat","background-position":"center center","background-size":"auto","background-attachment":"scroll","background-type":"","background-media":"","overlay-type":"","overlay-color":"","overlay-opacity":"","overlay-gradient":""},"tablet":{"background-color":"var(--ast-global-color-5)","background-image":"","background-repeat":"repeat","background-position":"center center","background-size":"auto","background-attachment":"scroll","background-type":"","background-media":"","overlay-type":"","overlay-color":"","overlay-opacity":"","overlay-gradient":""},"mobile":{"background-color":"var(--ast-global-color-5)","background-image":"","background-repeat":"repeat","background-position":"center center","background-size":"auto","background-attachment":"scroll","background-type":"","background-media":"","overlay-type":"","overlay-color":"","overlay-opacity":"","overlay-gradient":""}}},"pwb-brand":[108],"product_brand":[],"product_cat":[224,218],"product_tag":[272],"class_list":{"0":"post-83532","1":"product","2":"type-product","3":"status-publish","4":"has-post-thumbnail","6":"pwb-brand-candlehand","7":"product_cat-candles","8":"product_cat-home","9":"product_tag-candles","10":"desktop-align-center","11":"tablet-align-center","12":"mobile-align-center","13":"ast-product-gallery-layout-vertical","14":"ast-product-tabs-layout-horizontal","16":"first","17":"instock","18":"taxable","19":"shipping-taxable","20":"purchasable","21":"product-type-simple"},"yoast_head":"<!-- This site is optimized with the Yoast SEO plugin v27.4 - https:\/\/yoast.com\/product\/yoast-seo-wordpress\/ -->\n<title>Fingers Crossed - Black &#8226; Gate21<\/title>\n<meta name=\"description\" content=\"Candlehand: Whatever you are going for, we\u2019ve got fingers crossed for you. The most supportive candle out there is hand made, looks real and smells great.\" \/>\n<meta name=\"robots\" content=\"index, follow, max-snippet:-1, max-image-preview:large, max-video-preview:-1\" \/>\n<link rel=\"canonical\" href=\"https:\/\/gate21.ee\/et\/shop\/fingers-crossed-black\/\" \/>\n<meta property=\"og:locale\" content=\"et_EE\" \/>\n<meta property=\"og:type\" content=\"article\" \/>\n<meta property=\"og:title\" content=\"Fingers Crossed - Black &#8226; Gate21\" \/>\n<meta property=\"og:description\" content=\"Candlehand: Whatever you are going for, we\u2019ve got fingers crossed for you. The most supportive candle out there is hand made, looks real and smells great.\" \/>\n<meta property=\"og:url\" content=\"https:\/\/gate21.ee\/et\/shop\/fingers-crossed-black\/\" \/>\n<meta property=\"og:site_name\" content=\"Gate21\" \/>\n<meta property=\"article:publisher\" content=\"https:\/\/www.facebook.com\/gate21.ee\/\" \/>\n<meta property=\"article:modified_time\" content=\"2025-10-14T14:06:35+00:00\" \/>\n<meta property=\"og:image\" content=\"https:\/\/gate21.ee\/wp-content\/uploads\/2021\/12\/Black_crossed1.webp\" \/>\n\t<meta property=\"og:image:width\" content=\"600\" \/>\n\t<meta property=\"og:image:height\" content=\"600\" \/>\n\t<meta property=\"og:image:type\" content=\"image\/webp\" \/>\n<meta name=\"twitter:card\" content=\"summary_large_image\" \/>\n<meta name=\"twitter:label1\" content=\"Est. reading time\" \/>\n\t<meta name=\"twitter:data1\" content=\"2 minutit\" \/>\n<script type=\"application\/ld+json\" class=\"yoast-schema-graph\">{\"@context\":\"https:\\\/\\\/schema.org\",\"@graph\":[{\"@type\":\"WebPage\",\"@id\":\"https:\\\/\\\/gate21.ee\\\/shop\\\/fingers-crossed-black\\\/\",\"url\":\"https:\\\/\\\/gate21.ee\\\/shop\\\/fingers-crossed-black\\\/\",\"name\":\"Fingers Crossed - Black &#8226; Gate21\",\"isPartOf\":{\"@id\":\"https:\\\/\\\/gate21.ee\\\/#website\"},\"primaryImageOfPage\":{\"@id\":\"https:\\\/\\\/gate21.ee\\\/shop\\\/fingers-crossed-black\\\/#primaryimage\"},\"image\":{\"@id\":\"https:\\\/\\\/gate21.ee\\\/shop\\\/fingers-crossed-black\\\/#primaryimage\"},\"thumbnailUrl\":\"https:\\\/\\\/gate21.ee\\\/wp-content\\\/uploads\\\/2021\\\/12\\\/Black_crossed1.webp\",\"datePublished\":\"2021-12-07T13:25:00+00:00\",\"dateModified\":\"2025-10-14T14:06:35+00:00\",\"description\":\"Candlehand: Whatever you are going for, we\u2019ve got fingers crossed for you. The most supportive candle out there is hand made, looks real and smells great.\",\"breadcrumb\":{\"@id\":\"https:\\\/\\\/gate21.ee\\\/shop\\\/fingers-crossed-black\\\/#breadcrumb\"},\"inLanguage\":\"et\",\"potentialAction\":[{\"@type\":\"ReadAction\",\"target\":[\"https:\\\/\\\/gate21.ee\\\/shop\\\/fingers-crossed-black\\\/\"]}]},{\"@type\":\"ImageObject\",\"inLanguage\":\"et\",\"@id\":\"https:\\\/\\\/gate21.ee\\\/shop\\\/fingers-crossed-black\\\/#primaryimage\",\"url\":\"https:\\\/\\\/gate21.ee\\\/wp-content\\\/uploads\\\/2021\\\/12\\\/Black_crossed1.webp\",\"contentUrl\":\"https:\\\/\\\/gate21.ee\\\/wp-content\\\/uploads\\\/2021\\\/12\\\/Black_crossed1.webp\",\"width\":600,\"height\":600,\"caption\":\"A purple candle shaped like a human hand with the middle finger raised, the F*ck You Candle combines bold Estonian design and attitude\u2014an eye-catching statement piece ideal for Tallinn shopping enthusiasts. Gate21.ee\"},{\"@type\":\"BreadcrumbList\",\"@id\":\"https:\\\/\\\/gate21.ee\\\/shop\\\/fingers-crossed-black\\\/#breadcrumb\",\"itemListElement\":[{\"@type\":\"ListItem\",\"position\":1,\"name\":\"Home\",\"item\":\"https:\\\/\\\/gate21.ee\\\/\"},{\"@type\":\"ListItem\",\"position\":2,\"name\":\"Fingers Crossed &#8211; Black\"}]},{\"@type\":\"WebSite\",\"@id\":\"https:\\\/\\\/gate21.ee\\\/#website\",\"url\":\"https:\\\/\\\/gate21.ee\\\/\",\"name\":\"Gate21\",\"description\":\"Gift concept store Gate21\",\"publisher\":{\"@id\":\"https:\\\/\\\/gate21.ee\\\/#organization\"},\"alternateName\":\"gate21\",\"potentialAction\":[{\"@type\":\"SearchAction\",\"target\":{\"@type\":\"EntryPoint\",\"urlTemplate\":\"https:\\\/\\\/gate21.ee\\\/?s={search_term_string}\"},\"query-input\":{\"@type\":\"PropertyValueSpecification\",\"valueRequired\":true,\"valueName\":\"search_term_string\"}}],\"inLanguage\":\"et\"},{\"@type\":\"Organization\",\"@id\":\"https:\\\/\\\/gate21.ee\\\/#organization\",\"name\":\"Gate21\",\"alternateName\":\"Gate21, Oma Asi and Oma Asi Design Store\",\"url\":\"https:\\\/\\\/gate21.ee\\\/\",\"logo\":{\"@type\":\"ImageObject\",\"inLanguage\":\"et\",\"@id\":\"https:\\\/\\\/gate21.ee\\\/#\\\/schema\\\/logo\\\/image\\\/\",\"url\":\"https:\\\/\\\/gate21.ee\\\/wp-content\\\/uploads\\\/2021\\\/11\\\/Gate_21_Logo_2_Valge.png\",\"contentUrl\":\"https:\\\/\\\/gate21.ee\\\/wp-content\\\/uploads\\\/2021\\\/11\\\/Gate_21_Logo_2_Valge.png\",\"width\":2560,\"height\":2560,\"caption\":\"Gate21\"},\"image\":{\"@id\":\"https:\\\/\\\/gate21.ee\\\/#\\\/schema\\\/logo\\\/image\\\/\"},\"sameAs\":[\"https:\\\/\\\/www.facebook.com\\\/gate21.ee\\\/\",\"https:\\\/\\\/www.instagram.com\\\/gate21.ee\\\/\",\"https:\\\/\\\/www.instagram.com\\\/omaasidesign\\\/\",\"https:\\\/\\\/www.instagram.com\\\/omaasi\\\/\",\"https:\\\/\\\/www.facebook.com\\\/omaasidesign\\\/\",\"https:\\\/\\\/www.facebook.com\\\/omaasilittleredhouse\\\/\",\"https:\\\/\\\/www.tiktok.com\\\/@gate21.ee\"]}]}<\/script>\n<!-- \/ Yoast SEO plugin. -->","yoast_head_json":{"title":"Fingers Crossed - Black &#8226; Gate21","description":"Candlehand: Whatever you are going for, we\u2019ve got fingers crossed for you. The most supportive candle out there is hand made, looks real and smells great.","robots":{"index":"index","follow":"follow","max-snippet":"max-snippet:-1","max-image-preview":"max-image-preview:large","max-video-preview":"max-video-preview:-1"},"canonical":"https:\/\/gate21.ee\/et\/shop\/fingers-crossed-black\/","og_locale":"et_EE","og_type":"article","og_title":"Fingers Crossed - Black &#8226; Gate21","og_description":"Candlehand: Whatever you are going for, we\u2019ve got fingers crossed for you. The most supportive candle out there is hand made, looks real and smells great.","og_url":"https:\/\/gate21.ee\/et\/shop\/fingers-crossed-black\/","og_site_name":"Gate21","article_publisher":"https:\/\/www.facebook.com\/gate21.ee\/","article_modified_time":"2025-10-14T14:06:35+00:00","og_image":[{"width":600,"height":600,"url":"https:\/\/gate21.ee\/wp-content\/uploads\/2021\/12\/Black_crossed1.webp","type":"image\/webp"}],"twitter_card":"summary_large_image","twitter_misc":{"Est. reading time":"2 minutit"},"schema":{"@context":"https:\/\/schema.org","@graph":[{"@type":"WebPage","@id":"https:\/\/gate21.ee\/shop\/fingers-crossed-black\/","url":"https:\/\/gate21.ee\/shop\/fingers-crossed-black\/","name":"Fingers Crossed - Black &#8226; Gate21","isPartOf":{"@id":"https:\/\/gate21.ee\/#website"},"primaryImageOfPage":{"@id":"https:\/\/gate21.ee\/shop\/fingers-crossed-black\/#primaryimage"},"image":{"@id":"https:\/\/gate21.ee\/shop\/fingers-crossed-black\/#primaryimage"},"thumbnailUrl":"https:\/\/gate21.ee\/wp-content\/uploads\/2021\/12\/Black_crossed1.webp","datePublished":"2021-12-07T13:25:00+00:00","dateModified":"2025-10-14T14:06:35+00:00","description":"Candlehand: Whatever you are going for, we\u2019ve got fingers crossed for you. The most supportive candle out there is hand made, looks real and smells great.","breadcrumb":{"@id":"https:\/\/gate21.ee\/shop\/fingers-crossed-black\/#breadcrumb"},"inLanguage":"et","potentialAction":[{"@type":"ReadAction","target":["https:\/\/gate21.ee\/shop\/fingers-crossed-black\/"]}]},{"@type":"ImageObject","inLanguage":"et","@id":"https:\/\/gate21.ee\/shop\/fingers-crossed-black\/#primaryimage","url":"https:\/\/gate21.ee\/wp-content\/uploads\/2021\/12\/Black_crossed1.webp","contentUrl":"https:\/\/gate21.ee\/wp-content\/uploads\/2021\/12\/Black_crossed1.webp","width":600,"height":600,"caption":"A purple candle shaped like a human hand with the middle finger raised, the F*ck You Candle combines bold Estonian design and attitude\u2014an eye-catching statement piece ideal for Tallinn shopping enthusiasts. Gate21.ee"},{"@type":"BreadcrumbList","@id":"https:\/\/gate21.ee\/shop\/fingers-crossed-black\/#breadcrumb","itemListElement":[{"@type":"ListItem","position":1,"name":"Home","item":"https:\/\/gate21.ee\/"},{"@type":"ListItem","position":2,"name":"Fingers Crossed &#8211; Black"}]},{"@type":"WebSite","@id":"https:\/\/gate21.ee\/#website","url":"https:\/\/gate21.ee\/","name":"Gate21","description":"Kingituskontseptsioonipood Gate21","publisher":{"@id":"https:\/\/gate21.ee\/#organization"},"alternateName":"gate21","potentialAction":[{"@type":"SearchAction","target":{"@type":"EntryPoint","urlTemplate":"https:\/\/gate21.ee\/?s={search_term_string}"},"query-input":{"@type":"PropertyValueSpecification","valueRequired":true,"valueName":"search_term_string"}}],"inLanguage":"et"},{"@type":"Organization","@id":"https:\/\/gate21.ee\/#organization","name":"Gate21","alternateName":"Gate21, Oma Asi and Oma Asi Design Store","url":"https:\/\/gate21.ee\/","logo":{"@type":"ImageObject","inLanguage":"et","@id":"https:\/\/gate21.ee\/#\/schema\/logo\/image\/","url":"https:\/\/gate21.ee\/wp-content\/uploads\/2021\/11\/Gate_21_Logo_2_Valge.png","contentUrl":"https:\/\/gate21.ee\/wp-content\/uploads\/2021\/11\/Gate_21_Logo_2_Valge.png","width":2560,"height":2560,"caption":"Gate21"},"image":{"@id":"https:\/\/gate21.ee\/#\/schema\/logo\/image\/"},"sameAs":["https:\/\/www.facebook.com\/gate21.ee\/","https:\/\/www.instagram.com\/gate21.ee\/","https:\/\/www.instagram.com\/omaasidesign\/","https:\/\/www.instagram.com\/omaasi\/","https:\/\/www.facebook.com\/omaasidesign\/","https:\/\/www.facebook.com\/omaasilittleredhouse\/","https:\/\/www.tiktok.com\/@gate21.ee"]}]}},"jetpack_sharing_enabled":true,"brands":[{"id":108,"name":"Candlehand","slug":"candlehand"}],"_links":{"self":[{"href":"https:\/\/gate21.ee\/et\/wp-json\/wp\/v2\/product\/83532","targetHints":{"allow":["GET"]}}],"collection":[{"href":"https:\/\/gate21.ee\/et\/wp-json\/wp\/v2\/product"}],"about":[{"href":"https:\/\/gate21.ee\/et\/wp-json\/wp\/v2\/types\/product"}],"replies":[{"embeddable":true,"href":"https:\/\/gate21.ee\/et\/wp-json\/wp\/v2\/comments?post=83532"}],"version-history":[{"count":1,"href":"https:\/\/gate21.ee\/et\/wp-json\/wp\/v2\/product\/83532\/revisions"}],"predecessor-version":[{"id":236542,"href":"https:\/\/gate21.ee\/et\/wp-json\/wp\/v2\/product\/83532\/revisions\/236542"}],"wp:featuredmedia":[{"embeddable":true,"href":"https:\/\/gate21.ee\/et\/wp-json\/wp\/v2\/media\/83514"}],"wp:attachment":[{"href":"https:\/\/gate21.ee\/et\/wp-json\/wp\/v2\/media?parent=83532"}],"wp:term":[{"taxonomy":"pwb-brand","embeddable":true,"href":"https:\/\/gate21.ee\/et\/wp-json\/wp\/v2\/pwb-brand?post=83532"},{"taxonomy":"product_brand","embeddable":true,"href":"https:\/\/gate21.ee\/et\/wp-json\/wp\/v2\/product_brand?post=83532"},{"taxonomy":"product_cat","embeddable":true,"href":"https:\/\/gate21.ee\/et\/wp-json\/wp\/v2\/product_cat?post=83532"},{"taxonomy":"product_tag","embeddable":true,"href":"https:\/\/gate21.ee\/et\/wp-json\/wp\/v2\/product_tag?post=83532"}],"curies":[{"name":"wp","href":"https:\/\/api.w.org\/{rel}","templated":true}]}}