{"id":7286,"date":"2020-09-25T14:58:00","date_gmt":"2020-09-25T11:58:00","guid":{"rendered":"https:\/\/gate21.ee\/?post_type=product&#038;p=7286"},"modified":"2026-04-19T12:49:44","modified_gmt":"2026-04-19T09:49:44","slug":"wolf-brown","status":"publish","type":"product","link":"https:\/\/gate21.ee\/et\/shop\/wolf-brown\/","title":{"rendered":"ERER - Hundi k\u00e4ev\u00f5ru - kuldne"},"content":{"rendered":"<p>Kuldse hundi ja kahekordsete rihmadega pruun nahast <a href=\"https:\/\/gate21.ee\/et\/tootekategooria\/jewellery\/bracelets\/\">k\u00e4ev\u00f5ru<\/a><\/p>\n<p>V\u00f5imalik kanda ka choker kaelakeena.<\/p>\n<p>Reguleeritav pikkus 5 auguga<\/p>\n<p>Suurused: M: 15-19cm; L: 19-23cm<\/p>\n<p>Laius: 120 x 2 mm<\/p>\n<p class=\"font_0\">L\u00e4tis Riias asuv <a href=\"https:\/\/gate21.ee\/et\/brand\/erer\/\">\u042fR<\/a> loob nahast k\u00e4sitsi valmistatud aksessuaare.<\/p>\n<p class=\"font_0\"><span class=\"wixGuard\">)<\/span>Ettev\u00f5te sai alguse lihtsast ideest disainida s\u00f5pradele m\u00f5ned k\u00e4ev\u00f5rud.<br \/>\n2010. aastal v\u00f5tsid nad asja t\u00f5sisemalt ette ja edasine on juba ajalugu. N\u00fc\u00fcdseks pakuvad nad laias valikus aksessuaare nii meestele kui naistele. P\u00f5him\u00f5te on aga k\u00f5ikide nende aastate jooksul samaks j\u00e4\u00e4nud - luua lihtsa disainiga kvaliteetseid nahktooteid.<\/p>\n<p><img fetchpriority=\"high\" decoding=\"async\" class=\"alignnone size-medium wp-image-39960 ls-is-cached lazyloaded\" src=\"https:\/\/i1.wp.com\/gate21.ee\/wp-content\/uploads\/2021\/02\/e46d50_7b3e5b19fd924067911822aac266b324mv2_d_4369_1534_s_2.jpg?resize=300%2C146&amp;ssl=1\" alt=\"\" width=\"300\" height=\"300\" data-srcset=\"https:\/\/i1.wp.com\/gate21.ee\/wp-content\/uploads\/2021\/02\/e46d50_7b3e5b19fd924067911822aac266b324mv2_d_4369_1534_s_2.jpg?resize=300%2C146&amp;ssl=1 300w, https:\/\/i1.wp.com\/gate21.ee\/wp-content\/uploads\/2021\/02\/e46d50_7b3e5b19fd924067911822aac266b324mv2_d_4369_1534_s_2.jpg?resize=1024%2C499&amp;ssl=1 1024w, https:\/\/i1.wp.com\/gate21.ee\/wp-content\/uploads\/2021\/02\/e46d50_7b3e5b19fd924067911822aac266b324mv2_d_4369_1534_s_2.jpg?resize=768%2C374&amp;ssl=1 768w, https:\/\/i1.wp.com\/gate21.ee\/wp-content\/uploads\/2021\/02\/e46d50_7b3e5b19fd924067911822aac266b324mv2_d_4369_1534_s_2.jpg?resize=800%2C390&amp;ssl=1 800w, https:\/\/i1.wp.com\/gate21.ee\/wp-content\/uploads\/2021\/02\/e46d50_7b3e5b19fd924067911822aac266b324mv2_d_4369_1534_s_2.jpg?w=1324&amp;ssl=1 1324w\" data-src=\"https:\/\/i1.wp.com\/gate21.ee\/wp-content\/uploads\/2021\/02\/e46d50_7b3e5b19fd924067911822aac266b324mv2_d_4369_1534_s_2.jpg?resize=300%2C146&amp;ssl=1\" data-sizes=\"(max-width: 300px) 100vw, 300px\" srcset=\"https:\/\/gate21.ee\/wp-content\/uploads\/2021\/02\/e46d50_7b3e5b19fd924067911822aac266b324mv2_d_4369_1534_s_2-300x300.jpg 300w, https:\/\/gate21.ee\/wp-content\/uploads\/2021\/02\/e46d50_7b3e5b19fd924067911822aac266b324mv2_d_4369_1534_s_2-100x100.jpg 100w, https:\/\/gate21.ee\/wp-content\/uploads\/2021\/02\/e46d50_7b3e5b19fd924067911822aac266b324mv2_d_4369_1534_s_2-150x150.jpg 150w\" sizes=\"(max-width: 300px) 100vw, 300px\" \/><\/p>","protected":false},"excerpt":{"rendered":"<p>Brown leather double wrap wolf buckle bracelet Can also be worn as a choker necklace Adjustable length with 5 hole options Size: M 15-19cm &amp; L 19-23cm Width: 120 x 2mm Based in Riga, Latvia \u042fR create\u00a0hand-crafted accessories from leather. \u200bWhat started as a simple idea, to design a couple of bracelets for some friends, [&hellip;]<\/p>\n","protected":false},"featured_media":7282,"comment_status":"closed","ping_status":"closed","template":"","meta":{"site-sidebar-layout":"default","site-content-layout":"default","ast-site-content-layout":"default","site-content-style":"default","site-sidebar-style":"default","ast-global-header-display":"","ast-banner-title-visibility":"","ast-main-header-display":"","ast-hfb-above-header-display":"","ast-hfb-below-header-display":"","ast-hfb-mobile-header-display":"","site-post-title":"","ast-breadcrumbs-content":"","ast-featured-img":"","footer-sml-layout":"","ast-disable-related-posts":"","theme-transparent-header-meta":"default","adv-header-id-meta":"","stick-header-meta":"default","header-above-stick-meta":"","header-main-stick-meta":"","header-below-stick-meta":"","astra-migrate-meta-layouts":"default","ast-page-background-enabled":"default","ast-page-background-meta":{"desktop":{"background-color":"","background-image":"","background-repeat":"repeat","background-position":"center center","background-size":"auto","background-attachment":"scroll","background-type":"","background-media":"","overlay-type":"","overlay-color":"","overlay-opacity":"","overlay-gradient":""},"tablet":{"background-color":"","background-image":"","background-repeat":"repeat","background-position":"center center","background-size":"auto","background-attachment":"scroll","background-type":"","background-media":"","overlay-type":"","overlay-color":"","overlay-opacity":"","overlay-gradient":""},"mobile":{"background-color":"","background-image":"","background-repeat":"repeat","background-position":"center center","background-size":"auto","background-attachment":"scroll","background-type":"","background-media":"","overlay-type":"","overlay-color":"","overlay-opacity":"","overlay-gradient":""}},"ast-content-background-meta":{"desktop":{"background-color":"var(--ast-global-color-5)","background-image":"","background-repeat":"repeat","background-position":"center center","background-size":"auto","background-attachment":"scroll","background-type":"","background-media":"","overlay-type":"","overlay-color":"","overlay-opacity":"","overlay-gradient":""},"tablet":{"background-color":"var(--ast-global-color-5)","background-image":"","background-repeat":"repeat","background-position":"center center","background-size":"auto","background-attachment":"scroll","background-type":"","background-media":"","overlay-type":"","overlay-color":"","overlay-opacity":"","overlay-gradient":""},"mobile":{"background-color":"var(--ast-global-color-5)","background-image":"","background-repeat":"repeat","background-position":"center center","background-size":"auto","background-attachment":"scroll","background-type":"","background-media":"","overlay-type":"","overlay-color":"","overlay-opacity":"","overlay-gradient":""}}},"pwb-brand":[399],"product_brand":[],"product_cat":[126,52],"product_tag":[301],"class_list":{"0":"post-7286","1":"product","2":"type-product","3":"status-publish","4":"has-post-thumbnail","6":"pwb-brand-oma_asi","7":"product_cat-bracelets","8":"product_cat-jewellery","9":"product_tag-bracelets","10":"desktop-align-center","11":"tablet-align-center","12":"mobile-align-center","13":"ast-product-gallery-layout-vertical","14":"ast-product-tabs-layout-horizontal","16":"first","17":"instock","18":"taxable","19":"shipping-taxable","20":"purchasable","21":"product-type-simple"},"yoast_head":"<!-- This site is optimized with the Yoast SEO plugin v27.4 - https:\/\/yoast.com\/product\/yoast-seo-wordpress\/ -->\n<title>ERER - Wolf Bracelet - Gold &#8226; Gate21<\/title>\n<meta name=\"robots\" content=\"index, follow, max-snippet:-1, max-image-preview:large, max-video-preview:-1\" \/>\n<link rel=\"canonical\" href=\"https:\/\/gate21.ee\/et\/shop\/wolf-brown\/\" \/>\n<meta property=\"og:locale\" content=\"et_EE\" \/>\n<meta property=\"og:type\" content=\"article\" \/>\n<meta property=\"og:title\" content=\"ERER - Wolf Bracelet - Gold &#8226; Gate21\" \/>\n<meta property=\"og:description\" content=\"Brown leather double wrap wolf buckle bracelet Can also be worn as a choker necklace Adjustable length with 5 hole options Size: M 15-19cm &amp; L 19-23cm Width: 120 x 2mm Based in Riga, Latvia \u042fR create\u00a0hand-crafted accessories from leather. \u200bWhat started as a simple idea, to design a couple of bracelets for some friends, [&hellip;]\" \/>\n<meta property=\"og:url\" content=\"https:\/\/gate21.ee\/et\/shop\/wolf-brown\/\" \/>\n<meta property=\"og:site_name\" content=\"Gate21\" \/>\n<meta property=\"article:publisher\" content=\"https:\/\/www.facebook.com\/gate21.ee\/\" \/>\n<meta property=\"article:modified_time\" content=\"2026-04-19T09:49:44+00:00\" \/>\n<meta property=\"og:image\" content=\"https:\/\/gate21.ee\/wp-content\/uploads\/2020\/09\/Brown-1.jpg\" \/>\n\t<meta property=\"og:image:width\" content=\"500\" \/>\n\t<meta property=\"og:image:height\" content=\"333\" \/>\n\t<meta property=\"og:image:type\" content=\"image\/jpeg\" \/>\n<meta name=\"twitter:card\" content=\"summary_large_image\" \/>\n<meta name=\"twitter:label1\" content=\"Est. reading time\" \/>\n\t<meta name=\"twitter:data1\" content=\"1 minut\" \/>\n<script type=\"application\/ld+json\" class=\"yoast-schema-graph\">{\"@context\":\"https:\\\/\\\/schema.org\",\"@graph\":[{\"@type\":\"WebPage\",\"@id\":\"https:\\\/\\\/gate21.ee\\\/shop\\\/wolf-brown\\\/\",\"url\":\"https:\\\/\\\/gate21.ee\\\/shop\\\/wolf-brown\\\/\",\"name\":\"ERER - Wolf Bracelet - Gold &#8226; Gate21\",\"isPartOf\":{\"@id\":\"https:\\\/\\\/gate21.ee\\\/#website\"},\"primaryImageOfPage\":{\"@id\":\"https:\\\/\\\/gate21.ee\\\/shop\\\/wolf-brown\\\/#primaryimage\"},\"image\":{\"@id\":\"https:\\\/\\\/gate21.ee\\\/shop\\\/wolf-brown\\\/#primaryimage\"},\"thumbnailUrl\":\"https:\\\/\\\/gate21.ee\\\/wp-content\\\/uploads\\\/2020\\\/09\\\/Brown-1.jpg\",\"datePublished\":\"2020-09-25T11:58:00+00:00\",\"dateModified\":\"2026-04-19T09:49:44+00:00\",\"breadcrumb\":{\"@id\":\"https:\\\/\\\/gate21.ee\\\/shop\\\/wolf-brown\\\/#breadcrumb\"},\"inLanguage\":\"et\",\"potentialAction\":[{\"@type\":\"ReadAction\",\"target\":[\"https:\\\/\\\/gate21.ee\\\/shop\\\/wolf-brown\\\/\"]}]},{\"@type\":\"ImageObject\",\"inLanguage\":\"et\",\"@id\":\"https:\\\/\\\/gate21.ee\\\/shop\\\/wolf-brown\\\/#primaryimage\",\"url\":\"https:\\\/\\\/gate21.ee\\\/wp-content\\\/uploads\\\/2020\\\/09\\\/Brown-1.jpg\",\"contentUrl\":\"https:\\\/\\\/gate21.ee\\\/wp-content\\\/uploads\\\/2020\\\/09\\\/Brown-1.jpg\",\"width\":500,\"height\":333,\"caption\":\"The ERER Wolf Bracelet - Silver is a dark brown leather wrap bracelet with a silver wolf head metal clasp. Its simple, rustic style and detailed finish make it an ideal, unique choice for any gift shop collection. Gate21.ee\"},{\"@type\":\"BreadcrumbList\",\"@id\":\"https:\\\/\\\/gate21.ee\\\/shop\\\/wolf-brown\\\/#breadcrumb\",\"itemListElement\":[{\"@type\":\"ListItem\",\"position\":1,\"name\":\"Home\",\"item\":\"https:\\\/\\\/gate21.ee\\\/\"},{\"@type\":\"ListItem\",\"position\":2,\"name\":\"ERER &#8211; Wolf Bracelet &#8211; Gold\"}]},{\"@type\":\"WebSite\",\"@id\":\"https:\\\/\\\/gate21.ee\\\/#website\",\"url\":\"https:\\\/\\\/gate21.ee\\\/\",\"name\":\"Gate21\",\"description\":\"Gift concept store Gate21\",\"publisher\":{\"@id\":\"https:\\\/\\\/gate21.ee\\\/#organization\"},\"alternateName\":\"gate21\",\"potentialAction\":[{\"@type\":\"SearchAction\",\"target\":{\"@type\":\"EntryPoint\",\"urlTemplate\":\"https:\\\/\\\/gate21.ee\\\/?s={search_term_string}\"},\"query-input\":{\"@type\":\"PropertyValueSpecification\",\"valueRequired\":true,\"valueName\":\"search_term_string\"}}],\"inLanguage\":\"et\"},{\"@type\":\"Organization\",\"@id\":\"https:\\\/\\\/gate21.ee\\\/#organization\",\"name\":\"Gate21\",\"alternateName\":\"Gate21, Oma Asi and Oma Asi Design Store\",\"url\":\"https:\\\/\\\/gate21.ee\\\/\",\"logo\":{\"@type\":\"ImageObject\",\"inLanguage\":\"et\",\"@id\":\"https:\\\/\\\/gate21.ee\\\/#\\\/schema\\\/logo\\\/image\\\/\",\"url\":\"https:\\\/\\\/gate21.ee\\\/wp-content\\\/uploads\\\/2021\\\/11\\\/Gate_21_Logo_2_Valge.png\",\"contentUrl\":\"https:\\\/\\\/gate21.ee\\\/wp-content\\\/uploads\\\/2021\\\/11\\\/Gate_21_Logo_2_Valge.png\",\"width\":2560,\"height\":2560,\"caption\":\"Gate21\"},\"image\":{\"@id\":\"https:\\\/\\\/gate21.ee\\\/#\\\/schema\\\/logo\\\/image\\\/\"},\"sameAs\":[\"https:\\\/\\\/www.facebook.com\\\/gate21.ee\\\/\",\"https:\\\/\\\/www.instagram.com\\\/gate21.ee\\\/\",\"https:\\\/\\\/www.instagram.com\\\/omaasidesign\\\/\",\"https:\\\/\\\/www.instagram.com\\\/omaasi\\\/\",\"https:\\\/\\\/www.facebook.com\\\/omaasidesign\\\/\",\"https:\\\/\\\/www.facebook.com\\\/omaasilittleredhouse\\\/\",\"https:\\\/\\\/www.tiktok.com\\\/@gate21.ee\"]}]}<\/script>\n<!-- \/ Yoast SEO plugin. -->","yoast_head_json":{"title":"ERER - Wolf Bracelet - Gold &#8226; Gate21","robots":{"index":"index","follow":"follow","max-snippet":"max-snippet:-1","max-image-preview":"max-image-preview:large","max-video-preview":"max-video-preview:-1"},"canonical":"https:\/\/gate21.ee\/et\/shop\/wolf-brown\/","og_locale":"et_EE","og_type":"article","og_title":"ERER - Wolf Bracelet - Gold &#8226; Gate21","og_description":"Brown leather double wrap wolf buckle bracelet Can also be worn as a choker necklace Adjustable length with 5 hole options Size: M 15-19cm &amp; L 19-23cm Width: 120 x 2mm Based in Riga, Latvia \u042fR create\u00a0hand-crafted accessories from leather. \u200bWhat started as a simple idea, to design a couple of bracelets for some friends, [&hellip;]","og_url":"https:\/\/gate21.ee\/et\/shop\/wolf-brown\/","og_site_name":"Gate21","article_publisher":"https:\/\/www.facebook.com\/gate21.ee\/","article_modified_time":"2026-04-19T09:49:44+00:00","og_image":[{"width":500,"height":333,"url":"https:\/\/gate21.ee\/wp-content\/uploads\/2020\/09\/Brown-1.jpg","type":"image\/jpeg"}],"twitter_card":"summary_large_image","twitter_misc":{"Est. reading time":"1 minut"},"schema":{"@context":"https:\/\/schema.org","@graph":[{"@type":"WebPage","@id":"https:\/\/gate21.ee\/shop\/wolf-brown\/","url":"https:\/\/gate21.ee\/shop\/wolf-brown\/","name":"ERER - Wolf Bracelet - Gold &#8226; Gate21","isPartOf":{"@id":"https:\/\/gate21.ee\/#website"},"primaryImageOfPage":{"@id":"https:\/\/gate21.ee\/shop\/wolf-brown\/#primaryimage"},"image":{"@id":"https:\/\/gate21.ee\/shop\/wolf-brown\/#primaryimage"},"thumbnailUrl":"https:\/\/gate21.ee\/wp-content\/uploads\/2020\/09\/Brown-1.jpg","datePublished":"2020-09-25T11:58:00+00:00","dateModified":"2026-04-19T09:49:44+00:00","breadcrumb":{"@id":"https:\/\/gate21.ee\/shop\/wolf-brown\/#breadcrumb"},"inLanguage":"et","potentialAction":[{"@type":"ReadAction","target":["https:\/\/gate21.ee\/shop\/wolf-brown\/"]}]},{"@type":"ImageObject","inLanguage":"et","@id":"https:\/\/gate21.ee\/shop\/wolf-brown\/#primaryimage","url":"https:\/\/gate21.ee\/wp-content\/uploads\/2020\/09\/Brown-1.jpg","contentUrl":"https:\/\/gate21.ee\/wp-content\/uploads\/2020\/09\/Brown-1.jpg","width":500,"height":333,"caption":"The ERER Wolf Bracelet - Silver is a dark brown leather wrap bracelet with a silver wolf head metal clasp. Its simple, rustic style and detailed finish make it an ideal, unique choice for any gift shop collection. Gate21.ee"},{"@type":"BreadcrumbList","@id":"https:\/\/gate21.ee\/shop\/wolf-brown\/#breadcrumb","itemListElement":[{"@type":"ListItem","position":1,"name":"Home","item":"https:\/\/gate21.ee\/"},{"@type":"ListItem","position":2,"name":"ERER &#8211; Wolf Bracelet &#8211; Gold"}]},{"@type":"WebSite","@id":"https:\/\/gate21.ee\/#website","url":"https:\/\/gate21.ee\/","name":"Gate21","description":"Gift concept store Gate21","publisher":{"@id":"https:\/\/gate21.ee\/#organization"},"alternateName":"gate21","potentialAction":[{"@type":"SearchAction","target":{"@type":"EntryPoint","urlTemplate":"https:\/\/gate21.ee\/?s={search_term_string}"},"query-input":{"@type":"PropertyValueSpecification","valueRequired":true,"valueName":"search_term_string"}}],"inLanguage":"et"},{"@type":"Organization","@id":"https:\/\/gate21.ee\/#organization","name":"Gate21","alternateName":"Gate21, Oma Asi and Oma Asi Design Store","url":"https:\/\/gate21.ee\/","logo":{"@type":"ImageObject","inLanguage":"et","@id":"https:\/\/gate21.ee\/#\/schema\/logo\/image\/","url":"https:\/\/gate21.ee\/wp-content\/uploads\/2021\/11\/Gate_21_Logo_2_Valge.png","contentUrl":"https:\/\/gate21.ee\/wp-content\/uploads\/2021\/11\/Gate_21_Logo_2_Valge.png","width":2560,"height":2560,"caption":"Gate21"},"image":{"@id":"https:\/\/gate21.ee\/#\/schema\/logo\/image\/"},"sameAs":["https:\/\/www.facebook.com\/gate21.ee\/","https:\/\/www.instagram.com\/gate21.ee\/","https:\/\/www.instagram.com\/omaasidesign\/","https:\/\/www.instagram.com\/omaasi\/","https:\/\/www.facebook.com\/omaasidesign\/","https:\/\/www.facebook.com\/omaasilittleredhouse\/","https:\/\/www.tiktok.com\/@gate21.ee"]}]}},"jetpack_sharing_enabled":true,"brands":[{"id":399,"name":"Oma Asi","slug":"oma_asi"}],"_links":{"self":[{"href":"https:\/\/gate21.ee\/et\/wp-json\/wp\/v2\/product\/7286","targetHints":{"allow":["GET"]}}],"collection":[{"href":"https:\/\/gate21.ee\/et\/wp-json\/wp\/v2\/product"}],"about":[{"href":"https:\/\/gate21.ee\/et\/wp-json\/wp\/v2\/types\/product"}],"replies":[{"embeddable":true,"href":"https:\/\/gate21.ee\/et\/wp-json\/wp\/v2\/comments?post=7286"}],"version-history":[{"count":1,"href":"https:\/\/gate21.ee\/et\/wp-json\/wp\/v2\/product\/7286\/revisions"}],"predecessor-version":[{"id":212932,"href":"https:\/\/gate21.ee\/et\/wp-json\/wp\/v2\/product\/7286\/revisions\/212932"}],"wp:featuredmedia":[{"embeddable":true,"href":"https:\/\/gate21.ee\/et\/wp-json\/wp\/v2\/media\/7282"}],"wp:attachment":[{"href":"https:\/\/gate21.ee\/et\/wp-json\/wp\/v2\/media?parent=7286"}],"wp:term":[{"taxonomy":"pwb-brand","embeddable":true,"href":"https:\/\/gate21.ee\/et\/wp-json\/wp\/v2\/pwb-brand?post=7286"},{"taxonomy":"product_brand","embeddable":true,"href":"https:\/\/gate21.ee\/et\/wp-json\/wp\/v2\/product_brand?post=7286"},{"taxonomy":"product_cat","embeddable":true,"href":"https:\/\/gate21.ee\/et\/wp-json\/wp\/v2\/product_cat?post=7286"},{"taxonomy":"product_tag","embeddable":true,"href":"https:\/\/gate21.ee\/et\/wp-json\/wp\/v2\/product_tag?post=7286"}],"curies":[{"name":"wp","href":"https:\/\/api.w.org\/{rel}","templated":true}]}}