{"id":6841,"date":"2020-09-16T20:00:00","date_gmt":"2020-09-16T17:00:00","guid":{"rendered":"https:\/\/gate21.ee\/?post_type=product&#038;p=6841"},"modified":"2026-01-21T17:53:15","modified_gmt":"2026-01-21T15:53:15","slug":"rope-white-l","status":"publish","type":"product","link":"https:\/\/gate21.ee\/et\/shop\/rope-white-l\/","title":{"rendered":"ROPE \u2013 valge vaas \u2013 M"},"content":{"rendered":"<p>Rope <a href=\"https:\/\/gate21.ee\/et\/tootekategooria\/home\/ceramics\/\">keraamiline<\/a> vaas on ainulaadse disainiga, mis torkab kohe silma, kui ruumi astuda, sinna ei pea isegi midagi lisama. Vaasi v\u00f5ib n\u00f5udepesumasinas pesta ja saab kasutada ka kastekannuna teiste taimede kastmiseks.<\/p>\n<p>M\u00f5\u00f5dud: 30 x 5 x 20 cm<\/p>\n<p><a href=\"https:\/\/gate21.ee\/et\/brand\/dbkd\/\">DBKD<\/a> keskendub disainile, kvaliteedile ja inspiratsioonile \u2013 DBKD on loonud moodsat klassikat alates 2012. aastast Rootsi maapiirkonnas. Nad valmistavad Skandinaavia h\u00f5nguga potte, vaase ja skulptuure, mille eesm\u00e4rk on lisada koju kauneid aktsente, mis kestaksid aastaid.<\/p>\n<div>DBKD teekond sai alguse Rootsi v\u00e4ikelinna Vara aleviku lillepoest. Idee s\u00fcndis kujundada pott, mis oleks ilus ka ilma lilledeta. Sellest ajast peale on nad raske t\u00f6\u00f6 ning loovuse ja r\u00f5\u00f5muga kasvanud \u00fcheks Skandinaavia juhtivaks vaaside ja kodukaunistuse kaubam\u00e4rgiks. DBKD peres on k\u00f5ik v\u00f5rdselt t\u00e4htsad, p\u00fchendunud ja sihivad nii k\u00f5rgele kui v\u00f5imalik, et eesm\u00e4rke saavutada. Tulemuseks on disainid, mida iseloomustavad lihtsad vormid, m\u00e4ngulisus, detailid ja naturaalsed toonid.<\/div>","protected":false},"excerpt":{"rendered":"<p>The Rope vase has a unique, organic design that adds a striking and vivid character to any space. This in one of our favourite ceramic pieces by DBKD, it just looks so good around the home, you don&#8217;t even have to use it&#8230;but it is dishwasher safe so you can use it as a vase [&hellip;]<\/p>\n","protected":false},"featured_media":5492,"comment_status":"closed","ping_status":"closed","template":"","meta":{"site-sidebar-layout":"default","site-content-layout":"default","ast-site-content-layout":"default","site-content-style":"default","site-sidebar-style":"default","ast-global-header-display":"","ast-banner-title-visibility":"","ast-main-header-display":"","ast-hfb-above-header-display":"","ast-hfb-below-header-display":"","ast-hfb-mobile-header-display":"","site-post-title":"","ast-breadcrumbs-content":"","ast-featured-img":"","footer-sml-layout":"","ast-disable-related-posts":"","theme-transparent-header-meta":"default","adv-header-id-meta":"","stick-header-meta":"default","header-above-stick-meta":"","header-main-stick-meta":"","header-below-stick-meta":"","astra-migrate-meta-layouts":"default","ast-page-background-enabled":"default","ast-page-background-meta":{"desktop":{"background-color":"","background-image":"","background-repeat":"repeat","background-position":"center center","background-size":"auto","background-attachment":"scroll","background-type":"","background-media":"","overlay-type":"","overlay-color":"","overlay-opacity":"","overlay-gradient":""},"tablet":{"background-color":"","background-image":"","background-repeat":"repeat","background-position":"center center","background-size":"auto","background-attachment":"scroll","background-type":"","background-media":"","overlay-type":"","overlay-color":"","overlay-opacity":"","overlay-gradient":""},"mobile":{"background-color":"","background-image":"","background-repeat":"repeat","background-position":"center center","background-size":"auto","background-attachment":"scroll","background-type":"","background-media":"","overlay-type":"","overlay-color":"","overlay-opacity":"","overlay-gradient":""}},"ast-content-background-meta":{"desktop":{"background-color":"var(--ast-global-color-5)","background-image":"","background-repeat":"repeat","background-position":"center center","background-size":"auto","background-attachment":"scroll","background-type":"","background-media":"","overlay-type":"","overlay-color":"","overlay-opacity":"","overlay-gradient":""},"tablet":{"background-color":"var(--ast-global-color-5)","background-image":"","background-repeat":"repeat","background-position":"center center","background-size":"auto","background-attachment":"scroll","background-type":"","background-media":"","overlay-type":"","overlay-color":"","overlay-opacity":"","overlay-gradient":""},"mobile":{"background-color":"var(--ast-global-color-5)","background-image":"","background-repeat":"repeat","background-position":"center center","background-size":"auto","background-attachment":"scroll","background-type":"","background-media":"","overlay-type":"","overlay-color":"","overlay-opacity":"","overlay-gradient":""}}},"pwb-brand":[100],"product_brand":[],"product_cat":[139,218,54],"product_tag":[328],"class_list":{"0":"post-6841","1":"product","2":"type-product","3":"status-publish","4":"has-post-thumbnail","6":"pwb-brand-dbkd","7":"product_cat-ceramics","8":"product_cat-home","9":"product_cat-sale","10":"product_tag-vases","11":"desktop-align-center","12":"tablet-align-center","13":"mobile-align-center","14":"ast-product-gallery-layout-vertical","15":"ast-product-tabs-layout-horizontal","17":"first","18":"instock","19":"sale","20":"taxable","21":"shipping-taxable","22":"purchasable","23":"product-type-simple"},"yoast_head":"<!-- This site is optimized with the Yoast SEO plugin v27.4 - https:\/\/yoast.com\/product\/yoast-seo-wordpress\/ -->\n<title>ROPE - White - M &#8226; Gate21<\/title>\n<meta name=\"description\" content=\"The ceramic Rope vase by DBKD has a unique, organic design that adds a striking and vivid character to any space. You can also use it as watering can!\" \/>\n<meta name=\"robots\" content=\"index, follow, max-snippet:-1, max-image-preview:large, max-video-preview:-1\" \/>\n<link rel=\"canonical\" href=\"https:\/\/gate21.ee\/et\/shop\/rope-white-l\/\" \/>\n<meta property=\"og:locale\" content=\"et_EE\" \/>\n<meta property=\"og:type\" content=\"article\" \/>\n<meta property=\"og:title\" content=\"ROPE - White - M &#8226; Gate21\" \/>\n<meta property=\"og:description\" content=\"The ceramic Rope vase by DBKD has a unique, organic design that adds a striking and vivid character to any space. You can also use it as watering can!\" \/>\n<meta property=\"og:url\" content=\"https:\/\/gate21.ee\/et\/shop\/rope-white-l\/\" \/>\n<meta property=\"og:site_name\" content=\"Gate21\" \/>\n<meta property=\"article:publisher\" content=\"https:\/\/www.facebook.com\/gate21.ee\/\" \/>\n<meta property=\"article:modified_time\" content=\"2026-01-21T15:53:15+00:00\" \/>\n<meta property=\"og:image\" content=\"https:\/\/gate21.ee\/wp-content\/uploads\/2020\/08\/20191211w_rope_medium_white.png\" \/>\n\t<meta property=\"og:image:width\" content=\"496\" \/>\n\t<meta property=\"og:image:height\" content=\"496\" \/>\n\t<meta property=\"og:image:type\" content=\"image\/png\" \/>\n<meta name=\"twitter:card\" content=\"summary_large_image\" \/>\n<meta name=\"twitter:label1\" content=\"Est. reading time\" \/>\n\t<meta name=\"twitter:data1\" content=\"2 minutit\" \/>\n<script type=\"application\/ld+json\" class=\"yoast-schema-graph\">{\"@context\":\"https:\\\/\\\/schema.org\",\"@graph\":[{\"@type\":\"WebPage\",\"@id\":\"https:\\\/\\\/gate21.ee\\\/shop\\\/rope-white-l\\\/\",\"url\":\"https:\\\/\\\/gate21.ee\\\/shop\\\/rope-white-l\\\/\",\"name\":\"ROPE - White - M &#8226; Gate21\",\"isPartOf\":{\"@id\":\"https:\\\/\\\/gate21.ee\\\/#website\"},\"primaryImageOfPage\":{\"@id\":\"https:\\\/\\\/gate21.ee\\\/shop\\\/rope-white-l\\\/#primaryimage\"},\"image\":{\"@id\":\"https:\\\/\\\/gate21.ee\\\/shop\\\/rope-white-l\\\/#primaryimage\"},\"thumbnailUrl\":\"https:\\\/\\\/gate21.ee\\\/wp-content\\\/uploads\\\/2020\\\/08\\\/20191211w_rope_medium_white.png\",\"datePublished\":\"2020-09-16T17:00:00+00:00\",\"dateModified\":\"2026-01-21T15:53:15+00:00\",\"description\":\"The ceramic Rope vase by DBKD has a unique, organic design that adds a striking and vivid character to any space. You can also use it as watering can!\",\"breadcrumb\":{\"@id\":\"https:\\\/\\\/gate21.ee\\\/shop\\\/rope-white-l\\\/#breadcrumb\"},\"inLanguage\":\"et\",\"potentialAction\":[{\"@type\":\"ReadAction\",\"target\":[\"https:\\\/\\\/gate21.ee\\\/shop\\\/rope-white-l\\\/\"]}]},{\"@type\":\"ImageObject\",\"inLanguage\":\"et\",\"@id\":\"https:\\\/\\\/gate21.ee\\\/shop\\\/rope-white-l\\\/#primaryimage\",\"url\":\"https:\\\/\\\/gate21.ee\\\/wp-content\\\/uploads\\\/2020\\\/08\\\/20191211w_rope_medium_white.png\",\"contentUrl\":\"https:\\\/\\\/gate21.ee\\\/wp-content\\\/uploads\\\/2020\\\/08\\\/20191211w_rope_medium_white.png\",\"width\":496,\"height\":496,\"caption\":\"The ROPE - White - L is a modern ceramic vase with three rounded arches and a vertical cylindrical opening on the right, exemplifying smooth Estonian design\u2014a striking addition to any gift shop or concept store. Gate21.ee\"},{\"@type\":\"BreadcrumbList\",\"@id\":\"https:\\\/\\\/gate21.ee\\\/shop\\\/rope-white-l\\\/#breadcrumb\",\"itemListElement\":[{\"@type\":\"ListItem\",\"position\":1,\"name\":\"Home\",\"item\":\"https:\\\/\\\/gate21.ee\\\/\"},{\"@type\":\"ListItem\",\"position\":2,\"name\":\"ROPE &#8211; White &#8211; M\"}]},{\"@type\":\"WebSite\",\"@id\":\"https:\\\/\\\/gate21.ee\\\/#website\",\"url\":\"https:\\\/\\\/gate21.ee\\\/\",\"name\":\"Gate21\",\"description\":\"Gift concept store Gate21\",\"publisher\":{\"@id\":\"https:\\\/\\\/gate21.ee\\\/#organization\"},\"alternateName\":\"gate21\",\"potentialAction\":[{\"@type\":\"SearchAction\",\"target\":{\"@type\":\"EntryPoint\",\"urlTemplate\":\"https:\\\/\\\/gate21.ee\\\/?s={search_term_string}\"},\"query-input\":{\"@type\":\"PropertyValueSpecification\",\"valueRequired\":true,\"valueName\":\"search_term_string\"}}],\"inLanguage\":\"et\"},{\"@type\":\"Organization\",\"@id\":\"https:\\\/\\\/gate21.ee\\\/#organization\",\"name\":\"Gate21\",\"alternateName\":\"Gate21, Oma Asi and Oma Asi Design Store\",\"url\":\"https:\\\/\\\/gate21.ee\\\/\",\"logo\":{\"@type\":\"ImageObject\",\"inLanguage\":\"et\",\"@id\":\"https:\\\/\\\/gate21.ee\\\/#\\\/schema\\\/logo\\\/image\\\/\",\"url\":\"https:\\\/\\\/gate21.ee\\\/wp-content\\\/uploads\\\/2021\\\/11\\\/Gate_21_Logo_2_Valge.png\",\"contentUrl\":\"https:\\\/\\\/gate21.ee\\\/wp-content\\\/uploads\\\/2021\\\/11\\\/Gate_21_Logo_2_Valge.png\",\"width\":2560,\"height\":2560,\"caption\":\"Gate21\"},\"image\":{\"@id\":\"https:\\\/\\\/gate21.ee\\\/#\\\/schema\\\/logo\\\/image\\\/\"},\"sameAs\":[\"https:\\\/\\\/www.facebook.com\\\/gate21.ee\\\/\",\"https:\\\/\\\/www.instagram.com\\\/gate21.ee\\\/\",\"https:\\\/\\\/www.instagram.com\\\/omaasidesign\\\/\",\"https:\\\/\\\/www.instagram.com\\\/omaasi\\\/\",\"https:\\\/\\\/www.facebook.com\\\/omaasidesign\\\/\",\"https:\\\/\\\/www.facebook.com\\\/omaasilittleredhouse\\\/\",\"https:\\\/\\\/www.tiktok.com\\\/@gate21.ee\"]}]}<\/script>\n<!-- \/ Yoast SEO plugin. -->","yoast_head_json":{"title":"ROPE - White - M &#8226; Gate21","description":"The ceramic Rope vase by DBKD has a unique, organic design that adds a striking and vivid character to any space. You can also use it as watering can!","robots":{"index":"index","follow":"follow","max-snippet":"max-snippet:-1","max-image-preview":"max-image-preview:large","max-video-preview":"max-video-preview:-1"},"canonical":"https:\/\/gate21.ee\/et\/shop\/rope-white-l\/","og_locale":"et_EE","og_type":"article","og_title":"ROPE - White - M &#8226; Gate21","og_description":"The ceramic Rope vase by DBKD has a unique, organic design that adds a striking and vivid character to any space. You can also use it as watering can!","og_url":"https:\/\/gate21.ee\/et\/shop\/rope-white-l\/","og_site_name":"Gate21","article_publisher":"https:\/\/www.facebook.com\/gate21.ee\/","article_modified_time":"2026-01-21T15:53:15+00:00","og_image":[{"width":496,"height":496,"url":"https:\/\/gate21.ee\/wp-content\/uploads\/2020\/08\/20191211w_rope_medium_white.png","type":"image\/png"}],"twitter_card":"summary_large_image","twitter_misc":{"Est. reading time":"2 minutit"},"schema":{"@context":"https:\/\/schema.org","@graph":[{"@type":"WebPage","@id":"https:\/\/gate21.ee\/shop\/rope-white-l\/","url":"https:\/\/gate21.ee\/shop\/rope-white-l\/","name":"ROPE - White - M &#8226; Gate21","isPartOf":{"@id":"https:\/\/gate21.ee\/#website"},"primaryImageOfPage":{"@id":"https:\/\/gate21.ee\/shop\/rope-white-l\/#primaryimage"},"image":{"@id":"https:\/\/gate21.ee\/shop\/rope-white-l\/#primaryimage"},"thumbnailUrl":"https:\/\/gate21.ee\/wp-content\/uploads\/2020\/08\/20191211w_rope_medium_white.png","datePublished":"2020-09-16T17:00:00+00:00","dateModified":"2026-01-21T15:53:15+00:00","description":"The ceramic Rope vase by DBKD has a unique, organic design that adds a striking and vivid character to any space. You can also use it as watering can!","breadcrumb":{"@id":"https:\/\/gate21.ee\/shop\/rope-white-l\/#breadcrumb"},"inLanguage":"et","potentialAction":[{"@type":"ReadAction","target":["https:\/\/gate21.ee\/shop\/rope-white-l\/"]}]},{"@type":"ImageObject","inLanguage":"et","@id":"https:\/\/gate21.ee\/shop\/rope-white-l\/#primaryimage","url":"https:\/\/gate21.ee\/wp-content\/uploads\/2020\/08\/20191211w_rope_medium_white.png","contentUrl":"https:\/\/gate21.ee\/wp-content\/uploads\/2020\/08\/20191211w_rope_medium_white.png","width":496,"height":496,"caption":"The ROPE - White - L is a modern ceramic vase with three rounded arches and a vertical cylindrical opening on the right, exemplifying smooth Estonian design\u2014a striking addition to any gift shop or concept store. Gate21.ee"},{"@type":"BreadcrumbList","@id":"https:\/\/gate21.ee\/shop\/rope-white-l\/#breadcrumb","itemListElement":[{"@type":"ListItem","position":1,"name":"Home","item":"https:\/\/gate21.ee\/"},{"@type":"ListItem","position":2,"name":"ROPE &#8211; White &#8211; M"}]},{"@type":"WebSite","@id":"https:\/\/gate21.ee\/#website","url":"https:\/\/gate21.ee\/","name":"Gate21","description":"Kingituskontseptsioonipood Gate21","publisher":{"@id":"https:\/\/gate21.ee\/#organization"},"alternateName":"gate21","potentialAction":[{"@type":"SearchAction","target":{"@type":"EntryPoint","urlTemplate":"https:\/\/gate21.ee\/?s={search_term_string}"},"query-input":{"@type":"PropertyValueSpecification","valueRequired":true,"valueName":"search_term_string"}}],"inLanguage":"et"},{"@type":"Organization","@id":"https:\/\/gate21.ee\/#organization","name":"Gate21","alternateName":"Gate21, Oma Asi and Oma Asi Design Store","url":"https:\/\/gate21.ee\/","logo":{"@type":"ImageObject","inLanguage":"et","@id":"https:\/\/gate21.ee\/#\/schema\/logo\/image\/","url":"https:\/\/gate21.ee\/wp-content\/uploads\/2021\/11\/Gate_21_Logo_2_Valge.png","contentUrl":"https:\/\/gate21.ee\/wp-content\/uploads\/2021\/11\/Gate_21_Logo_2_Valge.png","width":2560,"height":2560,"caption":"Gate21"},"image":{"@id":"https:\/\/gate21.ee\/#\/schema\/logo\/image\/"},"sameAs":["https:\/\/www.facebook.com\/gate21.ee\/","https:\/\/www.instagram.com\/gate21.ee\/","https:\/\/www.instagram.com\/omaasidesign\/","https:\/\/www.instagram.com\/omaasi\/","https:\/\/www.facebook.com\/omaasidesign\/","https:\/\/www.facebook.com\/omaasilittleredhouse\/","https:\/\/www.tiktok.com\/@gate21.ee"]}]}},"jetpack_sharing_enabled":true,"brands":[{"id":100,"name":"DBKD","slug":"dbkd"}],"_links":{"self":[{"href":"https:\/\/gate21.ee\/et\/wp-json\/wp\/v2\/product\/6841","targetHints":{"allow":["GET"]}}],"collection":[{"href":"https:\/\/gate21.ee\/et\/wp-json\/wp\/v2\/product"}],"about":[{"href":"https:\/\/gate21.ee\/et\/wp-json\/wp\/v2\/types\/product"}],"replies":[{"embeddable":true,"href":"https:\/\/gate21.ee\/et\/wp-json\/wp\/v2\/comments?post=6841"}],"version-history":[{"count":1,"href":"https:\/\/gate21.ee\/et\/wp-json\/wp\/v2\/product\/6841\/revisions"}],"predecessor-version":[{"id":240573,"href":"https:\/\/gate21.ee\/et\/wp-json\/wp\/v2\/product\/6841\/revisions\/240573"}],"wp:featuredmedia":[{"embeddable":true,"href":"https:\/\/gate21.ee\/et\/wp-json\/wp\/v2\/media\/5492"}],"wp:attachment":[{"href":"https:\/\/gate21.ee\/et\/wp-json\/wp\/v2\/media?parent=6841"}],"wp:term":[{"taxonomy":"pwb-brand","embeddable":true,"href":"https:\/\/gate21.ee\/et\/wp-json\/wp\/v2\/pwb-brand?post=6841"},{"taxonomy":"product_brand","embeddable":true,"href":"https:\/\/gate21.ee\/et\/wp-json\/wp\/v2\/product_brand?post=6841"},{"taxonomy":"product_cat","embeddable":true,"href":"https:\/\/gate21.ee\/et\/wp-json\/wp\/v2\/product_cat?post=6841"},{"taxonomy":"product_tag","embeddable":true,"href":"https:\/\/gate21.ee\/et\/wp-json\/wp\/v2\/product_tag?post=6841"}],"curies":[{"name":"wp","href":"https:\/\/api.w.org\/{rel}","templated":true}]}}