{"id":6290,"date":"2020-09-05T17:48:39","date_gmt":"2020-09-05T14:48:39","guid":{"rendered":"https:\/\/gate21.ee\/?post_type=product&#038;p=6290"},"modified":"2025-11-03T18:52:51","modified_gmt":"2025-11-03T16:52:51","slug":"pink-rose-gold-leather","status":"publish","type":"product","link":"https:\/\/gate21.ee\/et\/shop\/pink-rose-gold-leather\/","title":{"rendered":"Sinine \/ Kreem \/ 40mm"},"content":{"rendered":"<p>Alates esimeste mehaaniliste kellade valmistamisest 1200ndatel on need koosnenud numbrilauast ja kahest osutist. Steen Georg Christensen ja Erling Andersen aga tahtsid luua uue variandi ning t\u00f6\u00f6tasid v\u00e4lja p\u00f6\u00f6rleva sihverplaadiga PICTO kella.<\/p>\n<table id=\"product-attribute-specs-table\" class=\"data-table\">\n<tbody>\n<tr class=\"odd\">\n<th class=\"label\">Suurus<\/th>\n<td class=\"data last\">40 mm<\/td>\n<\/tr>\n<tr class=\"even\">\n<th class=\"label\">Sihverplaadi v\u00e4rv<\/th>\n<td class=\"data last\">Kreem<\/td>\n<\/tr>\n<tr class=\"odd\">\n<th class=\"label\">Raam<\/th>\n<td class=\"data last\">Poleeritud vargus<\/td>\n<\/tr>\n<tr class=\"even\">\n<th class=\"label\">Rihma materjal<\/th>\n<td class=\"data last\">Nahast rihm<\/td>\n<\/tr>\n<tr class=\"odd\">\n<th class=\"label\">Rihma v\u00e4rv<\/th>\n<td class=\"data last\">Kesk\u00f6\u00f6 sinine<\/td>\n<\/tr>\n<tr class=\"even\">\n<th class=\"label\">Rihma laius<\/th>\n<td class=\"data last\">20 mm<\/td>\n<\/tr>\n<\/tbody>\n<\/table>","protected":false},"excerpt":{"rendered":"<p>Ever since the first mechanical clocks were made in the 1200s, they have consisted of a face and two hands, Steen Georg Christensen and Erling Andersen challenged the norm and developed the PICTO watch with rotating dial. Size 40 mm Dial Color Cream Bezel Polished steal Strap Material Leather strap Strap Color Midnight blue Strap [&hellip;]<\/p>\n","protected":false},"featured_media":238508,"comment_status":"closed","ping_status":"closed","template":"","meta":{"site-sidebar-layout":"default","site-content-layout":"default","ast-site-content-layout":"default","site-content-style":"default","site-sidebar-style":"default","ast-global-header-display":"","ast-banner-title-visibility":"","ast-main-header-display":"","ast-hfb-above-header-display":"","ast-hfb-below-header-display":"","ast-hfb-mobile-header-display":"","site-post-title":"","ast-breadcrumbs-content":"","ast-featured-img":"","footer-sml-layout":"","ast-disable-related-posts":"","theme-transparent-header-meta":"default","adv-header-id-meta":"","stick-header-meta":"default","header-above-stick-meta":"","header-main-stick-meta":"","header-below-stick-meta":"","astra-migrate-meta-layouts":"set","ast-page-background-enabled":"default","ast-page-background-meta":{"desktop":{"background-color":"","background-image":"","background-repeat":"repeat","background-position":"center center","background-size":"auto","background-attachment":"scroll","background-type":"","background-media":"","overlay-type":"","overlay-color":"","overlay-opacity":"","overlay-gradient":""},"tablet":{"background-color":"","background-image":"","background-repeat":"repeat","background-position":"center center","background-size":"auto","background-attachment":"scroll","background-type":"","background-media":"","overlay-type":"","overlay-color":"","overlay-opacity":"","overlay-gradient":""},"mobile":{"background-color":"","background-image":"","background-repeat":"repeat","background-position":"center center","background-size":"auto","background-attachment":"scroll","background-type":"","background-media":"","overlay-type":"","overlay-color":"","overlay-opacity":"","overlay-gradient":""}},"ast-content-background-meta":{"desktop":{"background-color":"var(--ast-global-color-5)","background-image":"","background-repeat":"repeat","background-position":"center center","background-size":"auto","background-attachment":"scroll","background-type":"","background-media":"","overlay-type":"","overlay-color":"","overlay-opacity":"","overlay-gradient":""},"tablet":{"background-color":"var(--ast-global-color-5)","background-image":"","background-repeat":"repeat","background-position":"center center","background-size":"auto","background-attachment":"scroll","background-type":"","background-media":"","overlay-type":"","overlay-color":"","overlay-opacity":"","overlay-gradient":""},"mobile":{"background-color":"var(--ast-global-color-5)","background-image":"","background-repeat":"repeat","background-position":"center center","background-size":"auto","background-attachment":"scroll","background-type":"","background-media":"","overlay-type":"","overlay-color":"","overlay-opacity":"","overlay-gradient":""}}},"pwb-brand":[165],"product_brand":[],"product_cat":[213,365],"product_tag":[334],"class_list":{"0":"post-6290","1":"product","2":"type-product","3":"status-publish","4":"has-post-thumbnail","6":"pwb-brand-picto","7":"product_cat-accessories","8":"product_cat-watches-accessories","9":"product_tag-watch","10":"desktop-align-center","11":"tablet-align-center","12":"mobile-align-center","13":"ast-product-gallery-layout-vertical","14":"ast-product-tabs-layout-horizontal","16":"first","17":"instock","18":"taxable","19":"shipping-taxable","20":"purchasable","21":"product-type-simple"},"yoast_head":"<!-- This site is optimized with the Yoast SEO plugin v27.4 - https:\/\/yoast.com\/product\/yoast-seo-wordpress\/ -->\n<title>Midnight Blue \/ Cream \/ 40mm &#8226; Gate21<\/title>\n<meta name=\"description\" content=\"Steen Georg Christensen and Erling Andersen challenged the norm and developed the PICTO watch with rotating dial.\" \/>\n<meta name=\"robots\" content=\"index, follow, max-snippet:-1, max-image-preview:large, max-video-preview:-1\" \/>\n<link rel=\"canonical\" href=\"https:\/\/gate21.ee\/et\/shop\/pink-rose-gold-leather\/\" \/>\n<meta property=\"og:locale\" content=\"et_EE\" \/>\n<meta property=\"og:type\" content=\"article\" \/>\n<meta property=\"og:title\" content=\"Midnight Blue \/ Cream \/ 40mm &#8226; Gate21\" \/>\n<meta property=\"og:description\" content=\"Steen Georg Christensen and Erling Andersen challenged the norm and developed the PICTO watch with rotating dial.\" \/>\n<meta property=\"og:url\" content=\"https:\/\/gate21.ee\/et\/shop\/pink-rose-gold-leather\/\" \/>\n<meta property=\"og:site_name\" content=\"Gate21\" \/>\n<meta property=\"article:publisher\" content=\"https:\/\/www.facebook.com\/gate21.ee\/\" \/>\n<meta property=\"article:modified_time\" content=\"2025-11-03T16:52:51+00:00\" \/>\n<meta property=\"og:image\" content=\"https:\/\/gate21.ee\/wp-content\/uploads\/2020\/09\/picto_43348-6720c_2_ring_face_45.png.webp\" \/>\n\t<meta property=\"og:image:width\" content=\"600\" \/>\n\t<meta property=\"og:image:height\" content=\"750\" \/>\n\t<meta property=\"og:image:type\" content=\"image\/webp\" \/>\n<meta name=\"twitter:card\" content=\"summary_large_image\" \/>\n<meta name=\"twitter:label1\" content=\"Est. reading time\" \/>\n\t<meta name=\"twitter:data1\" content=\"1 minut\" \/>\n<script type=\"application\/ld+json\" class=\"yoast-schema-graph\">{\"@context\":\"https:\\\/\\\/schema.org\",\"@graph\":[{\"@type\":\"WebPage\",\"@id\":\"https:\\\/\\\/gate21.ee\\\/shop\\\/pink-rose-gold-leather\\\/\",\"url\":\"https:\\\/\\\/gate21.ee\\\/shop\\\/pink-rose-gold-leather\\\/\",\"name\":\"Midnight Blue \\\/ Cream \\\/ 40mm &#8226; Gate21\",\"isPartOf\":{\"@id\":\"https:\\\/\\\/gate21.ee\\\/#website\"},\"primaryImageOfPage\":{\"@id\":\"https:\\\/\\\/gate21.ee\\\/shop\\\/pink-rose-gold-leather\\\/#primaryimage\"},\"image\":{\"@id\":\"https:\\\/\\\/gate21.ee\\\/shop\\\/pink-rose-gold-leather\\\/#primaryimage\"},\"thumbnailUrl\":\"https:\\\/\\\/gate21.ee\\\/wp-content\\\/uploads\\\/2020\\\/09\\\/picto_43348-6720c_2_ring_face_45.png.webp\",\"datePublished\":\"2020-09-05T14:48:39+00:00\",\"dateModified\":\"2025-11-03T16:52:51+00:00\",\"description\":\"Steen Georg Christensen and Erling Andersen challenged the norm and developed the PICTO watch with rotating dial.\",\"breadcrumb\":{\"@id\":\"https:\\\/\\\/gate21.ee\\\/shop\\\/pink-rose-gold-leather\\\/#breadcrumb\"},\"inLanguage\":\"et\",\"potentialAction\":[{\"@type\":\"ReadAction\",\"target\":[\"https:\\\/\\\/gate21.ee\\\/shop\\\/pink-rose-gold-leather\\\/\"]}]},{\"@type\":\"ImageObject\",\"inLanguage\":\"et\",\"@id\":\"https:\\\/\\\/gate21.ee\\\/shop\\\/pink-rose-gold-leather\\\/#primaryimage\",\"url\":\"https:\\\/\\\/gate21.ee\\\/wp-content\\\/uploads\\\/2020\\\/09\\\/picto_43348-6720c_2_ring_face_45.png.webp\",\"contentUrl\":\"https:\\\/\\\/gate21.ee\\\/wp-content\\\/uploads\\\/2020\\\/09\\\/picto_43348-6720c_2_ring_face_45.png.webp\",\"width\":600,\"height\":750,\"caption\":\"The Midnight Blue \\\/ Cream \\\/ 40mm is a minimalist PICTO watch featuring a brown case, cream face, blue leather strap, single blue hand with a small blue dot, and a clean design without numbers or markers. Gate21.ee\"},{\"@type\":\"BreadcrumbList\",\"@id\":\"https:\\\/\\\/gate21.ee\\\/shop\\\/pink-rose-gold-leather\\\/#breadcrumb\",\"itemListElement\":[{\"@type\":\"ListItem\",\"position\":1,\"name\":\"Home\",\"item\":\"https:\\\/\\\/gate21.ee\\\/\"},{\"@type\":\"ListItem\",\"position\":2,\"name\":\"Midnight Blue \\\/ Cream \\\/ 40mm\"}]},{\"@type\":\"WebSite\",\"@id\":\"https:\\\/\\\/gate21.ee\\\/#website\",\"url\":\"https:\\\/\\\/gate21.ee\\\/\",\"name\":\"Gate21\",\"description\":\"Gift concept store Gate21\",\"publisher\":{\"@id\":\"https:\\\/\\\/gate21.ee\\\/#organization\"},\"alternateName\":\"gate21\",\"potentialAction\":[{\"@type\":\"SearchAction\",\"target\":{\"@type\":\"EntryPoint\",\"urlTemplate\":\"https:\\\/\\\/gate21.ee\\\/?s={search_term_string}\"},\"query-input\":{\"@type\":\"PropertyValueSpecification\",\"valueRequired\":true,\"valueName\":\"search_term_string\"}}],\"inLanguage\":\"et\"},{\"@type\":\"Organization\",\"@id\":\"https:\\\/\\\/gate21.ee\\\/#organization\",\"name\":\"Gate21\",\"alternateName\":\"Gate21, Oma Asi and Oma Asi Design Store\",\"url\":\"https:\\\/\\\/gate21.ee\\\/\",\"logo\":{\"@type\":\"ImageObject\",\"inLanguage\":\"et\",\"@id\":\"https:\\\/\\\/gate21.ee\\\/#\\\/schema\\\/logo\\\/image\\\/\",\"url\":\"https:\\\/\\\/gate21.ee\\\/wp-content\\\/uploads\\\/2021\\\/11\\\/Gate_21_Logo_2_Valge.png\",\"contentUrl\":\"https:\\\/\\\/gate21.ee\\\/wp-content\\\/uploads\\\/2021\\\/11\\\/Gate_21_Logo_2_Valge.png\",\"width\":2560,\"height\":2560,\"caption\":\"Gate21\"},\"image\":{\"@id\":\"https:\\\/\\\/gate21.ee\\\/#\\\/schema\\\/logo\\\/image\\\/\"},\"sameAs\":[\"https:\\\/\\\/www.facebook.com\\\/gate21.ee\\\/\",\"https:\\\/\\\/www.instagram.com\\\/gate21.ee\\\/\",\"https:\\\/\\\/www.instagram.com\\\/omaasidesign\\\/\",\"https:\\\/\\\/www.instagram.com\\\/omaasi\\\/\",\"https:\\\/\\\/www.facebook.com\\\/omaasidesign\\\/\",\"https:\\\/\\\/www.facebook.com\\\/omaasilittleredhouse\\\/\",\"https:\\\/\\\/www.tiktok.com\\\/@gate21.ee\"]}]}<\/script>\n<!-- \/ Yoast SEO plugin. -->","yoast_head_json":{"title":"Midnight Blue \/ Cream \/ 40mm &#8226; Gate21","description":"Steen Georg Christensen and Erling Andersen challenged the norm and developed the PICTO watch with rotating dial.","robots":{"index":"index","follow":"follow","max-snippet":"max-snippet:-1","max-image-preview":"max-image-preview:large","max-video-preview":"max-video-preview:-1"},"canonical":"https:\/\/gate21.ee\/et\/shop\/pink-rose-gold-leather\/","og_locale":"et_EE","og_type":"article","og_title":"Midnight Blue \/ Cream \/ 40mm &#8226; Gate21","og_description":"Steen Georg Christensen and Erling Andersen challenged the norm and developed the PICTO watch with rotating dial.","og_url":"https:\/\/gate21.ee\/et\/shop\/pink-rose-gold-leather\/","og_site_name":"Gate21","article_publisher":"https:\/\/www.facebook.com\/gate21.ee\/","article_modified_time":"2025-11-03T16:52:51+00:00","og_image":[{"width":600,"height":750,"url":"https:\/\/gate21.ee\/wp-content\/uploads\/2020\/09\/picto_43348-6720c_2_ring_face_45.png.webp","type":"image\/webp"}],"twitter_card":"summary_large_image","twitter_misc":{"Est. reading time":"1 minut"},"schema":{"@context":"https:\/\/schema.org","@graph":[{"@type":"WebPage","@id":"https:\/\/gate21.ee\/shop\/pink-rose-gold-leather\/","url":"https:\/\/gate21.ee\/shop\/pink-rose-gold-leather\/","name":"Midnight Blue \/ Cream \/ 40mm &#8226; Gate21","isPartOf":{"@id":"https:\/\/gate21.ee\/#website"},"primaryImageOfPage":{"@id":"https:\/\/gate21.ee\/shop\/pink-rose-gold-leather\/#primaryimage"},"image":{"@id":"https:\/\/gate21.ee\/shop\/pink-rose-gold-leather\/#primaryimage"},"thumbnailUrl":"https:\/\/gate21.ee\/wp-content\/uploads\/2020\/09\/picto_43348-6720c_2_ring_face_45.png.webp","datePublished":"2020-09-05T14:48:39+00:00","dateModified":"2025-11-03T16:52:51+00:00","description":"Steen Georg Christensen and Erling Andersen challenged the norm and developed the PICTO watch with rotating dial.","breadcrumb":{"@id":"https:\/\/gate21.ee\/shop\/pink-rose-gold-leather\/#breadcrumb"},"inLanguage":"et","potentialAction":[{"@type":"ReadAction","target":["https:\/\/gate21.ee\/shop\/pink-rose-gold-leather\/"]}]},{"@type":"ImageObject","inLanguage":"et","@id":"https:\/\/gate21.ee\/shop\/pink-rose-gold-leather\/#primaryimage","url":"https:\/\/gate21.ee\/wp-content\/uploads\/2020\/09\/picto_43348-6720c_2_ring_face_45.png.webp","contentUrl":"https:\/\/gate21.ee\/wp-content\/uploads\/2020\/09\/picto_43348-6720c_2_ring_face_45.png.webp","width":600,"height":750,"caption":"The Midnight Blue \/ Cream \/ 40mm is a minimalist PICTO watch featuring a brown case, cream face, blue leather strap, single blue hand with a small blue dot, and a clean design without numbers or markers. Gate21.ee"},{"@type":"BreadcrumbList","@id":"https:\/\/gate21.ee\/shop\/pink-rose-gold-leather\/#breadcrumb","itemListElement":[{"@type":"ListItem","position":1,"name":"Home","item":"https:\/\/gate21.ee\/"},{"@type":"ListItem","position":2,"name":"Midnight Blue \/ Cream \/ 40mm"}]},{"@type":"WebSite","@id":"https:\/\/gate21.ee\/#website","url":"https:\/\/gate21.ee\/","name":"Gate21","description":"Kingituskontseptsioonipood Gate21","publisher":{"@id":"https:\/\/gate21.ee\/#organization"},"alternateName":"gate21","potentialAction":[{"@type":"SearchAction","target":{"@type":"EntryPoint","urlTemplate":"https:\/\/gate21.ee\/?s={search_term_string}"},"query-input":{"@type":"PropertyValueSpecification","valueRequired":true,"valueName":"search_term_string"}}],"inLanguage":"et"},{"@type":"Organization","@id":"https:\/\/gate21.ee\/#organization","name":"Gate21","alternateName":"Gate21, Oma Asi and Oma Asi Design Store","url":"https:\/\/gate21.ee\/","logo":{"@type":"ImageObject","inLanguage":"et","@id":"https:\/\/gate21.ee\/#\/schema\/logo\/image\/","url":"https:\/\/gate21.ee\/wp-content\/uploads\/2021\/11\/Gate_21_Logo_2_Valge.png","contentUrl":"https:\/\/gate21.ee\/wp-content\/uploads\/2021\/11\/Gate_21_Logo_2_Valge.png","width":2560,"height":2560,"caption":"Gate21"},"image":{"@id":"https:\/\/gate21.ee\/#\/schema\/logo\/image\/"},"sameAs":["https:\/\/www.facebook.com\/gate21.ee\/","https:\/\/www.instagram.com\/gate21.ee\/","https:\/\/www.instagram.com\/omaasidesign\/","https:\/\/www.instagram.com\/omaasi\/","https:\/\/www.facebook.com\/omaasidesign\/","https:\/\/www.facebook.com\/omaasilittleredhouse\/","https:\/\/www.tiktok.com\/@gate21.ee"]}]}},"jetpack_sharing_enabled":true,"brands":[{"id":165,"name":"Picto","slug":"picto"}],"_links":{"self":[{"href":"https:\/\/gate21.ee\/et\/wp-json\/wp\/v2\/product\/6290","targetHints":{"allow":["GET"]}}],"collection":[{"href":"https:\/\/gate21.ee\/et\/wp-json\/wp\/v2\/product"}],"about":[{"href":"https:\/\/gate21.ee\/et\/wp-json\/wp\/v2\/types\/product"}],"replies":[{"embeddable":true,"href":"https:\/\/gate21.ee\/et\/wp-json\/wp\/v2\/comments?post=6290"}],"version-history":[{"count":3,"href":"https:\/\/gate21.ee\/et\/wp-json\/wp\/v2\/product\/6290\/revisions"}],"predecessor-version":[{"id":238513,"href":"https:\/\/gate21.ee\/et\/wp-json\/wp\/v2\/product\/6290\/revisions\/238513"}],"wp:featuredmedia":[{"embeddable":true,"href":"https:\/\/gate21.ee\/et\/wp-json\/wp\/v2\/media\/238508"}],"wp:attachment":[{"href":"https:\/\/gate21.ee\/et\/wp-json\/wp\/v2\/media?parent=6290"}],"wp:term":[{"taxonomy":"pwb-brand","embeddable":true,"href":"https:\/\/gate21.ee\/et\/wp-json\/wp\/v2\/pwb-brand?post=6290"},{"taxonomy":"product_brand","embeddable":true,"href":"https:\/\/gate21.ee\/et\/wp-json\/wp\/v2\/product_brand?post=6290"},{"taxonomy":"product_cat","embeddable":true,"href":"https:\/\/gate21.ee\/et\/wp-json\/wp\/v2\/product_cat?post=6290"},{"taxonomy":"product_tag","embeddable":true,"href":"https:\/\/gate21.ee\/et\/wp-json\/wp\/v2\/product_tag?post=6290"}],"curies":[{"name":"wp","href":"https:\/\/api.w.org\/{rel}","templated":true}]}}