{"id":52871,"date":"2021-09-01T15:50:45","date_gmt":"2021-09-01T12:50:45","guid":{"rendered":"https:\/\/gate21.ee\/?post_type=product&#038;p=52871"},"modified":"2025-12-04T19:39:43","modified_gmt":"2025-12-04T17:39:43","slug":"herringbone-gold","status":"publish","type":"product","link":"https:\/\/gate21.ee\/et\/shop\/herringbone-gold\/","title":{"rendered":"ZEN - kaelakeed - K\u00d5IK"},"content":{"rendered":"<p>Minimalistlik\u00a0<a href=\"https:\/\/gate21.ee\/et\/tootekategooria\/jewellery\/necklaces\/\">kaelakee<\/a>\u00a0ALEYOL\u00c9 poolt.<\/p>\n<p>Suurus: 2mm x 35 cm ja laiendatav kuni 40 cm<\/p>\n<p>Moebr\u00e4nd <a href=\"https:\/\/gate21.ee\/et\/brand\/aleyole\/\">ALEYOL\u00c9<\/a> asutati 2014. aastal Barcelonas eesm\u00e4rgiga luua lihtsaid naiselikke ehteid igap\u00e4evaseks kasutamiseks.<\/p>\n<p>Ehted on inspiratsiooni saanud minimalismist, millele on juurde lisatud pisut glamuuri, et anda kandjale taskukohase hinnaga igaks p\u00e4evaks luksuslikke aardeid.<\/p>\n<p>K\u00f5ik ALEYOL\u00c9 ehted on valmistatud 925 prooviga h\u00f5bedast, on veekindlad ega tuhmu aja jooksul.<\/p>\n<p>Maksimaalse s\u00e4ra saavutamiseks soovitame iga 6 kuu j\u00e4rel puhastada k\u00f5iki ehteid bikarbonaat pulbriga.<\/p>\n<p>Kullatud ehteid valmistatakse samuti 925 prooviga h\u00f5bedast, kullatud 18K kullaga. Kuldplaadi s\u00e4ilimise tagamiseks hoidke ehted eemal veest, parf\u00fc\u00fcmidest, alkoholist ja muudest kemikaalidest.<\/p>\n<p><img fetchpriority=\"high\" decoding=\"async\" class=\"alignnone size-medium wp-image-38650\" src=\"https:\/\/gate21.ee\/wp-content\/uploads\/2021\/07\/TITANIUM-GOLD_c6dd9155-5652-4855-bebd-d569e713ab2d_700x-600x600.jpg\" alt=\"\" width=\"600\" height=\"600\" \/><\/p>","protected":false},"excerpt":{"rendered":"<p>Minimalist 18K gold plated\u00a0necklace\u00a0by ALEYOL\u00c9! Size: 2mm x 35 cm and expandable up to 40 cm The fashion brand ALEYOL\u00c9 comes from Barcelona and was founded in 2014 with the purpose of creating simple day to day feminine jewellery. They are inspired by a minimalistic approach with a touch of glamour, designing small treasures which [&hellip;]<\/p>\n","protected":false},"featured_media":112578,"comment_status":"closed","ping_status":"closed","template":"","meta":{"site-sidebar-layout":"default","site-content-layout":"default","ast-site-content-layout":"default","site-content-style":"default","site-sidebar-style":"default","ast-global-header-display":"","ast-banner-title-visibility":"","ast-main-header-display":"","ast-hfb-above-header-display":"","ast-hfb-below-header-display":"","ast-hfb-mobile-header-display":"","site-post-title":"","ast-breadcrumbs-content":"","ast-featured-img":"","footer-sml-layout":"","ast-disable-related-posts":"","theme-transparent-header-meta":"default","adv-header-id-meta":"","stick-header-meta":"default","header-above-stick-meta":"","header-main-stick-meta":"","header-below-stick-meta":"","astra-migrate-meta-layouts":"set","ast-page-background-enabled":"default","ast-page-background-meta":{"desktop":{"background-color":"","background-image":"","background-repeat":"repeat","background-position":"center center","background-size":"auto","background-attachment":"scroll","background-type":"","background-media":"","overlay-type":"","overlay-color":"","overlay-opacity":"","overlay-gradient":""},"tablet":{"background-color":"","background-image":"","background-repeat":"repeat","background-position":"center center","background-size":"auto","background-attachment":"scroll","background-type":"","background-media":"","overlay-type":"","overlay-color":"","overlay-opacity":"","overlay-gradient":""},"mobile":{"background-color":"","background-image":"","background-repeat":"repeat","background-position":"center center","background-size":"auto","background-attachment":"scroll","background-type":"","background-media":"","overlay-type":"","overlay-color":"","overlay-opacity":"","overlay-gradient":""}},"ast-content-background-meta":{"desktop":{"background-color":"var(--ast-global-color-5)","background-image":"","background-repeat":"repeat","background-position":"center center","background-size":"auto","background-attachment":"scroll","background-type":"","background-media":"","overlay-type":"","overlay-color":"","overlay-opacity":"","overlay-gradient":""},"tablet":{"background-color":"var(--ast-global-color-5)","background-image":"","background-repeat":"repeat","background-position":"center center","background-size":"auto","background-attachment":"scroll","background-type":"","background-media":"","overlay-type":"","overlay-color":"","overlay-opacity":"","overlay-gradient":""},"mobile":{"background-color":"var(--ast-global-color-5)","background-image":"","background-repeat":"repeat","background-position":"center center","background-size":"auto","background-attachment":"scroll","background-type":"","background-media":"","overlay-type":"","overlay-color":"","overlay-opacity":"","overlay-gradient":""}}},"pwb-brand":[399],"product_brand":[],"product_cat":[52,127],"product_tag":[],"class_list":{"0":"post-52871","1":"product","2":"type-product","3":"status-publish","4":"has-post-thumbnail","6":"pwb-brand-oma_asi","7":"product_cat-jewellery","8":"product_cat-necklaces","9":"desktop-align-center","10":"tablet-align-center","11":"mobile-align-center","12":"ast-product-gallery-layout-vertical","13":"ast-product-tabs-layout-horizontal","15":"first","16":"instock","17":"sale","18":"taxable","19":"shipping-taxable","20":"purchasable","21":"product-type-simple"},"yoast_head":"<!-- This site is optimized with the Yoast SEO plugin v27.5 - https:\/\/yoast.com\/product\/yoast-seo-wordpress\/ -->\n<title>ZEN - necklaces - K\u00d5IK &#8226; Gate21<\/title>\n<meta name=\"description\" content=\"HERRINGBONE GOLD NECKLACE - Inspired by a minimalistic approach with a touch of glamour. ALEYOLE create geometric designs giving you a touch of luxury.\" \/>\n<meta name=\"robots\" content=\"index, follow, max-snippet:-1, max-image-preview:large, max-video-preview:-1\" \/>\n<link rel=\"canonical\" href=\"https:\/\/gate21.ee\/et\/shop\/herringbone-gold\/\" \/>\n<meta property=\"og:locale\" content=\"et_EE\" \/>\n<meta property=\"og:type\" content=\"article\" \/>\n<meta property=\"og:title\" content=\"ZEN - necklaces - K\u00d5IK &#8226; Gate21\" \/>\n<meta property=\"og:description\" content=\"HERRINGBONE GOLD NECKLACE - Inspired by a minimalistic approach with a touch of glamour. ALEYOLE create geometric designs giving you a touch of luxury.\" \/>\n<meta property=\"og:url\" content=\"https:\/\/gate21.ee\/et\/shop\/herringbone-gold\/\" \/>\n<meta property=\"og:site_name\" content=\"Gate21\" \/>\n<meta property=\"article:publisher\" content=\"https:\/\/www.facebook.com\/gate21.ee\/\" \/>\n<meta property=\"article:modified_time\" content=\"2025-12-04T17:39:43+00:00\" \/>\n<meta property=\"og:image\" content=\"https:\/\/gate21.ee\/wp-content\/uploads\/2021\/09\/ROPE-CHAIN2_1_1024x1024.png.webp\" \/>\n\t<meta property=\"og:image:width\" content=\"1024\" \/>\n\t<meta property=\"og:image:height\" content=\"1024\" \/>\n\t<meta property=\"og:image:type\" content=\"image\/webp\" \/>\n<meta name=\"twitter:card\" content=\"summary_large_image\" \/>\n<meta name=\"twitter:label1\" content=\"Est. reading time\" \/>\n\t<meta name=\"twitter:data1\" content=\"2 minutit\" \/>\n<script type=\"application\/ld+json\" class=\"yoast-schema-graph\">{\"@context\":\"https:\\\/\\\/schema.org\",\"@graph\":[{\"@type\":\"WebPage\",\"@id\":\"https:\\\/\\\/gate21.ee\\\/shop\\\/herringbone-gold\\\/\",\"url\":\"https:\\\/\\\/gate21.ee\\\/shop\\\/herringbone-gold\\\/\",\"name\":\"ZEN - necklaces - K\u00d5IK &#8226; Gate21\",\"isPartOf\":{\"@id\":\"https:\\\/\\\/gate21.ee\\\/#website\"},\"primaryImageOfPage\":{\"@id\":\"https:\\\/\\\/gate21.ee\\\/shop\\\/herringbone-gold\\\/#primaryimage\"},\"image\":{\"@id\":\"https:\\\/\\\/gate21.ee\\\/shop\\\/herringbone-gold\\\/#primaryimage\"},\"thumbnailUrl\":\"https:\\\/\\\/gate21.ee\\\/wp-content\\\/uploads\\\/2021\\\/09\\\/ROPE-CHAIN2_1_1024x1024.png.webp\",\"datePublished\":\"2021-09-01T12:50:45+00:00\",\"dateModified\":\"2025-12-04T17:39:43+00:00\",\"description\":\"HERRINGBONE GOLD NECKLACE - Inspired by a minimalistic approach with a touch of glamour. ALEYOLE create geometric designs giving you a touch of luxury.\",\"breadcrumb\":{\"@id\":\"https:\\\/\\\/gate21.ee\\\/shop\\\/herringbone-gold\\\/#breadcrumb\"},\"inLanguage\":\"et\",\"potentialAction\":[{\"@type\":\"ReadAction\",\"target\":[\"https:\\\/\\\/gate21.ee\\\/shop\\\/herringbone-gold\\\/\"]}]},{\"@type\":\"ImageObject\",\"inLanguage\":\"et\",\"@id\":\"https:\\\/\\\/gate21.ee\\\/shop\\\/herringbone-gold\\\/#primaryimage\",\"url\":\"https:\\\/\\\/gate21.ee\\\/wp-content\\\/uploads\\\/2021\\\/09\\\/ROPE-CHAIN2_1_1024x1024.png.webp\",\"contentUrl\":\"https:\\\/\\\/gate21.ee\\\/wp-content\\\/uploads\\\/2021\\\/09\\\/ROPE-CHAIN2_1_1024x1024.png.webp\",\"width\":1024,\"height\":1024,\"caption\":\"The ZEN necklace - K\u00d5IK features a simple, thin gold circular pendant with a straight vertical top, reflecting Estonian design. A delicate piece for those seeking unique jewellery from a modern concept store. Gate21.ee\"},{\"@type\":\"BreadcrumbList\",\"@id\":\"https:\\\/\\\/gate21.ee\\\/shop\\\/herringbone-gold\\\/#breadcrumb\",\"itemListElement\":[{\"@type\":\"ListItem\",\"position\":1,\"name\":\"Home\",\"item\":\"https:\\\/\\\/gate21.ee\\\/\"},{\"@type\":\"ListItem\",\"position\":2,\"name\":\"ZEN &#8211; necklaces &#8211; K\u00d5IK\"}]},{\"@type\":\"WebSite\",\"@id\":\"https:\\\/\\\/gate21.ee\\\/#website\",\"url\":\"https:\\\/\\\/gate21.ee\\\/\",\"name\":\"Gate21\",\"description\":\"Gift concept store Gate21\",\"publisher\":{\"@id\":\"https:\\\/\\\/gate21.ee\\\/#organization\"},\"alternateName\":\"gate21\",\"potentialAction\":[{\"@type\":\"SearchAction\",\"target\":{\"@type\":\"EntryPoint\",\"urlTemplate\":\"https:\\\/\\\/gate21.ee\\\/?s={search_term_string}\"},\"query-input\":{\"@type\":\"PropertyValueSpecification\",\"valueRequired\":true,\"valueName\":\"search_term_string\"}}],\"inLanguage\":\"et\"},{\"@type\":\"Organization\",\"@id\":\"https:\\\/\\\/gate21.ee\\\/#organization\",\"name\":\"Gate21\",\"alternateName\":\"Gate21, Oma Asi and Oma Asi Design Store\",\"url\":\"https:\\\/\\\/gate21.ee\\\/\",\"logo\":{\"@type\":\"ImageObject\",\"inLanguage\":\"et\",\"@id\":\"https:\\\/\\\/gate21.ee\\\/#\\\/schema\\\/logo\\\/image\\\/\",\"url\":\"https:\\\/\\\/gate21.ee\\\/wp-content\\\/uploads\\\/2021\\\/11\\\/Gate_21_Logo_2_Valge.png\",\"contentUrl\":\"https:\\\/\\\/gate21.ee\\\/wp-content\\\/uploads\\\/2021\\\/11\\\/Gate_21_Logo_2_Valge.png\",\"width\":2560,\"height\":2560,\"caption\":\"Gate21\"},\"image\":{\"@id\":\"https:\\\/\\\/gate21.ee\\\/#\\\/schema\\\/logo\\\/image\\\/\"},\"sameAs\":[\"https:\\\/\\\/www.facebook.com\\\/gate21.ee\\\/\",\"https:\\\/\\\/www.instagram.com\\\/gate21.ee\\\/\",\"https:\\\/\\\/www.instagram.com\\\/omaasidesign\\\/\",\"https:\\\/\\\/www.instagram.com\\\/omaasi\\\/\",\"https:\\\/\\\/www.facebook.com\\\/omaasidesign\\\/\",\"https:\\\/\\\/www.facebook.com\\\/omaasilittleredhouse\\\/\",\"https:\\\/\\\/www.tiktok.com\\\/@gate21.ee\"]}]}<\/script>\n<!-- \/ Yoast SEO plugin. -->","yoast_head_json":{"title":"ZEN - necklaces - K\u00d5IK &#8226; Gate21","description":"HERRINGBONE GOLD NECKLACE - Inspired by a minimalistic approach with a touch of glamour. ALEYOLE create geometric designs giving you a touch of luxury.","robots":{"index":"index","follow":"follow","max-snippet":"max-snippet:-1","max-image-preview":"max-image-preview:large","max-video-preview":"max-video-preview:-1"},"canonical":"https:\/\/gate21.ee\/et\/shop\/herringbone-gold\/","og_locale":"et_EE","og_type":"article","og_title":"ZEN - necklaces - K\u00d5IK &#8226; Gate21","og_description":"HERRINGBONE GOLD NECKLACE - Inspired by a minimalistic approach with a touch of glamour. ALEYOLE create geometric designs giving you a touch of luxury.","og_url":"https:\/\/gate21.ee\/et\/shop\/herringbone-gold\/","og_site_name":"Gate21","article_publisher":"https:\/\/www.facebook.com\/gate21.ee\/","article_modified_time":"2025-12-04T17:39:43+00:00","og_image":[{"width":1024,"height":1024,"url":"https:\/\/gate21.ee\/wp-content\/uploads\/2021\/09\/ROPE-CHAIN2_1_1024x1024.png.webp","type":"image\/webp"}],"twitter_card":"summary_large_image","twitter_misc":{"Est. reading time":"2 minutit"},"schema":{"@context":"https:\/\/schema.org","@graph":[{"@type":"WebPage","@id":"https:\/\/gate21.ee\/shop\/herringbone-gold\/","url":"https:\/\/gate21.ee\/shop\/herringbone-gold\/","name":"ZEN - necklaces - K\u00d5IK &#8226; Gate21","isPartOf":{"@id":"https:\/\/gate21.ee\/#website"},"primaryImageOfPage":{"@id":"https:\/\/gate21.ee\/shop\/herringbone-gold\/#primaryimage"},"image":{"@id":"https:\/\/gate21.ee\/shop\/herringbone-gold\/#primaryimage"},"thumbnailUrl":"https:\/\/gate21.ee\/wp-content\/uploads\/2021\/09\/ROPE-CHAIN2_1_1024x1024.png.webp","datePublished":"2021-09-01T12:50:45+00:00","dateModified":"2025-12-04T17:39:43+00:00","description":"HERRINGBONE GOLD NECKLACE - Inspired by a minimalistic approach with a touch of glamour. ALEYOLE create geometric designs giving you a touch of luxury.","breadcrumb":{"@id":"https:\/\/gate21.ee\/shop\/herringbone-gold\/#breadcrumb"},"inLanguage":"et","potentialAction":[{"@type":"ReadAction","target":["https:\/\/gate21.ee\/shop\/herringbone-gold\/"]}]},{"@type":"ImageObject","inLanguage":"et","@id":"https:\/\/gate21.ee\/shop\/herringbone-gold\/#primaryimage","url":"https:\/\/gate21.ee\/wp-content\/uploads\/2021\/09\/ROPE-CHAIN2_1_1024x1024.png.webp","contentUrl":"https:\/\/gate21.ee\/wp-content\/uploads\/2021\/09\/ROPE-CHAIN2_1_1024x1024.png.webp","width":1024,"height":1024,"caption":"The ZEN necklace - K\u00d5IK features a simple, thin gold circular pendant with a straight vertical top, reflecting Estonian design. A delicate piece for those seeking unique jewellery from a modern concept store. Gate21.ee"},{"@type":"BreadcrumbList","@id":"https:\/\/gate21.ee\/shop\/herringbone-gold\/#breadcrumb","itemListElement":[{"@type":"ListItem","position":1,"name":"Home","item":"https:\/\/gate21.ee\/"},{"@type":"ListItem","position":2,"name":"ZEN &#8211; necklaces &#8211; K\u00d5IK"}]},{"@type":"WebSite","@id":"https:\/\/gate21.ee\/#website","url":"https:\/\/gate21.ee\/","name":"Gate21","description":"Kingituskontseptsioonipood Gate21","publisher":{"@id":"https:\/\/gate21.ee\/#organization"},"alternateName":"gate21","potentialAction":[{"@type":"SearchAction","target":{"@type":"EntryPoint","urlTemplate":"https:\/\/gate21.ee\/?s={search_term_string}"},"query-input":{"@type":"PropertyValueSpecification","valueRequired":true,"valueName":"search_term_string"}}],"inLanguage":"et"},{"@type":"Organization","@id":"https:\/\/gate21.ee\/#organization","name":"Gate21","alternateName":"Gate21, Oma Asi and Oma Asi Design Store","url":"https:\/\/gate21.ee\/","logo":{"@type":"ImageObject","inLanguage":"et","@id":"https:\/\/gate21.ee\/#\/schema\/logo\/image\/","url":"https:\/\/gate21.ee\/wp-content\/uploads\/2021\/11\/Gate_21_Logo_2_Valge.png","contentUrl":"https:\/\/gate21.ee\/wp-content\/uploads\/2021\/11\/Gate_21_Logo_2_Valge.png","width":2560,"height":2560,"caption":"Gate21"},"image":{"@id":"https:\/\/gate21.ee\/#\/schema\/logo\/image\/"},"sameAs":["https:\/\/www.facebook.com\/gate21.ee\/","https:\/\/www.instagram.com\/gate21.ee\/","https:\/\/www.instagram.com\/omaasidesign\/","https:\/\/www.instagram.com\/omaasi\/","https:\/\/www.facebook.com\/omaasidesign\/","https:\/\/www.facebook.com\/omaasilittleredhouse\/","https:\/\/www.tiktok.com\/@gate21.ee"]}]}},"jetpack_sharing_enabled":true,"brands":[{"id":399,"name":"Oma Asi","slug":"oma_asi"}],"_links":{"self":[{"href":"https:\/\/gate21.ee\/et\/wp-json\/wp\/v2\/product\/52871","targetHints":{"allow":["GET"]}}],"collection":[{"href":"https:\/\/gate21.ee\/et\/wp-json\/wp\/v2\/product"}],"about":[{"href":"https:\/\/gate21.ee\/et\/wp-json\/wp\/v2\/types\/product"}],"replies":[{"embeddable":true,"href":"https:\/\/gate21.ee\/et\/wp-json\/wp\/v2\/comments?post=52871"}],"version-history":[{"count":1,"href":"https:\/\/gate21.ee\/et\/wp-json\/wp\/v2\/product\/52871\/revisions"}],"predecessor-version":[{"id":216038,"href":"https:\/\/gate21.ee\/et\/wp-json\/wp\/v2\/product\/52871\/revisions\/216038"}],"wp:featuredmedia":[{"embeddable":true,"href":"https:\/\/gate21.ee\/et\/wp-json\/wp\/v2\/media\/112578"}],"wp:attachment":[{"href":"https:\/\/gate21.ee\/et\/wp-json\/wp\/v2\/media?parent=52871"}],"wp:term":[{"taxonomy":"pwb-brand","embeddable":true,"href":"https:\/\/gate21.ee\/et\/wp-json\/wp\/v2\/pwb-brand?post=52871"},{"taxonomy":"product_brand","embeddable":true,"href":"https:\/\/gate21.ee\/et\/wp-json\/wp\/v2\/product_brand?post=52871"},{"taxonomy":"product_cat","embeddable":true,"href":"https:\/\/gate21.ee\/et\/wp-json\/wp\/v2\/product_cat?post=52871"},{"taxonomy":"product_tag","embeddable":true,"href":"https:\/\/gate21.ee\/et\/wp-json\/wp\/v2\/product_tag?post=52871"}],"curies":[{"name":"wp","href":"https:\/\/api.w.org\/{rel}","templated":true}]}}