{"id":4903,"date":"2020-08-24T22:08:03","date_gmt":"2020-08-24T19:08:03","guid":{"rendered":"https:\/\/gate21.ee\/?post_type=product&#038;p=4903"},"modified":"2026-04-25T14:13:17","modified_gmt":"2026-04-25T11:13:17","slug":"i-loveyou-tothe-moon-and-back","status":"publish","type":"product","link":"https:\/\/gate21.ee\/et\/shop\/i-loveyou-tothe-moon-and-back\/","title":{"rendered":"I LOVE YOU TO THE MOON AND BACK - k\u00e4ev\u00f5ru"},"content":{"rendered":"<p><span class=\"\">Oi kui hea on seda k\u00e4ev\u00f5ru kanda ja teada, et keegi sind armastab<\/span> v\u00f5i kui hea on see kinkida kellelegi, keda sina armastad.<\/p>\n<p>K\u00e4ev\u00f5rud sobivad k\u00f5igile suurustele, k\u00e4ev\u00f5ru saab kerge painutusega vastavalt randme suurusele suuremaks v\u00f5i v\u00e4iksemaks muuta.<\/p>\n<p>K\u00e4ev\u00f5rud on valmistatud poleeritud roostevabast terasest ja k\u00f5rgtehnoloogiliselt t\u00f6\u00f6deldud, et tagada vastupidavus ja kauakestev v\u00e4limus, ca. 2% h\u00f5be, kuld v\u00f5i roosa kuld.<\/p>\n<p>K\u00e4ev\u00f5ru laius on 3mm.<\/p>\n<p>Hooldus: <span class=\"\">V\u00e4ltige niiskust, kokkupuudet kosmeetika ja kodukeemiaga.\u00a0<\/span>Vajadusel puhasta ehteid puuvillase v\u00f5i sametlapiga.<\/p>","protected":false},"excerpt":{"rendered":"<p>Oh how good it is to wear this bracelet and know that someone loves you the most or how good it is to give this to someone you love the most? Bracelets are designed to fit everyone, the bracelet can be made larger or smaller according to the wrist by light bending. The bracelets are [&hellip;]<\/p>\n","protected":false},"featured_media":4901,"comment_status":"closed","ping_status":"closed","template":"","meta":{"site-sidebar-layout":"default","site-content-layout":"default","ast-site-content-layout":"default","site-content-style":"default","site-sidebar-style":"default","ast-global-header-display":"","ast-banner-title-visibility":"","ast-main-header-display":"","ast-hfb-above-header-display":"","ast-hfb-below-header-display":"","ast-hfb-mobile-header-display":"","site-post-title":"","ast-breadcrumbs-content":"","ast-featured-img":"","footer-sml-layout":"","ast-disable-related-posts":"","theme-transparent-header-meta":"default","adv-header-id-meta":"","stick-header-meta":"default","header-above-stick-meta":"","header-main-stick-meta":"","header-below-stick-meta":"","astra-migrate-meta-layouts":"set","ast-page-background-enabled":"default","ast-page-background-meta":{"desktop":{"background-color":"","background-image":"","background-repeat":"repeat","background-position":"center center","background-size":"auto","background-attachment":"scroll","background-type":"","background-media":"","overlay-type":"","overlay-color":"","overlay-opacity":"","overlay-gradient":""},"tablet":{"background-color":"","background-image":"","background-repeat":"repeat","background-position":"center center","background-size":"auto","background-attachment":"scroll","background-type":"","background-media":"","overlay-type":"","overlay-color":"","overlay-opacity":"","overlay-gradient":""},"mobile":{"background-color":"","background-image":"","background-repeat":"repeat","background-position":"center center","background-size":"auto","background-attachment":"scroll","background-type":"","background-media":"","overlay-type":"","overlay-color":"","overlay-opacity":"","overlay-gradient":""}},"ast-content-background-meta":{"desktop":{"background-color":"var(--ast-global-color-5)","background-image":"","background-repeat":"repeat","background-position":"center center","background-size":"auto","background-attachment":"scroll","background-type":"","background-media":"","overlay-type":"","overlay-color":"","overlay-opacity":"","overlay-gradient":""},"tablet":{"background-color":"var(--ast-global-color-5)","background-image":"","background-repeat":"repeat","background-position":"center center","background-size":"auto","background-attachment":"scroll","background-type":"","background-media":"","overlay-type":"","overlay-color":"","overlay-opacity":"","overlay-gradient":""},"mobile":{"background-color":"var(--ast-global-color-5)","background-image":"","background-repeat":"repeat","background-position":"center center","background-size":"auto","background-attachment":"scroll","background-type":"","background-media":"","overlay-type":"","overlay-color":"","overlay-opacity":"","overlay-gradient":""}}},"pwb-brand":[193],"product_brand":[],"product_cat":[126,52],"product_tag":[301],"class_list":{"0":"post-4903","1":"product","2":"type-product","3":"status-publish","4":"has-post-thumbnail","6":"pwb-brand-olla","7":"product_cat-bracelets","8":"product_cat-jewellery","9":"product_tag-bracelets","10":"desktop-align-center","11":"tablet-align-center","12":"mobile-align-center","13":"ast-product-gallery-layout-vertical","14":"ast-product-single-variable","15":"ast-product-tabs-layout-horizontal","17":"first","18":"instock","19":"taxable","20":"shipping-taxable","21":"purchasable","22":"product-type-variable"},"yoast_head":"<!-- This site is optimized with the Yoast SEO plugin v27.4 - https:\/\/yoast.com\/product\/yoast-seo-wordpress\/ -->\n<title>I Love You to the Moon and Back &#8226; Gate21<\/title>\n<meta name=\"description\" content=\"Bracelets are designed to fit everyone, the bracelet can be made larger or smaller according to the wrist by light bending.\" \/>\n<meta name=\"robots\" content=\"index, follow, max-snippet:-1, max-image-preview:large, max-video-preview:-1\" \/>\n<link rel=\"canonical\" href=\"https:\/\/gate21.ee\/et\/shop\/i-loveyou-tothe-moon-and-back\/\" \/>\n<meta property=\"og:locale\" content=\"et_EE\" \/>\n<meta property=\"og:type\" content=\"article\" \/>\n<meta property=\"og:title\" content=\"I Love You to the Moon and Back &#8226; Gate21\" \/>\n<meta property=\"og:description\" content=\"Bracelets are designed to fit everyone, the bracelet can be made larger or smaller according to the wrist by light bending.\" \/>\n<meta property=\"og:url\" content=\"https:\/\/gate21.ee\/et\/shop\/i-loveyou-tothe-moon-and-back\/\" \/>\n<meta property=\"og:site_name\" content=\"Gate21\" \/>\n<meta property=\"article:publisher\" content=\"https:\/\/www.facebook.com\/gate21.ee\/\" \/>\n<meta property=\"article:modified_time\" content=\"2026-04-25T11:13:17+00:00\" \/>\n<meta property=\"og:image\" content=\"https:\/\/gate21.ee\/wp-content\/uploads\/2020\/08\/I-LOVE-YOU-TO-THE-MOON-AND-BACK_h.jpg\" \/>\n\t<meta property=\"og:image:width\" content=\"1800\" \/>\n\t<meta property=\"og:image:height\" content=\"1800\" \/>\n\t<meta property=\"og:image:type\" content=\"image\/jpeg\" \/>\n<meta name=\"twitter:card\" content=\"summary_large_image\" \/>\n<meta name=\"twitter:label1\" content=\"Est. reading time\" \/>\n\t<meta name=\"twitter:data1\" content=\"1 minut\" \/>\n<script type=\"application\/ld+json\" class=\"yoast-schema-graph\">{\"@context\":\"https:\\\/\\\/schema.org\",\"@graph\":[{\"@type\":\"WebPage\",\"@id\":\"https:\\\/\\\/gate21.ee\\\/shop\\\/i-loveyou-tothe-moon-and-back\\\/\",\"url\":\"https:\\\/\\\/gate21.ee\\\/shop\\\/i-loveyou-tothe-moon-and-back\\\/\",\"name\":\"I Love You to the Moon and Back &#8226; Gate21\",\"isPartOf\":{\"@id\":\"https:\\\/\\\/gate21.ee\\\/#website\"},\"primaryImageOfPage\":{\"@id\":\"https:\\\/\\\/gate21.ee\\\/shop\\\/i-loveyou-tothe-moon-and-back\\\/#primaryimage\"},\"image\":{\"@id\":\"https:\\\/\\\/gate21.ee\\\/shop\\\/i-loveyou-tothe-moon-and-back\\\/#primaryimage\"},\"thumbnailUrl\":\"https:\\\/\\\/gate21.ee\\\/wp-content\\\/uploads\\\/2020\\\/08\\\/I-LOVE-YOU-TO-THE-MOON-AND-BACK_h.jpg\",\"datePublished\":\"2020-08-24T19:08:03+00:00\",\"dateModified\":\"2026-04-25T11:13:17+00:00\",\"description\":\"Bracelets are designed to fit everyone, the bracelet can be made larger or smaller according to the wrist by light bending.\",\"breadcrumb\":{\"@id\":\"https:\\\/\\\/gate21.ee\\\/shop\\\/i-loveyou-tothe-moon-and-back\\\/#breadcrumb\"},\"inLanguage\":\"et\",\"potentialAction\":[{\"@type\":\"ReadAction\",\"target\":[\"https:\\\/\\\/gate21.ee\\\/shop\\\/i-loveyou-tothe-moon-and-back\\\/\"]}]},{\"@type\":\"ImageObject\",\"inLanguage\":\"et\",\"@id\":\"https:\\\/\\\/gate21.ee\\\/shop\\\/i-loveyou-tothe-moon-and-back\\\/#primaryimage\",\"url\":\"https:\\\/\\\/gate21.ee\\\/wp-content\\\/uploads\\\/2020\\\/08\\\/I-LOVE-YOU-TO-THE-MOON-AND-BACK_h.jpg\",\"contentUrl\":\"https:\\\/\\\/gate21.ee\\\/wp-content\\\/uploads\\\/2020\\\/08\\\/I-LOVE-YOU-TO-THE-MOON-AND-BACK_h.jpg\",\"width\":1800,\"height\":1800,\"caption\":\"A sleek silver cuff bracelet, engraved with \u201cDream it - Wish it - Do it\u201d and accented with a small round gem\u2014an elegant piece inspired by Estonian design, perfect for Tallinn shopping enthusiasts. Gate21.ee\"},{\"@type\":\"BreadcrumbList\",\"@id\":\"https:\\\/\\\/gate21.ee\\\/shop\\\/i-loveyou-tothe-moon-and-back\\\/#breadcrumb\",\"itemListElement\":[{\"@type\":\"ListItem\",\"position\":1,\"name\":\"Home\",\"item\":\"https:\\\/\\\/gate21.ee\\\/\"},{\"@type\":\"ListItem\",\"position\":2,\"name\":\"I Love You to the Moon and Back\"}]},{\"@type\":\"WebSite\",\"@id\":\"https:\\\/\\\/gate21.ee\\\/#website\",\"url\":\"https:\\\/\\\/gate21.ee\\\/\",\"name\":\"Gate21\",\"description\":\"Gift concept store Gate21\",\"publisher\":{\"@id\":\"https:\\\/\\\/gate21.ee\\\/#organization\"},\"alternateName\":\"gate21\",\"potentialAction\":[{\"@type\":\"SearchAction\",\"target\":{\"@type\":\"EntryPoint\",\"urlTemplate\":\"https:\\\/\\\/gate21.ee\\\/?s={search_term_string}\"},\"query-input\":{\"@type\":\"PropertyValueSpecification\",\"valueRequired\":true,\"valueName\":\"search_term_string\"}}],\"inLanguage\":\"et\"},{\"@type\":\"Organization\",\"@id\":\"https:\\\/\\\/gate21.ee\\\/#organization\",\"name\":\"Gate21\",\"alternateName\":\"Gate21, Oma Asi and Oma Asi Design Store\",\"url\":\"https:\\\/\\\/gate21.ee\\\/\",\"logo\":{\"@type\":\"ImageObject\",\"inLanguage\":\"et\",\"@id\":\"https:\\\/\\\/gate21.ee\\\/#\\\/schema\\\/logo\\\/image\\\/\",\"url\":\"https:\\\/\\\/gate21.ee\\\/wp-content\\\/uploads\\\/2021\\\/11\\\/Gate_21_Logo_2_Valge.png\",\"contentUrl\":\"https:\\\/\\\/gate21.ee\\\/wp-content\\\/uploads\\\/2021\\\/11\\\/Gate_21_Logo_2_Valge.png\",\"width\":2560,\"height\":2560,\"caption\":\"Gate21\"},\"image\":{\"@id\":\"https:\\\/\\\/gate21.ee\\\/#\\\/schema\\\/logo\\\/image\\\/\"},\"sameAs\":[\"https:\\\/\\\/www.facebook.com\\\/gate21.ee\\\/\",\"https:\\\/\\\/www.instagram.com\\\/gate21.ee\\\/\",\"https:\\\/\\\/www.instagram.com\\\/omaasidesign\\\/\",\"https:\\\/\\\/www.instagram.com\\\/omaasi\\\/\",\"https:\\\/\\\/www.facebook.com\\\/omaasidesign\\\/\",\"https:\\\/\\\/www.facebook.com\\\/omaasilittleredhouse\\\/\",\"https:\\\/\\\/www.tiktok.com\\\/@gate21.ee\"]}]}<\/script>\n<!-- \/ Yoast SEO plugin. -->","yoast_head_json":{"title":"I Love You to the Moon and Back &#8226; Gate21","description":"K\u00e4ev\u00f5rud sobivad k\u00f5igile suurustele, k\u00e4ev\u00f5ru saab kerge painutusega vastavalt randme suurusele suuremaks v\u00f5i v\u00e4iksemaks muuta.","robots":{"index":"index","follow":"follow","max-snippet":"max-snippet:-1","max-image-preview":"max-image-preview:large","max-video-preview":"max-video-preview:-1"},"canonical":"https:\/\/gate21.ee\/et\/shop\/i-loveyou-tothe-moon-and-back\/","og_locale":"et_EE","og_type":"article","og_title":"I Love You to the Moon and Back &#8226; Gate21","og_description":"Bracelets are designed to fit everyone, the bracelet can be made larger or smaller according to the wrist by light bending.","og_url":"https:\/\/gate21.ee\/et\/shop\/i-loveyou-tothe-moon-and-back\/","og_site_name":"Gate21","article_publisher":"https:\/\/www.facebook.com\/gate21.ee\/","article_modified_time":"2026-04-25T11:13:17+00:00","og_image":[{"width":1800,"height":1800,"url":"https:\/\/gate21.ee\/wp-content\/uploads\/2020\/08\/I-LOVE-YOU-TO-THE-MOON-AND-BACK_h.jpg","type":"image\/jpeg"}],"twitter_card":"summary_large_image","twitter_misc":{"Est. reading time":"1 minut"},"schema":{"@context":"https:\/\/schema.org","@graph":[{"@type":"WebPage","@id":"https:\/\/gate21.ee\/shop\/i-loveyou-tothe-moon-and-back\/","url":"https:\/\/gate21.ee\/shop\/i-loveyou-tothe-moon-and-back\/","name":"I Love You to the Moon and Back &#8226; Gate21","isPartOf":{"@id":"https:\/\/gate21.ee\/#website"},"primaryImageOfPage":{"@id":"https:\/\/gate21.ee\/shop\/i-loveyou-tothe-moon-and-back\/#primaryimage"},"image":{"@id":"https:\/\/gate21.ee\/shop\/i-loveyou-tothe-moon-and-back\/#primaryimage"},"thumbnailUrl":"https:\/\/gate21.ee\/wp-content\/uploads\/2020\/08\/I-LOVE-YOU-TO-THE-MOON-AND-BACK_h.jpg","datePublished":"2020-08-24T19:08:03+00:00","dateModified":"2026-04-25T11:13:17+00:00","description":"K\u00e4ev\u00f5rud sobivad k\u00f5igile suurustele, k\u00e4ev\u00f5ru saab kerge painutusega vastavalt randme suurusele suuremaks v\u00f5i v\u00e4iksemaks muuta.","breadcrumb":{"@id":"https:\/\/gate21.ee\/shop\/i-loveyou-tothe-moon-and-back\/#breadcrumb"},"inLanguage":"et","potentialAction":[{"@type":"ReadAction","target":["https:\/\/gate21.ee\/shop\/i-loveyou-tothe-moon-and-back\/"]}]},{"@type":"ImageObject","inLanguage":"et","@id":"https:\/\/gate21.ee\/shop\/i-loveyou-tothe-moon-and-back\/#primaryimage","url":"https:\/\/gate21.ee\/wp-content\/uploads\/2020\/08\/I-LOVE-YOU-TO-THE-MOON-AND-BACK_h.jpg","contentUrl":"https:\/\/gate21.ee\/wp-content\/uploads\/2020\/08\/I-LOVE-YOU-TO-THE-MOON-AND-BACK_h.jpg","width":1800,"height":1800,"caption":"A sleek silver cuff bracelet, engraved with \u201cDream it - Wish it - Do it\u201d and accented with a small round gem\u2014an elegant piece inspired by Estonian design, perfect for Tallinn shopping enthusiasts. Gate21.ee"},{"@type":"BreadcrumbList","@id":"https:\/\/gate21.ee\/shop\/i-loveyou-tothe-moon-and-back\/#breadcrumb","itemListElement":[{"@type":"ListItem","position":1,"name":"Home","item":"https:\/\/gate21.ee\/"},{"@type":"ListItem","position":2,"name":"I Love You to the Moon and Back"}]},{"@type":"WebSite","@id":"https:\/\/gate21.ee\/#website","url":"https:\/\/gate21.ee\/","name":"Gate21","description":"Kingituskontseptsioonipood Gate21","publisher":{"@id":"https:\/\/gate21.ee\/#organization"},"alternateName":"gate21","potentialAction":[{"@type":"SearchAction","target":{"@type":"EntryPoint","urlTemplate":"https:\/\/gate21.ee\/?s={search_term_string}"},"query-input":{"@type":"PropertyValueSpecification","valueRequired":true,"valueName":"search_term_string"}}],"inLanguage":"et"},{"@type":"Organization","@id":"https:\/\/gate21.ee\/#organization","name":"Gate21","alternateName":"Gate21, Oma Asi and Oma Asi Design Store","url":"https:\/\/gate21.ee\/","logo":{"@type":"ImageObject","inLanguage":"et","@id":"https:\/\/gate21.ee\/#\/schema\/logo\/image\/","url":"https:\/\/gate21.ee\/wp-content\/uploads\/2021\/11\/Gate_21_Logo_2_Valge.png","contentUrl":"https:\/\/gate21.ee\/wp-content\/uploads\/2021\/11\/Gate_21_Logo_2_Valge.png","width":2560,"height":2560,"caption":"Gate21"},"image":{"@id":"https:\/\/gate21.ee\/#\/schema\/logo\/image\/"},"sameAs":["https:\/\/www.facebook.com\/gate21.ee\/","https:\/\/www.instagram.com\/gate21.ee\/","https:\/\/www.instagram.com\/omaasidesign\/","https:\/\/www.instagram.com\/omaasi\/","https:\/\/www.facebook.com\/omaasidesign\/","https:\/\/www.facebook.com\/omaasilittleredhouse\/","https:\/\/www.tiktok.com\/@gate21.ee"]}]}},"jetpack_sharing_enabled":true,"brands":[{"id":193,"name":"Olla","slug":"olla"}],"_links":{"self":[{"href":"https:\/\/gate21.ee\/et\/wp-json\/wp\/v2\/product\/4903","targetHints":{"allow":["GET"]}}],"collection":[{"href":"https:\/\/gate21.ee\/et\/wp-json\/wp\/v2\/product"}],"about":[{"href":"https:\/\/gate21.ee\/et\/wp-json\/wp\/v2\/types\/product"}],"replies":[{"embeddable":true,"href":"https:\/\/gate21.ee\/et\/wp-json\/wp\/v2\/comments?post=4903"}],"version-history":[{"count":0,"href":"https:\/\/gate21.ee\/et\/wp-json\/wp\/v2\/product\/4903\/revisions"}],"wp:featuredmedia":[{"embeddable":true,"href":"https:\/\/gate21.ee\/et\/wp-json\/wp\/v2\/media\/4901"}],"wp:attachment":[{"href":"https:\/\/gate21.ee\/et\/wp-json\/wp\/v2\/media?parent=4903"}],"wp:term":[{"taxonomy":"pwb-brand","embeddable":true,"href":"https:\/\/gate21.ee\/et\/wp-json\/wp\/v2\/pwb-brand?post=4903"},{"taxonomy":"product_brand","embeddable":true,"href":"https:\/\/gate21.ee\/et\/wp-json\/wp\/v2\/product_brand?post=4903"},{"taxonomy":"product_cat","embeddable":true,"href":"https:\/\/gate21.ee\/et\/wp-json\/wp\/v2\/product_cat?post=4903"},{"taxonomy":"product_tag","embeddable":true,"href":"https:\/\/gate21.ee\/et\/wp-json\/wp\/v2\/product_tag?post=4903"}],"curies":[{"name":"wp","href":"https:\/\/api.w.org\/{rel}","templated":true}]}}