{"id":4882,"date":"2020-08-24T21:55:26","date_gmt":"2020-08-24T18:55:26","guid":{"rendered":"https:\/\/gate21.ee\/?post_type=product&#038;p=4882"},"modified":"2026-04-26T12:11:04","modified_gmt":"2026-04-26T09:11:04","slug":"everything-happens-for-a-reason","status":"publish","type":"product","link":"https:\/\/gate21.ee\/et\/shop\/everything-happens-for-a-reason\/","title":{"rendered":"EVERYTHING HAPPENS FOR A REASON - k\u00e4ev\u00f5ru"},"content":{"rendered":"<p><span class=\"\">K\u00f5ik, mis juhtub, juhtub mingil p\u00f5hjusel.\u00a0<\/span>Aeg-ajalt tuleb elus ette asju, mis panevad k\u00fcsima, miks need minuga juhtusid. Iga valus \u00f5ppetund muudab Sind aga palju targemaks ja tugevamaks.\u00a0<span class=\"\">K\u00f5ik, mis on tehtud, on tehtud ja seda enam muuta ei saa.\u00a0<\/span>K\u00e4ev\u00f5ru aitab meelde tuletada Sinu eesm\u00e4rki ning et iga tagasil\u00f6\u00f6k on tegelikult samm edasi edu suunas.<\/p>\n<p>K\u00e4ev\u00f5rud sobivad k\u00f5igile suurustele, k\u00e4ev\u00f5ru saab kerge painutusega vastavalt randme suurusele suuremaks v\u00f5i v\u00e4iksemaks muuta.<\/p>\n<p>K\u00e4ev\u00f5rud on valmistatud poleeritud roostevabast terasest ja k\u00f5rgtehnoloogiliselt t\u00f6\u00f6deldud, et tagada vastupidavus ja kauakestev v\u00e4limus, ca. 2% h\u00f5be, kuld v\u00f5i roosa kuld.<\/p>\n<p>K\u00e4ev\u00f5ru laius on 3mm.<\/p>\n<p>Hooldus: <span class=\"\">V\u00e4ltige niiskust, kokkupuudet kosmeetika ja kodukeemiaga.\u00a0<\/span>Vajadusel puhasta ehteid puuvillase v\u00f5i sametlapiga.<\/p>","protected":false},"excerpt":{"rendered":"<p>Everything that happens happens for some reason.\u00a0From time to time things happen to us in life that make you ask WHY?\u00a0Every painful lesson will make you much smarter and stronger.\u00a0Everything that has been done is done and can no longer be changed.\u00a0This bracelet will help you set bigger goals and move towards them.\u00a0If there are [&hellip;]<\/p>\n","protected":false},"featured_media":4878,"comment_status":"closed","ping_status":"closed","template":"","meta":{"site-sidebar-layout":"default","site-content-layout":"default","ast-site-content-layout":"default","site-content-style":"default","site-sidebar-style":"default","ast-global-header-display":"","ast-banner-title-visibility":"","ast-main-header-display":"","ast-hfb-above-header-display":"","ast-hfb-below-header-display":"","ast-hfb-mobile-header-display":"","site-post-title":"","ast-breadcrumbs-content":"","ast-featured-img":"","footer-sml-layout":"","ast-disable-related-posts":"","theme-transparent-header-meta":"default","adv-header-id-meta":"","stick-header-meta":"default","header-above-stick-meta":"","header-main-stick-meta":"","header-below-stick-meta":"","astra-migrate-meta-layouts":"default","ast-page-background-enabled":"default","ast-page-background-meta":{"desktop":{"background-color":"","background-image":"","background-repeat":"repeat","background-position":"center center","background-size":"auto","background-attachment":"scroll","background-type":"","background-media":"","overlay-type":"","overlay-color":"","overlay-opacity":"","overlay-gradient":""},"tablet":{"background-color":"","background-image":"","background-repeat":"repeat","background-position":"center center","background-size":"auto","background-attachment":"scroll","background-type":"","background-media":"","overlay-type":"","overlay-color":"","overlay-opacity":"","overlay-gradient":""},"mobile":{"background-color":"","background-image":"","background-repeat":"repeat","background-position":"center center","background-size":"auto","background-attachment":"scroll","background-type":"","background-media":"","overlay-type":"","overlay-color":"","overlay-opacity":"","overlay-gradient":""}},"ast-content-background-meta":{"desktop":{"background-color":"var(--ast-global-color-5)","background-image":"","background-repeat":"repeat","background-position":"center center","background-size":"auto","background-attachment":"scroll","background-type":"","background-media":"","overlay-type":"","overlay-color":"","overlay-opacity":"","overlay-gradient":""},"tablet":{"background-color":"var(--ast-global-color-5)","background-image":"","background-repeat":"repeat","background-position":"center center","background-size":"auto","background-attachment":"scroll","background-type":"","background-media":"","overlay-type":"","overlay-color":"","overlay-opacity":"","overlay-gradient":""},"mobile":{"background-color":"var(--ast-global-color-5)","background-image":"","background-repeat":"repeat","background-position":"center center","background-size":"auto","background-attachment":"scroll","background-type":"","background-media":"","overlay-type":"","overlay-color":"","overlay-opacity":"","overlay-gradient":""}}},"pwb-brand":[193],"product_brand":[],"product_cat":[126,52],"product_tag":[301],"class_list":{"0":"post-4882","1":"product","2":"type-product","3":"status-publish","4":"has-post-thumbnail","6":"pwb-brand-olla","7":"product_cat-bracelets","8":"product_cat-jewellery","9":"product_tag-bracelets","10":"desktop-align-center","11":"tablet-align-center","12":"mobile-align-center","13":"ast-product-gallery-layout-vertical","14":"ast-product-single-variable","15":"ast-product-tabs-layout-horizontal","17":"first","18":"instock","19":"taxable","20":"shipping-taxable","21":"purchasable","22":"product-type-variable"},"yoast_head":"<!-- This site is optimized with the Yoast SEO plugin v27.4 - https:\/\/yoast.com\/product\/yoast-seo-wordpress\/ -->\n<title>Everything happens for a Reason &#8226; Gate21<\/title>\n<meta name=\"description\" content=\"Bracelets are designed to fit everyone, the bracelet can be made larger or smaller according to the wrist by light bending.\" \/>\n<meta name=\"robots\" content=\"index, follow, max-snippet:-1, max-image-preview:large, max-video-preview:-1\" \/>\n<link rel=\"canonical\" href=\"https:\/\/gate21.ee\/et\/shop\/everything-happens-for-a-reason\/\" \/>\n<meta property=\"og:locale\" content=\"et_EE\" \/>\n<meta property=\"og:type\" content=\"article\" \/>\n<meta property=\"og:title\" content=\"Everything happens for a Reason &#8226; Gate21\" \/>\n<meta property=\"og:description\" content=\"Bracelets are designed to fit everyone, the bracelet can be made larger or smaller according to the wrist by light bending.\" \/>\n<meta property=\"og:url\" content=\"https:\/\/gate21.ee\/et\/shop\/everything-happens-for-a-reason\/\" \/>\n<meta property=\"og:site_name\" content=\"Gate21\" \/>\n<meta property=\"article:publisher\" content=\"https:\/\/www.facebook.com\/gate21.ee\/\" \/>\n<meta property=\"article:modified_time\" content=\"2026-04-26T09:11:04+00:00\" \/>\n<meta property=\"og:image\" content=\"https:\/\/gate21.ee\/wp-content\/uploads\/2020\/08\/EVERYTHING-HAPPENS-FOR-A-REASON_h.jpg\" \/>\n\t<meta property=\"og:image:width\" content=\"1800\" \/>\n\t<meta property=\"og:image:height\" content=\"1800\" \/>\n\t<meta property=\"og:image:type\" content=\"image\/jpeg\" \/>\n<meta name=\"twitter:card\" content=\"summary_large_image\" \/>\n<meta name=\"twitter:label1\" content=\"Est. reading time\" \/>\n\t<meta name=\"twitter:data1\" content=\"1 minut\" \/>\n<script type=\"application\/ld+json\" class=\"yoast-schema-graph\">{\"@context\":\"https:\\\/\\\/schema.org\",\"@graph\":[{\"@type\":\"WebPage\",\"@id\":\"https:\\\/\\\/gate21.ee\\\/shop\\\/everything-happens-for-a-reason\\\/\",\"url\":\"https:\\\/\\\/gate21.ee\\\/shop\\\/everything-happens-for-a-reason\\\/\",\"name\":\"Everything happens for a Reason &#8226; Gate21\",\"isPartOf\":{\"@id\":\"https:\\\/\\\/gate21.ee\\\/#website\"},\"primaryImageOfPage\":{\"@id\":\"https:\\\/\\\/gate21.ee\\\/shop\\\/everything-happens-for-a-reason\\\/#primaryimage\"},\"image\":{\"@id\":\"https:\\\/\\\/gate21.ee\\\/shop\\\/everything-happens-for-a-reason\\\/#primaryimage\"},\"thumbnailUrl\":\"https:\\\/\\\/gate21.ee\\\/wp-content\\\/uploads\\\/2020\\\/08\\\/EVERYTHING-HAPPENS-FOR-A-REASON_h.jpg\",\"datePublished\":\"2020-08-24T18:55:26+00:00\",\"dateModified\":\"2026-04-26T09:11:04+00:00\",\"description\":\"Bracelets are designed to fit everyone, the bracelet can be made larger or smaller according to the wrist by light bending.\",\"breadcrumb\":{\"@id\":\"https:\\\/\\\/gate21.ee\\\/shop\\\/everything-happens-for-a-reason\\\/#breadcrumb\"},\"inLanguage\":\"et\",\"potentialAction\":[{\"@type\":\"ReadAction\",\"target\":[\"https:\\\/\\\/gate21.ee\\\/shop\\\/everything-happens-for-a-reason\\\/\"]}]},{\"@type\":\"ImageObject\",\"inLanguage\":\"et\",\"@id\":\"https:\\\/\\\/gate21.ee\\\/shop\\\/everything-happens-for-a-reason\\\/#primaryimage\",\"url\":\"https:\\\/\\\/gate21.ee\\\/wp-content\\\/uploads\\\/2020\\\/08\\\/EVERYTHING-HAPPENS-FOR-A-REASON_h.jpg\",\"contentUrl\":\"https:\\\/\\\/gate21.ee\\\/wp-content\\\/uploads\\\/2020\\\/08\\\/EVERYTHING-HAPPENS-FOR-A-REASON_h.jpg\",\"width\":1800,\"height\":1800,\"caption\":\"A silver cuff bangle with the engraved text EVERYTHING HAPPENS FOR A REASON and a small round stone accent near the end, curated for our gift shop and inspired by timeless Estonian design. Gate21.ee\"},{\"@type\":\"BreadcrumbList\",\"@id\":\"https:\\\/\\\/gate21.ee\\\/shop\\\/everything-happens-for-a-reason\\\/#breadcrumb\",\"itemListElement\":[{\"@type\":\"ListItem\",\"position\":1,\"name\":\"Home\",\"item\":\"https:\\\/\\\/gate21.ee\\\/\"},{\"@type\":\"ListItem\",\"position\":2,\"name\":\"Everything happens for a Reason\"}]},{\"@type\":\"WebSite\",\"@id\":\"https:\\\/\\\/gate21.ee\\\/#website\",\"url\":\"https:\\\/\\\/gate21.ee\\\/\",\"name\":\"Gate21\",\"description\":\"Gift concept store Gate21\",\"publisher\":{\"@id\":\"https:\\\/\\\/gate21.ee\\\/#organization\"},\"alternateName\":\"gate21\",\"potentialAction\":[{\"@type\":\"SearchAction\",\"target\":{\"@type\":\"EntryPoint\",\"urlTemplate\":\"https:\\\/\\\/gate21.ee\\\/?s={search_term_string}\"},\"query-input\":{\"@type\":\"PropertyValueSpecification\",\"valueRequired\":true,\"valueName\":\"search_term_string\"}}],\"inLanguage\":\"et\"},{\"@type\":\"Organization\",\"@id\":\"https:\\\/\\\/gate21.ee\\\/#organization\",\"name\":\"Gate21\",\"alternateName\":\"Gate21, Oma Asi and Oma Asi Design Store\",\"url\":\"https:\\\/\\\/gate21.ee\\\/\",\"logo\":{\"@type\":\"ImageObject\",\"inLanguage\":\"et\",\"@id\":\"https:\\\/\\\/gate21.ee\\\/#\\\/schema\\\/logo\\\/image\\\/\",\"url\":\"https:\\\/\\\/gate21.ee\\\/wp-content\\\/uploads\\\/2021\\\/11\\\/Gate_21_Logo_2_Valge.png\",\"contentUrl\":\"https:\\\/\\\/gate21.ee\\\/wp-content\\\/uploads\\\/2021\\\/11\\\/Gate_21_Logo_2_Valge.png\",\"width\":2560,\"height\":2560,\"caption\":\"Gate21\"},\"image\":{\"@id\":\"https:\\\/\\\/gate21.ee\\\/#\\\/schema\\\/logo\\\/image\\\/\"},\"sameAs\":[\"https:\\\/\\\/www.facebook.com\\\/gate21.ee\\\/\",\"https:\\\/\\\/www.instagram.com\\\/gate21.ee\\\/\",\"https:\\\/\\\/www.instagram.com\\\/omaasidesign\\\/\",\"https:\\\/\\\/www.instagram.com\\\/omaasi\\\/\",\"https:\\\/\\\/www.facebook.com\\\/omaasidesign\\\/\",\"https:\\\/\\\/www.facebook.com\\\/omaasilittleredhouse\\\/\",\"https:\\\/\\\/www.tiktok.com\\\/@gate21.ee\"]}]}<\/script>\n<!-- \/ Yoast SEO plugin. -->","yoast_head_json":{"title":"Everything happens for a Reason &#8226; Gate21","description":"K\u00e4ev\u00f5rud sobivad k\u00f5igile suurustele, k\u00e4ev\u00f5ru saab kerge painutusega vastavalt randme suurusele suuremaks v\u00f5i v\u00e4iksemaks muuta.","robots":{"index":"index","follow":"follow","max-snippet":"max-snippet:-1","max-image-preview":"max-image-preview:large","max-video-preview":"max-video-preview:-1"},"canonical":"https:\/\/gate21.ee\/et\/shop\/everything-happens-for-a-reason\/","og_locale":"et_EE","og_type":"article","og_title":"Everything happens for a Reason &#8226; Gate21","og_description":"Bracelets are designed to fit everyone, the bracelet can be made larger or smaller according to the wrist by light bending.","og_url":"https:\/\/gate21.ee\/et\/shop\/everything-happens-for-a-reason\/","og_site_name":"Gate21","article_publisher":"https:\/\/www.facebook.com\/gate21.ee\/","article_modified_time":"2026-04-26T09:11:04+00:00","og_image":[{"width":1800,"height":1800,"url":"https:\/\/gate21.ee\/wp-content\/uploads\/2020\/08\/EVERYTHING-HAPPENS-FOR-A-REASON_h.jpg","type":"image\/jpeg"}],"twitter_card":"summary_large_image","twitter_misc":{"Est. reading time":"1 minut"},"schema":{"@context":"https:\/\/schema.org","@graph":[{"@type":"WebPage","@id":"https:\/\/gate21.ee\/shop\/everything-happens-for-a-reason\/","url":"https:\/\/gate21.ee\/shop\/everything-happens-for-a-reason\/","name":"Everything happens for a Reason &#8226; Gate21","isPartOf":{"@id":"https:\/\/gate21.ee\/#website"},"primaryImageOfPage":{"@id":"https:\/\/gate21.ee\/shop\/everything-happens-for-a-reason\/#primaryimage"},"image":{"@id":"https:\/\/gate21.ee\/shop\/everything-happens-for-a-reason\/#primaryimage"},"thumbnailUrl":"https:\/\/gate21.ee\/wp-content\/uploads\/2020\/08\/EVERYTHING-HAPPENS-FOR-A-REASON_h.jpg","datePublished":"2020-08-24T18:55:26+00:00","dateModified":"2026-04-26T09:11:04+00:00","description":"K\u00e4ev\u00f5rud sobivad k\u00f5igile suurustele, k\u00e4ev\u00f5ru saab kerge painutusega vastavalt randme suurusele suuremaks v\u00f5i v\u00e4iksemaks muuta.","breadcrumb":{"@id":"https:\/\/gate21.ee\/shop\/everything-happens-for-a-reason\/#breadcrumb"},"inLanguage":"et","potentialAction":[{"@type":"ReadAction","target":["https:\/\/gate21.ee\/shop\/everything-happens-for-a-reason\/"]}]},{"@type":"ImageObject","inLanguage":"et","@id":"https:\/\/gate21.ee\/shop\/everything-happens-for-a-reason\/#primaryimage","url":"https:\/\/gate21.ee\/wp-content\/uploads\/2020\/08\/EVERYTHING-HAPPENS-FOR-A-REASON_h.jpg","contentUrl":"https:\/\/gate21.ee\/wp-content\/uploads\/2020\/08\/EVERYTHING-HAPPENS-FOR-A-REASON_h.jpg","width":1800,"height":1800,"caption":"A silver cuff bangle with the engraved text EVERYTHING HAPPENS FOR A REASON and a small round stone accent near the end, curated for our gift shop and inspired by timeless Estonian design. Gate21.ee"},{"@type":"BreadcrumbList","@id":"https:\/\/gate21.ee\/shop\/everything-happens-for-a-reason\/#breadcrumb","itemListElement":[{"@type":"ListItem","position":1,"name":"Home","item":"https:\/\/gate21.ee\/"},{"@type":"ListItem","position":2,"name":"Everything happens for a Reason"}]},{"@type":"WebSite","@id":"https:\/\/gate21.ee\/#website","url":"https:\/\/gate21.ee\/","name":"Gate21","description":"Kingituskontseptsioonipood Gate21","publisher":{"@id":"https:\/\/gate21.ee\/#organization"},"alternateName":"gate21","potentialAction":[{"@type":"SearchAction","target":{"@type":"EntryPoint","urlTemplate":"https:\/\/gate21.ee\/?s={search_term_string}"},"query-input":{"@type":"PropertyValueSpecification","valueRequired":true,"valueName":"search_term_string"}}],"inLanguage":"et"},{"@type":"Organization","@id":"https:\/\/gate21.ee\/#organization","name":"Gate21","alternateName":"Gate21, Oma Asi and Oma Asi Design Store","url":"https:\/\/gate21.ee\/","logo":{"@type":"ImageObject","inLanguage":"et","@id":"https:\/\/gate21.ee\/#\/schema\/logo\/image\/","url":"https:\/\/gate21.ee\/wp-content\/uploads\/2021\/11\/Gate_21_Logo_2_Valge.png","contentUrl":"https:\/\/gate21.ee\/wp-content\/uploads\/2021\/11\/Gate_21_Logo_2_Valge.png","width":2560,"height":2560,"caption":"Gate21"},"image":{"@id":"https:\/\/gate21.ee\/#\/schema\/logo\/image\/"},"sameAs":["https:\/\/www.facebook.com\/gate21.ee\/","https:\/\/www.instagram.com\/gate21.ee\/","https:\/\/www.instagram.com\/omaasidesign\/","https:\/\/www.instagram.com\/omaasi\/","https:\/\/www.facebook.com\/omaasidesign\/","https:\/\/www.facebook.com\/omaasilittleredhouse\/","https:\/\/www.tiktok.com\/@gate21.ee"]}]}},"jetpack_sharing_enabled":true,"brands":[{"id":193,"name":"Olla","slug":"olla"}],"_links":{"self":[{"href":"https:\/\/gate21.ee\/et\/wp-json\/wp\/v2\/product\/4882","targetHints":{"allow":["GET"]}}],"collection":[{"href":"https:\/\/gate21.ee\/et\/wp-json\/wp\/v2\/product"}],"about":[{"href":"https:\/\/gate21.ee\/et\/wp-json\/wp\/v2\/types\/product"}],"replies":[{"embeddable":true,"href":"https:\/\/gate21.ee\/et\/wp-json\/wp\/v2\/comments?post=4882"}],"version-history":[{"count":1,"href":"https:\/\/gate21.ee\/et\/wp-json\/wp\/v2\/product\/4882\/revisions"}],"predecessor-version":[{"id":210346,"href":"https:\/\/gate21.ee\/et\/wp-json\/wp\/v2\/product\/4882\/revisions\/210346"}],"wp:featuredmedia":[{"embeddable":true,"href":"https:\/\/gate21.ee\/et\/wp-json\/wp\/v2\/media\/4878"}],"wp:attachment":[{"href":"https:\/\/gate21.ee\/et\/wp-json\/wp\/v2\/media?parent=4882"}],"wp:term":[{"taxonomy":"pwb-brand","embeddable":true,"href":"https:\/\/gate21.ee\/et\/wp-json\/wp\/v2\/pwb-brand?post=4882"},{"taxonomy":"product_brand","embeddable":true,"href":"https:\/\/gate21.ee\/et\/wp-json\/wp\/v2\/product_brand?post=4882"},{"taxonomy":"product_cat","embeddable":true,"href":"https:\/\/gate21.ee\/et\/wp-json\/wp\/v2\/product_cat?post=4882"},{"taxonomy":"product_tag","embeddable":true,"href":"https:\/\/gate21.ee\/et\/wp-json\/wp\/v2\/product_tag?post=4882"}],"curies":[{"name":"wp","href":"https:\/\/api.w.org\/{rel}","templated":true}]}}