{"id":4656,"date":"2020-08-23T16:45:00","date_gmt":"2020-08-23T13:45:00","guid":{"rendered":"https:\/\/gate21.ee\/?post_type=product&#038;p=4656"},"modified":"2026-04-09T10:59:05","modified_gmt":"2026-04-09T07:59:05","slug":"football_fan","status":"publish","type":"product","link":"https:\/\/gate21.ee\/et\/shop\/football_fan\/","title":{"rendered":"Jalgpalluritega unisex sokid"},"content":{"rendered":"<p>\u00dcks korralik jalgpallim\u00e4ng n\u00f5uab ilusat paari sokke, mis tooksid alati head \u00f5nne.<\/p>\n<p>Musta, valge, punase ja rohelisega jalgpallisokid.<\/p>\n<p>Koostis <a href=\"https:\/\/gate21.ee\/et\/tootekategooria\/clothing\/socks\/\">sokid<\/a> : 80% kammitud puuvill, 17% pol\u00fcamiid ja 3% elastik.<\/p>\n<p><img decoding=\"async\" class=\"alignnone size-medium wp-image-88144 ls-is-cached lazyloaded\" src=\"https:\/\/gate21.ee\/wp-content\/uploads\/2021\/11\/cover_szputnyikshop_MM_1512x.jpg-300x157.webp\" alt=\"\" width=\"300\" height=\"157\" data-srcset=\"https:\/\/gate21.ee\/wp-content\/uploads\/2021\/11\/cover_szputnyikshop_MM_1512x.jpg-300x157.webp 300w, https:\/\/gate21.ee\/wp-content\/uploads\/2021\/11\/cover_szputnyikshop_MM_1512x.jpg-1024x536.webp 1024w, https:\/\/gate21.ee\/wp-content\/uploads\/2021\/11\/cover_szputnyikshop_MM_1512x.jpg-768x402.webp 768w, https:\/\/gate21.ee\/wp-content\/uploads\/2021\/11\/cover_szputnyikshop_MM_1512x.jpg-18x9.webp 18w, https:\/\/gate21.ee\/wp-content\/uploads\/2021\/11\/cover_szputnyikshop_MM_1512x.jpg-600x314.webp 600w, https:\/\/gate21.ee\/wp-content\/uploads\/2021\/11\/cover_szputnyikshop_MM_1512x.jpg.webp 1200w\" data-src=\"https:\/\/gate21.ee\/wp-content\/uploads\/2021\/11\/cover_szputnyikshop_MM_1512x.jpg-300x157.webp\" data-sizes=\"(max-width: 300px) 100vw, 300px\" srcset=\"https:\/\/gate21.ee\/wp-content\/uploads\/2021\/11\/cover_szputnyikshop_MM_1512x.jpg-300x157.webp 300w, https:\/\/gate21.ee\/wp-content\/uploads\/2021\/11\/cover_szputnyikshop_MM_1512x.jpg-600x314.webp 600w, https:\/\/gate21.ee\/wp-content\/uploads\/2021\/11\/cover_szputnyikshop_MM_1512x.jpg-1024x536.webp 1024w, https:\/\/gate21.ee\/wp-content\/uploads\/2021\/11\/cover_szputnyikshop_MM_1512x.jpg-768x402.webp 768w, https:\/\/gate21.ee\/wp-content\/uploads\/2021\/11\/cover_szputnyikshop_MM_1512x.jpg-18x9.webp 18w, https:\/\/gate21.ee\/wp-content\/uploads\/2021\/11\/cover_szputnyikshop_MM_1512x.jpg.webp 1200w\" sizes=\"(max-width: 300px) 100vw, 300px\" \/><\/p>\n<p><a href=\"https:\/\/gate21.ee\/et\/brand\/manymornings\/\">Many Mornings<\/a> armastab sokke ja soovib seda armastust k\u00f5igiga jagada. Ettev\u00f5te on p\u00e4rit Poolast, kus nad on tootnud sokke alates 2014. aastast. Kaks erisugust, kuid samas omavahel sobituvat sokki moodustavad paari koos suurep\u00e4rase kvaliteediga.<\/p>\n<p>Many Mornings sokid sobivad suurep\u00e4raselt inimestele, kes suudavad leida kaoses korra, v\u00e4ldivad banaalsust ja ennek\u00f5ike \u2013 on sagedamini ajendatud s\u00fcdamest kui m\u00f5istusest.<\/p>\n<p>Many Mornings sokid peaksid olema iga\u00fche garderoobis olemas. Need on sokid elu nautimiseks: jooksmiseks v\u00f5i pidutsemiseks, s\u00f5pradega kohtumiseks, laisklemiseks v\u00f5i raskeks t\u00f6\u00f6ks. Sokid, mis panevad k\u00f5ik naeratama, kes neid n\u00e4evad!<\/p>\n<p>Muuda oma tuhmid hommikud v\u00e4rvide d\u017eungliks ja naudi neid t\u00e4iel rinnal!<\/p>","protected":false},"excerpt":{"rendered":"<p>The beautiful game requires a beautiful pair. Show off your footballing spirit with these sporting socks. Football socks in black, white, red, and green, with a football design on one and a player kicking a ball on a field on the other. The composition of the socks is: 80% combed cotton, 17% polyamide &amp; 3% [&hellip;]<\/p>\n","protected":false},"featured_media":125014,"comment_status":"closed","ping_status":"closed","template":"","meta":{"site-sidebar-layout":"default","site-content-layout":"default","ast-site-content-layout":"default","site-content-style":"default","site-sidebar-style":"default","ast-global-header-display":"","ast-banner-title-visibility":"","ast-main-header-display":"","ast-hfb-above-header-display":"","ast-hfb-below-header-display":"","ast-hfb-mobile-header-display":"","site-post-title":"","ast-breadcrumbs-content":"","ast-featured-img":"","footer-sml-layout":"","ast-disable-related-posts":"","theme-transparent-header-meta":"default","adv-header-id-meta":"","stick-header-meta":"default","header-above-stick-meta":"","header-main-stick-meta":"","header-below-stick-meta":"","astra-migrate-meta-layouts":"default","ast-page-background-enabled":"default","ast-page-background-meta":{"desktop":{"background-color":"","background-image":"","background-repeat":"repeat","background-position":"center center","background-size":"auto","background-attachment":"scroll","background-type":"","background-media":"","overlay-type":"","overlay-color":"","overlay-opacity":"","overlay-gradient":""},"tablet":{"background-color":"","background-image":"","background-repeat":"repeat","background-position":"center center","background-size":"auto","background-attachment":"scroll","background-type":"","background-media":"","overlay-type":"","overlay-color":"","overlay-opacity":"","overlay-gradient":""},"mobile":{"background-color":"","background-image":"","background-repeat":"repeat","background-position":"center center","background-size":"auto","background-attachment":"scroll","background-type":"","background-media":"","overlay-type":"","overlay-color":"","overlay-opacity":"","overlay-gradient":""}},"ast-content-background-meta":{"desktop":{"background-color":"var(--ast-global-color-5)","background-image":"","background-repeat":"repeat","background-position":"center center","background-size":"auto","background-attachment":"scroll","background-type":"","background-media":"","overlay-type":"","overlay-color":"","overlay-opacity":"","overlay-gradient":""},"tablet":{"background-color":"var(--ast-global-color-5)","background-image":"","background-repeat":"repeat","background-position":"center center","background-size":"auto","background-attachment":"scroll","background-type":"","background-media":"","overlay-type":"","overlay-color":"","overlay-opacity":"","overlay-gradient":""},"mobile":{"background-color":"var(--ast-global-color-5)","background-image":"","background-repeat":"repeat","background-position":"center center","background-size":"auto","background-attachment":"scroll","background-type":"","background-media":"","overlay-type":"","overlay-color":"","overlay-opacity":"","overlay-gradient":""}}},"pwb-brand":[121],"product_brand":[],"product_cat":[56,136],"product_tag":[231],"class_list":{"0":"post-4656","1":"product","2":"type-product","3":"status-publish","4":"has-post-thumbnail","6":"pwb-brand-manymornings","7":"product_cat-clothing","8":"product_cat-socks","9":"product_tag-socks","10":"desktop-align-center","11":"tablet-align-center","12":"mobile-align-center","13":"ast-product-gallery-layout-vertical","14":"ast-product-single-variable","15":"ast-product-tabs-layout-horizontal","17":"first","18":"instock","19":"taxable","20":"shipping-taxable","21":"purchasable","22":"product-type-variable"},"yoast_head":"<!-- This site is optimized with the Yoast SEO plugin v27.4 - https:\/\/yoast.com\/product\/yoast-seo-wordpress\/ -->\n<title>Football Fan &#8226; Gate21<\/title>\n<meta name=\"description\" content=\"Fall in love with our mismatched socks!Many Mornings socks are perfect for people who find order in chaos!\" \/>\n<meta name=\"robots\" content=\"index, follow, max-snippet:-1, max-image-preview:large, max-video-preview:-1\" \/>\n<link rel=\"canonical\" href=\"https:\/\/gate21.ee\/et\/shop\/football_fan\/\" \/>\n<meta property=\"og:locale\" content=\"et_EE\" \/>\n<meta property=\"og:type\" content=\"article\" \/>\n<meta property=\"og:title\" content=\"Football Fan &#8226; Gate21\" \/>\n<meta property=\"og:description\" content=\"Fall in love with our mismatched socks!Many Mornings socks are perfect for people who find order in chaos!\" \/>\n<meta property=\"og:url\" content=\"https:\/\/gate21.ee\/et\/shop\/football_fan\/\" \/>\n<meta property=\"og:site_name\" content=\"Gate21\" \/>\n<meta property=\"article:publisher\" content=\"https:\/\/www.facebook.com\/gate21.ee\/\" \/>\n<meta property=\"article:modified_time\" content=\"2026-04-09T07:59:05+00:00\" \/>\n<meta property=\"og:image\" content=\"https:\/\/gate21.ee\/wp-content\/uploads\/2022\/05\/IMG_1583759446469803036380.png.webp\" \/>\n\t<meta property=\"og:image:width\" content=\"960\" \/>\n\t<meta property=\"og:image:height\" content=\"1200\" \/>\n\t<meta property=\"og:image:type\" content=\"image\/webp\" \/>\n<meta name=\"twitter:card\" content=\"summary_large_image\" \/>\n<meta name=\"twitter:label1\" content=\"Est. reading time\" \/>\n\t<meta name=\"twitter:data1\" content=\"2 minutit\" \/>\n<script type=\"application\/ld+json\" class=\"yoast-schema-graph\">{\"@context\":\"https:\\\/\\\/schema.org\",\"@graph\":[{\"@type\":\"WebPage\",\"@id\":\"https:\\\/\\\/gate21.ee\\\/shop\\\/football_fan\\\/\",\"url\":\"https:\\\/\\\/gate21.ee\\\/shop\\\/football_fan\\\/\",\"name\":\"Football Fan &#8226; Gate21\",\"isPartOf\":{\"@id\":\"https:\\\/\\\/gate21.ee\\\/#website\"},\"primaryImageOfPage\":{\"@id\":\"https:\\\/\\\/gate21.ee\\\/shop\\\/football_fan\\\/#primaryimage\"},\"image\":{\"@id\":\"https:\\\/\\\/gate21.ee\\\/shop\\\/football_fan\\\/#primaryimage\"},\"thumbnailUrl\":\"https:\\\/\\\/gate21.ee\\\/wp-content\\\/uploads\\\/2022\\\/05\\\/IMG_1583759446469803036380.png.webp\",\"datePublished\":\"2020-08-23T13:45:00+00:00\",\"dateModified\":\"2026-04-09T07:59:05+00:00\",\"description\":\"Fall in love with our mismatched socks!Many Mornings socks are perfect for people who find order in chaos!\",\"breadcrumb\":{\"@id\":\"https:\\\/\\\/gate21.ee\\\/shop\\\/football_fan\\\/#breadcrumb\"},\"inLanguage\":\"et\",\"potentialAction\":[{\"@type\":\"ReadAction\",\"target\":[\"https:\\\/\\\/gate21.ee\\\/shop\\\/football_fan\\\/\"]}]},{\"@type\":\"ImageObject\",\"inLanguage\":\"et\",\"@id\":\"https:\\\/\\\/gate21.ee\\\/shop\\\/football_fan\\\/#primaryimage\",\"url\":\"https:\\\/\\\/gate21.ee\\\/wp-content\\\/uploads\\\/2022\\\/05\\\/IMG_1583759446469803036380.png.webp\",\"contentUrl\":\"https:\\\/\\\/gate21.ee\\\/wp-content\\\/uploads\\\/2022\\\/05\\\/IMG_1583759446469803036380.png.webp\",\"width\":960,\"height\":1200,\"caption\":\"A pair of mismatched socks: one green with cartoon football players and red trim, the other white with a black football pattern and black trim, both on a black background\u2014a curated find for those seeking unique ideas from Tallinn shopping. Gate21.ee\"},{\"@type\":\"BreadcrumbList\",\"@id\":\"https:\\\/\\\/gate21.ee\\\/shop\\\/football_fan\\\/#breadcrumb\",\"itemListElement\":[{\"@type\":\"ListItem\",\"position\":1,\"name\":\"Home\",\"item\":\"https:\\\/\\\/gate21.ee\\\/\"},{\"@type\":\"ListItem\",\"position\":2,\"name\":\"Football Fan\"}]},{\"@type\":\"WebSite\",\"@id\":\"https:\\\/\\\/gate21.ee\\\/#website\",\"url\":\"https:\\\/\\\/gate21.ee\\\/\",\"name\":\"Gate21\",\"description\":\"Gift concept store Gate21\",\"publisher\":{\"@id\":\"https:\\\/\\\/gate21.ee\\\/#organization\"},\"alternateName\":\"gate21\",\"potentialAction\":[{\"@type\":\"SearchAction\",\"target\":{\"@type\":\"EntryPoint\",\"urlTemplate\":\"https:\\\/\\\/gate21.ee\\\/?s={search_term_string}\"},\"query-input\":{\"@type\":\"PropertyValueSpecification\",\"valueRequired\":true,\"valueName\":\"search_term_string\"}}],\"inLanguage\":\"et\"},{\"@type\":\"Organization\",\"@id\":\"https:\\\/\\\/gate21.ee\\\/#organization\",\"name\":\"Gate21\",\"alternateName\":\"Gate21, Oma Asi and Oma Asi Design Store\",\"url\":\"https:\\\/\\\/gate21.ee\\\/\",\"logo\":{\"@type\":\"ImageObject\",\"inLanguage\":\"et\",\"@id\":\"https:\\\/\\\/gate21.ee\\\/#\\\/schema\\\/logo\\\/image\\\/\",\"url\":\"https:\\\/\\\/gate21.ee\\\/wp-content\\\/uploads\\\/2021\\\/11\\\/Gate_21_Logo_2_Valge.png\",\"contentUrl\":\"https:\\\/\\\/gate21.ee\\\/wp-content\\\/uploads\\\/2021\\\/11\\\/Gate_21_Logo_2_Valge.png\",\"width\":2560,\"height\":2560,\"caption\":\"Gate21\"},\"image\":{\"@id\":\"https:\\\/\\\/gate21.ee\\\/#\\\/schema\\\/logo\\\/image\\\/\"},\"sameAs\":[\"https:\\\/\\\/www.facebook.com\\\/gate21.ee\\\/\",\"https:\\\/\\\/www.instagram.com\\\/gate21.ee\\\/\",\"https:\\\/\\\/www.instagram.com\\\/omaasidesign\\\/\",\"https:\\\/\\\/www.instagram.com\\\/omaasi\\\/\",\"https:\\\/\\\/www.facebook.com\\\/omaasidesign\\\/\",\"https:\\\/\\\/www.facebook.com\\\/omaasilittleredhouse\\\/\",\"https:\\\/\\\/www.tiktok.com\\\/@gate21.ee\"]}]}<\/script>\n<!-- \/ Yoast SEO plugin. -->","yoast_head_json":{"title":"Football Fan &#8226; Gate21","description":"Fall in love with our mismatched socks!Many Mornings socks are perfect for people who find order in chaos!","robots":{"index":"index","follow":"follow","max-snippet":"max-snippet:-1","max-image-preview":"max-image-preview:large","max-video-preview":"max-video-preview:-1"},"canonical":"https:\/\/gate21.ee\/et\/shop\/football_fan\/","og_locale":"et_EE","og_type":"article","og_title":"Football Fan &#8226; Gate21","og_description":"Fall in love with our mismatched socks!Many Mornings socks are perfect for people who find order in chaos!","og_url":"https:\/\/gate21.ee\/et\/shop\/football_fan\/","og_site_name":"Gate21","article_publisher":"https:\/\/www.facebook.com\/gate21.ee\/","article_modified_time":"2026-04-09T07:59:05+00:00","og_image":[{"width":960,"height":1200,"url":"https:\/\/gate21.ee\/wp-content\/uploads\/2022\/05\/IMG_1583759446469803036380.png.webp","type":"image\/webp"}],"twitter_card":"summary_large_image","twitter_misc":{"Est. reading time":"2 minutit"},"schema":{"@context":"https:\/\/schema.org","@graph":[{"@type":"WebPage","@id":"https:\/\/gate21.ee\/shop\/football_fan\/","url":"https:\/\/gate21.ee\/shop\/football_fan\/","name":"Football Fan &#8226; Gate21","isPartOf":{"@id":"https:\/\/gate21.ee\/#website"},"primaryImageOfPage":{"@id":"https:\/\/gate21.ee\/shop\/football_fan\/#primaryimage"},"image":{"@id":"https:\/\/gate21.ee\/shop\/football_fan\/#primaryimage"},"thumbnailUrl":"https:\/\/gate21.ee\/wp-content\/uploads\/2022\/05\/IMG_1583759446469803036380.png.webp","datePublished":"2020-08-23T13:45:00+00:00","dateModified":"2026-04-09T07:59:05+00:00","description":"Fall in love with our mismatched socks!Many Mornings socks are perfect for people who find order in chaos!","breadcrumb":{"@id":"https:\/\/gate21.ee\/shop\/football_fan\/#breadcrumb"},"inLanguage":"et","potentialAction":[{"@type":"ReadAction","target":["https:\/\/gate21.ee\/shop\/football_fan\/"]}]},{"@type":"ImageObject","inLanguage":"et","@id":"https:\/\/gate21.ee\/shop\/football_fan\/#primaryimage","url":"https:\/\/gate21.ee\/wp-content\/uploads\/2022\/05\/IMG_1583759446469803036380.png.webp","contentUrl":"https:\/\/gate21.ee\/wp-content\/uploads\/2022\/05\/IMG_1583759446469803036380.png.webp","width":960,"height":1200,"caption":"A pair of mismatched socks: one green with cartoon football players and red trim, the other white with a black football pattern and black trim, both on a black background\u2014a curated find for those seeking unique ideas from Tallinn shopping. Gate21.ee"},{"@type":"BreadcrumbList","@id":"https:\/\/gate21.ee\/shop\/football_fan\/#breadcrumb","itemListElement":[{"@type":"ListItem","position":1,"name":"Home","item":"https:\/\/gate21.ee\/"},{"@type":"ListItem","position":2,"name":"Football Fan"}]},{"@type":"WebSite","@id":"https:\/\/gate21.ee\/#website","url":"https:\/\/gate21.ee\/","name":"Gate21","description":"Kingituskontseptsioonipood Gate21","publisher":{"@id":"https:\/\/gate21.ee\/#organization"},"alternateName":"gate21","potentialAction":[{"@type":"SearchAction","target":{"@type":"EntryPoint","urlTemplate":"https:\/\/gate21.ee\/?s={search_term_string}"},"query-input":{"@type":"PropertyValueSpecification","valueRequired":true,"valueName":"search_term_string"}}],"inLanguage":"et"},{"@type":"Organization","@id":"https:\/\/gate21.ee\/#organization","name":"Gate21","alternateName":"Gate21, Oma Asi and Oma Asi Design Store","url":"https:\/\/gate21.ee\/","logo":{"@type":"ImageObject","inLanguage":"et","@id":"https:\/\/gate21.ee\/#\/schema\/logo\/image\/","url":"https:\/\/gate21.ee\/wp-content\/uploads\/2021\/11\/Gate_21_Logo_2_Valge.png","contentUrl":"https:\/\/gate21.ee\/wp-content\/uploads\/2021\/11\/Gate_21_Logo_2_Valge.png","width":2560,"height":2560,"caption":"Gate21"},"image":{"@id":"https:\/\/gate21.ee\/#\/schema\/logo\/image\/"},"sameAs":["https:\/\/www.facebook.com\/gate21.ee\/","https:\/\/www.instagram.com\/gate21.ee\/","https:\/\/www.instagram.com\/omaasidesign\/","https:\/\/www.instagram.com\/omaasi\/","https:\/\/www.facebook.com\/omaasidesign\/","https:\/\/www.facebook.com\/omaasilittleredhouse\/","https:\/\/www.tiktok.com\/@gate21.ee"]}]}},"jetpack_sharing_enabled":true,"brands":[{"id":121,"name":"Many Mornings","slug":"manymornings"}],"_links":{"self":[{"href":"https:\/\/gate21.ee\/et\/wp-json\/wp\/v2\/product\/4656","targetHints":{"allow":["GET"]}}],"collection":[{"href":"https:\/\/gate21.ee\/et\/wp-json\/wp\/v2\/product"}],"about":[{"href":"https:\/\/gate21.ee\/et\/wp-json\/wp\/v2\/types\/product"}],"replies":[{"embeddable":true,"href":"https:\/\/gate21.ee\/et\/wp-json\/wp\/v2\/comments?post=4656"}],"version-history":[{"count":1,"href":"https:\/\/gate21.ee\/et\/wp-json\/wp\/v2\/product\/4656\/revisions"}],"predecessor-version":[{"id":240089,"href":"https:\/\/gate21.ee\/et\/wp-json\/wp\/v2\/product\/4656\/revisions\/240089"}],"wp:featuredmedia":[{"embeddable":true,"href":"https:\/\/gate21.ee\/et\/wp-json\/wp\/v2\/media\/125014"}],"wp:attachment":[{"href":"https:\/\/gate21.ee\/et\/wp-json\/wp\/v2\/media?parent=4656"}],"wp:term":[{"taxonomy":"pwb-brand","embeddable":true,"href":"https:\/\/gate21.ee\/et\/wp-json\/wp\/v2\/pwb-brand?post=4656"},{"taxonomy":"product_brand","embeddable":true,"href":"https:\/\/gate21.ee\/et\/wp-json\/wp\/v2\/product_brand?post=4656"},{"taxonomy":"product_cat","embeddable":true,"href":"https:\/\/gate21.ee\/et\/wp-json\/wp\/v2\/product_cat?post=4656"},{"taxonomy":"product_tag","embeddable":true,"href":"https:\/\/gate21.ee\/et\/wp-json\/wp\/v2\/product_tag?post=4656"}],"curies":[{"name":"wp","href":"https:\/\/api.w.org\/{rel}","templated":true}]}}