{"id":32861,"date":"2021-06-05T18:08:51","date_gmt":"2021-06-05T15:08:51","guid":{"rendered":"https:\/\/gate21.ee\/?post_type=product&#038;p=32861"},"modified":"2026-04-28T17:55:31","modified_gmt":"2026-04-28T14:55:31","slug":"nudist-bookmark-male-pink","status":"publish","type":"product","link":"https:\/\/gate21.ee\/et\/shop\/nudist-bookmark-male-pink\/","title":{"rendered":"Ark Design j\u00e4rjehoidjad - K\u00d5IK"},"content":{"rendered":"<p>\u00c4rge kaotage kunagi enam oma raamatus oma kohta selle nudistliku ehtsa nahaga <a href=\"https:\/\/gate21.ee\/et\/tootekategooria\/accessories\/bookmarks\/\">j\u00e4rjehoidja<\/a> Ark Design.<\/p>\n<p>Samuti on see puhkuse ajal basseini \u00e4\u00e4res lugedes v\u00e4ike meeldetuletus, et katta end v\u00f5i panna p\u00e4ikesekreem peale ?<\/p>\n<p>K\u00f5rgus: 20cm<\/p>\n<p><a href=\"https:\/\/gate21.ee\/et\/brand\/arkcolourdesign\/\">Ark Colour Design<\/a> asutati 2015. aastal Jane Richards'i ja Amy Lindsay poolt. Kuna m\u00f5lemad naised on moe ja kaunite kunstide taustaga, siis soovisid nad luua tooteid, mis oleksid naljakad, taskukohased ja kvaliteetselt valmistatud.<\/p>\n<p>K\u00f5ik tooted on valmistatud v\u00e4ikese pereettev\u00f5tte poolt \u0160otimaal. Nahka t\u00f6\u00f6deldakse kohalikus parkimist\u00f6\u00f6kojas ning seej\u00e4rel l\u00f5igatakse ja fooliumtr\u00fckitakse k\u00e4sitsi Ark Color Designis.<\/p>","protected":false},"excerpt":{"rendered":"<p>Never lose your place in your book again with this nudist genuine leather bookmark by Ark Design. Also serves as a little reminder whilst reading by the pool on your holidays to cover-up or put on your suncream ? Height: 20cm Ark Colour Design was founded in 2015 by Jane Richards and Amy Lindsay. As [&hellip;]<\/p>\n","protected":false},"featured_media":88000,"comment_status":"closed","ping_status":"closed","template":"","meta":{"site-sidebar-layout":"default","site-content-layout":"default","ast-site-content-layout":"default","site-content-style":"default","site-sidebar-style":"default","ast-global-header-display":"","ast-banner-title-visibility":"","ast-main-header-display":"","ast-hfb-above-header-display":"","ast-hfb-below-header-display":"","ast-hfb-mobile-header-display":"","site-post-title":"","ast-breadcrumbs-content":"","ast-featured-img":"","footer-sml-layout":"","ast-disable-related-posts":"","theme-transparent-header-meta":"default","adv-header-id-meta":"","stick-header-meta":"default","header-above-stick-meta":"","header-main-stick-meta":"","header-below-stick-meta":"","astra-migrate-meta-layouts":"default","ast-page-background-enabled":"default","ast-page-background-meta":{"desktop":{"background-color":"","background-image":"","background-repeat":"repeat","background-position":"center center","background-size":"auto","background-attachment":"scroll","background-type":"","background-media":"","overlay-type":"","overlay-color":"","overlay-opacity":"","overlay-gradient":""},"tablet":{"background-color":"","background-image":"","background-repeat":"repeat","background-position":"center center","background-size":"auto","background-attachment":"scroll","background-type":"","background-media":"","overlay-type":"","overlay-color":"","overlay-opacity":"","overlay-gradient":""},"mobile":{"background-color":"","background-image":"","background-repeat":"repeat","background-position":"center center","background-size":"auto","background-attachment":"scroll","background-type":"","background-media":"","overlay-type":"","overlay-color":"","overlay-opacity":"","overlay-gradient":""}},"ast-content-background-meta":{"desktop":{"background-color":"var(--ast-global-color-5)","background-image":"","background-repeat":"repeat","background-position":"center center","background-size":"auto","background-attachment":"scroll","background-type":"","background-media":"","overlay-type":"","overlay-color":"","overlay-opacity":"","overlay-gradient":""},"tablet":{"background-color":"var(--ast-global-color-5)","background-image":"","background-repeat":"repeat","background-position":"center center","background-size":"auto","background-attachment":"scroll","background-type":"","background-media":"","overlay-type":"","overlay-color":"","overlay-opacity":"","overlay-gradient":""},"mobile":{"background-color":"var(--ast-global-color-5)","background-image":"","background-repeat":"repeat","background-position":"center center","background-size":"auto","background-attachment":"scroll","background-type":"","background-media":"","overlay-type":"","overlay-color":"","overlay-opacity":"","overlay-gradient":""}}},"pwb-brand":[117],"product_brand":[],"product_cat":[213],"product_tag":[421],"class_list":{"0":"post-32861","1":"product","2":"type-product","3":"status-publish","4":"has-post-thumbnail","6":"pwb-brand-arkcolourdesign","7":"product_cat-accessories","8":"product_tag-bookmark","9":"desktop-align-center","10":"tablet-align-center","11":"mobile-align-center","12":"ast-product-gallery-layout-vertical","13":"ast-product-gallery-with-no-image","14":"ast-product-tabs-layout-horizontal","16":"first","17":"instock","18":"taxable","19":"shipping-taxable","20":"purchasable","21":"product-type-simple"},"yoast_head":"<!-- This site is optimized with the Yoast SEO plugin v27.5 - https:\/\/yoast.com\/product\/yoast-seo-wordpress\/ -->\n<title>Ark Design Bookmarks - K\u00d5IK &#8226; Gate21<\/title>\n<meta name=\"description\" content=\"Beautiful double-sided leather bookmarks made in Scotland. Features one side picture of a couple hugging and the other with BOOKLOVERS\" \/>\n<meta name=\"robots\" content=\"index, follow, max-snippet:-1, max-image-preview:large, max-video-preview:-1\" \/>\n<link rel=\"canonical\" href=\"https:\/\/gate21.ee\/et\/shop\/nudist-bookmark-male-pink\/\" \/>\n<meta property=\"og:locale\" content=\"et_EE\" \/>\n<meta property=\"og:type\" content=\"article\" \/>\n<meta property=\"og:title\" content=\"Ark Design Bookmarks - K\u00d5IK &#8226; Gate21\" \/>\n<meta property=\"og:description\" content=\"Beautiful double-sided leather bookmarks made in Scotland. Features one side picture of a couple hugging and the other with BOOKLOVERS\" \/>\n<meta property=\"og:url\" content=\"https:\/\/gate21.ee\/et\/shop\/nudist-bookmark-male-pink\/\" \/>\n<meta property=\"og:site_name\" content=\"Gate21\" \/>\n<meta property=\"article:publisher\" content=\"https:\/\/www.facebook.com\/gate21.ee\/\" \/>\n<meta property=\"article:modified_time\" content=\"2026-04-28T14:55:31+00:00\" \/>\n<meta property=\"og:image\" content=\"https:\/\/gate21.ee\/wp-content\/uploads\/2021\/06\/Unknown.jpeg\" \/>\n\t<meta property=\"og:image:width\" content=\"224\" \/>\n\t<meta property=\"og:image:height\" content=\"224\" \/>\n\t<meta property=\"og:image:type\" content=\"image\/jpeg\" \/>\n<meta name=\"twitter:card\" content=\"summary_large_image\" \/>\n<meta name=\"twitter:label1\" content=\"Est. reading time\" \/>\n\t<meta name=\"twitter:data1\" content=\"1 minut\" \/>\n<script type=\"application\/ld+json\" class=\"yoast-schema-graph\">{\"@context\":\"https:\\\/\\\/schema.org\",\"@graph\":[{\"@type\":\"WebPage\",\"@id\":\"https:\\\/\\\/gate21.ee\\\/shop\\\/nudist-bookmark-male-pink\\\/\",\"url\":\"https:\\\/\\\/gate21.ee\\\/shop\\\/nudist-bookmark-male-pink\\\/\",\"name\":\"Ark Design Bookmarks - K\u00d5IK &#8226; Gate21\",\"isPartOf\":{\"@id\":\"https:\\\/\\\/gate21.ee\\\/#website\"},\"primaryImageOfPage\":{\"@id\":\"https:\\\/\\\/gate21.ee\\\/shop\\\/nudist-bookmark-male-pink\\\/#primaryimage\"},\"image\":{\"@id\":\"https:\\\/\\\/gate21.ee\\\/shop\\\/nudist-bookmark-male-pink\\\/#primaryimage\"},\"thumbnailUrl\":\"https:\\\/\\\/gate21.ee\\\/wp-content\\\/uploads\\\/2021\\\/06\\\/Unknown.jpeg\",\"datePublished\":\"2021-06-05T15:08:51+00:00\",\"dateModified\":\"2026-04-28T14:55:31+00:00\",\"description\":\"Beautiful double-sided leather bookmarks made in Scotland. Features one side picture of a couple hugging and the other with BOOKLOVERS\",\"breadcrumb\":{\"@id\":\"https:\\\/\\\/gate21.ee\\\/shop\\\/nudist-bookmark-male-pink\\\/#breadcrumb\"},\"inLanguage\":\"et\",\"potentialAction\":[{\"@type\":\"ReadAction\",\"target\":[\"https:\\\/\\\/gate21.ee\\\/shop\\\/nudist-bookmark-male-pink\\\/\"]}]},{\"@type\":\"ImageObject\",\"inLanguage\":\"et\",\"@id\":\"https:\\\/\\\/gate21.ee\\\/shop\\\/nudist-bookmark-male-pink\\\/#primaryimage\",\"url\":\"https:\\\/\\\/gate21.ee\\\/wp-content\\\/uploads\\\/2021\\\/06\\\/Unknown.jpeg\",\"contentUrl\":\"https:\\\/\\\/gate21.ee\\\/wp-content\\\/uploads\\\/2021\\\/06\\\/Unknown.jpeg\",\"width\":224,\"height\":224,\"caption\":\"Three minimally detailed nude figures stand on separate pink spots, each with distinct colours\u2014pink, yellow with blue patterns, and dark green with yellow markings\u2014featured on the Ark Design Bookmarks - K\u00d5IK against a plain white background. Gate21.ee\"},{\"@type\":\"BreadcrumbList\",\"@id\":\"https:\\\/\\\/gate21.ee\\\/shop\\\/nudist-bookmark-male-pink\\\/#breadcrumb\",\"itemListElement\":[{\"@type\":\"ListItem\",\"position\":1,\"name\":\"Home\",\"item\":\"https:\\\/\\\/gate21.ee\\\/\"},{\"@type\":\"ListItem\",\"position\":2,\"name\":\"Ark Design Bookmarks &#8211; K\u00d5IK\"}]},{\"@type\":\"WebSite\",\"@id\":\"https:\\\/\\\/gate21.ee\\\/#website\",\"url\":\"https:\\\/\\\/gate21.ee\\\/\",\"name\":\"Gate21\",\"description\":\"Gift concept store Gate21\",\"publisher\":{\"@id\":\"https:\\\/\\\/gate21.ee\\\/#organization\"},\"alternateName\":\"gate21\",\"potentialAction\":[{\"@type\":\"SearchAction\",\"target\":{\"@type\":\"EntryPoint\",\"urlTemplate\":\"https:\\\/\\\/gate21.ee\\\/?s={search_term_string}\"},\"query-input\":{\"@type\":\"PropertyValueSpecification\",\"valueRequired\":true,\"valueName\":\"search_term_string\"}}],\"inLanguage\":\"et\"},{\"@type\":\"Organization\",\"@id\":\"https:\\\/\\\/gate21.ee\\\/#organization\",\"name\":\"Gate21\",\"alternateName\":\"Gate21, Oma Asi and Oma Asi Design Store\",\"url\":\"https:\\\/\\\/gate21.ee\\\/\",\"logo\":{\"@type\":\"ImageObject\",\"inLanguage\":\"et\",\"@id\":\"https:\\\/\\\/gate21.ee\\\/#\\\/schema\\\/logo\\\/image\\\/\",\"url\":\"https:\\\/\\\/gate21.ee\\\/wp-content\\\/uploads\\\/2021\\\/11\\\/Gate_21_Logo_2_Valge.png\",\"contentUrl\":\"https:\\\/\\\/gate21.ee\\\/wp-content\\\/uploads\\\/2021\\\/11\\\/Gate_21_Logo_2_Valge.png\",\"width\":2560,\"height\":2560,\"caption\":\"Gate21\"},\"image\":{\"@id\":\"https:\\\/\\\/gate21.ee\\\/#\\\/schema\\\/logo\\\/image\\\/\"},\"sameAs\":[\"https:\\\/\\\/www.facebook.com\\\/gate21.ee\\\/\",\"https:\\\/\\\/www.instagram.com\\\/gate21.ee\\\/\",\"https:\\\/\\\/www.instagram.com\\\/omaasidesign\\\/\",\"https:\\\/\\\/www.instagram.com\\\/omaasi\\\/\",\"https:\\\/\\\/www.facebook.com\\\/omaasidesign\\\/\",\"https:\\\/\\\/www.facebook.com\\\/omaasilittleredhouse\\\/\",\"https:\\\/\\\/www.tiktok.com\\\/@gate21.ee\"]}]}<\/script>\n<!-- \/ Yoast SEO plugin. -->","yoast_head_json":{"title":"Ark Design Bookmarks - K\u00d5IK &#8226; Gate21","description":"Beautiful double-sided leather bookmarks made in Scotland. Features one side picture of a couple hugging and the other with BOOKLOVERS","robots":{"index":"index","follow":"follow","max-snippet":"max-snippet:-1","max-image-preview":"max-image-preview:large","max-video-preview":"max-video-preview:-1"},"canonical":"https:\/\/gate21.ee\/et\/shop\/nudist-bookmark-male-pink\/","og_locale":"et_EE","og_type":"article","og_title":"Ark Design Bookmarks - K\u00d5IK &#8226; Gate21","og_description":"Beautiful double-sided leather bookmarks made in Scotland. Features one side picture of a couple hugging and the other with BOOKLOVERS","og_url":"https:\/\/gate21.ee\/et\/shop\/nudist-bookmark-male-pink\/","og_site_name":"Gate21","article_publisher":"https:\/\/www.facebook.com\/gate21.ee\/","article_modified_time":"2026-04-28T14:55:31+00:00","og_image":[{"width":224,"height":224,"url":"https:\/\/gate21.ee\/wp-content\/uploads\/2021\/06\/Unknown.jpeg","type":"image\/jpeg"}],"twitter_card":"summary_large_image","twitter_misc":{"Est. reading time":"1 minut"},"schema":{"@context":"https:\/\/schema.org","@graph":[{"@type":"WebPage","@id":"https:\/\/gate21.ee\/shop\/nudist-bookmark-male-pink\/","url":"https:\/\/gate21.ee\/shop\/nudist-bookmark-male-pink\/","name":"Ark Design Bookmarks - K\u00d5IK &#8226; Gate21","isPartOf":{"@id":"https:\/\/gate21.ee\/#website"},"primaryImageOfPage":{"@id":"https:\/\/gate21.ee\/shop\/nudist-bookmark-male-pink\/#primaryimage"},"image":{"@id":"https:\/\/gate21.ee\/shop\/nudist-bookmark-male-pink\/#primaryimage"},"thumbnailUrl":"https:\/\/gate21.ee\/wp-content\/uploads\/2021\/06\/Unknown.jpeg","datePublished":"2021-06-05T15:08:51+00:00","dateModified":"2026-04-28T14:55:31+00:00","description":"Beautiful double-sided leather bookmarks made in Scotland. Features one side picture of a couple hugging and the other with BOOKLOVERS","breadcrumb":{"@id":"https:\/\/gate21.ee\/shop\/nudist-bookmark-male-pink\/#breadcrumb"},"inLanguage":"et","potentialAction":[{"@type":"ReadAction","target":["https:\/\/gate21.ee\/shop\/nudist-bookmark-male-pink\/"]}]},{"@type":"ImageObject","inLanguage":"et","@id":"https:\/\/gate21.ee\/shop\/nudist-bookmark-male-pink\/#primaryimage","url":"https:\/\/gate21.ee\/wp-content\/uploads\/2021\/06\/Unknown.jpeg","contentUrl":"https:\/\/gate21.ee\/wp-content\/uploads\/2021\/06\/Unknown.jpeg","width":224,"height":224,"caption":"Three minimally detailed nude figures stand on separate pink spots, each with distinct colours\u2014pink, yellow with blue patterns, and dark green with yellow markings\u2014featured on the Ark Design Bookmarks - K\u00d5IK against a plain white background. Gate21.ee"},{"@type":"BreadcrumbList","@id":"https:\/\/gate21.ee\/shop\/nudist-bookmark-male-pink\/#breadcrumb","itemListElement":[{"@type":"ListItem","position":1,"name":"Home","item":"https:\/\/gate21.ee\/"},{"@type":"ListItem","position":2,"name":"Ark Design Bookmarks &#8211; K\u00d5IK"}]},{"@type":"WebSite","@id":"https:\/\/gate21.ee\/#website","url":"https:\/\/gate21.ee\/","name":"Gate21","description":"Kingituskontseptsioonipood Gate21","publisher":{"@id":"https:\/\/gate21.ee\/#organization"},"alternateName":"gate21","potentialAction":[{"@type":"SearchAction","target":{"@type":"EntryPoint","urlTemplate":"https:\/\/gate21.ee\/?s={search_term_string}"},"query-input":{"@type":"PropertyValueSpecification","valueRequired":true,"valueName":"search_term_string"}}],"inLanguage":"et"},{"@type":"Organization","@id":"https:\/\/gate21.ee\/#organization","name":"Gate21","alternateName":"Gate21, Oma Asi and Oma Asi Design Store","url":"https:\/\/gate21.ee\/","logo":{"@type":"ImageObject","inLanguage":"et","@id":"https:\/\/gate21.ee\/#\/schema\/logo\/image\/","url":"https:\/\/gate21.ee\/wp-content\/uploads\/2021\/11\/Gate_21_Logo_2_Valge.png","contentUrl":"https:\/\/gate21.ee\/wp-content\/uploads\/2021\/11\/Gate_21_Logo_2_Valge.png","width":2560,"height":2560,"caption":"Gate21"},"image":{"@id":"https:\/\/gate21.ee\/#\/schema\/logo\/image\/"},"sameAs":["https:\/\/www.facebook.com\/gate21.ee\/","https:\/\/www.instagram.com\/gate21.ee\/","https:\/\/www.instagram.com\/omaasidesign\/","https:\/\/www.instagram.com\/omaasi\/","https:\/\/www.facebook.com\/omaasidesign\/","https:\/\/www.facebook.com\/omaasilittleredhouse\/","https:\/\/www.tiktok.com\/@gate21.ee"]}]}},"jetpack_sharing_enabled":true,"brands":[{"id":117,"name":"Ark Colour Design","slug":"arkcolourdesign"}],"_links":{"self":[{"href":"https:\/\/gate21.ee\/et\/wp-json\/wp\/v2\/product\/32861","targetHints":{"allow":["GET"]}}],"collection":[{"href":"https:\/\/gate21.ee\/et\/wp-json\/wp\/v2\/product"}],"about":[{"href":"https:\/\/gate21.ee\/et\/wp-json\/wp\/v2\/types\/product"}],"replies":[{"embeddable":true,"href":"https:\/\/gate21.ee\/et\/wp-json\/wp\/v2\/comments?post=32861"}],"version-history":[{"count":1,"href":"https:\/\/gate21.ee\/et\/wp-json\/wp\/v2\/product\/32861\/revisions"}],"predecessor-version":[{"id":210743,"href":"https:\/\/gate21.ee\/et\/wp-json\/wp\/v2\/product\/32861\/revisions\/210743"}],"wp:featuredmedia":[{"embeddable":true,"href":"https:\/\/gate21.ee\/et\/wp-json\/wp\/v2\/media\/88000"}],"wp:attachment":[{"href":"https:\/\/gate21.ee\/et\/wp-json\/wp\/v2\/media?parent=32861"}],"wp:term":[{"taxonomy":"pwb-brand","embeddable":true,"href":"https:\/\/gate21.ee\/et\/wp-json\/wp\/v2\/pwb-brand?post=32861"},{"taxonomy":"product_brand","embeddable":true,"href":"https:\/\/gate21.ee\/et\/wp-json\/wp\/v2\/product_brand?post=32861"},{"taxonomy":"product_cat","embeddable":true,"href":"https:\/\/gate21.ee\/et\/wp-json\/wp\/v2\/product_cat?post=32861"},{"taxonomy":"product_tag","embeddable":true,"href":"https:\/\/gate21.ee\/et\/wp-json\/wp\/v2\/product_tag?post=32861"}],"curies":[{"name":"wp","href":"https:\/\/api.w.org\/{rel}","templated":true}]}}