{"id":254732,"date":"2026-04-14T17:35:24","date_gmt":"2026-04-14T14:35:24","guid":{"rendered":"https:\/\/gate21.ee\/?post_type=product&#038;p=254732"},"modified":"2026-04-14T18:33:57","modified_gmt":"2026-04-14T15:33:57","slug":"bucket-hat-its-fucking-hot","status":"publish","type":"product","link":"https:\/\/gate21.ee\/et\/shop\/bucket-hat-its-fucking-hot\/","title":{"rendered":"P\u00f6\u00f6ratav koppk\u00fcbar \u2013 \u201cN\u00fc\u00fcd on kuradi palav\u201d"},"content":{"rendered":"<div class=\"images-scrolling-desktop__content-list\">\n<div class=\"images-scrolling__content\">\n<div class=\"prose\">\n<div class=\"scrollig-product-cont-text\">\n<p>&nbsp;<\/p>\n<\/div>\n<\/div>\n<\/div>\n<\/div>\n<p><img decoding=\"async\" class=\"alignnone size-full wp-image-210233 aligncenter\" src=\"https:\/\/gate21.ee\/wp-content\/uploads\/2025\/04\/Logo_FISURA_vector_WEB.avif\" alt=\"\" width=\"260\" height=\"74\" srcset=\"https:\/\/gate21.ee\/wp-content\/uploads\/2025\/04\/Logo_FISURA_vector_WEB.avif 260w, https:\/\/gate21.ee\/wp-content\/uploads\/2025\/04\/Logo_FISURA_vector_WEB-18x5.avif 18w\" sizes=\"(max-width: 260px) 100vw, 260px\" \/><\/p>\n<p>&nbsp;<\/p>\n<p>Fisura on kodukaunistuse ja kingituste br\u00e4nd k\u00f5ige ebakonformistlikumatele, v\u00e4simatutele erinevuste ja uute trendide otsijatele, neile, kes p\u00f6\u00f6ravad t\u00e4helepanu detailidele ja p\u00fc\u00fcavad alati \u00fcllatada... ja ka teile, kes te seda loete.<\/p>\n<p class=\"translation-block\">Meie eesm\u00e4rk on inspireerida teid heade emotsioonide kaudu. Fisura s\u00fcndis eesm\u00e4rgiga edastada neid \u201ehead emotsioone\u201c, mis meid nii v\u00e4ga esindavad, ja tuua naeratus n\u00e4ole meie disainide loovuse kaudu. Meie jaoks on uuele kollektsioonile ainult kolm vastust: JAH, EI ja VAU.  VAU on see, mida me p\u00fc\u00fcame esile kutsuda.<\/p>","protected":false},"excerpt":{"rendered":"<p>&nbsp; &nbsp; Fisura is the\u00a0home decor, gift, and gift\u00a0brand\u00a0for the most nonconformist, for those tireless seekers of the different, of new trends, of those who pay attention to detail and always seek to surprise&#8230; and also for you, who are reading this. Our goal is to inspire you through good vibes. Fisura was born with [&hellip;]<\/p>\n","protected":false},"featured_media":254733,"comment_status":"closed","ping_status":"closed","template":"","meta":{"site-sidebar-layout":"default","site-content-layout":"","ast-site-content-layout":"default","site-content-style":"default","site-sidebar-style":"default","ast-global-header-display":"","ast-banner-title-visibility":"","ast-main-header-display":"","ast-hfb-above-header-display":"","ast-hfb-below-header-display":"","ast-hfb-mobile-header-display":"","site-post-title":"","ast-breadcrumbs-content":"","ast-featured-img":"","footer-sml-layout":"","ast-disable-related-posts":"","theme-transparent-header-meta":"default","adv-header-id-meta":"","stick-header-meta":"default","header-above-stick-meta":"","header-main-stick-meta":"","header-below-stick-meta":"","astra-migrate-meta-layouts":"set","ast-page-background-enabled":"default","ast-page-background-meta":{"desktop":{"background-color":"","background-image":"","background-repeat":"repeat","background-position":"center center","background-size":"auto","background-attachment":"scroll","background-type":"","background-media":"","overlay-type":"","overlay-color":"","overlay-opacity":"","overlay-gradient":""},"tablet":{"background-color":"","background-image":"","background-repeat":"repeat","background-position":"center center","background-size":"auto","background-attachment":"scroll","background-type":"","background-media":"","overlay-type":"","overlay-color":"","overlay-opacity":"","overlay-gradient":""},"mobile":{"background-color":"","background-image":"","background-repeat":"repeat","background-position":"center center","background-size":"auto","background-attachment":"scroll","background-type":"","background-media":"","overlay-type":"","overlay-color":"","overlay-opacity":"","overlay-gradient":""}},"ast-content-background-meta":{"desktop":{"background-color":"var(--ast-global-color-5)","background-image":"","background-repeat":"repeat","background-position":"center center","background-size":"auto","background-attachment":"scroll","background-type":"","background-media":"","overlay-type":"","overlay-color":"","overlay-opacity":"","overlay-gradient":""},"tablet":{"background-color":"var(--ast-global-color-5)","background-image":"","background-repeat":"repeat","background-position":"center center","background-size":"auto","background-attachment":"scroll","background-type":"","background-media":"","overlay-type":"","overlay-color":"","overlay-opacity":"","overlay-gradient":""},"mobile":{"background-color":"var(--ast-global-color-5)","background-image":"","background-repeat":"repeat","background-position":"center center","background-size":"auto","background-attachment":"scroll","background-type":"","background-media":"","overlay-type":"","overlay-color":"","overlay-opacity":"","overlay-gradient":""}}},"pwb-brand":[622],"product_brand":[],"product_cat":[56,137],"product_tag":[],"class_list":{"0":"post-254732","1":"product","2":"type-product","3":"status-publish","4":"has-post-thumbnail","6":"pwb-brand-fisura","7":"product_cat-clothing","8":"product_cat-hats","9":"desktop-align-center","10":"tablet-align-center","11":"mobile-align-center","12":"ast-product-gallery-layout-vertical","13":"ast-product-tabs-layout-horizontal","15":"first","16":"instock","17":"taxable","18":"shipping-taxable","19":"purchasable","20":"product-type-simple"},"yoast_head":"<!-- This site is optimized with the Yoast SEO plugin v27.4 - https:\/\/yoast.com\/product\/yoast-seo-wordpress\/ -->\n<title>Reversible Bucket Hat - &quot;It&#039;s Fucking Hot&quot; &#8226; Gate21<\/title>\n<meta name=\"robots\" content=\"index, follow, max-snippet:-1, max-image-preview:large, max-video-preview:-1\" \/>\n<link rel=\"canonical\" href=\"https:\/\/gate21.ee\/et\/shop\/bucket-hat-its-fucking-hot\/\" \/>\n<meta property=\"og:locale\" content=\"et_EE\" \/>\n<meta property=\"og:type\" content=\"article\" \/>\n<meta property=\"og:title\" content=\"Reversible Bucket Hat - &quot;It&#039;s Fucking Hot&quot; &#8226; Gate21\" \/>\n<meta property=\"og:description\" content=\"&nbsp; &nbsp; Fisura is the\u00a0home decor, gift, and gift\u00a0brand\u00a0for the most nonconformist, for those tireless seekers of the different, of new trends, of those who pay attention to detail and always seek to surprise&#8230; and also for you, who are reading this. Our goal is to inspire you through good vibes. Fisura was born with [&hellip;]\" \/>\n<meta property=\"og:url\" content=\"https:\/\/gate21.ee\/et\/shop\/bucket-hat-its-fucking-hot\/\" \/>\n<meta property=\"og:site_name\" content=\"Gate21\" \/>\n<meta property=\"article:publisher\" content=\"https:\/\/www.facebook.com\/gate21.ee\/\" \/>\n<meta property=\"article:modified_time\" content=\"2026-04-14T15:33:57+00:00\" \/>\n<meta property=\"og:image\" content=\"https:\/\/gate21.ee\/wp-content\/uploads\/2026\/04\/hot-scaled.jpg\" \/>\n\t<meta property=\"og:image:width\" content=\"2560\" \/>\n\t<meta property=\"og:image:height\" content=\"2560\" \/>\n\t<meta property=\"og:image:type\" content=\"image\/jpeg\" \/>\n<meta name=\"twitter:card\" content=\"summary_large_image\" \/>\n<meta name=\"twitter:label1\" content=\"Est. reading time\" \/>\n\t<meta name=\"twitter:data1\" content=\"1 minut\" \/>\n<script type=\"application\/ld+json\" class=\"yoast-schema-graph\">{\"@context\":\"https:\\\/\\\/schema.org\",\"@graph\":[{\"@type\":\"WebPage\",\"@id\":\"https:\\\/\\\/gate21.ee\\\/shop\\\/bucket-hat-its-fucking-hot\\\/\",\"url\":\"https:\\\/\\\/gate21.ee\\\/shop\\\/bucket-hat-its-fucking-hot\\\/\",\"name\":\"Reversible Bucket Hat - \\\"It's Fucking Hot\\\" &#8226; Gate21\",\"isPartOf\":{\"@id\":\"https:\\\/\\\/gate21.ee\\\/#website\"},\"primaryImageOfPage\":{\"@id\":\"https:\\\/\\\/gate21.ee\\\/shop\\\/bucket-hat-its-fucking-hot\\\/#primaryimage\"},\"image\":{\"@id\":\"https:\\\/\\\/gate21.ee\\\/shop\\\/bucket-hat-its-fucking-hot\\\/#primaryimage\"},\"thumbnailUrl\":\"https:\\\/\\\/gate21.ee\\\/wp-content\\\/uploads\\\/2026\\\/04\\\/hot-scaled.jpg\",\"datePublished\":\"2026-04-14T14:35:24+00:00\",\"dateModified\":\"2026-04-14T15:33:57+00:00\",\"breadcrumb\":{\"@id\":\"https:\\\/\\\/gate21.ee\\\/shop\\\/bucket-hat-its-fucking-hot\\\/#breadcrumb\"},\"inLanguage\":\"et\",\"potentialAction\":[{\"@type\":\"ReadAction\",\"target\":[\"https:\\\/\\\/gate21.ee\\\/shop\\\/bucket-hat-its-fucking-hot\\\/\"]}]},{\"@type\":\"ImageObject\",\"inLanguage\":\"et\",\"@id\":\"https:\\\/\\\/gate21.ee\\\/shop\\\/bucket-hat-its-fucking-hot\\\/#primaryimage\",\"url\":\"https:\\\/\\\/gate21.ee\\\/wp-content\\\/uploads\\\/2026\\\/04\\\/hot-scaled.jpg\",\"contentUrl\":\"https:\\\/\\\/gate21.ee\\\/wp-content\\\/uploads\\\/2026\\\/04\\\/hot-scaled.jpg\",\"width\":2560,\"height\":2560,\"caption\":\"The Reversible Bucket Hat - \\\"It's Fucking Hot\\\" has red and white wavy stripes and blue embroidery of the phrase \\\"ITS FUCKING HOT\\\" on the front, perfect for hot summer days. Gate21.ee\"},{\"@type\":\"BreadcrumbList\",\"@id\":\"https:\\\/\\\/gate21.ee\\\/shop\\\/bucket-hat-its-fucking-hot\\\/#breadcrumb\",\"itemListElement\":[{\"@type\":\"ListItem\",\"position\":1,\"name\":\"Home\",\"item\":\"https:\\\/\\\/gate21.ee\\\/\"},{\"@type\":\"ListItem\",\"position\":2,\"name\":\"Reversible Bucket Hat &#8211; &#8220;It&#8217;s Fucking Hot&#8221;\"}]},{\"@type\":\"WebSite\",\"@id\":\"https:\\\/\\\/gate21.ee\\\/#website\",\"url\":\"https:\\\/\\\/gate21.ee\\\/\",\"name\":\"Gate21\",\"description\":\"Gift concept store Gate21\",\"publisher\":{\"@id\":\"https:\\\/\\\/gate21.ee\\\/#organization\"},\"alternateName\":\"gate21\",\"potentialAction\":[{\"@type\":\"SearchAction\",\"target\":{\"@type\":\"EntryPoint\",\"urlTemplate\":\"https:\\\/\\\/gate21.ee\\\/?s={search_term_string}\"},\"query-input\":{\"@type\":\"PropertyValueSpecification\",\"valueRequired\":true,\"valueName\":\"search_term_string\"}}],\"inLanguage\":\"et\"},{\"@type\":\"Organization\",\"@id\":\"https:\\\/\\\/gate21.ee\\\/#organization\",\"name\":\"Gate21\",\"alternateName\":\"Gate21, Oma Asi and Oma Asi Design Store\",\"url\":\"https:\\\/\\\/gate21.ee\\\/\",\"logo\":{\"@type\":\"ImageObject\",\"inLanguage\":\"et\",\"@id\":\"https:\\\/\\\/gate21.ee\\\/#\\\/schema\\\/logo\\\/image\\\/\",\"url\":\"https:\\\/\\\/gate21.ee\\\/wp-content\\\/uploads\\\/2021\\\/11\\\/Gate_21_Logo_2_Valge.png\",\"contentUrl\":\"https:\\\/\\\/gate21.ee\\\/wp-content\\\/uploads\\\/2021\\\/11\\\/Gate_21_Logo_2_Valge.png\",\"width\":2560,\"height\":2560,\"caption\":\"Gate21\"},\"image\":{\"@id\":\"https:\\\/\\\/gate21.ee\\\/#\\\/schema\\\/logo\\\/image\\\/\"},\"sameAs\":[\"https:\\\/\\\/www.facebook.com\\\/gate21.ee\\\/\",\"https:\\\/\\\/www.instagram.com\\\/gate21.ee\\\/\",\"https:\\\/\\\/www.instagram.com\\\/omaasidesign\\\/\",\"https:\\\/\\\/www.instagram.com\\\/omaasi\\\/\",\"https:\\\/\\\/www.facebook.com\\\/omaasidesign\\\/\",\"https:\\\/\\\/www.facebook.com\\\/omaasilittleredhouse\\\/\",\"https:\\\/\\\/www.tiktok.com\\\/@gate21.ee\"]}]}<\/script>\n<!-- \/ Yoast SEO plugin. -->","yoast_head_json":{"title":"Reversible Bucket Hat - \"It's Fucking Hot\" &#8226; Gate21","robots":{"index":"index","follow":"follow","max-snippet":"max-snippet:-1","max-image-preview":"max-image-preview:large","max-video-preview":"max-video-preview:-1"},"canonical":"https:\/\/gate21.ee\/et\/shop\/bucket-hat-its-fucking-hot\/","og_locale":"et_EE","og_type":"article","og_title":"Reversible Bucket Hat - \"It's Fucking Hot\" &#8226; Gate21","og_description":"&nbsp; &nbsp; Fisura is the\u00a0home decor, gift, and gift\u00a0brand\u00a0for the most nonconformist, for those tireless seekers of the different, of new trends, of those who pay attention to detail and always seek to surprise&#8230; and also for you, who are reading this. Our goal is to inspire you through good vibes. Fisura was born with [&hellip;]","og_url":"https:\/\/gate21.ee\/et\/shop\/bucket-hat-its-fucking-hot\/","og_site_name":"Gate21","article_publisher":"https:\/\/www.facebook.com\/gate21.ee\/","article_modified_time":"2026-04-14T15:33:57+00:00","og_image":[{"width":2560,"height":2560,"url":"https:\/\/gate21.ee\/wp-content\/uploads\/2026\/04\/hot-scaled.jpg","type":"image\/jpeg"}],"twitter_card":"summary_large_image","twitter_misc":{"Est. reading time":"1 minut"},"schema":{"@context":"https:\/\/schema.org","@graph":[{"@type":"WebPage","@id":"https:\/\/gate21.ee\/shop\/bucket-hat-its-fucking-hot\/","url":"https:\/\/gate21.ee\/shop\/bucket-hat-its-fucking-hot\/","name":"Reversible Bucket Hat - \"It's Fucking Hot\" &#8226; Gate21","isPartOf":{"@id":"https:\/\/gate21.ee\/#website"},"primaryImageOfPage":{"@id":"https:\/\/gate21.ee\/shop\/bucket-hat-its-fucking-hot\/#primaryimage"},"image":{"@id":"https:\/\/gate21.ee\/shop\/bucket-hat-its-fucking-hot\/#primaryimage"},"thumbnailUrl":"https:\/\/gate21.ee\/wp-content\/uploads\/2026\/04\/hot-scaled.jpg","datePublished":"2026-04-14T14:35:24+00:00","dateModified":"2026-04-14T15:33:57+00:00","breadcrumb":{"@id":"https:\/\/gate21.ee\/shop\/bucket-hat-its-fucking-hot\/#breadcrumb"},"inLanguage":"et","potentialAction":[{"@type":"ReadAction","target":["https:\/\/gate21.ee\/shop\/bucket-hat-its-fucking-hot\/"]}]},{"@type":"ImageObject","inLanguage":"et","@id":"https:\/\/gate21.ee\/shop\/bucket-hat-its-fucking-hot\/#primaryimage","url":"https:\/\/gate21.ee\/wp-content\/uploads\/2026\/04\/hot-scaled.jpg","contentUrl":"https:\/\/gate21.ee\/wp-content\/uploads\/2026\/04\/hot-scaled.jpg","width":2560,"height":2560,"caption":"The Reversible Bucket Hat - \"It's Fucking Hot\" has red and white wavy stripes and blue embroidery of the phrase \"ITS FUCKING HOT\" on the front, perfect for hot summer days. Gate21.ee"},{"@type":"BreadcrumbList","@id":"https:\/\/gate21.ee\/shop\/bucket-hat-its-fucking-hot\/#breadcrumb","itemListElement":[{"@type":"ListItem","position":1,"name":"Home","item":"https:\/\/gate21.ee\/"},{"@type":"ListItem","position":2,"name":"Reversible Bucket Hat &#8211; &#8220;It&#8217;s Fucking Hot&#8221;"}]},{"@type":"WebSite","@id":"https:\/\/gate21.ee\/#website","url":"https:\/\/gate21.ee\/","name":"Gate21","description":"Kingituskontseptsioonipood Gate21","publisher":{"@id":"https:\/\/gate21.ee\/#organization"},"alternateName":"gate21","potentialAction":[{"@type":"SearchAction","target":{"@type":"EntryPoint","urlTemplate":"https:\/\/gate21.ee\/?s={search_term_string}"},"query-input":{"@type":"PropertyValueSpecification","valueRequired":true,"valueName":"search_term_string"}}],"inLanguage":"et"},{"@type":"Organization","@id":"https:\/\/gate21.ee\/#organization","name":"Gate21","alternateName":"Gate21, Oma Asi and Oma Asi Design Store","url":"https:\/\/gate21.ee\/","logo":{"@type":"ImageObject","inLanguage":"et","@id":"https:\/\/gate21.ee\/#\/schema\/logo\/image\/","url":"https:\/\/gate21.ee\/wp-content\/uploads\/2021\/11\/Gate_21_Logo_2_Valge.png","contentUrl":"https:\/\/gate21.ee\/wp-content\/uploads\/2021\/11\/Gate_21_Logo_2_Valge.png","width":2560,"height":2560,"caption":"Gate21"},"image":{"@id":"https:\/\/gate21.ee\/#\/schema\/logo\/image\/"},"sameAs":["https:\/\/www.facebook.com\/gate21.ee\/","https:\/\/www.instagram.com\/gate21.ee\/","https:\/\/www.instagram.com\/omaasidesign\/","https:\/\/www.instagram.com\/omaasi\/","https:\/\/www.facebook.com\/omaasidesign\/","https:\/\/www.facebook.com\/omaasilittleredhouse\/","https:\/\/www.tiktok.com\/@gate21.ee"]}]}},"jetpack_sharing_enabled":true,"brands":[{"id":622,"name":"FISURA","slug":"fisura"}],"_links":{"self":[{"href":"https:\/\/gate21.ee\/et\/wp-json\/wp\/v2\/product\/254732","targetHints":{"allow":["GET"]}}],"collection":[{"href":"https:\/\/gate21.ee\/et\/wp-json\/wp\/v2\/product"}],"about":[{"href":"https:\/\/gate21.ee\/et\/wp-json\/wp\/v2\/types\/product"}],"replies":[{"embeddable":true,"href":"https:\/\/gate21.ee\/et\/wp-json\/wp\/v2\/comments?post=254732"}],"version-history":[{"count":3,"href":"https:\/\/gate21.ee\/et\/wp-json\/wp\/v2\/product\/254732\/revisions"}],"predecessor-version":[{"id":254743,"href":"https:\/\/gate21.ee\/et\/wp-json\/wp\/v2\/product\/254732\/revisions\/254743"}],"wp:featuredmedia":[{"embeddable":true,"href":"https:\/\/gate21.ee\/et\/wp-json\/wp\/v2\/media\/254733"}],"wp:attachment":[{"href":"https:\/\/gate21.ee\/et\/wp-json\/wp\/v2\/media?parent=254732"}],"wp:term":[{"taxonomy":"pwb-brand","embeddable":true,"href":"https:\/\/gate21.ee\/et\/wp-json\/wp\/v2\/pwb-brand?post=254732"},{"taxonomy":"product_brand","embeddable":true,"href":"https:\/\/gate21.ee\/et\/wp-json\/wp\/v2\/product_brand?post=254732"},{"taxonomy":"product_cat","embeddable":true,"href":"https:\/\/gate21.ee\/et\/wp-json\/wp\/v2\/product_cat?post=254732"},{"taxonomy":"product_tag","embeddable":true,"href":"https:\/\/gate21.ee\/et\/wp-json\/wp\/v2\/product_tag?post=254732"}],"curies":[{"name":"wp","href":"https:\/\/api.w.org\/{rel}","templated":true}]}}