{"id":254514,"date":"2026-04-12T13:41:11","date_gmt":"2026-04-12T10:41:11","guid":{"rendered":"https:\/\/gate21.ee\/?post_type=product&#038;p=254514"},"modified":"2026-04-15T17:38:36","modified_gmt":"2026-04-15T14:38:36","slug":"koogiratik-viru-varavad","status":"publish","type":"product","link":"https:\/\/gate21.ee\/et\/shop\/koogiratik-viru-varavad\/","title":{"rendered":"K\u00f6\u00f6gir\u00e4tik \u2013 Viru v\u00e4ravad"},"content":{"rendered":"<div>Astu l\u00e4bi Viru v\u00e4ravate Tallinna \u2013 \u00fchte Euroopa k\u00f5ige paremini s\u00e4ilinud keskaegsesse linna. 14. sajandil rajati siia muljetavaldav 2,4 kilomeetri pikkune paekivist linnam\u00fc\u00fcr ja 46 kaitsetorni. T\u00e4nap\u00e4eval on alles veel 80% m\u00fc\u00fcrist ja 26 torni. Viru v\u00e4rav tervitab iga k\u00fclastajat ning ootab sind alati tagasi.<\/div>\n<div><\/div>\n<div><strong>Valmistatud 100% puuvillast.<\/strong><\/div>","protected":false},"excerpt":{"rendered":"<p>Astu l\u00e4bi Viru v\u00e4ravate Tallinna \u2013 \u00fchte Euroopa k\u00f5ige paremini s\u00e4ilinud keskaegsesse linna. 14. sajandil rajati siia muljetavaldav 2,4 kilomeetri pikkune paekivist linnam\u00fc\u00fcr ja 46 kaitsetorni. T\u00e4nap\u00e4eval on alles veel 80% m\u00fc\u00fcrist ja 26 torni. Viru v\u00e4rav tervitab iga k\u00fclastajat ning ootab sind alati tagasi. Valmistatud 100% puuvillast.<\/p>","protected":false},"featured_media":254516,"comment_status":"closed","ping_status":"closed","template":"","meta":{"site-sidebar-layout":"default","site-content-layout":"default","ast-site-content-layout":"default","site-content-style":"default","site-sidebar-style":"default","ast-global-header-display":"","ast-banner-title-visibility":"","ast-main-header-display":"","ast-hfb-above-header-display":"","ast-hfb-below-header-display":"","ast-hfb-mobile-header-display":"","site-post-title":"","ast-breadcrumbs-content":"","ast-featured-img":"","footer-sml-layout":"","ast-disable-related-posts":"","theme-transparent-header-meta":"default","adv-header-id-meta":"","stick-header-meta":"default","header-above-stick-meta":"","header-main-stick-meta":"","header-below-stick-meta":"","astra-migrate-meta-layouts":"set","ast-page-background-enabled":"default","ast-page-background-meta":{"desktop":{"background-color":"","background-image":"","background-repeat":"repeat","background-position":"center center","background-size":"auto","background-attachment":"scroll","background-type":"","background-media":"","overlay-type":"","overlay-color":"","overlay-opacity":"","overlay-gradient":""},"tablet":{"background-color":"","background-image":"","background-repeat":"repeat","background-position":"center center","background-size":"auto","background-attachment":"scroll","background-type":"","background-media":"","overlay-type":"","overlay-color":"","overlay-opacity":"","overlay-gradient":""},"mobile":{"background-color":"","background-image":"","background-repeat":"repeat","background-position":"center center","background-size":"auto","background-attachment":"scroll","background-type":"","background-media":"","overlay-type":"","overlay-color":"","overlay-opacity":"","overlay-gradient":""}},"ast-content-background-meta":{"desktop":{"background-color":"var(--ast-global-color-5)","background-image":"","background-repeat":"repeat","background-position":"center center","background-size":"auto","background-attachment":"scroll","background-type":"","background-media":"","overlay-type":"","overlay-color":"","overlay-opacity":"","overlay-gradient":""},"tablet":{"background-color":"var(--ast-global-color-5)","background-image":"","background-repeat":"repeat","background-position":"center center","background-size":"auto","background-attachment":"scroll","background-type":"","background-media":"","overlay-type":"","overlay-color":"","overlay-opacity":"","overlay-gradient":""},"mobile":{"background-color":"var(--ast-global-color-5)","background-image":"","background-repeat":"repeat","background-position":"center center","background-size":"auto","background-attachment":"scroll","background-type":"","background-media":"","overlay-type":"","overlay-color":"","overlay-opacity":"","overlay-gradient":""}}},"pwb-brand":[661],"product_brand":[],"product_cat":[221,218],"product_tag":[],"class_list":{"0":"post-254514","1":"product","2":"type-product","3":"status-publish","4":"has-post-thumbnail","6":"pwb-brand-seik","7":"product_cat-fabrics","8":"product_cat-home","9":"desktop-align-center","10":"tablet-align-center","11":"mobile-align-center","12":"ast-product-gallery-layout-vertical","13":"ast-product-tabs-layout-horizontal","15":"first","16":"instock","17":"taxable","18":"shipping-taxable","19":"purchasable","20":"product-type-simple"},"yoast_head":"<!-- This site is optimized with the Yoast SEO plugin v27.4 - https:\/\/yoast.com\/product\/yoast-seo-wordpress\/ -->\n<title>K\u00f6\u00f6gir\u00e4tik \u2013 Viru v\u00e4ravad &#8226; Gate21<\/title>\n<meta name=\"robots\" content=\"index, follow, max-snippet:-1, max-image-preview:large, max-video-preview:-1\" \/>\n<link rel=\"canonical\" href=\"https:\/\/gate21.ee\/et\/shop\/koogiratik-viru-varavad\/\" \/>\n<meta property=\"og:locale\" content=\"et_EE\" \/>\n<meta property=\"og:type\" content=\"article\" \/>\n<meta property=\"og:title\" content=\"K\u00f6\u00f6gir\u00e4tik \u2013 Viru v\u00e4ravad &#8226; Gate21\" \/>\n<meta property=\"og:description\" content=\"Astu l\u00e4bi Viru v\u00e4ravate Tallinna \u2013 \u00fchte Euroopa k\u00f5ige paremini s\u00e4ilinud keskaegsesse linna. 14. sajandil rajati siia muljetavaldav 2,4 kilomeetri pikkune paekivist linnam\u00fc\u00fcr ja 46 kaitsetorni. T\u00e4nap\u00e4eval on alles veel 80% m\u00fc\u00fcrist ja 26 torni. Viru v\u00e4rav tervitab iga k\u00fclastajat ning ootab sind alati tagasi. Valmistatud 100% puuvillast.\" \/>\n<meta property=\"og:url\" content=\"https:\/\/gate21.ee\/et\/shop\/koogiratik-viru-varavad\/\" \/>\n<meta property=\"og:site_name\" content=\"Gate21\" \/>\n<meta property=\"article:publisher\" content=\"https:\/\/www.facebook.com\/gate21.ee\/\" \/>\n<meta property=\"article:modified_time\" content=\"2026-04-15T14:38:36+00:00\" \/>\n<meta property=\"og:image\" content=\"https:\/\/gate21.ee\/wp-content\/uploads\/2026\/04\/seik_eu_teatowel_viru_gates-6-1-600x800.jpg.webp\" \/>\n\t<meta property=\"og:image:width\" content=\"600\" \/>\n\t<meta property=\"og:image:height\" content=\"800\" \/>\n\t<meta property=\"og:image:type\" content=\"image\/webp\" \/>\n<meta name=\"twitter:card\" content=\"summary_large_image\" \/>\n<meta name=\"twitter:label1\" content=\"Est. reading time\" \/>\n\t<meta name=\"twitter:data1\" content=\"1 minut\" \/>\n<script type=\"application\/ld+json\" class=\"yoast-schema-graph\">{\"@context\":\"https:\\\/\\\/schema.org\",\"@graph\":[{\"@type\":\"WebPage\",\"@id\":\"https:\\\/\\\/gate21.ee\\\/shop\\\/koogiratik-viru-varavad\\\/\",\"url\":\"https:\\\/\\\/gate21.ee\\\/shop\\\/koogiratik-viru-varavad\\\/\",\"name\":\"K\u00f6\u00f6gir\u00e4tik \u2013 Viru v\u00e4ravad &#8226; Gate21\",\"isPartOf\":{\"@id\":\"https:\\\/\\\/gate21.ee\\\/#website\"},\"primaryImageOfPage\":{\"@id\":\"https:\\\/\\\/gate21.ee\\\/shop\\\/koogiratik-viru-varavad\\\/#primaryimage\"},\"image\":{\"@id\":\"https:\\\/\\\/gate21.ee\\\/shop\\\/koogiratik-viru-varavad\\\/#primaryimage\"},\"thumbnailUrl\":\"https:\\\/\\\/gate21.ee\\\/wp-content\\\/uploads\\\/2026\\\/04\\\/seik_eu_teatowel_viru_gates-6-1-600x800.jpg.webp\",\"datePublished\":\"2026-04-12T10:41:11+00:00\",\"dateModified\":\"2026-04-15T14:38:36+00:00\",\"breadcrumb\":{\"@id\":\"https:\\\/\\\/gate21.ee\\\/shop\\\/koogiratik-viru-varavad\\\/#breadcrumb\"},\"inLanguage\":\"et\",\"potentialAction\":[{\"@type\":\"ReadAction\",\"target\":[\"https:\\\/\\\/gate21.ee\\\/shop\\\/koogiratik-viru-varavad\\\/\"]}]},{\"@type\":\"ImageObject\",\"inLanguage\":\"et\",\"@id\":\"https:\\\/\\\/gate21.ee\\\/shop\\\/koogiratik-viru-varavad\\\/#primaryimage\",\"url\":\"https:\\\/\\\/gate21.ee\\\/wp-content\\\/uploads\\\/2026\\\/04\\\/seik_eu_teatowel_viru_gates-6-1-600x800.jpg.webp\",\"contentUrl\":\"https:\\\/\\\/gate21.ee\\\/wp-content\\\/uploads\\\/2026\\\/04\\\/seik_eu_teatowel_viru_gates-6-1-600x800.jpg.webp\",\"width\":600,\"height\":800,\"caption\":\"A packaged K\u00f6\u00f6gir\u00e4tik \u2013 Viru v\u00e4ravad tea towel displays buildings with red roofs, a church steeple, lemons, a strawberry, a yellow tulip, green leaves, cashew nuts, and a stylish New Rebels small rucksack on a white surface. Gate21.ee\"},{\"@type\":\"BreadcrumbList\",\"@id\":\"https:\\\/\\\/gate21.ee\\\/shop\\\/koogiratik-viru-varavad\\\/#breadcrumb\",\"itemListElement\":[{\"@type\":\"ListItem\",\"position\":1,\"name\":\"Home\",\"item\":\"https:\\\/\\\/gate21.ee\\\/\"},{\"@type\":\"ListItem\",\"position\":2,\"name\":\"K\u00f6\u00f6gir\u00e4tik \u2013 Viru v\u00e4ravad\"}]},{\"@type\":\"WebSite\",\"@id\":\"https:\\\/\\\/gate21.ee\\\/#website\",\"url\":\"https:\\\/\\\/gate21.ee\\\/\",\"name\":\"Gate21\",\"description\":\"Gift concept store Gate21\",\"publisher\":{\"@id\":\"https:\\\/\\\/gate21.ee\\\/#organization\"},\"alternateName\":\"gate21\",\"potentialAction\":[{\"@type\":\"SearchAction\",\"target\":{\"@type\":\"EntryPoint\",\"urlTemplate\":\"https:\\\/\\\/gate21.ee\\\/?s={search_term_string}\"},\"query-input\":{\"@type\":\"PropertyValueSpecification\",\"valueRequired\":true,\"valueName\":\"search_term_string\"}}],\"inLanguage\":\"et\"},{\"@type\":\"Organization\",\"@id\":\"https:\\\/\\\/gate21.ee\\\/#organization\",\"name\":\"Gate21\",\"alternateName\":\"Gate21, Oma Asi and Oma Asi Design Store\",\"url\":\"https:\\\/\\\/gate21.ee\\\/\",\"logo\":{\"@type\":\"ImageObject\",\"inLanguage\":\"et\",\"@id\":\"https:\\\/\\\/gate21.ee\\\/#\\\/schema\\\/logo\\\/image\\\/\",\"url\":\"https:\\\/\\\/gate21.ee\\\/wp-content\\\/uploads\\\/2021\\\/11\\\/Gate_21_Logo_2_Valge.png\",\"contentUrl\":\"https:\\\/\\\/gate21.ee\\\/wp-content\\\/uploads\\\/2021\\\/11\\\/Gate_21_Logo_2_Valge.png\",\"width\":2560,\"height\":2560,\"caption\":\"Gate21\"},\"image\":{\"@id\":\"https:\\\/\\\/gate21.ee\\\/#\\\/schema\\\/logo\\\/image\\\/\"},\"sameAs\":[\"https:\\\/\\\/www.facebook.com\\\/gate21.ee\\\/\",\"https:\\\/\\\/www.instagram.com\\\/gate21.ee\\\/\",\"https:\\\/\\\/www.instagram.com\\\/omaasidesign\\\/\",\"https:\\\/\\\/www.instagram.com\\\/omaasi\\\/\",\"https:\\\/\\\/www.facebook.com\\\/omaasidesign\\\/\",\"https:\\\/\\\/www.facebook.com\\\/omaasilittleredhouse\\\/\",\"https:\\\/\\\/www.tiktok.com\\\/@gate21.ee\"]}]}<\/script>\n<!-- \/ Yoast SEO plugin. -->","yoast_head_json":{"title":"K\u00f6\u00f6gir\u00e4tik \u2013 Viru v\u00e4ravad &#8226; Gate21","robots":{"index":"index","follow":"follow","max-snippet":"max-snippet:-1","max-image-preview":"max-image-preview:large","max-video-preview":"max-video-preview:-1"},"canonical":"https:\/\/gate21.ee\/et\/shop\/koogiratik-viru-varavad\/","og_locale":"et_EE","og_type":"article","og_title":"K\u00f6\u00f6gir\u00e4tik \u2013 Viru v\u00e4ravad &#8226; Gate21","og_description":"Astu l\u00e4bi Viru v\u00e4ravate Tallinna \u2013 \u00fchte Euroopa k\u00f5ige paremini s\u00e4ilinud keskaegsesse linna. 14. sajandil rajati siia muljetavaldav 2,4 kilomeetri pikkune paekivist linnam\u00fc\u00fcr ja 46 kaitsetorni. T\u00e4nap\u00e4eval on alles veel 80% m\u00fc\u00fcrist ja 26 torni. Viru v\u00e4rav tervitab iga k\u00fclastajat ning ootab sind alati tagasi. Valmistatud 100% puuvillast.","og_url":"https:\/\/gate21.ee\/et\/shop\/koogiratik-viru-varavad\/","og_site_name":"Gate21","article_publisher":"https:\/\/www.facebook.com\/gate21.ee\/","article_modified_time":"2026-04-15T14:38:36+00:00","og_image":[{"width":600,"height":800,"url":"https:\/\/gate21.ee\/wp-content\/uploads\/2026\/04\/seik_eu_teatowel_viru_gates-6-1-600x800.jpg.webp","type":"image\/webp"}],"twitter_card":"summary_large_image","twitter_misc":{"Est. reading time":"1 minut"},"schema":{"@context":"https:\/\/schema.org","@graph":[{"@type":"WebPage","@id":"https:\/\/gate21.ee\/shop\/koogiratik-viru-varavad\/","url":"https:\/\/gate21.ee\/shop\/koogiratik-viru-varavad\/","name":"K\u00f6\u00f6gir\u00e4tik \u2013 Viru v\u00e4ravad &#8226; Gate21","isPartOf":{"@id":"https:\/\/gate21.ee\/#website"},"primaryImageOfPage":{"@id":"https:\/\/gate21.ee\/shop\/koogiratik-viru-varavad\/#primaryimage"},"image":{"@id":"https:\/\/gate21.ee\/shop\/koogiratik-viru-varavad\/#primaryimage"},"thumbnailUrl":"https:\/\/gate21.ee\/wp-content\/uploads\/2026\/04\/seik_eu_teatowel_viru_gates-6-1-600x800.jpg.webp","datePublished":"2026-04-12T10:41:11+00:00","dateModified":"2026-04-15T14:38:36+00:00","breadcrumb":{"@id":"https:\/\/gate21.ee\/shop\/koogiratik-viru-varavad\/#breadcrumb"},"inLanguage":"et","potentialAction":[{"@type":"ReadAction","target":["https:\/\/gate21.ee\/shop\/koogiratik-viru-varavad\/"]}]},{"@type":"ImageObject","inLanguage":"et","@id":"https:\/\/gate21.ee\/shop\/koogiratik-viru-varavad\/#primaryimage","url":"https:\/\/gate21.ee\/wp-content\/uploads\/2026\/04\/seik_eu_teatowel_viru_gates-6-1-600x800.jpg.webp","contentUrl":"https:\/\/gate21.ee\/wp-content\/uploads\/2026\/04\/seik_eu_teatowel_viru_gates-6-1-600x800.jpg.webp","width":600,"height":800,"caption":"A packaged K\u00f6\u00f6gir\u00e4tik \u2013 Viru v\u00e4ravad tea towel displays buildings with red roofs, a church steeple, lemons, a strawberry, a yellow tulip, green leaves, cashew nuts, and a stylish New Rebels small rucksack on a white surface. Gate21.ee"},{"@type":"BreadcrumbList","@id":"https:\/\/gate21.ee\/shop\/koogiratik-viru-varavad\/#breadcrumb","itemListElement":[{"@type":"ListItem","position":1,"name":"Home","item":"https:\/\/gate21.ee\/"},{"@type":"ListItem","position":2,"name":"K\u00f6\u00f6gir\u00e4tik \u2013 Viru v\u00e4ravad"}]},{"@type":"WebSite","@id":"https:\/\/gate21.ee\/#website","url":"https:\/\/gate21.ee\/","name":"Gate21","description":"Kingituskontseptsioonipood Gate21","publisher":{"@id":"https:\/\/gate21.ee\/#organization"},"alternateName":"gate21","potentialAction":[{"@type":"SearchAction","target":{"@type":"EntryPoint","urlTemplate":"https:\/\/gate21.ee\/?s={search_term_string}"},"query-input":{"@type":"PropertyValueSpecification","valueRequired":true,"valueName":"search_term_string"}}],"inLanguage":"et"},{"@type":"Organization","@id":"https:\/\/gate21.ee\/#organization","name":"Gate21","alternateName":"Gate21, Oma Asi and Oma Asi Design Store","url":"https:\/\/gate21.ee\/","logo":{"@type":"ImageObject","inLanguage":"et","@id":"https:\/\/gate21.ee\/#\/schema\/logo\/image\/","url":"https:\/\/gate21.ee\/wp-content\/uploads\/2021\/11\/Gate_21_Logo_2_Valge.png","contentUrl":"https:\/\/gate21.ee\/wp-content\/uploads\/2021\/11\/Gate_21_Logo_2_Valge.png","width":2560,"height":2560,"caption":"Gate21"},"image":{"@id":"https:\/\/gate21.ee\/#\/schema\/logo\/image\/"},"sameAs":["https:\/\/www.facebook.com\/gate21.ee\/","https:\/\/www.instagram.com\/gate21.ee\/","https:\/\/www.instagram.com\/omaasidesign\/","https:\/\/www.instagram.com\/omaasi\/","https:\/\/www.facebook.com\/omaasidesign\/","https:\/\/www.facebook.com\/omaasilittleredhouse\/","https:\/\/www.tiktok.com\/@gate21.ee"]}]}},"jetpack_sharing_enabled":true,"brands":[{"id":661,"name":"SEIK","slug":"seik"}],"_links":{"self":[{"href":"https:\/\/gate21.ee\/et\/wp-json\/wp\/v2\/product\/254514","targetHints":{"allow":["GET"]}}],"collection":[{"href":"https:\/\/gate21.ee\/et\/wp-json\/wp\/v2\/product"}],"about":[{"href":"https:\/\/gate21.ee\/et\/wp-json\/wp\/v2\/types\/product"}],"replies":[{"embeddable":true,"href":"https:\/\/gate21.ee\/et\/wp-json\/wp\/v2\/comments?post=254514"}],"version-history":[{"count":1,"href":"https:\/\/gate21.ee\/et\/wp-json\/wp\/v2\/product\/254514\/revisions"}],"predecessor-version":[{"id":254515,"href":"https:\/\/gate21.ee\/et\/wp-json\/wp\/v2\/product\/254514\/revisions\/254515"}],"wp:featuredmedia":[{"embeddable":true,"href":"https:\/\/gate21.ee\/et\/wp-json\/wp\/v2\/media\/254516"}],"wp:attachment":[{"href":"https:\/\/gate21.ee\/et\/wp-json\/wp\/v2\/media?parent=254514"}],"wp:term":[{"taxonomy":"pwb-brand","embeddable":true,"href":"https:\/\/gate21.ee\/et\/wp-json\/wp\/v2\/pwb-brand?post=254514"},{"taxonomy":"product_brand","embeddable":true,"href":"https:\/\/gate21.ee\/et\/wp-json\/wp\/v2\/product_brand?post=254514"},{"taxonomy":"product_cat","embeddable":true,"href":"https:\/\/gate21.ee\/et\/wp-json\/wp\/v2\/product_cat?post=254514"},{"taxonomy":"product_tag","embeddable":true,"href":"https:\/\/gate21.ee\/et\/wp-json\/wp\/v2\/product_tag?post=254514"}],"curies":[{"name":"wp","href":"https:\/\/api.w.org\/{rel}","templated":true}]}}