{"id":251147,"date":"2026-03-03T17:04:28","date_gmt":"2026-03-03T15:04:28","guid":{"rendered":"https:\/\/gate21.ee\/?post_type=product&#038;p=251147"},"modified":"2026-04-13T10:54:56","modified_gmt":"2026-04-13T07:54:56","slug":"cowboy-boot-salt-pepper-shakers","status":"publish","type":"product","link":"https:\/\/gate21.ee\/et\/shop\/cowboy-boot-salt-pepper-shakers\/","title":{"rendered":"Cowboy Saapad - Soola ja pipra toos"},"content":{"rendered":"<p style=\"text-align: left;\"><a href=\"https:\/\/gate21.ee\/et\/brand\/sass_n_belle\/\"><img fetchpriority=\"high\" decoding=\"async\" class=\"size-medium wp-image-249874 alignleft\" src=\"https:\/\/gate21.ee\/wp-content\/uploads\/2026\/02\/suprise-mug-cat-1-300x182.png\" alt=\"\" width=\"300\" height=\"182\" srcset=\"https:\/\/gate21.ee\/wp-content\/uploads\/2026\/02\/suprise-mug-cat-1-300x182.png 300w, https:\/\/gate21.ee\/wp-content\/uploads\/2026\/02\/suprise-mug-cat-1-18x12.png 18w, https:\/\/gate21.ee\/wp-content\/uploads\/2026\/02\/suprise-mug-cat-1-600x363.png 600w, https:\/\/gate21.ee\/wp-content\/uploads\/2026\/02\/suprise-mug-cat-1.png 720w\" sizes=\"(max-width: 300px) 100vw, 300px\" \/><\/a>Sass &amp; Belle kujundab armastusega k\u00f5ikv\u00f5imalikke imelisi <a href=\"https:\/\/gate21.ee\/et\/tootekategooria\/home\/ceramics\/\">keraamiline<\/a> tooted, mis on m\u00f5eldud kodu kaunistamise r\u00f5\u00f5mu ja kingituste tegemise armastuse jaoks, lisades igale meie kollektsioonile kriipsu \u00f5nne ja naeratuse. Sass &amp; Belle on kiiresti muutumas rahvusvaheliselt armastatud kaubam\u00e4rgiks, mis levitab meie kapriisset ja vastupandamatut olemust Euroopas ja kaugemalgi. Meie kirglik ja fantaasiarikas disainimeeskond loob iga\u00fchele midagi, mis on meie tegevuse keskmes. Inspireerituna viimastest trendidest, on nad alati h\u00f5ivatud uute ideede v\u00e4ljam\u00f5tlemisega, mis on t\u00e4is r\u00f5\u00f5mu ja stiili ning k\u00f5ik on armastusega kujundatud Londonis.<\/p>","protected":false},"excerpt":{"rendered":"<p>Sass &amp; Belle lovingly design all kinds of wonderful ceramic products, all about the joy of home sprucing and the love in gift giving, adding a dash of happiness and a sprinkle of smiles to each and every one of our collections. Sass &amp; Belle is fast becoming an internationally adored brand, spreading our whimsical [&hellip;]<\/p>\n","protected":false},"featured_media":251148,"comment_status":"closed","ping_status":"closed","template":"","meta":{"site-sidebar-layout":"default","site-content-layout":"","ast-site-content-layout":"default","site-content-style":"default","site-sidebar-style":"default","ast-global-header-display":"","ast-banner-title-visibility":"","ast-main-header-display":"","ast-hfb-above-header-display":"","ast-hfb-below-header-display":"","ast-hfb-mobile-header-display":"","site-post-title":"","ast-breadcrumbs-content":"","ast-featured-img":"","footer-sml-layout":"","ast-disable-related-posts":"","theme-transparent-header-meta":"default","adv-header-id-meta":"","stick-header-meta":"default","header-above-stick-meta":"","header-main-stick-meta":"","header-below-stick-meta":"","astra-migrate-meta-layouts":"set","ast-page-background-enabled":"default","ast-page-background-meta":{"desktop":{"background-color":"","background-image":"","background-repeat":"repeat","background-position":"center center","background-size":"auto","background-attachment":"scroll","background-type":"","background-media":"","overlay-type":"","overlay-color":"","overlay-opacity":"","overlay-gradient":""},"tablet":{"background-color":"","background-image":"","background-repeat":"repeat","background-position":"center center","background-size":"auto","background-attachment":"scroll","background-type":"","background-media":"","overlay-type":"","overlay-color":"","overlay-opacity":"","overlay-gradient":""},"mobile":{"background-color":"","background-image":"","background-repeat":"repeat","background-position":"center center","background-size":"auto","background-attachment":"scroll","background-type":"","background-media":"","overlay-type":"","overlay-color":"","overlay-opacity":"","overlay-gradient":""}},"ast-content-background-meta":{"desktop":{"background-color":"var(--ast-global-color-5)","background-image":"","background-repeat":"repeat","background-position":"center center","background-size":"auto","background-attachment":"scroll","background-type":"","background-media":"","overlay-type":"","overlay-color":"","overlay-opacity":"","overlay-gradient":""},"tablet":{"background-color":"var(--ast-global-color-5)","background-image":"","background-repeat":"repeat","background-position":"center center","background-size":"auto","background-attachment":"scroll","background-type":"","background-media":"","overlay-type":"","overlay-color":"","overlay-opacity":"","overlay-gradient":""},"mobile":{"background-color":"var(--ast-global-color-5)","background-image":"","background-repeat":"repeat","background-position":"center center","background-size":"auto","background-attachment":"scroll","background-type":"","background-media":"","overlay-type":"","overlay-color":"","overlay-opacity":"","overlay-gradient":""}}},"pwb-brand":[658],"product_brand":[],"product_cat":[139,218],"product_tag":[],"class_list":{"0":"post-251147","1":"product","2":"type-product","3":"status-publish","4":"has-post-thumbnail","6":"pwb-brand-sass_n_belle","7":"product_cat-ceramics","8":"product_cat-home","9":"desktop-align-center","10":"tablet-align-center","11":"mobile-align-center","12":"ast-product-gallery-layout-vertical","13":"ast-product-gallery-with-no-image","14":"ast-product-tabs-layout-horizontal","16":"first","17":"instock","18":"taxable","19":"shipping-taxable","20":"purchasable","21":"product-type-simple"},"yoast_head":"<!-- This site is optimized with the Yoast SEO plugin v27.4 - https:\/\/yoast.com\/product\/yoast-seo-wordpress\/ -->\n<title>Cowboy Boot - Salt &amp; Pepper Shakers &#8226; Gate21<\/title>\n<meta name=\"robots\" content=\"index, follow, max-snippet:-1, max-image-preview:large, max-video-preview:-1\" \/>\n<link rel=\"canonical\" href=\"https:\/\/gate21.ee\/et\/shop\/cowboy-boot-salt-pepper-shakers\/\" \/>\n<meta property=\"og:locale\" content=\"et_EE\" \/>\n<meta property=\"og:type\" content=\"article\" \/>\n<meta property=\"og:title\" content=\"Cowboy Boot - Salt &amp; Pepper Shakers &#8226; Gate21\" \/>\n<meta property=\"og:description\" content=\"Sass &amp; Belle lovingly design all kinds of wonderful ceramic products, all about the joy of home sprucing and the love in gift giving, adding a dash of happiness and a sprinkle of smiles to each and every one of our collections. Sass &amp; Belle is fast becoming an internationally adored brand, spreading our whimsical [&hellip;]\" \/>\n<meta property=\"og:url\" content=\"https:\/\/gate21.ee\/et\/shop\/cowboy-boot-salt-pepper-shakers\/\" \/>\n<meta property=\"og:site_name\" content=\"Gate21\" \/>\n<meta property=\"article:publisher\" content=\"https:\/\/www.facebook.com\/gate21.ee\/\" \/>\n<meta property=\"article:modified_time\" content=\"2026-04-13T07:54:56+00:00\" \/>\n<meta property=\"og:image\" content=\"https:\/\/gate21.ee\/wp-content\/uploads\/2026\/03\/f23d0f90724f1d23022752088ae221cd7a3a23d69149825ef0b6433eebb52fc3.webp\" \/>\n\t<meta property=\"og:image:width\" content=\"720\" \/>\n\t<meta property=\"og:image:height\" content=\"720\" \/>\n\t<meta property=\"og:image:type\" content=\"image\/webp\" \/>\n<meta name=\"twitter:card\" content=\"summary_large_image\" \/>\n<meta name=\"twitter:label1\" content=\"Est. reading time\" \/>\n\t<meta name=\"twitter:data1\" content=\"1 minut\" \/>\n<script type=\"application\/ld+json\" class=\"yoast-schema-graph\">{\"@context\":\"https:\\\/\\\/schema.org\",\"@graph\":[{\"@type\":\"WebPage\",\"@id\":\"https:\\\/\\\/gate21.ee\\\/shop\\\/cowboy-boot-salt-pepper-shakers\\\/\",\"url\":\"https:\\\/\\\/gate21.ee\\\/shop\\\/cowboy-boot-salt-pepper-shakers\\\/\",\"name\":\"Cowboy Boot - Salt & Pepper Shakers &#8226; Gate21\",\"isPartOf\":{\"@id\":\"https:\\\/\\\/gate21.ee\\\/#website\"},\"primaryImageOfPage\":{\"@id\":\"https:\\\/\\\/gate21.ee\\\/shop\\\/cowboy-boot-salt-pepper-shakers\\\/#primaryimage\"},\"image\":{\"@id\":\"https:\\\/\\\/gate21.ee\\\/shop\\\/cowboy-boot-salt-pepper-shakers\\\/#primaryimage\"},\"thumbnailUrl\":\"https:\\\/\\\/gate21.ee\\\/wp-content\\\/uploads\\\/2026\\\/03\\\/f23d0f90724f1d23022752088ae221cd7a3a23d69149825ef0b6433eebb52fc3.webp\",\"datePublished\":\"2026-03-03T15:04:28+00:00\",\"dateModified\":\"2026-04-13T07:54:56+00:00\",\"breadcrumb\":{\"@id\":\"https:\\\/\\\/gate21.ee\\\/shop\\\/cowboy-boot-salt-pepper-shakers\\\/#breadcrumb\"},\"inLanguage\":\"et\",\"potentialAction\":[{\"@type\":\"ReadAction\",\"target\":[\"https:\\\/\\\/gate21.ee\\\/shop\\\/cowboy-boot-salt-pepper-shakers\\\/\"]}]},{\"@type\":\"ImageObject\",\"inLanguage\":\"et\",\"@id\":\"https:\\\/\\\/gate21.ee\\\/shop\\\/cowboy-boot-salt-pepper-shakers\\\/#primaryimage\",\"url\":\"https:\\\/\\\/gate21.ee\\\/wp-content\\\/uploads\\\/2026\\\/03\\\/f23d0f90724f1d23022752088ae221cd7a3a23d69149825ef0b6433eebb52fc3.webp\",\"contentUrl\":\"https:\\\/\\\/gate21.ee\\\/wp-content\\\/uploads\\\/2026\\\/03\\\/f23d0f90724f1d23022752088ae221cd7a3a23d69149825ef0b6433eebb52fc3.webp\",\"width\":720,\"height\":720,\"caption\":\"The Cowboy Boot - Salt & Pepper Shakers set features ceramic shakers shaped like pink and red cowboy boots with white accents and black soles, displayed side by side on a white background. Gate21.ee\"},{\"@type\":\"BreadcrumbList\",\"@id\":\"https:\\\/\\\/gate21.ee\\\/shop\\\/cowboy-boot-salt-pepper-shakers\\\/#breadcrumb\",\"itemListElement\":[{\"@type\":\"ListItem\",\"position\":1,\"name\":\"Home\",\"item\":\"https:\\\/\\\/gate21.ee\\\/\"},{\"@type\":\"ListItem\",\"position\":2,\"name\":\"Cowboy Boot &#8211; Salt &#038; Pepper Shakers\"}]},{\"@type\":\"WebSite\",\"@id\":\"https:\\\/\\\/gate21.ee\\\/#website\",\"url\":\"https:\\\/\\\/gate21.ee\\\/\",\"name\":\"Gate21\",\"description\":\"Gift concept store Gate21\",\"publisher\":{\"@id\":\"https:\\\/\\\/gate21.ee\\\/#organization\"},\"alternateName\":\"gate21\",\"potentialAction\":[{\"@type\":\"SearchAction\",\"target\":{\"@type\":\"EntryPoint\",\"urlTemplate\":\"https:\\\/\\\/gate21.ee\\\/?s={search_term_string}\"},\"query-input\":{\"@type\":\"PropertyValueSpecification\",\"valueRequired\":true,\"valueName\":\"search_term_string\"}}],\"inLanguage\":\"et\"},{\"@type\":\"Organization\",\"@id\":\"https:\\\/\\\/gate21.ee\\\/#organization\",\"name\":\"Gate21\",\"alternateName\":\"Gate21, Oma Asi and Oma Asi Design Store\",\"url\":\"https:\\\/\\\/gate21.ee\\\/\",\"logo\":{\"@type\":\"ImageObject\",\"inLanguage\":\"et\",\"@id\":\"https:\\\/\\\/gate21.ee\\\/#\\\/schema\\\/logo\\\/image\\\/\",\"url\":\"https:\\\/\\\/gate21.ee\\\/wp-content\\\/uploads\\\/2021\\\/11\\\/Gate_21_Logo_2_Valge.png\",\"contentUrl\":\"https:\\\/\\\/gate21.ee\\\/wp-content\\\/uploads\\\/2021\\\/11\\\/Gate_21_Logo_2_Valge.png\",\"width\":2560,\"height\":2560,\"caption\":\"Gate21\"},\"image\":{\"@id\":\"https:\\\/\\\/gate21.ee\\\/#\\\/schema\\\/logo\\\/image\\\/\"},\"sameAs\":[\"https:\\\/\\\/www.facebook.com\\\/gate21.ee\\\/\",\"https:\\\/\\\/www.instagram.com\\\/gate21.ee\\\/\",\"https:\\\/\\\/www.instagram.com\\\/omaasidesign\\\/\",\"https:\\\/\\\/www.instagram.com\\\/omaasi\\\/\",\"https:\\\/\\\/www.facebook.com\\\/omaasidesign\\\/\",\"https:\\\/\\\/www.facebook.com\\\/omaasilittleredhouse\\\/\",\"https:\\\/\\\/www.tiktok.com\\\/@gate21.ee\"]}]}<\/script>\n<!-- \/ Yoast SEO plugin. -->","yoast_head_json":{"title":"Cowboy Boot - Salt & Pepper Shakers &#8226; Gate21","robots":{"index":"index","follow":"follow","max-snippet":"max-snippet:-1","max-image-preview":"max-image-preview:large","max-video-preview":"max-video-preview:-1"},"canonical":"https:\/\/gate21.ee\/et\/shop\/cowboy-boot-salt-pepper-shakers\/","og_locale":"et_EE","og_type":"article","og_title":"Cowboy Boot - Salt & Pepper Shakers &#8226; Gate21","og_description":"Sass &amp; Belle lovingly design all kinds of wonderful ceramic products, all about the joy of home sprucing and the love in gift giving, adding a dash of happiness and a sprinkle of smiles to each and every one of our collections. Sass &amp; Belle is fast becoming an internationally adored brand, spreading our whimsical [&hellip;]","og_url":"https:\/\/gate21.ee\/et\/shop\/cowboy-boot-salt-pepper-shakers\/","og_site_name":"Gate21","article_publisher":"https:\/\/www.facebook.com\/gate21.ee\/","article_modified_time":"2026-04-13T07:54:56+00:00","og_image":[{"width":720,"height":720,"url":"https:\/\/gate21.ee\/wp-content\/uploads\/2026\/03\/f23d0f90724f1d23022752088ae221cd7a3a23d69149825ef0b6433eebb52fc3.webp","type":"image\/webp"}],"twitter_card":"summary_large_image","twitter_misc":{"Est. reading time":"1 minut"},"schema":{"@context":"https:\/\/schema.org","@graph":[{"@type":"WebPage","@id":"https:\/\/gate21.ee\/shop\/cowboy-boot-salt-pepper-shakers\/","url":"https:\/\/gate21.ee\/shop\/cowboy-boot-salt-pepper-shakers\/","name":"Cowboy Boot - Salt & Pepper Shakers &#8226; Gate21","isPartOf":{"@id":"https:\/\/gate21.ee\/#website"},"primaryImageOfPage":{"@id":"https:\/\/gate21.ee\/shop\/cowboy-boot-salt-pepper-shakers\/#primaryimage"},"image":{"@id":"https:\/\/gate21.ee\/shop\/cowboy-boot-salt-pepper-shakers\/#primaryimage"},"thumbnailUrl":"https:\/\/gate21.ee\/wp-content\/uploads\/2026\/03\/f23d0f90724f1d23022752088ae221cd7a3a23d69149825ef0b6433eebb52fc3.webp","datePublished":"2026-03-03T15:04:28+00:00","dateModified":"2026-04-13T07:54:56+00:00","breadcrumb":{"@id":"https:\/\/gate21.ee\/shop\/cowboy-boot-salt-pepper-shakers\/#breadcrumb"},"inLanguage":"et","potentialAction":[{"@type":"ReadAction","target":["https:\/\/gate21.ee\/shop\/cowboy-boot-salt-pepper-shakers\/"]}]},{"@type":"ImageObject","inLanguage":"et","@id":"https:\/\/gate21.ee\/shop\/cowboy-boot-salt-pepper-shakers\/#primaryimage","url":"https:\/\/gate21.ee\/wp-content\/uploads\/2026\/03\/f23d0f90724f1d23022752088ae221cd7a3a23d69149825ef0b6433eebb52fc3.webp","contentUrl":"https:\/\/gate21.ee\/wp-content\/uploads\/2026\/03\/f23d0f90724f1d23022752088ae221cd7a3a23d69149825ef0b6433eebb52fc3.webp","width":720,"height":720,"caption":"The Cowboy Boot - Salt & Pepper Shakers set features ceramic shakers shaped like pink and red cowboy boots with white accents and black soles, displayed side by side on a white background. Gate21.ee"},{"@type":"BreadcrumbList","@id":"https:\/\/gate21.ee\/shop\/cowboy-boot-salt-pepper-shakers\/#breadcrumb","itemListElement":[{"@type":"ListItem","position":1,"name":"Home","item":"https:\/\/gate21.ee\/"},{"@type":"ListItem","position":2,"name":"Cowboy Boot &#8211; Salt &#038; Pepper Shakers"}]},{"@type":"WebSite","@id":"https:\/\/gate21.ee\/#website","url":"https:\/\/gate21.ee\/","name":"Gate21","description":"Kingituskontseptsioonipood Gate21","publisher":{"@id":"https:\/\/gate21.ee\/#organization"},"alternateName":"gate21","potentialAction":[{"@type":"SearchAction","target":{"@type":"EntryPoint","urlTemplate":"https:\/\/gate21.ee\/?s={search_term_string}"},"query-input":{"@type":"PropertyValueSpecification","valueRequired":true,"valueName":"search_term_string"}}],"inLanguage":"et"},{"@type":"Organization","@id":"https:\/\/gate21.ee\/#organization","name":"Gate21","alternateName":"Gate21, Oma Asi and Oma Asi Design Store","url":"https:\/\/gate21.ee\/","logo":{"@type":"ImageObject","inLanguage":"et","@id":"https:\/\/gate21.ee\/#\/schema\/logo\/image\/","url":"https:\/\/gate21.ee\/wp-content\/uploads\/2021\/11\/Gate_21_Logo_2_Valge.png","contentUrl":"https:\/\/gate21.ee\/wp-content\/uploads\/2021\/11\/Gate_21_Logo_2_Valge.png","width":2560,"height":2560,"caption":"Gate21"},"image":{"@id":"https:\/\/gate21.ee\/#\/schema\/logo\/image\/"},"sameAs":["https:\/\/www.facebook.com\/gate21.ee\/","https:\/\/www.instagram.com\/gate21.ee\/","https:\/\/www.instagram.com\/omaasidesign\/","https:\/\/www.instagram.com\/omaasi\/","https:\/\/www.facebook.com\/omaasidesign\/","https:\/\/www.facebook.com\/omaasilittleredhouse\/","https:\/\/www.tiktok.com\/@gate21.ee"]}]}},"jetpack_sharing_enabled":true,"brands":[{"id":658,"name":"Sass &amp; Belle","slug":"sass_n_belle"}],"_links":{"self":[{"href":"https:\/\/gate21.ee\/et\/wp-json\/wp\/v2\/product\/251147","targetHints":{"allow":["GET"]}}],"collection":[{"href":"https:\/\/gate21.ee\/et\/wp-json\/wp\/v2\/product"}],"about":[{"href":"https:\/\/gate21.ee\/et\/wp-json\/wp\/v2\/types\/product"}],"replies":[{"embeddable":true,"href":"https:\/\/gate21.ee\/et\/wp-json\/wp\/v2\/comments?post=251147"}],"version-history":[{"count":1,"href":"https:\/\/gate21.ee\/et\/wp-json\/wp\/v2\/product\/251147\/revisions"}],"predecessor-version":[{"id":251149,"href":"https:\/\/gate21.ee\/et\/wp-json\/wp\/v2\/product\/251147\/revisions\/251149"}],"wp:featuredmedia":[{"embeddable":true,"href":"https:\/\/gate21.ee\/et\/wp-json\/wp\/v2\/media\/251148"}],"wp:attachment":[{"href":"https:\/\/gate21.ee\/et\/wp-json\/wp\/v2\/media?parent=251147"}],"wp:term":[{"taxonomy":"pwb-brand","embeddable":true,"href":"https:\/\/gate21.ee\/et\/wp-json\/wp\/v2\/pwb-brand?post=251147"},{"taxonomy":"product_brand","embeddable":true,"href":"https:\/\/gate21.ee\/et\/wp-json\/wp\/v2\/product_brand?post=251147"},{"taxonomy":"product_cat","embeddable":true,"href":"https:\/\/gate21.ee\/et\/wp-json\/wp\/v2\/product_cat?post=251147"},{"taxonomy":"product_tag","embeddable":true,"href":"https:\/\/gate21.ee\/et\/wp-json\/wp\/v2\/product_tag?post=251147"}],"curies":[{"name":"wp","href":"https:\/\/api.w.org\/{rel}","templated":true}]}}