{"id":248806,"date":"2026-02-05T15:52:00","date_gmt":"2026-02-05T13:52:00","guid":{"rendered":"https:\/\/gate21.ee\/?post_type=product&#038;p=248806"},"modified":"2026-04-20T16:30:16","modified_gmt":"2026-04-20T13:30:16","slug":"unicorn-bestie-740ml","status":"publish","type":"product","link":"https:\/\/gate21.ee\/et\/shop\/unicorn-bestie-740ml\/","title":{"rendered":"Unicorn Bestie - Joogipudel 740ml"},"content":{"rendered":"<p><a href=\"https:\/\/gate21.ee\/et\/brand\/asobu\/\"><img fetchpriority=\"high\" decoding=\"async\" class=\"alignnone size-medium wp-image-248781 aligncenter\" src=\"https:\/\/gate21.ee\/wp-content\/uploads\/2026\/02\/Affiliates_web_image-300x300.webp\" alt=\"\" width=\"300\" height=\"300\" srcset=\"https:\/\/gate21.ee\/wp-content\/uploads\/2026\/02\/Affiliates_web_image-300x300.webp 300w, https:\/\/gate21.ee\/wp-content\/uploads\/2026\/02\/Affiliates_web_image-150x150.webp 150w, https:\/\/gate21.ee\/wp-content\/uploads\/2026\/02\/Affiliates_web_image-768x768.webp 768w, https:\/\/gate21.ee\/wp-content\/uploads\/2026\/02\/Affiliates_web_image-12x12.webp 12w, https:\/\/gate21.ee\/wp-content\/uploads\/2026\/02\/Affiliates_web_image-600x600.webp 600w, https:\/\/gate21.ee\/wp-content\/uploads\/2026\/02\/Affiliates_web_image-100x100.webp 100w, https:\/\/gate21.ee\/wp-content\/uploads\/2026\/02\/Affiliates_web_image-50x50.webp 50w, https:\/\/gate21.ee\/wp-content\/uploads\/2026\/02\/Affiliates_web_image.webp 800w\" sizes=\"(max-width: 300px) 100vw, 300px\" \/><\/a><\/p>\n<p><a href=\"https:\/\/gate21.ee\/et\/brand\/asobu\/\">ASOBU<\/a> vesi <a href=\"https:\/\/gate21.ee\/et\/tootekategooria\/accessories\/bottles\/\">pudelid<\/a> aitavad teil kogu p\u00e4eva jooksul vedelikku hoida ja on varustatud eemaldatava, kogumisk\u00f5lbliku silikoonist tegelaskuju peaga, mis lisab igale lonksule m\u00e4ngulise n\u00fcansi. T\u00e4nu t\u00e4iustatud kahekordse vaakumisolatsioonile hoiavad need joogid k\u00fclmas kuni 24 tundi - ideaalsed, mida iganes p\u00e4ev toob.<\/p>\n<p>100% ei sisalda pliid, PFAS, BPA ja ftalaate.<\/p>\n<p>Pudel on lihtne puhastada n\u00f5udepesumasinas, kuid parima hoolduse tagamiseks peske osad k\u00e4sitsi.<\/p>","protected":false},"excerpt":{"rendered":"<p>ASOBU water bottles help you stay hydrated all day long and come with a removable, collectible silicone character head that adds a playful touch to every sip. Thanks to their advanced double-wall vacuum insulation, they keep your drinks cold for up to 24 hours\u2014perfect for whatever your day brings. 100% free from lead, PFAS, BPA, [&hellip;]<\/p>\n","protected":false},"featured_media":248807,"comment_status":"closed","ping_status":"closed","template":"","meta":{"site-sidebar-layout":"default","site-content-layout":"","ast-site-content-layout":"default","site-content-style":"default","site-sidebar-style":"default","ast-global-header-display":"","ast-banner-title-visibility":"","ast-main-header-display":"","ast-hfb-above-header-display":"","ast-hfb-below-header-display":"","ast-hfb-mobile-header-display":"","site-post-title":"","ast-breadcrumbs-content":"","ast-featured-img":"","footer-sml-layout":"","ast-disable-related-posts":"","theme-transparent-header-meta":"default","adv-header-id-meta":"","stick-header-meta":"default","header-above-stick-meta":"","header-main-stick-meta":"","header-below-stick-meta":"","astra-migrate-meta-layouts":"set","ast-page-background-enabled":"default","ast-page-background-meta":{"desktop":{"background-color":"","background-image":"","background-repeat":"repeat","background-position":"center center","background-size":"auto","background-attachment":"scroll","background-type":"","background-media":"","overlay-type":"","overlay-color":"","overlay-opacity":"","overlay-gradient":""},"tablet":{"background-color":"","background-image":"","background-repeat":"repeat","background-position":"center center","background-size":"auto","background-attachment":"scroll","background-type":"","background-media":"","overlay-type":"","overlay-color":"","overlay-opacity":"","overlay-gradient":""},"mobile":{"background-color":"","background-image":"","background-repeat":"repeat","background-position":"center center","background-size":"auto","background-attachment":"scroll","background-type":"","background-media":"","overlay-type":"","overlay-color":"","overlay-opacity":"","overlay-gradient":""}},"ast-content-background-meta":{"desktop":{"background-color":"var(--ast-global-color-5)","background-image":"","background-repeat":"repeat","background-position":"center center","background-size":"auto","background-attachment":"scroll","background-type":"","background-media":"","overlay-type":"","overlay-color":"","overlay-opacity":"","overlay-gradient":""},"tablet":{"background-color":"var(--ast-global-color-5)","background-image":"","background-repeat":"repeat","background-position":"center center","background-size":"auto","background-attachment":"scroll","background-type":"","background-media":"","overlay-type":"","overlay-color":"","overlay-opacity":"","overlay-gradient":""},"mobile":{"background-color":"var(--ast-global-color-5)","background-image":"","background-repeat":"repeat","background-position":"center center","background-size":"auto","background-attachment":"scroll","background-type":"","background-media":"","overlay-type":"","overlay-color":"","overlay-opacity":"","overlay-gradient":""}}},"pwb-brand":[653],"product_brand":[],"product_cat":[225,655],"product_tag":[],"class_list":{"0":"post-248806","1":"product","2":"type-product","3":"status-publish","4":"has-post-thumbnail","6":"pwb-brand-asobu","7":"product_cat-kids","8":"product_cat-kids_bottles","9":"desktop-align-center","10":"tablet-align-center","11":"mobile-align-center","12":"ast-product-gallery-layout-vertical","13":"ast-product-tabs-layout-horizontal","15":"first","16":"instock","17":"taxable","18":"shipping-taxable","19":"purchasable","20":"product-type-simple"},"yoast_head":"<!-- This site is optimized with the Yoast SEO plugin v27.4 - https:\/\/yoast.com\/product\/yoast-seo-wordpress\/ -->\n<title>Unicorn Bestie - 740ml &#8226; Gate21<\/title>\n<meta name=\"description\" content=\"ASOBU water bottles help you stay hydrated all day long and come with a removable, collectible silicone character head that adds a playful touch to every sip.\" \/>\n<meta name=\"robots\" content=\"index, follow, max-snippet:-1, max-image-preview:large, max-video-preview:-1\" \/>\n<link rel=\"canonical\" href=\"https:\/\/gate21.ee\/et\/shop\/unicorn-bestie-740ml\/\" \/>\n<meta property=\"og:locale\" content=\"et_EE\" \/>\n<meta property=\"og:type\" content=\"article\" \/>\n<meta property=\"og:title\" content=\"Unicorn Bestie - 740ml &#8226; Gate21\" \/>\n<meta property=\"og:description\" content=\"ASOBU water bottles help you stay hydrated all day long and come with a removable, collectible silicone character head that adds a playful touch to every sip.\" \/>\n<meta property=\"og:url\" content=\"https:\/\/gate21.ee\/et\/shop\/unicorn-bestie-740ml\/\" \/>\n<meta property=\"og:site_name\" content=\"Gate21\" \/>\n<meta property=\"article:publisher\" content=\"https:\/\/www.facebook.com\/gate21.ee\/\" \/>\n<meta property=\"article:modified_time\" content=\"2026-04-20T13:30:16+00:00\" \/>\n<meta property=\"og:image\" content=\"https:\/\/gate21.ee\/wp-content\/uploads\/2026\/02\/6_0b760db7-9fe4-42a1-b44f-584348dbd447.png.webp\" \/>\n\t<meta property=\"og:image:width\" content=\"2400\" \/>\n\t<meta property=\"og:image:height\" content=\"2400\" \/>\n\t<meta property=\"og:image:type\" content=\"image\/webp\" \/>\n<meta name=\"twitter:card\" content=\"summary_large_image\" \/>\n<meta name=\"twitter:label1\" content=\"Est. reading time\" \/>\n\t<meta name=\"twitter:data1\" content=\"1 minut\" \/>\n<script type=\"application\/ld+json\" class=\"yoast-schema-graph\">{\"@context\":\"https:\\\/\\\/schema.org\",\"@graph\":[{\"@type\":\"WebPage\",\"@id\":\"https:\\\/\\\/gate21.ee\\\/shop\\\/unicorn-bestie-740ml\\\/\",\"url\":\"https:\\\/\\\/gate21.ee\\\/shop\\\/unicorn-bestie-740ml\\\/\",\"name\":\"Unicorn Bestie - 740ml &#8226; Gate21\",\"isPartOf\":{\"@id\":\"https:\\\/\\\/gate21.ee\\\/#website\"},\"primaryImageOfPage\":{\"@id\":\"https:\\\/\\\/gate21.ee\\\/shop\\\/unicorn-bestie-740ml\\\/#primaryimage\"},\"image\":{\"@id\":\"https:\\\/\\\/gate21.ee\\\/shop\\\/unicorn-bestie-740ml\\\/#primaryimage\"},\"thumbnailUrl\":\"https:\\\/\\\/gate21.ee\\\/wp-content\\\/uploads\\\/2026\\\/02\\\/6_0b760db7-9fe4-42a1-b44f-584348dbd447.png.webp\",\"datePublished\":\"2026-02-05T13:52:00+00:00\",\"dateModified\":\"2026-04-20T13:30:16+00:00\",\"description\":\"ASOBU water bottles help you stay hydrated all day long and come with a removable, collectible silicone character head that adds a playful touch to every sip.\",\"breadcrumb\":{\"@id\":\"https:\\\/\\\/gate21.ee\\\/shop\\\/unicorn-bestie-740ml\\\/#breadcrumb\"},\"inLanguage\":\"et\",\"potentialAction\":[{\"@type\":\"ReadAction\",\"target\":[\"https:\\\/\\\/gate21.ee\\\/shop\\\/unicorn-bestie-740ml\\\/\"]}]},{\"@type\":\"ImageObject\",\"inLanguage\":\"et\",\"@id\":\"https:\\\/\\\/gate21.ee\\\/shop\\\/unicorn-bestie-740ml\\\/#primaryimage\",\"url\":\"https:\\\/\\\/gate21.ee\\\/wp-content\\\/uploads\\\/2026\\\/02\\\/6_0b760db7-9fe4-42a1-b44f-584348dbd447.png.webp\",\"contentUrl\":\"https:\\\/\\\/gate21.ee\\\/wp-content\\\/uploads\\\/2026\\\/02\\\/6_0b760db7-9fe4-42a1-b44f-584348dbd447.png.webp\",\"width\":2400,\"height\":2400,\"caption\":\"The Unicorn Bestie - 740ml is a beige ASOBU water bottle with a round unicorn head cap, featuring a yellow horn, purple mane, and sleek silver base. Gate21.ee\"},{\"@type\":\"BreadcrumbList\",\"@id\":\"https:\\\/\\\/gate21.ee\\\/shop\\\/unicorn-bestie-740ml\\\/#breadcrumb\",\"itemListElement\":[{\"@type\":\"ListItem\",\"position\":1,\"name\":\"Home\",\"item\":\"https:\\\/\\\/gate21.ee\\\/\"},{\"@type\":\"ListItem\",\"position\":2,\"name\":\"Unicorn Bestie &#8211; 740ml\"}]},{\"@type\":\"WebSite\",\"@id\":\"https:\\\/\\\/gate21.ee\\\/#website\",\"url\":\"https:\\\/\\\/gate21.ee\\\/\",\"name\":\"Gate21\",\"description\":\"Gift concept store Gate21\",\"publisher\":{\"@id\":\"https:\\\/\\\/gate21.ee\\\/#organization\"},\"alternateName\":\"gate21\",\"potentialAction\":[{\"@type\":\"SearchAction\",\"target\":{\"@type\":\"EntryPoint\",\"urlTemplate\":\"https:\\\/\\\/gate21.ee\\\/?s={search_term_string}\"},\"query-input\":{\"@type\":\"PropertyValueSpecification\",\"valueRequired\":true,\"valueName\":\"search_term_string\"}}],\"inLanguage\":\"et\"},{\"@type\":\"Organization\",\"@id\":\"https:\\\/\\\/gate21.ee\\\/#organization\",\"name\":\"Gate21\",\"alternateName\":\"Gate21, Oma Asi and Oma Asi Design Store\",\"url\":\"https:\\\/\\\/gate21.ee\\\/\",\"logo\":{\"@type\":\"ImageObject\",\"inLanguage\":\"et\",\"@id\":\"https:\\\/\\\/gate21.ee\\\/#\\\/schema\\\/logo\\\/image\\\/\",\"url\":\"https:\\\/\\\/gate21.ee\\\/wp-content\\\/uploads\\\/2021\\\/11\\\/Gate_21_Logo_2_Valge.png\",\"contentUrl\":\"https:\\\/\\\/gate21.ee\\\/wp-content\\\/uploads\\\/2021\\\/11\\\/Gate_21_Logo_2_Valge.png\",\"width\":2560,\"height\":2560,\"caption\":\"Gate21\"},\"image\":{\"@id\":\"https:\\\/\\\/gate21.ee\\\/#\\\/schema\\\/logo\\\/image\\\/\"},\"sameAs\":[\"https:\\\/\\\/www.facebook.com\\\/gate21.ee\\\/\",\"https:\\\/\\\/www.instagram.com\\\/gate21.ee\\\/\",\"https:\\\/\\\/www.instagram.com\\\/omaasidesign\\\/\",\"https:\\\/\\\/www.instagram.com\\\/omaasi\\\/\",\"https:\\\/\\\/www.facebook.com\\\/omaasidesign\\\/\",\"https:\\\/\\\/www.facebook.com\\\/omaasilittleredhouse\\\/\",\"https:\\\/\\\/www.tiktok.com\\\/@gate21.ee\"]}]}<\/script>\n<!-- \/ Yoast SEO plugin. -->","yoast_head_json":{"title":"Unicorn Bestie - 740ml &#8226; Gate21","description":"ASOBU water bottles help you stay hydrated all day long and come with a removable, collectible silicone character head that adds a playful touch to every sip.","robots":{"index":"index","follow":"follow","max-snippet":"max-snippet:-1","max-image-preview":"max-image-preview:large","max-video-preview":"max-video-preview:-1"},"canonical":"https:\/\/gate21.ee\/et\/shop\/unicorn-bestie-740ml\/","og_locale":"et_EE","og_type":"article","og_title":"Unicorn Bestie - 740ml &#8226; Gate21","og_description":"ASOBU water bottles help you stay hydrated all day long and come with a removable, collectible silicone character head that adds a playful touch to every sip.","og_url":"https:\/\/gate21.ee\/et\/shop\/unicorn-bestie-740ml\/","og_site_name":"Gate21","article_publisher":"https:\/\/www.facebook.com\/gate21.ee\/","article_modified_time":"2026-04-20T13:30:16+00:00","og_image":[{"width":2400,"height":2400,"url":"https:\/\/gate21.ee\/wp-content\/uploads\/2026\/02\/6_0b760db7-9fe4-42a1-b44f-584348dbd447.png.webp","type":"image\/webp"}],"twitter_card":"summary_large_image","twitter_misc":{"Est. reading time":"1 minut"},"schema":{"@context":"https:\/\/schema.org","@graph":[{"@type":"WebPage","@id":"https:\/\/gate21.ee\/shop\/unicorn-bestie-740ml\/","url":"https:\/\/gate21.ee\/shop\/unicorn-bestie-740ml\/","name":"Unicorn Bestie - 740ml &#8226; Gate21","isPartOf":{"@id":"https:\/\/gate21.ee\/#website"},"primaryImageOfPage":{"@id":"https:\/\/gate21.ee\/shop\/unicorn-bestie-740ml\/#primaryimage"},"image":{"@id":"https:\/\/gate21.ee\/shop\/unicorn-bestie-740ml\/#primaryimage"},"thumbnailUrl":"https:\/\/gate21.ee\/wp-content\/uploads\/2026\/02\/6_0b760db7-9fe4-42a1-b44f-584348dbd447.png.webp","datePublished":"2026-02-05T13:52:00+00:00","dateModified":"2026-04-20T13:30:16+00:00","description":"ASOBU water bottles help you stay hydrated all day long and come with a removable, collectible silicone character head that adds a playful touch to every sip.","breadcrumb":{"@id":"https:\/\/gate21.ee\/shop\/unicorn-bestie-740ml\/#breadcrumb"},"inLanguage":"et","potentialAction":[{"@type":"ReadAction","target":["https:\/\/gate21.ee\/shop\/unicorn-bestie-740ml\/"]}]},{"@type":"ImageObject","inLanguage":"et","@id":"https:\/\/gate21.ee\/shop\/unicorn-bestie-740ml\/#primaryimage","url":"https:\/\/gate21.ee\/wp-content\/uploads\/2026\/02\/6_0b760db7-9fe4-42a1-b44f-584348dbd447.png.webp","contentUrl":"https:\/\/gate21.ee\/wp-content\/uploads\/2026\/02\/6_0b760db7-9fe4-42a1-b44f-584348dbd447.png.webp","width":2400,"height":2400,"caption":"The Unicorn Bestie - 740ml is a beige ASOBU water bottle with a round unicorn head cap, featuring a yellow horn, purple mane, and sleek silver base. Gate21.ee"},{"@type":"BreadcrumbList","@id":"https:\/\/gate21.ee\/shop\/unicorn-bestie-740ml\/#breadcrumb","itemListElement":[{"@type":"ListItem","position":1,"name":"Home","item":"https:\/\/gate21.ee\/"},{"@type":"ListItem","position":2,"name":"Unicorn Bestie &#8211; 740ml"}]},{"@type":"WebSite","@id":"https:\/\/gate21.ee\/#website","url":"https:\/\/gate21.ee\/","name":"Gate21","description":"Kingituskontseptsioonipood Gate21","publisher":{"@id":"https:\/\/gate21.ee\/#organization"},"alternateName":"gate21","potentialAction":[{"@type":"SearchAction","target":{"@type":"EntryPoint","urlTemplate":"https:\/\/gate21.ee\/?s={search_term_string}"},"query-input":{"@type":"PropertyValueSpecification","valueRequired":true,"valueName":"search_term_string"}}],"inLanguage":"et"},{"@type":"Organization","@id":"https:\/\/gate21.ee\/#organization","name":"Gate21","alternateName":"Gate21, Oma Asi and Oma Asi Design Store","url":"https:\/\/gate21.ee\/","logo":{"@type":"ImageObject","inLanguage":"et","@id":"https:\/\/gate21.ee\/#\/schema\/logo\/image\/","url":"https:\/\/gate21.ee\/wp-content\/uploads\/2021\/11\/Gate_21_Logo_2_Valge.png","contentUrl":"https:\/\/gate21.ee\/wp-content\/uploads\/2021\/11\/Gate_21_Logo_2_Valge.png","width":2560,"height":2560,"caption":"Gate21"},"image":{"@id":"https:\/\/gate21.ee\/#\/schema\/logo\/image\/"},"sameAs":["https:\/\/www.facebook.com\/gate21.ee\/","https:\/\/www.instagram.com\/gate21.ee\/","https:\/\/www.instagram.com\/omaasidesign\/","https:\/\/www.instagram.com\/omaasi\/","https:\/\/www.facebook.com\/omaasidesign\/","https:\/\/www.facebook.com\/omaasilittleredhouse\/","https:\/\/www.tiktok.com\/@gate21.ee"]}]}},"jetpack_sharing_enabled":true,"brands":[{"id":653,"name":"ASOBU","slug":"asobu"}],"_links":{"self":[{"href":"https:\/\/gate21.ee\/et\/wp-json\/wp\/v2\/product\/248806","targetHints":{"allow":["GET"]}}],"collection":[{"href":"https:\/\/gate21.ee\/et\/wp-json\/wp\/v2\/product"}],"about":[{"href":"https:\/\/gate21.ee\/et\/wp-json\/wp\/v2\/types\/product"}],"replies":[{"embeddable":true,"href":"https:\/\/gate21.ee\/et\/wp-json\/wp\/v2\/comments?post=248806"}],"version-history":[{"count":2,"href":"https:\/\/gate21.ee\/et\/wp-json\/wp\/v2\/product\/248806\/revisions"}],"predecessor-version":[{"id":248812,"href":"https:\/\/gate21.ee\/et\/wp-json\/wp\/v2\/product\/248806\/revisions\/248812"}],"wp:featuredmedia":[{"embeddable":true,"href":"https:\/\/gate21.ee\/et\/wp-json\/wp\/v2\/media\/248807"}],"wp:attachment":[{"href":"https:\/\/gate21.ee\/et\/wp-json\/wp\/v2\/media?parent=248806"}],"wp:term":[{"taxonomy":"pwb-brand","embeddable":true,"href":"https:\/\/gate21.ee\/et\/wp-json\/wp\/v2\/pwb-brand?post=248806"},{"taxonomy":"product_brand","embeddable":true,"href":"https:\/\/gate21.ee\/et\/wp-json\/wp\/v2\/product_brand?post=248806"},{"taxonomy":"product_cat","embeddable":true,"href":"https:\/\/gate21.ee\/et\/wp-json\/wp\/v2\/product_cat?post=248806"},{"taxonomy":"product_tag","embeddable":true,"href":"https:\/\/gate21.ee\/et\/wp-json\/wp\/v2\/product_tag?post=248806"}],"curies":[{"name":"wp","href":"https:\/\/api.w.org\/{rel}","templated":true}]}}