{"id":247946,"date":"2026-01-22T15:11:00","date_gmt":"2026-01-22T13:11:00","guid":{"rendered":"https:\/\/gate21.ee\/?post_type=product&#038;p=247946"},"modified":"2026-04-08T13:24:59","modified_gmt":"2026-04-08T10:24:59","slug":"tomato-fever-beige","status":"publish","type":"product","link":"https:\/\/gate21.ee\/et\/shop\/tomato-fever-beige\/","title":{"rendered":"Tomatipalavik - bee\u017e"},"content":{"rendered":"<div id=\"ac-0\" class=\"accordion__item js-enabled accordion__item--active\">\n<div id=\"ac-panel-0\" class=\"accordion__panel\" role=\"region\" aria-labelledby=\"ac-trigger-0\">\n<div class=\"accordion__panel__inner\">\u00dctle tere oma uutele lemmiksokkidele!<\/div>\n<div><\/div>\n<\/div>\n<\/div>\n<p>Jimmy Lion <a href=\"https:\/\/gate21.ee\/et\/tootekategooria\/clothing\/socks\/\">sokid<\/a> on mugavad, originaalsed ja kvaliteetsed.<\/p>\n<p>Materjal: 78% kammitud puuvill, 20% pol\u00fcamiid, 2% elastaan.<\/p>\n<p><img fetchpriority=\"high\" decoding=\"async\" class=\"alignnone size-full wp-image-38282 ls-is-cached lazyloaded aligncenter\" src=\"https:\/\/i1.wp.com\/gate21.ee\/wp-content\/uploads\/2021\/04\/JimmyLion_owners.png?resize=550%2C552&amp;ssl=1\" alt=\"\" width=\"390\" height=\"390\" data-srcset=\"https:\/\/i1.wp.com\/gate21.ee\/wp-content\/uploads\/2021\/04\/JimmyLion_owners.png?w=550&amp;ssl=1 550w, https:\/\/i1.wp.com\/gate21.ee\/wp-content\/uploads\/2021\/04\/JimmyLion_owners.png?resize=300%2C300&amp;ssl=1 300w, https:\/\/i1.wp.com\/gate21.ee\/wp-content\/uploads\/2021\/04\/JimmyLion_owners.png?resize=100%2C100&amp;ssl=1 100w\" data-src=\"https:\/\/i1.wp.com\/gate21.ee\/wp-content\/uploads\/2021\/04\/JimmyLion_owners.png?resize=550%2C552&amp;ssl=1\" data-sizes=\"(max-width: 550px) 100vw, 550px\" srcset=\"https:\/\/gate21.ee\/wp-content\/uploads\/2021\/04\/JimmyLion_owners.png 550w, https:\/\/gate21.ee\/wp-content\/uploads\/2021\/04\/JimmyLion_owners-300x300.png 300w, https:\/\/gate21.ee\/wp-content\/uploads\/2021\/04\/JimmyLion_owners-100x100.png 100w\" sizes=\"(max-width: 390px) 100vw, 390px\" \/><\/p>\n<div class=\"regular-banner__content\">\n<div class=\"regular-banner__content-inner\">\n<div class=\"regular-banner__description\">\n<p>2014. aastal lahkusid kaks s\u00f5pra t\u00f6\u00f6lt pangandusest, et asutada ettev\u00f5te <a href=\"https:\/\/gate21.ee\/et\/brand\/jimmy_lion\/\">Jimmy Lion<\/a>. New Yorgis alustades oli nende eesm\u00e4rk selge: luua originaalsed ja kvaliteetsed sokid m\u00f5istlikus hinnaklassis.<\/p>\n<p>Jimmy Lion sokid on valmistatud kvaliteetsest kammitud puuvillast.<\/p>\n<p>Jimmy Lion sokkide ostmisel on veel positiivseid k\u00fclgi. Kuna nad osalevad erinevates sotsiaalprojektides, siis ka osa sokkide tulust l\u00e4heb erinevatesse fondidesse. \u00dche projektina toetab ettev\u00f5te Aura fondi, mis tegeleb sotsiaalse ja t\u00f6\u00f6alase integratsiooniga. Veel toetavad nad ka Seabin projekti, mis aitab ookeane puhastada.<\/p>\n<\/div>\n<\/div>\n<\/div>","protected":false},"excerpt":{"rendered":"<p>Say hello to your new favorite socks! All Jimmy Lion socks are comfy, original and high-quality, these socks simply have it all! Materials: 78% Combed Cotton, 20% Polyamide, 2% Elastane In 2014 two friends left their banking jobs to set up Jimmy Lion. Starting up in New York their goal was clear: create original, and [&hellip;]<\/p>\n","protected":false},"featured_media":254057,"comment_status":"closed","ping_status":"closed","template":"","meta":{"site-sidebar-layout":"default","site-content-layout":"default","ast-site-content-layout":"default","site-content-style":"default","site-sidebar-style":"default","ast-global-header-display":"","ast-banner-title-visibility":"","ast-main-header-display":"","ast-hfb-above-header-display":"","ast-hfb-below-header-display":"","ast-hfb-mobile-header-display":"","site-post-title":"","ast-breadcrumbs-content":"","ast-featured-img":"","footer-sml-layout":"","ast-disable-related-posts":"","theme-transparent-header-meta":"default","adv-header-id-meta":"","stick-header-meta":"default","header-above-stick-meta":"","header-main-stick-meta":"","header-below-stick-meta":"","astra-migrate-meta-layouts":"set","ast-page-background-enabled":"default","ast-page-background-meta":{"desktop":{"background-color":"","background-image":"","background-repeat":"repeat","background-position":"center center","background-size":"auto","background-attachment":"scroll","background-type":"","background-media":"","overlay-type":"","overlay-color":"","overlay-opacity":"","overlay-gradient":""},"tablet":{"background-color":"","background-image":"","background-repeat":"repeat","background-position":"center center","background-size":"auto","background-attachment":"scroll","background-type":"","background-media":"","overlay-type":"","overlay-color":"","overlay-opacity":"","overlay-gradient":""},"mobile":{"background-color":"","background-image":"","background-repeat":"repeat","background-position":"center center","background-size":"auto","background-attachment":"scroll","background-type":"","background-media":"","overlay-type":"","overlay-color":"","overlay-opacity":"","overlay-gradient":""}},"ast-content-background-meta":{"desktop":{"background-color":"var(--ast-global-color-5)","background-image":"","background-repeat":"repeat","background-position":"center center","background-size":"auto","background-attachment":"scroll","background-type":"","background-media":"","overlay-type":"","overlay-color":"","overlay-opacity":"","overlay-gradient":""},"tablet":{"background-color":"var(--ast-global-color-5)","background-image":"","background-repeat":"repeat","background-position":"center center","background-size":"auto","background-attachment":"scroll","background-type":"","background-media":"","overlay-type":"","overlay-color":"","overlay-opacity":"","overlay-gradient":""},"mobile":{"background-color":"var(--ast-global-color-5)","background-image":"","background-repeat":"repeat","background-position":"center center","background-size":"auto","background-attachment":"scroll","background-type":"","background-media":"","overlay-type":"","overlay-color":"","overlay-opacity":"","overlay-gradient":""}}},"pwb-brand":[454],"product_brand":[],"product_cat":[56,136],"product_tag":[231],"class_list":{"0":"post-247946","1":"product","2":"type-product","3":"status-publish","4":"has-post-thumbnail","6":"pwb-brand-jimmy_lion","7":"product_cat-clothing","8":"product_cat-socks","9":"product_tag-socks","10":"desktop-align-center","11":"tablet-align-center","12":"mobile-align-center","13":"ast-product-gallery-layout-vertical","14":"ast-product-single-variable","15":"ast-product-tabs-layout-horizontal","17":"first","18":"instock","19":"taxable","20":"shipping-taxable","21":"purchasable","22":"product-type-variable"},"yoast_head":"<!-- This site is optimized with the Yoast SEO plugin v27.4 - https:\/\/yoast.com\/product\/yoast-seo-wordpress\/ -->\n<title>Tomato Fever - Beige &#8226; Gate21<\/title>\n<meta name=\"description\" content=\"Jimmy Lion super cool socks are made of high quality combed cotton to make your feet feel like they are in heaven!\" \/>\n<meta name=\"robots\" content=\"index, follow, max-snippet:-1, max-image-preview:large, max-video-preview:-1\" \/>\n<link rel=\"canonical\" href=\"https:\/\/gate21.ee\/et\/shop\/tomato-fever-beige\/\" \/>\n<meta property=\"og:locale\" content=\"et_EE\" \/>\n<meta property=\"og:type\" content=\"article\" \/>\n<meta property=\"og:title\" content=\"Tomato Fever - Beige &#8226; Gate21\" \/>\n<meta property=\"og:description\" content=\"Jimmy Lion super cool socks are made of high quality combed cotton to make your feet feel like they are in heaven!\" \/>\n<meta property=\"og:url\" content=\"https:\/\/gate21.ee\/et\/shop\/tomato-fever-beige\/\" \/>\n<meta property=\"og:site_name\" content=\"Gate21\" \/>\n<meta property=\"article:publisher\" content=\"https:\/\/www.facebook.com\/gate21.ee\/\" \/>\n<meta property=\"article:modified_time\" content=\"2026-04-08T10:24:59+00:00\" \/>\n<meta property=\"og:image\" content=\"https:\/\/gate21.ee\/wp-content\/uploads\/2026\/01\/TOMATO-FEVER.jpg\" \/>\n\t<meta property=\"og:image:width\" content=\"1500\" \/>\n\t<meta property=\"og:image:height\" content=\"1500\" \/>\n\t<meta property=\"og:image:type\" content=\"image\/jpeg\" \/>\n<meta name=\"twitter:card\" content=\"summary_large_image\" \/>\n<meta name=\"twitter:label1\" content=\"Est. reading time\" \/>\n\t<meta name=\"twitter:data1\" content=\"1 minut\" \/>\n<script type=\"application\/ld+json\" class=\"yoast-schema-graph\">{\"@context\":\"https:\\\/\\\/schema.org\",\"@graph\":[{\"@type\":\"WebPage\",\"@id\":\"https:\\\/\\\/gate21.ee\\\/shop\\\/tomato-fever-beige\\\/\",\"url\":\"https:\\\/\\\/gate21.ee\\\/shop\\\/tomato-fever-beige\\\/\",\"name\":\"Tomato Fever - Beige &#8226; Gate21\",\"isPartOf\":{\"@id\":\"https:\\\/\\\/gate21.ee\\\/#website\"},\"primaryImageOfPage\":{\"@id\":\"https:\\\/\\\/gate21.ee\\\/shop\\\/tomato-fever-beige\\\/#primaryimage\"},\"image\":{\"@id\":\"https:\\\/\\\/gate21.ee\\\/shop\\\/tomato-fever-beige\\\/#primaryimage\"},\"thumbnailUrl\":\"https:\\\/\\\/gate21.ee\\\/wp-content\\\/uploads\\\/2026\\\/01\\\/TOMATO-FEVER.jpg\",\"datePublished\":\"2026-01-22T13:11:00+00:00\",\"dateModified\":\"2026-04-08T10:24:59+00:00\",\"description\":\"Jimmy Lion super cool socks are made of high quality combed cotton to make your feet feel like they are in heaven!\",\"breadcrumb\":{\"@id\":\"https:\\\/\\\/gate21.ee\\\/shop\\\/tomato-fever-beige\\\/#breadcrumb\"},\"inLanguage\":\"et\",\"potentialAction\":[{\"@type\":\"ReadAction\",\"target\":[\"https:\\\/\\\/gate21.ee\\\/shop\\\/tomato-fever-beige\\\/\"]}]},{\"@type\":\"ImageObject\",\"inLanguage\":\"et\",\"@id\":\"https:\\\/\\\/gate21.ee\\\/shop\\\/tomato-fever-beige\\\/#primaryimage\",\"url\":\"https:\\\/\\\/gate21.ee\\\/wp-content\\\/uploads\\\/2026\\\/01\\\/TOMATO-FEVER.jpg\",\"contentUrl\":\"https:\\\/\\\/gate21.ee\\\/wp-content\\\/uploads\\\/2026\\\/01\\\/TOMATO-FEVER.jpg\",\"width\":1500,\"height\":1500},{\"@type\":\"BreadcrumbList\",\"@id\":\"https:\\\/\\\/gate21.ee\\\/shop\\\/tomato-fever-beige\\\/#breadcrumb\",\"itemListElement\":[{\"@type\":\"ListItem\",\"position\":1,\"name\":\"Home\",\"item\":\"https:\\\/\\\/gate21.ee\\\/\"},{\"@type\":\"ListItem\",\"position\":2,\"name\":\"Tomato Fever &#8211; Beige\"}]},{\"@type\":\"WebSite\",\"@id\":\"https:\\\/\\\/gate21.ee\\\/#website\",\"url\":\"https:\\\/\\\/gate21.ee\\\/\",\"name\":\"Gate21\",\"description\":\"Gift concept store Gate21\",\"publisher\":{\"@id\":\"https:\\\/\\\/gate21.ee\\\/#organization\"},\"alternateName\":\"gate21\",\"potentialAction\":[{\"@type\":\"SearchAction\",\"target\":{\"@type\":\"EntryPoint\",\"urlTemplate\":\"https:\\\/\\\/gate21.ee\\\/?s={search_term_string}\"},\"query-input\":{\"@type\":\"PropertyValueSpecification\",\"valueRequired\":true,\"valueName\":\"search_term_string\"}}],\"inLanguage\":\"et\"},{\"@type\":\"Organization\",\"@id\":\"https:\\\/\\\/gate21.ee\\\/#organization\",\"name\":\"Gate21\",\"alternateName\":\"Gate21, Oma Asi and Oma Asi Design Store\",\"url\":\"https:\\\/\\\/gate21.ee\\\/\",\"logo\":{\"@type\":\"ImageObject\",\"inLanguage\":\"et\",\"@id\":\"https:\\\/\\\/gate21.ee\\\/#\\\/schema\\\/logo\\\/image\\\/\",\"url\":\"https:\\\/\\\/gate21.ee\\\/wp-content\\\/uploads\\\/2021\\\/11\\\/Gate_21_Logo_2_Valge.png\",\"contentUrl\":\"https:\\\/\\\/gate21.ee\\\/wp-content\\\/uploads\\\/2021\\\/11\\\/Gate_21_Logo_2_Valge.png\",\"width\":2560,\"height\":2560,\"caption\":\"Gate21\"},\"image\":{\"@id\":\"https:\\\/\\\/gate21.ee\\\/#\\\/schema\\\/logo\\\/image\\\/\"},\"sameAs\":[\"https:\\\/\\\/www.facebook.com\\\/gate21.ee\\\/\",\"https:\\\/\\\/www.instagram.com\\\/gate21.ee\\\/\",\"https:\\\/\\\/www.instagram.com\\\/omaasidesign\\\/\",\"https:\\\/\\\/www.instagram.com\\\/omaasi\\\/\",\"https:\\\/\\\/www.facebook.com\\\/omaasidesign\\\/\",\"https:\\\/\\\/www.facebook.com\\\/omaasilittleredhouse\\\/\",\"https:\\\/\\\/www.tiktok.com\\\/@gate21.ee\"]}]}<\/script>\n<!-- \/ Yoast SEO plugin. -->","yoast_head_json":{"title":"Tomato Fever - Beige &#8226; Gate21","description":"Jimmy Lion super cool socks are made of high quality combed cotton to make your feet feel like they are in heaven!","robots":{"index":"index","follow":"follow","max-snippet":"max-snippet:-1","max-image-preview":"max-image-preview:large","max-video-preview":"max-video-preview:-1"},"canonical":"https:\/\/gate21.ee\/et\/shop\/tomato-fever-beige\/","og_locale":"et_EE","og_type":"article","og_title":"Tomato Fever - Beige &#8226; Gate21","og_description":"Jimmy Lion super cool socks are made of high quality combed cotton to make your feet feel like they are in heaven!","og_url":"https:\/\/gate21.ee\/et\/shop\/tomato-fever-beige\/","og_site_name":"Gate21","article_publisher":"https:\/\/www.facebook.com\/gate21.ee\/","article_modified_time":"2026-04-08T10:24:59+00:00","og_image":[{"width":1500,"height":1500,"url":"https:\/\/gate21.ee\/wp-content\/uploads\/2026\/01\/TOMATO-FEVER.jpg","type":"image\/jpeg"}],"twitter_card":"summary_large_image","twitter_misc":{"Est. reading time":"1 minut"},"schema":{"@context":"https:\/\/schema.org","@graph":[{"@type":"WebPage","@id":"https:\/\/gate21.ee\/shop\/tomato-fever-beige\/","url":"https:\/\/gate21.ee\/shop\/tomato-fever-beige\/","name":"Tomato Fever - Beige &#8226; Gate21","isPartOf":{"@id":"https:\/\/gate21.ee\/#website"},"primaryImageOfPage":{"@id":"https:\/\/gate21.ee\/shop\/tomato-fever-beige\/#primaryimage"},"image":{"@id":"https:\/\/gate21.ee\/shop\/tomato-fever-beige\/#primaryimage"},"thumbnailUrl":"https:\/\/gate21.ee\/wp-content\/uploads\/2026\/01\/TOMATO-FEVER.jpg","datePublished":"2026-01-22T13:11:00+00:00","dateModified":"2026-04-08T10:24:59+00:00","description":"Jimmy Lion super cool socks are made of high quality combed cotton to make your feet feel like they are in heaven!","breadcrumb":{"@id":"https:\/\/gate21.ee\/shop\/tomato-fever-beige\/#breadcrumb"},"inLanguage":"et","potentialAction":[{"@type":"ReadAction","target":["https:\/\/gate21.ee\/shop\/tomato-fever-beige\/"]}]},{"@type":"ImageObject","inLanguage":"et","@id":"https:\/\/gate21.ee\/shop\/tomato-fever-beige\/#primaryimage","url":"https:\/\/gate21.ee\/wp-content\/uploads\/2026\/01\/TOMATO-FEVER.jpg","contentUrl":"https:\/\/gate21.ee\/wp-content\/uploads\/2026\/01\/TOMATO-FEVER.jpg","width":1500,"height":1500},{"@type":"BreadcrumbList","@id":"https:\/\/gate21.ee\/shop\/tomato-fever-beige\/#breadcrumb","itemListElement":[{"@type":"ListItem","position":1,"name":"Home","item":"https:\/\/gate21.ee\/"},{"@type":"ListItem","position":2,"name":"Tomato Fever &#8211; Beige"}]},{"@type":"WebSite","@id":"https:\/\/gate21.ee\/#website","url":"https:\/\/gate21.ee\/","name":"Gate21","description":"Gift concept store Gate21","publisher":{"@id":"https:\/\/gate21.ee\/#organization"},"alternateName":"gate21","potentialAction":[{"@type":"SearchAction","target":{"@type":"EntryPoint","urlTemplate":"https:\/\/gate21.ee\/?s={search_term_string}"},"query-input":{"@type":"PropertyValueSpecification","valueRequired":true,"valueName":"search_term_string"}}],"inLanguage":"et"},{"@type":"Organization","@id":"https:\/\/gate21.ee\/#organization","name":"Gate21","alternateName":"Gate21, Oma Asi and Oma Asi Design Store","url":"https:\/\/gate21.ee\/","logo":{"@type":"ImageObject","inLanguage":"et","@id":"https:\/\/gate21.ee\/#\/schema\/logo\/image\/","url":"https:\/\/gate21.ee\/wp-content\/uploads\/2021\/11\/Gate_21_Logo_2_Valge.png","contentUrl":"https:\/\/gate21.ee\/wp-content\/uploads\/2021\/11\/Gate_21_Logo_2_Valge.png","width":2560,"height":2560,"caption":"Gate21"},"image":{"@id":"https:\/\/gate21.ee\/#\/schema\/logo\/image\/"},"sameAs":["https:\/\/www.facebook.com\/gate21.ee\/","https:\/\/www.instagram.com\/gate21.ee\/","https:\/\/www.instagram.com\/omaasidesign\/","https:\/\/www.instagram.com\/omaasi\/","https:\/\/www.facebook.com\/omaasidesign\/","https:\/\/www.facebook.com\/omaasilittleredhouse\/","https:\/\/www.tiktok.com\/@gate21.ee"]}]}},"jetpack_sharing_enabled":true,"brands":[{"id":454,"name":"Jimmy Lion","slug":"jimmy_lion"}],"_links":{"self":[{"href":"https:\/\/gate21.ee\/et\/wp-json\/wp\/v2\/product\/247946","targetHints":{"allow":["GET"]}}],"collection":[{"href":"https:\/\/gate21.ee\/et\/wp-json\/wp\/v2\/product"}],"about":[{"href":"https:\/\/gate21.ee\/et\/wp-json\/wp\/v2\/types\/product"}],"replies":[{"embeddable":true,"href":"https:\/\/gate21.ee\/et\/wp-json\/wp\/v2\/comments?post=247946"}],"version-history":[{"count":1,"href":"https:\/\/gate21.ee\/et\/wp-json\/wp\/v2\/product\/247946\/revisions"}],"predecessor-version":[{"id":247954,"href":"https:\/\/gate21.ee\/et\/wp-json\/wp\/v2\/product\/247946\/revisions\/247954"}],"wp:featuredmedia":[{"embeddable":true,"href":"https:\/\/gate21.ee\/et\/wp-json\/wp\/v2\/media\/254057"}],"wp:attachment":[{"href":"https:\/\/gate21.ee\/et\/wp-json\/wp\/v2\/media?parent=247946"}],"wp:term":[{"taxonomy":"pwb-brand","embeddable":true,"href":"https:\/\/gate21.ee\/et\/wp-json\/wp\/v2\/pwb-brand?post=247946"},{"taxonomy":"product_brand","embeddable":true,"href":"https:\/\/gate21.ee\/et\/wp-json\/wp\/v2\/product_brand?post=247946"},{"taxonomy":"product_cat","embeddable":true,"href":"https:\/\/gate21.ee\/et\/wp-json\/wp\/v2\/product_cat?post=247946"},{"taxonomy":"product_tag","embeddable":true,"href":"https:\/\/gate21.ee\/et\/wp-json\/wp\/v2\/product_tag?post=247946"}],"curies":[{"name":"wp","href":"https:\/\/api.w.org\/{rel}","templated":true}]}}