{"id":246762,"date":"2026-01-03T13:37:00","date_gmt":"2026-01-03T11:37:00","guid":{"rendered":"https:\/\/gate21.ee\/?post_type=product&#038;p=246762"},"modified":"2026-02-15T13:54:00","modified_gmt":"2026-02-15T11:54:00","slug":"fur-oksana-lyrics-poster","status":"publish","type":"product","link":"https:\/\/gate21.ee\/et\/shop\/fur-oksana-lyrics-poster\/","title":{"rendered":"F\u00fcr Oksana - laulus\u00f5nade plakat"},"content":{"rendered":"<p>Need laulus\u00f5nad <a href=\"https:\/\/gate21.ee\/et\/tootekategooria\/home\/posters\/\">plakatid<\/a> muuta s\u00f5nad, mis sind liigutavad, paeluvaks visuaalseks kunstiks.<\/p>\n<p>Iga \u00fcksik l\u00fc\u00fcrika originaalsalvestusest, mida on \u00f5rnalt raputatud ja mis on loomulikul viisil raamistikku paigutatud.<\/p>\n<p>Suurus A3 (39x42cm)<\/p>\n<p><a href=\"https:\/\/reignandhail.com\/\"><img fetchpriority=\"high\" decoding=\"async\" class=\"size-medium wp-image-246746 aligncenter\" src=\"https:\/\/gate21.ee\/wp-content\/uploads\/2026\/01\/meeee-213x300.jpg\" alt=\"\" width=\"213\" height=\"300\" srcset=\"https:\/\/gate21.ee\/wp-content\/uploads\/2026\/01\/meeee-213x300.jpg 213w, https:\/\/gate21.ee\/wp-content\/uploads\/2026\/01\/meeee-726x1024.jpg 726w, https:\/\/gate21.ee\/wp-content\/uploads\/2026\/01\/meeee-9x12.jpg 9w, https:\/\/gate21.ee\/wp-content\/uploads\/2026\/01\/meeee-600x846.jpg 600w, https:\/\/gate21.ee\/wp-content\/uploads\/2026\/01\/meeee.jpg 750w\" sizes=\"(max-width: 213px) 100vw, 213px\" \/><\/a><\/p>\n<div class=\"image-with-text__text rte body\">\n<p><a href=\"https:\/\/gate21.ee\/et\/brand\/reignandhail\/\">Reign &amp; Hail<\/a> on graafilise disaineri ja endise animaatori James Earnshaw' visioon, kelle t\u00f6\u00f6d on s\u00fcgavalt m\u00f5jutatud muusikast ja argikultuuri t\u00e4helepanuta j\u00e4\u00e4nud nurkadest.<\/p>\n<p>Alates 2015. aastal alustamisest on James saavutanud mainet modernistlike t\u00f6\u00f6de tegemisel, mis on kindlalt juurdunud t\u00fcpograafias.<\/p>\n<p>Jamesi taust graafilise disaini alal annab teavet tema metoodilise l\u00e4henemise kohta igale tr\u00fckisele, alates kirjat\u00fc\u00fcpide hoolikast uurimisest ja traditsiooniliste tr\u00fckitehnikate taastamisest. Tema t\u00e4helepanu detailidele ei ole lihtsalt perfektsionism - see muudab lihtsa plakati millekski, mis tundub sisukas ja l\u00e4bim\u00f5eldud.<\/p>\n<\/div>","protected":false},"excerpt":{"rendered":"<p>These song lyric posters transform the words that move you into captivating visual art. Every single lyric from the original recording, given a gentle shake and settled naturally within the frame. Size A3 (39x42cm) Reign &amp; Hail is the vision of James Earnshaw, a graphic designer and former animator whose work is deeply shaped by [&hellip;]<\/p>\n","protected":false},"featured_media":246763,"comment_status":"closed","ping_status":"closed","template":"","meta":{"site-sidebar-layout":"default","site-content-layout":"","ast-site-content-layout":"default","site-content-style":"default","site-sidebar-style":"default","ast-global-header-display":"","ast-banner-title-visibility":"","ast-main-header-display":"","ast-hfb-above-header-display":"","ast-hfb-below-header-display":"","ast-hfb-mobile-header-display":"","site-post-title":"","ast-breadcrumbs-content":"","ast-featured-img":"","footer-sml-layout":"","ast-disable-related-posts":"","theme-transparent-header-meta":"default","adv-header-id-meta":"","stick-header-meta":"default","header-above-stick-meta":"","header-main-stick-meta":"","header-below-stick-meta":"","astra-migrate-meta-layouts":"set","ast-page-background-enabled":"default","ast-page-background-meta":{"desktop":{"background-color":"","background-image":"","background-repeat":"repeat","background-position":"center center","background-size":"auto","background-attachment":"scroll","background-type":"","background-media":"","overlay-type":"","overlay-color":"","overlay-opacity":"","overlay-gradient":""},"tablet":{"background-color":"","background-image":"","background-repeat":"repeat","background-position":"center center","background-size":"auto","background-attachment":"scroll","background-type":"","background-media":"","overlay-type":"","overlay-color":"","overlay-opacity":"","overlay-gradient":""},"mobile":{"background-color":"","background-image":"","background-repeat":"repeat","background-position":"center center","background-size":"auto","background-attachment":"scroll","background-type":"","background-media":"","overlay-type":"","overlay-color":"","overlay-opacity":"","overlay-gradient":""}},"ast-content-background-meta":{"desktop":{"background-color":"var(--ast-global-color-5)","background-image":"","background-repeat":"repeat","background-position":"center center","background-size":"auto","background-attachment":"scroll","background-type":"","background-media":"","overlay-type":"","overlay-color":"","overlay-opacity":"","overlay-gradient":""},"tablet":{"background-color":"var(--ast-global-color-5)","background-image":"","background-repeat":"repeat","background-position":"center center","background-size":"auto","background-attachment":"scroll","background-type":"","background-media":"","overlay-type":"","overlay-color":"","overlay-opacity":"","overlay-gradient":""},"mobile":{"background-color":"var(--ast-global-color-5)","background-image":"","background-repeat":"repeat","background-position":"center center","background-size":"auto","background-attachment":"scroll","background-type":"","background-media":"","overlay-type":"","overlay-color":"","overlay-opacity":"","overlay-gradient":""}}},"pwb-brand":[641],"product_brand":[],"product_cat":[218,219],"product_tag":[],"class_list":{"0":"post-246762","1":"product","2":"type-product","3":"status-publish","4":"has-post-thumbnail","6":"pwb-brand-reignandhail","7":"product_cat-home","8":"product_cat-posters","9":"desktop-align-center","10":"tablet-align-center","11":"mobile-align-center","12":"ast-product-gallery-layout-vertical","13":"ast-product-tabs-layout-horizontal","15":"first","16":"instock","17":"featured","18":"taxable","19":"shipping-taxable","20":"purchasable","21":"product-type-simple"},"yoast_head":"<!-- This site is optimized with the Yoast SEO plugin v27.4 - https:\/\/yoast.com\/product\/yoast-seo-wordpress\/ -->\n<title>F\u00fcr Oksana - Lyrics Poster &#8226; Gate21<\/title>\n<meta name=\"robots\" content=\"index, follow, max-snippet:-1, max-image-preview:large, max-video-preview:-1\" \/>\n<link rel=\"canonical\" href=\"https:\/\/gate21.ee\/et\/shop\/fur-oksana-lyrics-poster\/\" \/>\n<meta property=\"og:locale\" content=\"et_EE\" \/>\n<meta property=\"og:type\" content=\"article\" \/>\n<meta property=\"og:title\" content=\"F\u00fcr Oksana - Lyrics Poster &#8226; Gate21\" \/>\n<meta property=\"og:description\" content=\"These song lyric posters transform the words that move you into captivating visual art. Every single lyric from the original recording, given a gentle shake and settled naturally within the frame. Size A3 (39x42cm) Reign &amp; Hail is the vision of James Earnshaw, a graphic designer and former animator whose work is deeply shaped by [&hellip;]\" \/>\n<meta property=\"og:url\" content=\"https:\/\/gate21.ee\/et\/shop\/fur-oksana-lyrics-poster\/\" \/>\n<meta property=\"og:site_name\" content=\"Gate21\" \/>\n<meta property=\"article:publisher\" content=\"https:\/\/www.facebook.com\/gate21.ee\/\" \/>\n<meta property=\"article:modified_time\" content=\"2026-02-15T11:54:00+00:00\" \/>\n<meta property=\"og:image\" content=\"https:\/\/gate21.ee\/wp-content\/uploads\/2026\/01\/Fur-Oksana-1.jpg\" \/>\n\t<meta property=\"og:image:width\" content=\"1300\" \/>\n\t<meta property=\"og:image:height\" content=\"1300\" \/>\n\t<meta property=\"og:image:type\" content=\"image\/jpeg\" \/>\n<meta name=\"twitter:card\" content=\"summary_large_image\" \/>\n<meta name=\"twitter:label1\" content=\"Est. reading time\" \/>\n\t<meta name=\"twitter:data1\" content=\"1 minut\" \/>\n<script type=\"application\/ld+json\" class=\"yoast-schema-graph\">{\"@context\":\"https:\\\/\\\/schema.org\",\"@graph\":[{\"@type\":\"WebPage\",\"@id\":\"https:\\\/\\\/gate21.ee\\\/shop\\\/fur-oksana-lyrics-poster\\\/\",\"url\":\"https:\\\/\\\/gate21.ee\\\/shop\\\/fur-oksana-lyrics-poster\\\/\",\"name\":\"F\u00fcr Oksana - Lyrics Poster &#8226; Gate21\",\"isPartOf\":{\"@id\":\"https:\\\/\\\/gate21.ee\\\/#website\"},\"primaryImageOfPage\":{\"@id\":\"https:\\\/\\\/gate21.ee\\\/shop\\\/fur-oksana-lyrics-poster\\\/#primaryimage\"},\"image\":{\"@id\":\"https:\\\/\\\/gate21.ee\\\/shop\\\/fur-oksana-lyrics-poster\\\/#primaryimage\"},\"thumbnailUrl\":\"https:\\\/\\\/gate21.ee\\\/wp-content\\\/uploads\\\/2026\\\/01\\\/Fur-Oksana-1.jpg\",\"datePublished\":\"2026-01-03T11:37:00+00:00\",\"dateModified\":\"2026-02-15T11:54:00+00:00\",\"breadcrumb\":{\"@id\":\"https:\\\/\\\/gate21.ee\\\/shop\\\/fur-oksana-lyrics-poster\\\/#breadcrumb\"},\"inLanguage\":\"et\",\"potentialAction\":[{\"@type\":\"ReadAction\",\"target\":[\"https:\\\/\\\/gate21.ee\\\/shop\\\/fur-oksana-lyrics-poster\\\/\"]}]},{\"@type\":\"ImageObject\",\"inLanguage\":\"et\",\"@id\":\"https:\\\/\\\/gate21.ee\\\/shop\\\/fur-oksana-lyrics-poster\\\/#primaryimage\",\"url\":\"https:\\\/\\\/gate21.ee\\\/wp-content\\\/uploads\\\/2026\\\/01\\\/Fur-Oksana-1.jpg\",\"contentUrl\":\"https:\\\/\\\/gate21.ee\\\/wp-content\\\/uploads\\\/2026\\\/01\\\/Fur-Oksana-1.jpg\",\"width\":1300,\"height\":1300,\"caption\":\"The F\u00fcr Oksana - Lyrics Poster features \u201cF\u00fcr Oksana Nublu & Gameboy Tetris\u201d in white and orange atop a dense block of scattered, overlapping white letters on a black background. Gate21.ee\"},{\"@type\":\"BreadcrumbList\",\"@id\":\"https:\\\/\\\/gate21.ee\\\/shop\\\/fur-oksana-lyrics-poster\\\/#breadcrumb\",\"itemListElement\":[{\"@type\":\"ListItem\",\"position\":1,\"name\":\"Home\",\"item\":\"https:\\\/\\\/gate21.ee\\\/\"},{\"@type\":\"ListItem\",\"position\":2,\"name\":\"F\u00fcr Oksana &#8211; Lyrics Poster\"}]},{\"@type\":\"WebSite\",\"@id\":\"https:\\\/\\\/gate21.ee\\\/#website\",\"url\":\"https:\\\/\\\/gate21.ee\\\/\",\"name\":\"Gate21\",\"description\":\"Gift concept store Gate21\",\"publisher\":{\"@id\":\"https:\\\/\\\/gate21.ee\\\/#organization\"},\"alternateName\":\"gate21\",\"potentialAction\":[{\"@type\":\"SearchAction\",\"target\":{\"@type\":\"EntryPoint\",\"urlTemplate\":\"https:\\\/\\\/gate21.ee\\\/?s={search_term_string}\"},\"query-input\":{\"@type\":\"PropertyValueSpecification\",\"valueRequired\":true,\"valueName\":\"search_term_string\"}}],\"inLanguage\":\"et\"},{\"@type\":\"Organization\",\"@id\":\"https:\\\/\\\/gate21.ee\\\/#organization\",\"name\":\"Gate21\",\"alternateName\":\"Gate21, Oma Asi and Oma Asi Design Store\",\"url\":\"https:\\\/\\\/gate21.ee\\\/\",\"logo\":{\"@type\":\"ImageObject\",\"inLanguage\":\"et\",\"@id\":\"https:\\\/\\\/gate21.ee\\\/#\\\/schema\\\/logo\\\/image\\\/\",\"url\":\"https:\\\/\\\/gate21.ee\\\/wp-content\\\/uploads\\\/2021\\\/11\\\/Gate_21_Logo_2_Valge.png\",\"contentUrl\":\"https:\\\/\\\/gate21.ee\\\/wp-content\\\/uploads\\\/2021\\\/11\\\/Gate_21_Logo_2_Valge.png\",\"width\":2560,\"height\":2560,\"caption\":\"Gate21\"},\"image\":{\"@id\":\"https:\\\/\\\/gate21.ee\\\/#\\\/schema\\\/logo\\\/image\\\/\"},\"sameAs\":[\"https:\\\/\\\/www.facebook.com\\\/gate21.ee\\\/\",\"https:\\\/\\\/www.instagram.com\\\/gate21.ee\\\/\",\"https:\\\/\\\/www.instagram.com\\\/omaasidesign\\\/\",\"https:\\\/\\\/www.instagram.com\\\/omaasi\\\/\",\"https:\\\/\\\/www.facebook.com\\\/omaasidesign\\\/\",\"https:\\\/\\\/www.facebook.com\\\/omaasilittleredhouse\\\/\",\"https:\\\/\\\/www.tiktok.com\\\/@gate21.ee\"]}]}<\/script>\n<!-- \/ Yoast SEO plugin. -->","yoast_head_json":{"title":"F\u00fcr Oksana - Lyrics Poster &#8226; Gate21","robots":{"index":"index","follow":"follow","max-snippet":"max-snippet:-1","max-image-preview":"max-image-preview:large","max-video-preview":"max-video-preview:-1"},"canonical":"https:\/\/gate21.ee\/et\/shop\/fur-oksana-lyrics-poster\/","og_locale":"et_EE","og_type":"article","og_title":"F\u00fcr Oksana - Lyrics Poster &#8226; Gate21","og_description":"These song lyric posters transform the words that move you into captivating visual art. Every single lyric from the original recording, given a gentle shake and settled naturally within the frame. Size A3 (39x42cm) Reign &amp; Hail is the vision of James Earnshaw, a graphic designer and former animator whose work is deeply shaped by [&hellip;]","og_url":"https:\/\/gate21.ee\/et\/shop\/fur-oksana-lyrics-poster\/","og_site_name":"Gate21","article_publisher":"https:\/\/www.facebook.com\/gate21.ee\/","article_modified_time":"2026-02-15T11:54:00+00:00","og_image":[{"width":1300,"height":1300,"url":"https:\/\/gate21.ee\/wp-content\/uploads\/2026\/01\/Fur-Oksana-1.jpg","type":"image\/jpeg"}],"twitter_card":"summary_large_image","twitter_misc":{"Est. reading time":"1 minut"},"schema":{"@context":"https:\/\/schema.org","@graph":[{"@type":"WebPage","@id":"https:\/\/gate21.ee\/shop\/fur-oksana-lyrics-poster\/","url":"https:\/\/gate21.ee\/shop\/fur-oksana-lyrics-poster\/","name":"F\u00fcr Oksana - Lyrics Poster &#8226; Gate21","isPartOf":{"@id":"https:\/\/gate21.ee\/#website"},"primaryImageOfPage":{"@id":"https:\/\/gate21.ee\/shop\/fur-oksana-lyrics-poster\/#primaryimage"},"image":{"@id":"https:\/\/gate21.ee\/shop\/fur-oksana-lyrics-poster\/#primaryimage"},"thumbnailUrl":"https:\/\/gate21.ee\/wp-content\/uploads\/2026\/01\/Fur-Oksana-1.jpg","datePublished":"2026-01-03T11:37:00+00:00","dateModified":"2026-02-15T11:54:00+00:00","breadcrumb":{"@id":"https:\/\/gate21.ee\/shop\/fur-oksana-lyrics-poster\/#breadcrumb"},"inLanguage":"et","potentialAction":[{"@type":"ReadAction","target":["https:\/\/gate21.ee\/shop\/fur-oksana-lyrics-poster\/"]}]},{"@type":"ImageObject","inLanguage":"et","@id":"https:\/\/gate21.ee\/shop\/fur-oksana-lyrics-poster\/#primaryimage","url":"https:\/\/gate21.ee\/wp-content\/uploads\/2026\/01\/Fur-Oksana-1.jpg","contentUrl":"https:\/\/gate21.ee\/wp-content\/uploads\/2026\/01\/Fur-Oksana-1.jpg","width":1300,"height":1300,"caption":"The F\u00fcr Oksana - Lyrics Poster features \u201cF\u00fcr Oksana Nublu & Gameboy Tetris\u201d in white and orange atop a dense block of scattered, overlapping white letters on a black background. Gate21.ee"},{"@type":"BreadcrumbList","@id":"https:\/\/gate21.ee\/shop\/fur-oksana-lyrics-poster\/#breadcrumb","itemListElement":[{"@type":"ListItem","position":1,"name":"Home","item":"https:\/\/gate21.ee\/"},{"@type":"ListItem","position":2,"name":"F\u00fcr Oksana &#8211; Lyrics Poster"}]},{"@type":"WebSite","@id":"https:\/\/gate21.ee\/#website","url":"https:\/\/gate21.ee\/","name":"Gate21","description":"Kingituskontseptsioonipood Gate21","publisher":{"@id":"https:\/\/gate21.ee\/#organization"},"alternateName":"gate21","potentialAction":[{"@type":"SearchAction","target":{"@type":"EntryPoint","urlTemplate":"https:\/\/gate21.ee\/?s={search_term_string}"},"query-input":{"@type":"PropertyValueSpecification","valueRequired":true,"valueName":"search_term_string"}}],"inLanguage":"et"},{"@type":"Organization","@id":"https:\/\/gate21.ee\/#organization","name":"Gate21","alternateName":"Gate21, Oma Asi and Oma Asi Design Store","url":"https:\/\/gate21.ee\/","logo":{"@type":"ImageObject","inLanguage":"et","@id":"https:\/\/gate21.ee\/#\/schema\/logo\/image\/","url":"https:\/\/gate21.ee\/wp-content\/uploads\/2021\/11\/Gate_21_Logo_2_Valge.png","contentUrl":"https:\/\/gate21.ee\/wp-content\/uploads\/2021\/11\/Gate_21_Logo_2_Valge.png","width":2560,"height":2560,"caption":"Gate21"},"image":{"@id":"https:\/\/gate21.ee\/#\/schema\/logo\/image\/"},"sameAs":["https:\/\/www.facebook.com\/gate21.ee\/","https:\/\/www.instagram.com\/gate21.ee\/","https:\/\/www.instagram.com\/omaasidesign\/","https:\/\/www.instagram.com\/omaasi\/","https:\/\/www.facebook.com\/omaasidesign\/","https:\/\/www.facebook.com\/omaasilittleredhouse\/","https:\/\/www.tiktok.com\/@gate21.ee"]}]}},"jetpack_sharing_enabled":true,"brands":[{"id":641,"name":"Reign &amp; Hail","slug":"reignandhail"}],"_links":{"self":[{"href":"https:\/\/gate21.ee\/et\/wp-json\/wp\/v2\/product\/246762","targetHints":{"allow":["GET"]}}],"collection":[{"href":"https:\/\/gate21.ee\/et\/wp-json\/wp\/v2\/product"}],"about":[{"href":"https:\/\/gate21.ee\/et\/wp-json\/wp\/v2\/types\/product"}],"replies":[{"embeddable":true,"href":"https:\/\/gate21.ee\/et\/wp-json\/wp\/v2\/comments?post=246762"}],"version-history":[{"count":1,"href":"https:\/\/gate21.ee\/et\/wp-json\/wp\/v2\/product\/246762\/revisions"}],"predecessor-version":[{"id":246764,"href":"https:\/\/gate21.ee\/et\/wp-json\/wp\/v2\/product\/246762\/revisions\/246764"}],"wp:featuredmedia":[{"embeddable":true,"href":"https:\/\/gate21.ee\/et\/wp-json\/wp\/v2\/media\/246763"}],"wp:attachment":[{"href":"https:\/\/gate21.ee\/et\/wp-json\/wp\/v2\/media?parent=246762"}],"wp:term":[{"taxonomy":"pwb-brand","embeddable":true,"href":"https:\/\/gate21.ee\/et\/wp-json\/wp\/v2\/pwb-brand?post=246762"},{"taxonomy":"product_brand","embeddable":true,"href":"https:\/\/gate21.ee\/et\/wp-json\/wp\/v2\/product_brand?post=246762"},{"taxonomy":"product_cat","embeddable":true,"href":"https:\/\/gate21.ee\/et\/wp-json\/wp\/v2\/product_cat?post=246762"},{"taxonomy":"product_tag","embeddable":true,"href":"https:\/\/gate21.ee\/et\/wp-json\/wp\/v2\/product_tag?post=246762"}],"curies":[{"name":"wp","href":"https:\/\/api.w.org\/{rel}","templated":true}]}}