{"id":244921,"date":"2025-12-21T15:27:00","date_gmt":"2025-12-21T13:27:00","guid":{"rendered":"https:\/\/gate21.ee\/?post_type=product&#038;p=244921"},"modified":"2026-02-15T13:54:24","modified_gmt":"2026-02-15T11:54:24","slug":"evolg-ht-x-gold","status":"publish","type":"product","link":"https:\/\/gate21.ee\/et\/shop\/evolg-ht-x-gold\/","title":{"rendered":"Evolg - HT x Gold"},"content":{"rendered":"<p>See ainulaadne kinnas on \u00ab2 in 1\u00bb kontseptsioon, milles on integreeritud viis s\u00f5rme ja kinnas. Kui nutitelefonid ei kasutata, katke kindad ja parandage k\u00fclma ilmaga sooja. K\u00f5ik meie kootud kindad on valmistatud Jaapanis, puuteekraaniga \u00fchilduva villaga. MIT on maagiline : v\u00f5ib tulla toime igas olukorras, kuid mitte kunagi unustada nutitelefoni.<\/p>\n<p>\u00dche suurusega kinnas t\u00e4iskasvanutele, mis on valmistatud akr\u00fc\u00fclist 66,8%, villast 28,9%, nailonist 2,5%, pol\u00fcestrist 1,1% ja pol\u00fcuretaanist 0,7%.<\/p>\n<p>Masinpesu 30c juures.<\/p>\n<p><img fetchpriority=\"high\" decoding=\"async\" class=\"size-full wp-image-244526 aligncenter\" src=\"https:\/\/gate21.ee\/wp-content\/uploads\/2024\/11\/download.jpg\" alt=\"\" width=\"282\" height=\"179\" srcset=\"https:\/\/gate21.ee\/wp-content\/uploads\/2024\/11\/download.jpg 282w, https:\/\/gate21.ee\/wp-content\/uploads\/2024\/11\/download-18x12.jpg 18w\" sizes=\"(max-width: 282px) 100vw, 282px\" \/><\/p>\n<p>EVOLG asutati 2010. aastal Jaapanis, Tokyos, ja selle eesm\u00e4rk on valmistada v\u00e4listr\u00fckiseid, mis paistavad silma. Meie kaubam\u00e4rgi nimi \u2018EVOLG\u2019 on m\u00e4nguline versioon s\u00f5nast \u2018GLOVE\u2019, mis on inspireeritud Jaapani laste loomingulistest s\u00f5nam\u00e4ngudest. Me armastame lisada k\u00f5igele, mida me loome, kriipsu stiili ja moodi.<\/p>\n<p>Meie erip\u00e4raks on meie m\u00e4ngu muutev \u2018e-fingertip-tehnoloogia\u2019. Me m\u00f5tlesime selle v\u00f5luv\u00e4e v\u00e4lja, segades puuvillasse enne l\u00f5nga ketramist spetsiaalset materjali, nagu ioniseeritud vaskoksiid ja titaan. Tulemus? Kindad, mis v\u00f5imaldavad sul oma puutetundlikke seadmeid t\u00e4pselt kasutada!<\/p>","protected":false},"excerpt":{"rendered":"<p>This unique glove is a \u00ab\u00a02 in 1\u00a0\u00bb concept with five fingers and mitten integrated. When smartphones are not used, cover the mittens and improve the warmth for cold weather.\u00a0All our knitted gloves are made in Japan, with a touchscreen compatible wool. MIT is magic : can face any situation, but never forget the smartphone. [&hellip;]<\/p>\n","protected":false},"featured_media":244922,"comment_status":"closed","ping_status":"closed","template":"","meta":{"site-sidebar-layout":"default","site-content-layout":"","ast-site-content-layout":"default","site-content-style":"default","site-sidebar-style":"default","ast-global-header-display":"","ast-banner-title-visibility":"","ast-main-header-display":"","ast-hfb-above-header-display":"","ast-hfb-below-header-display":"","ast-hfb-mobile-header-display":"","site-post-title":"","ast-breadcrumbs-content":"","ast-featured-img":"","footer-sml-layout":"","ast-disable-related-posts":"","theme-transparent-header-meta":"default","adv-header-id-meta":"","stick-header-meta":"default","header-above-stick-meta":"","header-main-stick-meta":"","header-below-stick-meta":"","astra-migrate-meta-layouts":"set","ast-page-background-enabled":"default","ast-page-background-meta":{"desktop":{"background-color":"","background-image":"","background-repeat":"repeat","background-position":"center center","background-size":"auto","background-attachment":"scroll","background-type":"","background-media":"","overlay-type":"","overlay-color":"","overlay-opacity":"","overlay-gradient":""},"tablet":{"background-color":"","background-image":"","background-repeat":"repeat","background-position":"center center","background-size":"auto","background-attachment":"scroll","background-type":"","background-media":"","overlay-type":"","overlay-color":"","overlay-opacity":"","overlay-gradient":""},"mobile":{"background-color":"","background-image":"","background-repeat":"repeat","background-position":"center center","background-size":"auto","background-attachment":"scroll","background-type":"","background-media":"","overlay-type":"","overlay-color":"","overlay-opacity":"","overlay-gradient":""}},"ast-content-background-meta":{"desktop":{"background-color":"var(--ast-global-color-5)","background-image":"","background-repeat":"repeat","background-position":"center center","background-size":"auto","background-attachment":"scroll","background-type":"","background-media":"","overlay-type":"","overlay-color":"","overlay-opacity":"","overlay-gradient":""},"tablet":{"background-color":"var(--ast-global-color-5)","background-image":"","background-repeat":"repeat","background-position":"center center","background-size":"auto","background-attachment":"scroll","background-type":"","background-media":"","overlay-type":"","overlay-color":"","overlay-opacity":"","overlay-gradient":""},"mobile":{"background-color":"var(--ast-global-color-5)","background-image":"","background-repeat":"repeat","background-position":"center center","background-size":"auto","background-attachment":"scroll","background-type":"","background-media":"","overlay-type":"","overlay-color":"","overlay-opacity":"","overlay-gradient":""}}},"pwb-brand":[647],"product_brand":[],"product_cat":[56,642],"product_tag":[],"class_list":{"0":"post-244921","1":"product","2":"type-product","3":"status-publish","4":"has-post-thumbnail","6":"pwb-brand-evolg","7":"product_cat-clothing","8":"product_cat-gloves","9":"desktop-align-center","10":"tablet-align-center","11":"mobile-align-center","12":"ast-product-gallery-layout-vertical","13":"ast-product-tabs-layout-horizontal","15":"first","16":"instock","17":"taxable","18":"shipping-taxable","19":"purchasable","20":"product-type-simple"},"yoast_head":"<!-- This site is optimized with the Yoast SEO plugin v27.4 - https:\/\/yoast.com\/product\/yoast-seo-wordpress\/ -->\n<title>Evolg - HT x Gold &#8226; Gate21<\/title>\n<meta name=\"robots\" content=\"index, follow, max-snippet:-1, max-image-preview:large, max-video-preview:-1\" \/>\n<link rel=\"canonical\" href=\"https:\/\/gate21.ee\/et\/shop\/evolg-ht-x-gold\/\" \/>\n<meta property=\"og:locale\" content=\"et_EE\" \/>\n<meta property=\"og:type\" content=\"article\" \/>\n<meta property=\"og:title\" content=\"Evolg - HT x Gold &#8226; Gate21\" \/>\n<meta property=\"og:description\" content=\"This unique glove is a \u00ab\u00a02 in 1\u00a0\u00bb concept with five fingers and mitten integrated. When smartphones are not used, cover the mittens and improve the warmth for cold weather.\u00a0All our knitted gloves are made in Japan, with a touchscreen compatible wool. MIT is magic : can face any situation, but never forget the smartphone. [&hellip;]\" \/>\n<meta property=\"og:url\" content=\"https:\/\/gate21.ee\/et\/shop\/evolg-ht-x-gold\/\" \/>\n<meta property=\"og:site_name\" content=\"Gate21\" \/>\n<meta property=\"article:publisher\" content=\"https:\/\/www.facebook.com\/gate21.ee\/\" \/>\n<meta property=\"article:modified_time\" content=\"2026-02-15T11:54:24+00:00\" \/>\n<meta property=\"og:image\" content=\"https:\/\/gate21.ee\/wp-content\/uploads\/2025\/12\/ht-touchscreen-gloves.webp\" \/>\n\t<meta property=\"og:image:width\" content=\"800\" \/>\n\t<meta property=\"og:image:height\" content=\"1010\" \/>\n\t<meta property=\"og:image:type\" content=\"image\/webp\" \/>\n<meta name=\"twitter:card\" content=\"summary_large_image\" \/>\n<meta name=\"twitter:label1\" content=\"Est. reading time\" \/>\n\t<meta name=\"twitter:data1\" content=\"2 minutit\" \/>\n<script type=\"application\/ld+json\" class=\"yoast-schema-graph\">{\"@context\":\"https:\\\/\\\/schema.org\",\"@graph\":[{\"@type\":\"WebPage\",\"@id\":\"https:\\\/\\\/gate21.ee\\\/shop\\\/evolg-ht-x-gold\\\/\",\"url\":\"https:\\\/\\\/gate21.ee\\\/shop\\\/evolg-ht-x-gold\\\/\",\"name\":\"Evolg - HT x Gold &#8226; Gate21\",\"isPartOf\":{\"@id\":\"https:\\\/\\\/gate21.ee\\\/#website\"},\"primaryImageOfPage\":{\"@id\":\"https:\\\/\\\/gate21.ee\\\/shop\\\/evolg-ht-x-gold\\\/#primaryimage\"},\"image\":{\"@id\":\"https:\\\/\\\/gate21.ee\\\/shop\\\/evolg-ht-x-gold\\\/#primaryimage\"},\"thumbnailUrl\":\"https:\\\/\\\/gate21.ee\\\/wp-content\\\/uploads\\\/2025\\\/12\\\/ht-touchscreen-gloves.webp\",\"datePublished\":\"2025-12-21T13:27:00+00:00\",\"dateModified\":\"2026-02-15T11:54:24+00:00\",\"breadcrumb\":{\"@id\":\"https:\\\/\\\/gate21.ee\\\/shop\\\/evolg-ht-x-gold\\\/#breadcrumb\"},\"inLanguage\":\"et\",\"potentialAction\":[{\"@type\":\"ReadAction\",\"target\":[\"https:\\\/\\\/gate21.ee\\\/shop\\\/evolg-ht-x-gold\\\/\"]}]},{\"@type\":\"ImageObject\",\"inLanguage\":\"et\",\"@id\":\"https:\\\/\\\/gate21.ee\\\/shop\\\/evolg-ht-x-gold\\\/#primaryimage\",\"url\":\"https:\\\/\\\/gate21.ee\\\/wp-content\\\/uploads\\\/2025\\\/12\\\/ht-touchscreen-gloves.webp\",\"contentUrl\":\"https:\\\/\\\/gate21.ee\\\/wp-content\\\/uploads\\\/2025\\\/12\\\/ht-touchscreen-gloves.webp\",\"width\":800,\"height\":1010,\"caption\":\"The Evolg - HT x Gold gloves feature a yellow and white houndstooth pattern, grey fingertips, navy blue cuffs with a stripe, and a small EVOLG label on one glove. Gate21.ee\"},{\"@type\":\"BreadcrumbList\",\"@id\":\"https:\\\/\\\/gate21.ee\\\/shop\\\/evolg-ht-x-gold\\\/#breadcrumb\",\"itemListElement\":[{\"@type\":\"ListItem\",\"position\":1,\"name\":\"Home\",\"item\":\"https:\\\/\\\/gate21.ee\\\/\"},{\"@type\":\"ListItem\",\"position\":2,\"name\":\"Evolg &#8211; HT x Gold\"}]},{\"@type\":\"WebSite\",\"@id\":\"https:\\\/\\\/gate21.ee\\\/#website\",\"url\":\"https:\\\/\\\/gate21.ee\\\/\",\"name\":\"Gate21\",\"description\":\"Gift concept store Gate21\",\"publisher\":{\"@id\":\"https:\\\/\\\/gate21.ee\\\/#organization\"},\"alternateName\":\"gate21\",\"potentialAction\":[{\"@type\":\"SearchAction\",\"target\":{\"@type\":\"EntryPoint\",\"urlTemplate\":\"https:\\\/\\\/gate21.ee\\\/?s={search_term_string}\"},\"query-input\":{\"@type\":\"PropertyValueSpecification\",\"valueRequired\":true,\"valueName\":\"search_term_string\"}}],\"inLanguage\":\"et\"},{\"@type\":\"Organization\",\"@id\":\"https:\\\/\\\/gate21.ee\\\/#organization\",\"name\":\"Gate21\",\"alternateName\":\"Gate21, Oma Asi and Oma Asi Design Store\",\"url\":\"https:\\\/\\\/gate21.ee\\\/\",\"logo\":{\"@type\":\"ImageObject\",\"inLanguage\":\"et\",\"@id\":\"https:\\\/\\\/gate21.ee\\\/#\\\/schema\\\/logo\\\/image\\\/\",\"url\":\"https:\\\/\\\/gate21.ee\\\/wp-content\\\/uploads\\\/2021\\\/11\\\/Gate_21_Logo_2_Valge.png\",\"contentUrl\":\"https:\\\/\\\/gate21.ee\\\/wp-content\\\/uploads\\\/2021\\\/11\\\/Gate_21_Logo_2_Valge.png\",\"width\":2560,\"height\":2560,\"caption\":\"Gate21\"},\"image\":{\"@id\":\"https:\\\/\\\/gate21.ee\\\/#\\\/schema\\\/logo\\\/image\\\/\"},\"sameAs\":[\"https:\\\/\\\/www.facebook.com\\\/gate21.ee\\\/\",\"https:\\\/\\\/www.instagram.com\\\/gate21.ee\\\/\",\"https:\\\/\\\/www.instagram.com\\\/omaasidesign\\\/\",\"https:\\\/\\\/www.instagram.com\\\/omaasi\\\/\",\"https:\\\/\\\/www.facebook.com\\\/omaasidesign\\\/\",\"https:\\\/\\\/www.facebook.com\\\/omaasilittleredhouse\\\/\",\"https:\\\/\\\/www.tiktok.com\\\/@gate21.ee\"]}]}<\/script>\n<!-- \/ Yoast SEO plugin. -->","yoast_head_json":{"title":"Evolg - HT x Gold &#8226; Gate21","robots":{"index":"index","follow":"follow","max-snippet":"max-snippet:-1","max-image-preview":"max-image-preview:large","max-video-preview":"max-video-preview:-1"},"canonical":"https:\/\/gate21.ee\/et\/shop\/evolg-ht-x-gold\/","og_locale":"et_EE","og_type":"article","og_title":"Evolg - HT x Gold &#8226; Gate21","og_description":"This unique glove is a \u00ab\u00a02 in 1\u00a0\u00bb concept with five fingers and mitten integrated. When smartphones are not used, cover the mittens and improve the warmth for cold weather.\u00a0All our knitted gloves are made in Japan, with a touchscreen compatible wool. MIT is magic : can face any situation, but never forget the smartphone. [&hellip;]","og_url":"https:\/\/gate21.ee\/et\/shop\/evolg-ht-x-gold\/","og_site_name":"Gate21","article_publisher":"https:\/\/www.facebook.com\/gate21.ee\/","article_modified_time":"2026-02-15T11:54:24+00:00","og_image":[{"width":800,"height":1010,"url":"https:\/\/gate21.ee\/wp-content\/uploads\/2025\/12\/ht-touchscreen-gloves.webp","type":"image\/webp"}],"twitter_card":"summary_large_image","twitter_misc":{"Est. reading time":"2 minutit"},"schema":{"@context":"https:\/\/schema.org","@graph":[{"@type":"WebPage","@id":"https:\/\/gate21.ee\/shop\/evolg-ht-x-gold\/","url":"https:\/\/gate21.ee\/shop\/evolg-ht-x-gold\/","name":"Evolg - HT x Gold &#8226; Gate21","isPartOf":{"@id":"https:\/\/gate21.ee\/#website"},"primaryImageOfPage":{"@id":"https:\/\/gate21.ee\/shop\/evolg-ht-x-gold\/#primaryimage"},"image":{"@id":"https:\/\/gate21.ee\/shop\/evolg-ht-x-gold\/#primaryimage"},"thumbnailUrl":"https:\/\/gate21.ee\/wp-content\/uploads\/2025\/12\/ht-touchscreen-gloves.webp","datePublished":"2025-12-21T13:27:00+00:00","dateModified":"2026-02-15T11:54:24+00:00","breadcrumb":{"@id":"https:\/\/gate21.ee\/shop\/evolg-ht-x-gold\/#breadcrumb"},"inLanguage":"et","potentialAction":[{"@type":"ReadAction","target":["https:\/\/gate21.ee\/shop\/evolg-ht-x-gold\/"]}]},{"@type":"ImageObject","inLanguage":"et","@id":"https:\/\/gate21.ee\/shop\/evolg-ht-x-gold\/#primaryimage","url":"https:\/\/gate21.ee\/wp-content\/uploads\/2025\/12\/ht-touchscreen-gloves.webp","contentUrl":"https:\/\/gate21.ee\/wp-content\/uploads\/2025\/12\/ht-touchscreen-gloves.webp","width":800,"height":1010,"caption":"The Evolg - HT x Gold gloves feature a yellow and white houndstooth pattern, grey fingertips, navy blue cuffs with a stripe, and a small EVOLG label on one glove. Gate21.ee"},{"@type":"BreadcrumbList","@id":"https:\/\/gate21.ee\/shop\/evolg-ht-x-gold\/#breadcrumb","itemListElement":[{"@type":"ListItem","position":1,"name":"Home","item":"https:\/\/gate21.ee\/"},{"@type":"ListItem","position":2,"name":"Evolg &#8211; HT x Gold"}]},{"@type":"WebSite","@id":"https:\/\/gate21.ee\/#website","url":"https:\/\/gate21.ee\/","name":"Gate21","description":"Kingituskontseptsioonipood Gate21","publisher":{"@id":"https:\/\/gate21.ee\/#organization"},"alternateName":"gate21","potentialAction":[{"@type":"SearchAction","target":{"@type":"EntryPoint","urlTemplate":"https:\/\/gate21.ee\/?s={search_term_string}"},"query-input":{"@type":"PropertyValueSpecification","valueRequired":true,"valueName":"search_term_string"}}],"inLanguage":"et"},{"@type":"Organization","@id":"https:\/\/gate21.ee\/#organization","name":"Gate21","alternateName":"Gate21, Oma Asi and Oma Asi Design Store","url":"https:\/\/gate21.ee\/","logo":{"@type":"ImageObject","inLanguage":"et","@id":"https:\/\/gate21.ee\/#\/schema\/logo\/image\/","url":"https:\/\/gate21.ee\/wp-content\/uploads\/2021\/11\/Gate_21_Logo_2_Valge.png","contentUrl":"https:\/\/gate21.ee\/wp-content\/uploads\/2021\/11\/Gate_21_Logo_2_Valge.png","width":2560,"height":2560,"caption":"Gate21"},"image":{"@id":"https:\/\/gate21.ee\/#\/schema\/logo\/image\/"},"sameAs":["https:\/\/www.facebook.com\/gate21.ee\/","https:\/\/www.instagram.com\/gate21.ee\/","https:\/\/www.instagram.com\/omaasidesign\/","https:\/\/www.instagram.com\/omaasi\/","https:\/\/www.facebook.com\/omaasidesign\/","https:\/\/www.facebook.com\/omaasilittleredhouse\/","https:\/\/www.tiktok.com\/@gate21.ee"]}]}},"jetpack_sharing_enabled":true,"brands":[{"id":647,"name":"Evolg","slug":"evolg"}],"_links":{"self":[{"href":"https:\/\/gate21.ee\/et\/wp-json\/wp\/v2\/product\/244921","targetHints":{"allow":["GET"]}}],"collection":[{"href":"https:\/\/gate21.ee\/et\/wp-json\/wp\/v2\/product"}],"about":[{"href":"https:\/\/gate21.ee\/et\/wp-json\/wp\/v2\/types\/product"}],"replies":[{"embeddable":true,"href":"https:\/\/gate21.ee\/et\/wp-json\/wp\/v2\/comments?post=244921"}],"version-history":[{"count":1,"href":"https:\/\/gate21.ee\/et\/wp-json\/wp\/v2\/product\/244921\/revisions"}],"predecessor-version":[{"id":244924,"href":"https:\/\/gate21.ee\/et\/wp-json\/wp\/v2\/product\/244921\/revisions\/244924"}],"wp:featuredmedia":[{"embeddable":true,"href":"https:\/\/gate21.ee\/et\/wp-json\/wp\/v2\/media\/244922"}],"wp:attachment":[{"href":"https:\/\/gate21.ee\/et\/wp-json\/wp\/v2\/media?parent=244921"}],"wp:term":[{"taxonomy":"pwb-brand","embeddable":true,"href":"https:\/\/gate21.ee\/et\/wp-json\/wp\/v2\/pwb-brand?post=244921"},{"taxonomy":"product_brand","embeddable":true,"href":"https:\/\/gate21.ee\/et\/wp-json\/wp\/v2\/product_brand?post=244921"},{"taxonomy":"product_cat","embeddable":true,"href":"https:\/\/gate21.ee\/et\/wp-json\/wp\/v2\/product_cat?post=244921"},{"taxonomy":"product_tag","embeddable":true,"href":"https:\/\/gate21.ee\/et\/wp-json\/wp\/v2\/product_tag?post=244921"}],"curies":[{"name":"wp","href":"https:\/\/api.w.org\/{rel}","templated":true}]}}