{"id":244346,"date":"2025-12-19T13:45:00","date_gmt":"2025-12-19T11:45:00","guid":{"rendered":"https:\/\/gate21.ee\/?post_type=product&#038;p=244346"},"modified":"2026-04-26T12:22:45","modified_gmt":"2026-04-26T09:22:45","slug":"bini-cutlery-kit-sky-blue","status":"publish","type":"product","link":"https:\/\/gate21.ee\/et\/shop\/bini-cutlery-kit-sky-blue\/","title":{"rendered":"Bini s\u00f6\u00f6giriistade komplekt - taevasinine"},"content":{"rendered":"<p>Bini korduvkasutatavas s\u00f6\u00f6giriistade komplektis on kahvel, mis t\u00f5esti pistab, nuga, mis l\u00f5ikab suurep\u00e4raselt, s\u00f6\u00f6gipulgad, mis haarduvad h\u00e4sti, \u00f5\u00f5nes lusikas ilusate lusikat\u00e4idete jaoks, v\u00e4ikeses, kerges, kaasaskantavas ja geniaalses karbis.<\/p>\n<p>Materjal: ringikujuline biokomposiit, mis koosneb 40% puidukiudude j\u00e4\u00e4tmetest (saeveski puiduj\u00e4\u00e4tmed, materjali valmistamiseks ei ole kasutatud puitu) ja taaskasutatud restorani\u00f5lidest valmistatud biopol\u00fcmeerist.<\/p>\n<p>Valmistatud Prantsusmaal ja n\u00f5udepesumasinas pestav!<\/p>\n<p><img fetchpriority=\"high\" decoding=\"async\" class=\"size-medium wp-image-244311 aligncenter\" src=\"https:\/\/gate21.ee\/wp-content\/uploads\/2025\/02\/1745306616_0_440x-300x300.webp\" alt=\"\" width=\"300\" height=\"300\" srcset=\"https:\/\/gate21.ee\/wp-content\/uploads\/2025\/02\/1745306616_0_440x-300x300.webp 300w, https:\/\/gate21.ee\/wp-content\/uploads\/2025\/02\/1745306616_0_440x-150x150.webp 150w, https:\/\/gate21.ee\/wp-content\/uploads\/2025\/02\/1745306616_0_440x-12x12.webp 12w, https:\/\/gate21.ee\/wp-content\/uploads\/2025\/02\/1745306616_0_440x-100x100.webp 100w, https:\/\/gate21.ee\/wp-content\/uploads\/2025\/02\/1745306616_0_440x-50x50.webp 50w, https:\/\/gate21.ee\/wp-content\/uploads\/2025\/02\/1745306616_0_440x.webp 440w\" sizes=\"(max-width: 300px) 100vw, 300px\" \/><\/p>\n<p>&nbsp;<\/p>\n<p>P\u00e4rast tuhandeid takeaway-l\u00f5unaid ja lugematuid kohvikuid teel olles j\u00f5udsime samale j\u00e4reldusele: iga p\u00e4eva l\u00f5pus on j\u00e4\u00e4tmem\u00e4gi! Oli aeg v\u00e4lja m\u00f5elda uued lahendused, mis paneksid k\u00f5iki kaasa l\u00f6\u00f6ma ja korduvkasutatavale toidule ja joogile \u00fcle minema!<\/p>","protected":false},"excerpt":{"rendered":"<p>In the Bini reusable cutlery kit, there is a fork that really stings, a knife that cuts perfectly, chopsticks that grip well, a hollow spoon for beautiful spoonfuls, in a small, lightweight, portable and ingenious case. Material: circular bio-composite composed of 40% wood fibre waste (wood waste from a sawmill, the wood used is not [&hellip;]<\/p>\n","protected":false},"featured_media":244348,"comment_status":"closed","ping_status":"closed","template":"","meta":{"site-sidebar-layout":"default","site-content-layout":"","ast-site-content-layout":"default","site-content-style":"default","site-sidebar-style":"default","ast-global-header-display":"","ast-banner-title-visibility":"","ast-main-header-display":"","ast-hfb-above-header-display":"","ast-hfb-below-header-display":"","ast-hfb-mobile-header-display":"","site-post-title":"","ast-breadcrumbs-content":"","ast-featured-img":"","footer-sml-layout":"","ast-disable-related-posts":"","theme-transparent-header-meta":"default","adv-header-id-meta":"","stick-header-meta":"default","header-above-stick-meta":"","header-main-stick-meta":"","header-below-stick-meta":"","astra-migrate-meta-layouts":"set","ast-page-background-enabled":"default","ast-page-background-meta":{"desktop":{"background-color":"","background-image":"","background-repeat":"repeat","background-position":"center center","background-size":"auto","background-attachment":"scroll","background-type":"","background-media":"","overlay-type":"","overlay-color":"","overlay-opacity":"","overlay-gradient":""},"tablet":{"background-color":"","background-image":"","background-repeat":"repeat","background-position":"center center","background-size":"auto","background-attachment":"scroll","background-type":"","background-media":"","overlay-type":"","overlay-color":"","overlay-opacity":"","overlay-gradient":""},"mobile":{"background-color":"","background-image":"","background-repeat":"repeat","background-position":"center center","background-size":"auto","background-attachment":"scroll","background-type":"","background-media":"","overlay-type":"","overlay-color":"","overlay-opacity":"","overlay-gradient":""}},"ast-content-background-meta":{"desktop":{"background-color":"var(--ast-global-color-5)","background-image":"","background-repeat":"repeat","background-position":"center center","background-size":"auto","background-attachment":"scroll","background-type":"","background-media":"","overlay-type":"","overlay-color":"","overlay-opacity":"","overlay-gradient":""},"tablet":{"background-color":"var(--ast-global-color-5)","background-image":"","background-repeat":"repeat","background-position":"center center","background-size":"auto","background-attachment":"scroll","background-type":"","background-media":"","overlay-type":"","overlay-color":"","overlay-opacity":"","overlay-gradient":""},"mobile":{"background-color":"var(--ast-global-color-5)","background-image":"","background-repeat":"repeat","background-position":"center center","background-size":"auto","background-attachment":"scroll","background-type":"","background-media":"","overlay-type":"","overlay-color":"","overlay-opacity":"","overlay-gradient":""}}},"pwb-brand":[609],"product_brand":[],"product_cat":[218,303],"product_tag":[],"class_list":{"0":"post-244346","1":"product","2":"type-product","3":"status-publish","4":"has-post-thumbnail","6":"pwb-brand-bini","7":"product_cat-home","8":"product_cat-others","9":"desktop-align-center","10":"tablet-align-center","11":"mobile-align-center","12":"ast-product-gallery-layout-vertical","13":"ast-product-tabs-layout-horizontal","15":"first","16":"instock","17":"taxable","18":"shipping-taxable","19":"purchasable","20":"product-type-simple"},"yoast_head":"<!-- This site is optimized with the Yoast SEO plugin v27.4 - https:\/\/yoast.com\/product\/yoast-seo-wordpress\/ -->\n<title>Bini Cutlery Kit - Sky Blue &#8226; Gate21<\/title>\n<meta name=\"robots\" content=\"index, follow, max-snippet:-1, max-image-preview:large, max-video-preview:-1\" \/>\n<link rel=\"canonical\" href=\"https:\/\/gate21.ee\/et\/shop\/bini-cutlery-kit-sky-blue\/\" \/>\n<meta property=\"og:locale\" content=\"et_EE\" \/>\n<meta property=\"og:type\" content=\"article\" \/>\n<meta property=\"og:title\" content=\"Bini Cutlery Kit - Sky Blue &#8226; Gate21\" \/>\n<meta property=\"og:description\" content=\"In the Bini reusable cutlery kit, there is a fork that really stings, a knife that cuts perfectly, chopsticks that grip well, a hollow spoon for beautiful spoonfuls, in a small, lightweight, portable and ingenious case. Material: circular bio-composite composed of 40% wood fibre waste (wood waste from a sawmill, the wood used is not [&hellip;]\" \/>\n<meta property=\"og:url\" content=\"https:\/\/gate21.ee\/et\/shop\/bini-cutlery-kit-sky-blue\/\" \/>\n<meta property=\"og:site_name\" content=\"Gate21\" \/>\n<meta property=\"article:publisher\" content=\"https:\/\/www.facebook.com\/gate21.ee\/\" \/>\n<meta property=\"article:modified_time\" content=\"2026-04-26T09:22:45+00:00\" \/>\n<meta property=\"og:image\" content=\"https:\/\/gate21.ee\/wp-content\/uploads\/2025\/12\/Etui-avec-couverts-bleu-1024x1024.png\" \/>\n\t<meta property=\"og:image:width\" content=\"1024\" \/>\n\t<meta property=\"og:image:height\" content=\"1024\" \/>\n\t<meta property=\"og:image:type\" content=\"image\/png\" \/>\n<meta name=\"twitter:card\" content=\"summary_large_image\" \/>\n<meta name=\"twitter:label1\" content=\"Est. reading time\" \/>\n\t<meta name=\"twitter:data1\" content=\"1 minut\" \/>\n<script type=\"application\/ld+json\" class=\"yoast-schema-graph\">{\"@context\":\"https:\\\/\\\/schema.org\",\"@graph\":[{\"@type\":\"WebPage\",\"@id\":\"https:\\\/\\\/gate21.ee\\\/shop\\\/bini-cutlery-kit-sky-blue\\\/\",\"url\":\"https:\\\/\\\/gate21.ee\\\/shop\\\/bini-cutlery-kit-sky-blue\\\/\",\"name\":\"Bini Cutlery Kit - Sky Blue &#8226; Gate21\",\"isPartOf\":{\"@id\":\"https:\\\/\\\/gate21.ee\\\/#website\"},\"primaryImageOfPage\":{\"@id\":\"https:\\\/\\\/gate21.ee\\\/shop\\\/bini-cutlery-kit-sky-blue\\\/#primaryimage\"},\"image\":{\"@id\":\"https:\\\/\\\/gate21.ee\\\/shop\\\/bini-cutlery-kit-sky-blue\\\/#primaryimage\"},\"thumbnailUrl\":\"https:\\\/\\\/gate21.ee\\\/wp-content\\\/uploads\\\/2025\\\/12\\\/Etui-avec-couverts-bleu.png\",\"datePublished\":\"2025-12-19T11:45:00+00:00\",\"dateModified\":\"2026-04-26T09:22:45+00:00\",\"breadcrumb\":{\"@id\":\"https:\\\/\\\/gate21.ee\\\/shop\\\/bini-cutlery-kit-sky-blue\\\/#breadcrumb\"},\"inLanguage\":\"et\",\"potentialAction\":[{\"@type\":\"ReadAction\",\"target\":[\"https:\\\/\\\/gate21.ee\\\/shop\\\/bini-cutlery-kit-sky-blue\\\/\"]}]},{\"@type\":\"ImageObject\",\"inLanguage\":\"et\",\"@id\":\"https:\\\/\\\/gate21.ee\\\/shop\\\/bini-cutlery-kit-sky-blue\\\/#primaryimage\",\"url\":\"https:\\\/\\\/gate21.ee\\\/wp-content\\\/uploads\\\/2025\\\/12\\\/Etui-avec-couverts-bleu.png\",\"contentUrl\":\"https:\\\/\\\/gate21.ee\\\/wp-content\\\/uploads\\\/2025\\\/12\\\/Etui-avec-couverts-bleu.png\",\"width\":2048,\"height\":2048,\"caption\":\"The Bini Cutlery Kit - Sky Blue features a fork, spoon, knife, and chopsticks with a sleek modern design, neatly stored upright in a matching portable case against a white background. Gate21.ee\"},{\"@type\":\"BreadcrumbList\",\"@id\":\"https:\\\/\\\/gate21.ee\\\/shop\\\/bini-cutlery-kit-sky-blue\\\/#breadcrumb\",\"itemListElement\":[{\"@type\":\"ListItem\",\"position\":1,\"name\":\"Home\",\"item\":\"https:\\\/\\\/gate21.ee\\\/\"},{\"@type\":\"ListItem\",\"position\":2,\"name\":\"Bini Cutlery Kit &#8211; Sky Blue\"}]},{\"@type\":\"WebSite\",\"@id\":\"https:\\\/\\\/gate21.ee\\\/#website\",\"url\":\"https:\\\/\\\/gate21.ee\\\/\",\"name\":\"Gate21\",\"description\":\"Gift concept store Gate21\",\"publisher\":{\"@id\":\"https:\\\/\\\/gate21.ee\\\/#organization\"},\"alternateName\":\"gate21\",\"potentialAction\":[{\"@type\":\"SearchAction\",\"target\":{\"@type\":\"EntryPoint\",\"urlTemplate\":\"https:\\\/\\\/gate21.ee\\\/?s={search_term_string}\"},\"query-input\":{\"@type\":\"PropertyValueSpecification\",\"valueRequired\":true,\"valueName\":\"search_term_string\"}}],\"inLanguage\":\"et\"},{\"@type\":\"Organization\",\"@id\":\"https:\\\/\\\/gate21.ee\\\/#organization\",\"name\":\"Gate21\",\"alternateName\":\"Gate21, Oma Asi and Oma Asi Design Store\",\"url\":\"https:\\\/\\\/gate21.ee\\\/\",\"logo\":{\"@type\":\"ImageObject\",\"inLanguage\":\"et\",\"@id\":\"https:\\\/\\\/gate21.ee\\\/#\\\/schema\\\/logo\\\/image\\\/\",\"url\":\"https:\\\/\\\/gate21.ee\\\/wp-content\\\/uploads\\\/2021\\\/11\\\/Gate_21_Logo_2_Valge.png\",\"contentUrl\":\"https:\\\/\\\/gate21.ee\\\/wp-content\\\/uploads\\\/2021\\\/11\\\/Gate_21_Logo_2_Valge.png\",\"width\":2560,\"height\":2560,\"caption\":\"Gate21\"},\"image\":{\"@id\":\"https:\\\/\\\/gate21.ee\\\/#\\\/schema\\\/logo\\\/image\\\/\"},\"sameAs\":[\"https:\\\/\\\/www.facebook.com\\\/gate21.ee\\\/\",\"https:\\\/\\\/www.instagram.com\\\/gate21.ee\\\/\",\"https:\\\/\\\/www.instagram.com\\\/omaasidesign\\\/\",\"https:\\\/\\\/www.instagram.com\\\/omaasi\\\/\",\"https:\\\/\\\/www.facebook.com\\\/omaasidesign\\\/\",\"https:\\\/\\\/www.facebook.com\\\/omaasilittleredhouse\\\/\",\"https:\\\/\\\/www.tiktok.com\\\/@gate21.ee\"]}]}<\/script>\n<!-- \/ Yoast SEO plugin. -->","yoast_head_json":{"title":"Bini Cutlery Kit - Sky Blue &#8226; Gate21","robots":{"index":"index","follow":"follow","max-snippet":"max-snippet:-1","max-image-preview":"max-image-preview:large","max-video-preview":"max-video-preview:-1"},"canonical":"https:\/\/gate21.ee\/et\/shop\/bini-cutlery-kit-sky-blue\/","og_locale":"et_EE","og_type":"article","og_title":"Bini Cutlery Kit - Sky Blue &#8226; Gate21","og_description":"In the Bini reusable cutlery kit, there is a fork that really stings, a knife that cuts perfectly, chopsticks that grip well, a hollow spoon for beautiful spoonfuls, in a small, lightweight, portable and ingenious case. Material: circular bio-composite composed of 40% wood fibre waste (wood waste from a sawmill, the wood used is not [&hellip;]","og_url":"https:\/\/gate21.ee\/et\/shop\/bini-cutlery-kit-sky-blue\/","og_site_name":"Gate21","article_publisher":"https:\/\/www.facebook.com\/gate21.ee\/","article_modified_time":"2026-04-26T09:22:45+00:00","og_image":[{"width":1024,"height":1024,"url":"https:\/\/gate21.ee\/wp-content\/uploads\/2025\/12\/Etui-avec-couverts-bleu-1024x1024.png","type":"image\/png"}],"twitter_card":"summary_large_image","twitter_misc":{"Est. reading time":"1 minut"},"schema":{"@context":"https:\/\/schema.org","@graph":[{"@type":"WebPage","@id":"https:\/\/gate21.ee\/shop\/bini-cutlery-kit-sky-blue\/","url":"https:\/\/gate21.ee\/shop\/bini-cutlery-kit-sky-blue\/","name":"Bini Cutlery Kit - Sky Blue &#8226; Gate21","isPartOf":{"@id":"https:\/\/gate21.ee\/#website"},"primaryImageOfPage":{"@id":"https:\/\/gate21.ee\/shop\/bini-cutlery-kit-sky-blue\/#primaryimage"},"image":{"@id":"https:\/\/gate21.ee\/shop\/bini-cutlery-kit-sky-blue\/#primaryimage"},"thumbnailUrl":"https:\/\/gate21.ee\/wp-content\/uploads\/2025\/12\/Etui-avec-couverts-bleu.png","datePublished":"2025-12-19T11:45:00+00:00","dateModified":"2026-04-26T09:22:45+00:00","breadcrumb":{"@id":"https:\/\/gate21.ee\/shop\/bini-cutlery-kit-sky-blue\/#breadcrumb"},"inLanguage":"et","potentialAction":[{"@type":"ReadAction","target":["https:\/\/gate21.ee\/shop\/bini-cutlery-kit-sky-blue\/"]}]},{"@type":"ImageObject","inLanguage":"et","@id":"https:\/\/gate21.ee\/shop\/bini-cutlery-kit-sky-blue\/#primaryimage","url":"https:\/\/gate21.ee\/wp-content\/uploads\/2025\/12\/Etui-avec-couverts-bleu.png","contentUrl":"https:\/\/gate21.ee\/wp-content\/uploads\/2025\/12\/Etui-avec-couverts-bleu.png","width":2048,"height":2048,"caption":"The Bini Cutlery Kit - Sky Blue features a fork, spoon, knife, and chopsticks with a sleek modern design, neatly stored upright in a matching portable case against a white background. Gate21.ee"},{"@type":"BreadcrumbList","@id":"https:\/\/gate21.ee\/shop\/bini-cutlery-kit-sky-blue\/#breadcrumb","itemListElement":[{"@type":"ListItem","position":1,"name":"Home","item":"https:\/\/gate21.ee\/"},{"@type":"ListItem","position":2,"name":"Bini Cutlery Kit &#8211; Sky Blue"}]},{"@type":"WebSite","@id":"https:\/\/gate21.ee\/#website","url":"https:\/\/gate21.ee\/","name":"Gate21","description":"Kingituskontseptsioonipood Gate21","publisher":{"@id":"https:\/\/gate21.ee\/#organization"},"alternateName":"gate21","potentialAction":[{"@type":"SearchAction","target":{"@type":"EntryPoint","urlTemplate":"https:\/\/gate21.ee\/?s={search_term_string}"},"query-input":{"@type":"PropertyValueSpecification","valueRequired":true,"valueName":"search_term_string"}}],"inLanguage":"et"},{"@type":"Organization","@id":"https:\/\/gate21.ee\/#organization","name":"Gate21","alternateName":"Gate21, Oma Asi and Oma Asi Design Store","url":"https:\/\/gate21.ee\/","logo":{"@type":"ImageObject","inLanguage":"et","@id":"https:\/\/gate21.ee\/#\/schema\/logo\/image\/","url":"https:\/\/gate21.ee\/wp-content\/uploads\/2021\/11\/Gate_21_Logo_2_Valge.png","contentUrl":"https:\/\/gate21.ee\/wp-content\/uploads\/2021\/11\/Gate_21_Logo_2_Valge.png","width":2560,"height":2560,"caption":"Gate21"},"image":{"@id":"https:\/\/gate21.ee\/#\/schema\/logo\/image\/"},"sameAs":["https:\/\/www.facebook.com\/gate21.ee\/","https:\/\/www.instagram.com\/gate21.ee\/","https:\/\/www.instagram.com\/omaasidesign\/","https:\/\/www.instagram.com\/omaasi\/","https:\/\/www.facebook.com\/omaasidesign\/","https:\/\/www.facebook.com\/omaasilittleredhouse\/","https:\/\/www.tiktok.com\/@gate21.ee"]}]}},"jetpack_sharing_enabled":true,"brands":[{"id":609,"name":"Bini","slug":"bini"}],"_links":{"self":[{"href":"https:\/\/gate21.ee\/et\/wp-json\/wp\/v2\/product\/244346","targetHints":{"allow":["GET"]}}],"collection":[{"href":"https:\/\/gate21.ee\/et\/wp-json\/wp\/v2\/product"}],"about":[{"href":"https:\/\/gate21.ee\/et\/wp-json\/wp\/v2\/types\/product"}],"replies":[{"embeddable":true,"href":"https:\/\/gate21.ee\/et\/wp-json\/wp\/v2\/comments?post=244346"}],"version-history":[{"count":2,"href":"https:\/\/gate21.ee\/et\/wp-json\/wp\/v2\/product\/244346\/revisions"}],"predecessor-version":[{"id":244448,"href":"https:\/\/gate21.ee\/et\/wp-json\/wp\/v2\/product\/244346\/revisions\/244448"}],"wp:featuredmedia":[{"embeddable":true,"href":"https:\/\/gate21.ee\/et\/wp-json\/wp\/v2\/media\/244348"}],"wp:attachment":[{"href":"https:\/\/gate21.ee\/et\/wp-json\/wp\/v2\/media?parent=244346"}],"wp:term":[{"taxonomy":"pwb-brand","embeddable":true,"href":"https:\/\/gate21.ee\/et\/wp-json\/wp\/v2\/pwb-brand?post=244346"},{"taxonomy":"product_brand","embeddable":true,"href":"https:\/\/gate21.ee\/et\/wp-json\/wp\/v2\/product_brand?post=244346"},{"taxonomy":"product_cat","embeddable":true,"href":"https:\/\/gate21.ee\/et\/wp-json\/wp\/v2\/product_cat?post=244346"},{"taxonomy":"product_tag","embeddable":true,"href":"https:\/\/gate21.ee\/et\/wp-json\/wp\/v2\/product_tag?post=244346"}],"curies":[{"name":"wp","href":"https:\/\/api.w.org\/{rel}","templated":true}]}}