{"id":243428,"date":"2025-12-15T12:10:36","date_gmt":"2025-12-15T10:10:36","guid":{"rendered":"https:\/\/gate21.ee\/?post_type=product&#038;p=243428"},"modified":"2026-05-03T15:46:47","modified_gmt":"2026-05-03T12:46:47","slug":"moomin-coin-purse-little-me","status":"publish","type":"product","link":"https:\/\/gate21.ee\/et\/shop\/moomin-coin-purse-little-me\/","title":{"rendered":"Muumi rahakott - Little My"},"content":{"rendered":"<p>Nordicbuddies'i ametlikud Muumi rahakotid<\/p>\n<p>Materjal: 100% kangas<\/p>\n<p>Suurus: 9 x 8cm<\/p>\n<p><img fetchpriority=\"high\" decoding=\"async\" class=\"alignnone size-full wp-image-243245 aligncenter\" src=\"https:\/\/gate21.ee\/wp-content\/uploads\/2025\/08\/download.png\" alt=\"\" width=\"245\" height=\"206\" srcset=\"https:\/\/gate21.ee\/wp-content\/uploads\/2025\/08\/download.png 245w, https:\/\/gate21.ee\/wp-content\/uploads\/2025\/08\/download-14x12.png 14w\" sizes=\"(max-width: 245px) 100vw, 245px\" \/><\/p>\n<p>Asutatud 2019. aastal Helsingi s\u00fcdames, Soomes. Meie teekond algas visioonist t\u00e4ita turul olev t\u00fchimik. Moominiga m\u00e4rkasime l\u00fcnka, kus r\u00f5ivavalikud olid m\u00f5eldud vanematele p\u00f5lvkondadele ja lastele, kuid stiiliteadlikele noortele t\u00e4iskasvanutele oli m\u00e4rgatav puudus.<\/p>\n<p>NordicBuddies'i olemus tuleneb kahe olulise elemendi s\u00fcnergiast: \u2018Nordic\u2019 ja \u2018Buddies\u2019. Esimene osa, \u2018Nordics\u2019, kehastab meie p\u00fchendumust tutvustada P\u00f5hjamaade kaubam\u00e4rkide rikkust, armastatud ikoonid nagu Muumid ja Mauri Kunnas. Me usume, et peame need hinnatud kaubam\u00e4rgid ellu \u00e4ratama erakordsete toodete kaudu, mis tekitavad inimestes s\u00fcgavaid sidemeid ja meeldivaid m\u00e4lestusi.<\/p>\n<p>Teine osa, \u2018Kambad\u2019, on tunnistus meie kaasavast filosoofiast. NordicBuddiesis t\u00e4histame mitmekesisust ja usume, et ei ole oluline, kust sa tuled v\u00f5i kes sa oled - me k\u00f5ik oleme s\u00f5brad.<\/p>","protected":false},"excerpt":{"rendered":"<p>Official Moomin coin purses by Nordicbuddies Material: 100% canvas Size: 9 x 8cm Established in 2019 in the heart of Helsinki, Finland. Our journey began with a vision to fill a void in the market. With Moomin we noticed a gap where clothing options catered to the older generations and kids, yet there was a [&hellip;]<\/p>\n","protected":false},"featured_media":243429,"comment_status":"closed","ping_status":"closed","template":"","meta":{"site-sidebar-layout":"default","site-content-layout":"default","ast-site-content-layout":"default","site-content-style":"default","site-sidebar-style":"default","ast-global-header-display":"","ast-banner-title-visibility":"","ast-main-header-display":"","ast-hfb-above-header-display":"","ast-hfb-below-header-display":"","ast-hfb-mobile-header-display":"","site-post-title":"","ast-breadcrumbs-content":"","ast-featured-img":"","footer-sml-layout":"","ast-disable-related-posts":"","theme-transparent-header-meta":"default","adv-header-id-meta":"","stick-header-meta":"default","header-above-stick-meta":"","header-main-stick-meta":"","header-below-stick-meta":"","astra-migrate-meta-layouts":"set","ast-page-background-enabled":"default","ast-page-background-meta":{"desktop":{"background-color":"","background-image":"","background-repeat":"repeat","background-position":"center center","background-size":"auto","background-attachment":"scroll","background-type":"","background-media":"","overlay-type":"","overlay-color":"","overlay-opacity":"","overlay-gradient":""},"tablet":{"background-color":"","background-image":"","background-repeat":"repeat","background-position":"center center","background-size":"auto","background-attachment":"scroll","background-type":"","background-media":"","overlay-type":"","overlay-color":"","overlay-opacity":"","overlay-gradient":""},"mobile":{"background-color":"","background-image":"","background-repeat":"repeat","background-position":"center center","background-size":"auto","background-attachment":"scroll","background-type":"","background-media":"","overlay-type":"","overlay-color":"","overlay-opacity":"","overlay-gradient":""}},"ast-content-background-meta":{"desktop":{"background-color":"var(--ast-global-color-5)","background-image":"","background-repeat":"repeat","background-position":"center center","background-size":"auto","background-attachment":"scroll","background-type":"","background-media":"","overlay-type":"","overlay-color":"","overlay-opacity":"","overlay-gradient":""},"tablet":{"background-color":"var(--ast-global-color-5)","background-image":"","background-repeat":"repeat","background-position":"center center","background-size":"auto","background-attachment":"scroll","background-type":"","background-media":"","overlay-type":"","overlay-color":"","overlay-opacity":"","overlay-gradient":""},"mobile":{"background-color":"var(--ast-global-color-5)","background-image":"","background-repeat":"repeat","background-position":"center center","background-size":"auto","background-attachment":"scroll","background-type":"","background-media":"","overlay-type":"","overlay-color":"","overlay-opacity":"","overlay-gradient":""}}},"pwb-brand":[608],"product_brand":[],"product_cat":[213,640],"product_tag":[],"class_list":{"0":"post-243428","1":"product","2":"type-product","3":"status-publish","4":"has-post-thumbnail","6":"pwb-brand-nordicbuddies","7":"product_cat-accessories","8":"product_cat-wallets","9":"desktop-align-center","10":"tablet-align-center","11":"mobile-align-center","12":"ast-product-gallery-layout-vertical","13":"ast-product-gallery-with-no-image","14":"ast-product-tabs-layout-horizontal","16":"first","17":"instock","18":"taxable","19":"shipping-taxable","20":"purchasable","21":"product-type-simple"},"yoast_head":"<!-- This site is optimized with the Yoast SEO plugin v27.5 - https:\/\/yoast.com\/product\/yoast-seo-wordpress\/ -->\n<title>Moomin Coin Purse - Little My &#8226; Gate21<\/title>\n<meta name=\"robots\" content=\"index, follow, max-snippet:-1, max-image-preview:large, max-video-preview:-1\" \/>\n<link rel=\"canonical\" href=\"https:\/\/gate21.ee\/et\/shop\/moomin-coin-purse-little-me\/\" \/>\n<meta property=\"og:locale\" content=\"et_EE\" \/>\n<meta property=\"og:type\" content=\"article\" \/>\n<meta property=\"og:title\" content=\"Moomin Coin Purse - Little My &#8226; Gate21\" \/>\n<meta property=\"og:description\" content=\"Official Moomin coin purses by Nordicbuddies Material: 100% canvas Size: 9 x 8cm Established in 2019 in the heart of Helsinki, Finland. Our journey began with a vision to fill a void in the market. With Moomin we noticed a gap where clothing options catered to the older generations and kids, yet there was a [&hellip;]\" \/>\n<meta property=\"og:url\" content=\"https:\/\/gate21.ee\/et\/shop\/moomin-coin-purse-little-me\/\" \/>\n<meta property=\"og:site_name\" content=\"Gate21\" \/>\n<meta property=\"article:publisher\" content=\"https:\/\/www.facebook.com\/gate21.ee\/\" \/>\n<meta property=\"article:modified_time\" content=\"2026-05-03T12:46:47+00:00\" \/>\n<meta property=\"og:image\" content=\"https:\/\/gate21.ee\/wp-content\/uploads\/2025\/12\/LMY30B_07cc4b22-91dc-42f9-92cd-f66b988e63c6.webp\" \/>\n\t<meta property=\"og:image:width\" content=\"1100\" \/>\n\t<meta property=\"og:image:height\" content=\"1100\" \/>\n\t<meta property=\"og:image:type\" content=\"image\/webp\" \/>\n<meta name=\"twitter:card\" content=\"summary_large_image\" \/>\n<meta name=\"twitter:label1\" content=\"Est. reading time\" \/>\n\t<meta name=\"twitter:data1\" content=\"2 minutit\" \/>\n<script type=\"application\/ld+json\" class=\"yoast-schema-graph\">{\"@context\":\"https:\\\/\\\/schema.org\",\"@graph\":[{\"@type\":\"WebPage\",\"@id\":\"https:\\\/\\\/gate21.ee\\\/shop\\\/moomin-coin-purse-little-me\\\/\",\"url\":\"https:\\\/\\\/gate21.ee\\\/shop\\\/moomin-coin-purse-little-me\\\/\",\"name\":\"Moomin Coin Purse - Little My &#8226; Gate21\",\"isPartOf\":{\"@id\":\"https:\\\/\\\/gate21.ee\\\/#website\"},\"primaryImageOfPage\":{\"@id\":\"https:\\\/\\\/gate21.ee\\\/shop\\\/moomin-coin-purse-little-me\\\/#primaryimage\"},\"image\":{\"@id\":\"https:\\\/\\\/gate21.ee\\\/shop\\\/moomin-coin-purse-little-me\\\/#primaryimage\"},\"thumbnailUrl\":\"https:\\\/\\\/gate21.ee\\\/wp-content\\\/uploads\\\/2025\\\/12\\\/LMY30B_07cc4b22-91dc-42f9-92cd-f66b988e63c6.webp\",\"datePublished\":\"2025-12-15T10:10:36+00:00\",\"dateModified\":\"2026-05-03T12:46:47+00:00\",\"breadcrumb\":{\"@id\":\"https:\\\/\\\/gate21.ee\\\/shop\\\/moomin-coin-purse-little-me\\\/#breadcrumb\"},\"inLanguage\":\"et\",\"potentialAction\":[{\"@type\":\"ReadAction\",\"target\":[\"https:\\\/\\\/gate21.ee\\\/shop\\\/moomin-coin-purse-little-me\\\/\"]}]},{\"@type\":\"ImageObject\",\"inLanguage\":\"et\",\"@id\":\"https:\\\/\\\/gate21.ee\\\/shop\\\/moomin-coin-purse-little-me\\\/#primaryimage\",\"url\":\"https:\\\/\\\/gate21.ee\\\/wp-content\\\/uploads\\\/2025\\\/12\\\/LMY30B_07cc4b22-91dc-42f9-92cd-f66b988e63c6.webp\",\"contentUrl\":\"https:\\\/\\\/gate21.ee\\\/wp-content\\\/uploads\\\/2025\\\/12\\\/LMY30B_07cc4b22-91dc-42f9-92cd-f66b988e63c6.webp\",\"width\":1100,\"height\":1100,\"caption\":\"The Moomin Coin Purse - Little My is a small lavender zippered pouch with a keyring, featuring Little My in a black outfit with arms crossed and a stern look. A black tag with white text is attached\u2014ideal for Moomin fans. Gate21.ee\"},{\"@type\":\"BreadcrumbList\",\"@id\":\"https:\\\/\\\/gate21.ee\\\/shop\\\/moomin-coin-purse-little-me\\\/#breadcrumb\",\"itemListElement\":[{\"@type\":\"ListItem\",\"position\":1,\"name\":\"Home\",\"item\":\"https:\\\/\\\/gate21.ee\\\/\"},{\"@type\":\"ListItem\",\"position\":2,\"name\":\"Moomin Coin Purse &#8211; Little My\"}]},{\"@type\":\"WebSite\",\"@id\":\"https:\\\/\\\/gate21.ee\\\/#website\",\"url\":\"https:\\\/\\\/gate21.ee\\\/\",\"name\":\"Gate21\",\"description\":\"Gift concept store Gate21\",\"publisher\":{\"@id\":\"https:\\\/\\\/gate21.ee\\\/#organization\"},\"alternateName\":\"gate21\",\"potentialAction\":[{\"@type\":\"SearchAction\",\"target\":{\"@type\":\"EntryPoint\",\"urlTemplate\":\"https:\\\/\\\/gate21.ee\\\/?s={search_term_string}\"},\"query-input\":{\"@type\":\"PropertyValueSpecification\",\"valueRequired\":true,\"valueName\":\"search_term_string\"}}],\"inLanguage\":\"et\"},{\"@type\":\"Organization\",\"@id\":\"https:\\\/\\\/gate21.ee\\\/#organization\",\"name\":\"Gate21\",\"alternateName\":\"Gate21, Oma Asi and Oma Asi Design Store\",\"url\":\"https:\\\/\\\/gate21.ee\\\/\",\"logo\":{\"@type\":\"ImageObject\",\"inLanguage\":\"et\",\"@id\":\"https:\\\/\\\/gate21.ee\\\/#\\\/schema\\\/logo\\\/image\\\/\",\"url\":\"https:\\\/\\\/gate21.ee\\\/wp-content\\\/uploads\\\/2021\\\/11\\\/Gate_21_Logo_2_Valge.png\",\"contentUrl\":\"https:\\\/\\\/gate21.ee\\\/wp-content\\\/uploads\\\/2021\\\/11\\\/Gate_21_Logo_2_Valge.png\",\"width\":2560,\"height\":2560,\"caption\":\"Gate21\"},\"image\":{\"@id\":\"https:\\\/\\\/gate21.ee\\\/#\\\/schema\\\/logo\\\/image\\\/\"},\"sameAs\":[\"https:\\\/\\\/www.facebook.com\\\/gate21.ee\\\/\",\"https:\\\/\\\/www.instagram.com\\\/gate21.ee\\\/\",\"https:\\\/\\\/www.instagram.com\\\/omaasidesign\\\/\",\"https:\\\/\\\/www.instagram.com\\\/omaasi\\\/\",\"https:\\\/\\\/www.facebook.com\\\/omaasidesign\\\/\",\"https:\\\/\\\/www.facebook.com\\\/omaasilittleredhouse\\\/\",\"https:\\\/\\\/www.tiktok.com\\\/@gate21.ee\"]}]}<\/script>\n<!-- \/ Yoast SEO plugin. -->","yoast_head_json":{"title":"Moomin Coin Purse - Little My &#8226; Gate21","robots":{"index":"index","follow":"follow","max-snippet":"max-snippet:-1","max-image-preview":"max-image-preview:large","max-video-preview":"max-video-preview:-1"},"canonical":"https:\/\/gate21.ee\/et\/shop\/moomin-coin-purse-little-me\/","og_locale":"et_EE","og_type":"article","og_title":"Moomin Coin Purse - Little My &#8226; Gate21","og_description":"Official Moomin coin purses by Nordicbuddies Material: 100% canvas Size: 9 x 8cm Established in 2019 in the heart of Helsinki, Finland. Our journey began with a vision to fill a void in the market. With Moomin we noticed a gap where clothing options catered to the older generations and kids, yet there was a [&hellip;]","og_url":"https:\/\/gate21.ee\/et\/shop\/moomin-coin-purse-little-me\/","og_site_name":"Gate21","article_publisher":"https:\/\/www.facebook.com\/gate21.ee\/","article_modified_time":"2026-05-03T12:46:47+00:00","og_image":[{"width":1100,"height":1100,"url":"https:\/\/gate21.ee\/wp-content\/uploads\/2025\/12\/LMY30B_07cc4b22-91dc-42f9-92cd-f66b988e63c6.webp","type":"image\/webp"}],"twitter_card":"summary_large_image","twitter_misc":{"Est. reading time":"2 minutit"},"schema":{"@context":"https:\/\/schema.org","@graph":[{"@type":"WebPage","@id":"https:\/\/gate21.ee\/shop\/moomin-coin-purse-little-me\/","url":"https:\/\/gate21.ee\/shop\/moomin-coin-purse-little-me\/","name":"Moomin Coin Purse - Little My &#8226; Gate21","isPartOf":{"@id":"https:\/\/gate21.ee\/#website"},"primaryImageOfPage":{"@id":"https:\/\/gate21.ee\/shop\/moomin-coin-purse-little-me\/#primaryimage"},"image":{"@id":"https:\/\/gate21.ee\/shop\/moomin-coin-purse-little-me\/#primaryimage"},"thumbnailUrl":"https:\/\/gate21.ee\/wp-content\/uploads\/2025\/12\/LMY30B_07cc4b22-91dc-42f9-92cd-f66b988e63c6.webp","datePublished":"2025-12-15T10:10:36+00:00","dateModified":"2026-05-03T12:46:47+00:00","breadcrumb":{"@id":"https:\/\/gate21.ee\/shop\/moomin-coin-purse-little-me\/#breadcrumb"},"inLanguage":"et","potentialAction":[{"@type":"ReadAction","target":["https:\/\/gate21.ee\/shop\/moomin-coin-purse-little-me\/"]}]},{"@type":"ImageObject","inLanguage":"et","@id":"https:\/\/gate21.ee\/shop\/moomin-coin-purse-little-me\/#primaryimage","url":"https:\/\/gate21.ee\/wp-content\/uploads\/2025\/12\/LMY30B_07cc4b22-91dc-42f9-92cd-f66b988e63c6.webp","contentUrl":"https:\/\/gate21.ee\/wp-content\/uploads\/2025\/12\/LMY30B_07cc4b22-91dc-42f9-92cd-f66b988e63c6.webp","width":1100,"height":1100,"caption":"The Moomin Coin Purse - Little My is a small lavender zippered pouch with a keyring, featuring Little My in a black outfit with arms crossed and a stern look. A black tag with white text is attached\u2014ideal for Moomin fans. Gate21.ee"},{"@type":"BreadcrumbList","@id":"https:\/\/gate21.ee\/shop\/moomin-coin-purse-little-me\/#breadcrumb","itemListElement":[{"@type":"ListItem","position":1,"name":"Home","item":"https:\/\/gate21.ee\/"},{"@type":"ListItem","position":2,"name":"Moomin Coin Purse &#8211; Little My"}]},{"@type":"WebSite","@id":"https:\/\/gate21.ee\/#website","url":"https:\/\/gate21.ee\/","name":"Gate21","description":"Kingituskontseptsioonipood Gate21","publisher":{"@id":"https:\/\/gate21.ee\/#organization"},"alternateName":"gate21","potentialAction":[{"@type":"SearchAction","target":{"@type":"EntryPoint","urlTemplate":"https:\/\/gate21.ee\/?s={search_term_string}"},"query-input":{"@type":"PropertyValueSpecification","valueRequired":true,"valueName":"search_term_string"}}],"inLanguage":"et"},{"@type":"Organization","@id":"https:\/\/gate21.ee\/#organization","name":"Gate21","alternateName":"Gate21, Oma Asi and Oma Asi Design Store","url":"https:\/\/gate21.ee\/","logo":{"@type":"ImageObject","inLanguage":"et","@id":"https:\/\/gate21.ee\/#\/schema\/logo\/image\/","url":"https:\/\/gate21.ee\/wp-content\/uploads\/2021\/11\/Gate_21_Logo_2_Valge.png","contentUrl":"https:\/\/gate21.ee\/wp-content\/uploads\/2021\/11\/Gate_21_Logo_2_Valge.png","width":2560,"height":2560,"caption":"Gate21"},"image":{"@id":"https:\/\/gate21.ee\/#\/schema\/logo\/image\/"},"sameAs":["https:\/\/www.facebook.com\/gate21.ee\/","https:\/\/www.instagram.com\/gate21.ee\/","https:\/\/www.instagram.com\/omaasidesign\/","https:\/\/www.instagram.com\/omaasi\/","https:\/\/www.facebook.com\/omaasidesign\/","https:\/\/www.facebook.com\/omaasilittleredhouse\/","https:\/\/www.tiktok.com\/@gate21.ee"]}]}},"jetpack_sharing_enabled":true,"brands":[{"id":608,"name":"Nordic Buddies","slug":"nordicbuddies"}],"_links":{"self":[{"href":"https:\/\/gate21.ee\/et\/wp-json\/wp\/v2\/product\/243428","targetHints":{"allow":["GET"]}}],"collection":[{"href":"https:\/\/gate21.ee\/et\/wp-json\/wp\/v2\/product"}],"about":[{"href":"https:\/\/gate21.ee\/et\/wp-json\/wp\/v2\/types\/product"}],"replies":[{"embeddable":true,"href":"https:\/\/gate21.ee\/et\/wp-json\/wp\/v2\/comments?post=243428"}],"version-history":[{"count":2,"href":"https:\/\/gate21.ee\/et\/wp-json\/wp\/v2\/product\/243428\/revisions"}],"predecessor-version":[{"id":243440,"href":"https:\/\/gate21.ee\/et\/wp-json\/wp\/v2\/product\/243428\/revisions\/243440"}],"wp:featuredmedia":[{"embeddable":true,"href":"https:\/\/gate21.ee\/et\/wp-json\/wp\/v2\/media\/243429"}],"wp:attachment":[{"href":"https:\/\/gate21.ee\/et\/wp-json\/wp\/v2\/media?parent=243428"}],"wp:term":[{"taxonomy":"pwb-brand","embeddable":true,"href":"https:\/\/gate21.ee\/et\/wp-json\/wp\/v2\/pwb-brand?post=243428"},{"taxonomy":"product_brand","embeddable":true,"href":"https:\/\/gate21.ee\/et\/wp-json\/wp\/v2\/product_brand?post=243428"},{"taxonomy":"product_cat","embeddable":true,"href":"https:\/\/gate21.ee\/et\/wp-json\/wp\/v2\/product_cat?post=243428"},{"taxonomy":"product_tag","embeddable":true,"href":"https:\/\/gate21.ee\/et\/wp-json\/wp\/v2\/product_tag?post=243428"}],"curies":[{"name":"wp","href":"https:\/\/api.w.org\/{rel}","templated":true}]}}