{"id":243195,"date":"2025-12-14T14:30:00","date_gmt":"2025-12-14T12:30:00","guid":{"rendered":"https:\/\/gate21.ee\/?post_type=product&#038;p=243195"},"modified":"2026-05-04T14:53:21","modified_gmt":"2026-05-04T11:53:21","slug":"lemur-white-wallet","status":"publish","type":"product","link":"https:\/\/gate21.ee\/et\/shop\/lemur-white-wallet\/","title":{"rendered":"LEMUR - Valge rahakott"},"content":{"rendered":"<div class=\"gi4qa9_NCt\" data-id=\"gi4qa9_NCt\">\n<div class=\"gp-flex\">\n<p class=\"gp-text-instant gp-text\">\u00d5mblused puuduvad. Ei mingit liimi. <span style=\"font-size: 16px\">LEMUR kasutab v\u00f5imalikult v\u00e4he materjale ja t<\/span><span style=\"font-size: 16px\">rahakoti \u00fclesehituse taga ei ole mingeid varjatud trikke. Ei mingeid lisapolsterdusi, mis muudaksid pehme materjali j\u00e4igaks, ega vooderdusi, mis varjaksid halvasti viimistletud pinda. See on see, mida me nimetame \u201cWhat You See Is What You Get\u201d l\u00e4henemisviisiks, mis eelistab ausust, lastes materjalidel ja riistvaral kogu oma hiilguses n\u00e4htavale tulla.<\/span><\/p>\n<\/div>\n<p>\u00dcks t\u00fckk nahka v\u00f5i \u00fcmbert\u00f6\u00f6deldud nahka ja kaks n\u00f6\u00f6pn\u00f5ela. See on k\u00f5ik.<\/p>\n<p>See v\u00f5imaldab rahakotis kohaneda ka sellega, kui palju kaarte, pangat\u00e4hti v\u00f5i m\u00fcnte teil on vaja hoiustada. Kui nahk pehmeneb, saab selles hoida rohkem. Nii palju ei ole vaja ? Ei mingit muret, nahk volditakse lamedaks ja s\u00e4ilitab \u00f5hukese profiili.<\/p>\n<\/div>\n<p><img fetchpriority=\"high\" decoding=\"async\" class=\"size-medium wp-image-242684 aligncenter\" src=\"https:\/\/gate21.ee\/wp-content\/uploads\/2025\/12\/Portrait_final_Large_76304014-d5c0-41ba-ae55-f2a5f009b2cd_540x-240x300.webp\" alt=\"\" width=\"240\" height=\"300\" srcset=\"https:\/\/gate21.ee\/wp-content\/uploads\/2025\/12\/Portrait_final_Large_76304014-d5c0-41ba-ae55-f2a5f009b2cd_540x-240x300.webp 240w, https:\/\/gate21.ee\/wp-content\/uploads\/2025\/12\/Portrait_final_Large_76304014-d5c0-41ba-ae55-f2a5f009b2cd_540x-10x12.webp 10w, https:\/\/gate21.ee\/wp-content\/uploads\/2025\/12\/Portrait_final_Large_76304014-d5c0-41ba-ae55-f2a5f009b2cd_540x.webp 540w\" sizes=\"(max-width: 240px) 100vw, 240px\" \/><\/p>\n<p>Asutasid 2014. aastal Taani disainer Nanna Ringsing ja Portugali arhitekt Fernando Vale, <a href=\"https:\/\/gate21.ee\/et\/brand\/lemur\/\">LEMUR<\/a> on Portugalis asuv disainistuudio\/br\u00e4nd, mille missiooniks on luua kohapeal toodetud kvaliteetseid tooteid, mis on nii funktsionaalsed kui ka taskukohased.<\/p>","protected":false},"excerpt":{"rendered":"<p>No seams. No glue. LEMUR use as few materials as possible and there are no hidden tricks behind the way that the Wallet is built. No extra padding to make a soft material feel stiff or lining to hide a badly finished surface. This is what we call a &#8220;What You See Is What You [&hellip;]<\/p>\n","protected":false},"featured_media":243197,"comment_status":"closed","ping_status":"closed","template":"","meta":{"site-sidebar-layout":"default","site-content-layout":"","ast-site-content-layout":"default","site-content-style":"default","site-sidebar-style":"default","ast-global-header-display":"","ast-banner-title-visibility":"","ast-main-header-display":"","ast-hfb-above-header-display":"","ast-hfb-below-header-display":"","ast-hfb-mobile-header-display":"","site-post-title":"","ast-breadcrumbs-content":"","ast-featured-img":"","footer-sml-layout":"","ast-disable-related-posts":"","theme-transparent-header-meta":"default","adv-header-id-meta":"","stick-header-meta":"default","header-above-stick-meta":"","header-main-stick-meta":"","header-below-stick-meta":"","astra-migrate-meta-layouts":"set","ast-page-background-enabled":"default","ast-page-background-meta":{"desktop":{"background-color":"","background-image":"","background-repeat":"repeat","background-position":"center center","background-size":"auto","background-attachment":"scroll","background-type":"","background-media":"","overlay-type":"","overlay-color":"","overlay-opacity":"","overlay-gradient":""},"tablet":{"background-color":"","background-image":"","background-repeat":"repeat","background-position":"center center","background-size":"auto","background-attachment":"scroll","background-type":"","background-media":"","overlay-type":"","overlay-color":"","overlay-opacity":"","overlay-gradient":""},"mobile":{"background-color":"","background-image":"","background-repeat":"repeat","background-position":"center center","background-size":"auto","background-attachment":"scroll","background-type":"","background-media":"","overlay-type":"","overlay-color":"","overlay-opacity":"","overlay-gradient":""}},"ast-content-background-meta":{"desktop":{"background-color":"var(--ast-global-color-5)","background-image":"","background-repeat":"repeat","background-position":"center center","background-size":"auto","background-attachment":"scroll","background-type":"","background-media":"","overlay-type":"","overlay-color":"","overlay-opacity":"","overlay-gradient":""},"tablet":{"background-color":"var(--ast-global-color-5)","background-image":"","background-repeat":"repeat","background-position":"center center","background-size":"auto","background-attachment":"scroll","background-type":"","background-media":"","overlay-type":"","overlay-color":"","overlay-opacity":"","overlay-gradient":""},"mobile":{"background-color":"var(--ast-global-color-5)","background-image":"","background-repeat":"repeat","background-position":"center center","background-size":"auto","background-attachment":"scroll","background-type":"","background-media":"","overlay-type":"","overlay-color":"","overlay-opacity":"","overlay-gradient":""}}},"pwb-brand":[638],"product_brand":[],"product_cat":[213,640],"product_tag":[],"class_list":{"0":"post-243195","1":"product","2":"type-product","3":"status-publish","4":"has-post-thumbnail","6":"pwb-brand-lemur","7":"product_cat-accessories","8":"product_cat-wallets","9":"desktop-align-center","10":"tablet-align-center","11":"mobile-align-center","12":"ast-product-gallery-layout-vertical","13":"ast-product-tabs-layout-horizontal","15":"first","16":"instock","17":"sale","18":"taxable","19":"shipping-taxable","20":"purchasable","21":"product-type-simple"},"yoast_head":"<!-- This site is optimized with the Yoast SEO plugin v27.5 - https:\/\/yoast.com\/product\/yoast-seo-wordpress\/ -->\n<title>LEMUR - White Wallet &#8226; Gate21<\/title>\n<meta name=\"robots\" content=\"index, follow, max-snippet:-1, max-image-preview:large, max-video-preview:-1\" \/>\n<link rel=\"canonical\" href=\"https:\/\/gate21.ee\/et\/shop\/lemur-white-wallet\/\" \/>\n<meta property=\"og:locale\" content=\"et_EE\" \/>\n<meta property=\"og:type\" content=\"article\" \/>\n<meta property=\"og:title\" content=\"LEMUR - White Wallet &#8226; Gate21\" \/>\n<meta property=\"og:description\" content=\"No seams. No glue. LEMUR use as few materials as possible and there are no hidden tricks behind the way that the Wallet is built. No extra padding to make a soft material feel stiff or lining to hide a badly finished surface. This is what we call a &#8220;What You See Is What You [&hellip;]\" \/>\n<meta property=\"og:url\" content=\"https:\/\/gate21.ee\/et\/shop\/lemur-white-wallet\/\" \/>\n<meta property=\"og:site_name\" content=\"Gate21\" \/>\n<meta property=\"article:publisher\" content=\"https:\/\/www.facebook.com\/gate21.ee\/\" \/>\n<meta property=\"article:modified_time\" content=\"2026-05-04T11:53:21+00:00\" \/>\n<meta property=\"og:image\" content=\"https:\/\/gate21.ee\/wp-content\/uploads\/2025\/12\/fe3093bc5664c8a6713aaa9501043e3fe71471a97b363ac4e2d9bb0d7969e62d.webp\" \/>\n\t<meta property=\"og:image:width\" content=\"720\" \/>\n\t<meta property=\"og:image:height\" content=\"720\" \/>\n\t<meta property=\"og:image:type\" content=\"image\/webp\" \/>\n<meta name=\"twitter:card\" content=\"summary_large_image\" \/>\n<meta name=\"twitter:label1\" content=\"Est. reading time\" \/>\n\t<meta name=\"twitter:data1\" content=\"2 minutit\" \/>\n<script type=\"application\/ld+json\" class=\"yoast-schema-graph\">{\"@context\":\"https:\\\/\\\/schema.org\",\"@graph\":[{\"@type\":\"WebPage\",\"@id\":\"https:\\\/\\\/gate21.ee\\\/shop\\\/lemur-white-wallet\\\/\",\"url\":\"https:\\\/\\\/gate21.ee\\\/shop\\\/lemur-white-wallet\\\/\",\"name\":\"LEMUR - White Wallet &#8226; Gate21\",\"isPartOf\":{\"@id\":\"https:\\\/\\\/gate21.ee\\\/#website\"},\"primaryImageOfPage\":{\"@id\":\"https:\\\/\\\/gate21.ee\\\/shop\\\/lemur-white-wallet\\\/#primaryimage\"},\"image\":{\"@id\":\"https:\\\/\\\/gate21.ee\\\/shop\\\/lemur-white-wallet\\\/#primaryimage\"},\"thumbnailUrl\":\"https:\\\/\\\/gate21.ee\\\/wp-content\\\/uploads\\\/2025\\\/12\\\/fe3093bc5664c8a6713aaa9501043e3fe71471a97b363ac4e2d9bb0d7969e62d.webp\",\"datePublished\":\"2025-12-14T12:30:00+00:00\",\"dateModified\":\"2026-05-04T11:53:21+00:00\",\"breadcrumb\":{\"@id\":\"https:\\\/\\\/gate21.ee\\\/shop\\\/lemur-white-wallet\\\/#breadcrumb\"},\"inLanguage\":\"et\",\"potentialAction\":[{\"@type\":\"ReadAction\",\"target\":[\"https:\\\/\\\/gate21.ee\\\/shop\\\/lemur-white-wallet\\\/\"]}]},{\"@type\":\"ImageObject\",\"inLanguage\":\"et\",\"@id\":\"https:\\\/\\\/gate21.ee\\\/shop\\\/lemur-white-wallet\\\/#primaryimage\",\"url\":\"https:\\\/\\\/gate21.ee\\\/wp-content\\\/uploads\\\/2025\\\/12\\\/fe3093bc5664c8a6713aaa9501043e3fe71471a97b363ac4e2d9bb0d7969e62d.webp\",\"contentUrl\":\"https:\\\/\\\/gate21.ee\\\/wp-content\\\/uploads\\\/2025\\\/12\\\/fe3093bc5664c8a6713aaa9501043e3fe71471a97b363ac4e2d9bb0d7969e62d.webp\",\"width\":720,\"height\":720,\"caption\":\"A minimalist LEMUR - White Wallet with a metal press-stud fastening and a card partially visible inside, displayed on a plain white background. Gate21.ee\"},{\"@type\":\"BreadcrumbList\",\"@id\":\"https:\\\/\\\/gate21.ee\\\/shop\\\/lemur-white-wallet\\\/#breadcrumb\",\"itemListElement\":[{\"@type\":\"ListItem\",\"position\":1,\"name\":\"Home\",\"item\":\"https:\\\/\\\/gate21.ee\\\/\"},{\"@type\":\"ListItem\",\"position\":2,\"name\":\"LEMUR &#8211; White Wallet\"}]},{\"@type\":\"WebSite\",\"@id\":\"https:\\\/\\\/gate21.ee\\\/#website\",\"url\":\"https:\\\/\\\/gate21.ee\\\/\",\"name\":\"Gate21\",\"description\":\"Gift concept store Gate21\",\"publisher\":{\"@id\":\"https:\\\/\\\/gate21.ee\\\/#organization\"},\"alternateName\":\"gate21\",\"potentialAction\":[{\"@type\":\"SearchAction\",\"target\":{\"@type\":\"EntryPoint\",\"urlTemplate\":\"https:\\\/\\\/gate21.ee\\\/?s={search_term_string}\"},\"query-input\":{\"@type\":\"PropertyValueSpecification\",\"valueRequired\":true,\"valueName\":\"search_term_string\"}}],\"inLanguage\":\"et\"},{\"@type\":\"Organization\",\"@id\":\"https:\\\/\\\/gate21.ee\\\/#organization\",\"name\":\"Gate21\",\"alternateName\":\"Gate21, Oma Asi and Oma Asi Design Store\",\"url\":\"https:\\\/\\\/gate21.ee\\\/\",\"logo\":{\"@type\":\"ImageObject\",\"inLanguage\":\"et\",\"@id\":\"https:\\\/\\\/gate21.ee\\\/#\\\/schema\\\/logo\\\/image\\\/\",\"url\":\"https:\\\/\\\/gate21.ee\\\/wp-content\\\/uploads\\\/2021\\\/11\\\/Gate_21_Logo_2_Valge.png\",\"contentUrl\":\"https:\\\/\\\/gate21.ee\\\/wp-content\\\/uploads\\\/2021\\\/11\\\/Gate_21_Logo_2_Valge.png\",\"width\":2560,\"height\":2560,\"caption\":\"Gate21\"},\"image\":{\"@id\":\"https:\\\/\\\/gate21.ee\\\/#\\\/schema\\\/logo\\\/image\\\/\"},\"sameAs\":[\"https:\\\/\\\/www.facebook.com\\\/gate21.ee\\\/\",\"https:\\\/\\\/www.instagram.com\\\/gate21.ee\\\/\",\"https:\\\/\\\/www.instagram.com\\\/omaasidesign\\\/\",\"https:\\\/\\\/www.instagram.com\\\/omaasi\\\/\",\"https:\\\/\\\/www.facebook.com\\\/omaasidesign\\\/\",\"https:\\\/\\\/www.facebook.com\\\/omaasilittleredhouse\\\/\",\"https:\\\/\\\/www.tiktok.com\\\/@gate21.ee\"]}]}<\/script>\n<!-- \/ Yoast SEO plugin. -->","yoast_head_json":{"title":"LEMUR - White Wallet &#8226; Gate21","robots":{"index":"index","follow":"follow","max-snippet":"max-snippet:-1","max-image-preview":"max-image-preview:large","max-video-preview":"max-video-preview:-1"},"canonical":"https:\/\/gate21.ee\/et\/shop\/lemur-white-wallet\/","og_locale":"et_EE","og_type":"article","og_title":"LEMUR - White Wallet &#8226; Gate21","og_description":"No seams. No glue. LEMUR use as few materials as possible and there are no hidden tricks behind the way that the Wallet is built. No extra padding to make a soft material feel stiff or lining to hide a badly finished surface. This is what we call a &#8220;What You See Is What You [&hellip;]","og_url":"https:\/\/gate21.ee\/et\/shop\/lemur-white-wallet\/","og_site_name":"Gate21","article_publisher":"https:\/\/www.facebook.com\/gate21.ee\/","article_modified_time":"2026-05-04T11:53:21+00:00","og_image":[{"width":720,"height":720,"url":"https:\/\/gate21.ee\/wp-content\/uploads\/2025\/12\/fe3093bc5664c8a6713aaa9501043e3fe71471a97b363ac4e2d9bb0d7969e62d.webp","type":"image\/webp"}],"twitter_card":"summary_large_image","twitter_misc":{"Est. reading time":"2 minutit"},"schema":{"@context":"https:\/\/schema.org","@graph":[{"@type":"WebPage","@id":"https:\/\/gate21.ee\/shop\/lemur-white-wallet\/","url":"https:\/\/gate21.ee\/shop\/lemur-white-wallet\/","name":"LEMUR - White Wallet &#8226; Gate21","isPartOf":{"@id":"https:\/\/gate21.ee\/#website"},"primaryImageOfPage":{"@id":"https:\/\/gate21.ee\/shop\/lemur-white-wallet\/#primaryimage"},"image":{"@id":"https:\/\/gate21.ee\/shop\/lemur-white-wallet\/#primaryimage"},"thumbnailUrl":"https:\/\/gate21.ee\/wp-content\/uploads\/2025\/12\/fe3093bc5664c8a6713aaa9501043e3fe71471a97b363ac4e2d9bb0d7969e62d.webp","datePublished":"2025-12-14T12:30:00+00:00","dateModified":"2026-05-04T11:53:21+00:00","breadcrumb":{"@id":"https:\/\/gate21.ee\/shop\/lemur-white-wallet\/#breadcrumb"},"inLanguage":"et","potentialAction":[{"@type":"ReadAction","target":["https:\/\/gate21.ee\/shop\/lemur-white-wallet\/"]}]},{"@type":"ImageObject","inLanguage":"et","@id":"https:\/\/gate21.ee\/shop\/lemur-white-wallet\/#primaryimage","url":"https:\/\/gate21.ee\/wp-content\/uploads\/2025\/12\/fe3093bc5664c8a6713aaa9501043e3fe71471a97b363ac4e2d9bb0d7969e62d.webp","contentUrl":"https:\/\/gate21.ee\/wp-content\/uploads\/2025\/12\/fe3093bc5664c8a6713aaa9501043e3fe71471a97b363ac4e2d9bb0d7969e62d.webp","width":720,"height":720,"caption":"A minimalist LEMUR - White Wallet with a metal press-stud fastening and a card partially visible inside, displayed on a plain white background. Gate21.ee"},{"@type":"BreadcrumbList","@id":"https:\/\/gate21.ee\/shop\/lemur-white-wallet\/#breadcrumb","itemListElement":[{"@type":"ListItem","position":1,"name":"Home","item":"https:\/\/gate21.ee\/"},{"@type":"ListItem","position":2,"name":"LEMUR &#8211; White Wallet"}]},{"@type":"WebSite","@id":"https:\/\/gate21.ee\/#website","url":"https:\/\/gate21.ee\/","name":"Gate21","description":"Kingituskontseptsioonipood Gate21","publisher":{"@id":"https:\/\/gate21.ee\/#organization"},"alternateName":"gate21","potentialAction":[{"@type":"SearchAction","target":{"@type":"EntryPoint","urlTemplate":"https:\/\/gate21.ee\/?s={search_term_string}"},"query-input":{"@type":"PropertyValueSpecification","valueRequired":true,"valueName":"search_term_string"}}],"inLanguage":"et"},{"@type":"Organization","@id":"https:\/\/gate21.ee\/#organization","name":"Gate21","alternateName":"Gate21, Oma Asi and Oma Asi Design Store","url":"https:\/\/gate21.ee\/","logo":{"@type":"ImageObject","inLanguage":"et","@id":"https:\/\/gate21.ee\/#\/schema\/logo\/image\/","url":"https:\/\/gate21.ee\/wp-content\/uploads\/2021\/11\/Gate_21_Logo_2_Valge.png","contentUrl":"https:\/\/gate21.ee\/wp-content\/uploads\/2021\/11\/Gate_21_Logo_2_Valge.png","width":2560,"height":2560,"caption":"Gate21"},"image":{"@id":"https:\/\/gate21.ee\/#\/schema\/logo\/image\/"},"sameAs":["https:\/\/www.facebook.com\/gate21.ee\/","https:\/\/www.instagram.com\/gate21.ee\/","https:\/\/www.instagram.com\/omaasidesign\/","https:\/\/www.instagram.com\/omaasi\/","https:\/\/www.facebook.com\/omaasidesign\/","https:\/\/www.facebook.com\/omaasilittleredhouse\/","https:\/\/www.tiktok.com\/@gate21.ee"]}]}},"jetpack_sharing_enabled":true,"brands":[{"id":638,"name":"LEMUR","slug":"lemur"}],"_links":{"self":[{"href":"https:\/\/gate21.ee\/et\/wp-json\/wp\/v2\/product\/243195","targetHints":{"allow":["GET"]}}],"collection":[{"href":"https:\/\/gate21.ee\/et\/wp-json\/wp\/v2\/product"}],"about":[{"href":"https:\/\/gate21.ee\/et\/wp-json\/wp\/v2\/types\/product"}],"replies":[{"embeddable":true,"href":"https:\/\/gate21.ee\/et\/wp-json\/wp\/v2\/comments?post=243195"}],"version-history":[{"count":2,"href":"https:\/\/gate21.ee\/et\/wp-json\/wp\/v2\/product\/243195\/revisions"}],"predecessor-version":[{"id":247731,"href":"https:\/\/gate21.ee\/et\/wp-json\/wp\/v2\/product\/243195\/revisions\/247731"}],"wp:featuredmedia":[{"embeddable":true,"href":"https:\/\/gate21.ee\/et\/wp-json\/wp\/v2\/media\/243197"}],"wp:attachment":[{"href":"https:\/\/gate21.ee\/et\/wp-json\/wp\/v2\/media?parent=243195"}],"wp:term":[{"taxonomy":"pwb-brand","embeddable":true,"href":"https:\/\/gate21.ee\/et\/wp-json\/wp\/v2\/pwb-brand?post=243195"},{"taxonomy":"product_brand","embeddable":true,"href":"https:\/\/gate21.ee\/et\/wp-json\/wp\/v2\/product_brand?post=243195"},{"taxonomy":"product_cat","embeddable":true,"href":"https:\/\/gate21.ee\/et\/wp-json\/wp\/v2\/product_cat?post=243195"},{"taxonomy":"product_tag","embeddable":true,"href":"https:\/\/gate21.ee\/et\/wp-json\/wp\/v2\/product_tag?post=243195"}],"curies":[{"name":"wp","href":"https:\/\/api.w.org\/{rel}","templated":true}]}}