{"id":242381,"date":"2025-12-10T13:56:00","date_gmt":"2025-12-10T11:56:00","guid":{"rendered":"https:\/\/gate21.ee\/?post_type=product&#038;p=242381"},"modified":"2026-02-15T13:56:36","modified_gmt":"2026-02-15T11:56:36","slug":"the-cocktail-cabinet-aperitif","status":"publish","type":"product","link":"https:\/\/gate21.ee\/et\/shop\/the-cocktail-cabinet-aperitif\/","title":{"rendered":"Kokteilikabinet: Aperitiiv"},"content":{"rendered":"<p>Kokteilikabinet: 50 parimat segu, et meelelahutust pakkuda kodus nagu professionaal.<\/p>\n<p>T\u00e4nu sajandi keskpaigast inspireeritud kunstilistele illustratsioonidele, kergesti j\u00e4rgitavatele retseptidele ja juhistele garneeringute, klaaside, j\u00e4\u00e4 ja siirupite kohta on see pakett ideaalne valik algavatele mixoloogidele ja baarmeniekspertidele.<\/p>\n<p><img fetchpriority=\"high\" decoding=\"async\" class=\"alignnone size-full wp-image-242353\" src=\"https:\/\/gate21.ee\/wp-content\/uploads\/2025\/12\/images.png\" alt=\"\" width=\"225\" height=\"225\" srcset=\"https:\/\/gate21.ee\/wp-content\/uploads\/2025\/12\/images.png 225w, https:\/\/gate21.ee\/wp-content\/uploads\/2025\/12\/images-150x150.png 150w, https:\/\/gate21.ee\/wp-content\/uploads\/2025\/12\/images-12x12.png 12w, https:\/\/gate21.ee\/wp-content\/uploads\/2025\/12\/images-100x100.png 100w, https:\/\/gate21.ee\/wp-content\/uploads\/2025\/12\/images-50x50.png 50w\" sizes=\"(max-width: 225px) 100vw, 225px\" \/><\/p>\n<p class=\"has-black-color has-text-color has-link-color has-normal-font-size wp-elements-e3070c9cfbd9fe93cecb7fb8827c6025\">Smith Street Books on s\u00f5ltumatu kirjastusettev\u00f5te, mis asub Melbourne'is, Austraalias, kuid mille tegevusala ulatub kogu raamatus\u00f5bralikule maailmale.<\/p>\n<p>Me teeme elavat, veidrat, naljakat - ja m\u00f5nikord ka t\u00f5sist - raamatut. Raamatud, millel on silm peal illustratsioonil, fotograafial ja kujundusel. Raamatud, mis inspireerivad.<\/p>","protected":false},"excerpt":{"rendered":"<p>The Cocktail Cabinet: distills 50 of the best mixes to entertain at home like a professional. With mid-century-inspired artistic illustrations, easy-to-follow recipes, and guides to garnishes, glassware, ice and syrups, this deck is the ideal pick for budding mixologists and bartending experts. Smith Street Books\u00a0is an independent publishing company based in Melbourne, Australia, but with [&hellip;]<\/p>\n","protected":false},"featured_media":242383,"comment_status":"closed","ping_status":"closed","template":"","meta":{"site-sidebar-layout":"default","site-content-layout":"","ast-site-content-layout":"default","site-content-style":"default","site-sidebar-style":"default","ast-global-header-display":"","ast-banner-title-visibility":"","ast-main-header-display":"","ast-hfb-above-header-display":"","ast-hfb-below-header-display":"","ast-hfb-mobile-header-display":"","site-post-title":"","ast-breadcrumbs-content":"","ast-featured-img":"","footer-sml-layout":"","ast-disable-related-posts":"","theme-transparent-header-meta":"default","adv-header-id-meta":"","stick-header-meta":"default","header-above-stick-meta":"","header-main-stick-meta":"","header-below-stick-meta":"","astra-migrate-meta-layouts":"set","ast-page-background-enabled":"default","ast-page-background-meta":{"desktop":{"background-color":"","background-image":"","background-repeat":"repeat","background-position":"center center","background-size":"auto","background-attachment":"scroll","background-type":"","background-media":"","overlay-type":"","overlay-color":"","overlay-opacity":"","overlay-gradient":""},"tablet":{"background-color":"","background-image":"","background-repeat":"repeat","background-position":"center center","background-size":"auto","background-attachment":"scroll","background-type":"","background-media":"","overlay-type":"","overlay-color":"","overlay-opacity":"","overlay-gradient":""},"mobile":{"background-color":"","background-image":"","background-repeat":"repeat","background-position":"center center","background-size":"auto","background-attachment":"scroll","background-type":"","background-media":"","overlay-type":"","overlay-color":"","overlay-opacity":"","overlay-gradient":""}},"ast-content-background-meta":{"desktop":{"background-color":"var(--ast-global-color-5)","background-image":"","background-repeat":"repeat","background-position":"center center","background-size":"auto","background-attachment":"scroll","background-type":"","background-media":"","overlay-type":"","overlay-color":"","overlay-opacity":"","overlay-gradient":""},"tablet":{"background-color":"var(--ast-global-color-5)","background-image":"","background-repeat":"repeat","background-position":"center center","background-size":"auto","background-attachment":"scroll","background-type":"","background-media":"","overlay-type":"","overlay-color":"","overlay-opacity":"","overlay-gradient":""},"mobile":{"background-color":"var(--ast-global-color-5)","background-image":"","background-repeat":"repeat","background-position":"center center","background-size":"auto","background-attachment":"scroll","background-type":"","background-media":"","overlay-type":"","overlay-color":"","overlay-opacity":"","overlay-gradient":""}}},"pwb-brand":[637],"product_brand":[],"product_cat":[43,533],"product_tag":[],"class_list":{"0":"post-242381","1":"product","2":"type-product","3":"status-publish","4":"has-post-thumbnail","6":"pwb-brand-smith_street_books","7":"product_cat-allsorts","8":"product_cat-table_games","9":"desktop-align-center","10":"tablet-align-center","11":"mobile-align-center","12":"ast-product-gallery-layout-vertical","13":"ast-product-tabs-layout-horizontal","15":"first","16":"instock","17":"taxable","18":"shipping-taxable","19":"purchasable","20":"product-type-simple"},"yoast_head":"<!-- This site is optimized with the Yoast SEO plugin v27.5 - https:\/\/yoast.com\/product\/yoast-seo-wordpress\/ -->\n<title>The Cocktail Cabinet: Aperitif &#8226; Gate21<\/title>\n<meta name=\"description\" content=\"The Cocktail Cabinet mixer sets with mid-century-inspired artistic illustrations, easy-to-follow recipes is the ideal pick for budding mixologists and bartending experts.\" \/>\n<meta name=\"robots\" content=\"index, follow, max-snippet:-1, max-image-preview:large, max-video-preview:-1\" \/>\n<link rel=\"canonical\" href=\"https:\/\/gate21.ee\/et\/shop\/the-cocktail-cabinet-aperitif\/\" \/>\n<meta property=\"og:locale\" content=\"et_EE\" \/>\n<meta property=\"og:type\" content=\"article\" \/>\n<meta property=\"og:title\" content=\"The Cocktail Cabinet: Aperitif &#8226; Gate21\" \/>\n<meta property=\"og:description\" content=\"The Cocktail Cabinet mixer sets with mid-century-inspired artistic illustrations, easy-to-follow recipes is the ideal pick for budding mixologists and bartending experts.\" \/>\n<meta property=\"og:url\" content=\"https:\/\/gate21.ee\/et\/shop\/the-cocktail-cabinet-aperitif\/\" \/>\n<meta property=\"og:site_name\" content=\"Gate21\" \/>\n<meta property=\"article:publisher\" content=\"https:\/\/www.facebook.com\/gate21.ee\/\" \/>\n<meta property=\"article:modified_time\" content=\"2026-02-15T11:56:36+00:00\" \/>\n<meta property=\"og:image\" content=\"https:\/\/gate21.ee\/wp-content\/uploads\/2025\/12\/SSB_BoxesGames_Aperatif_33-scaled-1.png\" \/>\n\t<meta property=\"og:image:width\" content=\"2560\" \/>\n\t<meta property=\"og:image:height\" content=\"2560\" \/>\n\t<meta property=\"og:image:type\" content=\"image\/jpeg\" \/>\n<meta name=\"twitter:card\" content=\"summary_large_image\" \/>\n<meta name=\"twitter:label1\" content=\"Est. reading time\" \/>\n\t<meta name=\"twitter:data1\" content=\"1 minut\" \/>\n<script type=\"application\/ld+json\" class=\"yoast-schema-graph\">{\"@context\":\"https:\\\/\\\/schema.org\",\"@graph\":[{\"@type\":\"WebPage\",\"@id\":\"https:\\\/\\\/gate21.ee\\\/shop\\\/the-cocktail-cabinet-aperitif\\\/\",\"url\":\"https:\\\/\\\/gate21.ee\\\/shop\\\/the-cocktail-cabinet-aperitif\\\/\",\"name\":\"The Cocktail Cabinet: Aperitif &#8226; Gate21\",\"isPartOf\":{\"@id\":\"https:\\\/\\\/gate21.ee\\\/#website\"},\"primaryImageOfPage\":{\"@id\":\"https:\\\/\\\/gate21.ee\\\/shop\\\/the-cocktail-cabinet-aperitif\\\/#primaryimage\"},\"image\":{\"@id\":\"https:\\\/\\\/gate21.ee\\\/shop\\\/the-cocktail-cabinet-aperitif\\\/#primaryimage\"},\"thumbnailUrl\":\"https:\\\/\\\/gate21.ee\\\/wp-content\\\/uploads\\\/2025\\\/12\\\/SSB_BoxesGames_Aperatif_33-scaled-1.png\",\"datePublished\":\"2025-12-10T11:56:00+00:00\",\"dateModified\":\"2026-02-15T11:56:36+00:00\",\"description\":\"The Cocktail Cabinet mixer sets with mid-century-inspired artistic illustrations, easy-to-follow recipes is the ideal pick for budding mixologists and bartending experts.\",\"breadcrumb\":{\"@id\":\"https:\\\/\\\/gate21.ee\\\/shop\\\/the-cocktail-cabinet-aperitif\\\/#breadcrumb\"},\"inLanguage\":\"et\",\"potentialAction\":[{\"@type\":\"ReadAction\",\"target\":[\"https:\\\/\\\/gate21.ee\\\/shop\\\/the-cocktail-cabinet-aperitif\\\/\"]}]},{\"@type\":\"ImageObject\",\"inLanguage\":\"et\",\"@id\":\"https:\\\/\\\/gate21.ee\\\/shop\\\/the-cocktail-cabinet-aperitif\\\/#primaryimage\",\"url\":\"https:\\\/\\\/gate21.ee\\\/wp-content\\\/uploads\\\/2025\\\/12\\\/SSB_BoxesGames_Aperatif_33-scaled-1.png\",\"contentUrl\":\"https:\\\/\\\/gate21.ee\\\/wp-content\\\/uploads\\\/2025\\\/12\\\/SSB_BoxesGames_Aperatif_33-scaled-1.png\",\"width\":2560,\"height\":2560,\"caption\":\"A partly open box labelled \\\"The Cocktail Cabinet: Aperitif\\\" reveals a stack of cards, with three displayed in front showing illustrated cocktail recipes on a white background. Gate21.ee\"},{\"@type\":\"BreadcrumbList\",\"@id\":\"https:\\\/\\\/gate21.ee\\\/shop\\\/the-cocktail-cabinet-aperitif\\\/#breadcrumb\",\"itemListElement\":[{\"@type\":\"ListItem\",\"position\":1,\"name\":\"Home\",\"item\":\"https:\\\/\\\/gate21.ee\\\/\"},{\"@type\":\"ListItem\",\"position\":2,\"name\":\"The Cocktail Cabinet: Aperitif\"}]},{\"@type\":\"WebSite\",\"@id\":\"https:\\\/\\\/gate21.ee\\\/#website\",\"url\":\"https:\\\/\\\/gate21.ee\\\/\",\"name\":\"Gate21\",\"description\":\"Gift concept store Gate21\",\"publisher\":{\"@id\":\"https:\\\/\\\/gate21.ee\\\/#organization\"},\"alternateName\":\"gate21\",\"potentialAction\":[{\"@type\":\"SearchAction\",\"target\":{\"@type\":\"EntryPoint\",\"urlTemplate\":\"https:\\\/\\\/gate21.ee\\\/?s={search_term_string}\"},\"query-input\":{\"@type\":\"PropertyValueSpecification\",\"valueRequired\":true,\"valueName\":\"search_term_string\"}}],\"inLanguage\":\"et\"},{\"@type\":\"Organization\",\"@id\":\"https:\\\/\\\/gate21.ee\\\/#organization\",\"name\":\"Gate21\",\"alternateName\":\"Gate21, Oma Asi and Oma Asi Design Store\",\"url\":\"https:\\\/\\\/gate21.ee\\\/\",\"logo\":{\"@type\":\"ImageObject\",\"inLanguage\":\"et\",\"@id\":\"https:\\\/\\\/gate21.ee\\\/#\\\/schema\\\/logo\\\/image\\\/\",\"url\":\"https:\\\/\\\/gate21.ee\\\/wp-content\\\/uploads\\\/2021\\\/11\\\/Gate_21_Logo_2_Valge.png\",\"contentUrl\":\"https:\\\/\\\/gate21.ee\\\/wp-content\\\/uploads\\\/2021\\\/11\\\/Gate_21_Logo_2_Valge.png\",\"width\":2560,\"height\":2560,\"caption\":\"Gate21\"},\"image\":{\"@id\":\"https:\\\/\\\/gate21.ee\\\/#\\\/schema\\\/logo\\\/image\\\/\"},\"sameAs\":[\"https:\\\/\\\/www.facebook.com\\\/gate21.ee\\\/\",\"https:\\\/\\\/www.instagram.com\\\/gate21.ee\\\/\",\"https:\\\/\\\/www.instagram.com\\\/omaasidesign\\\/\",\"https:\\\/\\\/www.instagram.com\\\/omaasi\\\/\",\"https:\\\/\\\/www.facebook.com\\\/omaasidesign\\\/\",\"https:\\\/\\\/www.facebook.com\\\/omaasilittleredhouse\\\/\",\"https:\\\/\\\/www.tiktok.com\\\/@gate21.ee\"]}]}<\/script>\n<!-- \/ Yoast SEO plugin. -->","yoast_head_json":{"title":"The Cocktail Cabinet: Aperitif &#8226; Gate21","description":"The Cocktail Cabinet mixer sets with mid-century-inspired artistic illustrations, easy-to-follow recipes is the ideal pick for budding mixologists and bartending experts.","robots":{"index":"index","follow":"follow","max-snippet":"max-snippet:-1","max-image-preview":"max-image-preview:large","max-video-preview":"max-video-preview:-1"},"canonical":"https:\/\/gate21.ee\/et\/shop\/the-cocktail-cabinet-aperitif\/","og_locale":"et_EE","og_type":"article","og_title":"The Cocktail Cabinet: Aperitif &#8226; Gate21","og_description":"The Cocktail Cabinet mixer sets with mid-century-inspired artistic illustrations, easy-to-follow recipes is the ideal pick for budding mixologists and bartending experts.","og_url":"https:\/\/gate21.ee\/et\/shop\/the-cocktail-cabinet-aperitif\/","og_site_name":"Gate21","article_publisher":"https:\/\/www.facebook.com\/gate21.ee\/","article_modified_time":"2026-02-15T11:56:36+00:00","og_image":[{"width":2560,"height":2560,"url":"https:\/\/gate21.ee\/wp-content\/uploads\/2025\/12\/SSB_BoxesGames_Aperatif_33-scaled-1.png","type":"image\/jpeg"}],"twitter_card":"summary_large_image","twitter_misc":{"Est. reading time":"1 minut"},"schema":{"@context":"https:\/\/schema.org","@graph":[{"@type":"WebPage","@id":"https:\/\/gate21.ee\/shop\/the-cocktail-cabinet-aperitif\/","url":"https:\/\/gate21.ee\/shop\/the-cocktail-cabinet-aperitif\/","name":"The Cocktail Cabinet: Aperitif &#8226; Gate21","isPartOf":{"@id":"https:\/\/gate21.ee\/#website"},"primaryImageOfPage":{"@id":"https:\/\/gate21.ee\/shop\/the-cocktail-cabinet-aperitif\/#primaryimage"},"image":{"@id":"https:\/\/gate21.ee\/shop\/the-cocktail-cabinet-aperitif\/#primaryimage"},"thumbnailUrl":"https:\/\/gate21.ee\/wp-content\/uploads\/2025\/12\/SSB_BoxesGames_Aperatif_33-scaled-1.png","datePublished":"2025-12-10T11:56:00+00:00","dateModified":"2026-02-15T11:56:36+00:00","description":"The Cocktail Cabinet mixer sets with mid-century-inspired artistic illustrations, easy-to-follow recipes is the ideal pick for budding mixologists and bartending experts.","breadcrumb":{"@id":"https:\/\/gate21.ee\/shop\/the-cocktail-cabinet-aperitif\/#breadcrumb"},"inLanguage":"et","potentialAction":[{"@type":"ReadAction","target":["https:\/\/gate21.ee\/shop\/the-cocktail-cabinet-aperitif\/"]}]},{"@type":"ImageObject","inLanguage":"et","@id":"https:\/\/gate21.ee\/shop\/the-cocktail-cabinet-aperitif\/#primaryimage","url":"https:\/\/gate21.ee\/wp-content\/uploads\/2025\/12\/SSB_BoxesGames_Aperatif_33-scaled-1.png","contentUrl":"https:\/\/gate21.ee\/wp-content\/uploads\/2025\/12\/SSB_BoxesGames_Aperatif_33-scaled-1.png","width":2560,"height":2560,"caption":"A partly open box labelled \"The Cocktail Cabinet: Aperitif\" reveals a stack of cards, with three displayed in front showing illustrated cocktail recipes on a white background. Gate21.ee"},{"@type":"BreadcrumbList","@id":"https:\/\/gate21.ee\/shop\/the-cocktail-cabinet-aperitif\/#breadcrumb","itemListElement":[{"@type":"ListItem","position":1,"name":"Home","item":"https:\/\/gate21.ee\/"},{"@type":"ListItem","position":2,"name":"The Cocktail Cabinet: Aperitif"}]},{"@type":"WebSite","@id":"https:\/\/gate21.ee\/#website","url":"https:\/\/gate21.ee\/","name":"Gate21","description":"Kingituskontseptsioonipood Gate21","publisher":{"@id":"https:\/\/gate21.ee\/#organization"},"alternateName":"gate21","potentialAction":[{"@type":"SearchAction","target":{"@type":"EntryPoint","urlTemplate":"https:\/\/gate21.ee\/?s={search_term_string}"},"query-input":{"@type":"PropertyValueSpecification","valueRequired":true,"valueName":"search_term_string"}}],"inLanguage":"et"},{"@type":"Organization","@id":"https:\/\/gate21.ee\/#organization","name":"Gate21","alternateName":"Gate21, Oma Asi and Oma Asi Design Store","url":"https:\/\/gate21.ee\/","logo":{"@type":"ImageObject","inLanguage":"et","@id":"https:\/\/gate21.ee\/#\/schema\/logo\/image\/","url":"https:\/\/gate21.ee\/wp-content\/uploads\/2021\/11\/Gate_21_Logo_2_Valge.png","contentUrl":"https:\/\/gate21.ee\/wp-content\/uploads\/2021\/11\/Gate_21_Logo_2_Valge.png","width":2560,"height":2560,"caption":"Gate21"},"image":{"@id":"https:\/\/gate21.ee\/#\/schema\/logo\/image\/"},"sameAs":["https:\/\/www.facebook.com\/gate21.ee\/","https:\/\/www.instagram.com\/gate21.ee\/","https:\/\/www.instagram.com\/omaasidesign\/","https:\/\/www.instagram.com\/omaasi\/","https:\/\/www.facebook.com\/omaasidesign\/","https:\/\/www.facebook.com\/omaasilittleredhouse\/","https:\/\/www.tiktok.com\/@gate21.ee"]}]}},"jetpack_sharing_enabled":true,"brands":[{"id":637,"name":"Smith Street Books","slug":"smith_street_books"}],"_links":{"self":[{"href":"https:\/\/gate21.ee\/et\/wp-json\/wp\/v2\/product\/242381","targetHints":{"allow":["GET"]}}],"collection":[{"href":"https:\/\/gate21.ee\/et\/wp-json\/wp\/v2\/product"}],"about":[{"href":"https:\/\/gate21.ee\/et\/wp-json\/wp\/v2\/types\/product"}],"replies":[{"embeddable":true,"href":"https:\/\/gate21.ee\/et\/wp-json\/wp\/v2\/comments?post=242381"}],"version-history":[{"count":1,"href":"https:\/\/gate21.ee\/et\/wp-json\/wp\/v2\/product\/242381\/revisions"}],"predecessor-version":[{"id":242385,"href":"https:\/\/gate21.ee\/et\/wp-json\/wp\/v2\/product\/242381\/revisions\/242385"}],"wp:featuredmedia":[{"embeddable":true,"href":"https:\/\/gate21.ee\/et\/wp-json\/wp\/v2\/media\/242383"}],"wp:attachment":[{"href":"https:\/\/gate21.ee\/et\/wp-json\/wp\/v2\/media?parent=242381"}],"wp:term":[{"taxonomy":"pwb-brand","embeddable":true,"href":"https:\/\/gate21.ee\/et\/wp-json\/wp\/v2\/pwb-brand?post=242381"},{"taxonomy":"product_brand","embeddable":true,"href":"https:\/\/gate21.ee\/et\/wp-json\/wp\/v2\/product_brand?post=242381"},{"taxonomy":"product_cat","embeddable":true,"href":"https:\/\/gate21.ee\/et\/wp-json\/wp\/v2\/product_cat?post=242381"},{"taxonomy":"product_tag","embeddable":true,"href":"https:\/\/gate21.ee\/et\/wp-json\/wp\/v2\/product_tag?post=242381"}],"curies":[{"name":"wp","href":"https:\/\/api.w.org\/{rel}","templated":true}]}}