{"id":239735,"date":"2025-11-19T11:58:00","date_gmt":"2025-11-19T09:58:00","guid":{"rendered":"https:\/\/gate21.ee\/?post_type=product&#038;p=239735"},"modified":"2026-02-15T13:57:31","modified_gmt":"2026-02-15T11:57:31","slug":"arctic-fox-scarf-monochrome-logo","status":"publish","type":"product","link":"https:\/\/gate21.ee\/et\/shop\/arctic-fox-scarf-monochrome-logo\/","title":{"rendered":"Arctic Fox sall - \u00fchev\u00e4rviline logo"},"content":{"rendered":"<p><a href=\"https:\/\/gate21.ee\/et\/brand\/arctic_fox\/\"><img fetchpriority=\"high\" decoding=\"async\" class=\"wp-image-239649 size-medium alignleft\" src=\"https:\/\/gate21.ee\/wp-content\/uploads\/2025\/11\/Group_Photo_AW24-225x300.webp\" alt=\"\" width=\"225\" height=\"300\" srcset=\"https:\/\/gate21.ee\/wp-content\/uploads\/2025\/11\/Group_Photo_AW24-225x300.webp 225w, https:\/\/gate21.ee\/wp-content\/uploads\/2025\/11\/Group_Photo_AW24-768x1024.webp 768w, https:\/\/gate21.ee\/wp-content\/uploads\/2025\/11\/Group_Photo_AW24-9x12.webp 9w, https:\/\/gate21.ee\/wp-content\/uploads\/2025\/11\/Group_Photo_AW24-600x800.webp 600w, https:\/\/gate21.ee\/wp-content\/uploads\/2025\/11\/Group_Photo_AW24.webp 900w\" sizes=\"(max-width: 225px) 100vw, 225px\" \/><\/a><a href=\"https:\/\/gate21.ee\/et\/brand\/arctic_fox\/\">Arctic Fox<\/a> on \u00dchendkuningriigis asuv kaubam\u00e4rk, mis on loodud k\u00fclma jaoks. T\u00f5eline k\u00fclm. M\u00fctsid ja sallid hoiavad teid soojas, kui ilm muutub karmiks. Disainitud \u00dchendkuningriigis, ilma kompromissideta kvaliteedis. Taaskasutatud plastpudelitest on valmistatud vastupidavad ja soojad kiud, mida kasutatakse l\u00f5ngades. See t\u00e4hendab v\u00e4iksemat jalaj\u00e4lge sama tugeva j\u00f5udluse juures. Kangad on pehmed, hoiavad oma kuju ja mis k\u00f5ige t\u00e4htsam - kestavad. Puhas meeleolu, kindel teostus. Arctic Fox lihtsalt t\u00f6\u00f6tab.<\/p>","protected":false},"excerpt":{"rendered":"<p>Arctic Fox is a UK based brand built for the cold. Real cold. The beanies and scarves keep you warm when the weather turns harsh. Designed in the United Kingdom with zero compromises on quality. Recycled plastic bottles are transformed into durable, warm fibers used in the yarns. That means a smaller footprint with the [&hellip;]<\/p>\n","protected":false},"featured_media":239736,"comment_status":"closed","ping_status":"closed","template":"","meta":{"site-sidebar-layout":"default","site-content-layout":"","ast-site-content-layout":"default","site-content-style":"default","site-sidebar-style":"default","ast-global-header-display":"","ast-banner-title-visibility":"","ast-main-header-display":"","ast-hfb-above-header-display":"","ast-hfb-below-header-display":"","ast-hfb-mobile-header-display":"","site-post-title":"","ast-breadcrumbs-content":"","ast-featured-img":"","footer-sml-layout":"","ast-disable-related-posts":"","theme-transparent-header-meta":"default","adv-header-id-meta":"","stick-header-meta":"default","header-above-stick-meta":"","header-main-stick-meta":"","header-below-stick-meta":"","astra-migrate-meta-layouts":"set","ast-page-background-enabled":"default","ast-page-background-meta":{"desktop":{"background-color":"","background-image":"","background-repeat":"repeat","background-position":"center center","background-size":"auto","background-attachment":"scroll","background-type":"","background-media":"","overlay-type":"","overlay-color":"","overlay-opacity":"","overlay-gradient":""},"tablet":{"background-color":"","background-image":"","background-repeat":"repeat","background-position":"center center","background-size":"auto","background-attachment":"scroll","background-type":"","background-media":"","overlay-type":"","overlay-color":"","overlay-opacity":"","overlay-gradient":""},"mobile":{"background-color":"","background-image":"","background-repeat":"repeat","background-position":"center center","background-size":"auto","background-attachment":"scroll","background-type":"","background-media":"","overlay-type":"","overlay-color":"","overlay-opacity":"","overlay-gradient":""}},"ast-content-background-meta":{"desktop":{"background-color":"var(--ast-global-color-5)","background-image":"","background-repeat":"repeat","background-position":"center center","background-size":"auto","background-attachment":"scroll","background-type":"","background-media":"","overlay-type":"","overlay-color":"","overlay-opacity":"","overlay-gradient":""},"tablet":{"background-color":"var(--ast-global-color-5)","background-image":"","background-repeat":"repeat","background-position":"center center","background-size":"auto","background-attachment":"scroll","background-type":"","background-media":"","overlay-type":"","overlay-color":"","overlay-opacity":"","overlay-gradient":""},"mobile":{"background-color":"var(--ast-global-color-5)","background-image":"","background-repeat":"repeat","background-position":"center center","background-size":"auto","background-attachment":"scroll","background-type":"","background-media":"","overlay-type":"","overlay-color":"","overlay-opacity":"","overlay-gradient":""}}},"pwb-brand":[636],"product_brand":[],"product_cat":[56,337],"product_tag":[],"class_list":{"0":"post-239735","1":"product","2":"type-product","3":"status-publish","4":"has-post-thumbnail","6":"pwb-brand-arctic_fox","7":"product_cat-clothing","8":"product_cat-scarves","9":"desktop-align-center","10":"tablet-align-center","11":"mobile-align-center","12":"ast-product-gallery-layout-vertical","13":"ast-product-tabs-layout-horizontal","15":"first","16":"instock","17":"taxable","18":"shipping-taxable","19":"purchasable","20":"product-type-simple"},"yoast_head":"<!-- This site is optimized with the Yoast SEO plugin v27.4 - https:\/\/yoast.com\/product\/yoast-seo-wordpress\/ -->\n<title>Arctic Fox Scarf - Monochrome Logo &#8226; Gate21<\/title>\n<meta name=\"description\" content=\"Arctic Fox recycled scarves\" \/>\n<meta name=\"robots\" content=\"index, follow, max-snippet:-1, max-image-preview:large, max-video-preview:-1\" \/>\n<link rel=\"canonical\" href=\"https:\/\/gate21.ee\/et\/shop\/arctic-fox-scarf-monochrome-logo\/\" \/>\n<meta property=\"og:locale\" content=\"et_EE\" \/>\n<meta property=\"og:type\" content=\"article\" \/>\n<meta property=\"og:title\" content=\"Arctic Fox Scarf - Monochrome Logo &#8226; Gate21\" \/>\n<meta property=\"og:description\" content=\"Arctic Fox recycled scarves\" \/>\n<meta property=\"og:url\" content=\"https:\/\/gate21.ee\/et\/shop\/arctic-fox-scarf-monochrome-logo\/\" \/>\n<meta property=\"og:site_name\" content=\"Gate21\" \/>\n<meta property=\"article:publisher\" content=\"https:\/\/www.facebook.com\/gate21.ee\/\" \/>\n<meta property=\"article:modified_time\" content=\"2026-02-15T11:57:31+00:00\" \/>\n<meta property=\"og:image\" content=\"https:\/\/gate21.ee\/wp-content\/uploads\/2025\/11\/8eecf1140f44d98ceac2b0dd09206332815153e9e8183bacc7c60dee90310188.jpeg.webp\" \/>\n\t<meta property=\"og:image:width\" content=\"445\" \/>\n\t<meta property=\"og:image:height\" content=\"667\" \/>\n\t<meta property=\"og:image:type\" content=\"image\/webp\" \/>\n<meta name=\"twitter:card\" content=\"summary_large_image\" \/>\n<meta name=\"twitter:label1\" content=\"Est. reading time\" \/>\n\t<meta name=\"twitter:data1\" content=\"2 minutit\" \/>\n<script type=\"application\/ld+json\" class=\"yoast-schema-graph\">{\"@context\":\"https:\\\/\\\/schema.org\",\"@graph\":[{\"@type\":\"WebPage\",\"@id\":\"https:\\\/\\\/gate21.ee\\\/shop\\\/arctic-fox-scarf-monochrome-logo\\\/\",\"url\":\"https:\\\/\\\/gate21.ee\\\/shop\\\/arctic-fox-scarf-monochrome-logo\\\/\",\"name\":\"Arctic Fox Scarf - Monochrome Logo &#8226; Gate21\",\"isPartOf\":{\"@id\":\"https:\\\/\\\/gate21.ee\\\/#website\"},\"primaryImageOfPage\":{\"@id\":\"https:\\\/\\\/gate21.ee\\\/shop\\\/arctic-fox-scarf-monochrome-logo\\\/#primaryimage\"},\"image\":{\"@id\":\"https:\\\/\\\/gate21.ee\\\/shop\\\/arctic-fox-scarf-monochrome-logo\\\/#primaryimage\"},\"thumbnailUrl\":\"https:\\\/\\\/gate21.ee\\\/wp-content\\\/uploads\\\/2025\\\/11\\\/8eecf1140f44d98ceac2b0dd09206332815153e9e8183bacc7c60dee90310188.jpeg.webp\",\"datePublished\":\"2025-11-19T09:58:00+00:00\",\"dateModified\":\"2026-02-15T11:57:31+00:00\",\"description\":\"Arctic Fox recycled scarves\",\"breadcrumb\":{\"@id\":\"https:\\\/\\\/gate21.ee\\\/shop\\\/arctic-fox-scarf-monochrome-logo\\\/#breadcrumb\"},\"inLanguage\":\"et\",\"potentialAction\":[{\"@type\":\"ReadAction\",\"target\":[\"https:\\\/\\\/gate21.ee\\\/shop\\\/arctic-fox-scarf-monochrome-logo\\\/\"]}]},{\"@type\":\"ImageObject\",\"inLanguage\":\"et\",\"@id\":\"https:\\\/\\\/gate21.ee\\\/shop\\\/arctic-fox-scarf-monochrome-logo\\\/#primaryimage\",\"url\":\"https:\\\/\\\/gate21.ee\\\/wp-content\\\/uploads\\\/2025\\\/11\\\/8eecf1140f44d98ceac2b0dd09206332815153e9e8183bacc7c60dee90310188.jpeg.webp\",\"contentUrl\":\"https:\\\/\\\/gate21.ee\\\/wp-content\\\/uploads\\\/2025\\\/11\\\/8eecf1140f44d98ceac2b0dd09206332815153e9e8183bacc7c60dee90310188.jpeg.webp\",\"width\":445,\"height\":667,\"caption\":\"The Arctic Fox Scarf - Monochrome Logo features black and grey colour blocks, bold ARCTIC FOX STOCKHOLM lettering, and fringed edges. Gate21.ee\"},{\"@type\":\"BreadcrumbList\",\"@id\":\"https:\\\/\\\/gate21.ee\\\/shop\\\/arctic-fox-scarf-monochrome-logo\\\/#breadcrumb\",\"itemListElement\":[{\"@type\":\"ListItem\",\"position\":1,\"name\":\"Home\",\"item\":\"https:\\\/\\\/gate21.ee\\\/\"},{\"@type\":\"ListItem\",\"position\":2,\"name\":\"Arctic Fox Scarf &#8211; Monochrome Logo\"}]},{\"@type\":\"WebSite\",\"@id\":\"https:\\\/\\\/gate21.ee\\\/#website\",\"url\":\"https:\\\/\\\/gate21.ee\\\/\",\"name\":\"Gate21\",\"description\":\"Gift concept store Gate21\",\"publisher\":{\"@id\":\"https:\\\/\\\/gate21.ee\\\/#organization\"},\"alternateName\":\"gate21\",\"potentialAction\":[{\"@type\":\"SearchAction\",\"target\":{\"@type\":\"EntryPoint\",\"urlTemplate\":\"https:\\\/\\\/gate21.ee\\\/?s={search_term_string}\"},\"query-input\":{\"@type\":\"PropertyValueSpecification\",\"valueRequired\":true,\"valueName\":\"search_term_string\"}}],\"inLanguage\":\"et\"},{\"@type\":\"Organization\",\"@id\":\"https:\\\/\\\/gate21.ee\\\/#organization\",\"name\":\"Gate21\",\"alternateName\":\"Gate21, Oma Asi and Oma Asi Design Store\",\"url\":\"https:\\\/\\\/gate21.ee\\\/\",\"logo\":{\"@type\":\"ImageObject\",\"inLanguage\":\"et\",\"@id\":\"https:\\\/\\\/gate21.ee\\\/#\\\/schema\\\/logo\\\/image\\\/\",\"url\":\"https:\\\/\\\/gate21.ee\\\/wp-content\\\/uploads\\\/2021\\\/11\\\/Gate_21_Logo_2_Valge.png\",\"contentUrl\":\"https:\\\/\\\/gate21.ee\\\/wp-content\\\/uploads\\\/2021\\\/11\\\/Gate_21_Logo_2_Valge.png\",\"width\":2560,\"height\":2560,\"caption\":\"Gate21\"},\"image\":{\"@id\":\"https:\\\/\\\/gate21.ee\\\/#\\\/schema\\\/logo\\\/image\\\/\"},\"sameAs\":[\"https:\\\/\\\/www.facebook.com\\\/gate21.ee\\\/\",\"https:\\\/\\\/www.instagram.com\\\/gate21.ee\\\/\",\"https:\\\/\\\/www.instagram.com\\\/omaasidesign\\\/\",\"https:\\\/\\\/www.instagram.com\\\/omaasi\\\/\",\"https:\\\/\\\/www.facebook.com\\\/omaasidesign\\\/\",\"https:\\\/\\\/www.facebook.com\\\/omaasilittleredhouse\\\/\",\"https:\\\/\\\/www.tiktok.com\\\/@gate21.ee\"]}]}<\/script>\n<!-- \/ Yoast SEO plugin. -->","yoast_head_json":{"title":"Arctic Fox Scarf - Monochrome Logo &#8226; Gate21","description":"Arctic Fox recycled scarves","robots":{"index":"index","follow":"follow","max-snippet":"max-snippet:-1","max-image-preview":"max-image-preview:large","max-video-preview":"max-video-preview:-1"},"canonical":"https:\/\/gate21.ee\/et\/shop\/arctic-fox-scarf-monochrome-logo\/","og_locale":"et_EE","og_type":"article","og_title":"Arctic Fox Scarf - Monochrome Logo &#8226; Gate21","og_description":"Arctic Fox recycled scarves","og_url":"https:\/\/gate21.ee\/et\/shop\/arctic-fox-scarf-monochrome-logo\/","og_site_name":"Gate21","article_publisher":"https:\/\/www.facebook.com\/gate21.ee\/","article_modified_time":"2026-02-15T11:57:31+00:00","og_image":[{"width":445,"height":667,"url":"https:\/\/gate21.ee\/wp-content\/uploads\/2025\/11\/8eecf1140f44d98ceac2b0dd09206332815153e9e8183bacc7c60dee90310188.jpeg.webp","type":"image\/webp"}],"twitter_card":"summary_large_image","twitter_misc":{"Est. reading time":"2 minutit"},"schema":{"@context":"https:\/\/schema.org","@graph":[{"@type":"WebPage","@id":"https:\/\/gate21.ee\/shop\/arctic-fox-scarf-monochrome-logo\/","url":"https:\/\/gate21.ee\/shop\/arctic-fox-scarf-monochrome-logo\/","name":"Arctic Fox Scarf - Monochrome Logo &#8226; Gate21","isPartOf":{"@id":"https:\/\/gate21.ee\/#website"},"primaryImageOfPage":{"@id":"https:\/\/gate21.ee\/shop\/arctic-fox-scarf-monochrome-logo\/#primaryimage"},"image":{"@id":"https:\/\/gate21.ee\/shop\/arctic-fox-scarf-monochrome-logo\/#primaryimage"},"thumbnailUrl":"https:\/\/gate21.ee\/wp-content\/uploads\/2025\/11\/8eecf1140f44d98ceac2b0dd09206332815153e9e8183bacc7c60dee90310188.jpeg.webp","datePublished":"2025-11-19T09:58:00+00:00","dateModified":"2026-02-15T11:57:31+00:00","description":"Arctic Fox recycled scarves","breadcrumb":{"@id":"https:\/\/gate21.ee\/shop\/arctic-fox-scarf-monochrome-logo\/#breadcrumb"},"inLanguage":"et","potentialAction":[{"@type":"ReadAction","target":["https:\/\/gate21.ee\/shop\/arctic-fox-scarf-monochrome-logo\/"]}]},{"@type":"ImageObject","inLanguage":"et","@id":"https:\/\/gate21.ee\/shop\/arctic-fox-scarf-monochrome-logo\/#primaryimage","url":"https:\/\/gate21.ee\/wp-content\/uploads\/2025\/11\/8eecf1140f44d98ceac2b0dd09206332815153e9e8183bacc7c60dee90310188.jpeg.webp","contentUrl":"https:\/\/gate21.ee\/wp-content\/uploads\/2025\/11\/8eecf1140f44d98ceac2b0dd09206332815153e9e8183bacc7c60dee90310188.jpeg.webp","width":445,"height":667,"caption":"The Arctic Fox Scarf - Monochrome Logo features black and grey colour blocks, bold ARCTIC FOX STOCKHOLM lettering, and fringed edges. Gate21.ee"},{"@type":"BreadcrumbList","@id":"https:\/\/gate21.ee\/shop\/arctic-fox-scarf-monochrome-logo\/#breadcrumb","itemListElement":[{"@type":"ListItem","position":1,"name":"Home","item":"https:\/\/gate21.ee\/"},{"@type":"ListItem","position":2,"name":"Arctic Fox Scarf &#8211; Monochrome Logo"}]},{"@type":"WebSite","@id":"https:\/\/gate21.ee\/#website","url":"https:\/\/gate21.ee\/","name":"Gate21","description":"Kingituskontseptsioonipood Gate21","publisher":{"@id":"https:\/\/gate21.ee\/#organization"},"alternateName":"gate21","potentialAction":[{"@type":"SearchAction","target":{"@type":"EntryPoint","urlTemplate":"https:\/\/gate21.ee\/?s={search_term_string}"},"query-input":{"@type":"PropertyValueSpecification","valueRequired":true,"valueName":"search_term_string"}}],"inLanguage":"et"},{"@type":"Organization","@id":"https:\/\/gate21.ee\/#organization","name":"Gate21","alternateName":"Gate21, Oma Asi and Oma Asi Design Store","url":"https:\/\/gate21.ee\/","logo":{"@type":"ImageObject","inLanguage":"et","@id":"https:\/\/gate21.ee\/#\/schema\/logo\/image\/","url":"https:\/\/gate21.ee\/wp-content\/uploads\/2021\/11\/Gate_21_Logo_2_Valge.png","contentUrl":"https:\/\/gate21.ee\/wp-content\/uploads\/2021\/11\/Gate_21_Logo_2_Valge.png","width":2560,"height":2560,"caption":"Gate21"},"image":{"@id":"https:\/\/gate21.ee\/#\/schema\/logo\/image\/"},"sameAs":["https:\/\/www.facebook.com\/gate21.ee\/","https:\/\/www.instagram.com\/gate21.ee\/","https:\/\/www.instagram.com\/omaasidesign\/","https:\/\/www.instagram.com\/omaasi\/","https:\/\/www.facebook.com\/omaasidesign\/","https:\/\/www.facebook.com\/omaasilittleredhouse\/","https:\/\/www.tiktok.com\/@gate21.ee"]}]}},"jetpack_sharing_enabled":true,"brands":[{"id":636,"name":"Arctic Fox","slug":"arctic_fox"}],"_links":{"self":[{"href":"https:\/\/gate21.ee\/et\/wp-json\/wp\/v2\/product\/239735","targetHints":{"allow":["GET"]}}],"collection":[{"href":"https:\/\/gate21.ee\/et\/wp-json\/wp\/v2\/product"}],"about":[{"href":"https:\/\/gate21.ee\/et\/wp-json\/wp\/v2\/types\/product"}],"replies":[{"embeddable":true,"href":"https:\/\/gate21.ee\/et\/wp-json\/wp\/v2\/comments?post=239735"}],"version-history":[{"count":3,"href":"https:\/\/gate21.ee\/et\/wp-json\/wp\/v2\/product\/239735\/revisions"}],"predecessor-version":[{"id":249338,"href":"https:\/\/gate21.ee\/et\/wp-json\/wp\/v2\/product\/239735\/revisions\/249338"}],"wp:featuredmedia":[{"embeddable":true,"href":"https:\/\/gate21.ee\/et\/wp-json\/wp\/v2\/media\/239736"}],"wp:attachment":[{"href":"https:\/\/gate21.ee\/et\/wp-json\/wp\/v2\/media?parent=239735"}],"wp:term":[{"taxonomy":"pwb-brand","embeddable":true,"href":"https:\/\/gate21.ee\/et\/wp-json\/wp\/v2\/pwb-brand?post=239735"},{"taxonomy":"product_brand","embeddable":true,"href":"https:\/\/gate21.ee\/et\/wp-json\/wp\/v2\/product_brand?post=239735"},{"taxonomy":"product_cat","embeddable":true,"href":"https:\/\/gate21.ee\/et\/wp-json\/wp\/v2\/product_cat?post=239735"},{"taxonomy":"product_tag","embeddable":true,"href":"https:\/\/gate21.ee\/et\/wp-json\/wp\/v2\/product_tag?post=239735"}],"curies":[{"name":"wp","href":"https:\/\/api.w.org\/{rel}","templated":true}]}}