{"id":239582,"date":"2025-11-17T13:57:00","date_gmt":"2025-11-17T11:57:00","guid":{"rendered":"https:\/\/gate21.ee\/?post_type=product&#038;p=239582"},"modified":"2026-02-15T13:57:34","modified_gmt":"2026-02-15T11:57:34","slug":"dusty-rose-pink-burgundy-40mm","status":"publish","type":"product","link":"https:\/\/gate21.ee\/et\/shop\/dusty-rose-pink-burgundy-40mm\/","title":{"rendered":"Tolmuselt roosa roosa \/ Burgundia \/ 40mm"},"content":{"rendered":"<p><span id=\"DJ9MMUQ\">MIS KELL ON?<\/span><\/p>\n<p>PICTO <a href=\"https:\/\/gate21.ee\/et\/tootekategooria\/accessories\/watches-accessories\/\">kellad<\/a> esitavad v\u00e4ljakutse klassikalisele kellale, millel on kaks seierit ja nummerdatud sihverplaat. Picto kellade erip\u00e4raks on p\u00f6\u00f6rlev sihverplaat koos tundi n\u00e4itava t\u00e4piga.<\/p>\n<p><img fetchpriority=\"high\" decoding=\"async\" class=\"alignnone size-medium wp-image-37012\" src=\"https:\/\/gate21.ee\/wp-content\/uploads\/2021\/05\/PICTO_frontpage_Tellingtime_795x680_1-1-600x178.png\" alt=\"\" width=\"600\" height=\"178\" srcset=\"https:\/\/gate21.ee\/wp-content\/uploads\/2021\/05\/PICTO_frontpage_Tellingtime_795x680_1-1-600x178.png 600w, https:\/\/gate21.ee\/wp-content\/uploads\/2021\/05\/PICTO_frontpage_Tellingtime_795x680_1-1.png 705w\" sizes=\"(max-width: 600px) 100vw, 600px\" \/><\/p>\n<p>TEAVE KELLA KOHTA<\/p>\n<table id=\"product-attribute-specs-table\" class=\"data-table\">\n<tbody>\n<tr class=\"odd\">\n<th class=\"label\">Suurus<\/th>\n<td class=\"data last\">40 mm<\/td>\n<\/tr>\n<tr class=\"even\">\n<th class=\"label\">Sihverplaadi v\u00e4rv<\/th>\n<td class=\"data last\">Roheline<\/td>\n<\/tr>\n<tr class=\"odd\">\n<th class=\"label\">Raam<\/th>\n<td class=\"data last\">Matt kuldne<\/td>\n<\/tr>\n<tr class=\"even\">\n<th class=\"label\">Rihma materjal<\/th>\n<td class=\"data last\">Nahast rihm<\/td>\n<\/tr>\n<tr class=\"odd\">\n<th class=\"label\">Rihma v\u00e4rv<\/th>\n<td class=\"data last\">Tumesinine<\/td>\n<\/tr>\n<tr class=\"even\">\n<th class=\"label\">Rihma laius<\/th>\n<td class=\"data last\">20 mm<\/td>\n<\/tr>\n<\/tbody>\n<\/table>\n<p><a href=\"https:\/\/gate21.ee\/et\/brand\/picto\/\">PICTO<\/a> selle l\u00f5id kaks noort hipi Steen ja Erling 80ndatel. Ajal, mil k\u00f5ik olid h\u00f5ivatud r\u00e4\u00e4kimisega teemal &quot;aeg on raha&quot; ja &quot;iga minut loeb&quot;, l\u00e4ksid kaks loojat diametraalselt vastupidises suunas. PICTO abil julgustatakse teid ise oma p\u00e4evakava paika panema. Siin ei ole p\u00e4ev jagatud minutiteks ja sekunditeks. See on pigem aja n\u00e4itaja.<\/p>\n<p>Alates esimeste mehaaniliste kellade valmistamisest 1200ndatel on need koosnenud numbritega sihverplaadist ja kahest osutist, kuid PICTO asutajad tahtsid teha midagi teistsugust ning tulid v\u00e4lja p\u00f6\u00f6rleva sihverplaadiga.<\/p>\n<p>Kui oled kord seda proovinud, ei saa enam tagasi minna.<\/p>","protected":false},"excerpt":{"rendered":"<p>WHAT TIME IS IT? PICTO watches challenge the idea of a classic watch having two watch hands and a numbered dial. Here, the hour is indicated by a dot on a rotating dial, while the minutes are indicated by a conventional hand. WATCH INFORMATION Size 40 mm Dial Colour Dusty green Bezel Matt gold Strap [&hellip;]<\/p>\n","protected":false},"featured_media":239585,"comment_status":"closed","ping_status":"closed","template":"","meta":{"site-sidebar-layout":"default","site-content-layout":"default","ast-site-content-layout":"default","site-content-style":"default","site-sidebar-style":"default","ast-global-header-display":"","ast-banner-title-visibility":"","ast-main-header-display":"","ast-hfb-above-header-display":"","ast-hfb-below-header-display":"","ast-hfb-mobile-header-display":"","site-post-title":"","ast-breadcrumbs-content":"","ast-featured-img":"","footer-sml-layout":"","ast-disable-related-posts":"","theme-transparent-header-meta":"default","adv-header-id-meta":"","stick-header-meta":"default","header-above-stick-meta":"","header-main-stick-meta":"","header-below-stick-meta":"","astra-migrate-meta-layouts":"set","ast-page-background-enabled":"default","ast-page-background-meta":{"desktop":{"background-color":"","background-image":"","background-repeat":"repeat","background-position":"center center","background-size":"auto","background-attachment":"scroll","background-type":"","background-media":"","overlay-type":"","overlay-color":"","overlay-opacity":"","overlay-gradient":""},"tablet":{"background-color":"","background-image":"","background-repeat":"repeat","background-position":"center center","background-size":"auto","background-attachment":"scroll","background-type":"","background-media":"","overlay-type":"","overlay-color":"","overlay-opacity":"","overlay-gradient":""},"mobile":{"background-color":"","background-image":"","background-repeat":"repeat","background-position":"center center","background-size":"auto","background-attachment":"scroll","background-type":"","background-media":"","overlay-type":"","overlay-color":"","overlay-opacity":"","overlay-gradient":""}},"ast-content-background-meta":{"desktop":{"background-color":"var(--ast-global-color-5)","background-image":"","background-repeat":"repeat","background-position":"center center","background-size":"auto","background-attachment":"scroll","background-type":"","background-media":"","overlay-type":"","overlay-color":"","overlay-opacity":"","overlay-gradient":""},"tablet":{"background-color":"var(--ast-global-color-5)","background-image":"","background-repeat":"repeat","background-position":"center center","background-size":"auto","background-attachment":"scroll","background-type":"","background-media":"","overlay-type":"","overlay-color":"","overlay-opacity":"","overlay-gradient":""},"mobile":{"background-color":"var(--ast-global-color-5)","background-image":"","background-repeat":"repeat","background-position":"center center","background-size":"auto","background-attachment":"scroll","background-type":"","background-media":"","overlay-type":"","overlay-color":"","overlay-opacity":"","overlay-gradient":""}}},"pwb-brand":[165],"product_brand":[],"product_cat":[213,365],"product_tag":[334],"class_list":{"0":"post-239582","1":"product","2":"type-product","3":"status-publish","4":"has-post-thumbnail","6":"pwb-brand-picto","7":"product_cat-accessories","8":"product_cat-watches-accessories","9":"product_tag-watch","10":"desktop-align-center","11":"tablet-align-center","12":"mobile-align-center","13":"ast-product-gallery-layout-vertical","14":"ast-product-tabs-layout-horizontal","16":"first","17":"instock","18":"taxable","19":"shipping-taxable","20":"purchasable","21":"product-type-simple"},"yoast_head":"<!-- This site is optimized with the Yoast SEO plugin v27.4 - https:\/\/yoast.com\/product\/yoast-seo-wordpress\/ -->\n<title>Dusty Rose Pink \/ Burgundy \/ 40mm &#8226; Gate21<\/title>\n<meta name=\"description\" content=\"Steen Georg Christensen and Erling Andersen challenged the norm and developed the PICTO watch with rotating dial.\" \/>\n<meta name=\"robots\" content=\"index, follow, max-snippet:-1, max-image-preview:large, max-video-preview:-1\" \/>\n<link rel=\"canonical\" href=\"https:\/\/gate21.ee\/et\/shop\/dusty-rose-pink-burgundy-40mm\/\" \/>\n<meta property=\"og:locale\" content=\"et_EE\" \/>\n<meta property=\"og:type\" content=\"article\" \/>\n<meta property=\"og:title\" content=\"Dusty Rose Pink \/ Burgundy \/ 40mm &#8226; Gate21\" \/>\n<meta property=\"og:description\" content=\"Steen Georg Christensen and Erling Andersen challenged the norm and developed the PICTO watch with rotating dial.\" \/>\n<meta property=\"og:url\" content=\"https:\/\/gate21.ee\/et\/shop\/dusty-rose-pink-burgundy-40mm\/\" \/>\n<meta property=\"og:site_name\" content=\"Gate21\" \/>\n<meta property=\"article:publisher\" content=\"https:\/\/www.facebook.com\/gate21.ee\/\" \/>\n<meta property=\"article:modified_time\" content=\"2026-02-15T11:57:34+00:00\" \/>\n<meta property=\"og:image\" content=\"https:\/\/gate21.ee\/wp-content\/uploads\/2025\/11\/Picto_dusty_rose.webp\" \/>\n\t<meta property=\"og:image:width\" content=\"800\" \/>\n\t<meta property=\"og:image:height\" content=\"1200\" \/>\n\t<meta property=\"og:image:type\" content=\"image\/webp\" \/>\n<meta name=\"twitter:card\" content=\"summary_large_image\" \/>\n<meta name=\"twitter:label1\" content=\"Est. reading time\" \/>\n\t<meta name=\"twitter:data1\" content=\"2 minutit\" \/>\n<script type=\"application\/ld+json\" class=\"yoast-schema-graph\">{\"@context\":\"https:\\\/\\\/schema.org\",\"@graph\":[{\"@type\":\"WebPage\",\"@id\":\"https:\\\/\\\/gate21.ee\\\/shop\\\/dusty-rose-pink-burgundy-40mm\\\/\",\"url\":\"https:\\\/\\\/gate21.ee\\\/shop\\\/dusty-rose-pink-burgundy-40mm\\\/\",\"name\":\"Dusty Rose Pink \\\/ Burgundy \\\/ 40mm &#8226; Gate21\",\"isPartOf\":{\"@id\":\"https:\\\/\\\/gate21.ee\\\/#website\"},\"primaryImageOfPage\":{\"@id\":\"https:\\\/\\\/gate21.ee\\\/shop\\\/dusty-rose-pink-burgundy-40mm\\\/#primaryimage\"},\"image\":{\"@id\":\"https:\\\/\\\/gate21.ee\\\/shop\\\/dusty-rose-pink-burgundy-40mm\\\/#primaryimage\"},\"thumbnailUrl\":\"https:\\\/\\\/gate21.ee\\\/wp-content\\\/uploads\\\/2025\\\/11\\\/Picto_dusty_rose.webp\",\"datePublished\":\"2025-11-17T11:57:00+00:00\",\"dateModified\":\"2026-02-15T11:57:34+00:00\",\"description\":\"Steen Georg Christensen and Erling Andersen challenged the norm and developed the PICTO watch with rotating dial.\",\"breadcrumb\":{\"@id\":\"https:\\\/\\\/gate21.ee\\\/shop\\\/dusty-rose-pink-burgundy-40mm\\\/#breadcrumb\"},\"inLanguage\":\"et\",\"potentialAction\":[{\"@type\":\"ReadAction\",\"target\":[\"https:\\\/\\\/gate21.ee\\\/shop\\\/dusty-rose-pink-burgundy-40mm\\\/\"]}]},{\"@type\":\"ImageObject\",\"inLanguage\":\"et\",\"@id\":\"https:\\\/\\\/gate21.ee\\\/shop\\\/dusty-rose-pink-burgundy-40mm\\\/#primaryimage\",\"url\":\"https:\\\/\\\/gate21.ee\\\/wp-content\\\/uploads\\\/2025\\\/11\\\/Picto_dusty_rose.webp\",\"contentUrl\":\"https:\\\/\\\/gate21.ee\\\/wp-content\\\/uploads\\\/2025\\\/11\\\/Picto_dusty_rose.webp\",\"width\":800,\"height\":1200,\"caption\":\"The Dusty Rose Pink \\\/ Burgundy \\\/ 40mm PICTO watch features a minimalist round gold case, plain white face, single gold hand with a gold dot, and a dark brown leather strap, all without numbers or extra markings. Gate21.ee\"},{\"@type\":\"BreadcrumbList\",\"@id\":\"https:\\\/\\\/gate21.ee\\\/shop\\\/dusty-rose-pink-burgundy-40mm\\\/#breadcrumb\",\"itemListElement\":[{\"@type\":\"ListItem\",\"position\":1,\"name\":\"Home\",\"item\":\"https:\\\/\\\/gate21.ee\\\/\"},{\"@type\":\"ListItem\",\"position\":2,\"name\":\"Dusty Rose Pink \\\/ Burgundy \\\/ 40mm\"}]},{\"@type\":\"WebSite\",\"@id\":\"https:\\\/\\\/gate21.ee\\\/#website\",\"url\":\"https:\\\/\\\/gate21.ee\\\/\",\"name\":\"Gate21\",\"description\":\"Gift concept store Gate21\",\"publisher\":{\"@id\":\"https:\\\/\\\/gate21.ee\\\/#organization\"},\"alternateName\":\"gate21\",\"potentialAction\":[{\"@type\":\"SearchAction\",\"target\":{\"@type\":\"EntryPoint\",\"urlTemplate\":\"https:\\\/\\\/gate21.ee\\\/?s={search_term_string}\"},\"query-input\":{\"@type\":\"PropertyValueSpecification\",\"valueRequired\":true,\"valueName\":\"search_term_string\"}}],\"inLanguage\":\"et\"},{\"@type\":\"Organization\",\"@id\":\"https:\\\/\\\/gate21.ee\\\/#organization\",\"name\":\"Gate21\",\"alternateName\":\"Gate21, Oma Asi and Oma Asi Design Store\",\"url\":\"https:\\\/\\\/gate21.ee\\\/\",\"logo\":{\"@type\":\"ImageObject\",\"inLanguage\":\"et\",\"@id\":\"https:\\\/\\\/gate21.ee\\\/#\\\/schema\\\/logo\\\/image\\\/\",\"url\":\"https:\\\/\\\/gate21.ee\\\/wp-content\\\/uploads\\\/2021\\\/11\\\/Gate_21_Logo_2_Valge.png\",\"contentUrl\":\"https:\\\/\\\/gate21.ee\\\/wp-content\\\/uploads\\\/2021\\\/11\\\/Gate_21_Logo_2_Valge.png\",\"width\":2560,\"height\":2560,\"caption\":\"Gate21\"},\"image\":{\"@id\":\"https:\\\/\\\/gate21.ee\\\/#\\\/schema\\\/logo\\\/image\\\/\"},\"sameAs\":[\"https:\\\/\\\/www.facebook.com\\\/gate21.ee\\\/\",\"https:\\\/\\\/www.instagram.com\\\/gate21.ee\\\/\",\"https:\\\/\\\/www.instagram.com\\\/omaasidesign\\\/\",\"https:\\\/\\\/www.instagram.com\\\/omaasi\\\/\",\"https:\\\/\\\/www.facebook.com\\\/omaasidesign\\\/\",\"https:\\\/\\\/www.facebook.com\\\/omaasilittleredhouse\\\/\",\"https:\\\/\\\/www.tiktok.com\\\/@gate21.ee\"]}]}<\/script>\n<!-- \/ Yoast SEO plugin. -->","yoast_head_json":{"title":"Dusty Rose Pink \/ Burgundy \/ 40mm &#8226; Gate21","description":"Steen Georg Christensen and Erling Andersen challenged the norm and developed the PICTO watch with rotating dial.","robots":{"index":"index","follow":"follow","max-snippet":"max-snippet:-1","max-image-preview":"max-image-preview:large","max-video-preview":"max-video-preview:-1"},"canonical":"https:\/\/gate21.ee\/et\/shop\/dusty-rose-pink-burgundy-40mm\/","og_locale":"et_EE","og_type":"article","og_title":"Dusty Rose Pink \/ Burgundy \/ 40mm &#8226; Gate21","og_description":"Steen Georg Christensen and Erling Andersen challenged the norm and developed the PICTO watch with rotating dial.","og_url":"https:\/\/gate21.ee\/et\/shop\/dusty-rose-pink-burgundy-40mm\/","og_site_name":"Gate21","article_publisher":"https:\/\/www.facebook.com\/gate21.ee\/","article_modified_time":"2026-02-15T11:57:34+00:00","og_image":[{"width":800,"height":1200,"url":"https:\/\/gate21.ee\/wp-content\/uploads\/2025\/11\/Picto_dusty_rose.webp","type":"image\/webp"}],"twitter_card":"summary_large_image","twitter_misc":{"Est. reading time":"2 minutit"},"schema":{"@context":"https:\/\/schema.org","@graph":[{"@type":"WebPage","@id":"https:\/\/gate21.ee\/shop\/dusty-rose-pink-burgundy-40mm\/","url":"https:\/\/gate21.ee\/shop\/dusty-rose-pink-burgundy-40mm\/","name":"Dusty Rose Pink \/ Burgundy \/ 40mm &#8226; Gate21","isPartOf":{"@id":"https:\/\/gate21.ee\/#website"},"primaryImageOfPage":{"@id":"https:\/\/gate21.ee\/shop\/dusty-rose-pink-burgundy-40mm\/#primaryimage"},"image":{"@id":"https:\/\/gate21.ee\/shop\/dusty-rose-pink-burgundy-40mm\/#primaryimage"},"thumbnailUrl":"https:\/\/gate21.ee\/wp-content\/uploads\/2025\/11\/Picto_dusty_rose.webp","datePublished":"2025-11-17T11:57:00+00:00","dateModified":"2026-02-15T11:57:34+00:00","description":"Steen Georg Christensen and Erling Andersen challenged the norm and developed the PICTO watch with rotating dial.","breadcrumb":{"@id":"https:\/\/gate21.ee\/shop\/dusty-rose-pink-burgundy-40mm\/#breadcrumb"},"inLanguage":"et","potentialAction":[{"@type":"ReadAction","target":["https:\/\/gate21.ee\/shop\/dusty-rose-pink-burgundy-40mm\/"]}]},{"@type":"ImageObject","inLanguage":"et","@id":"https:\/\/gate21.ee\/shop\/dusty-rose-pink-burgundy-40mm\/#primaryimage","url":"https:\/\/gate21.ee\/wp-content\/uploads\/2025\/11\/Picto_dusty_rose.webp","contentUrl":"https:\/\/gate21.ee\/wp-content\/uploads\/2025\/11\/Picto_dusty_rose.webp","width":800,"height":1200,"caption":"The Dusty Rose Pink \/ Burgundy \/ 40mm PICTO watch features a minimalist round gold case, plain white face, single gold hand with a gold dot, and a dark brown leather strap, all without numbers or extra markings. Gate21.ee"},{"@type":"BreadcrumbList","@id":"https:\/\/gate21.ee\/shop\/dusty-rose-pink-burgundy-40mm\/#breadcrumb","itemListElement":[{"@type":"ListItem","position":1,"name":"Home","item":"https:\/\/gate21.ee\/"},{"@type":"ListItem","position":2,"name":"Dusty Rose Pink \/ Burgundy \/ 40mm"}]},{"@type":"WebSite","@id":"https:\/\/gate21.ee\/#website","url":"https:\/\/gate21.ee\/","name":"Gate21","description":"Kingituskontseptsioonipood Gate21","publisher":{"@id":"https:\/\/gate21.ee\/#organization"},"alternateName":"gate21","potentialAction":[{"@type":"SearchAction","target":{"@type":"EntryPoint","urlTemplate":"https:\/\/gate21.ee\/?s={search_term_string}"},"query-input":{"@type":"PropertyValueSpecification","valueRequired":true,"valueName":"search_term_string"}}],"inLanguage":"et"},{"@type":"Organization","@id":"https:\/\/gate21.ee\/#organization","name":"Gate21","alternateName":"Gate21, Oma Asi and Oma Asi Design Store","url":"https:\/\/gate21.ee\/","logo":{"@type":"ImageObject","inLanguage":"et","@id":"https:\/\/gate21.ee\/#\/schema\/logo\/image\/","url":"https:\/\/gate21.ee\/wp-content\/uploads\/2021\/11\/Gate_21_Logo_2_Valge.png","contentUrl":"https:\/\/gate21.ee\/wp-content\/uploads\/2021\/11\/Gate_21_Logo_2_Valge.png","width":2560,"height":2560,"caption":"Gate21"},"image":{"@id":"https:\/\/gate21.ee\/#\/schema\/logo\/image\/"},"sameAs":["https:\/\/www.facebook.com\/gate21.ee\/","https:\/\/www.instagram.com\/gate21.ee\/","https:\/\/www.instagram.com\/omaasidesign\/","https:\/\/www.instagram.com\/omaasi\/","https:\/\/www.facebook.com\/omaasidesign\/","https:\/\/www.facebook.com\/omaasilittleredhouse\/","https:\/\/www.tiktok.com\/@gate21.ee"]}]}},"jetpack_sharing_enabled":true,"brands":[{"id":165,"name":"Picto","slug":"picto"}],"_links":{"self":[{"href":"https:\/\/gate21.ee\/et\/wp-json\/wp\/v2\/product\/239582","targetHints":{"allow":["GET"]}}],"collection":[{"href":"https:\/\/gate21.ee\/et\/wp-json\/wp\/v2\/product"}],"about":[{"href":"https:\/\/gate21.ee\/et\/wp-json\/wp\/v2\/types\/product"}],"replies":[{"embeddable":true,"href":"https:\/\/gate21.ee\/et\/wp-json\/wp\/v2\/comments?post=239582"}],"version-history":[{"count":1,"href":"https:\/\/gate21.ee\/et\/wp-json\/wp\/v2\/product\/239582\/revisions"}],"predecessor-version":[{"id":239586,"href":"https:\/\/gate21.ee\/et\/wp-json\/wp\/v2\/product\/239582\/revisions\/239586"}],"wp:featuredmedia":[{"embeddable":true,"href":"https:\/\/gate21.ee\/et\/wp-json\/wp\/v2\/media\/239585"}],"wp:attachment":[{"href":"https:\/\/gate21.ee\/et\/wp-json\/wp\/v2\/media?parent=239582"}],"wp:term":[{"taxonomy":"pwb-brand","embeddable":true,"href":"https:\/\/gate21.ee\/et\/wp-json\/wp\/v2\/pwb-brand?post=239582"},{"taxonomy":"product_brand","embeddable":true,"href":"https:\/\/gate21.ee\/et\/wp-json\/wp\/v2\/product_brand?post=239582"},{"taxonomy":"product_cat","embeddable":true,"href":"https:\/\/gate21.ee\/et\/wp-json\/wp\/v2\/product_cat?post=239582"},{"taxonomy":"product_tag","embeddable":true,"href":"https:\/\/gate21.ee\/et\/wp-json\/wp\/v2\/product_tag?post=239582"}],"curies":[{"name":"wp","href":"https:\/\/api.w.org\/{rel}","templated":true}]}}