{"id":234245,"date":"2025-09-24T13:52:00","date_gmt":"2025-09-24T10:52:00","guid":{"rendered":"https:\/\/gate21.ee\/?post_type=product&#038;p=234245"},"modified":"2026-04-16T15:18:56","modified_gmt":"2026-04-16T12:18:56","slug":"f-what-they-think-cup","status":"publish","type":"product","link":"https:\/\/gate21.ee\/et\/shop\/f-what-they-think-cup\/","title":{"rendered":"F*ck what they think - portselantass"},"content":{"rendered":"<p>Helen Blanchaert soovib, et tema <a href=\"https:\/\/gate21.ee\/et\/tootekategooria\/home\/ceramics\/\">tasside<\/a> illustratsioonid viiksid inimesi reisile l\u00e4bi Helen B \u00f5nneliku universumi. Need on tema v\u00e4ljendus maailmast ja inimestest ning kuidas ta neid n\u00e4eb, kogeb ja m\u00e4letab. Ta julgustab inimesi illustratsioonidele oma lugusid v\u00e4lja m\u00f5tlema.<\/p>\n<p>Suurus: 9,5 cm \u00f8 8 cm<br \/>\nV\u00e4rv: must tint valkjal portselanil<\/p>\n<p><img decoding=\"async\" class=\"alignnone size-medium wp-image-58606 ls-is-cached lazyloaded\" src=\"https:\/\/gate21.ee\/wp-content\/uploads\/2020\/12\/porseleinmix_2000x800_09e28633-17f8-451a-ac54-cd001b5aa376_1500x-300x120.png\" alt=\"\" width=\"300\" height=\"120\" data-srcset=\"https:\/\/gate21.ee\/wp-content\/uploads\/2020\/12\/porseleinmix_2000x800_09e28633-17f8-451a-ac54-cd001b5aa376_1500x-300x120.png 300w, https:\/\/gate21.ee\/wp-content\/uploads\/2020\/12\/porseleinmix_2000x800_09e28633-17f8-451a-ac54-cd001b5aa376_1500x-1024x410.png 1024w, https:\/\/gate21.ee\/wp-content\/uploads\/2020\/12\/porseleinmix_2000x800_09e28633-17f8-451a-ac54-cd001b5aa376_1500x-768x307.png 768w, https:\/\/gate21.ee\/wp-content\/uploads\/2020\/12\/porseleinmix_2000x800_09e28633-17f8-451a-ac54-cd001b5aa376_1500x-600x240.png 600w, https:\/\/gate21.ee\/wp-content\/uploads\/2020\/12\/porseleinmix_2000x800_09e28633-17f8-451a-ac54-cd001b5aa376_1500x.png 1500w\" data-src=\"https:\/\/gate21.ee\/wp-content\/uploads\/2020\/12\/porseleinmix_2000x800_09e28633-17f8-451a-ac54-cd001b5aa376_1500x-300x120.png\" data-sizes=\"(max-width: 300px) 100vw, 300px\" srcset=\"https:\/\/gate21.ee\/wp-content\/uploads\/2020\/12\/porseleinmix_2000x800_09e28633-17f8-451a-ac54-cd001b5aa376_1500x-300x120.png 300w, https:\/\/gate21.ee\/wp-content\/uploads\/2020\/12\/porseleinmix_2000x800_09e28633-17f8-451a-ac54-cd001b5aa376_1500x-600x240.png 600w, https:\/\/gate21.ee\/wp-content\/uploads\/2020\/12\/porseleinmix_2000x800_09e28633-17f8-451a-ac54-cd001b5aa376_1500x-1024x410.png 1024w, https:\/\/gate21.ee\/wp-content\/uploads\/2020\/12\/porseleinmix_2000x800_09e28633-17f8-451a-ac54-cd001b5aa376_1500x-768x307.png 768w, https:\/\/gate21.ee\/wp-content\/uploads\/2020\/12\/porseleinmix_2000x800_09e28633-17f8-451a-ac54-cd001b5aa376_1500x.png 1500w\" sizes=\"(max-width: 300px) 100vw, 300px\" \/><\/p>\n<div class=\"page\" title=\"7. lk\">\n<div class=\"layoutArea\">\n<div class=\"column\">\n<p>Belgiast p\u00e4rit br\u00e4nd <a href=\"https:\/\/gate21.ee\/et\/brand\/helenb\/\">Helen B<\/a> missiooniks on pakkuda kvaliteetset ja taskukohast portselani. K\u00f5ik tooted on disainitud Belgias koost\u00f6\u00f6s partneritega, kes jagavad \u00fchesugust filosoofiat toodete kvaliteedi ja t\u00f6\u00f6tingimuste osas. Portselani saabudes kantakse illustratsioonid \u00fchekaupa \u00fcle erinevatele esemetele ning seej\u00e4rel pannakse nad 840 \u00b0C juures ahju. T\u00e4nu sellele v\u00f5ib tooteid panna ahju ja n\u00f5udepesumasinas pesta.<\/p>\n<p><img fetchpriority=\"high\" decoding=\"async\" class=\"alignnone size-medium wp-image-58633 ls-is-cached lazyloaded\" src=\"https:\/\/gate21.ee\/wp-content\/uploads\/2020\/11\/helen_590x-300x300.png\" alt=\"\" width=\"300\" height=\"300\" data-srcset=\"https:\/\/gate21.ee\/wp-content\/uploads\/2020\/11\/helen_590x-300x300.png 300w, https:\/\/gate21.ee\/wp-content\/uploads\/2020\/11\/helen_590x-150x150.png 150w, https:\/\/gate21.ee\/wp-content\/uploads\/2020\/11\/helen_590x-100x100.png 100w, https:\/\/gate21.ee\/wp-content\/uploads\/2020\/11\/helen_590x.png 590w\" data-src=\"https:\/\/gate21.ee\/wp-content\/uploads\/2020\/11\/helen_590x-300x300.png\" data-sizes=\"(max-width: 300px) 100vw, 300px\" srcset=\"https:\/\/gate21.ee\/wp-content\/uploads\/2020\/11\/helen_590x-300x300.png 300w, https:\/\/gate21.ee\/wp-content\/uploads\/2020\/11\/helen_590x-100x100.png 100w, https:\/\/gate21.ee\/wp-content\/uploads\/2020\/11\/helen_590x-150x150.png 150w, https:\/\/gate21.ee\/wp-content\/uploads\/2020\/11\/helen_590x.png 590w\" sizes=\"(max-width: 300px) 100vw, 300px\" \/><\/p>\n<\/div>\n<\/div>\n<\/div>","protected":false},"excerpt":{"rendered":"<p>Helen says \u201cThe illustrations on her cups will take you on a trip through the happy universe of helen b. It\u2019s my view on the world and people I see, experience and remember. But most of all, I want you to make up your own story when encountering my illustrations.\u201d Size: 9.5 cm\u00a0\u00f8 8 cm [&hellip;]<\/p>\n","protected":false},"featured_media":234246,"comment_status":"closed","ping_status":"closed","template":"","meta":{"site-sidebar-layout":"default","site-content-layout":"default","ast-site-content-layout":"default","site-content-style":"default","site-sidebar-style":"default","ast-global-header-display":"","ast-banner-title-visibility":"","ast-main-header-display":"","ast-hfb-above-header-display":"","ast-hfb-below-header-display":"","ast-hfb-mobile-header-display":"","site-post-title":"","ast-breadcrumbs-content":"","ast-featured-img":"","footer-sml-layout":"","ast-disable-related-posts":"","theme-transparent-header-meta":"default","adv-header-id-meta":"","stick-header-meta":"default","header-above-stick-meta":"","header-main-stick-meta":"","header-below-stick-meta":"","astra-migrate-meta-layouts":"set","ast-page-background-enabled":"default","ast-page-background-meta":{"desktop":{"background-color":"","background-image":"","background-repeat":"repeat","background-position":"center center","background-size":"auto","background-attachment":"scroll","background-type":"","background-media":"","overlay-type":"","overlay-color":"","overlay-opacity":"","overlay-gradient":""},"tablet":{"background-color":"","background-image":"","background-repeat":"repeat","background-position":"center center","background-size":"auto","background-attachment":"scroll","background-type":"","background-media":"","overlay-type":"","overlay-color":"","overlay-opacity":"","overlay-gradient":""},"mobile":{"background-color":"","background-image":"","background-repeat":"repeat","background-position":"center center","background-size":"auto","background-attachment":"scroll","background-type":"","background-media":"","overlay-type":"","overlay-color":"","overlay-opacity":"","overlay-gradient":""}},"ast-content-background-meta":{"desktop":{"background-color":"var(--ast-global-color-5)","background-image":"","background-repeat":"repeat","background-position":"center center","background-size":"auto","background-attachment":"scroll","background-type":"","background-media":"","overlay-type":"","overlay-color":"","overlay-opacity":"","overlay-gradient":""},"tablet":{"background-color":"var(--ast-global-color-5)","background-image":"","background-repeat":"repeat","background-position":"center center","background-size":"auto","background-attachment":"scroll","background-type":"","background-media":"","overlay-type":"","overlay-color":"","overlay-opacity":"","overlay-gradient":""},"mobile":{"background-color":"var(--ast-global-color-5)","background-image":"","background-repeat":"repeat","background-position":"center center","background-size":"auto","background-attachment":"scroll","background-type":"","background-media":"","overlay-type":"","overlay-color":"","overlay-opacity":"","overlay-gradient":""}}},"pwb-brand":[111],"product_brand":[],"product_cat":[139,218],"product_tag":[289],"class_list":{"0":"post-234245","1":"product","2":"type-product","3":"status-publish","4":"has-post-thumbnail","6":"pwb-brand-helenb","7":"product_cat-ceramics","8":"product_cat-home","9":"product_tag-ceramics","10":"desktop-align-center","11":"tablet-align-center","12":"mobile-align-center","13":"ast-product-gallery-layout-vertical","14":"ast-product-tabs-layout-horizontal","16":"first","17":"instock","18":"taxable","19":"shipping-taxable","20":"purchasable","21":"product-type-simple"},"yoast_head":"<!-- This site is optimized with the Yoast SEO plugin v27.4 - https:\/\/yoast.com\/product\/yoast-seo-wordpress\/ -->\n<title>F*ck what they think cup &#8226; Gate21<\/title>\n<meta name=\"description\" content=\"Ceramic cups by Helen B with her own illustrations are made with best practices. You can use these cups for your morning coffee or also a planter, either way these ceramic cups look great!\" \/>\n<meta name=\"robots\" content=\"index, follow, max-snippet:-1, max-image-preview:large, max-video-preview:-1\" \/>\n<link rel=\"canonical\" href=\"https:\/\/gate21.ee\/et\/shop\/f-what-they-think-cup\/\" \/>\n<meta property=\"og:locale\" content=\"et_EE\" \/>\n<meta property=\"og:type\" content=\"article\" \/>\n<meta property=\"og:title\" content=\"F*ck what they think cup &#8226; Gate21\" \/>\n<meta property=\"og:description\" content=\"Ceramic cups by Helen B with her own illustrations are made with best practices. You can use these cups for your morning coffee or also a planter, either way these ceramic cups look great!\" \/>\n<meta property=\"og:url\" content=\"https:\/\/gate21.ee\/et\/shop\/f-what-they-think-cup\/\" \/>\n<meta property=\"og:site_name\" content=\"Gate21\" \/>\n<meta property=\"article:publisher\" content=\"https:\/\/www.facebook.com\/gate21.ee\/\" \/>\n<meta property=\"article:modified_time\" content=\"2026-04-16T12:18:56+00:00\" \/>\n<meta property=\"og:image\" content=\"https:\/\/gate21.ee\/wp-content\/uploads\/2025\/09\/cup-fuckwhattheythink-1200_720x.webp\" \/>\n\t<meta property=\"og:image:width\" content=\"720\" \/>\n\t<meta property=\"og:image:height\" content=\"720\" \/>\n\t<meta property=\"og:image:type\" content=\"image\/webp\" \/>\n<meta name=\"twitter:card\" content=\"summary_large_image\" \/>\n<meta name=\"twitter:label1\" content=\"Est. reading time\" \/>\n\t<meta name=\"twitter:data1\" content=\"2 minutit\" \/>\n<script type=\"application\/ld+json\" class=\"yoast-schema-graph\">{\"@context\":\"https:\\\/\\\/schema.org\",\"@graph\":[{\"@type\":\"WebPage\",\"@id\":\"https:\\\/\\\/gate21.ee\\\/shop\\\/f-what-they-think-cup\\\/\",\"url\":\"https:\\\/\\\/gate21.ee\\\/shop\\\/f-what-they-think-cup\\\/\",\"name\":\"F*ck what they think cup &#8226; Gate21\",\"isPartOf\":{\"@id\":\"https:\\\/\\\/gate21.ee\\\/#website\"},\"primaryImageOfPage\":{\"@id\":\"https:\\\/\\\/gate21.ee\\\/shop\\\/f-what-they-think-cup\\\/#primaryimage\"},\"image\":{\"@id\":\"https:\\\/\\\/gate21.ee\\\/shop\\\/f-what-they-think-cup\\\/#primaryimage\"},\"thumbnailUrl\":\"https:\\\/\\\/gate21.ee\\\/wp-content\\\/uploads\\\/2025\\\/09\\\/cup-fuckwhattheythink-1200_720x.webp\",\"datePublished\":\"2025-09-24T10:52:00+00:00\",\"dateModified\":\"2026-04-16T12:18:56+00:00\",\"description\":\"Ceramic cups by Helen B with her own illustrations are made with best practices. You can use these cups for your morning coffee or also a planter, either way these ceramic cups look great!\",\"breadcrumb\":{\"@id\":\"https:\\\/\\\/gate21.ee\\\/shop\\\/f-what-they-think-cup\\\/#breadcrumb\"},\"inLanguage\":\"et\",\"potentialAction\":[{\"@type\":\"ReadAction\",\"target\":[\"https:\\\/\\\/gate21.ee\\\/shop\\\/f-what-they-think-cup\\\/\"]}]},{\"@type\":\"ImageObject\",\"inLanguage\":\"et\",\"@id\":\"https:\\\/\\\/gate21.ee\\\/shop\\\/f-what-they-think-cup\\\/#primaryimage\",\"url\":\"https:\\\/\\\/gate21.ee\\\/wp-content\\\/uploads\\\/2025\\\/09\\\/cup-fuckwhattheythink-1200_720x.webp\",\"contentUrl\":\"https:\\\/\\\/gate21.ee\\\/wp-content\\\/uploads\\\/2025\\\/09\\\/cup-fuckwhattheythink-1200_720x.webp\",\"width\":720,\"height\":720,\"caption\":\"The F*ck What They Think cup features a black and white illustration of a woman with straight hair and fringe, wearing a heart-patterned shirt with the bold text \\\"FUCK WHAT THEY THINK.\\\" A unique piece of Estonian design. Gate21.ee\"},{\"@type\":\"BreadcrumbList\",\"@id\":\"https:\\\/\\\/gate21.ee\\\/shop\\\/f-what-they-think-cup\\\/#breadcrumb\",\"itemListElement\":[{\"@type\":\"ListItem\",\"position\":1,\"name\":\"Home\",\"item\":\"https:\\\/\\\/gate21.ee\\\/\"},{\"@type\":\"ListItem\",\"position\":2,\"name\":\"F*ck what they think cup\"}]},{\"@type\":\"WebSite\",\"@id\":\"https:\\\/\\\/gate21.ee\\\/#website\",\"url\":\"https:\\\/\\\/gate21.ee\\\/\",\"name\":\"Gate21\",\"description\":\"Gift concept store Gate21\",\"publisher\":{\"@id\":\"https:\\\/\\\/gate21.ee\\\/#organization\"},\"alternateName\":\"gate21\",\"potentialAction\":[{\"@type\":\"SearchAction\",\"target\":{\"@type\":\"EntryPoint\",\"urlTemplate\":\"https:\\\/\\\/gate21.ee\\\/?s={search_term_string}\"},\"query-input\":{\"@type\":\"PropertyValueSpecification\",\"valueRequired\":true,\"valueName\":\"search_term_string\"}}],\"inLanguage\":\"et\"},{\"@type\":\"Organization\",\"@id\":\"https:\\\/\\\/gate21.ee\\\/#organization\",\"name\":\"Gate21\",\"alternateName\":\"Gate21, Oma Asi and Oma Asi Design Store\",\"url\":\"https:\\\/\\\/gate21.ee\\\/\",\"logo\":{\"@type\":\"ImageObject\",\"inLanguage\":\"et\",\"@id\":\"https:\\\/\\\/gate21.ee\\\/#\\\/schema\\\/logo\\\/image\\\/\",\"url\":\"https:\\\/\\\/gate21.ee\\\/wp-content\\\/uploads\\\/2021\\\/11\\\/Gate_21_Logo_2_Valge.png\",\"contentUrl\":\"https:\\\/\\\/gate21.ee\\\/wp-content\\\/uploads\\\/2021\\\/11\\\/Gate_21_Logo_2_Valge.png\",\"width\":2560,\"height\":2560,\"caption\":\"Gate21\"},\"image\":{\"@id\":\"https:\\\/\\\/gate21.ee\\\/#\\\/schema\\\/logo\\\/image\\\/\"},\"sameAs\":[\"https:\\\/\\\/www.facebook.com\\\/gate21.ee\\\/\",\"https:\\\/\\\/www.instagram.com\\\/gate21.ee\\\/\",\"https:\\\/\\\/www.instagram.com\\\/omaasidesign\\\/\",\"https:\\\/\\\/www.instagram.com\\\/omaasi\\\/\",\"https:\\\/\\\/www.facebook.com\\\/omaasidesign\\\/\",\"https:\\\/\\\/www.facebook.com\\\/omaasilittleredhouse\\\/\",\"https:\\\/\\\/www.tiktok.com\\\/@gate21.ee\"]}]}<\/script>\n<!-- \/ Yoast SEO plugin. -->","yoast_head_json":{"title":"F*ck what they think cup &#8226; Gate21","description":"Ceramic cups by Helen B with her own illustrations are made with best practices. You can use these cups for your morning coffee or also a planter, either way these ceramic cups look great!","robots":{"index":"index","follow":"follow","max-snippet":"max-snippet:-1","max-image-preview":"max-image-preview:large","max-video-preview":"max-video-preview:-1"},"canonical":"https:\/\/gate21.ee\/et\/shop\/f-what-they-think-cup\/","og_locale":"et_EE","og_type":"article","og_title":"F*ck what they think cup &#8226; Gate21","og_description":"Ceramic cups by Helen B with her own illustrations are made with best practices. You can use these cups for your morning coffee or also a planter, either way these ceramic cups look great!","og_url":"https:\/\/gate21.ee\/et\/shop\/f-what-they-think-cup\/","og_site_name":"Gate21","article_publisher":"https:\/\/www.facebook.com\/gate21.ee\/","article_modified_time":"2026-04-16T12:18:56+00:00","og_image":[{"width":720,"height":720,"url":"https:\/\/gate21.ee\/wp-content\/uploads\/2025\/09\/cup-fuckwhattheythink-1200_720x.webp","type":"image\/webp"}],"twitter_card":"summary_large_image","twitter_misc":{"Est. reading time":"2 minutit"},"schema":{"@context":"https:\/\/schema.org","@graph":[{"@type":"WebPage","@id":"https:\/\/gate21.ee\/shop\/f-what-they-think-cup\/","url":"https:\/\/gate21.ee\/shop\/f-what-they-think-cup\/","name":"F*ck what they think cup &#8226; Gate21","isPartOf":{"@id":"https:\/\/gate21.ee\/#website"},"primaryImageOfPage":{"@id":"https:\/\/gate21.ee\/shop\/f-what-they-think-cup\/#primaryimage"},"image":{"@id":"https:\/\/gate21.ee\/shop\/f-what-they-think-cup\/#primaryimage"},"thumbnailUrl":"https:\/\/gate21.ee\/wp-content\/uploads\/2025\/09\/cup-fuckwhattheythink-1200_720x.webp","datePublished":"2025-09-24T10:52:00+00:00","dateModified":"2026-04-16T12:18:56+00:00","description":"Ceramic cups by Helen B with her own illustrations are made with best practices. You can use these cups for your morning coffee or also a planter, either way these ceramic cups look great!","breadcrumb":{"@id":"https:\/\/gate21.ee\/shop\/f-what-they-think-cup\/#breadcrumb"},"inLanguage":"et","potentialAction":[{"@type":"ReadAction","target":["https:\/\/gate21.ee\/shop\/f-what-they-think-cup\/"]}]},{"@type":"ImageObject","inLanguage":"et","@id":"https:\/\/gate21.ee\/shop\/f-what-they-think-cup\/#primaryimage","url":"https:\/\/gate21.ee\/wp-content\/uploads\/2025\/09\/cup-fuckwhattheythink-1200_720x.webp","contentUrl":"https:\/\/gate21.ee\/wp-content\/uploads\/2025\/09\/cup-fuckwhattheythink-1200_720x.webp","width":720,"height":720,"caption":"The F*ck What They Think cup features a black and white illustration of a woman with straight hair and fringe, wearing a heart-patterned shirt with the bold text \"FUCK WHAT THEY THINK.\" A unique piece of Estonian design. Gate21.ee"},{"@type":"BreadcrumbList","@id":"https:\/\/gate21.ee\/shop\/f-what-they-think-cup\/#breadcrumb","itemListElement":[{"@type":"ListItem","position":1,"name":"Home","item":"https:\/\/gate21.ee\/"},{"@type":"ListItem","position":2,"name":"F*ck what they think cup"}]},{"@type":"WebSite","@id":"https:\/\/gate21.ee\/#website","url":"https:\/\/gate21.ee\/","name":"Gate21","description":"Kingituskontseptsioonipood Gate21","publisher":{"@id":"https:\/\/gate21.ee\/#organization"},"alternateName":"gate21","potentialAction":[{"@type":"SearchAction","target":{"@type":"EntryPoint","urlTemplate":"https:\/\/gate21.ee\/?s={search_term_string}"},"query-input":{"@type":"PropertyValueSpecification","valueRequired":true,"valueName":"search_term_string"}}],"inLanguage":"et"},{"@type":"Organization","@id":"https:\/\/gate21.ee\/#organization","name":"Gate21","alternateName":"Gate21, Oma Asi and Oma Asi Design Store","url":"https:\/\/gate21.ee\/","logo":{"@type":"ImageObject","inLanguage":"et","@id":"https:\/\/gate21.ee\/#\/schema\/logo\/image\/","url":"https:\/\/gate21.ee\/wp-content\/uploads\/2021\/11\/Gate_21_Logo_2_Valge.png","contentUrl":"https:\/\/gate21.ee\/wp-content\/uploads\/2021\/11\/Gate_21_Logo_2_Valge.png","width":2560,"height":2560,"caption":"Gate21"},"image":{"@id":"https:\/\/gate21.ee\/#\/schema\/logo\/image\/"},"sameAs":["https:\/\/www.facebook.com\/gate21.ee\/","https:\/\/www.instagram.com\/gate21.ee\/","https:\/\/www.instagram.com\/omaasidesign\/","https:\/\/www.instagram.com\/omaasi\/","https:\/\/www.facebook.com\/omaasidesign\/","https:\/\/www.facebook.com\/omaasilittleredhouse\/","https:\/\/www.tiktok.com\/@gate21.ee"]}]}},"jetpack_sharing_enabled":true,"brands":[{"id":111,"name":"Helen B","slug":"helenb"}],"_links":{"self":[{"href":"https:\/\/gate21.ee\/et\/wp-json\/wp\/v2\/product\/234245","targetHints":{"allow":["GET"]}}],"collection":[{"href":"https:\/\/gate21.ee\/et\/wp-json\/wp\/v2\/product"}],"about":[{"href":"https:\/\/gate21.ee\/et\/wp-json\/wp\/v2\/types\/product"}],"replies":[{"embeddable":true,"href":"https:\/\/gate21.ee\/et\/wp-json\/wp\/v2\/comments?post=234245"}],"version-history":[{"count":2,"href":"https:\/\/gate21.ee\/et\/wp-json\/wp\/v2\/product\/234245\/revisions"}],"predecessor-version":[{"id":234261,"href":"https:\/\/gate21.ee\/et\/wp-json\/wp\/v2\/product\/234245\/revisions\/234261"}],"wp:featuredmedia":[{"embeddable":true,"href":"https:\/\/gate21.ee\/et\/wp-json\/wp\/v2\/media\/234246"}],"wp:attachment":[{"href":"https:\/\/gate21.ee\/et\/wp-json\/wp\/v2\/media?parent=234245"}],"wp:term":[{"taxonomy":"pwb-brand","embeddable":true,"href":"https:\/\/gate21.ee\/et\/wp-json\/wp\/v2\/pwb-brand?post=234245"},{"taxonomy":"product_brand","embeddable":true,"href":"https:\/\/gate21.ee\/et\/wp-json\/wp\/v2\/product_brand?post=234245"},{"taxonomy":"product_cat","embeddable":true,"href":"https:\/\/gate21.ee\/et\/wp-json\/wp\/v2\/product_cat?post=234245"},{"taxonomy":"product_tag","embeddable":true,"href":"https:\/\/gate21.ee\/et\/wp-json\/wp\/v2\/product_tag?post=234245"}],"curies":[{"name":"wp","href":"https:\/\/api.w.org\/{rel}","templated":true}]}}