{"id":234102,"date":"2025-09-23T13:48:26","date_gmt":"2025-09-23T10:48:26","guid":{"rendered":"https:\/\/gate21.ee\/?post_type=product&#038;p=234102"},"modified":"2026-04-15T10:22:20","modified_gmt":"2026-04-15T07:22:20","slug":"moomin-family-adventures-loqi-reflective","status":"publish","type":"product","link":"https:\/\/gate21.ee\/et\/shop\/moomin-family-adventures-loqi-reflective\/","title":{"rendered":"MOOMIN Family Adventures \u2013 LOQI helkiv"},"content":{"rendered":"<p>LOQI MUUMI kotid on \u00fclitugevad, kandev\u00f5imega kuni 20 kg. Kerged ja veekindlad!<\/p>\n<p>Veekindla katte s\u00e4ilitamiseks peske eelistatavalt k\u00e4sitsi. Masinpesu 30\u00b0C juures pesukotis, et v\u00e4ltida kiudude sattumist reovette.<\/p>\n<p>100% taaskasutatud GREEN CIRCLE\u00ae taft. RCS taaskasutatud toote standardile vastav sertifikaat. STANDARD 100 OEKO-TEX\u00ae sertifikaadiga.<\/p>\n<p><img decoding=\"async\" class=\"size-medium wp-image-234083 aligncenter\" src=\"https:\/\/gate21.ee\/wp-content\/uploads\/2025\/09\/Moomin_86fc7b6e-00e5-4ac5-9e50-299532922f36-300x98.png\" alt=\"\" width=\"300\" height=\"98\" srcset=\"https:\/\/gate21.ee\/wp-content\/uploads\/2025\/09\/Moomin_86fc7b6e-00e5-4ac5-9e50-299532922f36-300x98.png 300w, https:\/\/gate21.ee\/wp-content\/uploads\/2025\/09\/Moomin_86fc7b6e-00e5-4ac5-9e50-299532922f36-768x251.png 768w, https:\/\/gate21.ee\/wp-content\/uploads\/2025\/09\/Moomin_86fc7b6e-00e5-4ac5-9e50-299532922f36-18x6.png 18w, https:\/\/gate21.ee\/wp-content\/uploads\/2025\/09\/Moomin_86fc7b6e-00e5-4ac5-9e50-299532922f36-600x196.png 600w, https:\/\/gate21.ee\/wp-content\/uploads\/2025\/09\/Moomin_86fc7b6e-00e5-4ac5-9e50-299532922f36.png 920w\" sizes=\"(max-width: 300px) 100vw, 300px\" \/><\/p>\n<p>Soome illustraatori Tove Janssoni loodud MUUMID \u00e4ratab ellu Muumioru veidra maailma oma lummavate lugude ja illustratsioonidega. \u00dchiskondlikke norme trotsides ja avalikult lesbina elades l\u00f5i Jansson Muumioru ja tema s\u00f5prade \u2013 Nuuskm\u00f5mmiku, V\u00e4ikese M\u00fc\u00fc ja Muumide \u2013 lood, mis \u00fclistavad individuaalsust, vastupidavust ja elu ebakindluse julgust ja optimismi. MUUMI taaskasutatud kotid kehastavad neid v\u00e4\u00e4rtusi, k\u00f5netades iga\u00fcht, kes hindab loovust ja vaprust. \u00a9 Moomin Characters \u2122<\/p>\n<p><img decoding=\"async\" class=\"size-full wp-image-234084 aligncenter\" src=\"https:\/\/gate21.ee\/wp-content\/uploads\/2025\/09\/download-2.jpg\" alt=\"\" width=\"225\" height=\"139\" srcset=\"https:\/\/gate21.ee\/wp-content\/uploads\/2025\/09\/download-2.jpg 225w, https:\/\/gate21.ee\/wp-content\/uploads\/2025\/09\/download-2-18x12.jpg 18w\" sizes=\"(max-width: 225px) 100vw, 225px\" \/><\/p>","protected":false},"excerpt":{"rendered":"<p>MOOMIN tote bags by LOQI are super\u2013strong carrying upto 20 kg. Lightweight and are water\u2013resistant! Preferrably hand wash to preserve the water resistant coating. Machine wash at 30\u00b0C in a washing bag, to prevent fibres entering the wastewater. 100% Recycled GREEN CIRCLE\u00ae taffeta. RCS Recycled Claim Standard Certified. STANDARD 100 by OEKO-TEX\u00ae Certified. MOOMIN, created [&hellip;]<\/p>\n","protected":false},"featured_media":234103,"comment_status":"closed","ping_status":"closed","template":"","meta":{"site-sidebar-layout":"default","site-content-layout":"","ast-site-content-layout":"default","site-content-style":"default","site-sidebar-style":"default","ast-global-header-display":"","ast-banner-title-visibility":"","ast-main-header-display":"","ast-hfb-above-header-display":"","ast-hfb-below-header-display":"","ast-hfb-mobile-header-display":"","site-post-title":"","ast-breadcrumbs-content":"","ast-featured-img":"","footer-sml-layout":"","ast-disable-related-posts":"","theme-transparent-header-meta":"default","adv-header-id-meta":"","stick-header-meta":"default","header-above-stick-meta":"","header-main-stick-meta":"","header-below-stick-meta":"","astra-migrate-meta-layouts":"set","ast-page-background-enabled":"default","ast-page-background-meta":{"desktop":{"background-color":"","background-image":"","background-repeat":"repeat","background-position":"center center","background-size":"auto","background-attachment":"scroll","background-type":"","background-media":"","overlay-type":"","overlay-color":"","overlay-opacity":"","overlay-gradient":""},"tablet":{"background-color":"","background-image":"","background-repeat":"repeat","background-position":"center center","background-size":"auto","background-attachment":"scroll","background-type":"","background-media":"","overlay-type":"","overlay-color":"","overlay-opacity":"","overlay-gradient":""},"mobile":{"background-color":"","background-image":"","background-repeat":"repeat","background-position":"center center","background-size":"auto","background-attachment":"scroll","background-type":"","background-media":"","overlay-type":"","overlay-color":"","overlay-opacity":"","overlay-gradient":""}},"ast-content-background-meta":{"desktop":{"background-color":"var(--ast-global-color-5)","background-image":"","background-repeat":"repeat","background-position":"center center","background-size":"auto","background-attachment":"scroll","background-type":"","background-media":"","overlay-type":"","overlay-color":"","overlay-opacity":"","overlay-gradient":""},"tablet":{"background-color":"var(--ast-global-color-5)","background-image":"","background-repeat":"repeat","background-position":"center center","background-size":"auto","background-attachment":"scroll","background-type":"","background-media":"","overlay-type":"","overlay-color":"","overlay-opacity":"","overlay-gradient":""},"mobile":{"background-color":"var(--ast-global-color-5)","background-image":"","background-repeat":"repeat","background-position":"center center","background-size":"auto","background-attachment":"scroll","background-type":"","background-media":"","overlay-type":"","overlay-color":"","overlay-opacity":"","overlay-gradient":""}}},"pwb-brand":[632],"product_brand":[],"product_cat":[213,260],"product_tag":[],"class_list":{"0":"post-234102","1":"product","2":"type-product","3":"status-publish","4":"has-post-thumbnail","6":"pwb-brand-loqi","7":"product_cat-accessories","8":"product_cat-bags","9":"desktop-align-center","10":"tablet-align-center","11":"mobile-align-center","12":"ast-product-gallery-layout-vertical","13":"ast-product-gallery-with-no-image","14":"ast-product-tabs-layout-horizontal","16":"first","17":"instock","18":"taxable","19":"shipping-taxable","20":"purchasable","21":"product-type-simple"},"yoast_head":"<!-- This site is optimized with the Yoast SEO plugin v27.4 - https:\/\/yoast.com\/product\/yoast-seo-wordpress\/ -->\n<title>MOOMIN Family Adventures - LOQI REFLECTIVE &#8226; Gate21<\/title>\n<meta name=\"description\" content=\"The MOOMIN recycled tote bags by LOQI resonate with anyone who cherishes MOOMIN creativity and bravery. \u00a9 Moomin Characters \u2122\" \/>\n<meta name=\"robots\" content=\"index, follow, max-snippet:-1, max-image-preview:large, max-video-preview:-1\" \/>\n<link rel=\"canonical\" href=\"https:\/\/gate21.ee\/et\/shop\/moomin-family-adventures-loqi-reflective\/\" \/>\n<meta property=\"og:locale\" content=\"et_EE\" \/>\n<meta property=\"og:type\" content=\"article\" \/>\n<meta property=\"og:title\" content=\"MOOMIN Family Adventures - LOQI REFLECTIVE &#8226; Gate21\" \/>\n<meta property=\"og:description\" content=\"The MOOMIN recycled tote bags by LOQI resonate with anyone who cherishes MOOMIN creativity and bravery. \u00a9 Moomin Characters \u2122\" \/>\n<meta property=\"og:url\" content=\"https:\/\/gate21.ee\/et\/shop\/moomin-family-adventures-loqi-reflective\/\" \/>\n<meta property=\"og:site_name\" content=\"Gate21\" \/>\n<meta property=\"article:publisher\" content=\"https:\/\/www.facebook.com\/gate21.ee\/\" \/>\n<meta property=\"article:modified_time\" content=\"2026-04-15T07:22:20+00:00\" \/>\n<meta property=\"og:image\" content=\"https:\/\/gate21.ee\/wp-content\/uploads\/2025\/09\/MO.RE_.FA-LOQI-moomin-pattern-reflective-bag-shine.webp\" \/>\n\t<meta property=\"og:image:width\" content=\"800\" \/>\n\t<meta property=\"og:image:height\" content=\"800\" \/>\n\t<meta property=\"og:image:type\" content=\"image\/webp\" \/>\n<meta name=\"twitter:card\" content=\"summary_large_image\" \/>\n<meta name=\"twitter:label1\" content=\"Est. reading time\" \/>\n\t<meta name=\"twitter:data1\" content=\"2 minutit\" \/>\n<script type=\"application\/ld+json\" class=\"yoast-schema-graph\">{\"@context\":\"https:\\\/\\\/schema.org\",\"@graph\":[{\"@type\":\"WebPage\",\"@id\":\"https:\\\/\\\/gate21.ee\\\/shop\\\/moomin-family-adventures-loqi-reflective\\\/\",\"url\":\"https:\\\/\\\/gate21.ee\\\/shop\\\/moomin-family-adventures-loqi-reflective\\\/\",\"name\":\"MOOMIN Family Adventures - LOQI REFLECTIVE &#8226; Gate21\",\"isPartOf\":{\"@id\":\"https:\\\/\\\/gate21.ee\\\/#website\"},\"primaryImageOfPage\":{\"@id\":\"https:\\\/\\\/gate21.ee\\\/shop\\\/moomin-family-adventures-loqi-reflective\\\/#primaryimage\"},\"image\":{\"@id\":\"https:\\\/\\\/gate21.ee\\\/shop\\\/moomin-family-adventures-loqi-reflective\\\/#primaryimage\"},\"thumbnailUrl\":\"https:\\\/\\\/gate21.ee\\\/wp-content\\\/uploads\\\/2025\\\/09\\\/MO.RE_.FA-LOQI-moomin-pattern-reflective-bag-shine.webp\",\"datePublished\":\"2025-09-23T10:48:26+00:00\",\"dateModified\":\"2026-04-15T07:22:20+00:00\",\"description\":\"The MOOMIN recycled tote bags by LOQI resonate with anyone who cherishes MOOMIN creativity and bravery. \u00a9 Moomin Characters \u2122\",\"breadcrumb\":{\"@id\":\"https:\\\/\\\/gate21.ee\\\/shop\\\/moomin-family-adventures-loqi-reflective\\\/#breadcrumb\"},\"inLanguage\":\"et\",\"potentialAction\":[{\"@type\":\"ReadAction\",\"target\":[\"https:\\\/\\\/gate21.ee\\\/shop\\\/moomin-family-adventures-loqi-reflective\\\/\"]}]},{\"@type\":\"ImageObject\",\"inLanguage\":\"et\",\"@id\":\"https:\\\/\\\/gate21.ee\\\/shop\\\/moomin-family-adventures-loqi-reflective\\\/#primaryimage\",\"url\":\"https:\\\/\\\/gate21.ee\\\/wp-content\\\/uploads\\\/2025\\\/09\\\/MO.RE_.FA-LOQI-moomin-pattern-reflective-bag-shine.webp\",\"contentUrl\":\"https:\\\/\\\/gate21.ee\\\/wp-content\\\/uploads\\\/2025\\\/09\\\/MO.RE_.FA-LOQI-moomin-pattern-reflective-bag-shine.webp\",\"width\":800,\"height\":800,\"caption\":\"The MOOMIN Family Adventures - LOQI REFLECTIVE reusable shopping bag, featuring black-and-white cartoon characters, pink handles, and Estonian-inspired design, is shown with a matching folded pouch\u2014ideal for shopping in Tallinn. Gate21.ee\"},{\"@type\":\"BreadcrumbList\",\"@id\":\"https:\\\/\\\/gate21.ee\\\/shop\\\/moomin-family-adventures-loqi-reflective\\\/#breadcrumb\",\"itemListElement\":[{\"@type\":\"ListItem\",\"position\":1,\"name\":\"Home\",\"item\":\"https:\\\/\\\/gate21.ee\\\/\"},{\"@type\":\"ListItem\",\"position\":2,\"name\":\"MOOMIN Family Adventures &#8211; LOQI REFLECTIVE\"}]},{\"@type\":\"WebSite\",\"@id\":\"https:\\\/\\\/gate21.ee\\\/#website\",\"url\":\"https:\\\/\\\/gate21.ee\\\/\",\"name\":\"Gate21\",\"description\":\"Gift concept store Gate21\",\"publisher\":{\"@id\":\"https:\\\/\\\/gate21.ee\\\/#organization\"},\"alternateName\":\"gate21\",\"potentialAction\":[{\"@type\":\"SearchAction\",\"target\":{\"@type\":\"EntryPoint\",\"urlTemplate\":\"https:\\\/\\\/gate21.ee\\\/?s={search_term_string}\"},\"query-input\":{\"@type\":\"PropertyValueSpecification\",\"valueRequired\":true,\"valueName\":\"search_term_string\"}}],\"inLanguage\":\"et\"},{\"@type\":\"Organization\",\"@id\":\"https:\\\/\\\/gate21.ee\\\/#organization\",\"name\":\"Gate21\",\"alternateName\":\"Gate21, Oma Asi and Oma Asi Design Store\",\"url\":\"https:\\\/\\\/gate21.ee\\\/\",\"logo\":{\"@type\":\"ImageObject\",\"inLanguage\":\"et\",\"@id\":\"https:\\\/\\\/gate21.ee\\\/#\\\/schema\\\/logo\\\/image\\\/\",\"url\":\"https:\\\/\\\/gate21.ee\\\/wp-content\\\/uploads\\\/2021\\\/11\\\/Gate_21_Logo_2_Valge.png\",\"contentUrl\":\"https:\\\/\\\/gate21.ee\\\/wp-content\\\/uploads\\\/2021\\\/11\\\/Gate_21_Logo_2_Valge.png\",\"width\":2560,\"height\":2560,\"caption\":\"Gate21\"},\"image\":{\"@id\":\"https:\\\/\\\/gate21.ee\\\/#\\\/schema\\\/logo\\\/image\\\/\"},\"sameAs\":[\"https:\\\/\\\/www.facebook.com\\\/gate21.ee\\\/\",\"https:\\\/\\\/www.instagram.com\\\/gate21.ee\\\/\",\"https:\\\/\\\/www.instagram.com\\\/omaasidesign\\\/\",\"https:\\\/\\\/www.instagram.com\\\/omaasi\\\/\",\"https:\\\/\\\/www.facebook.com\\\/omaasidesign\\\/\",\"https:\\\/\\\/www.facebook.com\\\/omaasilittleredhouse\\\/\",\"https:\\\/\\\/www.tiktok.com\\\/@gate21.ee\"]}]}<\/script>\n<!-- \/ Yoast SEO plugin. -->","yoast_head_json":{"title":"MOOMIN Family Adventures - LOQI REFLECTIVE &#8226; Gate21","description":"The MOOMIN recycled tote bags by LOQI resonate with anyone who cherishes MOOMIN creativity and bravery. \u00a9 Moomin Characters \u2122","robots":{"index":"index","follow":"follow","max-snippet":"max-snippet:-1","max-image-preview":"max-image-preview:large","max-video-preview":"max-video-preview:-1"},"canonical":"https:\/\/gate21.ee\/et\/shop\/moomin-family-adventures-loqi-reflective\/","og_locale":"et_EE","og_type":"article","og_title":"MOOMIN Family Adventures - LOQI REFLECTIVE &#8226; Gate21","og_description":"The MOOMIN recycled tote bags by LOQI resonate with anyone who cherishes MOOMIN creativity and bravery. \u00a9 Moomin Characters \u2122","og_url":"https:\/\/gate21.ee\/et\/shop\/moomin-family-adventures-loqi-reflective\/","og_site_name":"Gate21","article_publisher":"https:\/\/www.facebook.com\/gate21.ee\/","article_modified_time":"2026-04-15T07:22:20+00:00","og_image":[{"width":800,"height":800,"url":"https:\/\/gate21.ee\/wp-content\/uploads\/2025\/09\/MO.RE_.FA-LOQI-moomin-pattern-reflective-bag-shine.webp","type":"image\/webp"}],"twitter_card":"summary_large_image","twitter_misc":{"Est. reading time":"2 minutit"},"schema":{"@context":"https:\/\/schema.org","@graph":[{"@type":"WebPage","@id":"https:\/\/gate21.ee\/shop\/moomin-family-adventures-loqi-reflective\/","url":"https:\/\/gate21.ee\/shop\/moomin-family-adventures-loqi-reflective\/","name":"MOOMIN Family Adventures - LOQI REFLECTIVE &#8226; Gate21","isPartOf":{"@id":"https:\/\/gate21.ee\/#website"},"primaryImageOfPage":{"@id":"https:\/\/gate21.ee\/shop\/moomin-family-adventures-loqi-reflective\/#primaryimage"},"image":{"@id":"https:\/\/gate21.ee\/shop\/moomin-family-adventures-loqi-reflective\/#primaryimage"},"thumbnailUrl":"https:\/\/gate21.ee\/wp-content\/uploads\/2025\/09\/MO.RE_.FA-LOQI-moomin-pattern-reflective-bag-shine.webp","datePublished":"2025-09-23T10:48:26+00:00","dateModified":"2026-04-15T07:22:20+00:00","description":"The MOOMIN recycled tote bags by LOQI resonate with anyone who cherishes MOOMIN creativity and bravery. \u00a9 Moomin Characters \u2122","breadcrumb":{"@id":"https:\/\/gate21.ee\/shop\/moomin-family-adventures-loqi-reflective\/#breadcrumb"},"inLanguage":"et","potentialAction":[{"@type":"ReadAction","target":["https:\/\/gate21.ee\/shop\/moomin-family-adventures-loqi-reflective\/"]}]},{"@type":"ImageObject","inLanguage":"et","@id":"https:\/\/gate21.ee\/shop\/moomin-family-adventures-loqi-reflective\/#primaryimage","url":"https:\/\/gate21.ee\/wp-content\/uploads\/2025\/09\/MO.RE_.FA-LOQI-moomin-pattern-reflective-bag-shine.webp","contentUrl":"https:\/\/gate21.ee\/wp-content\/uploads\/2025\/09\/MO.RE_.FA-LOQI-moomin-pattern-reflective-bag-shine.webp","width":800,"height":800,"caption":"The MOOMIN Family Adventures - LOQI REFLECTIVE reusable shopping bag, featuring black-and-white cartoon characters, pink handles, and Estonian-inspired design, is shown with a matching folded pouch\u2014ideal for shopping in Tallinn. Gate21.ee"},{"@type":"BreadcrumbList","@id":"https:\/\/gate21.ee\/shop\/moomin-family-adventures-loqi-reflective\/#breadcrumb","itemListElement":[{"@type":"ListItem","position":1,"name":"Home","item":"https:\/\/gate21.ee\/"},{"@type":"ListItem","position":2,"name":"MOOMIN Family Adventures &#8211; LOQI REFLECTIVE"}]},{"@type":"WebSite","@id":"https:\/\/gate21.ee\/#website","url":"https:\/\/gate21.ee\/","name":"Gate21","description":"Kingituskontseptsioonipood Gate21","publisher":{"@id":"https:\/\/gate21.ee\/#organization"},"alternateName":"gate21","potentialAction":[{"@type":"SearchAction","target":{"@type":"EntryPoint","urlTemplate":"https:\/\/gate21.ee\/?s={search_term_string}"},"query-input":{"@type":"PropertyValueSpecification","valueRequired":true,"valueName":"search_term_string"}}],"inLanguage":"et"},{"@type":"Organization","@id":"https:\/\/gate21.ee\/#organization","name":"Gate21","alternateName":"Gate21, Oma Asi and Oma Asi Design Store","url":"https:\/\/gate21.ee\/","logo":{"@type":"ImageObject","inLanguage":"et","@id":"https:\/\/gate21.ee\/#\/schema\/logo\/image\/","url":"https:\/\/gate21.ee\/wp-content\/uploads\/2021\/11\/Gate_21_Logo_2_Valge.png","contentUrl":"https:\/\/gate21.ee\/wp-content\/uploads\/2021\/11\/Gate_21_Logo_2_Valge.png","width":2560,"height":2560,"caption":"Gate21"},"image":{"@id":"https:\/\/gate21.ee\/#\/schema\/logo\/image\/"},"sameAs":["https:\/\/www.facebook.com\/gate21.ee\/","https:\/\/www.instagram.com\/gate21.ee\/","https:\/\/www.instagram.com\/omaasidesign\/","https:\/\/www.instagram.com\/omaasi\/","https:\/\/www.facebook.com\/omaasidesign\/","https:\/\/www.facebook.com\/omaasilittleredhouse\/","https:\/\/www.tiktok.com\/@gate21.ee"]}]}},"jetpack_sharing_enabled":true,"brands":[{"id":632,"name":"LOQI","slug":"loqi"}],"_links":{"self":[{"href":"https:\/\/gate21.ee\/et\/wp-json\/wp\/v2\/product\/234102","targetHints":{"allow":["GET"]}}],"collection":[{"href":"https:\/\/gate21.ee\/et\/wp-json\/wp\/v2\/product"}],"about":[{"href":"https:\/\/gate21.ee\/et\/wp-json\/wp\/v2\/types\/product"}],"replies":[{"embeddable":true,"href":"https:\/\/gate21.ee\/et\/wp-json\/wp\/v2\/comments?post=234102"}],"version-history":[{"count":1,"href":"https:\/\/gate21.ee\/et\/wp-json\/wp\/v2\/product\/234102\/revisions"}],"predecessor-version":[{"id":234104,"href":"https:\/\/gate21.ee\/et\/wp-json\/wp\/v2\/product\/234102\/revisions\/234104"}],"wp:featuredmedia":[{"embeddable":true,"href":"https:\/\/gate21.ee\/et\/wp-json\/wp\/v2\/media\/234103"}],"wp:attachment":[{"href":"https:\/\/gate21.ee\/et\/wp-json\/wp\/v2\/media?parent=234102"}],"wp:term":[{"taxonomy":"pwb-brand","embeddable":true,"href":"https:\/\/gate21.ee\/et\/wp-json\/wp\/v2\/pwb-brand?post=234102"},{"taxonomy":"product_brand","embeddable":true,"href":"https:\/\/gate21.ee\/et\/wp-json\/wp\/v2\/product_brand?post=234102"},{"taxonomy":"product_cat","embeddable":true,"href":"https:\/\/gate21.ee\/et\/wp-json\/wp\/v2\/product_cat?post=234102"},{"taxonomy":"product_tag","embeddable":true,"href":"https:\/\/gate21.ee\/et\/wp-json\/wp\/v2\/product_tag?post=234102"}],"curies":[{"name":"wp","href":"https:\/\/api.w.org\/{rel}","templated":true}]}}