{"id":233231,"date":"2025-09-16T14:11:00","date_gmt":"2025-09-16T11:11:00","guid":{"rendered":"https:\/\/gate21.ee\/?post_type=product&#038;p=233231"},"modified":"2026-03-16T17:53:11","modified_gmt":"2026-03-16T15:53:11","slug":"nwhr-to-go-t-shirt-black","status":"publish","type":"product","link":"https:\/\/gate21.ee\/et\/shop\/nwhr-to-go-t-shirt-black\/","title":{"rendered":"NWHR TO GO T-s\u00e4rk \u2013 Must"},"content":{"rendered":"<p>NWHR teeb \u00fclisuurest\u00a0 <a href=\"https:\/\/gate21.ee\/et\/tootekategooria\/clothing\/tshirts\/\">T-s\u00e4rgid<\/a> valmistatud Portugalis 200 g orgaanilisest kammitud puuvillast 100%, mis on sertifitseeritud GOTS-sertifikaadiga. Selle kasvatamisel ei kasutata kemikaale, nagu v\u00e4etised, herbitsiidid v\u00f5i pestitsiidid, mis on p\u00f5llumajandustootjatele v\u00e4ga kahjulikud ja saastavad nii pinnast kui ka p\u00f5hjavett.<\/p>\n<p>Peske masinpesu k\u00fclmas ts\u00fcklis, \u00e4rge pleegitage, kuivatage \u00f5hu k\u00e4es, \u00e4rge triikige.<\/p>\n<p><img fetchpriority=\"high\" decoding=\"async\" class=\"alignnone size-medium wp-image-218024\" src=\"https:\/\/gate21.ee\/wp-content\/uploads\/2025\/06\/nwhr-point-300x270.webp\" alt=\"\" width=\"300\" height=\"270\" srcset=\"https:\/\/gate21.ee\/wp-content\/uploads\/2025\/06\/nwhr-point-300x270.webp 300w, https:\/\/gate21.ee\/wp-content\/uploads\/2025\/06\/nwhr-point-1024x922.webp 1024w, https:\/\/gate21.ee\/wp-content\/uploads\/2025\/06\/nwhr-point-768x691.webp 768w, https:\/\/gate21.ee\/wp-content\/uploads\/2025\/06\/nwhr-point-1536x1383.webp 1536w, https:\/\/gate21.ee\/wp-content\/uploads\/2025\/06\/nwhr-point-13x12.webp 13w, https:\/\/gate21.ee\/wp-content\/uploads\/2025\/06\/nwhr-point-1320x1188.webp 1320w, https:\/\/gate21.ee\/wp-content\/uploads\/2025\/06\/nwhr-point-600x540.webp 600w, https:\/\/gate21.ee\/wp-content\/uploads\/2025\/06\/nwhr-point.webp 1666w\" sizes=\"(max-width: 300px) 100vw, 300px\" \/><\/p>\n<p><a href=\"https:\/\/gate21.ee\/et\/brand\/nowhere\/\">NWHR<\/a> on punkt kaardil ilma \u00fchiskonnam\u00fcrata, meeldetuletus aeglustada, linnast v\u00e4lja tulla ja nautida v\u00e4ikseid detaile. mis meile p\u00f5genevad.<\/p>\n<p>Inspiratsioon NWHRi jaoks, mis on l\u00fchend s\u00f5nast \u201cmitte kusagil\u201d, p\u00e4rineb k\u00f5igest, mis teeb meid vabaks ja toob meile \u00f5nne. See on vastutustundlik viis r\u00f5ivaste valmistamiseks, mis tagab tuleviku meie tarnijatele ja planeedile.<\/p>","protected":false},"excerpt":{"rendered":"<p>NWHR make oversized\u00a0 T-shirts made in Portugal with 200gr of 100% organic combed cotton with GOTS certification. In its cultivation, no chemicals such as fertilizers, herbicides or pesticides are used, which are very harmful to farmers, and pollute both soil and groundwater. Machine wash in cold cycle, do not bleach, air dry, do not iron. [&hellip;]<\/p>\n","protected":false},"featured_media":233237,"comment_status":"closed","ping_status":"closed","template":"","meta":{"site-sidebar-layout":"default","site-content-layout":"","ast-site-content-layout":"default","site-content-style":"default","site-sidebar-style":"default","ast-global-header-display":"","ast-banner-title-visibility":"","ast-main-header-display":"","ast-hfb-above-header-display":"","ast-hfb-below-header-display":"","ast-hfb-mobile-header-display":"","site-post-title":"","ast-breadcrumbs-content":"","ast-featured-img":"","footer-sml-layout":"","ast-disable-related-posts":"","theme-transparent-header-meta":"default","adv-header-id-meta":"","stick-header-meta":"default","header-above-stick-meta":"","header-main-stick-meta":"","header-below-stick-meta":"","astra-migrate-meta-layouts":"set","ast-page-background-enabled":"default","ast-page-background-meta":{"desktop":{"background-color":"","background-image":"","background-repeat":"repeat","background-position":"center center","background-size":"auto","background-attachment":"scroll","background-type":"","background-media":"","overlay-type":"","overlay-color":"","overlay-opacity":"","overlay-gradient":""},"tablet":{"background-color":"","background-image":"","background-repeat":"repeat","background-position":"center center","background-size":"auto","background-attachment":"scroll","background-type":"","background-media":"","overlay-type":"","overlay-color":"","overlay-opacity":"","overlay-gradient":""},"mobile":{"background-color":"","background-image":"","background-repeat":"repeat","background-position":"center center","background-size":"auto","background-attachment":"scroll","background-type":"","background-media":"","overlay-type":"","overlay-color":"","overlay-opacity":"","overlay-gradient":""}},"ast-content-background-meta":{"desktop":{"background-color":"var(--ast-global-color-5)","background-image":"","background-repeat":"repeat","background-position":"center center","background-size":"auto","background-attachment":"scroll","background-type":"","background-media":"","overlay-type":"","overlay-color":"","overlay-opacity":"","overlay-gradient":""},"tablet":{"background-color":"var(--ast-global-color-5)","background-image":"","background-repeat":"repeat","background-position":"center center","background-size":"auto","background-attachment":"scroll","background-type":"","background-media":"","overlay-type":"","overlay-color":"","overlay-opacity":"","overlay-gradient":""},"mobile":{"background-color":"var(--ast-global-color-5)","background-image":"","background-repeat":"repeat","background-position":"center center","background-size":"auto","background-attachment":"scroll","background-type":"","background-media":"","overlay-type":"","overlay-color":"","overlay-opacity":"","overlay-gradient":""}}},"pwb-brand":[625],"product_brand":[],"product_cat":[56,54,132],"product_tag":[],"class_list":{"0":"post-233231","1":"product","2":"type-product","3":"status-publish","4":"has-post-thumbnail","6":"pwb-brand-nowhere","7":"product_cat-clothing","8":"product_cat-sale","9":"product_cat-tshirts","10":"desktop-align-center","11":"tablet-align-center","12":"mobile-align-center","13":"ast-product-gallery-layout-vertical","14":"ast-product-single-variable","15":"ast-product-tabs-layout-horizontal","17":"first","18":"instock","19":"sale","20":"taxable","21":"shipping-taxable","22":"purchasable","23":"product-type-variable"},"yoast_head":"<!-- This site is optimized with the Yoast SEO plugin v27.4 - https:\/\/yoast.com\/product\/yoast-seo-wordpress\/ -->\n<title>NWHR TO GO T-shirt - Black &#8226; Gate21<\/title>\n<meta name=\"description\" content=\"Sassy Spud high quality F*cking Humans Alien Embroidered T-shirts are super soft 100% organic cotton, ethically manufactured. Best wash at 30 degrees!\" \/>\n<meta name=\"robots\" content=\"index, follow, max-snippet:-1, max-image-preview:large, max-video-preview:-1\" \/>\n<link rel=\"canonical\" href=\"https:\/\/gate21.ee\/et\/shop\/nwhr-to-go-t-shirt-black\/\" \/>\n<meta property=\"og:locale\" content=\"et_EE\" \/>\n<meta property=\"og:type\" content=\"article\" \/>\n<meta property=\"og:title\" content=\"NWHR TO GO T-shirt - Black &#8226; Gate21\" \/>\n<meta property=\"og:description\" content=\"Sassy Spud high quality F*cking Humans Alien Embroidered T-shirts are super soft 100% organic cotton, ethically manufactured. Best wash at 30 degrees!\" \/>\n<meta property=\"og:url\" content=\"https:\/\/gate21.ee\/et\/shop\/nwhr-to-go-t-shirt-black\/\" \/>\n<meta property=\"og:site_name\" content=\"Gate21\" \/>\n<meta property=\"article:publisher\" content=\"https:\/\/www.facebook.com\/gate21.ee\/\" \/>\n<meta property=\"article:modified_time\" content=\"2026-03-16T15:53:11+00:00\" \/>\n<meta property=\"og:image\" content=\"https:\/\/gate21.ee\/wp-content\/uploads\/2025\/09\/negra-togo.webp\" \/>\n\t<meta property=\"og:image:width\" content=\"700\" \/>\n\t<meta property=\"og:image:height\" content=\"1050\" \/>\n\t<meta property=\"og:image:type\" content=\"image\/webp\" \/>\n<meta name=\"twitter:card\" content=\"summary_large_image\" \/>\n<meta name=\"twitter:label1\" content=\"Est. reading time\" \/>\n\t<meta name=\"twitter:data1\" content=\"1 minut\" \/>\n<script type=\"application\/ld+json\" class=\"yoast-schema-graph\">{\"@context\":\"https:\\\/\\\/schema.org\",\"@graph\":[{\"@type\":\"WebPage\",\"@id\":\"https:\\\/\\\/gate21.ee\\\/shop\\\/nwhr-to-go-t-shirt-black\\\/\",\"url\":\"https:\\\/\\\/gate21.ee\\\/shop\\\/nwhr-to-go-t-shirt-black\\\/\",\"name\":\"NWHR TO GO T-shirt - Black &#8226; Gate21\",\"isPartOf\":{\"@id\":\"https:\\\/\\\/gate21.ee\\\/#website\"},\"primaryImageOfPage\":{\"@id\":\"https:\\\/\\\/gate21.ee\\\/shop\\\/nwhr-to-go-t-shirt-black\\\/#primaryimage\"},\"image\":{\"@id\":\"https:\\\/\\\/gate21.ee\\\/shop\\\/nwhr-to-go-t-shirt-black\\\/#primaryimage\"},\"thumbnailUrl\":\"https:\\\/\\\/gate21.ee\\\/wp-content\\\/uploads\\\/2025\\\/09\\\/negra-togo.webp\",\"datePublished\":\"2025-09-16T11:11:00+00:00\",\"dateModified\":\"2026-03-16T15:53:11+00:00\",\"description\":\"Sassy Spud high quality F*cking Humans Alien Embroidered T-shirts are super soft 100% organic cotton, ethically manufactured. Best wash at 30 degrees!\",\"breadcrumb\":{\"@id\":\"https:\\\/\\\/gate21.ee\\\/shop\\\/nwhr-to-go-t-shirt-black\\\/#breadcrumb\"},\"inLanguage\":\"et\",\"potentialAction\":[{\"@type\":\"ReadAction\",\"target\":[\"https:\\\/\\\/gate21.ee\\\/shop\\\/nwhr-to-go-t-shirt-black\\\/\"]}]},{\"@type\":\"ImageObject\",\"inLanguage\":\"et\",\"@id\":\"https:\\\/\\\/gate21.ee\\\/shop\\\/nwhr-to-go-t-shirt-black\\\/#primaryimage\",\"url\":\"https:\\\/\\\/gate21.ee\\\/wp-content\\\/uploads\\\/2025\\\/09\\\/negra-togo.webp\",\"contentUrl\":\"https:\\\/\\\/gate21.ee\\\/wp-content\\\/uploads\\\/2025\\\/09\\\/negra-togo.webp\",\"width\":700,\"height\":1050,\"caption\":\"The NWHR TO GO T-shirt - Black is a long-sleeve shirt with an Estonian design: two stylised runners, bold white text \\\"I HAD NOWHERE TO GO,\\\" and coloured circles labelled N, W, W, R to connect mind and body. Gate21.ee\"},{\"@type\":\"BreadcrumbList\",\"@id\":\"https:\\\/\\\/gate21.ee\\\/shop\\\/nwhr-to-go-t-shirt-black\\\/#breadcrumb\",\"itemListElement\":[{\"@type\":\"ListItem\",\"position\":1,\"name\":\"Home\",\"item\":\"https:\\\/\\\/gate21.ee\\\/\"},{\"@type\":\"ListItem\",\"position\":2,\"name\":\"NWHR TO GO T-shirt &#8211; Black\"}]},{\"@type\":\"WebSite\",\"@id\":\"https:\\\/\\\/gate21.ee\\\/#website\",\"url\":\"https:\\\/\\\/gate21.ee\\\/\",\"name\":\"Gate21\",\"description\":\"Gift concept store Gate21\",\"publisher\":{\"@id\":\"https:\\\/\\\/gate21.ee\\\/#organization\"},\"alternateName\":\"gate21\",\"potentialAction\":[{\"@type\":\"SearchAction\",\"target\":{\"@type\":\"EntryPoint\",\"urlTemplate\":\"https:\\\/\\\/gate21.ee\\\/?s={search_term_string}\"},\"query-input\":{\"@type\":\"PropertyValueSpecification\",\"valueRequired\":true,\"valueName\":\"search_term_string\"}}],\"inLanguage\":\"et\"},{\"@type\":\"Organization\",\"@id\":\"https:\\\/\\\/gate21.ee\\\/#organization\",\"name\":\"Gate21\",\"alternateName\":\"Gate21, Oma Asi and Oma Asi Design Store\",\"url\":\"https:\\\/\\\/gate21.ee\\\/\",\"logo\":{\"@type\":\"ImageObject\",\"inLanguage\":\"et\",\"@id\":\"https:\\\/\\\/gate21.ee\\\/#\\\/schema\\\/logo\\\/image\\\/\",\"url\":\"https:\\\/\\\/gate21.ee\\\/wp-content\\\/uploads\\\/2021\\\/11\\\/Gate_21_Logo_2_Valge.png\",\"contentUrl\":\"https:\\\/\\\/gate21.ee\\\/wp-content\\\/uploads\\\/2021\\\/11\\\/Gate_21_Logo_2_Valge.png\",\"width\":2560,\"height\":2560,\"caption\":\"Gate21\"},\"image\":{\"@id\":\"https:\\\/\\\/gate21.ee\\\/#\\\/schema\\\/logo\\\/image\\\/\"},\"sameAs\":[\"https:\\\/\\\/www.facebook.com\\\/gate21.ee\\\/\",\"https:\\\/\\\/www.instagram.com\\\/gate21.ee\\\/\",\"https:\\\/\\\/www.instagram.com\\\/omaasidesign\\\/\",\"https:\\\/\\\/www.instagram.com\\\/omaasi\\\/\",\"https:\\\/\\\/www.facebook.com\\\/omaasidesign\\\/\",\"https:\\\/\\\/www.facebook.com\\\/omaasilittleredhouse\\\/\",\"https:\\\/\\\/www.tiktok.com\\\/@gate21.ee\"]}]}<\/script>\n<!-- \/ Yoast SEO plugin. -->","yoast_head_json":{"title":"NWHR TO GO T-shirt - Black &#8226; Gate21","description":"Sassy Spud high quality F*cking Humans Alien Embroidered T-shirts are super soft 100% organic cotton, ethically manufactured. Best wash at 30 degrees!","robots":{"index":"index","follow":"follow","max-snippet":"max-snippet:-1","max-image-preview":"max-image-preview:large","max-video-preview":"max-video-preview:-1"},"canonical":"https:\/\/gate21.ee\/et\/shop\/nwhr-to-go-t-shirt-black\/","og_locale":"et_EE","og_type":"article","og_title":"NWHR TO GO T-shirt - Black &#8226; Gate21","og_description":"Sassy Spud high quality F*cking Humans Alien Embroidered T-shirts are super soft 100% organic cotton, ethically manufactured. Best wash at 30 degrees!","og_url":"https:\/\/gate21.ee\/et\/shop\/nwhr-to-go-t-shirt-black\/","og_site_name":"Gate21","article_publisher":"https:\/\/www.facebook.com\/gate21.ee\/","article_modified_time":"2026-03-16T15:53:11+00:00","og_image":[{"width":700,"height":1050,"url":"https:\/\/gate21.ee\/wp-content\/uploads\/2025\/09\/negra-togo.webp","type":"image\/webp"}],"twitter_card":"summary_large_image","twitter_misc":{"Est. reading time":"1 minut"},"schema":{"@context":"https:\/\/schema.org","@graph":[{"@type":"WebPage","@id":"https:\/\/gate21.ee\/shop\/nwhr-to-go-t-shirt-black\/","url":"https:\/\/gate21.ee\/shop\/nwhr-to-go-t-shirt-black\/","name":"NWHR TO GO T-shirt - Black &#8226; Gate21","isPartOf":{"@id":"https:\/\/gate21.ee\/#website"},"primaryImageOfPage":{"@id":"https:\/\/gate21.ee\/shop\/nwhr-to-go-t-shirt-black\/#primaryimage"},"image":{"@id":"https:\/\/gate21.ee\/shop\/nwhr-to-go-t-shirt-black\/#primaryimage"},"thumbnailUrl":"https:\/\/gate21.ee\/wp-content\/uploads\/2025\/09\/negra-togo.webp","datePublished":"2025-09-16T11:11:00+00:00","dateModified":"2026-03-16T15:53:11+00:00","description":"Sassy Spud high quality F*cking Humans Alien Embroidered T-shirts are super soft 100% organic cotton, ethically manufactured. Best wash at 30 degrees!","breadcrumb":{"@id":"https:\/\/gate21.ee\/shop\/nwhr-to-go-t-shirt-black\/#breadcrumb"},"inLanguage":"et","potentialAction":[{"@type":"ReadAction","target":["https:\/\/gate21.ee\/shop\/nwhr-to-go-t-shirt-black\/"]}]},{"@type":"ImageObject","inLanguage":"et","@id":"https:\/\/gate21.ee\/shop\/nwhr-to-go-t-shirt-black\/#primaryimage","url":"https:\/\/gate21.ee\/wp-content\/uploads\/2025\/09\/negra-togo.webp","contentUrl":"https:\/\/gate21.ee\/wp-content\/uploads\/2025\/09\/negra-togo.webp","width":700,"height":1050,"caption":"The NWHR TO GO T-shirt - Black is a long-sleeve shirt with an Estonian design: two stylised runners, bold white text \"I HAD NOWHERE TO GO,\" and coloured circles labelled N, W, W, R to connect mind and body. Gate21.ee"},{"@type":"BreadcrumbList","@id":"https:\/\/gate21.ee\/shop\/nwhr-to-go-t-shirt-black\/#breadcrumb","itemListElement":[{"@type":"ListItem","position":1,"name":"Home","item":"https:\/\/gate21.ee\/"},{"@type":"ListItem","position":2,"name":"NWHR TO GO T-shirt &#8211; Black"}]},{"@type":"WebSite","@id":"https:\/\/gate21.ee\/#website","url":"https:\/\/gate21.ee\/","name":"Gate21","description":"Kingituskontseptsioonipood Gate21","publisher":{"@id":"https:\/\/gate21.ee\/#organization"},"alternateName":"gate21","potentialAction":[{"@type":"SearchAction","target":{"@type":"EntryPoint","urlTemplate":"https:\/\/gate21.ee\/?s={search_term_string}"},"query-input":{"@type":"PropertyValueSpecification","valueRequired":true,"valueName":"search_term_string"}}],"inLanguage":"et"},{"@type":"Organization","@id":"https:\/\/gate21.ee\/#organization","name":"Gate21","alternateName":"Gate21, Oma Asi and Oma Asi Design Store","url":"https:\/\/gate21.ee\/","logo":{"@type":"ImageObject","inLanguage":"et","@id":"https:\/\/gate21.ee\/#\/schema\/logo\/image\/","url":"https:\/\/gate21.ee\/wp-content\/uploads\/2021\/11\/Gate_21_Logo_2_Valge.png","contentUrl":"https:\/\/gate21.ee\/wp-content\/uploads\/2021\/11\/Gate_21_Logo_2_Valge.png","width":2560,"height":2560,"caption":"Gate21"},"image":{"@id":"https:\/\/gate21.ee\/#\/schema\/logo\/image\/"},"sameAs":["https:\/\/www.facebook.com\/gate21.ee\/","https:\/\/www.instagram.com\/gate21.ee\/","https:\/\/www.instagram.com\/omaasidesign\/","https:\/\/www.instagram.com\/omaasi\/","https:\/\/www.facebook.com\/omaasidesign\/","https:\/\/www.facebook.com\/omaasilittleredhouse\/","https:\/\/www.tiktok.com\/@gate21.ee"]}]}},"jetpack_sharing_enabled":true,"brands":[{"id":625,"name":"NWHR","slug":"nowhere"}],"_links":{"self":[{"href":"https:\/\/gate21.ee\/et\/wp-json\/wp\/v2\/product\/233231","targetHints":{"allow":["GET"]}}],"collection":[{"href":"https:\/\/gate21.ee\/et\/wp-json\/wp\/v2\/product"}],"about":[{"href":"https:\/\/gate21.ee\/et\/wp-json\/wp\/v2\/types\/product"}],"replies":[{"embeddable":true,"href":"https:\/\/gate21.ee\/et\/wp-json\/wp\/v2\/comments?post=233231"}],"version-history":[{"count":1,"href":"https:\/\/gate21.ee\/et\/wp-json\/wp\/v2\/product\/233231\/revisions"}],"predecessor-version":[{"id":233239,"href":"https:\/\/gate21.ee\/et\/wp-json\/wp\/v2\/product\/233231\/revisions\/233239"}],"wp:featuredmedia":[{"embeddable":true,"href":"https:\/\/gate21.ee\/et\/wp-json\/wp\/v2\/media\/233237"}],"wp:attachment":[{"href":"https:\/\/gate21.ee\/et\/wp-json\/wp\/v2\/media?parent=233231"}],"wp:term":[{"taxonomy":"pwb-brand","embeddable":true,"href":"https:\/\/gate21.ee\/et\/wp-json\/wp\/v2\/pwb-brand?post=233231"},{"taxonomy":"product_brand","embeddable":true,"href":"https:\/\/gate21.ee\/et\/wp-json\/wp\/v2\/product_brand?post=233231"},{"taxonomy":"product_cat","embeddable":true,"href":"https:\/\/gate21.ee\/et\/wp-json\/wp\/v2\/product_cat?post=233231"},{"taxonomy":"product_tag","embeddable":true,"href":"https:\/\/gate21.ee\/et\/wp-json\/wp\/v2\/product_tag?post=233231"}],"curies":[{"name":"wp","href":"https:\/\/api.w.org\/{rel}","templated":true}]}}