{"id":232482,"date":"2025-09-10T13:13:00","date_gmt":"2025-09-10T10:13:00","guid":{"rendered":"https:\/\/gate21.ee\/?post_type=product&#038;p=232482"},"modified":"2026-02-15T13:59:57","modified_gmt":"2026-02-15T11:59:57","slug":"tiiger-wall-clock","status":"publish","type":"product","link":"https:\/\/gate21.ee\/et\/shop\/tiiger-wall-clock\/","title":{"rendered":"TIIGER \u2013 Seinakell"},"content":{"rendered":"<p>Maailmas, mis sageli \u00fclistab t\u00e4psust ja v\u00e4\u00e4rtustab iga minutit meie p\u00e4evast, v\u00f5ib tunduda vastur\u00e4\u00e4kivana r\u00f5hutada hilinemise t\u00e4htsust.<\/p>\n<p>M\u00f5\u00f5tmed: 30 x 5 x 30cm<\/p>\n<p><img fetchpriority=\"high\" decoding=\"async\" class=\"size-medium wp-image-190174 aligncenter\" src=\"https:\/\/gate21.ee\/wp-content\/uploads\/2024\/09\/Web_Brutto.Shop_5_1780x-300x200.webp\" alt=\"\" width=\"300\" height=\"200\" srcset=\"https:\/\/gate21.ee\/wp-content\/uploads\/2024\/09\/Web_Brutto.Shop_5_1780x-300x200.webp 300w, https:\/\/gate21.ee\/wp-content\/uploads\/2024\/09\/Web_Brutto.Shop_5_1780x-1024x682.webp 1024w, https:\/\/gate21.ee\/wp-content\/uploads\/2024\/09\/Web_Brutto.Shop_5_1780x-768x512.webp 768w, https:\/\/gate21.ee\/wp-content\/uploads\/2024\/09\/Web_Brutto.Shop_5_1780x-1536x1023.webp 1536w, https:\/\/gate21.ee\/wp-content\/uploads\/2024\/09\/Web_Brutto.Shop_5_1780x-18x12.webp 18w, https:\/\/gate21.ee\/wp-content\/uploads\/2024\/09\/Web_Brutto.Shop_5_1780x-1320x880.webp 1320w, https:\/\/gate21.ee\/wp-content\/uploads\/2024\/09\/Web_Brutto.Shop_5_1780x-600x400.webp 600w, https:\/\/gate21.ee\/wp-content\/uploads\/2024\/09\/Web_Brutto.Shop_5_1780x.webp 1780w\" sizes=\"(max-width: 300px) 100vw, 300px\" \/><\/p>\n<p>&nbsp;<\/p>\n<p>Brutto t\u00e4hendab itaalia keeles \u201ckole\u201d ja see on ehk adjektiiv, mida me p\u00e4eva jooksul k\u00f5ige rohkem kuuleme. Kole on suhteline. See on olemas ainult seet\u00f5ttu, et ilu on olemas, kuid see on suhteline. Meie jaoks on see, mis on ilus, halb ja see, mis on halb, on ilus.<\/p>","protected":false},"excerpt":{"rendered":"<p>In a world that often glorifies punctuality and values every minute of our day, it may seem counterintuitive to emphasize the importance of being late. Dimensions: 30 x 5 x 30cm &nbsp; Brutto means &#8220;ugly&#8221; in Italian and is perhaps the adjective we hear most during a day. Ugly is relative. It exists only because [&hellip;]<\/p>\n","protected":false},"featured_media":232484,"comment_status":"closed","ping_status":"closed","template":"","meta":{"site-sidebar-layout":"default","site-content-layout":"","ast-site-content-layout":"default","site-content-style":"default","site-sidebar-style":"default","ast-global-header-display":"","ast-banner-title-visibility":"","ast-main-header-display":"","ast-hfb-above-header-display":"","ast-hfb-below-header-display":"","ast-hfb-mobile-header-display":"","site-post-title":"","ast-breadcrumbs-content":"","ast-featured-img":"","footer-sml-layout":"","ast-disable-related-posts":"","theme-transparent-header-meta":"default","adv-header-id-meta":"","stick-header-meta":"default","header-above-stick-meta":"","header-main-stick-meta":"","header-below-stick-meta":"","astra-migrate-meta-layouts":"set","ast-page-background-enabled":"default","ast-page-background-meta":{"desktop":{"background-color":"","background-image":"","background-repeat":"repeat","background-position":"center center","background-size":"auto","background-attachment":"scroll","background-type":"","background-media":"","overlay-type":"","overlay-color":"","overlay-opacity":"","overlay-gradient":""},"tablet":{"background-color":"","background-image":"","background-repeat":"repeat","background-position":"center center","background-size":"auto","background-attachment":"scroll","background-type":"","background-media":"","overlay-type":"","overlay-color":"","overlay-opacity":"","overlay-gradient":""},"mobile":{"background-color":"","background-image":"","background-repeat":"repeat","background-position":"center center","background-size":"auto","background-attachment":"scroll","background-type":"","background-media":"","overlay-type":"","overlay-color":"","overlay-opacity":"","overlay-gradient":""}},"ast-content-background-meta":{"desktop":{"background-color":"var(--ast-global-color-5)","background-image":"","background-repeat":"repeat","background-position":"center center","background-size":"auto","background-attachment":"scroll","background-type":"","background-media":"","overlay-type":"","overlay-color":"","overlay-opacity":"","overlay-gradient":""},"tablet":{"background-color":"var(--ast-global-color-5)","background-image":"","background-repeat":"repeat","background-position":"center center","background-size":"auto","background-attachment":"scroll","background-type":"","background-media":"","overlay-type":"","overlay-color":"","overlay-opacity":"","overlay-gradient":""},"mobile":{"background-color":"var(--ast-global-color-5)","background-image":"","background-repeat":"repeat","background-position":"center center","background-size":"auto","background-attachment":"scroll","background-type":"","background-media":"","overlay-type":"","overlay-color":"","overlay-opacity":"","overlay-gradient":""}}},"pwb-brand":[601],"product_brand":[],"product_cat":[648,218],"product_tag":[],"class_list":{"0":"post-232482","1":"product","2":"type-product","3":"status-publish","4":"has-post-thumbnail","6":"pwb-brand-brutto","7":"product_cat-clocks","8":"product_cat-home","9":"desktop-align-center","10":"tablet-align-center","11":"mobile-align-center","12":"ast-product-gallery-layout-vertical","13":"ast-product-tabs-layout-horizontal","15":"first","16":"instock","17":"taxable","18":"shipping-taxable","19":"purchasable","20":"product-type-simple"},"yoast_head":"<!-- This site is optimized with the Yoast SEO plugin v27.4 - https:\/\/yoast.com\/product\/yoast-seo-wordpress\/ -->\n<title>TIIGER - Wall clock &#8226; Gate21<\/title>\n<meta name=\"robots\" content=\"index, follow, max-snippet:-1, max-image-preview:large, max-video-preview:-1\" \/>\n<link rel=\"canonical\" href=\"https:\/\/gate21.ee\/et\/shop\/tiiger-wall-clock\/\" \/>\n<meta property=\"og:locale\" content=\"et_EE\" \/>\n<meta property=\"og:type\" content=\"article\" \/>\n<meta property=\"og:title\" content=\"TIIGER - Wall clock &#8226; Gate21\" \/>\n<meta property=\"og:description\" content=\"In a world that often glorifies punctuality and values every minute of our day, it may seem counterintuitive to emphasize the importance of being late. Dimensions: 30 x 5 x 30cm &nbsp; Brutto means &#8220;ugly&#8221; in Italian and is perhaps the adjective we hear most during a day. Ugly is relative. It exists only because [&hellip;]\" \/>\n<meta property=\"og:url\" content=\"https:\/\/gate21.ee\/et\/shop\/tiiger-wall-clock\/\" \/>\n<meta property=\"og:site_name\" content=\"Gate21\" \/>\n<meta property=\"article:publisher\" content=\"https:\/\/www.facebook.com\/gate21.ee\/\" \/>\n<meta property=\"article:modified_time\" content=\"2026-02-15T11:59:57+00:00\" \/>\n<meta property=\"og:image\" content=\"https:\/\/gate21.ee\/wp-content\/uploads\/2025\/09\/Brule_Thumb_e19193da-86f9-4441-b7fb-6bcfb53f2599.webp\" \/>\n\t<meta property=\"og:image:width\" content=\"1100\" \/>\n\t<meta property=\"og:image:height\" content=\"1375\" \/>\n\t<meta property=\"og:image:type\" content=\"image\/webp\" \/>\n<meta name=\"twitter:card\" content=\"summary_large_image\" \/>\n<meta name=\"twitter:label1\" content=\"Est. reading time\" \/>\n\t<meta name=\"twitter:data1\" content=\"1 minut\" \/>\n<script type=\"application\/ld+json\" class=\"yoast-schema-graph\">{\"@context\":\"https:\\\/\\\/schema.org\",\"@graph\":[{\"@type\":\"WebPage\",\"@id\":\"https:\\\/\\\/gate21.ee\\\/shop\\\/tiiger-wall-clock\\\/\",\"url\":\"https:\\\/\\\/gate21.ee\\\/shop\\\/tiiger-wall-clock\\\/\",\"name\":\"TIIGER - Wall clock &#8226; Gate21\",\"isPartOf\":{\"@id\":\"https:\\\/\\\/gate21.ee\\\/#website\"},\"primaryImageOfPage\":{\"@id\":\"https:\\\/\\\/gate21.ee\\\/shop\\\/tiiger-wall-clock\\\/#primaryimage\"},\"image\":{\"@id\":\"https:\\\/\\\/gate21.ee\\\/shop\\\/tiiger-wall-clock\\\/#primaryimage\"},\"thumbnailUrl\":\"https:\\\/\\\/gate21.ee\\\/wp-content\\\/uploads\\\/2025\\\/09\\\/Brule_Thumb_e19193da-86f9-4441-b7fb-6bcfb53f2599.webp\",\"datePublished\":\"2025-09-10T10:13:00+00:00\",\"dateModified\":\"2026-02-15T11:59:57+00:00\",\"breadcrumb\":{\"@id\":\"https:\\\/\\\/gate21.ee\\\/shop\\\/tiiger-wall-clock\\\/#breadcrumb\"},\"inLanguage\":\"et\",\"potentialAction\":[{\"@type\":\"ReadAction\",\"target\":[\"https:\\\/\\\/gate21.ee\\\/shop\\\/tiiger-wall-clock\\\/\"]}]},{\"@type\":\"ImageObject\",\"inLanguage\":\"et\",\"@id\":\"https:\\\/\\\/gate21.ee\\\/shop\\\/tiiger-wall-clock\\\/#primaryimage\",\"url\":\"https:\\\/\\\/gate21.ee\\\/wp-content\\\/uploads\\\/2025\\\/09\\\/Brule_Thumb_e19193da-86f9-4441-b7fb-6bcfb53f2599.webp\",\"contentUrl\":\"https:\\\/\\\/gate21.ee\\\/wp-content\\\/uploads\\\/2025\\\/09\\\/Brule_Thumb_e19193da-86f9-4441-b7fb-6bcfb53f2599.webp\",\"width\":1100,\"height\":1375,\"caption\":\"The TIIGER Wall Clock features an orange and black face styled like a lion with blue eyes and purple hands. Showcasing Estonian design, \\\"BRUTTO CLOCK\\\" appears at the bottom\u2014ideal for adding flair to any concept shop. Gate21.ee\"},{\"@type\":\"BreadcrumbList\",\"@id\":\"https:\\\/\\\/gate21.ee\\\/shop\\\/tiiger-wall-clock\\\/#breadcrumb\",\"itemListElement\":[{\"@type\":\"ListItem\",\"position\":1,\"name\":\"Home\",\"item\":\"https:\\\/\\\/gate21.ee\\\/\"},{\"@type\":\"ListItem\",\"position\":2,\"name\":\"TIIGER &#8211; Wall clock\"}]},{\"@type\":\"WebSite\",\"@id\":\"https:\\\/\\\/gate21.ee\\\/#website\",\"url\":\"https:\\\/\\\/gate21.ee\\\/\",\"name\":\"Gate21\",\"description\":\"Gift concept store Gate21\",\"publisher\":{\"@id\":\"https:\\\/\\\/gate21.ee\\\/#organization\"},\"alternateName\":\"gate21\",\"potentialAction\":[{\"@type\":\"SearchAction\",\"target\":{\"@type\":\"EntryPoint\",\"urlTemplate\":\"https:\\\/\\\/gate21.ee\\\/?s={search_term_string}\"},\"query-input\":{\"@type\":\"PropertyValueSpecification\",\"valueRequired\":true,\"valueName\":\"search_term_string\"}}],\"inLanguage\":\"et\"},{\"@type\":\"Organization\",\"@id\":\"https:\\\/\\\/gate21.ee\\\/#organization\",\"name\":\"Gate21\",\"alternateName\":\"Gate21, Oma Asi and Oma Asi Design Store\",\"url\":\"https:\\\/\\\/gate21.ee\\\/\",\"logo\":{\"@type\":\"ImageObject\",\"inLanguage\":\"et\",\"@id\":\"https:\\\/\\\/gate21.ee\\\/#\\\/schema\\\/logo\\\/image\\\/\",\"url\":\"https:\\\/\\\/gate21.ee\\\/wp-content\\\/uploads\\\/2021\\\/11\\\/Gate_21_Logo_2_Valge.png\",\"contentUrl\":\"https:\\\/\\\/gate21.ee\\\/wp-content\\\/uploads\\\/2021\\\/11\\\/Gate_21_Logo_2_Valge.png\",\"width\":2560,\"height\":2560,\"caption\":\"Gate21\"},\"image\":{\"@id\":\"https:\\\/\\\/gate21.ee\\\/#\\\/schema\\\/logo\\\/image\\\/\"},\"sameAs\":[\"https:\\\/\\\/www.facebook.com\\\/gate21.ee\\\/\",\"https:\\\/\\\/www.instagram.com\\\/gate21.ee\\\/\",\"https:\\\/\\\/www.instagram.com\\\/omaasidesign\\\/\",\"https:\\\/\\\/www.instagram.com\\\/omaasi\\\/\",\"https:\\\/\\\/www.facebook.com\\\/omaasidesign\\\/\",\"https:\\\/\\\/www.facebook.com\\\/omaasilittleredhouse\\\/\",\"https:\\\/\\\/www.tiktok.com\\\/@gate21.ee\"]}]}<\/script>\n<!-- \/ Yoast SEO plugin. -->","yoast_head_json":{"title":"TIIGER - Wall clock &#8226; Gate21","robots":{"index":"index","follow":"follow","max-snippet":"max-snippet:-1","max-image-preview":"max-image-preview:large","max-video-preview":"max-video-preview:-1"},"canonical":"https:\/\/gate21.ee\/et\/shop\/tiiger-wall-clock\/","og_locale":"et_EE","og_type":"article","og_title":"TIIGER - Wall clock &#8226; Gate21","og_description":"In a world that often glorifies punctuality and values every minute of our day, it may seem counterintuitive to emphasize the importance of being late. Dimensions: 30 x 5 x 30cm &nbsp; Brutto means &#8220;ugly&#8221; in Italian and is perhaps the adjective we hear most during a day. Ugly is relative. It exists only because [&hellip;]","og_url":"https:\/\/gate21.ee\/et\/shop\/tiiger-wall-clock\/","og_site_name":"Gate21","article_publisher":"https:\/\/www.facebook.com\/gate21.ee\/","article_modified_time":"2026-02-15T11:59:57+00:00","og_image":[{"width":1100,"height":1375,"url":"https:\/\/gate21.ee\/wp-content\/uploads\/2025\/09\/Brule_Thumb_e19193da-86f9-4441-b7fb-6bcfb53f2599.webp","type":"image\/webp"}],"twitter_card":"summary_large_image","twitter_misc":{"Est. reading time":"1 minut"},"schema":{"@context":"https:\/\/schema.org","@graph":[{"@type":"WebPage","@id":"https:\/\/gate21.ee\/shop\/tiiger-wall-clock\/","url":"https:\/\/gate21.ee\/shop\/tiiger-wall-clock\/","name":"TIIGER - Wall clock &#8226; Gate21","isPartOf":{"@id":"https:\/\/gate21.ee\/#website"},"primaryImageOfPage":{"@id":"https:\/\/gate21.ee\/shop\/tiiger-wall-clock\/#primaryimage"},"image":{"@id":"https:\/\/gate21.ee\/shop\/tiiger-wall-clock\/#primaryimage"},"thumbnailUrl":"https:\/\/gate21.ee\/wp-content\/uploads\/2025\/09\/Brule_Thumb_e19193da-86f9-4441-b7fb-6bcfb53f2599.webp","datePublished":"2025-09-10T10:13:00+00:00","dateModified":"2026-02-15T11:59:57+00:00","breadcrumb":{"@id":"https:\/\/gate21.ee\/shop\/tiiger-wall-clock\/#breadcrumb"},"inLanguage":"et","potentialAction":[{"@type":"ReadAction","target":["https:\/\/gate21.ee\/shop\/tiiger-wall-clock\/"]}]},{"@type":"ImageObject","inLanguage":"et","@id":"https:\/\/gate21.ee\/shop\/tiiger-wall-clock\/#primaryimage","url":"https:\/\/gate21.ee\/wp-content\/uploads\/2025\/09\/Brule_Thumb_e19193da-86f9-4441-b7fb-6bcfb53f2599.webp","contentUrl":"https:\/\/gate21.ee\/wp-content\/uploads\/2025\/09\/Brule_Thumb_e19193da-86f9-4441-b7fb-6bcfb53f2599.webp","width":1100,"height":1375,"caption":"The TIIGER Wall Clock features an orange and black face styled like a lion with blue eyes and purple hands. Showcasing Estonian design, \"BRUTTO CLOCK\" appears at the bottom\u2014ideal for adding flair to any concept shop. Gate21.ee"},{"@type":"BreadcrumbList","@id":"https:\/\/gate21.ee\/shop\/tiiger-wall-clock\/#breadcrumb","itemListElement":[{"@type":"ListItem","position":1,"name":"Home","item":"https:\/\/gate21.ee\/"},{"@type":"ListItem","position":2,"name":"TIIGER &#8211; Wall clock"}]},{"@type":"WebSite","@id":"https:\/\/gate21.ee\/#website","url":"https:\/\/gate21.ee\/","name":"Gate21","description":"Kingituskontseptsioonipood Gate21","publisher":{"@id":"https:\/\/gate21.ee\/#organization"},"alternateName":"gate21","potentialAction":[{"@type":"SearchAction","target":{"@type":"EntryPoint","urlTemplate":"https:\/\/gate21.ee\/?s={search_term_string}"},"query-input":{"@type":"PropertyValueSpecification","valueRequired":true,"valueName":"search_term_string"}}],"inLanguage":"et"},{"@type":"Organization","@id":"https:\/\/gate21.ee\/#organization","name":"Gate21","alternateName":"Gate21, Oma Asi and Oma Asi Design Store","url":"https:\/\/gate21.ee\/","logo":{"@type":"ImageObject","inLanguage":"et","@id":"https:\/\/gate21.ee\/#\/schema\/logo\/image\/","url":"https:\/\/gate21.ee\/wp-content\/uploads\/2021\/11\/Gate_21_Logo_2_Valge.png","contentUrl":"https:\/\/gate21.ee\/wp-content\/uploads\/2021\/11\/Gate_21_Logo_2_Valge.png","width":2560,"height":2560,"caption":"Gate21"},"image":{"@id":"https:\/\/gate21.ee\/#\/schema\/logo\/image\/"},"sameAs":["https:\/\/www.facebook.com\/gate21.ee\/","https:\/\/www.instagram.com\/gate21.ee\/","https:\/\/www.instagram.com\/omaasidesign\/","https:\/\/www.instagram.com\/omaasi\/","https:\/\/www.facebook.com\/omaasidesign\/","https:\/\/www.facebook.com\/omaasilittleredhouse\/","https:\/\/www.tiktok.com\/@gate21.ee"]}]}},"jetpack_sharing_enabled":true,"brands":[{"id":601,"name":"BRUTTO","slug":"brutto"}],"_links":{"self":[{"href":"https:\/\/gate21.ee\/et\/wp-json\/wp\/v2\/product\/232482","targetHints":{"allow":["GET"]}}],"collection":[{"href":"https:\/\/gate21.ee\/et\/wp-json\/wp\/v2\/product"}],"about":[{"href":"https:\/\/gate21.ee\/et\/wp-json\/wp\/v2\/types\/product"}],"replies":[{"embeddable":true,"href":"https:\/\/gate21.ee\/et\/wp-json\/wp\/v2\/comments?post=232482"}],"version-history":[{"count":1,"href":"https:\/\/gate21.ee\/et\/wp-json\/wp\/v2\/product\/232482\/revisions"}],"predecessor-version":[{"id":232485,"href":"https:\/\/gate21.ee\/et\/wp-json\/wp\/v2\/product\/232482\/revisions\/232485"}],"wp:featuredmedia":[{"embeddable":true,"href":"https:\/\/gate21.ee\/et\/wp-json\/wp\/v2\/media\/232484"}],"wp:attachment":[{"href":"https:\/\/gate21.ee\/et\/wp-json\/wp\/v2\/media?parent=232482"}],"wp:term":[{"taxonomy":"pwb-brand","embeddable":true,"href":"https:\/\/gate21.ee\/et\/wp-json\/wp\/v2\/pwb-brand?post=232482"},{"taxonomy":"product_brand","embeddable":true,"href":"https:\/\/gate21.ee\/et\/wp-json\/wp\/v2\/product_brand?post=232482"},{"taxonomy":"product_cat","embeddable":true,"href":"https:\/\/gate21.ee\/et\/wp-json\/wp\/v2\/product_cat?post=232482"},{"taxonomy":"product_tag","embeddable":true,"href":"https:\/\/gate21.ee\/et\/wp-json\/wp\/v2\/product_tag?post=232482"}],"curies":[{"name":"wp","href":"https:\/\/api.w.org\/{rel}","templated":true}]}}