{"id":230907,"date":"2025-08-28T17:54:00","date_gmt":"2025-08-28T14:54:00","guid":{"rendered":"https:\/\/gate21.ee\/?post_type=product&#038;p=230907"},"modified":"2026-02-15T14:00:28","modified_gmt":"2026-02-15T12:00:28","slug":"the-long-legged-legend-big-cup","status":"publish","type":"product","link":"https:\/\/gate21.ee\/et\/shop\/the-long-legged-legend-big-cup\/","title":{"rendered":"The Long-legged Legend \u2013 Suur tass"},"content":{"rendered":"<p>Pikajalgne legend <span class=\"a_GcMg font-feature-liga-off font-feature-clig-off font-feature-calt-off text-decoration-none text-strikethrough-none\">suunates oma sisemise Tina, <\/span><span class=\"a_GcMg font-feature-liga-off font-feature-clig-off font-feature-calt-off text-decoration-none text-strikethrough-none\">ta uimastab oma naabreid du\u0161ikontsertidega<br \/>\nja 5,5 suurusj\u00e4rgu tantsusammud. <\/span><span class=\"a_GcMg font-feature-liga-off font-feature-clig-off font-feature-calt-off text-decoration-none text-strikethrough-none\">vabal ajal m\u00e4ngib ta p\u00f5nevusfilmides, maksimeerib jalapressi,<br \/>\nl\u00f6\u00f6b uksed maha ja hoiab neid lahti neile, kes j\u00e4rgnevad.<\/span><\/p>\n<p>Need tassid mahutavad 350 ml ja sobivad n\u00f5udepesumasinatesse ja mikrolaineahjudesse.<\/p>\n<p><img fetchpriority=\"high\" decoding=\"async\" class=\"size-medium wp-image-198082 aligncenter\" src=\"https:\/\/gate21.ee\/wp-content\/uploads\/2024\/12\/polonapolona_rominaivancic_ofis-55_720x-300x300.webp\" alt=\"\" width=\"300\" height=\"300\" srcset=\"https:\/\/gate21.ee\/wp-content\/uploads\/2024\/12\/polonapolona_rominaivancic_ofis-55_720x-300x300.webp 300w, https:\/\/gate21.ee\/wp-content\/uploads\/2024\/12\/polonapolona_rominaivancic_ofis-55_720x-150x150.webp 150w, https:\/\/gate21.ee\/wp-content\/uploads\/2024\/12\/polonapolona_rominaivancic_ofis-55_720x-12x12.webp 12w, https:\/\/gate21.ee\/wp-content\/uploads\/2024\/12\/polonapolona_rominaivancic_ofis-55_720x-600x600.webp 600w, https:\/\/gate21.ee\/wp-content\/uploads\/2024\/12\/polonapolona_rominaivancic_ofis-55_720x-100x100.webp 100w, https:\/\/gate21.ee\/wp-content\/uploads\/2024\/12\/polonapolona_rominaivancic_ofis-55_720x-50x50.webp 50w, https:\/\/gate21.ee\/wp-content\/uploads\/2024\/12\/polonapolona_rominaivancic_ofis-55_720x.webp 720w\" sizes=\"(max-width: 300px) 100vw, 300px\" \/><\/p>\n<p>&nbsp;<\/p>\n<p class=\"image-with-text__heading ff-heading fs-heading-1-base animation-fade-up-split-reveal animation-initialized\">Polona, loominguline j\u00f5ud: <span style=\"font-size: 16px\">Armastab joonistada rumalaid inimesi, kirjutada okkalisi tekste, l\u00f5\u00f5gastuda spioonifilmide v\u00f5i hubaste krimkadega.<\/span><\/p>\n<div class=\"image-with-text__subheading rte fs-body-large animation-fade-up-reveal animation-initialized\">\n<p>Unistab maailma vallutamisest, \u00fcks kangelane korraga.<\/p>\n<\/div>\n<p><img decoding=\"async\" class=\"size-medium wp-image-198078 aligncenter\" src=\"https:\/\/gate21.ee\/wp-content\/uploads\/2024\/12\/POLONAPOLONA_logo_54474b6b-8c60-4710-ae7f-ed5adbe79f85_360x-300x62.avif\" alt=\"\" width=\"300\" height=\"62\" srcset=\"https:\/\/gate21.ee\/wp-content\/uploads\/2024\/12\/POLONAPOLONA_logo_54474b6b-8c60-4710-ae7f-ed5adbe79f85_360x-300x62.avif 300w, https:\/\/gate21.ee\/wp-content\/uploads\/2024\/12\/POLONAPOLONA_logo_54474b6b-8c60-4710-ae7f-ed5adbe79f85_360x-18x4.avif 18w, https:\/\/gate21.ee\/wp-content\/uploads\/2024\/12\/POLONAPOLONA_logo_54474b6b-8c60-4710-ae7f-ed5adbe79f85_360x.avif 360w\" sizes=\"(max-width: 300px) 100vw, 300px\" \/><\/p>","protected":false},"excerpt":{"rendered":"<p>The long-legged legend channeling her inner\u00a0Tina, she stuns her neighbors with shower concerts and 5.5 magnitude dance moves. in her free time, she stars in action movies, maxes out the leg press, kicks down doors and holds them open for those who follow. These cups can hold 350ml and are suitable for dishwash machines and [&hellip;]<\/p>\n","protected":false},"featured_media":230910,"comment_status":"closed","ping_status":"closed","template":"","meta":{"site-sidebar-layout":"default","site-content-layout":"","ast-site-content-layout":"default","site-content-style":"default","site-sidebar-style":"default","ast-global-header-display":"","ast-banner-title-visibility":"","ast-main-header-display":"","ast-hfb-above-header-display":"","ast-hfb-below-header-display":"","ast-hfb-mobile-header-display":"","site-post-title":"","ast-breadcrumbs-content":"","ast-featured-img":"","footer-sml-layout":"","ast-disable-related-posts":"","theme-transparent-header-meta":"default","adv-header-id-meta":"","stick-header-meta":"default","header-above-stick-meta":"","header-main-stick-meta":"","header-below-stick-meta":"","astra-migrate-meta-layouts":"set","ast-page-background-enabled":"default","ast-page-background-meta":{"desktop":{"background-color":"","background-image":"","background-repeat":"repeat","background-position":"center center","background-size":"auto","background-attachment":"scroll","background-type":"","background-media":"","overlay-type":"","overlay-color":"","overlay-opacity":"","overlay-gradient":""},"tablet":{"background-color":"","background-image":"","background-repeat":"repeat","background-position":"center center","background-size":"auto","background-attachment":"scroll","background-type":"","background-media":"","overlay-type":"","overlay-color":"","overlay-opacity":"","overlay-gradient":""},"mobile":{"background-color":"","background-image":"","background-repeat":"repeat","background-position":"center center","background-size":"auto","background-attachment":"scroll","background-type":"","background-media":"","overlay-type":"","overlay-color":"","overlay-opacity":"","overlay-gradient":""}},"ast-content-background-meta":{"desktop":{"background-color":"var(--ast-global-color-5)","background-image":"","background-repeat":"repeat","background-position":"center center","background-size":"auto","background-attachment":"scroll","background-type":"","background-media":"","overlay-type":"","overlay-color":"","overlay-opacity":"","overlay-gradient":""},"tablet":{"background-color":"var(--ast-global-color-5)","background-image":"","background-repeat":"repeat","background-position":"center center","background-size":"auto","background-attachment":"scroll","background-type":"","background-media":"","overlay-type":"","overlay-color":"","overlay-opacity":"","overlay-gradient":""},"mobile":{"background-color":"var(--ast-global-color-5)","background-image":"","background-repeat":"repeat","background-position":"center center","background-size":"auto","background-attachment":"scroll","background-type":"","background-media":"","overlay-type":"","overlay-color":"","overlay-opacity":"","overlay-gradient":""}}},"pwb-brand":[607],"product_brand":[],"product_cat":[139,218],"product_tag":[],"class_list":{"0":"post-230907","1":"product","2":"type-product","3":"status-publish","4":"has-post-thumbnail","6":"pwb-brand-polonapolona","7":"product_cat-ceramics","8":"product_cat-home","9":"desktop-align-center","10":"tablet-align-center","11":"mobile-align-center","12":"ast-product-gallery-layout-vertical","13":"ast-product-tabs-layout-horizontal","15":"first","16":"instock","17":"taxable","18":"shipping-taxable","19":"purchasable","20":"product-type-simple"},"yoast_head":"<!-- This site is optimized with the Yoast SEO plugin v27.5 - https:\/\/yoast.com\/product\/yoast-seo-wordpress\/ -->\n<title>The Long-legged Legend - Big cup &#8226; Gate21<\/title>\n<meta name=\"description\" content=\"Polona, the creative force loves drawing silly people, writing prickly texts, lounging with spy movies or cosy mysteries.\" \/>\n<meta name=\"robots\" content=\"index, follow, max-snippet:-1, max-image-preview:large, max-video-preview:-1\" \/>\n<link rel=\"canonical\" href=\"https:\/\/gate21.ee\/et\/shop\/the-long-legged-legend-big-cup\/\" \/>\n<meta property=\"og:locale\" content=\"et_EE\" \/>\n<meta property=\"og:type\" content=\"article\" \/>\n<meta property=\"og:title\" content=\"The Long-legged Legend - Big cup &#8226; Gate21\" \/>\n<meta property=\"og:description\" content=\"Polona, the creative force loves drawing silly people, writing prickly texts, lounging with spy movies or cosy mysteries.\" \/>\n<meta property=\"og:url\" content=\"https:\/\/gate21.ee\/et\/shop\/the-long-legged-legend-big-cup\/\" \/>\n<meta property=\"og:site_name\" content=\"Gate21\" \/>\n<meta property=\"article:publisher\" content=\"https:\/\/www.facebook.com\/gate21.ee\/\" \/>\n<meta property=\"article:modified_time\" content=\"2026-02-15T12:00:28+00:00\" \/>\n<meta property=\"og:image\" content=\"https:\/\/gate21.ee\/wp-content\/uploads\/2025\/08\/cup-inspired-by-tina-turner-polonapolona_720x.webp\" \/>\n\t<meta property=\"og:image:width\" content=\"720\" \/>\n\t<meta property=\"og:image:height\" content=\"720\" \/>\n\t<meta property=\"og:image:type\" content=\"image\/webp\" \/>\n<meta name=\"twitter:card\" content=\"summary_large_image\" \/>\n<meta name=\"twitter:label1\" content=\"Est. reading time\" \/>\n\t<meta name=\"twitter:data1\" content=\"1 minut\" \/>\n<script type=\"application\/ld+json\" class=\"yoast-schema-graph\">{\"@context\":\"https:\\\/\\\/schema.org\",\"@graph\":[{\"@type\":\"WebPage\",\"@id\":\"https:\\\/\\\/gate21.ee\\\/shop\\\/the-long-legged-legend-big-cup\\\/\",\"url\":\"https:\\\/\\\/gate21.ee\\\/shop\\\/the-long-legged-legend-big-cup\\\/\",\"name\":\"The Long-legged Legend - Big cup &#8226; Gate21\",\"isPartOf\":{\"@id\":\"https:\\\/\\\/gate21.ee\\\/#website\"},\"primaryImageOfPage\":{\"@id\":\"https:\\\/\\\/gate21.ee\\\/shop\\\/the-long-legged-legend-big-cup\\\/#primaryimage\"},\"image\":{\"@id\":\"https:\\\/\\\/gate21.ee\\\/shop\\\/the-long-legged-legend-big-cup\\\/#primaryimage\"},\"thumbnailUrl\":\"https:\\\/\\\/gate21.ee\\\/wp-content\\\/uploads\\\/2025\\\/08\\\/cup-inspired-by-tina-turner-polonapolona_720x.webp\",\"datePublished\":\"2025-08-28T14:54:00+00:00\",\"dateModified\":\"2026-02-15T12:00:28+00:00\",\"description\":\"Polona, the creative force loves drawing silly people, writing prickly texts, lounging with spy movies or cosy mysteries.\",\"breadcrumb\":{\"@id\":\"https:\\\/\\\/gate21.ee\\\/shop\\\/the-long-legged-legend-big-cup\\\/#breadcrumb\"},\"inLanguage\":\"et\",\"potentialAction\":[{\"@type\":\"ReadAction\",\"target\":[\"https:\\\/\\\/gate21.ee\\\/shop\\\/the-long-legged-legend-big-cup\\\/\"]}]},{\"@type\":\"ImageObject\",\"inLanguage\":\"et\",\"@id\":\"https:\\\/\\\/gate21.ee\\\/shop\\\/the-long-legged-legend-big-cup\\\/#primaryimage\",\"url\":\"https:\\\/\\\/gate21.ee\\\/wp-content\\\/uploads\\\/2025\\\/08\\\/cup-inspired-by-tina-turner-polonapolona_720x.webp\",\"contentUrl\":\"https:\\\/\\\/gate21.ee\\\/wp-content\\\/uploads\\\/2025\\\/08\\\/cup-inspired-by-tina-turner-polonapolona_720x.webp\",\"width\":720,\"height\":720,\"caption\":\"The Long-legged Legend - Big cup is a white ceramic mug with a black line drawing of a confident figure, embodying Estonian design. Inside the rim, partial text starts \\\"whats coffee got\\\"\u2014a unique piece for any concept shop. Gate21.ee\"},{\"@type\":\"BreadcrumbList\",\"@id\":\"https:\\\/\\\/gate21.ee\\\/shop\\\/the-long-legged-legend-big-cup\\\/#breadcrumb\",\"itemListElement\":[{\"@type\":\"ListItem\",\"position\":1,\"name\":\"Home\",\"item\":\"https:\\\/\\\/gate21.ee\\\/\"},{\"@type\":\"ListItem\",\"position\":2,\"name\":\"The Long-legged Legend &#8211; Big cup\"}]},{\"@type\":\"WebSite\",\"@id\":\"https:\\\/\\\/gate21.ee\\\/#website\",\"url\":\"https:\\\/\\\/gate21.ee\\\/\",\"name\":\"Gate21\",\"description\":\"Gift concept store Gate21\",\"publisher\":{\"@id\":\"https:\\\/\\\/gate21.ee\\\/#organization\"},\"alternateName\":\"gate21\",\"potentialAction\":[{\"@type\":\"SearchAction\",\"target\":{\"@type\":\"EntryPoint\",\"urlTemplate\":\"https:\\\/\\\/gate21.ee\\\/?s={search_term_string}\"},\"query-input\":{\"@type\":\"PropertyValueSpecification\",\"valueRequired\":true,\"valueName\":\"search_term_string\"}}],\"inLanguage\":\"et\"},{\"@type\":\"Organization\",\"@id\":\"https:\\\/\\\/gate21.ee\\\/#organization\",\"name\":\"Gate21\",\"alternateName\":\"Gate21, Oma Asi and Oma Asi Design Store\",\"url\":\"https:\\\/\\\/gate21.ee\\\/\",\"logo\":{\"@type\":\"ImageObject\",\"inLanguage\":\"et\",\"@id\":\"https:\\\/\\\/gate21.ee\\\/#\\\/schema\\\/logo\\\/image\\\/\",\"url\":\"https:\\\/\\\/gate21.ee\\\/wp-content\\\/uploads\\\/2021\\\/11\\\/Gate_21_Logo_2_Valge.png\",\"contentUrl\":\"https:\\\/\\\/gate21.ee\\\/wp-content\\\/uploads\\\/2021\\\/11\\\/Gate_21_Logo_2_Valge.png\",\"width\":2560,\"height\":2560,\"caption\":\"Gate21\"},\"image\":{\"@id\":\"https:\\\/\\\/gate21.ee\\\/#\\\/schema\\\/logo\\\/image\\\/\"},\"sameAs\":[\"https:\\\/\\\/www.facebook.com\\\/gate21.ee\\\/\",\"https:\\\/\\\/www.instagram.com\\\/gate21.ee\\\/\",\"https:\\\/\\\/www.instagram.com\\\/omaasidesign\\\/\",\"https:\\\/\\\/www.instagram.com\\\/omaasi\\\/\",\"https:\\\/\\\/www.facebook.com\\\/omaasidesign\\\/\",\"https:\\\/\\\/www.facebook.com\\\/omaasilittleredhouse\\\/\",\"https:\\\/\\\/www.tiktok.com\\\/@gate21.ee\"]}]}<\/script>\n<!-- \/ Yoast SEO plugin. -->","yoast_head_json":{"title":"The Long-legged Legend - Big cup &#8226; Gate21","description":"Polona, the creative force loves drawing silly people, writing prickly texts, lounging with spy movies or cosy mysteries.","robots":{"index":"index","follow":"follow","max-snippet":"max-snippet:-1","max-image-preview":"max-image-preview:large","max-video-preview":"max-video-preview:-1"},"canonical":"https:\/\/gate21.ee\/et\/shop\/the-long-legged-legend-big-cup\/","og_locale":"et_EE","og_type":"article","og_title":"The Long-legged Legend - Big cup &#8226; Gate21","og_description":"Polona, the creative force loves drawing silly people, writing prickly texts, lounging with spy movies or cosy mysteries.","og_url":"https:\/\/gate21.ee\/et\/shop\/the-long-legged-legend-big-cup\/","og_site_name":"Gate21","article_publisher":"https:\/\/www.facebook.com\/gate21.ee\/","article_modified_time":"2026-02-15T12:00:28+00:00","og_image":[{"width":720,"height":720,"url":"https:\/\/gate21.ee\/wp-content\/uploads\/2025\/08\/cup-inspired-by-tina-turner-polonapolona_720x.webp","type":"image\/webp"}],"twitter_card":"summary_large_image","twitter_misc":{"Est. reading time":"1 minut"},"schema":{"@context":"https:\/\/schema.org","@graph":[{"@type":"WebPage","@id":"https:\/\/gate21.ee\/shop\/the-long-legged-legend-big-cup\/","url":"https:\/\/gate21.ee\/shop\/the-long-legged-legend-big-cup\/","name":"The Long-legged Legend - Big cup &#8226; Gate21","isPartOf":{"@id":"https:\/\/gate21.ee\/#website"},"primaryImageOfPage":{"@id":"https:\/\/gate21.ee\/shop\/the-long-legged-legend-big-cup\/#primaryimage"},"image":{"@id":"https:\/\/gate21.ee\/shop\/the-long-legged-legend-big-cup\/#primaryimage"},"thumbnailUrl":"https:\/\/gate21.ee\/wp-content\/uploads\/2025\/08\/cup-inspired-by-tina-turner-polonapolona_720x.webp","datePublished":"2025-08-28T14:54:00+00:00","dateModified":"2026-02-15T12:00:28+00:00","description":"Polona, the creative force loves drawing silly people, writing prickly texts, lounging with spy movies or cosy mysteries.","breadcrumb":{"@id":"https:\/\/gate21.ee\/shop\/the-long-legged-legend-big-cup\/#breadcrumb"},"inLanguage":"et","potentialAction":[{"@type":"ReadAction","target":["https:\/\/gate21.ee\/shop\/the-long-legged-legend-big-cup\/"]}]},{"@type":"ImageObject","inLanguage":"et","@id":"https:\/\/gate21.ee\/shop\/the-long-legged-legend-big-cup\/#primaryimage","url":"https:\/\/gate21.ee\/wp-content\/uploads\/2025\/08\/cup-inspired-by-tina-turner-polonapolona_720x.webp","contentUrl":"https:\/\/gate21.ee\/wp-content\/uploads\/2025\/08\/cup-inspired-by-tina-turner-polonapolona_720x.webp","width":720,"height":720,"caption":"The Long-legged Legend - Big cup is a white ceramic mug with a black line drawing of a confident figure, embodying Estonian design. Inside the rim, partial text starts \"whats coffee got\"\u2014a unique piece for any concept shop. Gate21.ee"},{"@type":"BreadcrumbList","@id":"https:\/\/gate21.ee\/shop\/the-long-legged-legend-big-cup\/#breadcrumb","itemListElement":[{"@type":"ListItem","position":1,"name":"Home","item":"https:\/\/gate21.ee\/"},{"@type":"ListItem","position":2,"name":"The Long-legged Legend &#8211; Big cup"}]},{"@type":"WebSite","@id":"https:\/\/gate21.ee\/#website","url":"https:\/\/gate21.ee\/","name":"Gate21","description":"Kingituskontseptsioonipood Gate21","publisher":{"@id":"https:\/\/gate21.ee\/#organization"},"alternateName":"gate21","potentialAction":[{"@type":"SearchAction","target":{"@type":"EntryPoint","urlTemplate":"https:\/\/gate21.ee\/?s={search_term_string}"},"query-input":{"@type":"PropertyValueSpecification","valueRequired":true,"valueName":"search_term_string"}}],"inLanguage":"et"},{"@type":"Organization","@id":"https:\/\/gate21.ee\/#organization","name":"Gate21","alternateName":"Gate21, Oma Asi and Oma Asi Design Store","url":"https:\/\/gate21.ee\/","logo":{"@type":"ImageObject","inLanguage":"et","@id":"https:\/\/gate21.ee\/#\/schema\/logo\/image\/","url":"https:\/\/gate21.ee\/wp-content\/uploads\/2021\/11\/Gate_21_Logo_2_Valge.png","contentUrl":"https:\/\/gate21.ee\/wp-content\/uploads\/2021\/11\/Gate_21_Logo_2_Valge.png","width":2560,"height":2560,"caption":"Gate21"},"image":{"@id":"https:\/\/gate21.ee\/#\/schema\/logo\/image\/"},"sameAs":["https:\/\/www.facebook.com\/gate21.ee\/","https:\/\/www.instagram.com\/gate21.ee\/","https:\/\/www.instagram.com\/omaasidesign\/","https:\/\/www.instagram.com\/omaasi\/","https:\/\/www.facebook.com\/omaasidesign\/","https:\/\/www.facebook.com\/omaasilittleredhouse\/","https:\/\/www.tiktok.com\/@gate21.ee"]}]}},"jetpack_sharing_enabled":true,"brands":[{"id":607,"name":"Polona Polona","slug":"polonapolona"}],"_links":{"self":[{"href":"https:\/\/gate21.ee\/et\/wp-json\/wp\/v2\/product\/230907","targetHints":{"allow":["GET"]}}],"collection":[{"href":"https:\/\/gate21.ee\/et\/wp-json\/wp\/v2\/product"}],"about":[{"href":"https:\/\/gate21.ee\/et\/wp-json\/wp\/v2\/types\/product"}],"replies":[{"embeddable":true,"href":"https:\/\/gate21.ee\/et\/wp-json\/wp\/v2\/comments?post=230907"}],"version-history":[{"count":2,"href":"https:\/\/gate21.ee\/et\/wp-json\/wp\/v2\/product\/230907\/revisions"}],"predecessor-version":[{"id":249755,"href":"https:\/\/gate21.ee\/et\/wp-json\/wp\/v2\/product\/230907\/revisions\/249755"}],"wp:featuredmedia":[{"embeddable":true,"href":"https:\/\/gate21.ee\/et\/wp-json\/wp\/v2\/media\/230910"}],"wp:attachment":[{"href":"https:\/\/gate21.ee\/et\/wp-json\/wp\/v2\/media?parent=230907"}],"wp:term":[{"taxonomy":"pwb-brand","embeddable":true,"href":"https:\/\/gate21.ee\/et\/wp-json\/wp\/v2\/pwb-brand?post=230907"},{"taxonomy":"product_brand","embeddable":true,"href":"https:\/\/gate21.ee\/et\/wp-json\/wp\/v2\/product_brand?post=230907"},{"taxonomy":"product_cat","embeddable":true,"href":"https:\/\/gate21.ee\/et\/wp-json\/wp\/v2\/product_cat?post=230907"},{"taxonomy":"product_tag","embeddable":true,"href":"https:\/\/gate21.ee\/et\/wp-json\/wp\/v2\/product_tag?post=230907"}],"curies":[{"name":"wp","href":"https:\/\/api.w.org\/{rel}","templated":true}]}}