{"id":230645,"date":"2025-08-27T10:30:00","date_gmt":"2025-08-27T07:30:00","guid":{"rendered":"https:\/\/gate21.ee\/?post_type=product&#038;p=230645"},"modified":"2026-05-10T15:56:45","modified_gmt":"2026-05-10T12:56:45","slug":"moomies-hoodie","status":"publish","type":"product","link":"https:\/\/gate21.ee\/et\/shop\/moomies-hoodie\/","title":{"rendered":"Muumi kapuuts - must"},"content":{"rendered":"<p>Nordicbuddies'i ametlikud muumide rasked kapuutsiga kampsunid<\/p>\n<p>Materjal: 20% pol\u00fcester, 470 g\/m2.<\/p>\n<p>Super premium-kvaliteet.<\/p>\n<p><img fetchpriority=\"high\" decoding=\"async\" class=\"alignnone size-full wp-image-243245 aligncenter\" src=\"https:\/\/gate21.ee\/wp-content\/uploads\/2025\/08\/download.png\" alt=\"\" width=\"245\" height=\"206\" srcset=\"https:\/\/gate21.ee\/wp-content\/uploads\/2025\/08\/download.png 245w, https:\/\/gate21.ee\/wp-content\/uploads\/2025\/08\/download-14x12.png 14w\" sizes=\"(max-width: 245px) 100vw, 245px\" \/><\/p>\n<p>Asutatud 2019. aastal Helsingi s\u00fcdames, Soomes. Meie teekond algas visioonist t\u00e4ita turul olev t\u00fchimik. Moominiga m\u00e4rkasime l\u00fcnka, kus r\u00f5ivavalikud olid m\u00f5eldud vanematele p\u00f5lvkondadele ja lastele, kuid stiiliteadlikele noortele t\u00e4iskasvanutele oli m\u00e4rgatav puudus.<\/p>\n<p>NordicBuddies'i olemus tuleneb kahe olulise elemendi s\u00fcnergiast: \u2018Nordic\u2019 ja \u2018Buddies\u2019. Esimene osa, \u2018Nordics\u2019, kehastab meie p\u00fchendumust tutvustada P\u00f5hjamaade kaubam\u00e4rkide rikkust, armastatud ikoonid nagu Muumid ja Mauri Kunnas. Me usume, et peame need hinnatud kaubam\u00e4rgid ellu \u00e4ratama erakordsete toodete kaudu, mis tekitavad inimestes s\u00fcgavaid sidemeid ja meeldivaid m\u00e4lestusi.<\/p>\n<p>Teine osa, \u2018Kambad\u2019, on tunnistus meie kaasavast filosoofiast. NordicBuddiesis t\u00e4histame mitmekesisust ja usume, et ei ole oluline, kust sa tuled v\u00f5i kes sa oled - me k\u00f5ik oleme s\u00f5brad.<\/p>","protected":false},"excerpt":{"rendered":"<p>Official Moomin heavy hoodies by Nordicbuddies Material: 80% Heavy Cotton, 20% Polyester, 470 gsm. Super premium quality. Established in 2019 in the heart of Helsinki, Finland. Our journey began with a vision to fill a void in the market. With Moomin we noticed a gap where clothing options catered to the older generations and kids, [&hellip;]<\/p>\n","protected":false},"featured_media":243235,"comment_status":"closed","ping_status":"closed","template":"","meta":{"site-sidebar-layout":"default","site-content-layout":"default","ast-site-content-layout":"default","site-content-style":"default","site-sidebar-style":"default","ast-global-header-display":"","ast-banner-title-visibility":"","ast-main-header-display":"","ast-hfb-above-header-display":"","ast-hfb-below-header-display":"","ast-hfb-mobile-header-display":"","site-post-title":"","ast-breadcrumbs-content":"","ast-featured-img":"","footer-sml-layout":"","ast-disable-related-posts":"","theme-transparent-header-meta":"default","adv-header-id-meta":"","stick-header-meta":"default","header-above-stick-meta":"","header-main-stick-meta":"","header-below-stick-meta":"","astra-migrate-meta-layouts":"set","ast-page-background-enabled":"default","ast-page-background-meta":{"desktop":{"background-color":"","background-image":"","background-repeat":"repeat","background-position":"center center","background-size":"auto","background-attachment":"scroll","background-type":"","background-media":"","overlay-type":"","overlay-color":"","overlay-opacity":"","overlay-gradient":""},"tablet":{"background-color":"","background-image":"","background-repeat":"repeat","background-position":"center center","background-size":"auto","background-attachment":"scroll","background-type":"","background-media":"","overlay-type":"","overlay-color":"","overlay-opacity":"","overlay-gradient":""},"mobile":{"background-color":"","background-image":"","background-repeat":"repeat","background-position":"center center","background-size":"auto","background-attachment":"scroll","background-type":"","background-media":"","overlay-type":"","overlay-color":"","overlay-opacity":"","overlay-gradient":""}},"ast-content-background-meta":{"desktop":{"background-color":"var(--ast-global-color-5)","background-image":"","background-repeat":"repeat","background-position":"center center","background-size":"auto","background-attachment":"scroll","background-type":"","background-media":"","overlay-type":"","overlay-color":"","overlay-opacity":"","overlay-gradient":""},"tablet":{"background-color":"var(--ast-global-color-5)","background-image":"","background-repeat":"repeat","background-position":"center center","background-size":"auto","background-attachment":"scroll","background-type":"","background-media":"","overlay-type":"","overlay-color":"","overlay-opacity":"","overlay-gradient":""},"mobile":{"background-color":"var(--ast-global-color-5)","background-image":"","background-repeat":"repeat","background-position":"center center","background-size":"auto","background-attachment":"scroll","background-type":"","background-media":"","overlay-type":"","overlay-color":"","overlay-opacity":"","overlay-gradient":""}}},"pwb-brand":[608],"product_brand":[],"product_cat":[56,643],"product_tag":[273],"class_list":{"0":"post-230645","1":"product","2":"type-product","3":"status-publish","4":"has-post-thumbnail","6":"pwb-brand-nordicbuddies","7":"product_cat-clothing","8":"product_cat-hoodies","9":"product_tag-fabrics","10":"desktop-align-center","11":"tablet-align-center","12":"mobile-align-center","13":"ast-product-gallery-layout-vertical","14":"ast-product-single-variable","15":"ast-product-tabs-layout-horizontal","17":"first","18":"instock","19":"taxable","20":"shipping-taxable","21":"purchasable","22":"product-type-variable"},"yoast_head":"<!-- This site is optimized with the Yoast SEO plugin v27.5 - https:\/\/yoast.com\/product\/yoast-seo-wordpress\/ -->\n<title>Moomin Hoodie - Black &#8226; Gate21<\/title>\n<meta name=\"robots\" content=\"index, follow, max-snippet:-1, max-image-preview:large, max-video-preview:-1\" \/>\n<link rel=\"canonical\" href=\"https:\/\/gate21.ee\/et\/shop\/moomies-hoodie\/\" \/>\n<meta property=\"og:locale\" content=\"et_EE\" \/>\n<meta property=\"og:type\" content=\"article\" \/>\n<meta property=\"og:title\" content=\"Moomin Hoodie - Black &#8226; Gate21\" \/>\n<meta property=\"og:description\" content=\"Official Moomin heavy hoodies by Nordicbuddies Material: 80% Heavy Cotton, 20% Polyester, 470 gsm. Super premium quality. Established in 2019 in the heart of Helsinki, Finland. Our journey began with a vision to fill a void in the market. With Moomin we noticed a gap where clothing options catered to the older generations and kids, [&hellip;]\" \/>\n<meta property=\"og:url\" content=\"https:\/\/gate21.ee\/et\/shop\/moomies-hoodie\/\" \/>\n<meta property=\"og:site_name\" content=\"Gate21\" \/>\n<meta property=\"article:publisher\" content=\"https:\/\/www.facebook.com\/gate21.ee\/\" \/>\n<meta property=\"article:modified_time\" content=\"2026-05-10T12:56:45+00:00\" \/>\n<meta property=\"og:image\" content=\"https:\/\/gate21.ee\/wp-content\/uploads\/2025\/08\/MOOMIN60AFRONT-1.webp\" \/>\n\t<meta property=\"og:image:width\" content=\"650\" \/>\n\t<meta property=\"og:image:height\" content=\"650\" \/>\n\t<meta property=\"og:image:type\" content=\"image\/webp\" \/>\n<meta name=\"twitter:card\" content=\"summary_large_image\" \/>\n<meta name=\"twitter:label1\" content=\"Est. reading time\" \/>\n\t<meta name=\"twitter:data1\" content=\"2 minutit\" \/>\n<script type=\"application\/ld+json\" class=\"yoast-schema-graph\">{\"@context\":\"https:\\\/\\\/schema.org\",\"@graph\":[{\"@type\":\"WebPage\",\"@id\":\"https:\\\/\\\/gate21.ee\\\/shop\\\/moomies-hoodie\\\/\",\"url\":\"https:\\\/\\\/gate21.ee\\\/shop\\\/moomies-hoodie\\\/\",\"name\":\"Moomin Hoodie - Black &#8226; Gate21\",\"isPartOf\":{\"@id\":\"https:\\\/\\\/gate21.ee\\\/#website\"},\"primaryImageOfPage\":{\"@id\":\"https:\\\/\\\/gate21.ee\\\/shop\\\/moomies-hoodie\\\/#primaryimage\"},\"image\":{\"@id\":\"https:\\\/\\\/gate21.ee\\\/shop\\\/moomies-hoodie\\\/#primaryimage\"},\"thumbnailUrl\":\"https:\\\/\\\/gate21.ee\\\/wp-content\\\/uploads\\\/2025\\\/08\\\/MOOMIN60AFRONT-1.webp\",\"datePublished\":\"2025-08-27T07:30:00+00:00\",\"dateModified\":\"2026-05-10T12:56:45+00:00\",\"breadcrumb\":{\"@id\":\"https:\\\/\\\/gate21.ee\\\/shop\\\/moomies-hoodie\\\/#breadcrumb\"},\"inLanguage\":\"et\",\"potentialAction\":[{\"@type\":\"ReadAction\",\"target\":[\"https:\\\/\\\/gate21.ee\\\/shop\\\/moomies-hoodie\\\/\"]}]},{\"@type\":\"ImageObject\",\"inLanguage\":\"et\",\"@id\":\"https:\\\/\\\/gate21.ee\\\/shop\\\/moomies-hoodie\\\/#primaryimage\",\"url\":\"https:\\\/\\\/gate21.ee\\\/wp-content\\\/uploads\\\/2025\\\/08\\\/MOOMIN60AFRONT-1.webp\",\"contentUrl\":\"https:\\\/\\\/gate21.ee\\\/wp-content\\\/uploads\\\/2025\\\/08\\\/MOOMIN60AFRONT-1.webp\",\"width\":650,\"height\":650,\"caption\":\"The Moomin Hoodie - Black features a front pocket and a small white embroidered animal logo centred on the chest, shown against a plain white background. Gate21.ee\"},{\"@type\":\"BreadcrumbList\",\"@id\":\"https:\\\/\\\/gate21.ee\\\/shop\\\/moomies-hoodie\\\/#breadcrumb\",\"itemListElement\":[{\"@type\":\"ListItem\",\"position\":1,\"name\":\"Home\",\"item\":\"https:\\\/\\\/gate21.ee\\\/\"},{\"@type\":\"ListItem\",\"position\":2,\"name\":\"Moomin Hoodie &#8211; Black\"}]},{\"@type\":\"WebSite\",\"@id\":\"https:\\\/\\\/gate21.ee\\\/#website\",\"url\":\"https:\\\/\\\/gate21.ee\\\/\",\"name\":\"Gate21\",\"description\":\"Gift concept store Gate21\",\"publisher\":{\"@id\":\"https:\\\/\\\/gate21.ee\\\/#organization\"},\"alternateName\":\"gate21\",\"potentialAction\":[{\"@type\":\"SearchAction\",\"target\":{\"@type\":\"EntryPoint\",\"urlTemplate\":\"https:\\\/\\\/gate21.ee\\\/?s={search_term_string}\"},\"query-input\":{\"@type\":\"PropertyValueSpecification\",\"valueRequired\":true,\"valueName\":\"search_term_string\"}}],\"inLanguage\":\"et\"},{\"@type\":\"Organization\",\"@id\":\"https:\\\/\\\/gate21.ee\\\/#organization\",\"name\":\"Gate21\",\"alternateName\":\"Gate21, Oma Asi and Oma Asi Design Store\",\"url\":\"https:\\\/\\\/gate21.ee\\\/\",\"logo\":{\"@type\":\"ImageObject\",\"inLanguage\":\"et\",\"@id\":\"https:\\\/\\\/gate21.ee\\\/#\\\/schema\\\/logo\\\/image\\\/\",\"url\":\"https:\\\/\\\/gate21.ee\\\/wp-content\\\/uploads\\\/2021\\\/11\\\/Gate_21_Logo_2_Valge.png\",\"contentUrl\":\"https:\\\/\\\/gate21.ee\\\/wp-content\\\/uploads\\\/2021\\\/11\\\/Gate_21_Logo_2_Valge.png\",\"width\":2560,\"height\":2560,\"caption\":\"Gate21\"},\"image\":{\"@id\":\"https:\\\/\\\/gate21.ee\\\/#\\\/schema\\\/logo\\\/image\\\/\"},\"sameAs\":[\"https:\\\/\\\/www.facebook.com\\\/gate21.ee\\\/\",\"https:\\\/\\\/www.instagram.com\\\/gate21.ee\\\/\",\"https:\\\/\\\/www.instagram.com\\\/omaasidesign\\\/\",\"https:\\\/\\\/www.instagram.com\\\/omaasi\\\/\",\"https:\\\/\\\/www.facebook.com\\\/omaasidesign\\\/\",\"https:\\\/\\\/www.facebook.com\\\/omaasilittleredhouse\\\/\",\"https:\\\/\\\/www.tiktok.com\\\/@gate21.ee\"]}]}<\/script>\n<!-- \/ Yoast SEO plugin. -->","yoast_head_json":{"title":"Moomin Hoodie - Black &#8226; Gate21","robots":{"index":"index","follow":"follow","max-snippet":"max-snippet:-1","max-image-preview":"max-image-preview:large","max-video-preview":"max-video-preview:-1"},"canonical":"https:\/\/gate21.ee\/et\/shop\/moomies-hoodie\/","og_locale":"et_EE","og_type":"article","og_title":"Moomin Hoodie - Black &#8226; Gate21","og_description":"Official Moomin heavy hoodies by Nordicbuddies Material: 80% Heavy Cotton, 20% Polyester, 470 gsm. Super premium quality. Established in 2019 in the heart of Helsinki, Finland. Our journey began with a vision to fill a void in the market. With Moomin we noticed a gap where clothing options catered to the older generations and kids, [&hellip;]","og_url":"https:\/\/gate21.ee\/et\/shop\/moomies-hoodie\/","og_site_name":"Gate21","article_publisher":"https:\/\/www.facebook.com\/gate21.ee\/","article_modified_time":"2026-05-10T12:56:45+00:00","og_image":[{"width":650,"height":650,"url":"https:\/\/gate21.ee\/wp-content\/uploads\/2025\/08\/MOOMIN60AFRONT-1.webp","type":"image\/webp"}],"twitter_card":"summary_large_image","twitter_misc":{"Est. reading time":"2 minutit"},"schema":{"@context":"https:\/\/schema.org","@graph":[{"@type":"WebPage","@id":"https:\/\/gate21.ee\/shop\/moomies-hoodie\/","url":"https:\/\/gate21.ee\/shop\/moomies-hoodie\/","name":"Moomin Hoodie - Black &#8226; Gate21","isPartOf":{"@id":"https:\/\/gate21.ee\/#website"},"primaryImageOfPage":{"@id":"https:\/\/gate21.ee\/shop\/moomies-hoodie\/#primaryimage"},"image":{"@id":"https:\/\/gate21.ee\/shop\/moomies-hoodie\/#primaryimage"},"thumbnailUrl":"https:\/\/gate21.ee\/wp-content\/uploads\/2025\/08\/MOOMIN60AFRONT-1.webp","datePublished":"2025-08-27T07:30:00+00:00","dateModified":"2026-05-10T12:56:45+00:00","breadcrumb":{"@id":"https:\/\/gate21.ee\/shop\/moomies-hoodie\/#breadcrumb"},"inLanguage":"et","potentialAction":[{"@type":"ReadAction","target":["https:\/\/gate21.ee\/shop\/moomies-hoodie\/"]}]},{"@type":"ImageObject","inLanguage":"et","@id":"https:\/\/gate21.ee\/shop\/moomies-hoodie\/#primaryimage","url":"https:\/\/gate21.ee\/wp-content\/uploads\/2025\/08\/MOOMIN60AFRONT-1.webp","contentUrl":"https:\/\/gate21.ee\/wp-content\/uploads\/2025\/08\/MOOMIN60AFRONT-1.webp","width":650,"height":650,"caption":"The Moomin Hoodie - Black features a front pocket and a small white embroidered animal logo centred on the chest, shown against a plain white background. Gate21.ee"},{"@type":"BreadcrumbList","@id":"https:\/\/gate21.ee\/shop\/moomies-hoodie\/#breadcrumb","itemListElement":[{"@type":"ListItem","position":1,"name":"Home","item":"https:\/\/gate21.ee\/"},{"@type":"ListItem","position":2,"name":"Moomin Hoodie &#8211; Black"}]},{"@type":"WebSite","@id":"https:\/\/gate21.ee\/#website","url":"https:\/\/gate21.ee\/","name":"Gate21","description":"Kingituskontseptsioonipood Gate21","publisher":{"@id":"https:\/\/gate21.ee\/#organization"},"alternateName":"gate21","potentialAction":[{"@type":"SearchAction","target":{"@type":"EntryPoint","urlTemplate":"https:\/\/gate21.ee\/?s={search_term_string}"},"query-input":{"@type":"PropertyValueSpecification","valueRequired":true,"valueName":"search_term_string"}}],"inLanguage":"et"},{"@type":"Organization","@id":"https:\/\/gate21.ee\/#organization","name":"Gate21","alternateName":"Gate21, Oma Asi and Oma Asi Design Store","url":"https:\/\/gate21.ee\/","logo":{"@type":"ImageObject","inLanguage":"et","@id":"https:\/\/gate21.ee\/#\/schema\/logo\/image\/","url":"https:\/\/gate21.ee\/wp-content\/uploads\/2021\/11\/Gate_21_Logo_2_Valge.png","contentUrl":"https:\/\/gate21.ee\/wp-content\/uploads\/2021\/11\/Gate_21_Logo_2_Valge.png","width":2560,"height":2560,"caption":"Gate21"},"image":{"@id":"https:\/\/gate21.ee\/#\/schema\/logo\/image\/"},"sameAs":["https:\/\/www.facebook.com\/gate21.ee\/","https:\/\/www.instagram.com\/gate21.ee\/","https:\/\/www.instagram.com\/omaasidesign\/","https:\/\/www.instagram.com\/omaasi\/","https:\/\/www.facebook.com\/omaasidesign\/","https:\/\/www.facebook.com\/omaasilittleredhouse\/","https:\/\/www.tiktok.com\/@gate21.ee"]}]}},"jetpack_sharing_enabled":true,"brands":[{"id":608,"name":"Nordic Buddies","slug":"nordicbuddies"}],"_links":{"self":[{"href":"https:\/\/gate21.ee\/et\/wp-json\/wp\/v2\/product\/230645","targetHints":{"allow":["GET"]}}],"collection":[{"href":"https:\/\/gate21.ee\/et\/wp-json\/wp\/v2\/product"}],"about":[{"href":"https:\/\/gate21.ee\/et\/wp-json\/wp\/v2\/types\/product"}],"replies":[{"embeddable":true,"href":"https:\/\/gate21.ee\/et\/wp-json\/wp\/v2\/comments?post=230645"}],"version-history":[{"count":3,"href":"https:\/\/gate21.ee\/et\/wp-json\/wp\/v2\/product\/230645\/revisions"}],"predecessor-version":[{"id":243247,"href":"https:\/\/gate21.ee\/et\/wp-json\/wp\/v2\/product\/230645\/revisions\/243247"}],"wp:featuredmedia":[{"embeddable":true,"href":"https:\/\/gate21.ee\/et\/wp-json\/wp\/v2\/media\/243235"}],"wp:attachment":[{"href":"https:\/\/gate21.ee\/et\/wp-json\/wp\/v2\/media?parent=230645"}],"wp:term":[{"taxonomy":"pwb-brand","embeddable":true,"href":"https:\/\/gate21.ee\/et\/wp-json\/wp\/v2\/pwb-brand?post=230645"},{"taxonomy":"product_brand","embeddable":true,"href":"https:\/\/gate21.ee\/et\/wp-json\/wp\/v2\/product_brand?post=230645"},{"taxonomy":"product_cat","embeddable":true,"href":"https:\/\/gate21.ee\/et\/wp-json\/wp\/v2\/product_cat?post=230645"},{"taxonomy":"product_tag","embeddable":true,"href":"https:\/\/gate21.ee\/et\/wp-json\/wp\/v2\/product_tag?post=230645"}],"curies":[{"name":"wp","href":"https:\/\/api.w.org\/{rel}","templated":true}]}}