{"id":229072,"date":"2025-08-18T10:22:00","date_gmt":"2025-08-18T07:22:00","guid":{"rendered":"https:\/\/gate21.ee\/?post_type=product&#038;p=229072"},"modified":"2026-02-15T14:00:36","modified_gmt":"2026-02-15T12:00:36","slug":"hannes-ruutel-oiu-t-shirt-mustard","status":"publish","type":"product","link":"https:\/\/gate21.ee\/et\/shop\/hannes-ruutel-oiu-t-shirt-mustard\/","title":{"rendered":"Hannes R\u00fc\u00fctel - \u201cOIU\u201d T-s\u00e4rk - sinepikollane"},"content":{"rendered":"<p>Hannes R\u00fc\u00fctli orgaanilisest puuvillast unisex T-s\u00e4rk<\/p>\n<p>Suurus S - rinnus 98cm, keha pikkus 66cm<br \/>\nSuurus M - rinnus 108cm, kehapikkus 69cm<br \/>\nSuurus L - rinnus 114cm, keha pikkus 72cm<\/p>\n<p>Masinpesu 30\u00b0C<\/p>\n<p>100% orgaaniline puuvill (OEKO-TEX\u00ae, PETA heakskiidetud vegan)<\/p>\n<p>&nbsp;<\/p>\n<p><img decoding=\"async\" class=\"alignnone size-medium wp-image-208041\" src=\"https:\/\/gate21.ee\/wp-content\/uploads\/2025\/04\/HR_black_combined_logo-300x123.png\" alt=\"\" width=\"300\" height=\"123\" \/> <a href=\"https:\/\/hannesruutel.com\/\"><img decoding=\"async\" class=\"alignnone size-medium wp-image-208043\" src=\"https:\/\/gate21.ee\/wp-content\/uploads\/2025\/04\/HR_black_combined_logo_black-300x123.png\" alt=\"\" width=\"300\" height=\"123\" srcset=\"https:\/\/gate21.ee\/wp-content\/uploads\/2025\/04\/HR_black_combined_logo_black-300x123.png 300w, https:\/\/gate21.ee\/wp-content\/uploads\/2025\/04\/HR_black_combined_logo_black-18x7.png 18w, https:\/\/gate21.ee\/wp-content\/uploads\/2025\/04\/HR_black_combined_logo_black.png 500w\" sizes=\"(max-width: 300px) 100vw, 300px\" \/><\/a><\/p>\n<p>&nbsp;<\/p>\n<p>HANNES R\u00dc\u00dcTEL on Eesti r\u00f5ivabr\u00e4nd, millel on modernne twist ja nostalgiline hing. Selle kollektsioonid peegeldavad disaineri m\u00e4lestusi ja m\u00f5tteid minevikust, aga ka emotsioone ja isiklikke kogemusi t\u00e4nap\u00e4eva maailmas. Keskendudes peamiselt meeste moele, on paljud disainid kergesti kantavad ka naistele. V\u00e4\u00e4rtustades kaasaegset stiili, head kvaliteeti ja j\u00e4tkusuutlikku m\u00f5tteviisi, on enamik esemeid disainitud ja toodetud Eestis v\u00e4ikestes kogustes hoolikalt valitud kangastest.<\/p>","protected":false},"excerpt":{"rendered":"<p>Organic cotton unisex T-shirt by Hannes R\u00fc\u00fctel Size S \u2013 chest 98cm, body length 66cm Size M \u2013 chest 108cm, body length 69cm Size L \u2013 chest 114cm, body length 72cm Machine wash 30\u00b0C 100% organic cotton (OEKO-TEX\u00ae, PETA-Approved Vegan) &nbsp; &nbsp; HANNES R\u00dc\u00dcTEL is Estonian clothing brand with modern twist and nostalgic soul. Its [&hellip;]<\/p>\n","protected":false},"featured_media":229790,"comment_status":"closed","ping_status":"closed","template":"","meta":{"site-sidebar-layout":"default","site-content-layout":"","ast-site-content-layout":"default","site-content-style":"default","site-sidebar-style":"default","ast-global-header-display":"","ast-banner-title-visibility":"","ast-main-header-display":"","ast-hfb-above-header-display":"","ast-hfb-below-header-display":"","ast-hfb-mobile-header-display":"","site-post-title":"","ast-breadcrumbs-content":"","ast-featured-img":"","footer-sml-layout":"","ast-disable-related-posts":"","theme-transparent-header-meta":"default","adv-header-id-meta":"","stick-header-meta":"default","header-above-stick-meta":"","header-main-stick-meta":"","header-below-stick-meta":"","astra-migrate-meta-layouts":"set","ast-page-background-enabled":"default","ast-page-background-meta":{"desktop":{"background-color":"","background-image":"","background-repeat":"repeat","background-position":"center center","background-size":"auto","background-attachment":"scroll","background-type":"","background-media":"","overlay-type":"","overlay-color":"","overlay-opacity":"","overlay-gradient":""},"tablet":{"background-color":"","background-image":"","background-repeat":"repeat","background-position":"center center","background-size":"auto","background-attachment":"scroll","background-type":"","background-media":"","overlay-type":"","overlay-color":"","overlay-opacity":"","overlay-gradient":""},"mobile":{"background-color":"","background-image":"","background-repeat":"repeat","background-position":"center center","background-size":"auto","background-attachment":"scroll","background-type":"","background-media":"","overlay-type":"","overlay-color":"","overlay-opacity":"","overlay-gradient":""}},"ast-content-background-meta":{"desktop":{"background-color":"var(--ast-global-color-5)","background-image":"","background-repeat":"repeat","background-position":"center center","background-size":"auto","background-attachment":"scroll","background-type":"","background-media":"","overlay-type":"","overlay-color":"","overlay-opacity":"","overlay-gradient":""},"tablet":{"background-color":"var(--ast-global-color-5)","background-image":"","background-repeat":"repeat","background-position":"center center","background-size":"auto","background-attachment":"scroll","background-type":"","background-media":"","overlay-type":"","overlay-color":"","overlay-opacity":"","overlay-gradient":""},"mobile":{"background-color":"var(--ast-global-color-5)","background-image":"","background-repeat":"repeat","background-position":"center center","background-size":"auto","background-attachment":"scroll","background-type":"","background-media":"","overlay-type":"","overlay-color":"","overlay-opacity":"","overlay-gradient":""}}},"pwb-brand":[615],"product_brand":[],"product_cat":[56,54,132],"product_tag":[],"class_list":{"0":"post-229072","1":"product","2":"type-product","3":"status-publish","4":"has-post-thumbnail","6":"pwb-brand-hannes-ruutel","7":"product_cat-clothing","8":"product_cat-sale","9":"product_cat-tshirts","10":"desktop-align-center","11":"tablet-align-center","12":"mobile-align-center","13":"ast-product-gallery-layout-vertical","14":"ast-product-single-variable","15":"ast-product-tabs-layout-horizontal","17":"first","18":"outofstock","19":"taxable","20":"shipping-taxable","21":"product-type-variable"},"yoast_head":"<!-- This site is optimized with the Yoast SEO plugin v27.3 - https:\/\/yoast.com\/product\/yoast-seo-wordpress\/ -->\n<title>Hannes R\u00fc\u00fctel - &quot;OIU&quot; T-shirt - Mustard &#8226; Gate21<\/title>\n<meta name=\"description\" content=\"Undress Code bodysuits are stylish and feminine. Created for women who are aware of their sexuality and understand sensuality.\" \/>\n<meta name=\"robots\" content=\"index, follow, max-snippet:-1, max-image-preview:large, max-video-preview:-1\" \/>\n<link rel=\"canonical\" href=\"https:\/\/gate21.ee\/et\/shop\/hannes-ruutel-oiu-t-shirt-mustard\/\" \/>\n<meta property=\"og:locale\" content=\"et_EE\" \/>\n<meta property=\"og:type\" content=\"article\" \/>\n<meta property=\"og:title\" content=\"Hannes R\u00fc\u00fctel - &quot;OIU&quot; T-shirt - Mustard &#8226; Gate21\" \/>\n<meta property=\"og:description\" content=\"Undress Code bodysuits are stylish and feminine. Created for women who are aware of their sexuality and understand sensuality.\" \/>\n<meta property=\"og:url\" content=\"https:\/\/gate21.ee\/et\/shop\/hannes-ruutel-oiu-t-shirt-mustard\/\" \/>\n<meta property=\"og:site_name\" content=\"Gate21\" \/>\n<meta property=\"article:publisher\" content=\"https:\/\/www.facebook.com\/gate21.ee\/\" \/>\n<meta property=\"article:modified_time\" content=\"2026-02-15T12:00:36+00:00\" \/>\n<meta property=\"og:image\" content=\"https:\/\/gate21.ee\/wp-content\/uploads\/2025\/08\/HANNES-RUUTEL-OIU_TSHIRT_MUSTARD-937x1311-1.jpg\" \/>\n\t<meta property=\"og:image:width\" content=\"937\" \/>\n\t<meta property=\"og:image:height\" content=\"1311\" \/>\n\t<meta property=\"og:image:type\" content=\"image\/jpeg\" \/>\n<meta name=\"twitter:card\" content=\"summary_large_image\" \/>\n<meta name=\"twitter:label1\" content=\"Est. reading time\" \/>\n\t<meta name=\"twitter:data1\" content=\"2 minutit\" \/>\n<script type=\"application\/ld+json\" class=\"yoast-schema-graph\">{\"@context\":\"https:\\\/\\\/schema.org\",\"@graph\":[{\"@type\":\"WebPage\",\"@id\":\"https:\\\/\\\/gate21.ee\\\/shop\\\/hannes-ruutel-oiu-t-shirt-mustard\\\/\",\"url\":\"https:\\\/\\\/gate21.ee\\\/shop\\\/hannes-ruutel-oiu-t-shirt-mustard\\\/\",\"name\":\"Hannes R\u00fc\u00fctel - \\\"OIU\\\" T-shirt - Mustard &#8226; Gate21\",\"isPartOf\":{\"@id\":\"https:\\\/\\\/gate21.ee\\\/#website\"},\"primaryImageOfPage\":{\"@id\":\"https:\\\/\\\/gate21.ee\\\/shop\\\/hannes-ruutel-oiu-t-shirt-mustard\\\/#primaryimage\"},\"image\":{\"@id\":\"https:\\\/\\\/gate21.ee\\\/shop\\\/hannes-ruutel-oiu-t-shirt-mustard\\\/#primaryimage\"},\"thumbnailUrl\":\"https:\\\/\\\/gate21.ee\\\/wp-content\\\/uploads\\\/2025\\\/08\\\/HANNES-RUUTEL-OIU_TSHIRT_MUSTARD-937x1311-1.jpg\",\"datePublished\":\"2025-08-18T07:22:00+00:00\",\"dateModified\":\"2026-02-15T12:00:36+00:00\",\"description\":\"Undress Code bodysuits are stylish and feminine. Created for women who are aware of their sexuality and understand sensuality.\",\"breadcrumb\":{\"@id\":\"https:\\\/\\\/gate21.ee\\\/shop\\\/hannes-ruutel-oiu-t-shirt-mustard\\\/#breadcrumb\"},\"inLanguage\":\"et\",\"potentialAction\":[{\"@type\":\"ReadAction\",\"target\":[\"https:\\\/\\\/gate21.ee\\\/shop\\\/hannes-ruutel-oiu-t-shirt-mustard\\\/\"]}]},{\"@type\":\"ImageObject\",\"inLanguage\":\"et\",\"@id\":\"https:\\\/\\\/gate21.ee\\\/shop\\\/hannes-ruutel-oiu-t-shirt-mustard\\\/#primaryimage\",\"url\":\"https:\\\/\\\/gate21.ee\\\/wp-content\\\/uploads\\\/2025\\\/08\\\/HANNES-RUUTEL-OIU_TSHIRT_MUSTARD-937x1311-1.jpg\",\"contentUrl\":\"https:\\\/\\\/gate21.ee\\\/wp-content\\\/uploads\\\/2025\\\/08\\\/HANNES-RUUTEL-OIU_TSHIRT_MUSTARD-937x1311-1.jpg\",\"width\":937,\"height\":1311},{\"@type\":\"BreadcrumbList\",\"@id\":\"https:\\\/\\\/gate21.ee\\\/shop\\\/hannes-ruutel-oiu-t-shirt-mustard\\\/#breadcrumb\",\"itemListElement\":[{\"@type\":\"ListItem\",\"position\":1,\"name\":\"Home\",\"item\":\"https:\\\/\\\/gate21.ee\\\/\"},{\"@type\":\"ListItem\",\"position\":2,\"name\":\"Hannes R\u00fc\u00fctel &#8211; &#8220;OIU&#8221; T-shirt &#8211; Mustard\"}]},{\"@type\":\"WebSite\",\"@id\":\"https:\\\/\\\/gate21.ee\\\/#website\",\"url\":\"https:\\\/\\\/gate21.ee\\\/\",\"name\":\"Gate21\",\"description\":\"Disainipood Gate21\",\"publisher\":{\"@id\":\"https:\\\/\\\/gate21.ee\\\/#organization\"},\"alternateName\":\"alldesign\",\"potentialAction\":[{\"@type\":\"SearchAction\",\"target\":{\"@type\":\"EntryPoint\",\"urlTemplate\":\"https:\\\/\\\/gate21.ee\\\/?s={search_term_string}\"},\"query-input\":{\"@type\":\"PropertyValueSpecification\",\"valueRequired\":true,\"valueName\":\"search_term_string\"}}],\"inLanguage\":\"et\"},{\"@type\":\"Organization\",\"@id\":\"https:\\\/\\\/gate21.ee\\\/#organization\",\"name\":\"Gate21\",\"alternateName\":\"Gate21, Oma Asi and Oma Asi Design Store\",\"url\":\"https:\\\/\\\/gate21.ee\\\/\",\"logo\":{\"@type\":\"ImageObject\",\"inLanguage\":\"et\",\"@id\":\"https:\\\/\\\/gate21.ee\\\/#\\\/schema\\\/logo\\\/image\\\/\",\"url\":\"https:\\\/\\\/gate21.ee\\\/wp-content\\\/uploads\\\/2021\\\/11\\\/Gate_21_Logo_2_Valge.png\",\"contentUrl\":\"https:\\\/\\\/gate21.ee\\\/wp-content\\\/uploads\\\/2021\\\/11\\\/Gate_21_Logo_2_Valge.png\",\"width\":2560,\"height\":2560,\"caption\":\"Gate21\"},\"image\":{\"@id\":\"https:\\\/\\\/gate21.ee\\\/#\\\/schema\\\/logo\\\/image\\\/\"},\"sameAs\":[\"https:\\\/\\\/www.facebook.com\\\/gate21.ee\\\/\",\"https:\\\/\\\/www.instagram.com\\\/gate21.ee\\\/\",\"https:\\\/\\\/www.instagram.com\\\/omaasidesign\\\/\",\"https:\\\/\\\/www.instagram.com\\\/omaasi\\\/\",\"https:\\\/\\\/www.facebook.com\\\/omaasidesign\\\/\",\"https:\\\/\\\/www.facebook.com\\\/omaasilittleredhouse\\\/\"]}]}<\/script>\n<!-- \/ Yoast SEO plugin. -->","yoast_head_json":{"title":"Hannes R\u00fc\u00fctel - \"OIU\" T-shirt - Mustard &#8226; Gate21","description":"Undress Code bodysuits are stylish and feminine. Created for women who are aware of their sexuality and understand sensuality.","robots":{"index":"index","follow":"follow","max-snippet":"max-snippet:-1","max-image-preview":"max-image-preview:large","max-video-preview":"max-video-preview:-1"},"canonical":"https:\/\/gate21.ee\/et\/shop\/hannes-ruutel-oiu-t-shirt-mustard\/","og_locale":"et_EE","og_type":"article","og_title":"Hannes R\u00fc\u00fctel - \"OIU\" T-shirt - Mustard &#8226; Gate21","og_description":"Undress Code bodysuits are stylish and feminine. Created for women who are aware of their sexuality and understand sensuality.","og_url":"https:\/\/gate21.ee\/et\/shop\/hannes-ruutel-oiu-t-shirt-mustard\/","og_site_name":"Gate21","article_publisher":"https:\/\/www.facebook.com\/gate21.ee\/","article_modified_time":"2026-02-15T12:00:36+00:00","og_image":[{"width":937,"height":1311,"url":"https:\/\/gate21.ee\/wp-content\/uploads\/2025\/08\/HANNES-RUUTEL-OIU_TSHIRT_MUSTARD-937x1311-1.jpg","type":"image\/jpeg"}],"twitter_card":"summary_large_image","twitter_misc":{"Est. reading time":"2 minutit"},"schema":{"@context":"https:\/\/schema.org","@graph":[{"@type":"WebPage","@id":"https:\/\/gate21.ee\/shop\/hannes-ruutel-oiu-t-shirt-mustard\/","url":"https:\/\/gate21.ee\/shop\/hannes-ruutel-oiu-t-shirt-mustard\/","name":"Hannes R\u00fc\u00fctel - \"OIU\" T-shirt - Mustard &#8226; Gate21","isPartOf":{"@id":"https:\/\/gate21.ee\/#website"},"primaryImageOfPage":{"@id":"https:\/\/gate21.ee\/shop\/hannes-ruutel-oiu-t-shirt-mustard\/#primaryimage"},"image":{"@id":"https:\/\/gate21.ee\/shop\/hannes-ruutel-oiu-t-shirt-mustard\/#primaryimage"},"thumbnailUrl":"https:\/\/gate21.ee\/wp-content\/uploads\/2025\/08\/HANNES-RUUTEL-OIU_TSHIRT_MUSTARD-937x1311-1.jpg","datePublished":"2025-08-18T07:22:00+00:00","dateModified":"2026-02-15T12:00:36+00:00","description":"Undress Code bodysuits are stylish and feminine. Created for women who are aware of their sexuality and understand sensuality.","breadcrumb":{"@id":"https:\/\/gate21.ee\/shop\/hannes-ruutel-oiu-t-shirt-mustard\/#breadcrumb"},"inLanguage":"et","potentialAction":[{"@type":"ReadAction","target":["https:\/\/gate21.ee\/shop\/hannes-ruutel-oiu-t-shirt-mustard\/"]}]},{"@type":"ImageObject","inLanguage":"et","@id":"https:\/\/gate21.ee\/shop\/hannes-ruutel-oiu-t-shirt-mustard\/#primaryimage","url":"https:\/\/gate21.ee\/wp-content\/uploads\/2025\/08\/HANNES-RUUTEL-OIU_TSHIRT_MUSTARD-937x1311-1.jpg","contentUrl":"https:\/\/gate21.ee\/wp-content\/uploads\/2025\/08\/HANNES-RUUTEL-OIU_TSHIRT_MUSTARD-937x1311-1.jpg","width":937,"height":1311},{"@type":"BreadcrumbList","@id":"https:\/\/gate21.ee\/shop\/hannes-ruutel-oiu-t-shirt-mustard\/#breadcrumb","itemListElement":[{"@type":"ListItem","position":1,"name":"Home","item":"https:\/\/gate21.ee\/"},{"@type":"ListItem","position":2,"name":"Hannes R\u00fc\u00fctel &#8211; &#8220;OIU&#8221; T-shirt &#8211; Mustard"}]},{"@type":"WebSite","@id":"https:\/\/gate21.ee\/#website","url":"https:\/\/gate21.ee\/","name":"Gate21","description":"Disainipood Gate21","publisher":{"@id":"https:\/\/gate21.ee\/#organization"},"alternateName":"alldesign","potentialAction":[{"@type":"SearchAction","target":{"@type":"EntryPoint","urlTemplate":"https:\/\/gate21.ee\/?s={search_term_string}"},"query-input":{"@type":"PropertyValueSpecification","valueRequired":true,"valueName":"search_term_string"}}],"inLanguage":"et"},{"@type":"Organization","@id":"https:\/\/gate21.ee\/#organization","name":"Gate21","alternateName":"Gate21, Oma Asi and Oma Asi Design Store","url":"https:\/\/gate21.ee\/","logo":{"@type":"ImageObject","inLanguage":"et","@id":"https:\/\/gate21.ee\/#\/schema\/logo\/image\/","url":"https:\/\/gate21.ee\/wp-content\/uploads\/2021\/11\/Gate_21_Logo_2_Valge.png","contentUrl":"https:\/\/gate21.ee\/wp-content\/uploads\/2021\/11\/Gate_21_Logo_2_Valge.png","width":2560,"height":2560,"caption":"Gate21"},"image":{"@id":"https:\/\/gate21.ee\/#\/schema\/logo\/image\/"},"sameAs":["https:\/\/www.facebook.com\/gate21.ee\/","https:\/\/www.instagram.com\/gate21.ee\/","https:\/\/www.instagram.com\/omaasidesign\/","https:\/\/www.instagram.com\/omaasi\/","https:\/\/www.facebook.com\/omaasidesign\/","https:\/\/www.facebook.com\/omaasilittleredhouse\/"]}]}},"jetpack_sharing_enabled":true,"brands":[{"id":615,"name":"Hannes R\u00fc\u00fctel","slug":"hannes-ruutel"}],"_links":{"self":[{"href":"https:\/\/gate21.ee\/et\/wp-json\/wp\/v2\/product\/229072","targetHints":{"allow":["GET"]}}],"collection":[{"href":"https:\/\/gate21.ee\/et\/wp-json\/wp\/v2\/product"}],"about":[{"href":"https:\/\/gate21.ee\/et\/wp-json\/wp\/v2\/types\/product"}],"replies":[{"embeddable":true,"href":"https:\/\/gate21.ee\/et\/wp-json\/wp\/v2\/comments?post=229072"}],"version-history":[{"count":1,"href":"https:\/\/gate21.ee\/et\/wp-json\/wp\/v2\/product\/229072\/revisions"}],"predecessor-version":[{"id":229076,"href":"https:\/\/gate21.ee\/et\/wp-json\/wp\/v2\/product\/229072\/revisions\/229076"}],"wp:featuredmedia":[{"embeddable":true,"href":"https:\/\/gate21.ee\/et\/wp-json\/wp\/v2\/media\/229790"}],"wp:attachment":[{"href":"https:\/\/gate21.ee\/et\/wp-json\/wp\/v2\/media?parent=229072"}],"wp:term":[{"taxonomy":"pwb-brand","embeddable":true,"href":"https:\/\/gate21.ee\/et\/wp-json\/wp\/v2\/pwb-brand?post=229072"},{"taxonomy":"product_brand","embeddable":true,"href":"https:\/\/gate21.ee\/et\/wp-json\/wp\/v2\/product_brand?post=229072"},{"taxonomy":"product_cat","embeddable":true,"href":"https:\/\/gate21.ee\/et\/wp-json\/wp\/v2\/product_cat?post=229072"},{"taxonomy":"product_tag","embeddable":true,"href":"https:\/\/gate21.ee\/et\/wp-json\/wp\/v2\/product_tag?post=229072"}],"curies":[{"name":"wp","href":"https:\/\/api.w.org\/{rel}","templated":true}]}}