{"id":227914,"date":"2025-08-12T12:41:00","date_gmt":"2025-08-12T09:41:00","guid":{"rendered":"https:\/\/gate21.ee\/?post_type=product&#038;p=227914"},"modified":"2026-02-15T14:00:46","modified_gmt":"2026-02-15T12:00:46","slug":"cacko-necklaces-koik","status":"publish","type":"product","link":"https:\/\/gate21.ee\/et\/shop\/cacko-necklaces-koik\/","title":{"rendered":"CACKO - Kaelakeed - K\u00d5IK"},"content":{"rendered":"<p>CACKO avaldus t\u00fckk <a href=\"https:\/\/gate21.ee\/et\/tootekategooria\/jewellery\/bracelets\/\">k\u00e4ev\u00f5rud<\/a> on valmistatud k\u00e4sitsi vaigust Pozna\u0144is, Poolas.<\/p>\n<p><img fetchpriority=\"high\" decoding=\"async\" class=\"size-medium wp-image-176420 alignnone\" src=\"https:\/\/gate21.ee\/wp-content\/uploads\/2024\/06\/RINGans_v3-240x300.png\" alt=\"\" width=\"240\" height=\"300\" srcset=\"https:\/\/gate21.ee\/wp-content\/uploads\/2024\/06\/RINGans_v3-240x300.png 240w, https:\/\/gate21.ee\/wp-content\/uploads\/2024\/06\/RINGans_v3-819x1024.png 819w, https:\/\/gate21.ee\/wp-content\/uploads\/2024\/06\/RINGans_v3-768x960.png 768w, https:\/\/gate21.ee\/wp-content\/uploads\/2024\/06\/RINGans_v3-10x12.png 10w, https:\/\/gate21.ee\/wp-content\/uploads\/2024\/06\/RINGans_v3-600x750.png 600w, https:\/\/gate21.ee\/wp-content\/uploads\/2024\/06\/RINGans_v3.png 1024w\" sizes=\"(max-width: 240px) 100vw, 240px\" \/><\/p>\n<p>&nbsp;<\/p>\n<p><a href=\"https:\/\/gate21.ee\/et\/brand\/cacko\/\">CACKO<\/a> on poola, k\u00e4sitsi valmistatud kunsttoode, mille juured ulatuvad tagasi hullumeelsetesse 90ndatesse, kui plastmassist ehted olid paljude t\u00fcdrukute unistuseks.<\/p>\n<p>Kas m\u00e4letate juukseshampoone, mis olid v\u00e4rviliste r\u00f5ngastega?<\/p>\n<p>\u00dchel p\u00e4eval, kui ma oma vanu m\u00e4lestusi korrastasin, sattusin teatud p\u00e4rlile... Lisasin sinna m\u00f5ned vanad kivid ja nii ma armusin oma toodangusse. Mood ja trendide j\u00e4lgimine saatis mind juba varakult, seega usaldasin oma intuitsiooni ja suunasin kogu oma energia loomisele.<\/p>\n<p>Kas te teate, kui palju v\u00e4rve on p\u00f5hiv\u00e4rvipaletis? CACKO puhul on see l\u00f5putu.<\/p>\n<p>Sest kes meist ei tahaks end tunda nagu v\u00e4ike printsess v\u00f5i v\u00e4ike prints?<\/p>","protected":false},"excerpt":{"rendered":"<p>CACKO statement piece bracelets are handmade from resin in Pozna\u0144, Poland. &nbsp; CACKO is a Polish, handcrafted artistic product whose roots date back to the crazy 90&#8217;s, when plastic jewelry was the dream of many girls. Do you remember hair shampoos that came with colourful rings? One day, while organizing my old box of memories, [&hellip;]<\/p>\n","protected":false},"featured_media":227915,"comment_status":"closed","ping_status":"closed","template":"","meta":{"site-sidebar-layout":"default","site-content-layout":"","ast-site-content-layout":"default","site-content-style":"default","site-sidebar-style":"default","ast-global-header-display":"","ast-banner-title-visibility":"","ast-main-header-display":"","ast-hfb-above-header-display":"","ast-hfb-below-header-display":"","ast-hfb-mobile-header-display":"","site-post-title":"","ast-breadcrumbs-content":"","ast-featured-img":"","footer-sml-layout":"","ast-disable-related-posts":"","theme-transparent-header-meta":"default","adv-header-id-meta":"","stick-header-meta":"default","header-above-stick-meta":"","header-main-stick-meta":"","header-below-stick-meta":"","astra-migrate-meta-layouts":"set","ast-page-background-enabled":"default","ast-page-background-meta":{"desktop":{"background-color":"","background-image":"","background-repeat":"repeat","background-position":"center center","background-size":"auto","background-attachment":"scroll","background-type":"","background-media":"","overlay-type":"","overlay-color":"","overlay-opacity":"","overlay-gradient":""},"tablet":{"background-color":"","background-image":"","background-repeat":"repeat","background-position":"center center","background-size":"auto","background-attachment":"scroll","background-type":"","background-media":"","overlay-type":"","overlay-color":"","overlay-opacity":"","overlay-gradient":""},"mobile":{"background-color":"","background-image":"","background-repeat":"repeat","background-position":"center center","background-size":"auto","background-attachment":"scroll","background-type":"","background-media":"","overlay-type":"","overlay-color":"","overlay-opacity":"","overlay-gradient":""}},"ast-content-background-meta":{"desktop":{"background-color":"var(--ast-global-color-5)","background-image":"","background-repeat":"repeat","background-position":"center center","background-size":"auto","background-attachment":"scroll","background-type":"","background-media":"","overlay-type":"","overlay-color":"","overlay-opacity":"","overlay-gradient":""},"tablet":{"background-color":"var(--ast-global-color-5)","background-image":"","background-repeat":"repeat","background-position":"center center","background-size":"auto","background-attachment":"scroll","background-type":"","background-media":"","overlay-type":"","overlay-color":"","overlay-opacity":"","overlay-gradient":""},"mobile":{"background-color":"var(--ast-global-color-5)","background-image":"","background-repeat":"repeat","background-position":"center center","background-size":"auto","background-attachment":"scroll","background-type":"","background-media":"","overlay-type":"","overlay-color":"","overlay-opacity":"","overlay-gradient":""}}},"pwb-brand":[595],"product_brand":[],"product_cat":[52,127],"product_tag":[],"class_list":{"0":"post-227914","1":"product","2":"type-product","3":"status-publish","4":"has-post-thumbnail","6":"pwb-brand-cacko","7":"product_cat-jewellery","8":"product_cat-necklaces","9":"desktop-align-center","10":"tablet-align-center","11":"mobile-align-center","12":"ast-product-gallery-layout-vertical","13":"ast-product-gallery-with-no-image","14":"ast-product-tabs-layout-horizontal","16":"first","17":"instock","18":"taxable","19":"shipping-taxable","20":"purchasable","21":"product-type-simple"},"yoast_head":"<!-- This site is optimized with the Yoast SEO plugin v27.5 - https:\/\/yoast.com\/product\/yoast-seo-wordpress\/ -->\n<title>CACKO - Necklaces - K\u00d5IK &#8226; Gate21<\/title>\n<meta name=\"description\" content=\"For CACKO statement piece rings the colour palette is infinite. Handmade in Poland and sure to catch the eye at any cocktail party!\" \/>\n<meta name=\"robots\" content=\"index, follow, max-snippet:-1, max-image-preview:large, max-video-preview:-1\" \/>\n<link rel=\"canonical\" href=\"https:\/\/gate21.ee\/et\/shop\/cacko-necklaces-koik\/\" \/>\n<meta property=\"og:locale\" content=\"et_EE\" \/>\n<meta property=\"og:type\" content=\"article\" \/>\n<meta property=\"og:title\" content=\"CACKO - Necklaces - K\u00d5IK &#8226; Gate21\" \/>\n<meta property=\"og:description\" content=\"For CACKO statement piece rings the colour palette is infinite. Handmade in Poland and sure to catch the eye at any cocktail party!\" \/>\n<meta property=\"og:url\" content=\"https:\/\/gate21.ee\/et\/shop\/cacko-necklaces-koik\/\" \/>\n<meta property=\"og:site_name\" content=\"Gate21\" \/>\n<meta property=\"article:publisher\" content=\"https:\/\/www.facebook.com\/gate21.ee\/\" \/>\n<meta property=\"article:modified_time\" content=\"2026-02-15T12:00:46+00:00\" \/>\n<meta property=\"og:image\" content=\"https:\/\/gate21.ee\/wp-content\/uploads\/2025\/08\/krabnaszyjnik.png\" \/>\n\t<meta property=\"og:image:width\" content=\"500\" \/>\n\t<meta property=\"og:image:height\" content=\"750\" \/>\n\t<meta property=\"og:image:type\" content=\"image\/png\" \/>\n<meta name=\"twitter:card\" content=\"summary_large_image\" \/>\n<meta name=\"twitter:label1\" content=\"Est. reading time\" \/>\n\t<meta name=\"twitter:data1\" content=\"1 minut\" \/>\n<script type=\"application\/ld+json\" class=\"yoast-schema-graph\">{\"@context\":\"https:\\\/\\\/schema.org\",\"@graph\":[{\"@type\":\"WebPage\",\"@id\":\"https:\\\/\\\/gate21.ee\\\/shop\\\/cacko-necklaces-koik\\\/\",\"url\":\"https:\\\/\\\/gate21.ee\\\/shop\\\/cacko-necklaces-koik\\\/\",\"name\":\"CACKO - Necklaces - K\u00d5IK &#8226; Gate21\",\"isPartOf\":{\"@id\":\"https:\\\/\\\/gate21.ee\\\/#website\"},\"primaryImageOfPage\":{\"@id\":\"https:\\\/\\\/gate21.ee\\\/shop\\\/cacko-necklaces-koik\\\/#primaryimage\"},\"image\":{\"@id\":\"https:\\\/\\\/gate21.ee\\\/shop\\\/cacko-necklaces-koik\\\/#primaryimage\"},\"thumbnailUrl\":\"https:\\\/\\\/gate21.ee\\\/wp-content\\\/uploads\\\/2025\\\/08\\\/krabnaszyjnik.png\",\"datePublished\":\"2025-08-12T09:41:00+00:00\",\"dateModified\":\"2026-02-15T12:00:46+00:00\",\"description\":\"For CACKO statement piece rings the colour palette is infinite. Handmade in Poland and sure to catch the eye at any cocktail party!\",\"breadcrumb\":{\"@id\":\"https:\\\/\\\/gate21.ee\\\/shop\\\/cacko-necklaces-koik\\\/#breadcrumb\"},\"inLanguage\":\"et\",\"potentialAction\":[{\"@type\":\"ReadAction\",\"target\":[\"https:\\\/\\\/gate21.ee\\\/shop\\\/cacko-necklaces-koik\\\/\"]}]},{\"@type\":\"ImageObject\",\"inLanguage\":\"et\",\"@id\":\"https:\\\/\\\/gate21.ee\\\/shop\\\/cacko-necklaces-koik\\\/#primaryimage\",\"url\":\"https:\\\/\\\/gate21.ee\\\/wp-content\\\/uploads\\\/2025\\\/08\\\/krabnaszyjnik.png\",\"contentUrl\":\"https:\\\/\\\/gate21.ee\\\/wp-content\\\/uploads\\\/2025\\\/08\\\/krabnaszyjnik.png\",\"width\":500,\"height\":750,\"caption\":\"The CACKO - Necklaces - K\u00d5IK features round and irregular white beads, a smiling red crab-shaped pendant, metal chain extender, and a white tag\u2014an ideal pick for fans of playful Estonian design. Gate21.ee\"},{\"@type\":\"BreadcrumbList\",\"@id\":\"https:\\\/\\\/gate21.ee\\\/shop\\\/cacko-necklaces-koik\\\/#breadcrumb\",\"itemListElement\":[{\"@type\":\"ListItem\",\"position\":1,\"name\":\"Home\",\"item\":\"https:\\\/\\\/gate21.ee\\\/\"},{\"@type\":\"ListItem\",\"position\":2,\"name\":\"CACKO &#8211; Necklaces &#8211; K\u00d5IK\"}]},{\"@type\":\"WebSite\",\"@id\":\"https:\\\/\\\/gate21.ee\\\/#website\",\"url\":\"https:\\\/\\\/gate21.ee\\\/\",\"name\":\"Gate21\",\"description\":\"Gift concept store Gate21\",\"publisher\":{\"@id\":\"https:\\\/\\\/gate21.ee\\\/#organization\"},\"alternateName\":\"gate21\",\"potentialAction\":[{\"@type\":\"SearchAction\",\"target\":{\"@type\":\"EntryPoint\",\"urlTemplate\":\"https:\\\/\\\/gate21.ee\\\/?s={search_term_string}\"},\"query-input\":{\"@type\":\"PropertyValueSpecification\",\"valueRequired\":true,\"valueName\":\"search_term_string\"}}],\"inLanguage\":\"et\"},{\"@type\":\"Organization\",\"@id\":\"https:\\\/\\\/gate21.ee\\\/#organization\",\"name\":\"Gate21\",\"alternateName\":\"Gate21, Oma Asi and Oma Asi Design Store\",\"url\":\"https:\\\/\\\/gate21.ee\\\/\",\"logo\":{\"@type\":\"ImageObject\",\"inLanguage\":\"et\",\"@id\":\"https:\\\/\\\/gate21.ee\\\/#\\\/schema\\\/logo\\\/image\\\/\",\"url\":\"https:\\\/\\\/gate21.ee\\\/wp-content\\\/uploads\\\/2021\\\/11\\\/Gate_21_Logo_2_Valge.png\",\"contentUrl\":\"https:\\\/\\\/gate21.ee\\\/wp-content\\\/uploads\\\/2021\\\/11\\\/Gate_21_Logo_2_Valge.png\",\"width\":2560,\"height\":2560,\"caption\":\"Gate21\"},\"image\":{\"@id\":\"https:\\\/\\\/gate21.ee\\\/#\\\/schema\\\/logo\\\/image\\\/\"},\"sameAs\":[\"https:\\\/\\\/www.facebook.com\\\/gate21.ee\\\/\",\"https:\\\/\\\/www.instagram.com\\\/gate21.ee\\\/\",\"https:\\\/\\\/www.instagram.com\\\/omaasidesign\\\/\",\"https:\\\/\\\/www.instagram.com\\\/omaasi\\\/\",\"https:\\\/\\\/www.facebook.com\\\/omaasidesign\\\/\",\"https:\\\/\\\/www.facebook.com\\\/omaasilittleredhouse\\\/\",\"https:\\\/\\\/www.tiktok.com\\\/@gate21.ee\"]}]}<\/script>\n<!-- \/ Yoast SEO plugin. -->","yoast_head_json":{"title":"CACKO - Necklaces - K\u00d5IK &#8226; Gate21","description":"For CACKO statement piece rings the colour palette is infinite. Handmade in Poland and sure to catch the eye at any cocktail party!","robots":{"index":"index","follow":"follow","max-snippet":"max-snippet:-1","max-image-preview":"max-image-preview:large","max-video-preview":"max-video-preview:-1"},"canonical":"https:\/\/gate21.ee\/et\/shop\/cacko-necklaces-koik\/","og_locale":"et_EE","og_type":"article","og_title":"CACKO - Necklaces - K\u00d5IK &#8226; Gate21","og_description":"For CACKO statement piece rings the colour palette is infinite. Handmade in Poland and sure to catch the eye at any cocktail party!","og_url":"https:\/\/gate21.ee\/et\/shop\/cacko-necklaces-koik\/","og_site_name":"Gate21","article_publisher":"https:\/\/www.facebook.com\/gate21.ee\/","article_modified_time":"2026-02-15T12:00:46+00:00","og_image":[{"width":500,"height":750,"url":"https:\/\/gate21.ee\/wp-content\/uploads\/2025\/08\/krabnaszyjnik.png","type":"image\/png"}],"twitter_card":"summary_large_image","twitter_misc":{"Est. reading time":"1 minut"},"schema":{"@context":"https:\/\/schema.org","@graph":[{"@type":"WebPage","@id":"https:\/\/gate21.ee\/shop\/cacko-necklaces-koik\/","url":"https:\/\/gate21.ee\/shop\/cacko-necklaces-koik\/","name":"CACKO - Necklaces - K\u00d5IK &#8226; Gate21","isPartOf":{"@id":"https:\/\/gate21.ee\/#website"},"primaryImageOfPage":{"@id":"https:\/\/gate21.ee\/shop\/cacko-necklaces-koik\/#primaryimage"},"image":{"@id":"https:\/\/gate21.ee\/shop\/cacko-necklaces-koik\/#primaryimage"},"thumbnailUrl":"https:\/\/gate21.ee\/wp-content\/uploads\/2025\/08\/krabnaszyjnik.png","datePublished":"2025-08-12T09:41:00+00:00","dateModified":"2026-02-15T12:00:46+00:00","description":"For CACKO statement piece rings the colour palette is infinite. Handmade in Poland and sure to catch the eye at any cocktail party!","breadcrumb":{"@id":"https:\/\/gate21.ee\/shop\/cacko-necklaces-koik\/#breadcrumb"},"inLanguage":"et","potentialAction":[{"@type":"ReadAction","target":["https:\/\/gate21.ee\/shop\/cacko-necklaces-koik\/"]}]},{"@type":"ImageObject","inLanguage":"et","@id":"https:\/\/gate21.ee\/shop\/cacko-necklaces-koik\/#primaryimage","url":"https:\/\/gate21.ee\/wp-content\/uploads\/2025\/08\/krabnaszyjnik.png","contentUrl":"https:\/\/gate21.ee\/wp-content\/uploads\/2025\/08\/krabnaszyjnik.png","width":500,"height":750,"caption":"The CACKO - Necklaces - K\u00d5IK features round and irregular white beads, a smiling red crab-shaped pendant, metal chain extender, and a white tag\u2014an ideal pick for fans of playful Estonian design. Gate21.ee"},{"@type":"BreadcrumbList","@id":"https:\/\/gate21.ee\/shop\/cacko-necklaces-koik\/#breadcrumb","itemListElement":[{"@type":"ListItem","position":1,"name":"Home","item":"https:\/\/gate21.ee\/"},{"@type":"ListItem","position":2,"name":"CACKO &#8211; Necklaces &#8211; K\u00d5IK"}]},{"@type":"WebSite","@id":"https:\/\/gate21.ee\/#website","url":"https:\/\/gate21.ee\/","name":"Gate21","description":"Kingituskontseptsioonipood Gate21","publisher":{"@id":"https:\/\/gate21.ee\/#organization"},"alternateName":"gate21","potentialAction":[{"@type":"SearchAction","target":{"@type":"EntryPoint","urlTemplate":"https:\/\/gate21.ee\/?s={search_term_string}"},"query-input":{"@type":"PropertyValueSpecification","valueRequired":true,"valueName":"search_term_string"}}],"inLanguage":"et"},{"@type":"Organization","@id":"https:\/\/gate21.ee\/#organization","name":"Gate21","alternateName":"Gate21, Oma Asi and Oma Asi Design Store","url":"https:\/\/gate21.ee\/","logo":{"@type":"ImageObject","inLanguage":"et","@id":"https:\/\/gate21.ee\/#\/schema\/logo\/image\/","url":"https:\/\/gate21.ee\/wp-content\/uploads\/2021\/11\/Gate_21_Logo_2_Valge.png","contentUrl":"https:\/\/gate21.ee\/wp-content\/uploads\/2021\/11\/Gate_21_Logo_2_Valge.png","width":2560,"height":2560,"caption":"Gate21"},"image":{"@id":"https:\/\/gate21.ee\/#\/schema\/logo\/image\/"},"sameAs":["https:\/\/www.facebook.com\/gate21.ee\/","https:\/\/www.instagram.com\/gate21.ee\/","https:\/\/www.instagram.com\/omaasidesign\/","https:\/\/www.instagram.com\/omaasi\/","https:\/\/www.facebook.com\/omaasidesign\/","https:\/\/www.facebook.com\/omaasilittleredhouse\/","https:\/\/www.tiktok.com\/@gate21.ee"]}]}},"jetpack_sharing_enabled":true,"brands":[{"id":595,"name":"CACKO","slug":"cacko"}],"_links":{"self":[{"href":"https:\/\/gate21.ee\/et\/wp-json\/wp\/v2\/product\/227914","targetHints":{"allow":["GET"]}}],"collection":[{"href":"https:\/\/gate21.ee\/et\/wp-json\/wp\/v2\/product"}],"about":[{"href":"https:\/\/gate21.ee\/et\/wp-json\/wp\/v2\/types\/product"}],"replies":[{"embeddable":true,"href":"https:\/\/gate21.ee\/et\/wp-json\/wp\/v2\/comments?post=227914"}],"version-history":[{"count":1,"href":"https:\/\/gate21.ee\/et\/wp-json\/wp\/v2\/product\/227914\/revisions"}],"predecessor-version":[{"id":227916,"href":"https:\/\/gate21.ee\/et\/wp-json\/wp\/v2\/product\/227914\/revisions\/227916"}],"wp:featuredmedia":[{"embeddable":true,"href":"https:\/\/gate21.ee\/et\/wp-json\/wp\/v2\/media\/227915"}],"wp:attachment":[{"href":"https:\/\/gate21.ee\/et\/wp-json\/wp\/v2\/media?parent=227914"}],"wp:term":[{"taxonomy":"pwb-brand","embeddable":true,"href":"https:\/\/gate21.ee\/et\/wp-json\/wp\/v2\/pwb-brand?post=227914"},{"taxonomy":"product_brand","embeddable":true,"href":"https:\/\/gate21.ee\/et\/wp-json\/wp\/v2\/product_brand?post=227914"},{"taxonomy":"product_cat","embeddable":true,"href":"https:\/\/gate21.ee\/et\/wp-json\/wp\/v2\/product_cat?post=227914"},{"taxonomy":"product_tag","embeddable":true,"href":"https:\/\/gate21.ee\/et\/wp-json\/wp\/v2\/product_tag?post=227914"}],"curies":[{"name":"wp","href":"https:\/\/api.w.org\/{rel}","templated":true}]}}