{"id":224867,"date":"2025-07-28T13:56:00","date_gmt":"2025-07-28T10:56:00","guid":{"rendered":"https:\/\/gate21.ee\/?post_type=product&#038;p=224867"},"modified":"2026-04-04T11:31:44","modified_gmt":"2026-04-04T08:31:44","slug":"dino-sticker-activity-book-postcards","status":"publish","type":"product","link":"https:\/\/gate21.ee\/et\/shop\/dino-sticker-activity-book-postcards\/","title":{"rendered":"Dino - kleepsude tegevusraamat ja postkaardid"},"content":{"rendered":"<p>L\u00f5busate neoon-, kuld- ja hologrammkleebistega m\u00e4rkmik, millel on OMY ikoonilised illustratsioonid. Ideaalne suurus, et hoida lapsi meelelahutust, taasluua stseene ja arendada nende kujutlusv\u00f5imet.<\/p>\n<p>Kui tegevus on l\u00f5petatud, muutub iga lehek\u00fclg postkaardiks, mida saad s\u00f5pradele saata v\u00f5i kodus seinale riputada!<\/p>\n<p>K\u00f5ik <a href=\"https:\/\/gate21.ee\/et\/brand\/omy\/\">OMY disain<\/a> tooted leiate <a href=\"https:\/\/gate21.ee\/et\/tootekategooria\/kids\/creative\/\">loominguliselt<\/a> vahelehelt.<\/p>\n<div>Valmistatud ja kujundatud Prantsusmaal OMY poolt.<\/div>\n<div><\/div>\n<div><\/div>\n<div><img fetchpriority=\"high\" decoding=\"async\" class=\"alignnone size-medium wp-image-59204\" src=\"https:\/\/gate21.ee\/wp-content\/uploads\/2020\/11\/SEB_7952-300x297.jpg\" alt=\"\" width=\"300\" height=\"297\" srcset=\"https:\/\/gate21.ee\/wp-content\/uploads\/2020\/11\/SEB_7952-300x297.jpg 300w, https:\/\/gate21.ee\/wp-content\/uploads\/2020\/11\/SEB_7952-100x100.jpg 100w, https:\/\/gate21.ee\/wp-content\/uploads\/2020\/11\/SEB_7952-150x150.jpg 150w, https:\/\/gate21.ee\/wp-content\/uploads\/2020\/11\/SEB_7952.jpg 557w\" sizes=\"(max-width: 300px) 100vw, 300px\" \/><\/div>\n<div><\/div>\n<div><\/div>\n<div>OMY DESIGN &amp; PLAY loob r\u00f5\u00f5msaid, graafilisi ja nutikaid tooteid kogu perele alates 2012. aastast Pariisis.<\/div>","protected":false},"excerpt":{"rendered":"<p>Activity notebook with fun, neon, gold, and holographic stickers, featuring iconic OMY illustrations. The perfect size to keep little ones entertained, recreate scenes, and develop their imagination. Once the activity is completed, each page transforms into a postcard to send to your friends or hang on your wall at home! All OMY Design products can [&hellip;]<\/p>\n","protected":false},"featured_media":224870,"comment_status":"closed","ping_status":"closed","template":"","meta":{"site-sidebar-layout":"default","site-content-layout":"default","ast-site-content-layout":"default","site-content-style":"default","site-sidebar-style":"default","ast-global-header-display":"","ast-banner-title-visibility":"","ast-main-header-display":"","ast-hfb-above-header-display":"","ast-hfb-below-header-display":"","ast-hfb-mobile-header-display":"","site-post-title":"","ast-breadcrumbs-content":"","ast-featured-img":"","footer-sml-layout":"","ast-disable-related-posts":"","theme-transparent-header-meta":"default","adv-header-id-meta":"","stick-header-meta":"default","header-above-stick-meta":"","header-main-stick-meta":"","header-below-stick-meta":"","astra-migrate-meta-layouts":"set","ast-page-background-enabled":"default","ast-page-background-meta":{"desktop":{"background-color":"","background-image":"","background-repeat":"repeat","background-position":"center center","background-size":"auto","background-attachment":"scroll","background-type":"","background-media":"","overlay-type":"","overlay-color":"","overlay-opacity":"","overlay-gradient":""},"tablet":{"background-color":"","background-image":"","background-repeat":"repeat","background-position":"center center","background-size":"auto","background-attachment":"scroll","background-type":"","background-media":"","overlay-type":"","overlay-color":"","overlay-opacity":"","overlay-gradient":""},"mobile":{"background-color":"","background-image":"","background-repeat":"repeat","background-position":"center center","background-size":"auto","background-attachment":"scroll","background-type":"","background-media":"","overlay-type":"","overlay-color":"","overlay-opacity":"","overlay-gradient":""}},"ast-content-background-meta":{"desktop":{"background-color":"var(--ast-global-color-5)","background-image":"","background-repeat":"repeat","background-position":"center center","background-size":"auto","background-attachment":"scroll","background-type":"","background-media":"","overlay-type":"","overlay-color":"","overlay-opacity":"","overlay-gradient":""},"tablet":{"background-color":"var(--ast-global-color-5)","background-image":"","background-repeat":"repeat","background-position":"center center","background-size":"auto","background-attachment":"scroll","background-type":"","background-media":"","overlay-type":"","overlay-color":"","overlay-opacity":"","overlay-gradient":""},"mobile":{"background-color":"var(--ast-global-color-5)","background-image":"","background-repeat":"repeat","background-position":"center center","background-size":"auto","background-attachment":"scroll","background-type":"","background-media":"","overlay-type":"","overlay-color":"","overlay-opacity":"","overlay-gradient":""}}},"pwb-brand":[198],"product_brand":[],"product_cat":[226,225],"product_tag":[302],"class_list":{"0":"post-224867","1":"product","2":"type-product","3":"status-publish","4":"has-post-thumbnail","6":"pwb-brand-omy","7":"product_cat-creative","8":"product_cat-kids","9":"product_tag-creative","10":"desktop-align-center","11":"tablet-align-center","12":"mobile-align-center","13":"ast-product-gallery-layout-vertical","14":"ast-product-tabs-layout-horizontal","16":"first","17":"instock","18":"taxable","19":"shipping-taxable","20":"purchasable","21":"product-type-simple"},"yoast_head":"<!-- This site is optimized with the Yoast SEO plugin v27.4 - https:\/\/yoast.com\/product\/yoast-seo-wordpress\/ -->\n<title>Dino - Sticker Activity Book &amp; Postcards &#8226; Gate21<\/title>\n<meta name=\"description\" content=\"Masks by OMY are loads of fun for the entire family to enjoy.\" \/>\n<meta name=\"robots\" content=\"index, follow, max-snippet:-1, max-image-preview:large, max-video-preview:-1\" \/>\n<link rel=\"canonical\" href=\"https:\/\/gate21.ee\/et\/shop\/dino-sticker-activity-book-postcards\/\" \/>\n<meta property=\"og:locale\" content=\"et_EE\" \/>\n<meta property=\"og:type\" content=\"article\" \/>\n<meta property=\"og:title\" content=\"Dino - Sticker Activity Book &amp; Postcards &#8226; Gate21\" \/>\n<meta property=\"og:description\" content=\"Masks by OMY are loads of fun for the entire family to enjoy.\" \/>\n<meta property=\"og:url\" content=\"https:\/\/gate21.ee\/et\/shop\/dino-sticker-activity-book-postcards\/\" \/>\n<meta property=\"og:site_name\" content=\"Gate21\" \/>\n<meta property=\"article:publisher\" content=\"https:\/\/www.facebook.com\/gate21.ee\/\" \/>\n<meta property=\"article:modified_time\" content=\"2026-04-04T08:31:44+00:00\" \/>\n<meta property=\"og:image\" content=\"https:\/\/gate21.ee\/wp-content\/uploads\/2025\/07\/CARNET_STICKER_DINO-3-e1762086297360.png\" \/>\n\t<meta property=\"og:image:width\" content=\"723\" \/>\n\t<meta property=\"og:image:height\" content=\"709\" \/>\n\t<meta property=\"og:image:type\" content=\"image\/png\" \/>\n<meta name=\"twitter:card\" content=\"summary_large_image\" \/>\n<meta name=\"twitter:label1\" content=\"Est. reading time\" \/>\n\t<meta name=\"twitter:data1\" content=\"1 minut\" \/>\n<script type=\"application\/ld+json\" class=\"yoast-schema-graph\">{\"@context\":\"https:\\\/\\\/schema.org\",\"@graph\":[{\"@type\":\"WebPage\",\"@id\":\"https:\\\/\\\/gate21.ee\\\/shop\\\/dino-sticker-activity-book-postcards\\\/\",\"url\":\"https:\\\/\\\/gate21.ee\\\/shop\\\/dino-sticker-activity-book-postcards\\\/\",\"name\":\"Dino - Sticker Activity Book &amp; Postcards &#8226; Gate21\",\"isPartOf\":{\"@id\":\"https:\\\/\\\/gate21.ee\\\/#website\"},\"primaryImageOfPage\":{\"@id\":\"https:\\\/\\\/gate21.ee\\\/shop\\\/dino-sticker-activity-book-postcards\\\/#primaryimage\"},\"image\":{\"@id\":\"https:\\\/\\\/gate21.ee\\\/shop\\\/dino-sticker-activity-book-postcards\\\/#primaryimage\"},\"thumbnailUrl\":\"https:\\\/\\\/gate21.ee\\\/wp-content\\\/uploads\\\/2025\\\/07\\\/CARNET_STICKER_DINO-3-e1762086297360.png\",\"datePublished\":\"2025-07-28T10:56:00+00:00\",\"dateModified\":\"2026-04-04T08:31:44+00:00\",\"description\":\"Masks by OMY are loads of fun for the entire family to enjoy.\",\"breadcrumb\":{\"@id\":\"https:\\\/\\\/gate21.ee\\\/shop\\\/dino-sticker-activity-book-postcards\\\/#breadcrumb\"},\"inLanguage\":\"et\",\"potentialAction\":[{\"@type\":\"ReadAction\",\"target\":[\"https:\\\/\\\/gate21.ee\\\/shop\\\/dino-sticker-activity-book-postcards\\\/\"]}]},{\"@type\":\"ImageObject\",\"inLanguage\":\"et\",\"@id\":\"https:\\\/\\\/gate21.ee\\\/shop\\\/dino-sticker-activity-book-postcards\\\/#primaryimage\",\"url\":\"https:\\\/\\\/gate21.ee\\\/wp-content\\\/uploads\\\/2025\\\/07\\\/CARNET_STICKER_DINO-3-e1762086297360.png\",\"contentUrl\":\"https:\\\/\\\/gate21.ee\\\/wp-content\\\/uploads\\\/2025\\\/07\\\/CARNET_STICKER_DINO-3-e1762086297360.png\",\"width\":723,\"height\":709,\"caption\":\"A hand holds the Dino - Sticker Activity Book & Postcards, shaped like a cartoon green dinosaur in sunglasses riding a skateboard\u2014an original Tallinn shopping find or a unique concept shop gift idea. Gate21.ee\"},{\"@type\":\"BreadcrumbList\",\"@id\":\"https:\\\/\\\/gate21.ee\\\/shop\\\/dino-sticker-activity-book-postcards\\\/#breadcrumb\",\"itemListElement\":[{\"@type\":\"ListItem\",\"position\":1,\"name\":\"Home\",\"item\":\"https:\\\/\\\/gate21.ee\\\/\"},{\"@type\":\"ListItem\",\"position\":2,\"name\":\"Dino &#8211; Sticker Activity Book &amp; Postcards\"}]},{\"@type\":\"WebSite\",\"@id\":\"https:\\\/\\\/gate21.ee\\\/#website\",\"url\":\"https:\\\/\\\/gate21.ee\\\/\",\"name\":\"Gate21\",\"description\":\"Gift concept store Gate21\",\"publisher\":{\"@id\":\"https:\\\/\\\/gate21.ee\\\/#organization\"},\"alternateName\":\"gate21\",\"potentialAction\":[{\"@type\":\"SearchAction\",\"target\":{\"@type\":\"EntryPoint\",\"urlTemplate\":\"https:\\\/\\\/gate21.ee\\\/?s={search_term_string}\"},\"query-input\":{\"@type\":\"PropertyValueSpecification\",\"valueRequired\":true,\"valueName\":\"search_term_string\"}}],\"inLanguage\":\"et\"},{\"@type\":\"Organization\",\"@id\":\"https:\\\/\\\/gate21.ee\\\/#organization\",\"name\":\"Gate21\",\"alternateName\":\"Gate21, Oma Asi and Oma Asi Design Store\",\"url\":\"https:\\\/\\\/gate21.ee\\\/\",\"logo\":{\"@type\":\"ImageObject\",\"inLanguage\":\"et\",\"@id\":\"https:\\\/\\\/gate21.ee\\\/#\\\/schema\\\/logo\\\/image\\\/\",\"url\":\"https:\\\/\\\/gate21.ee\\\/wp-content\\\/uploads\\\/2021\\\/11\\\/Gate_21_Logo_2_Valge.png\",\"contentUrl\":\"https:\\\/\\\/gate21.ee\\\/wp-content\\\/uploads\\\/2021\\\/11\\\/Gate_21_Logo_2_Valge.png\",\"width\":2560,\"height\":2560,\"caption\":\"Gate21\"},\"image\":{\"@id\":\"https:\\\/\\\/gate21.ee\\\/#\\\/schema\\\/logo\\\/image\\\/\"},\"sameAs\":[\"https:\\\/\\\/www.facebook.com\\\/gate21.ee\\\/\",\"https:\\\/\\\/www.instagram.com\\\/gate21.ee\\\/\",\"https:\\\/\\\/www.instagram.com\\\/omaasidesign\\\/\",\"https:\\\/\\\/www.instagram.com\\\/omaasi\\\/\",\"https:\\\/\\\/www.facebook.com\\\/omaasidesign\\\/\",\"https:\\\/\\\/www.facebook.com\\\/omaasilittleredhouse\\\/\",\"https:\\\/\\\/www.tiktok.com\\\/@gate21.ee\"]}]}<\/script>\n<!-- \/ Yoast SEO plugin. -->","yoast_head_json":{"title":"Dino - Sticker Activity Book &amp; Postcards &#8226; Gate21","description":"Masks by OMY are loads of fun for the entire family to enjoy.","robots":{"index":"index","follow":"follow","max-snippet":"max-snippet:-1","max-image-preview":"max-image-preview:large","max-video-preview":"max-video-preview:-1"},"canonical":"https:\/\/gate21.ee\/et\/shop\/dino-sticker-activity-book-postcards\/","og_locale":"et_EE","og_type":"article","og_title":"Dino - Sticker Activity Book &amp; Postcards &#8226; Gate21","og_description":"Masks by OMY are loads of fun for the entire family to enjoy.","og_url":"https:\/\/gate21.ee\/et\/shop\/dino-sticker-activity-book-postcards\/","og_site_name":"Gate21","article_publisher":"https:\/\/www.facebook.com\/gate21.ee\/","article_modified_time":"2026-04-04T08:31:44+00:00","og_image":[{"width":723,"height":709,"url":"https:\/\/gate21.ee\/wp-content\/uploads\/2025\/07\/CARNET_STICKER_DINO-3-e1762086297360.png","type":"image\/png"}],"twitter_card":"summary_large_image","twitter_misc":{"Est. reading time":"1 minut"},"schema":{"@context":"https:\/\/schema.org","@graph":[{"@type":"WebPage","@id":"https:\/\/gate21.ee\/shop\/dino-sticker-activity-book-postcards\/","url":"https:\/\/gate21.ee\/shop\/dino-sticker-activity-book-postcards\/","name":"Dino - Sticker Activity Book &amp; Postcards &#8226; Gate21","isPartOf":{"@id":"https:\/\/gate21.ee\/#website"},"primaryImageOfPage":{"@id":"https:\/\/gate21.ee\/shop\/dino-sticker-activity-book-postcards\/#primaryimage"},"image":{"@id":"https:\/\/gate21.ee\/shop\/dino-sticker-activity-book-postcards\/#primaryimage"},"thumbnailUrl":"https:\/\/gate21.ee\/wp-content\/uploads\/2025\/07\/CARNET_STICKER_DINO-3-e1762086297360.png","datePublished":"2025-07-28T10:56:00+00:00","dateModified":"2026-04-04T08:31:44+00:00","description":"Masks by OMY are loads of fun for the entire family to enjoy.","breadcrumb":{"@id":"https:\/\/gate21.ee\/shop\/dino-sticker-activity-book-postcards\/#breadcrumb"},"inLanguage":"et","potentialAction":[{"@type":"ReadAction","target":["https:\/\/gate21.ee\/shop\/dino-sticker-activity-book-postcards\/"]}]},{"@type":"ImageObject","inLanguage":"et","@id":"https:\/\/gate21.ee\/shop\/dino-sticker-activity-book-postcards\/#primaryimage","url":"https:\/\/gate21.ee\/wp-content\/uploads\/2025\/07\/CARNET_STICKER_DINO-3-e1762086297360.png","contentUrl":"https:\/\/gate21.ee\/wp-content\/uploads\/2025\/07\/CARNET_STICKER_DINO-3-e1762086297360.png","width":723,"height":709,"caption":"A hand holds the Dino - Sticker Activity Book & Postcards, shaped like a cartoon green dinosaur in sunglasses riding a skateboard\u2014an original Tallinn shopping find or a unique concept shop gift idea. Gate21.ee"},{"@type":"BreadcrumbList","@id":"https:\/\/gate21.ee\/shop\/dino-sticker-activity-book-postcards\/#breadcrumb","itemListElement":[{"@type":"ListItem","position":1,"name":"Home","item":"https:\/\/gate21.ee\/"},{"@type":"ListItem","position":2,"name":"Dino &#8211; Sticker Activity Book &amp; Postcards"}]},{"@type":"WebSite","@id":"https:\/\/gate21.ee\/#website","url":"https:\/\/gate21.ee\/","name":"Gate21","description":"Kingituskontseptsioonipood Gate21","publisher":{"@id":"https:\/\/gate21.ee\/#organization"},"alternateName":"gate21","potentialAction":[{"@type":"SearchAction","target":{"@type":"EntryPoint","urlTemplate":"https:\/\/gate21.ee\/?s={search_term_string}"},"query-input":{"@type":"PropertyValueSpecification","valueRequired":true,"valueName":"search_term_string"}}],"inLanguage":"et"},{"@type":"Organization","@id":"https:\/\/gate21.ee\/#organization","name":"Gate21","alternateName":"Gate21, Oma Asi and Oma Asi Design Store","url":"https:\/\/gate21.ee\/","logo":{"@type":"ImageObject","inLanguage":"et","@id":"https:\/\/gate21.ee\/#\/schema\/logo\/image\/","url":"https:\/\/gate21.ee\/wp-content\/uploads\/2021\/11\/Gate_21_Logo_2_Valge.png","contentUrl":"https:\/\/gate21.ee\/wp-content\/uploads\/2021\/11\/Gate_21_Logo_2_Valge.png","width":2560,"height":2560,"caption":"Gate21"},"image":{"@id":"https:\/\/gate21.ee\/#\/schema\/logo\/image\/"},"sameAs":["https:\/\/www.facebook.com\/gate21.ee\/","https:\/\/www.instagram.com\/gate21.ee\/","https:\/\/www.instagram.com\/omaasidesign\/","https:\/\/www.instagram.com\/omaasi\/","https:\/\/www.facebook.com\/omaasidesign\/","https:\/\/www.facebook.com\/omaasilittleredhouse\/","https:\/\/www.tiktok.com\/@gate21.ee"]}]}},"jetpack_sharing_enabled":true,"brands":[{"id":198,"name":"OMY","slug":"omy"}],"_links":{"self":[{"href":"https:\/\/gate21.ee\/et\/wp-json\/wp\/v2\/product\/224867","targetHints":{"allow":["GET"]}}],"collection":[{"href":"https:\/\/gate21.ee\/et\/wp-json\/wp\/v2\/product"}],"about":[{"href":"https:\/\/gate21.ee\/et\/wp-json\/wp\/v2\/types\/product"}],"replies":[{"embeddable":true,"href":"https:\/\/gate21.ee\/et\/wp-json\/wp\/v2\/comments?post=224867"}],"version-history":[{"count":4,"href":"https:\/\/gate21.ee\/et\/wp-json\/wp\/v2\/product\/224867\/revisions"}],"predecessor-version":[{"id":249761,"href":"https:\/\/gate21.ee\/et\/wp-json\/wp\/v2\/product\/224867\/revisions\/249761"}],"wp:featuredmedia":[{"embeddable":true,"href":"https:\/\/gate21.ee\/et\/wp-json\/wp\/v2\/media\/224870"}],"wp:attachment":[{"href":"https:\/\/gate21.ee\/et\/wp-json\/wp\/v2\/media?parent=224867"}],"wp:term":[{"taxonomy":"pwb-brand","embeddable":true,"href":"https:\/\/gate21.ee\/et\/wp-json\/wp\/v2\/pwb-brand?post=224867"},{"taxonomy":"product_brand","embeddable":true,"href":"https:\/\/gate21.ee\/et\/wp-json\/wp\/v2\/product_brand?post=224867"},{"taxonomy":"product_cat","embeddable":true,"href":"https:\/\/gate21.ee\/et\/wp-json\/wp\/v2\/product_cat?post=224867"},{"taxonomy":"product_tag","embeddable":true,"href":"https:\/\/gate21.ee\/et\/wp-json\/wp\/v2\/product_tag?post=224867"}],"curies":[{"name":"wp","href":"https:\/\/api.w.org\/{rel}","templated":true}]}}