{"id":223603,"date":"2025-07-22T16:49:00","date_gmt":"2025-07-22T13:49:00","guid":{"rendered":"https:\/\/gate21.ee\/?post_type=product&#038;p=223603"},"modified":"2026-04-24T20:01:45","modified_gmt":"2026-04-24T17:01:45","slug":"guitar-sweatshirt-pink","status":"publish","type":"product","link":"https:\/\/gate21.ee\/et\/shop\/guitar-sweatshirt-pink\/","title":{"rendered":"Kitarr - roosa pusa"},"content":{"rendered":"<p><a href=\"https:\/\/gate21.ee\/et\/tootekategooria\/clothing\/sweatshirts\/\">Pusad &amp; Kampsunid<\/a> on valmistatud kvaliteetsest pehmest puuvillast, iga disain on \u00f5mmeldud ja valmistatud Eesti disainibr\u00e4ndi HILP poolt Tartus.<\/p>\n<p>Koostis: 92% puuvill ja 8% spandex, masinpestav ja nahas\u00f5bralik.<\/p>\n<table border=\"1\">\n<tbody>\n<tr>\n<td>Suurus<\/td>\n<td>S<\/td>\n<td>M<\/td>\n<td>L<\/td>\n<td>XL<\/td>\n<\/tr>\n<tr>\n<td>Laius cm<\/td>\n<td>51<\/td>\n<td>55<\/td>\n<td>59,5<\/td>\n<td>\u00a064<\/td>\n<\/tr>\n<tr>\n<td>Pikkus cm<\/td>\n<td>68<\/td>\n<td>72<\/td>\n<td>72,5<\/td>\n<td>\u00a075<\/td>\n<\/tr>\n<tr>\n<td>K\u00e4is cm<\/td>\n<td>64<\/td>\n<td>66<\/td>\n<td>66<\/td>\n<td>\u00a068<\/td>\n<\/tr>\n<\/tbody>\n<\/table>\n<p>&nbsp;<\/p>\n<p><img fetchpriority=\"high\" decoding=\"async\" src=\"https:\/\/www.hilpdesign.com\/media\/hilp-1\/product\/suurtepusa.png\" alt=\"\" width=\"350\" height=\"200\" \/><\/p>\n<p>&nbsp;<\/p>\n<p><a href=\"https:\/\/gate21.ee\/et\/brand\/hilp\/\">HILP<\/a> on 2015. aastal alguse saanud v\u00e4ike perefirma Tartus.<\/p>\n<p>HILP eesm\u00e4rk on pakkuda inimestele r\u00f5ivaid, mis erinevad masstoodangu riietest, on isikup\u00e4rased ja milles on peidus v\u00e4ike huumor.<\/p>\n<p>HILP-ile on oluline teha oma tooteid keskkonnas\u00f5bralikul viisil ilma kemikaalideta.<\/p>\n<p><img decoding=\"async\" class=\"alignnone size-medium wp-image-88422\" src=\"https:\/\/gate21.ee\/wp-content\/uploads\/2022\/01\/hilp_meestepusa_tootegrupipilt-300x139.jpeg\" alt=\"\" width=\"300\" height=\"139\" srcset=\"https:\/\/gate21.ee\/wp-content\/uploads\/2022\/01\/hilp_meestepusa_tootegrupipilt-300x139.jpeg 300w, https:\/\/gate21.ee\/wp-content\/uploads\/2022\/01\/hilp_meestepusa_tootegrupipilt-600x277.jpeg 600w, https:\/\/gate21.ee\/wp-content\/uploads\/2022\/01\/hilp_meestepusa_tootegrupipilt-1024x473.jpeg 1024w, https:\/\/gate21.ee\/wp-content\/uploads\/2022\/01\/hilp_meestepusa_tootegrupipilt-768x355.jpeg 768w, https:\/\/gate21.ee\/wp-content\/uploads\/2022\/01\/hilp_meestepusa_tootegrupipilt-1536x709.jpeg 1536w, https:\/\/gate21.ee\/wp-content\/uploads\/2022\/01\/hilp_meestepusa_tootegrupipilt-18x8.jpeg 18w, https:\/\/gate21.ee\/wp-content\/uploads\/2022\/01\/hilp_meestepusa_tootegrupipilt.jpeg 1739w\" sizes=\"(max-width: 300px) 100vw, 300px\" \/><\/p>","protected":false},"excerpt":{"rendered":"<p>Sweatshirts are made from high quality soft cotton, each design is stitched and made by Estonian design brand, HILP in Tartu. Description: 92% cotton &amp; 8% spandex, machine washable and skin-friendly. Suurus S M L XL Laius cm 51 55 59,5 \u00a064 Pikkus cm 68 72 72,5 \u00a075 K\u00e4is cm 64 66 66 \u00a068 &nbsp; [&hellip;]<\/p>\n","protected":false},"featured_media":223608,"comment_status":"closed","ping_status":"closed","template":"","meta":{"site-sidebar-layout":"default","site-content-layout":"default","ast-site-content-layout":"default","site-content-style":"default","site-sidebar-style":"default","ast-global-header-display":"","ast-banner-title-visibility":"","ast-main-header-display":"","ast-hfb-above-header-display":"","ast-hfb-below-header-display":"","ast-hfb-mobile-header-display":"","site-post-title":"","ast-breadcrumbs-content":"","ast-featured-img":"","footer-sml-layout":"","ast-disable-related-posts":"","theme-transparent-header-meta":"default","adv-header-id-meta":"","stick-header-meta":"default","header-above-stick-meta":"","header-main-stick-meta":"","header-below-stick-meta":"","astra-migrate-meta-layouts":"set","ast-page-background-enabled":"default","ast-page-background-meta":{"desktop":{"background-color":"","background-image":"","background-repeat":"repeat","background-position":"center center","background-size":"auto","background-attachment":"scroll","background-type":"","background-media":"","overlay-type":"","overlay-color":"","overlay-opacity":"","overlay-gradient":""},"tablet":{"background-color":"","background-image":"","background-repeat":"repeat","background-position":"center center","background-size":"auto","background-attachment":"scroll","background-type":"","background-media":"","overlay-type":"","overlay-color":"","overlay-opacity":"","overlay-gradient":""},"mobile":{"background-color":"","background-image":"","background-repeat":"repeat","background-position":"center center","background-size":"auto","background-attachment":"scroll","background-type":"","background-media":"","overlay-type":"","overlay-color":"","overlay-opacity":"","overlay-gradient":""}},"ast-content-background-meta":{"desktop":{"background-color":"var(--ast-global-color-5)","background-image":"","background-repeat":"repeat","background-position":"center center","background-size":"auto","background-attachment":"scroll","background-type":"","background-media":"","overlay-type":"","overlay-color":"","overlay-opacity":"","overlay-gradient":""},"tablet":{"background-color":"var(--ast-global-color-5)","background-image":"","background-repeat":"repeat","background-position":"center center","background-size":"auto","background-attachment":"scroll","background-type":"","background-media":"","overlay-type":"","overlay-color":"","overlay-opacity":"","overlay-gradient":""},"mobile":{"background-color":"var(--ast-global-color-5)","background-image":"","background-repeat":"repeat","background-position":"center center","background-size":"auto","background-attachment":"scroll","background-type":"","background-media":"","overlay-type":"","overlay-color":"","overlay-opacity":"","overlay-gradient":""}}},"pwb-brand":[409],"product_brand":[],"product_cat":[56,133],"product_tag":[],"class_list":{"0":"post-223603","1":"product","2":"type-product","3":"status-publish","4":"has-post-thumbnail","6":"pwb-brand-hilp","7":"product_cat-clothing","8":"product_cat-sweatshirts","9":"desktop-align-center","10":"tablet-align-center","11":"mobile-align-center","12":"ast-product-gallery-layout-vertical","13":"ast-product-single-variable","14":"ast-product-tabs-layout-horizontal","16":"first","17":"instock","18":"taxable","19":"shipping-taxable","20":"purchasable","21":"product-type-variable"},"yoast_head":"<!-- This site is optimized with the Yoast SEO plugin v27.4 - https:\/\/yoast.com\/product\/yoast-seo-wordpress\/ -->\n<title>Guitar - Sweatshirt Pink &#8226; Gate21<\/title>\n<meta name=\"description\" content=\"Sweatshirts \/ pusad are made from high quality soft cotton, each design is stitched and made by Estonian design brand, HILP in Tartu.\" \/>\n<meta name=\"robots\" content=\"index, follow, max-snippet:-1, max-image-preview:large, max-video-preview:-1\" \/>\n<link rel=\"canonical\" href=\"https:\/\/gate21.ee\/et\/shop\/guitar-sweatshirt-pink\/\" \/>\n<meta property=\"og:locale\" content=\"et_EE\" \/>\n<meta property=\"og:type\" content=\"article\" \/>\n<meta property=\"og:title\" content=\"Guitar - Sweatshirt Pink &#8226; Gate21\" \/>\n<meta property=\"og:description\" content=\"Sweatshirts \/ pusad are made from high quality soft cotton, each design is stitched and made by Estonian design brand, HILP in Tartu.\" \/>\n<meta property=\"og:url\" content=\"https:\/\/gate21.ee\/et\/shop\/guitar-sweatshirt-pink\/\" \/>\n<meta property=\"og:site_name\" content=\"Gate21\" \/>\n<meta property=\"article:publisher\" content=\"https:\/\/www.facebook.com\/gate21.ee\/\" \/>\n<meta property=\"article:modified_time\" content=\"2026-04-24T17:01:45+00:00\" \/>\n<meta property=\"og:image\" content=\"https:\/\/gate21.ee\/wp-content\/uploads\/2025\/07\/guitar_fox_sweatshirt_pink_women.jpg\" \/>\n\t<meta property=\"og:image:width\" content=\"1600\" \/>\n\t<meta property=\"og:image:height\" content=\"1600\" \/>\n\t<meta property=\"og:image:type\" content=\"image\/jpeg\" \/>\n<meta name=\"twitter:card\" content=\"summary_large_image\" \/>\n<meta name=\"twitter:label1\" content=\"Est. reading time\" \/>\n\t<meta name=\"twitter:data1\" content=\"2 minutit\" \/>\n<script type=\"application\/ld+json\" class=\"yoast-schema-graph\">{\"@context\":\"https:\\\/\\\/schema.org\",\"@graph\":[{\"@type\":\"WebPage\",\"@id\":\"https:\\\/\\\/gate21.ee\\\/shop\\\/guitar-sweatshirt-pink\\\/\",\"url\":\"https:\\\/\\\/gate21.ee\\\/shop\\\/guitar-sweatshirt-pink\\\/\",\"name\":\"Guitar - Sweatshirt Pink &#8226; Gate21\",\"isPartOf\":{\"@id\":\"https:\\\/\\\/gate21.ee\\\/#website\"},\"primaryImageOfPage\":{\"@id\":\"https:\\\/\\\/gate21.ee\\\/shop\\\/guitar-sweatshirt-pink\\\/#primaryimage\"},\"image\":{\"@id\":\"https:\\\/\\\/gate21.ee\\\/shop\\\/guitar-sweatshirt-pink\\\/#primaryimage\"},\"thumbnailUrl\":\"https:\\\/\\\/gate21.ee\\\/wp-content\\\/uploads\\\/2025\\\/07\\\/guitar_fox_sweatshirt_pink_women.jpg\",\"datePublished\":\"2025-07-22T13:49:00+00:00\",\"dateModified\":\"2026-04-24T17:01:45+00:00\",\"description\":\"Sweatshirts \\\/ pusad are made from high quality soft cotton, each design is stitched and made by Estonian design brand, HILP in Tartu.\",\"breadcrumb\":{\"@id\":\"https:\\\/\\\/gate21.ee\\\/shop\\\/guitar-sweatshirt-pink\\\/#breadcrumb\"},\"inLanguage\":\"et\",\"potentialAction\":[{\"@type\":\"ReadAction\",\"target\":[\"https:\\\/\\\/gate21.ee\\\/shop\\\/guitar-sweatshirt-pink\\\/\"]}]},{\"@type\":\"ImageObject\",\"inLanguage\":\"et\",\"@id\":\"https:\\\/\\\/gate21.ee\\\/shop\\\/guitar-sweatshirt-pink\\\/#primaryimage\",\"url\":\"https:\\\/\\\/gate21.ee\\\/wp-content\\\/uploads\\\/2025\\\/07\\\/guitar_fox_sweatshirt_pink_women.jpg\",\"contentUrl\":\"https:\\\/\\\/gate21.ee\\\/wp-content\\\/uploads\\\/2025\\\/07\\\/guitar_fox_sweatshirt_pink_women.jpg\",\"width\":1600,\"height\":1600,\"caption\":\"Discover the Guitar - Sweatshirt Pink, featuring an orange fox playing guitar, standing on two legs and centred on the front. Find this unique piece at your favourite Tallinn shopping destination or local gift shop. Gate21.ee\"},{\"@type\":\"BreadcrumbList\",\"@id\":\"https:\\\/\\\/gate21.ee\\\/shop\\\/guitar-sweatshirt-pink\\\/#breadcrumb\",\"itemListElement\":[{\"@type\":\"ListItem\",\"position\":1,\"name\":\"Home\",\"item\":\"https:\\\/\\\/gate21.ee\\\/\"},{\"@type\":\"ListItem\",\"position\":2,\"name\":\"Guitar &#8211; Sweatshirt Pink\"}]},{\"@type\":\"WebSite\",\"@id\":\"https:\\\/\\\/gate21.ee\\\/#website\",\"url\":\"https:\\\/\\\/gate21.ee\\\/\",\"name\":\"Gate21\",\"description\":\"Gift concept store Gate21\",\"publisher\":{\"@id\":\"https:\\\/\\\/gate21.ee\\\/#organization\"},\"alternateName\":\"gate21\",\"potentialAction\":[{\"@type\":\"SearchAction\",\"target\":{\"@type\":\"EntryPoint\",\"urlTemplate\":\"https:\\\/\\\/gate21.ee\\\/?s={search_term_string}\"},\"query-input\":{\"@type\":\"PropertyValueSpecification\",\"valueRequired\":true,\"valueName\":\"search_term_string\"}}],\"inLanguage\":\"et\"},{\"@type\":\"Organization\",\"@id\":\"https:\\\/\\\/gate21.ee\\\/#organization\",\"name\":\"Gate21\",\"alternateName\":\"Gate21, Oma Asi and Oma Asi Design Store\",\"url\":\"https:\\\/\\\/gate21.ee\\\/\",\"logo\":{\"@type\":\"ImageObject\",\"inLanguage\":\"et\",\"@id\":\"https:\\\/\\\/gate21.ee\\\/#\\\/schema\\\/logo\\\/image\\\/\",\"url\":\"https:\\\/\\\/gate21.ee\\\/wp-content\\\/uploads\\\/2021\\\/11\\\/Gate_21_Logo_2_Valge.png\",\"contentUrl\":\"https:\\\/\\\/gate21.ee\\\/wp-content\\\/uploads\\\/2021\\\/11\\\/Gate_21_Logo_2_Valge.png\",\"width\":2560,\"height\":2560,\"caption\":\"Gate21\"},\"image\":{\"@id\":\"https:\\\/\\\/gate21.ee\\\/#\\\/schema\\\/logo\\\/image\\\/\"},\"sameAs\":[\"https:\\\/\\\/www.facebook.com\\\/gate21.ee\\\/\",\"https:\\\/\\\/www.instagram.com\\\/gate21.ee\\\/\",\"https:\\\/\\\/www.instagram.com\\\/omaasidesign\\\/\",\"https:\\\/\\\/www.instagram.com\\\/omaasi\\\/\",\"https:\\\/\\\/www.facebook.com\\\/omaasidesign\\\/\",\"https:\\\/\\\/www.facebook.com\\\/omaasilittleredhouse\\\/\",\"https:\\\/\\\/www.tiktok.com\\\/@gate21.ee\"]}]}<\/script>\n<!-- \/ Yoast SEO plugin. -->","yoast_head_json":{"title":"Guitar - Sweatshirt Pink &#8226; Gate21","description":"Sweatshirts \/ pusad are made from high quality soft cotton, each design is stitched and made by Estonian design brand, HILP in Tartu.","robots":{"index":"index","follow":"follow","max-snippet":"max-snippet:-1","max-image-preview":"max-image-preview:large","max-video-preview":"max-video-preview:-1"},"canonical":"https:\/\/gate21.ee\/et\/shop\/guitar-sweatshirt-pink\/","og_locale":"et_EE","og_type":"article","og_title":"Guitar - Sweatshirt Pink &#8226; Gate21","og_description":"Sweatshirts \/ pusad are made from high quality soft cotton, each design is stitched and made by Estonian design brand, HILP in Tartu.","og_url":"https:\/\/gate21.ee\/et\/shop\/guitar-sweatshirt-pink\/","og_site_name":"Gate21","article_publisher":"https:\/\/www.facebook.com\/gate21.ee\/","article_modified_time":"2026-04-24T17:01:45+00:00","og_image":[{"width":1600,"height":1600,"url":"https:\/\/gate21.ee\/wp-content\/uploads\/2025\/07\/guitar_fox_sweatshirt_pink_women.jpg","type":"image\/jpeg"}],"twitter_card":"summary_large_image","twitter_misc":{"Est. reading time":"2 minutit"},"schema":{"@context":"https:\/\/schema.org","@graph":[{"@type":"WebPage","@id":"https:\/\/gate21.ee\/shop\/guitar-sweatshirt-pink\/","url":"https:\/\/gate21.ee\/shop\/guitar-sweatshirt-pink\/","name":"Guitar - Sweatshirt Pink &#8226; Gate21","isPartOf":{"@id":"https:\/\/gate21.ee\/#website"},"primaryImageOfPage":{"@id":"https:\/\/gate21.ee\/shop\/guitar-sweatshirt-pink\/#primaryimage"},"image":{"@id":"https:\/\/gate21.ee\/shop\/guitar-sweatshirt-pink\/#primaryimage"},"thumbnailUrl":"https:\/\/gate21.ee\/wp-content\/uploads\/2025\/07\/guitar_fox_sweatshirt_pink_women.jpg","datePublished":"2025-07-22T13:49:00+00:00","dateModified":"2026-04-24T17:01:45+00:00","description":"Sweatshirts \/ pusad are made from high quality soft cotton, each design is stitched and made by Estonian design brand, HILP in Tartu.","breadcrumb":{"@id":"https:\/\/gate21.ee\/shop\/guitar-sweatshirt-pink\/#breadcrumb"},"inLanguage":"et","potentialAction":[{"@type":"ReadAction","target":["https:\/\/gate21.ee\/shop\/guitar-sweatshirt-pink\/"]}]},{"@type":"ImageObject","inLanguage":"et","@id":"https:\/\/gate21.ee\/shop\/guitar-sweatshirt-pink\/#primaryimage","url":"https:\/\/gate21.ee\/wp-content\/uploads\/2025\/07\/guitar_fox_sweatshirt_pink_women.jpg","contentUrl":"https:\/\/gate21.ee\/wp-content\/uploads\/2025\/07\/guitar_fox_sweatshirt_pink_women.jpg","width":1600,"height":1600,"caption":"Discover the Guitar - Sweatshirt Pink, featuring an orange fox playing guitar, standing on two legs and centred on the front. Find this unique piece at your favourite Tallinn shopping destination or local gift shop. Gate21.ee"},{"@type":"BreadcrumbList","@id":"https:\/\/gate21.ee\/shop\/guitar-sweatshirt-pink\/#breadcrumb","itemListElement":[{"@type":"ListItem","position":1,"name":"Home","item":"https:\/\/gate21.ee\/"},{"@type":"ListItem","position":2,"name":"Guitar &#8211; Sweatshirt Pink"}]},{"@type":"WebSite","@id":"https:\/\/gate21.ee\/#website","url":"https:\/\/gate21.ee\/","name":"Gate21","description":"Kingituskontseptsioonipood Gate21","publisher":{"@id":"https:\/\/gate21.ee\/#organization"},"alternateName":"gate21","potentialAction":[{"@type":"SearchAction","target":{"@type":"EntryPoint","urlTemplate":"https:\/\/gate21.ee\/?s={search_term_string}"},"query-input":{"@type":"PropertyValueSpecification","valueRequired":true,"valueName":"search_term_string"}}],"inLanguage":"et"},{"@type":"Organization","@id":"https:\/\/gate21.ee\/#organization","name":"Gate21","alternateName":"Gate21, Oma Asi and Oma Asi Design Store","url":"https:\/\/gate21.ee\/","logo":{"@type":"ImageObject","inLanguage":"et","@id":"https:\/\/gate21.ee\/#\/schema\/logo\/image\/","url":"https:\/\/gate21.ee\/wp-content\/uploads\/2021\/11\/Gate_21_Logo_2_Valge.png","contentUrl":"https:\/\/gate21.ee\/wp-content\/uploads\/2021\/11\/Gate_21_Logo_2_Valge.png","width":2560,"height":2560,"caption":"Gate21"},"image":{"@id":"https:\/\/gate21.ee\/#\/schema\/logo\/image\/"},"sameAs":["https:\/\/www.facebook.com\/gate21.ee\/","https:\/\/www.instagram.com\/gate21.ee\/","https:\/\/www.instagram.com\/omaasidesign\/","https:\/\/www.instagram.com\/omaasi\/","https:\/\/www.facebook.com\/omaasidesign\/","https:\/\/www.facebook.com\/omaasilittleredhouse\/","https:\/\/www.tiktok.com\/@gate21.ee"]}]}},"jetpack_sharing_enabled":true,"brands":[{"id":409,"name":"HILP","slug":"hilp"}],"_links":{"self":[{"href":"https:\/\/gate21.ee\/et\/wp-json\/wp\/v2\/product\/223603","targetHints":{"allow":["GET"]}}],"collection":[{"href":"https:\/\/gate21.ee\/et\/wp-json\/wp\/v2\/product"}],"about":[{"href":"https:\/\/gate21.ee\/et\/wp-json\/wp\/v2\/types\/product"}],"replies":[{"embeddable":true,"href":"https:\/\/gate21.ee\/et\/wp-json\/wp\/v2\/comments?post=223603"}],"version-history":[{"count":1,"href":"https:\/\/gate21.ee\/et\/wp-json\/wp\/v2\/product\/223603\/revisions"}],"predecessor-version":[{"id":223609,"href":"https:\/\/gate21.ee\/et\/wp-json\/wp\/v2\/product\/223603\/revisions\/223609"}],"wp:featuredmedia":[{"embeddable":true,"href":"https:\/\/gate21.ee\/et\/wp-json\/wp\/v2\/media\/223608"}],"wp:attachment":[{"href":"https:\/\/gate21.ee\/et\/wp-json\/wp\/v2\/media?parent=223603"}],"wp:term":[{"taxonomy":"pwb-brand","embeddable":true,"href":"https:\/\/gate21.ee\/et\/wp-json\/wp\/v2\/pwb-brand?post=223603"},{"taxonomy":"product_brand","embeddable":true,"href":"https:\/\/gate21.ee\/et\/wp-json\/wp\/v2\/product_brand?post=223603"},{"taxonomy":"product_cat","embeddable":true,"href":"https:\/\/gate21.ee\/et\/wp-json\/wp\/v2\/product_cat?post=223603"},{"taxonomy":"product_tag","embeddable":true,"href":"https:\/\/gate21.ee\/et\/wp-json\/wp\/v2\/product_tag?post=223603"}],"curies":[{"name":"wp","href":"https:\/\/api.w.org\/{rel}","templated":true}]}}