{"id":222826,"date":"2025-07-18T16:29:00","date_gmt":"2025-07-18T13:29:00","guid":{"rendered":"https:\/\/gate21.ee\/?post_type=product&#038;p=222826"},"modified":"2026-03-21T18:31:11","modified_gmt":"2026-03-21T16:31:11","slug":"pussy-tsark","status":"publish","type":"product","link":"https:\/\/gate21.ee\/et\/shop\/pussy-tsark\/","title":{"rendered":"PUSSY - Ts\u00e4rk"},"content":{"rendered":"<div class=\"rte rte--header\">\n<p>&nbsp;<\/p>\n<p><img fetchpriority=\"high\" decoding=\"async\" class=\"alignnone size-medium wp-image-56718 ls-is-cached lazyloaded\" src=\"https:\/\/gate21.ee\/wp-content\/uploads\/2020\/08\/12079803_1500153223615069_2119715000180709544_o-300x200.jpg\" alt=\"\" width=\"300\" height=\"200\" data-srcset=\"https:\/\/gate21.ee\/wp-content\/uploads\/2020\/08\/12079803_1500153223615069_2119715000180709544_o-300x200.jpg 300w, https:\/\/gate21.ee\/wp-content\/uploads\/2020\/08\/12079803_1500153223615069_2119715000180709544_o-1024x683.jpg 1024w, https:\/\/gate21.ee\/wp-content\/uploads\/2020\/08\/12079803_1500153223615069_2119715000180709544_o-768x512.jpg 768w, https:\/\/gate21.ee\/wp-content\/uploads\/2020\/08\/12079803_1500153223615069_2119715000180709544_o-1536x1024.jpg 1536w, https:\/\/gate21.ee\/wp-content\/uploads\/2020\/08\/12079803_1500153223615069_2119715000180709544_o-600x400.jpg 600w, https:\/\/gate21.ee\/wp-content\/uploads\/2020\/08\/12079803_1500153223615069_2119715000180709544_o.jpg 2048w\" data-src=\"https:\/\/gate21.ee\/wp-content\/uploads\/2020\/08\/12079803_1500153223615069_2119715000180709544_o-300x200.jpg\" data-sizes=\"(max-width: 300px) 100vw, 300px\" srcset=\"https:\/\/gate21.ee\/wp-content\/uploads\/2020\/08\/12079803_1500153223615069_2119715000180709544_o-300x200.jpg 300w, https:\/\/gate21.ee\/wp-content\/uploads\/2020\/08\/12079803_1500153223615069_2119715000180709544_o-600x400.jpg 600w, https:\/\/gate21.ee\/wp-content\/uploads\/2020\/08\/12079803_1500153223615069_2119715000180709544_o-1024x683.jpg 1024w, https:\/\/gate21.ee\/wp-content\/uploads\/2020\/08\/12079803_1500153223615069_2119715000180709544_o-768x512.jpg 768w, https:\/\/gate21.ee\/wp-content\/uploads\/2020\/08\/12079803_1500153223615069_2119715000180709544_o-1536x1024.jpg 1536w, https:\/\/gate21.ee\/wp-content\/uploads\/2020\/08\/12079803_1500153223615069_2119715000180709544_o.jpg 2048w\" sizes=\"(max-width: 300px) 100vw, 300px\" \/><\/p>\n<p><a href=\"https:\/\/gate21.ee\/et\/brand\/lickstarter\/\">Lickstarter<\/a> on Riia ettev\u00f5te, mis valmistab m\u00e4ngulist aluspesu naistele, kellele meeldib piiridega m\u00e4ngida. Lickstarteri asutaja Liega Zelgalve on Riia Kunsti- ja K\u00e4sit\u00f6\u00f6kooli l\u00f5petanud. Ta kogenud tekstiilitr\u00fcki ekspert ja kirglik e-kaubanduse nohik.<\/p>\n<p>Reied, tagumik ja puusad on meie relvad. Midagi tegemata v\u00f5ime s\u00fc\u00fcdata tulekahju ja vallandada laviini!<\/p>\n<\/div>","protected":false},"excerpt":{"rendered":"<p>&nbsp; Lickstarter is a company from Riga, which makes playful underwear for women who like to play with boundaries.\u00a0Liega Zelgalve, founder of Lickstarter is a graduate of Riga School of Arts and Crafts, an experienced textile print expert and a passionate e-commerce geek. Our thighs, bottoms and hips are our weapons. Without doing anything, we [&hellip;]<\/p>\n","protected":false},"featured_media":222831,"comment_status":"closed","ping_status":"closed","template":"","meta":{"site-sidebar-layout":"default","site-content-layout":"default","ast-site-content-layout":"default","site-content-style":"default","site-sidebar-style":"default","ast-global-header-display":"","ast-banner-title-visibility":"","ast-main-header-display":"","ast-hfb-above-header-display":"","ast-hfb-below-header-display":"","ast-hfb-mobile-header-display":"","site-post-title":"","ast-breadcrumbs-content":"","ast-featured-img":"","footer-sml-layout":"","ast-disable-related-posts":"","theme-transparent-header-meta":"default","adv-header-id-meta":"","stick-header-meta":"default","header-above-stick-meta":"","header-main-stick-meta":"","header-below-stick-meta":"","astra-migrate-meta-layouts":"set","ast-page-background-enabled":"default","ast-page-background-meta":{"desktop":{"background-color":"","background-image":"","background-repeat":"repeat","background-position":"center center","background-size":"auto","background-attachment":"scroll","background-type":"","background-media":"","overlay-type":"","overlay-color":"","overlay-opacity":"","overlay-gradient":""},"tablet":{"background-color":"","background-image":"","background-repeat":"repeat","background-position":"center center","background-size":"auto","background-attachment":"scroll","background-type":"","background-media":"","overlay-type":"","overlay-color":"","overlay-opacity":"","overlay-gradient":""},"mobile":{"background-color":"","background-image":"","background-repeat":"repeat","background-position":"center center","background-size":"auto","background-attachment":"scroll","background-type":"","background-media":"","overlay-type":"","overlay-color":"","overlay-opacity":"","overlay-gradient":""}},"ast-content-background-meta":{"desktop":{"background-color":"var(--ast-global-color-5)","background-image":"","background-repeat":"repeat","background-position":"center center","background-size":"auto","background-attachment":"scroll","background-type":"","background-media":"","overlay-type":"","overlay-color":"","overlay-opacity":"","overlay-gradient":""},"tablet":{"background-color":"var(--ast-global-color-5)","background-image":"","background-repeat":"repeat","background-position":"center center","background-size":"auto","background-attachment":"scroll","background-type":"","background-media":"","overlay-type":"","overlay-color":"","overlay-opacity":"","overlay-gradient":""},"mobile":{"background-color":"var(--ast-global-color-5)","background-image":"","background-repeat":"repeat","background-position":"center center","background-size":"auto","background-attachment":"scroll","background-type":"","background-media":"","overlay-type":"","overlay-color":"","overlay-opacity":"","overlay-gradient":""}}},"pwb-brand":[92],"product_brand":[],"product_cat":[56,132],"product_tag":[89,155],"class_list":{"0":"post-222826","1":"product","2":"type-product","3":"status-publish","4":"has-post-thumbnail","6":"pwb-brand-lickstarter","7":"product_cat-clothing","8":"product_cat-tshirts","9":"product_tag-cat-panties","10":"product_tag-lickstarter","11":"desktop-align-center","12":"tablet-align-center","13":"mobile-align-center","14":"ast-product-gallery-layout-vertical","15":"ast-product-gallery-with-no-image","16":"ast-product-single-variable","17":"ast-product-tabs-layout-horizontal","19":"first","20":"instock","21":"taxable","22":"shipping-taxable","23":"purchasable","24":"product-type-variable"},"yoast_head":"<!-- This site is optimized with the Yoast SEO plugin v27.4 - https:\/\/yoast.com\/product\/yoast-seo-wordpress\/ -->\n<title>PUSSY - Ts\u00e4rk &#8226; Gate21<\/title>\n<meta name=\"description\" content=\"&quot;Love a Cat&quot; cat panties - Start it with your game pick. Sneak up. He will resist on his own. Witty, provocative and comfy as hell.\u00a0You&#039;ll be surprised what this underwear can do!\" \/>\n<meta name=\"robots\" content=\"index, follow, max-snippet:-1, max-image-preview:large, max-video-preview:-1\" \/>\n<link rel=\"canonical\" href=\"https:\/\/gate21.ee\/et\/shop\/pussy-tsark\/\" \/>\n<meta property=\"og:locale\" content=\"et_EE\" \/>\n<meta property=\"og:type\" content=\"article\" \/>\n<meta property=\"og:title\" content=\"PUSSY - Ts\u00e4rk &#8226; Gate21\" \/>\n<meta property=\"og:description\" content=\"&quot;Love a Cat&quot; cat panties - Start it with your game pick. Sneak up. He will resist on his own. Witty, provocative and comfy as hell.\u00a0You&#039;ll be surprised what this underwear can do!\" \/>\n<meta property=\"og:url\" content=\"https:\/\/gate21.ee\/et\/shop\/pussy-tsark\/\" \/>\n<meta property=\"og:site_name\" content=\"Gate21\" \/>\n<meta property=\"article:publisher\" content=\"https:\/\/www.facebook.com\/gate21.ee\/\" \/>\n<meta property=\"article:modified_time\" content=\"2026-03-21T16:31:11+00:00\" \/>\n<meta property=\"og:image\" content=\"https:\/\/gate21.ee\/wp-content\/uploads\/2025\/07\/Pussy-e1752845484693.webp\" \/>\n\t<meta property=\"og:image:width\" content=\"535\" \/>\n\t<meta property=\"og:image:height\" content=\"446\" \/>\n\t<meta property=\"og:image:type\" content=\"image\/webp\" \/>\n<meta name=\"twitter:card\" content=\"summary_large_image\" \/>\n<meta name=\"twitter:label1\" content=\"Est. reading time\" \/>\n\t<meta name=\"twitter:data1\" content=\"1 minut\" \/>\n<script type=\"application\/ld+json\" class=\"yoast-schema-graph\">{\"@context\":\"https:\\\/\\\/schema.org\",\"@graph\":[{\"@type\":\"WebPage\",\"@id\":\"https:\\\/\\\/gate21.ee\\\/shop\\\/pussy-tsark\\\/\",\"url\":\"https:\\\/\\\/gate21.ee\\\/shop\\\/pussy-tsark\\\/\",\"name\":\"PUSSY - Ts\u00e4rk &#8226; Gate21\",\"isPartOf\":{\"@id\":\"https:\\\/\\\/gate21.ee\\\/#website\"},\"primaryImageOfPage\":{\"@id\":\"https:\\\/\\\/gate21.ee\\\/shop\\\/pussy-tsark\\\/#primaryimage\"},\"image\":{\"@id\":\"https:\\\/\\\/gate21.ee\\\/shop\\\/pussy-tsark\\\/#primaryimage\"},\"thumbnailUrl\":\"https:\\\/\\\/gate21.ee\\\/wp-content\\\/uploads\\\/2025\\\/07\\\/Pussy-e1752845484693.webp\",\"datePublished\":\"2025-07-18T13:29:00+00:00\",\"dateModified\":\"2026-03-21T16:31:11+00:00\",\"description\":\"\\\"Love a Cat\\\" cat panties - Start it with your game pick. Sneak up. He will resist on his own. Witty, provocative and comfy as hell.\u00a0You'll be surprised what this underwear can do!\",\"breadcrumb\":{\"@id\":\"https:\\\/\\\/gate21.ee\\\/shop\\\/pussy-tsark\\\/#breadcrumb\"},\"inLanguage\":\"et\",\"potentialAction\":[{\"@type\":\"ReadAction\",\"target\":[\"https:\\\/\\\/gate21.ee\\\/shop\\\/pussy-tsark\\\/\"]}]},{\"@type\":\"ImageObject\",\"inLanguage\":\"et\",\"@id\":\"https:\\\/\\\/gate21.ee\\\/shop\\\/pussy-tsark\\\/#primaryimage\",\"url\":\"https:\\\/\\\/gate21.ee\\\/wp-content\\\/uploads\\\/2025\\\/07\\\/Pussy-e1752845484693.webp\",\"contentUrl\":\"https:\\\/\\\/gate21.ee\\\/wp-content\\\/uploads\\\/2025\\\/07\\\/Pussy-e1752845484693.webp\",\"width\":535,\"height\":446,\"caption\":\"A model poses against a plain brown background wearing the PUSSY - Ts\u00e4rk, a white T-shirt with black text, partially lifted to reveal blue underwear\u2014channelling the bold, edgy style of a Tallinn concept store. Gate21.ee\"},{\"@type\":\"BreadcrumbList\",\"@id\":\"https:\\\/\\\/gate21.ee\\\/shop\\\/pussy-tsark\\\/#breadcrumb\",\"itemListElement\":[{\"@type\":\"ListItem\",\"position\":1,\"name\":\"Home\",\"item\":\"https:\\\/\\\/gate21.ee\\\/\"},{\"@type\":\"ListItem\",\"position\":2,\"name\":\"PUSSY &#8211; Ts\u00e4rk\"}]},{\"@type\":\"WebSite\",\"@id\":\"https:\\\/\\\/gate21.ee\\\/#website\",\"url\":\"https:\\\/\\\/gate21.ee\\\/\",\"name\":\"Gate21\",\"description\":\"Gift concept store Gate21\",\"publisher\":{\"@id\":\"https:\\\/\\\/gate21.ee\\\/#organization\"},\"alternateName\":\"gate21\",\"potentialAction\":[{\"@type\":\"SearchAction\",\"target\":{\"@type\":\"EntryPoint\",\"urlTemplate\":\"https:\\\/\\\/gate21.ee\\\/?s={search_term_string}\"},\"query-input\":{\"@type\":\"PropertyValueSpecification\",\"valueRequired\":true,\"valueName\":\"search_term_string\"}}],\"inLanguage\":\"et\"},{\"@type\":\"Organization\",\"@id\":\"https:\\\/\\\/gate21.ee\\\/#organization\",\"name\":\"Gate21\",\"alternateName\":\"Gate21, Oma Asi and Oma Asi Design Store\",\"url\":\"https:\\\/\\\/gate21.ee\\\/\",\"logo\":{\"@type\":\"ImageObject\",\"inLanguage\":\"et\",\"@id\":\"https:\\\/\\\/gate21.ee\\\/#\\\/schema\\\/logo\\\/image\\\/\",\"url\":\"https:\\\/\\\/gate21.ee\\\/wp-content\\\/uploads\\\/2021\\\/11\\\/Gate_21_Logo_2_Valge.png\",\"contentUrl\":\"https:\\\/\\\/gate21.ee\\\/wp-content\\\/uploads\\\/2021\\\/11\\\/Gate_21_Logo_2_Valge.png\",\"width\":2560,\"height\":2560,\"caption\":\"Gate21\"},\"image\":{\"@id\":\"https:\\\/\\\/gate21.ee\\\/#\\\/schema\\\/logo\\\/image\\\/\"},\"sameAs\":[\"https:\\\/\\\/www.facebook.com\\\/gate21.ee\\\/\",\"https:\\\/\\\/www.instagram.com\\\/gate21.ee\\\/\",\"https:\\\/\\\/www.instagram.com\\\/omaasidesign\\\/\",\"https:\\\/\\\/www.instagram.com\\\/omaasi\\\/\",\"https:\\\/\\\/www.facebook.com\\\/omaasidesign\\\/\",\"https:\\\/\\\/www.facebook.com\\\/omaasilittleredhouse\\\/\",\"https:\\\/\\\/www.tiktok.com\\\/@gate21.ee\"]}]}<\/script>\n<!-- \/ Yoast SEO plugin. -->","yoast_head_json":{"title":"PUSSY - Ts\u00e4rk &#8226; Gate21","description":"\"Love a Cat\" cat panties - Start it with your game pick. Sneak up. He will resist on his own. Witty, provocative and comfy as hell.\u00a0You'll be surprised what this underwear can do!","robots":{"index":"index","follow":"follow","max-snippet":"max-snippet:-1","max-image-preview":"max-image-preview:large","max-video-preview":"max-video-preview:-1"},"canonical":"https:\/\/gate21.ee\/et\/shop\/pussy-tsark\/","og_locale":"et_EE","og_type":"article","og_title":"PUSSY - Ts\u00e4rk &#8226; Gate21","og_description":"\"Love a Cat\" cat panties - Start it with your game pick. Sneak up. He will resist on his own. Witty, provocative and comfy as hell.\u00a0You'll be surprised what this underwear can do!","og_url":"https:\/\/gate21.ee\/et\/shop\/pussy-tsark\/","og_site_name":"Gate21","article_publisher":"https:\/\/www.facebook.com\/gate21.ee\/","article_modified_time":"2026-03-21T16:31:11+00:00","og_image":[{"width":535,"height":446,"url":"https:\/\/gate21.ee\/wp-content\/uploads\/2025\/07\/Pussy-e1752845484693.webp","type":"image\/webp"}],"twitter_card":"summary_large_image","twitter_misc":{"Est. reading time":"1 minut"},"schema":{"@context":"https:\/\/schema.org","@graph":[{"@type":"WebPage","@id":"https:\/\/gate21.ee\/shop\/pussy-tsark\/","url":"https:\/\/gate21.ee\/shop\/pussy-tsark\/","name":"PUSSY - Ts\u00e4rk &#8226; Gate21","isPartOf":{"@id":"https:\/\/gate21.ee\/#website"},"primaryImageOfPage":{"@id":"https:\/\/gate21.ee\/shop\/pussy-tsark\/#primaryimage"},"image":{"@id":"https:\/\/gate21.ee\/shop\/pussy-tsark\/#primaryimage"},"thumbnailUrl":"https:\/\/gate21.ee\/wp-content\/uploads\/2025\/07\/Pussy-e1752845484693.webp","datePublished":"2025-07-18T13:29:00+00:00","dateModified":"2026-03-21T16:31:11+00:00","description":"\"Love a Cat\" cat panties - Start it with your game pick. Sneak up. He will resist on his own. Witty, provocative and comfy as hell.\u00a0You'll be surprised what this underwear can do!","breadcrumb":{"@id":"https:\/\/gate21.ee\/shop\/pussy-tsark\/#breadcrumb"},"inLanguage":"et","potentialAction":[{"@type":"ReadAction","target":["https:\/\/gate21.ee\/shop\/pussy-tsark\/"]}]},{"@type":"ImageObject","inLanguage":"et","@id":"https:\/\/gate21.ee\/shop\/pussy-tsark\/#primaryimage","url":"https:\/\/gate21.ee\/wp-content\/uploads\/2025\/07\/Pussy-e1752845484693.webp","contentUrl":"https:\/\/gate21.ee\/wp-content\/uploads\/2025\/07\/Pussy-e1752845484693.webp","width":535,"height":446,"caption":"A model poses against a plain brown background wearing the PUSSY - Ts\u00e4rk, a white T-shirt with black text, partially lifted to reveal blue underwear\u2014channelling the bold, edgy style of a Tallinn concept store. Gate21.ee"},{"@type":"BreadcrumbList","@id":"https:\/\/gate21.ee\/shop\/pussy-tsark\/#breadcrumb","itemListElement":[{"@type":"ListItem","position":1,"name":"Home","item":"https:\/\/gate21.ee\/"},{"@type":"ListItem","position":2,"name":"PUSSY &#8211; Ts\u00e4rk"}]},{"@type":"WebSite","@id":"https:\/\/gate21.ee\/#website","url":"https:\/\/gate21.ee\/","name":"Gate21","description":"Kingituskontseptsioonipood Gate21","publisher":{"@id":"https:\/\/gate21.ee\/#organization"},"alternateName":"gate21","potentialAction":[{"@type":"SearchAction","target":{"@type":"EntryPoint","urlTemplate":"https:\/\/gate21.ee\/?s={search_term_string}"},"query-input":{"@type":"PropertyValueSpecification","valueRequired":true,"valueName":"search_term_string"}}],"inLanguage":"et"},{"@type":"Organization","@id":"https:\/\/gate21.ee\/#organization","name":"Gate21","alternateName":"Gate21, Oma Asi and Oma Asi Design Store","url":"https:\/\/gate21.ee\/","logo":{"@type":"ImageObject","inLanguage":"et","@id":"https:\/\/gate21.ee\/#\/schema\/logo\/image\/","url":"https:\/\/gate21.ee\/wp-content\/uploads\/2021\/11\/Gate_21_Logo_2_Valge.png","contentUrl":"https:\/\/gate21.ee\/wp-content\/uploads\/2021\/11\/Gate_21_Logo_2_Valge.png","width":2560,"height":2560,"caption":"Gate21"},"image":{"@id":"https:\/\/gate21.ee\/#\/schema\/logo\/image\/"},"sameAs":["https:\/\/www.facebook.com\/gate21.ee\/","https:\/\/www.instagram.com\/gate21.ee\/","https:\/\/www.instagram.com\/omaasidesign\/","https:\/\/www.instagram.com\/omaasi\/","https:\/\/www.facebook.com\/omaasidesign\/","https:\/\/www.facebook.com\/omaasilittleredhouse\/","https:\/\/www.tiktok.com\/@gate21.ee"]}]}},"jetpack_sharing_enabled":true,"brands":[{"id":92,"name":"Lickstarter","slug":"lickstarter"}],"_links":{"self":[{"href":"https:\/\/gate21.ee\/et\/wp-json\/wp\/v2\/product\/222826","targetHints":{"allow":["GET"]}}],"collection":[{"href":"https:\/\/gate21.ee\/et\/wp-json\/wp\/v2\/product"}],"about":[{"href":"https:\/\/gate21.ee\/et\/wp-json\/wp\/v2\/types\/product"}],"replies":[{"embeddable":true,"href":"https:\/\/gate21.ee\/et\/wp-json\/wp\/v2\/comments?post=222826"}],"version-history":[{"count":3,"href":"https:\/\/gate21.ee\/et\/wp-json\/wp\/v2\/product\/222826\/revisions"}],"predecessor-version":[{"id":248704,"href":"https:\/\/gate21.ee\/et\/wp-json\/wp\/v2\/product\/222826\/revisions\/248704"}],"wp:featuredmedia":[{"embeddable":true,"href":"https:\/\/gate21.ee\/et\/wp-json\/wp\/v2\/media\/222831"}],"wp:attachment":[{"href":"https:\/\/gate21.ee\/et\/wp-json\/wp\/v2\/media?parent=222826"}],"wp:term":[{"taxonomy":"pwb-brand","embeddable":true,"href":"https:\/\/gate21.ee\/et\/wp-json\/wp\/v2\/pwb-brand?post=222826"},{"taxonomy":"product_brand","embeddable":true,"href":"https:\/\/gate21.ee\/et\/wp-json\/wp\/v2\/product_brand?post=222826"},{"taxonomy":"product_cat","embeddable":true,"href":"https:\/\/gate21.ee\/et\/wp-json\/wp\/v2\/product_cat?post=222826"},{"taxonomy":"product_tag","embeddable":true,"href":"https:\/\/gate21.ee\/et\/wp-json\/wp\/v2\/product_tag?post=222826"}],"curies":[{"name":"wp","href":"https:\/\/api.w.org\/{rel}","templated":true}]}}