{"id":219043,"date":"2025-06-28T20:41:00","date_gmt":"2025-06-28T17:41:00","guid":{"rendered":"https:\/\/gate21.ee\/?post_type=product&#038;p=219043"},"modified":"2026-04-14T18:06:00","modified_gmt":"2026-04-14T15:06:00","slug":"freddie-mercury-soap","status":"publish","type":"product","link":"https:\/\/gate21.ee\/et\/shop\/freddie-mercury-soap\/","title":{"rendered":"Freddie Mercury \u2013 Seep"},"content":{"rendered":"<p>Kas tavaline seep j\u00e4tab teie vannitoa igavaks? Tee oma valamu v\u00f5i vann huvitavaks nende nutikate v\u00e4ikeste seebidega!<\/p>\n<p>L\u00f5hnastamata 56g<\/p>\n<p>&nbsp;<\/p>\n<p><a href=\"https:\/\/philosophersguild.com\/\"><img decoding=\"async\" class=\"size-medium wp-image-219001 aligncenter\" src=\"https:\/\/gate21.ee\/wp-content\/uploads\/2025\/06\/upglogo-twoline_ca9bb66c-df51-4cd3-8c4f-97b294c398ad-300x65.png\" alt=\"\" width=\"300\" height=\"65\" srcset=\"https:\/\/gate21.ee\/wp-content\/uploads\/2025\/06\/upglogo-twoline_ca9bb66c-df51-4cd3-8c4f-97b294c398ad-300x65.png 300w, https:\/\/gate21.ee\/wp-content\/uploads\/2025\/06\/upglogo-twoline_ca9bb66c-df51-4cd3-8c4f-97b294c398ad-18x4.png 18w, https:\/\/gate21.ee\/wp-content\/uploads\/2025\/06\/upglogo-twoline_ca9bb66c-df51-4cd3-8c4f-97b294c398ad.png 420w\" sizes=\"(max-width: 300px) 100vw, 300px\" \/><\/a><\/p>\n<p>&nbsp;<\/p>\n<p>Noh, mitte k\u00f5ik ei v\u00f5tnud neid kassandrasid s\u00fcdamesse ja tuhast, nagu peeniks t\u00f5usis \u00fcles <a href=\"https:\/\/gate21.ee\/et\/brand\/unemployed_philosphers_guild\/\">T\u00f6\u00f6tute filosoofide gildi<\/a>. Meie elevandiluutornis ei ole me veel avastanud olemise esimesi p\u00f5him\u00f5tteid (kuigi me n\u00f5ustume, et maailm on vesine), kuid me oleme avastanud, et inimestele n\u00e4ib t\u00f5esti meeldivat, et meie kultuuri hiiglased on taandatud v\u00e4ikesteks s\u00f5rmenukkideks, kruusideks ja vaimukateks naljadeks.<\/p>\n<p>Hoolimata sellest, mida te v\u00f5ite arvata, m\u00f5tleme s\u00fcgavalt asjadele, mida me teeme, ja objektidele, mida me siia maailma toome, ning piisab, kui \u00f6elda, et me oleme uhked, et suudame tuua filosoofia tagasi Thalesi aegadesse, mil filosoof v\u00f5is m\u00f5ne hullumeelse ideega elatist teenida ja maailma paremaks muuta. Kuidas me seda teeme? Ma ei tea. Me lihtsalt teeme seda.<\/p>","protected":false},"excerpt":{"rendered":"<p>Does ordinary soap leave your bathroom dull? Make your sink or tub interesting with these smart little soaps! Unscented 56g &nbsp; &nbsp; Well, not everyone took those Cassandras to heart and out of the ashes, like a phoenix rose the Unemployed Philosophers Guild. In our Ivory Tower we haven\u2019t yet discovered the first principles of [&hellip;]<\/p>\n","protected":false},"featured_media":219038,"comment_status":"closed","ping_status":"closed","template":"","meta":{"site-sidebar-layout":"default","site-content-layout":"","ast-site-content-layout":"default","site-content-style":"default","site-sidebar-style":"default","ast-global-header-display":"","ast-banner-title-visibility":"","ast-main-header-display":"","ast-hfb-above-header-display":"","ast-hfb-below-header-display":"","ast-hfb-mobile-header-display":"","site-post-title":"","ast-breadcrumbs-content":"","ast-featured-img":"","footer-sml-layout":"","ast-disable-related-posts":"","theme-transparent-header-meta":"default","adv-header-id-meta":"","stick-header-meta":"default","header-above-stick-meta":"","header-main-stick-meta":"","header-below-stick-meta":"","astra-migrate-meta-layouts":"set","ast-page-background-enabled":"default","ast-page-background-meta":{"desktop":{"background-color":"","background-image":"","background-repeat":"repeat","background-position":"center center","background-size":"auto","background-attachment":"scroll","background-type":"","background-media":"","overlay-type":"","overlay-color":"","overlay-opacity":"","overlay-gradient":""},"tablet":{"background-color":"","background-image":"","background-repeat":"repeat","background-position":"center center","background-size":"auto","background-attachment":"scroll","background-type":"","background-media":"","overlay-type":"","overlay-color":"","overlay-opacity":"","overlay-gradient":""},"mobile":{"background-color":"","background-image":"","background-repeat":"repeat","background-position":"center center","background-size":"auto","background-attachment":"scroll","background-type":"","background-media":"","overlay-type":"","overlay-color":"","overlay-opacity":"","overlay-gradient":""}},"ast-content-background-meta":{"desktop":{"background-color":"var(--ast-global-color-5)","background-image":"","background-repeat":"repeat","background-position":"center center","background-size":"auto","background-attachment":"scroll","background-type":"","background-media":"","overlay-type":"","overlay-color":"","overlay-opacity":"","overlay-gradient":""},"tablet":{"background-color":"var(--ast-global-color-5)","background-image":"","background-repeat":"repeat","background-position":"center center","background-size":"auto","background-attachment":"scroll","background-type":"","background-media":"","overlay-type":"","overlay-color":"","overlay-opacity":"","overlay-gradient":""},"mobile":{"background-color":"var(--ast-global-color-5)","background-image":"","background-repeat":"repeat","background-position":"center center","background-size":"auto","background-attachment":"scroll","background-type":"","background-media":"","overlay-type":"","overlay-color":"","overlay-opacity":"","overlay-gradient":""}}},"pwb-brand":[627],"product_brand":[],"product_cat":[55,650],"product_tag":[],"class_list":{"0":"post-219043","1":"product","2":"type-product","3":"status-publish","4":"has-post-thumbnail","6":"pwb-brand-unemployed_philosphers_guild","7":"product_cat-cosmetics","8":"product_cat-soaps","9":"desktop-align-center","10":"tablet-align-center","11":"mobile-align-center","12":"ast-product-gallery-layout-vertical","13":"ast-product-tabs-layout-horizontal","15":"first","16":"instock","17":"taxable","18":"shipping-taxable","19":"purchasable","20":"product-type-simple"},"yoast_head":"<!-- This site is optimized with the Yoast SEO plugin v27.4 - https:\/\/yoast.com\/product\/yoast-seo-wordpress\/ -->\n<title>Freddie Mercury - Soap &#8226; Gate21<\/title>\n<meta name=\"robots\" content=\"index, follow, max-snippet:-1, max-image-preview:large, max-video-preview:-1\" \/>\n<link rel=\"canonical\" href=\"https:\/\/gate21.ee\/et\/shop\/freddie-mercury-soap\/\" \/>\n<meta property=\"og:locale\" content=\"et_EE\" \/>\n<meta property=\"og:type\" content=\"article\" \/>\n<meta property=\"og:title\" content=\"Freddie Mercury - Soap &#8226; Gate21\" \/>\n<meta property=\"og:description\" content=\"Does ordinary soap leave your bathroom dull? Make your sink or tub interesting with these smart little soaps! Unscented 56g &nbsp; &nbsp; Well, not everyone took those Cassandras to heart and out of the ashes, like a phoenix rose the Unemployed Philosophers Guild. In our Ivory Tower we haven\u2019t yet discovered the first principles of [&hellip;]\" \/>\n<meta property=\"og:url\" content=\"https:\/\/gate21.ee\/et\/shop\/freddie-mercury-soap\/\" \/>\n<meta property=\"og:site_name\" content=\"Gate21\" \/>\n<meta property=\"article:publisher\" content=\"https:\/\/www.facebook.com\/gate21.ee\/\" \/>\n<meta property=\"article:modified_time\" content=\"2026-04-14T15:06:00+00:00\" \/>\n<meta property=\"og:image\" content=\"https:\/\/gate21.ee\/wp-content\/uploads\/2025\/06\/we-will-wash-you-soap.jpg\" \/>\n\t<meta property=\"og:image:width\" content=\"2339\" \/>\n\t<meta property=\"og:image:height\" content=\"1821\" \/>\n\t<meta property=\"og:image:type\" content=\"image\/jpeg\" \/>\n<meta name=\"twitter:card\" content=\"summary_large_image\" \/>\n<meta name=\"twitter:label1\" content=\"Est. reading time\" \/>\n\t<meta name=\"twitter:data1\" content=\"2 minutit\" \/>\n<script type=\"application\/ld+json\" class=\"yoast-schema-graph\">{\"@context\":\"https:\\\/\\\/schema.org\",\"@graph\":[{\"@type\":\"WebPage\",\"@id\":\"https:\\\/\\\/gate21.ee\\\/shop\\\/freddie-mercury-soap\\\/\",\"url\":\"https:\\\/\\\/gate21.ee\\\/shop\\\/freddie-mercury-soap\\\/\",\"name\":\"Freddie Mercury - Soap &#8226; Gate21\",\"isPartOf\":{\"@id\":\"https:\\\/\\\/gate21.ee\\\/#website\"},\"primaryImageOfPage\":{\"@id\":\"https:\\\/\\\/gate21.ee\\\/shop\\\/freddie-mercury-soap\\\/#primaryimage\"},\"image\":{\"@id\":\"https:\\\/\\\/gate21.ee\\\/shop\\\/freddie-mercury-soap\\\/#primaryimage\"},\"thumbnailUrl\":\"https:\\\/\\\/gate21.ee\\\/wp-content\\\/uploads\\\/2025\\\/06\\\/we-will-wash-you-soap.jpg\",\"datePublished\":\"2025-06-28T17:41:00+00:00\",\"dateModified\":\"2026-04-14T15:06:00+00:00\",\"breadcrumb\":{\"@id\":\"https:\\\/\\\/gate21.ee\\\/shop\\\/freddie-mercury-soap\\\/#breadcrumb\"},\"inLanguage\":\"et\",\"potentialAction\":[{\"@type\":\"ReadAction\",\"target\":[\"https:\\\/\\\/gate21.ee\\\/shop\\\/freddie-mercury-soap\\\/\"]}]},{\"@type\":\"ImageObject\",\"inLanguage\":\"et\",\"@id\":\"https:\\\/\\\/gate21.ee\\\/shop\\\/freddie-mercury-soap\\\/#primaryimage\",\"url\":\"https:\\\/\\\/gate21.ee\\\/wp-content\\\/uploads\\\/2025\\\/06\\\/we-will-wash-you-soap.jpg\",\"contentUrl\":\"https:\\\/\\\/gate21.ee\\\/wp-content\\\/uploads\\\/2025\\\/06\\\/we-will-wash-you-soap.jpg\",\"width\":2339,\"height\":1821,\"caption\":\"A yellow and black \\\"Trump - Soap\\\" box with a man singing into a showerhead. Great for Tallinn shoppers or Estonian design fans, it says \u201cWE WILL WASH YOU,\u201d with sides reading \u201cGETS YOU SQUEAKY-QUEEN!\u201d and \u201cSTAMP CLEAN.\u201d. Gate21.ee\"},{\"@type\":\"BreadcrumbList\",\"@id\":\"https:\\\/\\\/gate21.ee\\\/shop\\\/freddie-mercury-soap\\\/#breadcrumb\",\"itemListElement\":[{\"@type\":\"ListItem\",\"position\":1,\"name\":\"Home\",\"item\":\"https:\\\/\\\/gate21.ee\\\/\"},{\"@type\":\"ListItem\",\"position\":2,\"name\":\"Freddie Mercury &#8211; Soap\"}]},{\"@type\":\"WebSite\",\"@id\":\"https:\\\/\\\/gate21.ee\\\/#website\",\"url\":\"https:\\\/\\\/gate21.ee\\\/\",\"name\":\"Gate21\",\"description\":\"Gift concept store Gate21\",\"publisher\":{\"@id\":\"https:\\\/\\\/gate21.ee\\\/#organization\"},\"alternateName\":\"gate21\",\"potentialAction\":[{\"@type\":\"SearchAction\",\"target\":{\"@type\":\"EntryPoint\",\"urlTemplate\":\"https:\\\/\\\/gate21.ee\\\/?s={search_term_string}\"},\"query-input\":{\"@type\":\"PropertyValueSpecification\",\"valueRequired\":true,\"valueName\":\"search_term_string\"}}],\"inLanguage\":\"et\"},{\"@type\":\"Organization\",\"@id\":\"https:\\\/\\\/gate21.ee\\\/#organization\",\"name\":\"Gate21\",\"alternateName\":\"Gate21, Oma Asi and Oma Asi Design Store\",\"url\":\"https:\\\/\\\/gate21.ee\\\/\",\"logo\":{\"@type\":\"ImageObject\",\"inLanguage\":\"et\",\"@id\":\"https:\\\/\\\/gate21.ee\\\/#\\\/schema\\\/logo\\\/image\\\/\",\"url\":\"https:\\\/\\\/gate21.ee\\\/wp-content\\\/uploads\\\/2021\\\/11\\\/Gate_21_Logo_2_Valge.png\",\"contentUrl\":\"https:\\\/\\\/gate21.ee\\\/wp-content\\\/uploads\\\/2021\\\/11\\\/Gate_21_Logo_2_Valge.png\",\"width\":2560,\"height\":2560,\"caption\":\"Gate21\"},\"image\":{\"@id\":\"https:\\\/\\\/gate21.ee\\\/#\\\/schema\\\/logo\\\/image\\\/\"},\"sameAs\":[\"https:\\\/\\\/www.facebook.com\\\/gate21.ee\\\/\",\"https:\\\/\\\/www.instagram.com\\\/gate21.ee\\\/\",\"https:\\\/\\\/www.instagram.com\\\/omaasidesign\\\/\",\"https:\\\/\\\/www.instagram.com\\\/omaasi\\\/\",\"https:\\\/\\\/www.facebook.com\\\/omaasidesign\\\/\",\"https:\\\/\\\/www.facebook.com\\\/omaasilittleredhouse\\\/\",\"https:\\\/\\\/www.tiktok.com\\\/@gate21.ee\"]}]}<\/script>\n<!-- \/ Yoast SEO plugin. -->","yoast_head_json":{"title":"Freddie Mercury - Soap &#8226; Gate21","robots":{"index":"index","follow":"follow","max-snippet":"max-snippet:-1","max-image-preview":"max-image-preview:large","max-video-preview":"max-video-preview:-1"},"canonical":"https:\/\/gate21.ee\/et\/shop\/freddie-mercury-soap\/","og_locale":"et_EE","og_type":"article","og_title":"Freddie Mercury - Soap &#8226; Gate21","og_description":"Does ordinary soap leave your bathroom dull? Make your sink or tub interesting with these smart little soaps! Unscented 56g &nbsp; &nbsp; Well, not everyone took those Cassandras to heart and out of the ashes, like a phoenix rose the Unemployed Philosophers Guild. In our Ivory Tower we haven\u2019t yet discovered the first principles of [&hellip;]","og_url":"https:\/\/gate21.ee\/et\/shop\/freddie-mercury-soap\/","og_site_name":"Gate21","article_publisher":"https:\/\/www.facebook.com\/gate21.ee\/","article_modified_time":"2026-04-14T15:06:00+00:00","og_image":[{"width":2339,"height":1821,"url":"https:\/\/gate21.ee\/wp-content\/uploads\/2025\/06\/we-will-wash-you-soap.jpg","type":"image\/jpeg"}],"twitter_card":"summary_large_image","twitter_misc":{"Est. reading time":"2 minutit"},"schema":{"@context":"https:\/\/schema.org","@graph":[{"@type":"WebPage","@id":"https:\/\/gate21.ee\/shop\/freddie-mercury-soap\/","url":"https:\/\/gate21.ee\/shop\/freddie-mercury-soap\/","name":"Freddie Mercury - Soap &#8226; Gate21","isPartOf":{"@id":"https:\/\/gate21.ee\/#website"},"primaryImageOfPage":{"@id":"https:\/\/gate21.ee\/shop\/freddie-mercury-soap\/#primaryimage"},"image":{"@id":"https:\/\/gate21.ee\/shop\/freddie-mercury-soap\/#primaryimage"},"thumbnailUrl":"https:\/\/gate21.ee\/wp-content\/uploads\/2025\/06\/we-will-wash-you-soap.jpg","datePublished":"2025-06-28T17:41:00+00:00","dateModified":"2026-04-14T15:06:00+00:00","breadcrumb":{"@id":"https:\/\/gate21.ee\/shop\/freddie-mercury-soap\/#breadcrumb"},"inLanguage":"et","potentialAction":[{"@type":"ReadAction","target":["https:\/\/gate21.ee\/shop\/freddie-mercury-soap\/"]}]},{"@type":"ImageObject","inLanguage":"et","@id":"https:\/\/gate21.ee\/shop\/freddie-mercury-soap\/#primaryimage","url":"https:\/\/gate21.ee\/wp-content\/uploads\/2025\/06\/we-will-wash-you-soap.jpg","contentUrl":"https:\/\/gate21.ee\/wp-content\/uploads\/2025\/06\/we-will-wash-you-soap.jpg","width":2339,"height":1821,"caption":"A yellow and black \"Trump - Soap\" box with a man singing into a showerhead. Great for Tallinn shoppers or Estonian design fans, it says \u201cWE WILL WASH YOU,\u201d with sides reading \u201cGETS YOU SQUEAKY-QUEEN!\u201d and \u201cSTAMP CLEAN.\u201d. Gate21.ee"},{"@type":"BreadcrumbList","@id":"https:\/\/gate21.ee\/shop\/freddie-mercury-soap\/#breadcrumb","itemListElement":[{"@type":"ListItem","position":1,"name":"Home","item":"https:\/\/gate21.ee\/"},{"@type":"ListItem","position":2,"name":"Freddie Mercury &#8211; Soap"}]},{"@type":"WebSite","@id":"https:\/\/gate21.ee\/#website","url":"https:\/\/gate21.ee\/","name":"Gate21","description":"Kingituskontseptsioonipood Gate21","publisher":{"@id":"https:\/\/gate21.ee\/#organization"},"alternateName":"gate21","potentialAction":[{"@type":"SearchAction","target":{"@type":"EntryPoint","urlTemplate":"https:\/\/gate21.ee\/?s={search_term_string}"},"query-input":{"@type":"PropertyValueSpecification","valueRequired":true,"valueName":"search_term_string"}}],"inLanguage":"et"},{"@type":"Organization","@id":"https:\/\/gate21.ee\/#organization","name":"Gate21","alternateName":"Gate21, Oma Asi and Oma Asi Design Store","url":"https:\/\/gate21.ee\/","logo":{"@type":"ImageObject","inLanguage":"et","@id":"https:\/\/gate21.ee\/#\/schema\/logo\/image\/","url":"https:\/\/gate21.ee\/wp-content\/uploads\/2021\/11\/Gate_21_Logo_2_Valge.png","contentUrl":"https:\/\/gate21.ee\/wp-content\/uploads\/2021\/11\/Gate_21_Logo_2_Valge.png","width":2560,"height":2560,"caption":"Gate21"},"image":{"@id":"https:\/\/gate21.ee\/#\/schema\/logo\/image\/"},"sameAs":["https:\/\/www.facebook.com\/gate21.ee\/","https:\/\/www.instagram.com\/gate21.ee\/","https:\/\/www.instagram.com\/omaasidesign\/","https:\/\/www.instagram.com\/omaasi\/","https:\/\/www.facebook.com\/omaasidesign\/","https:\/\/www.facebook.com\/omaasilittleredhouse\/","https:\/\/www.tiktok.com\/@gate21.ee"]}]}},"jetpack_sharing_enabled":true,"brands":[{"id":627,"name":"Unemployed Philosphers Guild","slug":"unemployed_philosphers_guild"}],"_links":{"self":[{"href":"https:\/\/gate21.ee\/et\/wp-json\/wp\/v2\/product\/219043","targetHints":{"allow":["GET"]}}],"collection":[{"href":"https:\/\/gate21.ee\/et\/wp-json\/wp\/v2\/product"}],"about":[{"href":"https:\/\/gate21.ee\/et\/wp-json\/wp\/v2\/types\/product"}],"replies":[{"embeddable":true,"href":"https:\/\/gate21.ee\/et\/wp-json\/wp\/v2\/comments?post=219043"}],"version-history":[{"count":3,"href":"https:\/\/gate21.ee\/et\/wp-json\/wp\/v2\/product\/219043\/revisions"}],"predecessor-version":[{"id":248509,"href":"https:\/\/gate21.ee\/et\/wp-json\/wp\/v2\/product\/219043\/revisions\/248509"}],"wp:featuredmedia":[{"embeddable":true,"href":"https:\/\/gate21.ee\/et\/wp-json\/wp\/v2\/media\/219038"}],"wp:attachment":[{"href":"https:\/\/gate21.ee\/et\/wp-json\/wp\/v2\/media?parent=219043"}],"wp:term":[{"taxonomy":"pwb-brand","embeddable":true,"href":"https:\/\/gate21.ee\/et\/wp-json\/wp\/v2\/pwb-brand?post=219043"},{"taxonomy":"product_brand","embeddable":true,"href":"https:\/\/gate21.ee\/et\/wp-json\/wp\/v2\/product_brand?post=219043"},{"taxonomy":"product_cat","embeddable":true,"href":"https:\/\/gate21.ee\/et\/wp-json\/wp\/v2\/product_cat?post=219043"},{"taxonomy":"product_tag","embeddable":true,"href":"https:\/\/gate21.ee\/et\/wp-json\/wp\/v2\/product_tag?post=219043"}],"curies":[{"name":"wp","href":"https:\/\/api.w.org\/{rel}","templated":true}]}}