{"id":218997,"date":"2025-06-28T20:14:00","date_gmt":"2025-06-28T17:14:00","guid":{"rendered":"https:\/\/gate21.ee\/?post_type=product&#038;p=218997"},"modified":"2026-04-10T13:28:32","modified_gmt":"2026-04-10T10:28:32","slug":"fowl-dish-towel","status":"publish","type":"product","link":"https:\/\/gate21.ee\/et\/shop\/fowl-dish-towel\/","title":{"rendered":"K\u00f6\u00f6gi\u00f5nnetused - K\u00f6\u00f6gir\u00e4tik"},"content":{"rendered":"<p>Veeta aega k\u00f6\u00f6gi \u00f5nnetustega\u00a0<a href=\"https:\/\/gate21.ee\/et\/tootekategooria\/home\/fabrics\/\">n\u00f5udepesur\u00e4tik<\/a> - enne kui pead teadma, et sinu esmaabioskused on roostes ja tulekustuti aegunud.<\/p>\n<p>\u00d5nnetusi juhtub. See k\u00e4ep\u00e4rane n\u00f5udepesu n\u00e4itab, kuidas nendega toime tulla.<\/p>\n<p>45cm x 65cm puuvillast 100%<\/p>\n<p><a href=\"https:\/\/philosophersguild.com\/\"><img decoding=\"async\" class=\"size-medium wp-image-219001 aligncenter\" src=\"https:\/\/gate21.ee\/wp-content\/uploads\/2025\/06\/upglogo-twoline_ca9bb66c-df51-4cd3-8c4f-97b294c398ad-300x65.png\" alt=\"\" width=\"300\" height=\"65\" srcset=\"https:\/\/gate21.ee\/wp-content\/uploads\/2025\/06\/upglogo-twoline_ca9bb66c-df51-4cd3-8c4f-97b294c398ad-300x65.png 300w, https:\/\/gate21.ee\/wp-content\/uploads\/2025\/06\/upglogo-twoline_ca9bb66c-df51-4cd3-8c4f-97b294c398ad-18x4.png 18w, https:\/\/gate21.ee\/wp-content\/uploads\/2025\/06\/upglogo-twoline_ca9bb66c-df51-4cd3-8c4f-97b294c398ad.png 420w\" sizes=\"(max-width: 300px) 100vw, 300px\" \/><\/a><\/p>\n<p>&nbsp;<\/p>\n<p>Noh, mitte k\u00f5ik ei v\u00f5tnud neid kassandrasid s\u00fcdamesse ja tuhast, nagu peeniks t\u00f5usis \u00fcles <a href=\"https:\/\/gate21.ee\/et\/brand\/unemployed_philosphers_guild\/\">T\u00f6\u00f6tute filosoofide gildi<\/a>. Meie elevandiluutornis ei ole me veel avastanud olemise esimesi p\u00f5him\u00f5tteid (kuigi me n\u00f5ustume, et maailm on vesine), kuid me oleme avastanud, et inimestele n\u00e4ib t\u00f5esti meeldivat, et meie kultuuri hiiglased on taandatud v\u00e4ikesteks s\u00f5rmenukkideks, kruusideks ja vaimukateks naljadeks.<\/p>\n<p>Hoolimata sellest, mida te v\u00f5ite arvata, m\u00f5tleme s\u00fcgavalt asjadele, mida me teeme, ja objektidele, mida me siia maailma toome, ning piisab, kui \u00f6elda, et me oleme uhked, et suudame tuua filosoofia tagasi Thalesi aegadesse, mil filosoof v\u00f5is m\u00f5ne hullumeelse ideega elatist teenida ja maailma paremaks muuta. Kuidas me seda teeme? Ma ei tea. Me lihtsalt teeme seda.<\/p>","protected":false},"excerpt":{"rendered":"<p>Spend time with the\u00a0Kitchen Accidents\u00a0dish towel &#8211; before you need to know your first aid skills are rusty and the fire extinguisher expired. Accidents happen. This handy dish towel shows you how to contend with them. 45cm x 65cm of 100% cotton &nbsp; Well, not everyone took those Cassandras to heart and out of the [&hellip;]<\/p>\n","protected":false},"featured_media":219003,"comment_status":"closed","ping_status":"closed","template":"","meta":{"site-sidebar-layout":"default","site-content-layout":"","ast-site-content-layout":"default","site-content-style":"default","site-sidebar-style":"default","ast-global-header-display":"","ast-banner-title-visibility":"","ast-main-header-display":"","ast-hfb-above-header-display":"","ast-hfb-below-header-display":"","ast-hfb-mobile-header-display":"","site-post-title":"","ast-breadcrumbs-content":"","ast-featured-img":"","footer-sml-layout":"","ast-disable-related-posts":"","theme-transparent-header-meta":"default","adv-header-id-meta":"","stick-header-meta":"default","header-above-stick-meta":"","header-main-stick-meta":"","header-below-stick-meta":"","astra-migrate-meta-layouts":"set","ast-page-background-enabled":"default","ast-page-background-meta":{"desktop":{"background-color":"","background-image":"","background-repeat":"repeat","background-position":"center center","background-size":"auto","background-attachment":"scroll","background-type":"","background-media":"","overlay-type":"","overlay-color":"","overlay-opacity":"","overlay-gradient":""},"tablet":{"background-color":"","background-image":"","background-repeat":"repeat","background-position":"center center","background-size":"auto","background-attachment":"scroll","background-type":"","background-media":"","overlay-type":"","overlay-color":"","overlay-opacity":"","overlay-gradient":""},"mobile":{"background-color":"","background-image":"","background-repeat":"repeat","background-position":"center center","background-size":"auto","background-attachment":"scroll","background-type":"","background-media":"","overlay-type":"","overlay-color":"","overlay-opacity":"","overlay-gradient":""}},"ast-content-background-meta":{"desktop":{"background-color":"var(--ast-global-color-5)","background-image":"","background-repeat":"repeat","background-position":"center center","background-size":"auto","background-attachment":"scroll","background-type":"","background-media":"","overlay-type":"","overlay-color":"","overlay-opacity":"","overlay-gradient":""},"tablet":{"background-color":"var(--ast-global-color-5)","background-image":"","background-repeat":"repeat","background-position":"center center","background-size":"auto","background-attachment":"scroll","background-type":"","background-media":"","overlay-type":"","overlay-color":"","overlay-opacity":"","overlay-gradient":""},"mobile":{"background-color":"var(--ast-global-color-5)","background-image":"","background-repeat":"repeat","background-position":"center center","background-size":"auto","background-attachment":"scroll","background-type":"","background-media":"","overlay-type":"","overlay-color":"","overlay-opacity":"","overlay-gradient":""}}},"pwb-brand":[627],"product_brand":[],"product_cat":[221,218],"product_tag":[],"class_list":{"0":"post-218997","1":"product","2":"type-product","3":"status-publish","4":"has-post-thumbnail","6":"pwb-brand-unemployed_philosphers_guild","7":"product_cat-fabrics","8":"product_cat-home","9":"desktop-align-center","10":"tablet-align-center","11":"mobile-align-center","12":"ast-product-gallery-layout-vertical","13":"ast-product-tabs-layout-horizontal","15":"first","16":"instock","17":"taxable","18":"shipping-taxable","19":"purchasable","20":"product-type-simple"},"yoast_head":"<!-- This site is optimized with the Yoast SEO plugin v27.4 - https:\/\/yoast.com\/product\/yoast-seo-wordpress\/ -->\n<title>Kitchen Accidents - Dish Towel &#8226; Gate21<\/title>\n<meta name=\"robots\" content=\"index, follow, max-snippet:-1, max-image-preview:large, max-video-preview:-1\" \/>\n<link rel=\"canonical\" href=\"https:\/\/gate21.ee\/et\/shop\/fowl-dish-towel\/\" \/>\n<meta property=\"og:locale\" content=\"et_EE\" \/>\n<meta property=\"og:type\" content=\"article\" \/>\n<meta property=\"og:title\" content=\"Kitchen Accidents - Dish Towel &#8226; Gate21\" \/>\n<meta property=\"og:description\" content=\"Spend time with the\u00a0Kitchen Accidents\u00a0dish towel &#8211; before you need to know your first aid skills are rusty and the fire extinguisher expired. Accidents happen. This handy dish towel shows you how to contend with them. 45cm x 65cm of 100% cotton &nbsp; Well, not everyone took those Cassandras to heart and out of the [&hellip;]\" \/>\n<meta property=\"og:url\" content=\"https:\/\/gate21.ee\/et\/shop\/fowl-dish-towel\/\" \/>\n<meta property=\"og:site_name\" content=\"Gate21\" \/>\n<meta property=\"article:publisher\" content=\"https:\/\/www.facebook.com\/gate21.ee\/\" \/>\n<meta property=\"article:modified_time\" content=\"2026-04-10T10:28:32+00:00\" \/>\n<meta property=\"og:image\" content=\"https:\/\/gate21.ee\/wp-content\/uploads\/2025\/06\/KitchenAccidents_towel-5842-scaled.webp\" \/>\n\t<meta property=\"og:image:width\" content=\"1758\" \/>\n\t<meta property=\"og:image:height\" content=\"2560\" \/>\n\t<meta property=\"og:image:type\" content=\"image\/webp\" \/>\n<meta name=\"twitter:card\" content=\"summary_large_image\" \/>\n<meta name=\"twitter:label1\" content=\"Est. reading time\" \/>\n\t<meta name=\"twitter:data1\" content=\"2 minutit\" \/>\n<script type=\"application\/ld+json\" class=\"yoast-schema-graph\">{\"@context\":\"https:\\\/\\\/schema.org\",\"@graph\":[{\"@type\":\"WebPage\",\"@id\":\"https:\\\/\\\/gate21.ee\\\/shop\\\/fowl-dish-towel\\\/\",\"url\":\"https:\\\/\\\/gate21.ee\\\/shop\\\/fowl-dish-towel\\\/\",\"name\":\"Kitchen Accidents - Dish Towel &#8226; Gate21\",\"isPartOf\":{\"@id\":\"https:\\\/\\\/gate21.ee\\\/#website\"},\"primaryImageOfPage\":{\"@id\":\"https:\\\/\\\/gate21.ee\\\/shop\\\/fowl-dish-towel\\\/#primaryimage\"},\"image\":{\"@id\":\"https:\\\/\\\/gate21.ee\\\/shop\\\/fowl-dish-towel\\\/#primaryimage\"},\"thumbnailUrl\":\"https:\\\/\\\/gate21.ee\\\/wp-content\\\/uploads\\\/2025\\\/06\\\/KitchenAccidents_towel-5842-scaled.webp\",\"datePublished\":\"2025-06-28T17:14:00+00:00\",\"dateModified\":\"2026-04-10T10:28:32+00:00\",\"breadcrumb\":{\"@id\":\"https:\\\/\\\/gate21.ee\\\/shop\\\/fowl-dish-towel\\\/#breadcrumb\"},\"inLanguage\":\"et\",\"potentialAction\":[{\"@type\":\"ReadAction\",\"target\":[\"https:\\\/\\\/gate21.ee\\\/shop\\\/fowl-dish-towel\\\/\"]}]},{\"@type\":\"ImageObject\",\"inLanguage\":\"et\",\"@id\":\"https:\\\/\\\/gate21.ee\\\/shop\\\/fowl-dish-towel\\\/#primaryimage\",\"url\":\"https:\\\/\\\/gate21.ee\\\/wp-content\\\/uploads\\\/2025\\\/06\\\/KitchenAccidents_towel-5842-scaled.webp\",\"contentUrl\":\"https:\\\/\\\/gate21.ee\\\/wp-content\\\/uploads\\\/2025\\\/06\\\/KitchenAccidents_towel-5842-scaled.webp\",\"width\":1758,\"height\":2560,\"caption\":\"The \\\"Kitchen Accidents - Dish Towel\\\" features an Estonian-inspired diagram with colour-coded sections, text boxes, and safety tips illustrating causes and effects of burns, cuts, fires, slips, chilli burns, and broken glass. Gate21.ee\"},{\"@type\":\"BreadcrumbList\",\"@id\":\"https:\\\/\\\/gate21.ee\\\/shop\\\/fowl-dish-towel\\\/#breadcrumb\",\"itemListElement\":[{\"@type\":\"ListItem\",\"position\":1,\"name\":\"Home\",\"item\":\"https:\\\/\\\/gate21.ee\\\/\"},{\"@type\":\"ListItem\",\"position\":2,\"name\":\"Kitchen Accidents &#8211; Dish Towel\"}]},{\"@type\":\"WebSite\",\"@id\":\"https:\\\/\\\/gate21.ee\\\/#website\",\"url\":\"https:\\\/\\\/gate21.ee\\\/\",\"name\":\"Gate21\",\"description\":\"Gift concept store Gate21\",\"publisher\":{\"@id\":\"https:\\\/\\\/gate21.ee\\\/#organization\"},\"alternateName\":\"gate21\",\"potentialAction\":[{\"@type\":\"SearchAction\",\"target\":{\"@type\":\"EntryPoint\",\"urlTemplate\":\"https:\\\/\\\/gate21.ee\\\/?s={search_term_string}\"},\"query-input\":{\"@type\":\"PropertyValueSpecification\",\"valueRequired\":true,\"valueName\":\"search_term_string\"}}],\"inLanguage\":\"et\"},{\"@type\":\"Organization\",\"@id\":\"https:\\\/\\\/gate21.ee\\\/#organization\",\"name\":\"Gate21\",\"alternateName\":\"Gate21, Oma Asi and Oma Asi Design Store\",\"url\":\"https:\\\/\\\/gate21.ee\\\/\",\"logo\":{\"@type\":\"ImageObject\",\"inLanguage\":\"et\",\"@id\":\"https:\\\/\\\/gate21.ee\\\/#\\\/schema\\\/logo\\\/image\\\/\",\"url\":\"https:\\\/\\\/gate21.ee\\\/wp-content\\\/uploads\\\/2021\\\/11\\\/Gate_21_Logo_2_Valge.png\",\"contentUrl\":\"https:\\\/\\\/gate21.ee\\\/wp-content\\\/uploads\\\/2021\\\/11\\\/Gate_21_Logo_2_Valge.png\",\"width\":2560,\"height\":2560,\"caption\":\"Gate21\"},\"image\":{\"@id\":\"https:\\\/\\\/gate21.ee\\\/#\\\/schema\\\/logo\\\/image\\\/\"},\"sameAs\":[\"https:\\\/\\\/www.facebook.com\\\/gate21.ee\\\/\",\"https:\\\/\\\/www.instagram.com\\\/gate21.ee\\\/\",\"https:\\\/\\\/www.instagram.com\\\/omaasidesign\\\/\",\"https:\\\/\\\/www.instagram.com\\\/omaasi\\\/\",\"https:\\\/\\\/www.facebook.com\\\/omaasidesign\\\/\",\"https:\\\/\\\/www.facebook.com\\\/omaasilittleredhouse\\\/\",\"https:\\\/\\\/www.tiktok.com\\\/@gate21.ee\"]}]}<\/script>\n<!-- \/ Yoast SEO plugin. -->","yoast_head_json":{"title":"Kitchen Accidents - Dish Towel &#8226; Gate21","robots":{"index":"index","follow":"follow","max-snippet":"max-snippet:-1","max-image-preview":"max-image-preview:large","max-video-preview":"max-video-preview:-1"},"canonical":"https:\/\/gate21.ee\/et\/shop\/fowl-dish-towel\/","og_locale":"et_EE","og_type":"article","og_title":"Kitchen Accidents - Dish Towel &#8226; Gate21","og_description":"Spend time with the\u00a0Kitchen Accidents\u00a0dish towel &#8211; before you need to know your first aid skills are rusty and the fire extinguisher expired. Accidents happen. This handy dish towel shows you how to contend with them. 45cm x 65cm of 100% cotton &nbsp; Well, not everyone took those Cassandras to heart and out of the [&hellip;]","og_url":"https:\/\/gate21.ee\/et\/shop\/fowl-dish-towel\/","og_site_name":"Gate21","article_publisher":"https:\/\/www.facebook.com\/gate21.ee\/","article_modified_time":"2026-04-10T10:28:32+00:00","og_image":[{"width":1758,"height":2560,"url":"https:\/\/gate21.ee\/wp-content\/uploads\/2025\/06\/KitchenAccidents_towel-5842-scaled.webp","type":"image\/webp"}],"twitter_card":"summary_large_image","twitter_misc":{"Est. reading time":"2 minutit"},"schema":{"@context":"https:\/\/schema.org","@graph":[{"@type":"WebPage","@id":"https:\/\/gate21.ee\/shop\/fowl-dish-towel\/","url":"https:\/\/gate21.ee\/shop\/fowl-dish-towel\/","name":"Kitchen Accidents - Dish Towel &#8226; Gate21","isPartOf":{"@id":"https:\/\/gate21.ee\/#website"},"primaryImageOfPage":{"@id":"https:\/\/gate21.ee\/shop\/fowl-dish-towel\/#primaryimage"},"image":{"@id":"https:\/\/gate21.ee\/shop\/fowl-dish-towel\/#primaryimage"},"thumbnailUrl":"https:\/\/gate21.ee\/wp-content\/uploads\/2025\/06\/KitchenAccidents_towel-5842-scaled.webp","datePublished":"2025-06-28T17:14:00+00:00","dateModified":"2026-04-10T10:28:32+00:00","breadcrumb":{"@id":"https:\/\/gate21.ee\/shop\/fowl-dish-towel\/#breadcrumb"},"inLanguage":"et","potentialAction":[{"@type":"ReadAction","target":["https:\/\/gate21.ee\/shop\/fowl-dish-towel\/"]}]},{"@type":"ImageObject","inLanguage":"et","@id":"https:\/\/gate21.ee\/shop\/fowl-dish-towel\/#primaryimage","url":"https:\/\/gate21.ee\/wp-content\/uploads\/2025\/06\/KitchenAccidents_towel-5842-scaled.webp","contentUrl":"https:\/\/gate21.ee\/wp-content\/uploads\/2025\/06\/KitchenAccidents_towel-5842-scaled.webp","width":1758,"height":2560,"caption":"The \"Kitchen Accidents - Dish Towel\" features an Estonian-inspired diagram with colour-coded sections, text boxes, and safety tips illustrating causes and effects of burns, cuts, fires, slips, chilli burns, and broken glass. Gate21.ee"},{"@type":"BreadcrumbList","@id":"https:\/\/gate21.ee\/shop\/fowl-dish-towel\/#breadcrumb","itemListElement":[{"@type":"ListItem","position":1,"name":"Home","item":"https:\/\/gate21.ee\/"},{"@type":"ListItem","position":2,"name":"Kitchen Accidents &#8211; Dish Towel"}]},{"@type":"WebSite","@id":"https:\/\/gate21.ee\/#website","url":"https:\/\/gate21.ee\/","name":"Gate21","description":"Kingituskontseptsioonipood Gate21","publisher":{"@id":"https:\/\/gate21.ee\/#organization"},"alternateName":"gate21","potentialAction":[{"@type":"SearchAction","target":{"@type":"EntryPoint","urlTemplate":"https:\/\/gate21.ee\/?s={search_term_string}"},"query-input":{"@type":"PropertyValueSpecification","valueRequired":true,"valueName":"search_term_string"}}],"inLanguage":"et"},{"@type":"Organization","@id":"https:\/\/gate21.ee\/#organization","name":"Gate21","alternateName":"Gate21, Oma Asi and Oma Asi Design Store","url":"https:\/\/gate21.ee\/","logo":{"@type":"ImageObject","inLanguage":"et","@id":"https:\/\/gate21.ee\/#\/schema\/logo\/image\/","url":"https:\/\/gate21.ee\/wp-content\/uploads\/2021\/11\/Gate_21_Logo_2_Valge.png","contentUrl":"https:\/\/gate21.ee\/wp-content\/uploads\/2021\/11\/Gate_21_Logo_2_Valge.png","width":2560,"height":2560,"caption":"Gate21"},"image":{"@id":"https:\/\/gate21.ee\/#\/schema\/logo\/image\/"},"sameAs":["https:\/\/www.facebook.com\/gate21.ee\/","https:\/\/www.instagram.com\/gate21.ee\/","https:\/\/www.instagram.com\/omaasidesign\/","https:\/\/www.instagram.com\/omaasi\/","https:\/\/www.facebook.com\/omaasidesign\/","https:\/\/www.facebook.com\/omaasilittleredhouse\/","https:\/\/www.tiktok.com\/@gate21.ee"]}]}},"jetpack_sharing_enabled":true,"brands":[{"id":627,"name":"Unemployed Philosphers Guild","slug":"unemployed_philosphers_guild"}],"_links":{"self":[{"href":"https:\/\/gate21.ee\/et\/wp-json\/wp\/v2\/product\/218997","targetHints":{"allow":["GET"]}}],"collection":[{"href":"https:\/\/gate21.ee\/et\/wp-json\/wp\/v2\/product"}],"about":[{"href":"https:\/\/gate21.ee\/et\/wp-json\/wp\/v2\/types\/product"}],"replies":[{"embeddable":true,"href":"https:\/\/gate21.ee\/et\/wp-json\/wp\/v2\/comments?post=218997"}],"version-history":[{"count":5,"href":"https:\/\/gate21.ee\/et\/wp-json\/wp\/v2\/product\/218997\/revisions"}],"predecessor-version":[{"id":249781,"href":"https:\/\/gate21.ee\/et\/wp-json\/wp\/v2\/product\/218997\/revisions\/249781"}],"wp:featuredmedia":[{"embeddable":true,"href":"https:\/\/gate21.ee\/et\/wp-json\/wp\/v2\/media\/219003"}],"wp:attachment":[{"href":"https:\/\/gate21.ee\/et\/wp-json\/wp\/v2\/media?parent=218997"}],"wp:term":[{"taxonomy":"pwb-brand","embeddable":true,"href":"https:\/\/gate21.ee\/et\/wp-json\/wp\/v2\/pwb-brand?post=218997"},{"taxonomy":"product_brand","embeddable":true,"href":"https:\/\/gate21.ee\/et\/wp-json\/wp\/v2\/product_brand?post=218997"},{"taxonomy":"product_cat","embeddable":true,"href":"https:\/\/gate21.ee\/et\/wp-json\/wp\/v2\/product_cat?post=218997"},{"taxonomy":"product_tag","embeddable":true,"href":"https:\/\/gate21.ee\/et\/wp-json\/wp\/v2\/product_tag?post=218997"}],"curies":[{"name":"wp","href":"https:\/\/api.w.org\/{rel}","templated":true}]}}