{"id":218587,"date":"2025-06-26T17:22:00","date_gmt":"2025-06-26T14:22:00","guid":{"rendered":"https:\/\/gate21.ee\/?post_type=product&#038;p=218587"},"modified":"2026-04-20T10:15:04","modified_gmt":"2026-04-20T07:15:04","slug":"child-youre-interrupting-t-shirt","status":"publish","type":"product","link":"https:\/\/gate21.ee\/et\/shop\/child-youre-interrupting-t-shirt\/","title":{"rendered":"Child you\u2019re Interrupting T-s\u00e4rk"},"content":{"rendered":"<p>Kui keegi tuleb kutsumata k\u00fclalisena, siis ainus soov on<br \/>\nMY T-SHIRT: \u00e4mma, keegi ei palunud sind siia, ja me tahame n\u00e4ha sind lehvitamas????goodbye???? alates ????a ????taxi????.<\/p>\n<p>LAPS, KEDA SA KATKESTAD <a href=\"https:\/\/gate21.ee\/et\/tootekategooria\/clothing\/tshirts\/\">T-s\u00e4rgid<\/a><br \/>\nKui oled v\u00e4ljast liiga armas, et r\u00e4\u00e4kida nagu bitch, kes sa tegelikult oled.<\/p>\n<p>100% pehme orgaaniline puuvill, kaal 180 g\/m\u00b2.<\/p>\n<p><img fetchpriority=\"high\" decoding=\"async\" class=\"alignnone size-medium wp-image-96730\" src=\"https:\/\/gate21.ee\/wp-content\/uploads\/2022\/04\/EgleZvirblyteprofilephoto-300x199.jpg\" alt=\"\" width=\"300\" height=\"199\" srcset=\"https:\/\/gate21.ee\/wp-content\/uploads\/2022\/04\/EgleZvirblyteprofilephoto-300x199.jpg 300w, https:\/\/gate21.ee\/wp-content\/uploads\/2022\/04\/EgleZvirblyteprofilephoto-768x509.jpg 768w, https:\/\/gate21.ee\/wp-content\/uploads\/2022\/04\/EgleZvirblyteprofilephoto-18x12.jpg 18w, https:\/\/gate21.ee\/wp-content\/uploads\/2022\/04\/EgleZvirblyteprofilephoto-600x398.jpg 600w, https:\/\/gate21.ee\/wp-content\/uploads\/2022\/04\/EgleZvirblyteprofilephoto.jpg 975w\" sizes=\"(max-width: 300px) 100vw, 300px\" \/><\/p>\n<p><a href=\"https:\/\/gate21.ee\/et\/brand\/egle-zvirblyte\/\">Egle Zvirblyte<\/a> on Leedu kunstnik ja illustraator, kes hetkel elab Londonis. Ta loob tabavat disaini, mis on v\u00e4ga s\u00f5nakas ja puudutab s\u00fcgavamaid humanistlikke teemasid.<\/p>\n<p>Lisaks Londonile, kus ta on juba 12 aastat olnud,  on ta elanud Melbourne'is, Tokyos, Balil ja Barcelonas, t\u00f6\u00f6tades klientidega kogu maailmas br\u00e4ndingu, reklaami, tootedisaini, muusika ja moe valdkonnas.<\/p>\n<p>Oma isiklikus praktikas uurib Egle identiteedi, vaimsuse, isikliku transformatsiooni, aga ka inimese seotust oma keha, \u00fcksteise ja maailmaga.<\/p><\/p>","protected":false},"excerpt":{"rendered":"<p>ME: when somebody invites themselves where I specifically didn\u2019t want them to come: \u201cUm&#8230;hi\u201d MY T-SHIRT: Bitch, nobody asked you here, and we wanna see you waving????goodbye???? from ????a ????taxi????. CHILD YOU\u2019RE INTERRUPTING T-shirts When you\u2019re too sweet on the outside to talk like the bitch you really are. 100% soft organic cotton, 180 gsm [&hellip;]<\/p>\n","protected":false},"featured_media":218596,"comment_status":"closed","ping_status":"closed","template":"","meta":{"site-sidebar-layout":"default","site-content-layout":"","ast-site-content-layout":"default","site-content-style":"default","site-sidebar-style":"default","ast-global-header-display":"","ast-banner-title-visibility":"","ast-main-header-display":"","ast-hfb-above-header-display":"","ast-hfb-below-header-display":"","ast-hfb-mobile-header-display":"","site-post-title":"","ast-breadcrumbs-content":"","ast-featured-img":"","footer-sml-layout":"","ast-disable-related-posts":"","theme-transparent-header-meta":"default","adv-header-id-meta":"","stick-header-meta":"default","header-above-stick-meta":"","header-main-stick-meta":"","header-below-stick-meta":"","astra-migrate-meta-layouts":"set","ast-page-background-enabled":"default","ast-page-background-meta":{"desktop":{"background-color":"","background-image":"","background-repeat":"repeat","background-position":"center center","background-size":"auto","background-attachment":"scroll","background-type":"","background-media":"","overlay-type":"","overlay-color":"","overlay-opacity":"","overlay-gradient":""},"tablet":{"background-color":"","background-image":"","background-repeat":"repeat","background-position":"center center","background-size":"auto","background-attachment":"scroll","background-type":"","background-media":"","overlay-type":"","overlay-color":"","overlay-opacity":"","overlay-gradient":""},"mobile":{"background-color":"","background-image":"","background-repeat":"repeat","background-position":"center center","background-size":"auto","background-attachment":"scroll","background-type":"","background-media":"","overlay-type":"","overlay-color":"","overlay-opacity":"","overlay-gradient":""}},"ast-content-background-meta":{"desktop":{"background-color":"var(--ast-global-color-5)","background-image":"","background-repeat":"repeat","background-position":"center center","background-size":"auto","background-attachment":"scroll","background-type":"","background-media":"","overlay-type":"","overlay-color":"","overlay-opacity":"","overlay-gradient":""},"tablet":{"background-color":"var(--ast-global-color-5)","background-image":"","background-repeat":"repeat","background-position":"center center","background-size":"auto","background-attachment":"scroll","background-type":"","background-media":"","overlay-type":"","overlay-color":"","overlay-opacity":"","overlay-gradient":""},"mobile":{"background-color":"var(--ast-global-color-5)","background-image":"","background-repeat":"repeat","background-position":"center center","background-size":"auto","background-attachment":"scroll","background-type":"","background-media":"","overlay-type":"","overlay-color":"","overlay-opacity":"","overlay-gradient":""}}},"pwb-brand":[520],"product_brand":[],"product_cat":[56,132],"product_tag":[],"class_list":{"0":"post-218587","1":"product","2":"type-product","3":"status-publish","4":"has-post-thumbnail","6":"pwb-brand-egle-zvirblyte","7":"product_cat-clothing","8":"product_cat-tshirts","9":"desktop-align-center","10":"tablet-align-center","11":"mobile-align-center","12":"ast-product-gallery-layout-vertical","13":"ast-product-single-variable","14":"ast-product-tabs-layout-horizontal","16":"first","17":"instock","18":"taxable","19":"shipping-taxable","20":"purchasable","21":"product-type-variable"},"yoast_head":"<!-- This site is optimized with the Yoast SEO plugin v27.4 - https:\/\/yoast.com\/product\/yoast-seo-wordpress\/ -->\n<title>Child you&#039;re Interrupting T-shirt &#8226; Gate21<\/title>\n<meta name=\"description\" content=\"Sassy Spud high quality F*cking Humans Alien Embroidered T-shirts are super soft 100% organic cotton, ethically manufactured. Best wash at 30 degrees!\" \/>\n<meta name=\"robots\" content=\"index, follow, max-snippet:-1, max-image-preview:large, max-video-preview:-1\" \/>\n<link rel=\"canonical\" href=\"https:\/\/gate21.ee\/et\/shop\/child-youre-interrupting-t-shirt\/\" \/>\n<meta property=\"og:locale\" content=\"et_EE\" \/>\n<meta property=\"og:type\" content=\"article\" \/>\n<meta property=\"og:title\" content=\"Child you&#039;re Interrupting T-shirt &#8226; Gate21\" \/>\n<meta property=\"og:description\" content=\"Sassy Spud high quality F*cking Humans Alien Embroidered T-shirts are super soft 100% organic cotton, ethically manufactured. Best wash at 30 degrees!\" \/>\n<meta property=\"og:url\" content=\"https:\/\/gate21.ee\/et\/shop\/child-youre-interrupting-t-shirt\/\" \/>\n<meta property=\"og:site_name\" content=\"Gate21\" \/>\n<meta property=\"article:publisher\" content=\"https:\/\/www.facebook.com\/gate21.ee\/\" \/>\n<meta property=\"article:modified_time\" content=\"2026-04-20T07:15:04+00:00\" \/>\n<meta property=\"og:image\" content=\"https:\/\/gate21.ee\/wp-content\/uploads\/2025\/06\/12s.jpg\" \/>\n\t<meta property=\"og:image:width\" content=\"750\" \/>\n\t<meta property=\"og:image:height\" content=\"750\" \/>\n\t<meta property=\"og:image:type\" content=\"image\/jpeg\" \/>\n<meta name=\"twitter:card\" content=\"summary_large_image\" \/>\n<meta name=\"twitter:label1\" content=\"Est. reading time\" \/>\n\t<meta name=\"twitter:data1\" content=\"2 minutit\" \/>\n<script type=\"application\/ld+json\" class=\"yoast-schema-graph\">{\"@context\":\"https:\\\/\\\/schema.org\",\"@graph\":[{\"@type\":\"WebPage\",\"@id\":\"https:\\\/\\\/gate21.ee\\\/shop\\\/child-youre-interrupting-t-shirt\\\/\",\"url\":\"https:\\\/\\\/gate21.ee\\\/shop\\\/child-youre-interrupting-t-shirt\\\/\",\"name\":\"Child you're Interrupting T-shirt &#8226; Gate21\",\"isPartOf\":{\"@id\":\"https:\\\/\\\/gate21.ee\\\/#website\"},\"primaryImageOfPage\":{\"@id\":\"https:\\\/\\\/gate21.ee\\\/shop\\\/child-youre-interrupting-t-shirt\\\/#primaryimage\"},\"image\":{\"@id\":\"https:\\\/\\\/gate21.ee\\\/shop\\\/child-youre-interrupting-t-shirt\\\/#primaryimage\"},\"thumbnailUrl\":\"https:\\\/\\\/gate21.ee\\\/wp-content\\\/uploads\\\/2025\\\/06\\\/12s.jpg\",\"datePublished\":\"2025-06-26T14:22:00+00:00\",\"dateModified\":\"2026-04-20T07:15:04+00:00\",\"description\":\"Sassy Spud high quality F*cking Humans Alien Embroidered T-shirts are super soft 100% organic cotton, ethically manufactured. Best wash at 30 degrees!\",\"breadcrumb\":{\"@id\":\"https:\\\/\\\/gate21.ee\\\/shop\\\/child-youre-interrupting-t-shirt\\\/#breadcrumb\"},\"inLanguage\":\"et\",\"potentialAction\":[{\"@type\":\"ReadAction\",\"target\":[\"https:\\\/\\\/gate21.ee\\\/shop\\\/child-youre-interrupting-t-shirt\\\/\"]}]},{\"@type\":\"ImageObject\",\"inLanguage\":\"et\",\"@id\":\"https:\\\/\\\/gate21.ee\\\/shop\\\/child-youre-interrupting-t-shirt\\\/#primaryimage\",\"url\":\"https:\\\/\\\/gate21.ee\\\/wp-content\\\/uploads\\\/2025\\\/06\\\/12s.jpg\",\"contentUrl\":\"https:\\\/\\\/gate21.ee\\\/wp-content\\\/uploads\\\/2025\\\/06\\\/12s.jpg\",\"width\":750,\"height\":750,\"caption\":\"The Child you\u2019re Interrupting T-shirt, cream-coloured and featuring an illustration of three adults talking with the text \\\"CHILD, YOU\u2019RE INTERRUPTING,\\\" is a standout pick for unique Tallinn shopping or concept shop finds. Gate21.ee\"},{\"@type\":\"BreadcrumbList\",\"@id\":\"https:\\\/\\\/gate21.ee\\\/shop\\\/child-youre-interrupting-t-shirt\\\/#breadcrumb\",\"itemListElement\":[{\"@type\":\"ListItem\",\"position\":1,\"name\":\"Home\",\"item\":\"https:\\\/\\\/gate21.ee\\\/\"},{\"@type\":\"ListItem\",\"position\":2,\"name\":\"Child you&#8217;re Interrupting T-shirt\"}]},{\"@type\":\"WebSite\",\"@id\":\"https:\\\/\\\/gate21.ee\\\/#website\",\"url\":\"https:\\\/\\\/gate21.ee\\\/\",\"name\":\"Gate21\",\"description\":\"Gift concept store Gate21\",\"publisher\":{\"@id\":\"https:\\\/\\\/gate21.ee\\\/#organization\"},\"alternateName\":\"gate21\",\"potentialAction\":[{\"@type\":\"SearchAction\",\"target\":{\"@type\":\"EntryPoint\",\"urlTemplate\":\"https:\\\/\\\/gate21.ee\\\/?s={search_term_string}\"},\"query-input\":{\"@type\":\"PropertyValueSpecification\",\"valueRequired\":true,\"valueName\":\"search_term_string\"}}],\"inLanguage\":\"et\"},{\"@type\":\"Organization\",\"@id\":\"https:\\\/\\\/gate21.ee\\\/#organization\",\"name\":\"Gate21\",\"alternateName\":\"Gate21, Oma Asi and Oma Asi Design Store\",\"url\":\"https:\\\/\\\/gate21.ee\\\/\",\"logo\":{\"@type\":\"ImageObject\",\"inLanguage\":\"et\",\"@id\":\"https:\\\/\\\/gate21.ee\\\/#\\\/schema\\\/logo\\\/image\\\/\",\"url\":\"https:\\\/\\\/gate21.ee\\\/wp-content\\\/uploads\\\/2021\\\/11\\\/Gate_21_Logo_2_Valge.png\",\"contentUrl\":\"https:\\\/\\\/gate21.ee\\\/wp-content\\\/uploads\\\/2021\\\/11\\\/Gate_21_Logo_2_Valge.png\",\"width\":2560,\"height\":2560,\"caption\":\"Gate21\"},\"image\":{\"@id\":\"https:\\\/\\\/gate21.ee\\\/#\\\/schema\\\/logo\\\/image\\\/\"},\"sameAs\":[\"https:\\\/\\\/www.facebook.com\\\/gate21.ee\\\/\",\"https:\\\/\\\/www.instagram.com\\\/gate21.ee\\\/\",\"https:\\\/\\\/www.instagram.com\\\/omaasidesign\\\/\",\"https:\\\/\\\/www.instagram.com\\\/omaasi\\\/\",\"https:\\\/\\\/www.facebook.com\\\/omaasidesign\\\/\",\"https:\\\/\\\/www.facebook.com\\\/omaasilittleredhouse\\\/\",\"https:\\\/\\\/www.tiktok.com\\\/@gate21.ee\"]}]}<\/script>\n<!-- \/ Yoast SEO plugin. -->","yoast_head_json":{"title":"Child you're Interrupting T-shirt &#8226; Gate21","description":"Sassy Spud high quality F*cking Humans Alien Embroidered T-shirts are super soft 100% organic cotton, ethically manufactured. Best wash at 30 degrees!","robots":{"index":"index","follow":"follow","max-snippet":"max-snippet:-1","max-image-preview":"max-image-preview:large","max-video-preview":"max-video-preview:-1"},"canonical":"https:\/\/gate21.ee\/et\/shop\/child-youre-interrupting-t-shirt\/","og_locale":"et_EE","og_type":"article","og_title":"Child you're Interrupting T-shirt &#8226; Gate21","og_description":"Sassy Spud high quality F*cking Humans Alien Embroidered T-shirts are super soft 100% organic cotton, ethically manufactured. Best wash at 30 degrees!","og_url":"https:\/\/gate21.ee\/et\/shop\/child-youre-interrupting-t-shirt\/","og_site_name":"Gate21","article_publisher":"https:\/\/www.facebook.com\/gate21.ee\/","article_modified_time":"2026-04-20T07:15:04+00:00","og_image":[{"width":750,"height":750,"url":"https:\/\/gate21.ee\/wp-content\/uploads\/2025\/06\/12s.jpg","type":"image\/jpeg"}],"twitter_card":"summary_large_image","twitter_misc":{"Est. reading time":"2 minutit"},"schema":{"@context":"https:\/\/schema.org","@graph":[{"@type":"WebPage","@id":"https:\/\/gate21.ee\/shop\/child-youre-interrupting-t-shirt\/","url":"https:\/\/gate21.ee\/shop\/child-youre-interrupting-t-shirt\/","name":"Child you're Interrupting T-shirt &#8226; Gate21","isPartOf":{"@id":"https:\/\/gate21.ee\/#website"},"primaryImageOfPage":{"@id":"https:\/\/gate21.ee\/shop\/child-youre-interrupting-t-shirt\/#primaryimage"},"image":{"@id":"https:\/\/gate21.ee\/shop\/child-youre-interrupting-t-shirt\/#primaryimage"},"thumbnailUrl":"https:\/\/gate21.ee\/wp-content\/uploads\/2025\/06\/12s.jpg","datePublished":"2025-06-26T14:22:00+00:00","dateModified":"2026-04-20T07:15:04+00:00","description":"Sassy Spud high quality F*cking Humans Alien Embroidered T-shirts are super soft 100% organic cotton, ethically manufactured. Best wash at 30 degrees!","breadcrumb":{"@id":"https:\/\/gate21.ee\/shop\/child-youre-interrupting-t-shirt\/#breadcrumb"},"inLanguage":"et","potentialAction":[{"@type":"ReadAction","target":["https:\/\/gate21.ee\/shop\/child-youre-interrupting-t-shirt\/"]}]},{"@type":"ImageObject","inLanguage":"et","@id":"https:\/\/gate21.ee\/shop\/child-youre-interrupting-t-shirt\/#primaryimage","url":"https:\/\/gate21.ee\/wp-content\/uploads\/2025\/06\/12s.jpg","contentUrl":"https:\/\/gate21.ee\/wp-content\/uploads\/2025\/06\/12s.jpg","width":750,"height":750,"caption":"The Child you\u2019re Interrupting T-shirt, cream-coloured and featuring an illustration of three adults talking with the text \"CHILD, YOU\u2019RE INTERRUPTING,\" is a standout pick for unique Tallinn shopping or concept shop finds. Gate21.ee"},{"@type":"BreadcrumbList","@id":"https:\/\/gate21.ee\/shop\/child-youre-interrupting-t-shirt\/#breadcrumb","itemListElement":[{"@type":"ListItem","position":1,"name":"Home","item":"https:\/\/gate21.ee\/"},{"@type":"ListItem","position":2,"name":"Child you&#8217;re Interrupting T-shirt"}]},{"@type":"WebSite","@id":"https:\/\/gate21.ee\/#website","url":"https:\/\/gate21.ee\/","name":"Gate21","description":"Kingituskontseptsioonipood Gate21","publisher":{"@id":"https:\/\/gate21.ee\/#organization"},"alternateName":"gate21","potentialAction":[{"@type":"SearchAction","target":{"@type":"EntryPoint","urlTemplate":"https:\/\/gate21.ee\/?s={search_term_string}"},"query-input":{"@type":"PropertyValueSpecification","valueRequired":true,"valueName":"search_term_string"}}],"inLanguage":"et"},{"@type":"Organization","@id":"https:\/\/gate21.ee\/#organization","name":"Gate21","alternateName":"Gate21, Oma Asi and Oma Asi Design Store","url":"https:\/\/gate21.ee\/","logo":{"@type":"ImageObject","inLanguage":"et","@id":"https:\/\/gate21.ee\/#\/schema\/logo\/image\/","url":"https:\/\/gate21.ee\/wp-content\/uploads\/2021\/11\/Gate_21_Logo_2_Valge.png","contentUrl":"https:\/\/gate21.ee\/wp-content\/uploads\/2021\/11\/Gate_21_Logo_2_Valge.png","width":2560,"height":2560,"caption":"Gate21"},"image":{"@id":"https:\/\/gate21.ee\/#\/schema\/logo\/image\/"},"sameAs":["https:\/\/www.facebook.com\/gate21.ee\/","https:\/\/www.instagram.com\/gate21.ee\/","https:\/\/www.instagram.com\/omaasidesign\/","https:\/\/www.instagram.com\/omaasi\/","https:\/\/www.facebook.com\/omaasidesign\/","https:\/\/www.facebook.com\/omaasilittleredhouse\/","https:\/\/www.tiktok.com\/@gate21.ee"]}]}},"jetpack_sharing_enabled":true,"brands":[{"id":520,"name":"Egle Zvirblyte","slug":"egle-zvirblyte"}],"_links":{"self":[{"href":"https:\/\/gate21.ee\/et\/wp-json\/wp\/v2\/product\/218587","targetHints":{"allow":["GET"]}}],"collection":[{"href":"https:\/\/gate21.ee\/et\/wp-json\/wp\/v2\/product"}],"about":[{"href":"https:\/\/gate21.ee\/et\/wp-json\/wp\/v2\/types\/product"}],"replies":[{"embeddable":true,"href":"https:\/\/gate21.ee\/et\/wp-json\/wp\/v2\/comments?post=218587"}],"version-history":[{"count":4,"href":"https:\/\/gate21.ee\/et\/wp-json\/wp\/v2\/product\/218587\/revisions"}],"predecessor-version":[{"id":247738,"href":"https:\/\/gate21.ee\/et\/wp-json\/wp\/v2\/product\/218587\/revisions\/247738"}],"wp:featuredmedia":[{"embeddable":true,"href":"https:\/\/gate21.ee\/et\/wp-json\/wp\/v2\/media\/218596"}],"wp:attachment":[{"href":"https:\/\/gate21.ee\/et\/wp-json\/wp\/v2\/media?parent=218587"}],"wp:term":[{"taxonomy":"pwb-brand","embeddable":true,"href":"https:\/\/gate21.ee\/et\/wp-json\/wp\/v2\/pwb-brand?post=218587"},{"taxonomy":"product_brand","embeddable":true,"href":"https:\/\/gate21.ee\/et\/wp-json\/wp\/v2\/product_brand?post=218587"},{"taxonomy":"product_cat","embeddable":true,"href":"https:\/\/gate21.ee\/et\/wp-json\/wp\/v2\/product_cat?post=218587"},{"taxonomy":"product_tag","embeddable":true,"href":"https:\/\/gate21.ee\/et\/wp-json\/wp\/v2\/product_tag?post=218587"}],"curies":[{"name":"wp","href":"https:\/\/api.w.org\/{rel}","templated":true}]}}