{"id":217995,"date":"2025-06-23T15:33:00","date_gmt":"2025-06-23T12:33:00","guid":{"rendered":"https:\/\/gate21.ee\/?post_type=product&#038;p=217995"},"modified":"2026-04-28T12:23:05","modified_gmt":"2026-04-28T09:23:05","slug":"not-a-hugger-t-shirt-black","status":"publish","type":"product","link":"https:\/\/gate21.ee\/et\/shop\/not-a-hugger-t-shirt-black\/","title":{"rendered":"Not A Hugger T-s\u00e4rk \u2013 Must"},"content":{"rendered":"<p class=\"translation-block\">Sassy Spud k\u00f5rge kvaliteediga <a href=\"https:\/\/gate21.ee\/et\/tootekategooria\/clothing\/tshirts\/\" target=\"_self\">T-s\u00e4rgid<\/a> on \u00fclipehmed 100% orgaanilisest puuvillast, eetiliselt toodetud ja tikitud.<\/p>\n<p>Pese 30 kraadi juures v\u00f5i madalaimal seadistusel, et kaitsta kaunist tikandit.<\/p>\n<p><a href=\"https:\/\/www.sassyspud.com\/pages\/about-us\"><img fetchpriority=\"high\" decoding=\"async\" class=\"alignnone size-medium wp-image-175629\" src=\"https:\/\/gate21.ee\/wp-content\/uploads\/2024\/06\/Spud_cover-300x177.png\" alt=\"\" width=\"300\" height=\"177\" srcset=\"https:\/\/gate21.ee\/wp-content\/uploads\/2024\/06\/Spud_cover-300x177.png 300w, https:\/\/gate21.ee\/wp-content\/uploads\/2024\/06\/Spud_cover-18x12.png 18w, https:\/\/gate21.ee\/wp-content\/uploads\/2024\/06\/Spud_cover-600x353.png 600w, https:\/\/gate21.ee\/wp-content\/uploads\/2024\/06\/Spud_cover.png 678w\" sizes=\"(max-width: 300px) 100vw, 300px\" \/><\/a><\/p>\n<p><a href=\"https:\/\/gate21.ee\/et\/brand\/sassy_spud\/\">Sassy Spud<\/a> r\u00f5ivad panevad l\u00f5bu tagasi d\u00fcsfunktsionaalsesse, olles samas eetilised ja julmuse vabad.<\/p>\n<p>Sassy kummalised ja imelised r\u00f5ivad ei v\u00f5ta end liiga t\u00f5siselt, kuni ei ole tegemist eetikaga, kuidas neid toodetakse.<\/p>\n<p>Veganbr\u00e4ndina lubavad nad olla 100% julmalt vaba k\u00f5iges, mida nad teevad!<\/p>","protected":false},"excerpt":{"rendered":"<p>Sassy Spud high quality T-shirts are super soft 100% organic cotton, ethically manufactured and embroidered. Wash at 30 degrees or the lowest setting, to protect the lovely embroidery. Sassy Spud clothing puts the fun back in dysfunctional, while being ethical, cruelty-free. Sassy&#8217;s weird and wonderful clothing doesn&#8217;t take itself too seriously, until it comes to [&hellip;]<\/p>\n","protected":false},"featured_media":218000,"comment_status":"closed","ping_status":"closed","template":"","meta":{"site-sidebar-layout":"default","site-content-layout":"","ast-site-content-layout":"default","site-content-style":"default","site-sidebar-style":"default","ast-global-header-display":"","ast-banner-title-visibility":"","ast-main-header-display":"","ast-hfb-above-header-display":"","ast-hfb-below-header-display":"","ast-hfb-mobile-header-display":"","site-post-title":"","ast-breadcrumbs-content":"","ast-featured-img":"","footer-sml-layout":"","ast-disable-related-posts":"","theme-transparent-header-meta":"default","adv-header-id-meta":"","stick-header-meta":"default","header-above-stick-meta":"","header-main-stick-meta":"","header-below-stick-meta":"","astra-migrate-meta-layouts":"set","ast-page-background-enabled":"default","ast-page-background-meta":{"desktop":{"background-color":"","background-image":"","background-repeat":"repeat","background-position":"center center","background-size":"auto","background-attachment":"scroll","background-type":"","background-media":"","overlay-type":"","overlay-color":"","overlay-opacity":"","overlay-gradient":""},"tablet":{"background-color":"","background-image":"","background-repeat":"repeat","background-position":"center center","background-size":"auto","background-attachment":"scroll","background-type":"","background-media":"","overlay-type":"","overlay-color":"","overlay-opacity":"","overlay-gradient":""},"mobile":{"background-color":"","background-image":"","background-repeat":"repeat","background-position":"center center","background-size":"auto","background-attachment":"scroll","background-type":"","background-media":"","overlay-type":"","overlay-color":"","overlay-opacity":"","overlay-gradient":""}},"ast-content-background-meta":{"desktop":{"background-color":"var(--ast-global-color-5)","background-image":"","background-repeat":"repeat","background-position":"center center","background-size":"auto","background-attachment":"scroll","background-type":"","background-media":"","overlay-type":"","overlay-color":"","overlay-opacity":"","overlay-gradient":""},"tablet":{"background-color":"var(--ast-global-color-5)","background-image":"","background-repeat":"repeat","background-position":"center center","background-size":"auto","background-attachment":"scroll","background-type":"","background-media":"","overlay-type":"","overlay-color":"","overlay-opacity":"","overlay-gradient":""},"mobile":{"background-color":"var(--ast-global-color-5)","background-image":"","background-repeat":"repeat","background-position":"center center","background-size":"auto","background-attachment":"scroll","background-type":"","background-media":"","overlay-type":"","overlay-color":"","overlay-opacity":"","overlay-gradient":""}}},"pwb-brand":[594],"product_brand":[],"product_cat":[56,132],"product_tag":[],"class_list":{"0":"post-217995","1":"product","2":"type-product","3":"status-publish","4":"has-post-thumbnail","6":"pwb-brand-sassy_spud","7":"product_cat-clothing","8":"product_cat-tshirts","9":"desktop-align-center","10":"tablet-align-center","11":"mobile-align-center","12":"ast-product-gallery-layout-vertical","13":"ast-product-single-variable","14":"ast-product-tabs-layout-horizontal","16":"first","17":"instock","18":"taxable","19":"shipping-taxable","20":"purchasable","21":"product-type-variable"},"yoast_head":"<!-- This site is optimized with the Yoast SEO plugin v27.5 - https:\/\/yoast.com\/product\/yoast-seo-wordpress\/ -->\n<title>Not A Hugger T-Shirt - Black &#8226; Gate21<\/title>\n<meta name=\"description\" content=\"Sassy Spud high quality F*cking Humans Alien Embroidered T-shirts are super soft 100% organic cotton, ethically manufactured. Best wash at 30 degrees!\" \/>\n<meta name=\"robots\" content=\"index, follow, max-snippet:-1, max-image-preview:large, max-video-preview:-1\" \/>\n<link rel=\"canonical\" href=\"https:\/\/gate21.ee\/et\/shop\/not-a-hugger-t-shirt-black\/\" \/>\n<meta property=\"og:locale\" content=\"et_EE\" \/>\n<meta property=\"og:type\" content=\"article\" \/>\n<meta property=\"og:title\" content=\"Not A Hugger T-Shirt - Black &#8226; Gate21\" \/>\n<meta property=\"og:description\" content=\"Sassy Spud high quality F*cking Humans Alien Embroidered T-shirts are super soft 100% organic cotton, ethically manufactured. Best wash at 30 degrees!\" \/>\n<meta property=\"og:url\" content=\"https:\/\/gate21.ee\/et\/shop\/not-a-hugger-t-shirt-black\/\" \/>\n<meta property=\"og:site_name\" content=\"Gate21\" \/>\n<meta property=\"article:publisher\" content=\"https:\/\/www.facebook.com\/gate21.ee\/\" \/>\n<meta property=\"article:modified_time\" content=\"2026-04-28T09:23:05+00:00\" \/>\n<meta property=\"og:image\" content=\"https:\/\/gate21.ee\/wp-content\/uploads\/2025\/06\/not-a-hugger-t-shirt-unisex-printed-clothing-printed-t-shirt-ep01-sassyspud-black-xs-2.webp\" \/>\n\t<meta property=\"og:image:width\" content=\"1000\" \/>\n\t<meta property=\"og:image:height\" content=\"1000\" \/>\n\t<meta property=\"og:image:type\" content=\"image\/webp\" \/>\n<meta name=\"twitter:card\" content=\"summary_large_image\" \/>\n<meta name=\"twitter:label1\" content=\"Est. reading time\" \/>\n\t<meta name=\"twitter:data1\" content=\"1 minut\" \/>\n<script type=\"application\/ld+json\" class=\"yoast-schema-graph\">{\"@context\":\"https:\\\/\\\/schema.org\",\"@graph\":[{\"@type\":\"WebPage\",\"@id\":\"https:\\\/\\\/gate21.ee\\\/shop\\\/not-a-hugger-t-shirt-black\\\/\",\"url\":\"https:\\\/\\\/gate21.ee\\\/shop\\\/not-a-hugger-t-shirt-black\\\/\",\"name\":\"Not A Hugger T-Shirt - Black &#8226; Gate21\",\"isPartOf\":{\"@id\":\"https:\\\/\\\/gate21.ee\\\/#website\"},\"primaryImageOfPage\":{\"@id\":\"https:\\\/\\\/gate21.ee\\\/shop\\\/not-a-hugger-t-shirt-black\\\/#primaryimage\"},\"image\":{\"@id\":\"https:\\\/\\\/gate21.ee\\\/shop\\\/not-a-hugger-t-shirt-black\\\/#primaryimage\"},\"thumbnailUrl\":\"https:\\\/\\\/gate21.ee\\\/wp-content\\\/uploads\\\/2025\\\/06\\\/not-a-hugger-t-shirt-unisex-printed-clothing-printed-t-shirt-ep01-sassyspud-black-xs-2.webp\",\"datePublished\":\"2025-06-23T12:33:00+00:00\",\"dateModified\":\"2026-04-28T09:23:05+00:00\",\"description\":\"Sassy Spud high quality F*cking Humans Alien Embroidered T-shirts are super soft 100% organic cotton, ethically manufactured. Best wash at 30 degrees!\",\"breadcrumb\":{\"@id\":\"https:\\\/\\\/gate21.ee\\\/shop\\\/not-a-hugger-t-shirt-black\\\/#breadcrumb\"},\"inLanguage\":\"et\",\"potentialAction\":[{\"@type\":\"ReadAction\",\"target\":[\"https:\\\/\\\/gate21.ee\\\/shop\\\/not-a-hugger-t-shirt-black\\\/\"]}]},{\"@type\":\"ImageObject\",\"inLanguage\":\"et\",\"@id\":\"https:\\\/\\\/gate21.ee\\\/shop\\\/not-a-hugger-t-shirt-black\\\/#primaryimage\",\"url\":\"https:\\\/\\\/gate21.ee\\\/wp-content\\\/uploads\\\/2025\\\/06\\\/not-a-hugger-t-shirt-unisex-printed-clothing-printed-t-shirt-ep01-sassyspud-black-xs-2.webp\",\"contentUrl\":\"https:\\\/\\\/gate21.ee\\\/wp-content\\\/uploads\\\/2025\\\/06\\\/not-a-hugger-t-shirt-unisex-printed-clothing-printed-t-shirt-ep01-sassyspud-black-xs-2.webp\",\"width\":1000,\"height\":1000,\"caption\":\"The Not A Hugger T-Shirt - Black features a cartoon koala with a neutral expression and \u201cNOT A HUGGER\u201d in white capitals\u2014ideal for fans of curated Estonian design. A close-up shows the detailed, charming graphic. Gate21.ee\"},{\"@type\":\"BreadcrumbList\",\"@id\":\"https:\\\/\\\/gate21.ee\\\/shop\\\/not-a-hugger-t-shirt-black\\\/#breadcrumb\",\"itemListElement\":[{\"@type\":\"ListItem\",\"position\":1,\"name\":\"Home\",\"item\":\"https:\\\/\\\/gate21.ee\\\/\"},{\"@type\":\"ListItem\",\"position\":2,\"name\":\"Not A Hugger T-Shirt &#8211; Black\"}]},{\"@type\":\"WebSite\",\"@id\":\"https:\\\/\\\/gate21.ee\\\/#website\",\"url\":\"https:\\\/\\\/gate21.ee\\\/\",\"name\":\"Gate21\",\"description\":\"Gift concept store Gate21\",\"publisher\":{\"@id\":\"https:\\\/\\\/gate21.ee\\\/#organization\"},\"alternateName\":\"gate21\",\"potentialAction\":[{\"@type\":\"SearchAction\",\"target\":{\"@type\":\"EntryPoint\",\"urlTemplate\":\"https:\\\/\\\/gate21.ee\\\/?s={search_term_string}\"},\"query-input\":{\"@type\":\"PropertyValueSpecification\",\"valueRequired\":true,\"valueName\":\"search_term_string\"}}],\"inLanguage\":\"et\"},{\"@type\":\"Organization\",\"@id\":\"https:\\\/\\\/gate21.ee\\\/#organization\",\"name\":\"Gate21\",\"alternateName\":\"Gate21, Oma Asi and Oma Asi Design Store\",\"url\":\"https:\\\/\\\/gate21.ee\\\/\",\"logo\":{\"@type\":\"ImageObject\",\"inLanguage\":\"et\",\"@id\":\"https:\\\/\\\/gate21.ee\\\/#\\\/schema\\\/logo\\\/image\\\/\",\"url\":\"https:\\\/\\\/gate21.ee\\\/wp-content\\\/uploads\\\/2021\\\/11\\\/Gate_21_Logo_2_Valge.png\",\"contentUrl\":\"https:\\\/\\\/gate21.ee\\\/wp-content\\\/uploads\\\/2021\\\/11\\\/Gate_21_Logo_2_Valge.png\",\"width\":2560,\"height\":2560,\"caption\":\"Gate21\"},\"image\":{\"@id\":\"https:\\\/\\\/gate21.ee\\\/#\\\/schema\\\/logo\\\/image\\\/\"},\"sameAs\":[\"https:\\\/\\\/www.facebook.com\\\/gate21.ee\\\/\",\"https:\\\/\\\/www.instagram.com\\\/gate21.ee\\\/\",\"https:\\\/\\\/www.instagram.com\\\/omaasidesign\\\/\",\"https:\\\/\\\/www.instagram.com\\\/omaasi\\\/\",\"https:\\\/\\\/www.facebook.com\\\/omaasidesign\\\/\",\"https:\\\/\\\/www.facebook.com\\\/omaasilittleredhouse\\\/\",\"https:\\\/\\\/www.tiktok.com\\\/@gate21.ee\"]}]}<\/script>\n<!-- \/ Yoast SEO plugin. -->","yoast_head_json":{"title":"Not A Hugger T-Shirt - Black &#8226; Gate21","description":"Sassy Spud high quality F*cking Humans Alien Embroidered T-shirts are super soft 100% organic cotton, ethically manufactured. Best wash at 30 degrees!","robots":{"index":"index","follow":"follow","max-snippet":"max-snippet:-1","max-image-preview":"max-image-preview:large","max-video-preview":"max-video-preview:-1"},"canonical":"https:\/\/gate21.ee\/et\/shop\/not-a-hugger-t-shirt-black\/","og_locale":"et_EE","og_type":"article","og_title":"Not A Hugger T-Shirt - Black &#8226; Gate21","og_description":"Sassy Spud high quality F*cking Humans Alien Embroidered T-shirts are super soft 100% organic cotton, ethically manufactured. Best wash at 30 degrees!","og_url":"https:\/\/gate21.ee\/et\/shop\/not-a-hugger-t-shirt-black\/","og_site_name":"Gate21","article_publisher":"https:\/\/www.facebook.com\/gate21.ee\/","article_modified_time":"2026-04-28T09:23:05+00:00","og_image":[{"width":1000,"height":1000,"url":"https:\/\/gate21.ee\/wp-content\/uploads\/2025\/06\/not-a-hugger-t-shirt-unisex-printed-clothing-printed-t-shirt-ep01-sassyspud-black-xs-2.webp","type":"image\/webp"}],"twitter_card":"summary_large_image","twitter_misc":{"Est. reading time":"1 minut"},"schema":{"@context":"https:\/\/schema.org","@graph":[{"@type":"WebPage","@id":"https:\/\/gate21.ee\/shop\/not-a-hugger-t-shirt-black\/","url":"https:\/\/gate21.ee\/shop\/not-a-hugger-t-shirt-black\/","name":"Not A Hugger T-Shirt - Black &#8226; Gate21","isPartOf":{"@id":"https:\/\/gate21.ee\/#website"},"primaryImageOfPage":{"@id":"https:\/\/gate21.ee\/shop\/not-a-hugger-t-shirt-black\/#primaryimage"},"image":{"@id":"https:\/\/gate21.ee\/shop\/not-a-hugger-t-shirt-black\/#primaryimage"},"thumbnailUrl":"https:\/\/gate21.ee\/wp-content\/uploads\/2025\/06\/not-a-hugger-t-shirt-unisex-printed-clothing-printed-t-shirt-ep01-sassyspud-black-xs-2.webp","datePublished":"2025-06-23T12:33:00+00:00","dateModified":"2026-04-28T09:23:05+00:00","description":"Sassy Spud high quality F*cking Humans Alien Embroidered T-shirts are super soft 100% organic cotton, ethically manufactured. Best wash at 30 degrees!","breadcrumb":{"@id":"https:\/\/gate21.ee\/shop\/not-a-hugger-t-shirt-black\/#breadcrumb"},"inLanguage":"et","potentialAction":[{"@type":"ReadAction","target":["https:\/\/gate21.ee\/shop\/not-a-hugger-t-shirt-black\/"]}]},{"@type":"ImageObject","inLanguage":"et","@id":"https:\/\/gate21.ee\/shop\/not-a-hugger-t-shirt-black\/#primaryimage","url":"https:\/\/gate21.ee\/wp-content\/uploads\/2025\/06\/not-a-hugger-t-shirt-unisex-printed-clothing-printed-t-shirt-ep01-sassyspud-black-xs-2.webp","contentUrl":"https:\/\/gate21.ee\/wp-content\/uploads\/2025\/06\/not-a-hugger-t-shirt-unisex-printed-clothing-printed-t-shirt-ep01-sassyspud-black-xs-2.webp","width":1000,"height":1000,"caption":"The Not A Hugger T-Shirt - Black features a cartoon koala with a neutral expression and \u201cNOT A HUGGER\u201d in white capitals\u2014ideal for fans of curated Estonian design. A close-up shows the detailed, charming graphic. Gate21.ee"},{"@type":"BreadcrumbList","@id":"https:\/\/gate21.ee\/shop\/not-a-hugger-t-shirt-black\/#breadcrumb","itemListElement":[{"@type":"ListItem","position":1,"name":"Home","item":"https:\/\/gate21.ee\/"},{"@type":"ListItem","position":2,"name":"Not A Hugger T-Shirt &#8211; Black"}]},{"@type":"WebSite","@id":"https:\/\/gate21.ee\/#website","url":"https:\/\/gate21.ee\/","name":"Gate21","description":"Kingituskontseptsioonipood Gate21","publisher":{"@id":"https:\/\/gate21.ee\/#organization"},"alternateName":"gate21","potentialAction":[{"@type":"SearchAction","target":{"@type":"EntryPoint","urlTemplate":"https:\/\/gate21.ee\/?s={search_term_string}"},"query-input":{"@type":"PropertyValueSpecification","valueRequired":true,"valueName":"search_term_string"}}],"inLanguage":"et"},{"@type":"Organization","@id":"https:\/\/gate21.ee\/#organization","name":"Gate21","alternateName":"Gate21, Oma Asi and Oma Asi Design Store","url":"https:\/\/gate21.ee\/","logo":{"@type":"ImageObject","inLanguage":"et","@id":"https:\/\/gate21.ee\/#\/schema\/logo\/image\/","url":"https:\/\/gate21.ee\/wp-content\/uploads\/2021\/11\/Gate_21_Logo_2_Valge.png","contentUrl":"https:\/\/gate21.ee\/wp-content\/uploads\/2021\/11\/Gate_21_Logo_2_Valge.png","width":2560,"height":2560,"caption":"Gate21"},"image":{"@id":"https:\/\/gate21.ee\/#\/schema\/logo\/image\/"},"sameAs":["https:\/\/www.facebook.com\/gate21.ee\/","https:\/\/www.instagram.com\/gate21.ee\/","https:\/\/www.instagram.com\/omaasidesign\/","https:\/\/www.instagram.com\/omaasi\/","https:\/\/www.facebook.com\/omaasidesign\/","https:\/\/www.facebook.com\/omaasilittleredhouse\/","https:\/\/www.tiktok.com\/@gate21.ee"]}]}},"jetpack_sharing_enabled":true,"brands":[{"id":594,"name":"Sassy Spud","slug":"sassy_spud"}],"_links":{"self":[{"href":"https:\/\/gate21.ee\/et\/wp-json\/wp\/v2\/product\/217995","targetHints":{"allow":["GET"]}}],"collection":[{"href":"https:\/\/gate21.ee\/et\/wp-json\/wp\/v2\/product"}],"about":[{"href":"https:\/\/gate21.ee\/et\/wp-json\/wp\/v2\/types\/product"}],"replies":[{"embeddable":true,"href":"https:\/\/gate21.ee\/et\/wp-json\/wp\/v2\/comments?post=217995"}],"version-history":[{"count":1,"href":"https:\/\/gate21.ee\/et\/wp-json\/wp\/v2\/product\/217995\/revisions"}],"predecessor-version":[{"id":218001,"href":"https:\/\/gate21.ee\/et\/wp-json\/wp\/v2\/product\/217995\/revisions\/218001"}],"wp:featuredmedia":[{"embeddable":true,"href":"https:\/\/gate21.ee\/et\/wp-json\/wp\/v2\/media\/218000"}],"wp:attachment":[{"href":"https:\/\/gate21.ee\/et\/wp-json\/wp\/v2\/media?parent=217995"}],"wp:term":[{"taxonomy":"pwb-brand","embeddable":true,"href":"https:\/\/gate21.ee\/et\/wp-json\/wp\/v2\/pwb-brand?post=217995"},{"taxonomy":"product_brand","embeddable":true,"href":"https:\/\/gate21.ee\/et\/wp-json\/wp\/v2\/product_brand?post=217995"},{"taxonomy":"product_cat","embeddable":true,"href":"https:\/\/gate21.ee\/et\/wp-json\/wp\/v2\/product_cat?post=217995"},{"taxonomy":"product_tag","embeddable":true,"href":"https:\/\/gate21.ee\/et\/wp-json\/wp\/v2\/product_tag?post=217995"}],"curies":[{"name":"wp","href":"https:\/\/api.w.org\/{rel}","templated":true}]}}