{"id":216985,"date":"2025-06-17T14:35:00","date_gmt":"2025-06-17T11:35:00","guid":{"rendered":"https:\/\/gate21.ee\/?post_type=product&#038;p=216985"},"modified":"2026-02-15T14:02:36","modified_gmt":"2026-02-15T12:02:36","slug":"teddyarchy-cap","status":"publish","type":"product","link":"https:\/\/gate21.ee\/et\/shop\/teddyarchy-cap\/","title":{"rendered":"Teddyarchy nokam\u00fcts"},"content":{"rendered":"<p>Karukesed on armsad. Karukesed on armsad. Karukesed on armsad.<\/p>\n<p>100% puuvillane, sobib ainult \u00f5rnaks k\u00e4tepesuks.<\/p>\n<p>&nbsp;<\/p>\n<p><img fetchpriority=\"high\" decoding=\"async\" class=\"size-medium wp-image-195962 aligncenter\" src=\"https:\/\/gate21.ee\/wp-content\/uploads\/2024\/11\/Outsiders-Division-FW-20240433-EDIT-LOW-300x200.webp\" alt=\"\" width=\"300\" height=\"200\" srcset=\"https:\/\/gate21.ee\/wp-content\/uploads\/2024\/11\/Outsiders-Division-FW-20240433-EDIT-LOW-300x200.webp 300w, https:\/\/gate21.ee\/wp-content\/uploads\/2024\/11\/Outsiders-Division-FW-20240433-EDIT-LOW-18x12.webp 18w, https:\/\/gate21.ee\/wp-content\/uploads\/2024\/11\/Outsiders-Division-FW-20240433-EDIT-LOW-600x401.webp 600w, https:\/\/gate21.ee\/wp-content\/uploads\/2024\/11\/Outsiders-Division-FW-20240433-EDIT-LOW.webp 720w\" sizes=\"(max-width: 300px) 100vw, 300px\" \/><\/p>\n<p>&nbsp;<\/p>\n<p><a href=\"https:\/\/gate21.ee\/et\/brand\/outsiders_division\/\">Outsiders Division<\/a> s\u00fcndis 12. septembril 2012 Barcelonas kunstigaleriis. Alguses disainis br\u00e4nd ainult m\u00fctse ja aksessuaare kuni 2016. aastani, mil osales oma esimesel moen\u00e4dalal Madridis ja v\u00f5itis j\u00e4rjest kaks korda parima Nobeli kollektsiooni. Nende aastate jooksul oleme disaininud kollektsioone ja koost\u00f6\u00f6d, lisades br\u00e4ndile Imaginary pika nimekirja r\u00f5ivaid.<\/p>\n<p>Outsiders Divisioni peamised tugisambad on v\u00e4rv, fantaasia ja r\u00f5\u00f5m. Nad disainivad riideid sellele vanaisale, kes on laps, v\u00f5i sellele lapsele, kes on vanaisa, v\u00f5i \u00f5igemini k\u00f5igile t\u00e4iskasvanutele, kes pole veel t\u00e4iskasvanuks saanud.<\/p>","protected":false},"excerpt":{"rendered":"<p>Teddy bears are cute. Teddy bears are cute. Teddy bears are cute. 100% cotton, suitable only for gentle handwashing. &nbsp; &nbsp; Outsiders Division was born in an art gallery on September 12th 2012 in Barcelona. In its beginnings, the brand only designed caps and accessories until 2016 when participating in its first fashion week in [&hellip;]<\/p>\n","protected":false},"featured_media":216986,"comment_status":"closed","ping_status":"closed","template":"","meta":{"site-sidebar-layout":"default","site-content-layout":"","ast-site-content-layout":"default","site-content-style":"default","site-sidebar-style":"default","ast-global-header-display":"","ast-banner-title-visibility":"","ast-main-header-display":"","ast-hfb-above-header-display":"","ast-hfb-below-header-display":"","ast-hfb-mobile-header-display":"","site-post-title":"","ast-breadcrumbs-content":"","ast-featured-img":"","footer-sml-layout":"","ast-disable-related-posts":"","theme-transparent-header-meta":"default","adv-header-id-meta":"","stick-header-meta":"default","header-above-stick-meta":"","header-main-stick-meta":"","header-below-stick-meta":"","astra-migrate-meta-layouts":"set","ast-page-background-enabled":"default","ast-page-background-meta":{"desktop":{"background-color":"","background-image":"","background-repeat":"repeat","background-position":"center center","background-size":"auto","background-attachment":"scroll","background-type":"","background-media":"","overlay-type":"","overlay-color":"","overlay-opacity":"","overlay-gradient":""},"tablet":{"background-color":"","background-image":"","background-repeat":"repeat","background-position":"center center","background-size":"auto","background-attachment":"scroll","background-type":"","background-media":"","overlay-type":"","overlay-color":"","overlay-opacity":"","overlay-gradient":""},"mobile":{"background-color":"","background-image":"","background-repeat":"repeat","background-position":"center center","background-size":"auto","background-attachment":"scroll","background-type":"","background-media":"","overlay-type":"","overlay-color":"","overlay-opacity":"","overlay-gradient":""}},"ast-content-background-meta":{"desktop":{"background-color":"var(--ast-global-color-5)","background-image":"","background-repeat":"repeat","background-position":"center center","background-size":"auto","background-attachment":"scroll","background-type":"","background-media":"","overlay-type":"","overlay-color":"","overlay-opacity":"","overlay-gradient":""},"tablet":{"background-color":"var(--ast-global-color-5)","background-image":"","background-repeat":"repeat","background-position":"center center","background-size":"auto","background-attachment":"scroll","background-type":"","background-media":"","overlay-type":"","overlay-color":"","overlay-opacity":"","overlay-gradient":""},"mobile":{"background-color":"var(--ast-global-color-5)","background-image":"","background-repeat":"repeat","background-position":"center center","background-size":"auto","background-attachment":"scroll","background-type":"","background-media":"","overlay-type":"","overlay-color":"","overlay-opacity":"","overlay-gradient":""}}},"pwb-brand":[605],"product_brand":[],"product_cat":[56,137],"product_tag":[],"class_list":{"0":"post-216985","1":"product","2":"type-product","3":"status-publish","4":"has-post-thumbnail","6":"pwb-brand-outsiders_division","7":"product_cat-clothing","8":"product_cat-hats","9":"desktop-align-center","10":"tablet-align-center","11":"mobile-align-center","12":"ast-product-gallery-layout-vertical","13":"ast-product-tabs-layout-horizontal","15":"first","16":"instock","17":"taxable","18":"shipping-taxable","19":"purchasable","20":"product-type-simple"},"yoast_head":"<!-- This site is optimized with the Yoast SEO plugin v27.4 - https:\/\/yoast.com\/product\/yoast-seo-wordpress\/ -->\n<title>Teddyarchy Cap &#8226; Gate21<\/title>\n<meta name=\"robots\" content=\"index, follow, max-snippet:-1, max-image-preview:large, max-video-preview:-1\" \/>\n<link rel=\"canonical\" href=\"https:\/\/gate21.ee\/et\/shop\/teddyarchy-cap\/\" \/>\n<meta property=\"og:locale\" content=\"et_EE\" \/>\n<meta property=\"og:type\" content=\"article\" \/>\n<meta property=\"og:title\" content=\"Teddyarchy Cap &#8226; Gate21\" \/>\n<meta property=\"og:description\" content=\"Teddy bears are cute. Teddy bears are cute. Teddy bears are cute. 100% cotton, suitable only for gentle handwashing. &nbsp; &nbsp; Outsiders Division was born in an art gallery on September 12th 2012 in Barcelona. In its beginnings, the brand only designed caps and accessories until 2016 when participating in its first fashion week in [&hellip;]\" \/>\n<meta property=\"og:url\" content=\"https:\/\/gate21.ee\/et\/shop\/teddyarchy-cap\/\" \/>\n<meta property=\"og:site_name\" content=\"Gate21\" \/>\n<meta property=\"article:publisher\" content=\"https:\/\/www.facebook.com\/gate21.ee\/\" \/>\n<meta property=\"article:modified_time\" content=\"2026-02-15T12:02:36+00:00\" \/>\n<meta property=\"og:image\" content=\"https:\/\/gate21.ee\/wp-content\/uploads\/2025\/06\/Gorra-rosa2-cap-frontal2-scaled.webp\" \/>\n\t<meta property=\"og:image:width\" content=\"1707\" \/>\n\t<meta property=\"og:image:height\" content=\"2560\" \/>\n\t<meta property=\"og:image:type\" content=\"image\/webp\" \/>\n<meta name=\"twitter:card\" content=\"summary_large_image\" \/>\n<meta name=\"twitter:label1\" content=\"Est. reading time\" \/>\n\t<meta name=\"twitter:data1\" content=\"1 minut\" \/>\n<script type=\"application\/ld+json\" class=\"yoast-schema-graph\">{\"@context\":\"https:\\\/\\\/schema.org\",\"@graph\":[{\"@type\":\"WebPage\",\"@id\":\"https:\\\/\\\/gate21.ee\\\/shop\\\/teddyarchy-cap\\\/\",\"url\":\"https:\\\/\\\/gate21.ee\\\/shop\\\/teddyarchy-cap\\\/\",\"name\":\"Teddyarchy Cap &#8226; Gate21\",\"isPartOf\":{\"@id\":\"https:\\\/\\\/gate21.ee\\\/#website\"},\"primaryImageOfPage\":{\"@id\":\"https:\\\/\\\/gate21.ee\\\/shop\\\/teddyarchy-cap\\\/#primaryimage\"},\"image\":{\"@id\":\"https:\\\/\\\/gate21.ee\\\/shop\\\/teddyarchy-cap\\\/#primaryimage\"},\"thumbnailUrl\":\"https:\\\/\\\/gate21.ee\\\/wp-content\\\/uploads\\\/2025\\\/06\\\/Gorra-rosa2-cap-frontal2-scaled.webp\",\"datePublished\":\"2025-06-17T11:35:00+00:00\",\"dateModified\":\"2026-02-15T12:02:36+00:00\",\"breadcrumb\":{\"@id\":\"https:\\\/\\\/gate21.ee\\\/shop\\\/teddyarchy-cap\\\/#breadcrumb\"},\"inLanguage\":\"et\",\"potentialAction\":[{\"@type\":\"ReadAction\",\"target\":[\"https:\\\/\\\/gate21.ee\\\/shop\\\/teddyarchy-cap\\\/\"]}]},{\"@type\":\"ImageObject\",\"inLanguage\":\"et\",\"@id\":\"https:\\\/\\\/gate21.ee\\\/shop\\\/teddyarchy-cap\\\/#primaryimage\",\"url\":\"https:\\\/\\\/gate21.ee\\\/wp-content\\\/uploads\\\/2025\\\/06\\\/Gorra-rosa2-cap-frontal2-scaled.webp\",\"contentUrl\":\"https:\\\/\\\/gate21.ee\\\/wp-content\\\/uploads\\\/2025\\\/06\\\/Gorra-rosa2-cap-frontal2-scaled.webp\",\"width\":1707,\"height\":2560,\"caption\":\"The Teddyarchy Cap is a red baseball cap with a pink peak, showcasing an embroidered cartoon bear in a yellow shirt, white trousers, and green shoes. Ideal for curated gift shops or playful Estonian design fans. Light grey background. Gate21.ee\"},{\"@type\":\"BreadcrumbList\",\"@id\":\"https:\\\/\\\/gate21.ee\\\/shop\\\/teddyarchy-cap\\\/#breadcrumb\",\"itemListElement\":[{\"@type\":\"ListItem\",\"position\":1,\"name\":\"Home\",\"item\":\"https:\\\/\\\/gate21.ee\\\/\"},{\"@type\":\"ListItem\",\"position\":2,\"name\":\"Teddyarchy Cap\"}]},{\"@type\":\"WebSite\",\"@id\":\"https:\\\/\\\/gate21.ee\\\/#website\",\"url\":\"https:\\\/\\\/gate21.ee\\\/\",\"name\":\"Gate21\",\"description\":\"Gift concept store Gate21\",\"publisher\":{\"@id\":\"https:\\\/\\\/gate21.ee\\\/#organization\"},\"alternateName\":\"gate21\",\"potentialAction\":[{\"@type\":\"SearchAction\",\"target\":{\"@type\":\"EntryPoint\",\"urlTemplate\":\"https:\\\/\\\/gate21.ee\\\/?s={search_term_string}\"},\"query-input\":{\"@type\":\"PropertyValueSpecification\",\"valueRequired\":true,\"valueName\":\"search_term_string\"}}],\"inLanguage\":\"et\"},{\"@type\":\"Organization\",\"@id\":\"https:\\\/\\\/gate21.ee\\\/#organization\",\"name\":\"Gate21\",\"alternateName\":\"Gate21, Oma Asi and Oma Asi Design Store\",\"url\":\"https:\\\/\\\/gate21.ee\\\/\",\"logo\":{\"@type\":\"ImageObject\",\"inLanguage\":\"et\",\"@id\":\"https:\\\/\\\/gate21.ee\\\/#\\\/schema\\\/logo\\\/image\\\/\",\"url\":\"https:\\\/\\\/gate21.ee\\\/wp-content\\\/uploads\\\/2021\\\/11\\\/Gate_21_Logo_2_Valge.png\",\"contentUrl\":\"https:\\\/\\\/gate21.ee\\\/wp-content\\\/uploads\\\/2021\\\/11\\\/Gate_21_Logo_2_Valge.png\",\"width\":2560,\"height\":2560,\"caption\":\"Gate21\"},\"image\":{\"@id\":\"https:\\\/\\\/gate21.ee\\\/#\\\/schema\\\/logo\\\/image\\\/\"},\"sameAs\":[\"https:\\\/\\\/www.facebook.com\\\/gate21.ee\\\/\",\"https:\\\/\\\/www.instagram.com\\\/gate21.ee\\\/\",\"https:\\\/\\\/www.instagram.com\\\/omaasidesign\\\/\",\"https:\\\/\\\/www.instagram.com\\\/omaasi\\\/\",\"https:\\\/\\\/www.facebook.com\\\/omaasidesign\\\/\",\"https:\\\/\\\/www.facebook.com\\\/omaasilittleredhouse\\\/\",\"https:\\\/\\\/www.tiktok.com\\\/@gate21.ee\"]}]}<\/script>\n<!-- \/ Yoast SEO plugin. -->","yoast_head_json":{"title":"Teddyarchy Cap &#8226; Gate21","robots":{"index":"index","follow":"follow","max-snippet":"max-snippet:-1","max-image-preview":"max-image-preview:large","max-video-preview":"max-video-preview:-1"},"canonical":"https:\/\/gate21.ee\/et\/shop\/teddyarchy-cap\/","og_locale":"et_EE","og_type":"article","og_title":"Teddyarchy Cap &#8226; Gate21","og_description":"Teddy bears are cute. Teddy bears are cute. Teddy bears are cute. 100% cotton, suitable only for gentle handwashing. &nbsp; &nbsp; Outsiders Division was born in an art gallery on September 12th 2012 in Barcelona. In its beginnings, the brand only designed caps and accessories until 2016 when participating in its first fashion week in [&hellip;]","og_url":"https:\/\/gate21.ee\/et\/shop\/teddyarchy-cap\/","og_site_name":"Gate21","article_publisher":"https:\/\/www.facebook.com\/gate21.ee\/","article_modified_time":"2026-02-15T12:02:36+00:00","og_image":[{"width":1707,"height":2560,"url":"https:\/\/gate21.ee\/wp-content\/uploads\/2025\/06\/Gorra-rosa2-cap-frontal2-scaled.webp","type":"image\/webp"}],"twitter_card":"summary_large_image","twitter_misc":{"Est. reading time":"1 minut"},"schema":{"@context":"https:\/\/schema.org","@graph":[{"@type":"WebPage","@id":"https:\/\/gate21.ee\/shop\/teddyarchy-cap\/","url":"https:\/\/gate21.ee\/shop\/teddyarchy-cap\/","name":"Teddyarchy Cap &#8226; Gate21","isPartOf":{"@id":"https:\/\/gate21.ee\/#website"},"primaryImageOfPage":{"@id":"https:\/\/gate21.ee\/shop\/teddyarchy-cap\/#primaryimage"},"image":{"@id":"https:\/\/gate21.ee\/shop\/teddyarchy-cap\/#primaryimage"},"thumbnailUrl":"https:\/\/gate21.ee\/wp-content\/uploads\/2025\/06\/Gorra-rosa2-cap-frontal2-scaled.webp","datePublished":"2025-06-17T11:35:00+00:00","dateModified":"2026-02-15T12:02:36+00:00","breadcrumb":{"@id":"https:\/\/gate21.ee\/shop\/teddyarchy-cap\/#breadcrumb"},"inLanguage":"et","potentialAction":[{"@type":"ReadAction","target":["https:\/\/gate21.ee\/shop\/teddyarchy-cap\/"]}]},{"@type":"ImageObject","inLanguage":"et","@id":"https:\/\/gate21.ee\/shop\/teddyarchy-cap\/#primaryimage","url":"https:\/\/gate21.ee\/wp-content\/uploads\/2025\/06\/Gorra-rosa2-cap-frontal2-scaled.webp","contentUrl":"https:\/\/gate21.ee\/wp-content\/uploads\/2025\/06\/Gorra-rosa2-cap-frontal2-scaled.webp","width":1707,"height":2560,"caption":"The Teddyarchy Cap is a red baseball cap with a pink peak, showcasing an embroidered cartoon bear in a yellow shirt, white trousers, and green shoes. Ideal for curated gift shops or playful Estonian design fans. Light grey background. Gate21.ee"},{"@type":"BreadcrumbList","@id":"https:\/\/gate21.ee\/shop\/teddyarchy-cap\/#breadcrumb","itemListElement":[{"@type":"ListItem","position":1,"name":"Home","item":"https:\/\/gate21.ee\/"},{"@type":"ListItem","position":2,"name":"Teddyarchy Cap"}]},{"@type":"WebSite","@id":"https:\/\/gate21.ee\/#website","url":"https:\/\/gate21.ee\/","name":"Gate21","description":"Kingituskontseptsioonipood Gate21","publisher":{"@id":"https:\/\/gate21.ee\/#organization"},"alternateName":"gate21","potentialAction":[{"@type":"SearchAction","target":{"@type":"EntryPoint","urlTemplate":"https:\/\/gate21.ee\/?s={search_term_string}"},"query-input":{"@type":"PropertyValueSpecification","valueRequired":true,"valueName":"search_term_string"}}],"inLanguage":"et"},{"@type":"Organization","@id":"https:\/\/gate21.ee\/#organization","name":"Gate21","alternateName":"Gate21, Oma Asi and Oma Asi Design Store","url":"https:\/\/gate21.ee\/","logo":{"@type":"ImageObject","inLanguage":"et","@id":"https:\/\/gate21.ee\/#\/schema\/logo\/image\/","url":"https:\/\/gate21.ee\/wp-content\/uploads\/2021\/11\/Gate_21_Logo_2_Valge.png","contentUrl":"https:\/\/gate21.ee\/wp-content\/uploads\/2021\/11\/Gate_21_Logo_2_Valge.png","width":2560,"height":2560,"caption":"Gate21"},"image":{"@id":"https:\/\/gate21.ee\/#\/schema\/logo\/image\/"},"sameAs":["https:\/\/www.facebook.com\/gate21.ee\/","https:\/\/www.instagram.com\/gate21.ee\/","https:\/\/www.instagram.com\/omaasidesign\/","https:\/\/www.instagram.com\/omaasi\/","https:\/\/www.facebook.com\/omaasidesign\/","https:\/\/www.facebook.com\/omaasilittleredhouse\/","https:\/\/www.tiktok.com\/@gate21.ee"]}]}},"jetpack_sharing_enabled":true,"brands":[{"id":605,"name":"Outsiders Division","slug":"outsiders_division"}],"_links":{"self":[{"href":"https:\/\/gate21.ee\/et\/wp-json\/wp\/v2\/product\/216985","targetHints":{"allow":["GET"]}}],"collection":[{"href":"https:\/\/gate21.ee\/et\/wp-json\/wp\/v2\/product"}],"about":[{"href":"https:\/\/gate21.ee\/et\/wp-json\/wp\/v2\/types\/product"}],"replies":[{"embeddable":true,"href":"https:\/\/gate21.ee\/et\/wp-json\/wp\/v2\/comments?post=216985"}],"version-history":[{"count":1,"href":"https:\/\/gate21.ee\/et\/wp-json\/wp\/v2\/product\/216985\/revisions"}],"predecessor-version":[{"id":216988,"href":"https:\/\/gate21.ee\/et\/wp-json\/wp\/v2\/product\/216985\/revisions\/216988"}],"wp:featuredmedia":[{"embeddable":true,"href":"https:\/\/gate21.ee\/et\/wp-json\/wp\/v2\/media\/216986"}],"wp:attachment":[{"href":"https:\/\/gate21.ee\/et\/wp-json\/wp\/v2\/media?parent=216985"}],"wp:term":[{"taxonomy":"pwb-brand","embeddable":true,"href":"https:\/\/gate21.ee\/et\/wp-json\/wp\/v2\/pwb-brand?post=216985"},{"taxonomy":"product_brand","embeddable":true,"href":"https:\/\/gate21.ee\/et\/wp-json\/wp\/v2\/product_brand?post=216985"},{"taxonomy":"product_cat","embeddable":true,"href":"https:\/\/gate21.ee\/et\/wp-json\/wp\/v2\/product_cat?post=216985"},{"taxonomy":"product_tag","embeddable":true,"href":"https:\/\/gate21.ee\/et\/wp-json\/wp\/v2\/product_tag?post=216985"}],"curies":[{"name":"wp","href":"https:\/\/api.w.org\/{rel}","templated":true}]}}