{"id":210624,"date":"2025-05-02T13:47:00","date_gmt":"2025-05-02T10:47:00","guid":{"rendered":"https:\/\/gate21.ee\/?post_type=product&#038;p=210624"},"modified":"2026-03-18T15:10:18","modified_gmt":"2026-03-18T13:10:18","slug":"papillon-blue-light-marine-blue-0-0","status":"publish","type":"product","link":"https:\/\/gate21.ee\/et\/shop\/papillon-blue-light-marine-blue-0-0\/","title":{"rendered":"PAPILLON - Sinine valgus - S\u00fcgavsinine 0.0"},"content":{"rendered":"<p>LoopLabbi raamid on praktiliselt h\u00e4vimatud, optikakvaliteediga \u00fcli\u00f5hukeste akr\u00fc\u00fclklaasidega.<\/p>\n<p>Sinise valguse filter on integreeritud CR39 l\u00e4\u00e4tsedesse ja blokeerib 98% kahjuliku sinise UV-kiirguse. Seet\u00f5ttu on meie l\u00e4\u00e4tsede kvaliteet ainulaadne. L\u00e4\u00e4tsed on kaetud peegeldusvastase kattega esi- ja tagak\u00fcljel.<\/p>\n<p><i>\u201cMeie missioon LoopLabbis: kvaliteetsete prillide uuesti defineerimine. Inimene inimese ja raami vastu, me elame oma visiooni j\u00e4rgi. \u201c<\/i><\/p>\n<p><i>N\u00fc\u00fcd t\u00f6\u00f6tame k\u00f5igepealt oma j\u00e4tkusuutlikkuse eesm\u00e4rkide kallal, sealhulgas v\u00e4hendame oma keskkonnam\u00f5ju miinimumini, suurendame oma positiivset m\u00f5ju keskkonnale ja parandame tuhandete inimeste elu meie v\u00e4\u00e4rtusahelas.<\/i><\/p>\n<p><a href=\"https:\/\/looplabb.com\/\"><img fetchpriority=\"high\" decoding=\"async\" class=\"size-medium wp-image-189592 aligncenter\" src=\"https:\/\/gate21.ee\/wp-content\/uploads\/2024\/09\/6488b45a-9b45-469f-9a7a-ee2c02b9c2e3-300x300.jpg\" alt=\"\" width=\"300\" height=\"300\" srcset=\"https:\/\/gate21.ee\/wp-content\/uploads\/2024\/09\/6488b45a-9b45-469f-9a7a-ee2c02b9c2e3-300x300.jpg 300w, https:\/\/gate21.ee\/wp-content\/uploads\/2024\/09\/6488b45a-9b45-469f-9a7a-ee2c02b9c2e3-1024x1024.jpg 1024w, https:\/\/gate21.ee\/wp-content\/uploads\/2024\/09\/6488b45a-9b45-469f-9a7a-ee2c02b9c2e3-150x150.jpg 150w, https:\/\/gate21.ee\/wp-content\/uploads\/2024\/09\/6488b45a-9b45-469f-9a7a-ee2c02b9c2e3-768x768.jpg 768w, https:\/\/gate21.ee\/wp-content\/uploads\/2024\/09\/6488b45a-9b45-469f-9a7a-ee2c02b9c2e3-1536x1536.jpg 1536w, https:\/\/gate21.ee\/wp-content\/uploads\/2024\/09\/6488b45a-9b45-469f-9a7a-ee2c02b9c2e3-12x12.jpg 12w, https:\/\/gate21.ee\/wp-content\/uploads\/2024\/09\/6488b45a-9b45-469f-9a7a-ee2c02b9c2e3-1320x1320.jpg 1320w, https:\/\/gate21.ee\/wp-content\/uploads\/2024\/09\/6488b45a-9b45-469f-9a7a-ee2c02b9c2e3-600x600.jpg 600w, https:\/\/gate21.ee\/wp-content\/uploads\/2024\/09\/6488b45a-9b45-469f-9a7a-ee2c02b9c2e3-100x100.jpg 100w, https:\/\/gate21.ee\/wp-content\/uploads\/2024\/09\/6488b45a-9b45-469f-9a7a-ee2c02b9c2e3-50x50.jpg 50w, https:\/\/gate21.ee\/wp-content\/uploads\/2024\/09\/6488b45a-9b45-469f-9a7a-ee2c02b9c2e3.jpg 1575w\" sizes=\"(max-width: 300px) 100vw, 300px\" \/><\/a><\/p>\n<p>Iga LoopLabbi raam on valmistatud k\u00e4sitsi. Raamid on valmistatud terve s\u00fcdamiku v\u00e4rvi raamiga, mis tagab v\u00e4rvide \u00fchtluse, vastupidavuse ja integreeritud pehme katte.  Kriimustusvaba kate tagab usaldusv\u00e4\u00e4rse kristallselge n\u00e4gemise ka p\u00e4rast pikaajalist intensiivset kasutamist. Kogu kollektsioonil on ka T\u00dcV-sertifikaat.<\/p>","protected":false},"excerpt":{"rendered":"<p>LoopLabb frames are virtually indestructible, with ultra-thin acrylic lenses of optician-quality. The blue light filter is integrated into the CR39 lenses and blocks 98% of harmful blue UV. The quality of our lenses is therefore unique. The lenses are coated with an anti-reflective coating on the front and back. \u201cOur mission at LoopLabb: redefining quality [&hellip;]<\/p>\n","protected":false},"featured_media":210625,"comment_status":"closed","ping_status":"closed","template":"","meta":{"site-sidebar-layout":"default","site-content-layout":"","ast-site-content-layout":"default","site-content-style":"default","site-sidebar-style":"default","ast-global-header-display":"","ast-banner-title-visibility":"","ast-main-header-display":"","ast-hfb-above-header-display":"","ast-hfb-below-header-display":"","ast-hfb-mobile-header-display":"","site-post-title":"","ast-breadcrumbs-content":"","ast-featured-img":"","footer-sml-layout":"","ast-disable-related-posts":"","theme-transparent-header-meta":"default","adv-header-id-meta":"","stick-header-meta":"default","header-above-stick-meta":"","header-main-stick-meta":"","header-below-stick-meta":"","astra-migrate-meta-layouts":"set","ast-page-background-enabled":"default","ast-page-background-meta":{"desktop":{"background-color":"","background-image":"","background-repeat":"repeat","background-position":"center center","background-size":"auto","background-attachment":"scroll","background-type":"","background-media":"","overlay-type":"","overlay-color":"","overlay-opacity":"","overlay-gradient":""},"tablet":{"background-color":"","background-image":"","background-repeat":"repeat","background-position":"center center","background-size":"auto","background-attachment":"scroll","background-type":"","background-media":"","overlay-type":"","overlay-color":"","overlay-opacity":"","overlay-gradient":""},"mobile":{"background-color":"","background-image":"","background-repeat":"repeat","background-position":"center center","background-size":"auto","background-attachment":"scroll","background-type":"","background-media":"","overlay-type":"","overlay-color":"","overlay-opacity":"","overlay-gradient":""}},"ast-content-background-meta":{"desktop":{"background-color":"var(--ast-global-color-5)","background-image":"","background-repeat":"repeat","background-position":"center center","background-size":"auto","background-attachment":"scroll","background-type":"","background-media":"","overlay-type":"","overlay-color":"","overlay-opacity":"","overlay-gradient":""},"tablet":{"background-color":"var(--ast-global-color-5)","background-image":"","background-repeat":"repeat","background-position":"center center","background-size":"auto","background-attachment":"scroll","background-type":"","background-media":"","overlay-type":"","overlay-color":"","overlay-opacity":"","overlay-gradient":""},"mobile":{"background-color":"var(--ast-global-color-5)","background-image":"","background-repeat":"repeat","background-position":"center center","background-size":"auto","background-attachment":"scroll","background-type":"","background-media":"","overlay-type":"","overlay-color":"","overlay-opacity":"","overlay-gradient":""}}},"pwb-brand":[598],"product_brand":[],"product_cat":[600],"product_tag":[],"class_list":{"0":"post-210624","1":"product","2":"type-product","3":"status-publish","4":"has-post-thumbnail","6":"pwb-brand-looplabb","7":"product_cat-eyewear","8":"desktop-align-center","9":"tablet-align-center","10":"mobile-align-center","11":"ast-product-gallery-layout-vertical","12":"ast-product-tabs-layout-horizontal","14":"first","15":"instock","16":"taxable","17":"shipping-taxable","18":"purchasable","19":"product-type-simple"},"yoast_head":"<!-- This site is optimized with the Yoast SEO plugin v27.4 - https:\/\/yoast.com\/product\/yoast-seo-wordpress\/ -->\n<title>PAPILLON - Blue Light - Marine Blue 0.0 &#8226; Gate21<\/title>\n<meta name=\"description\" content=\"LoopLabb frames are made by hand and are virtually indestructible, with ultra-thin acrylic lenses of optician-quality, whilst the scratch-free coating ensures reliable crystal-clear vision.\" \/>\n<meta name=\"robots\" content=\"index, follow, max-snippet:-1, max-image-preview:large, max-video-preview:-1\" \/>\n<link rel=\"canonical\" href=\"https:\/\/gate21.ee\/et\/shop\/papillon-blue-light-marine-blue-0-0\/\" \/>\n<meta property=\"og:locale\" content=\"et_EE\" \/>\n<meta property=\"og:type\" content=\"article\" \/>\n<meta property=\"og:title\" content=\"PAPILLON - Blue Light - Marine Blue 0.0 &#8226; Gate21\" \/>\n<meta property=\"og:description\" content=\"LoopLabb frames are made by hand and are virtually indestructible, with ultra-thin acrylic lenses of optician-quality, whilst the scratch-free coating ensures reliable crystal-clear vision.\" \/>\n<meta property=\"og:url\" content=\"https:\/\/gate21.ee\/et\/shop\/papillon-blue-light-marine-blue-0-0\/\" \/>\n<meta property=\"og:site_name\" content=\"Gate21\" \/>\n<meta property=\"article:publisher\" content=\"https:\/\/www.facebook.com\/gate21.ee\/\" \/>\n<meta property=\"article:modified_time\" content=\"2026-03-18T13:10:18+00:00\" \/>\n<meta property=\"og:image\" content=\"https:\/\/gate21.ee\/wp-content\/uploads\/2025\/05\/BLG_Papillon_Blue_Marine.png\" \/>\n\t<meta property=\"og:image:width\" content=\"848\" \/>\n\t<meta property=\"og:image:height\" content=\"848\" \/>\n\t<meta property=\"og:image:type\" content=\"image\/png\" \/>\n<meta name=\"twitter:card\" content=\"summary_large_image\" \/>\n<meta name=\"twitter:label1\" content=\"Est. reading time\" \/>\n\t<meta name=\"twitter:data1\" content=\"2 minutit\" \/>\n<script type=\"application\/ld+json\" class=\"yoast-schema-graph\">{\"@context\":\"https:\\\/\\\/schema.org\",\"@graph\":[{\"@type\":\"WebPage\",\"@id\":\"https:\\\/\\\/gate21.ee\\\/shop\\\/papillon-blue-light-marine-blue-0-0\\\/\",\"url\":\"https:\\\/\\\/gate21.ee\\\/shop\\\/papillon-blue-light-marine-blue-0-0\\\/\",\"name\":\"PAPILLON - Blue Light - Marine Blue 0.0 &#8226; Gate21\",\"isPartOf\":{\"@id\":\"https:\\\/\\\/gate21.ee\\\/#website\"},\"primaryImageOfPage\":{\"@id\":\"https:\\\/\\\/gate21.ee\\\/shop\\\/papillon-blue-light-marine-blue-0-0\\\/#primaryimage\"},\"image\":{\"@id\":\"https:\\\/\\\/gate21.ee\\\/shop\\\/papillon-blue-light-marine-blue-0-0\\\/#primaryimage\"},\"thumbnailUrl\":\"https:\\\/\\\/gate21.ee\\\/wp-content\\\/uploads\\\/2025\\\/05\\\/BLG_Papillon_Blue_Marine.png\",\"datePublished\":\"2025-05-02T10:47:00+00:00\",\"dateModified\":\"2026-03-18T13:10:18+00:00\",\"description\":\"LoopLabb frames are made by hand and are virtually indestructible, with ultra-thin acrylic lenses of optician-quality, whilst the scratch-free coating ensures reliable crystal-clear vision.\",\"breadcrumb\":{\"@id\":\"https:\\\/\\\/gate21.ee\\\/shop\\\/papillon-blue-light-marine-blue-0-0\\\/#breadcrumb\"},\"inLanguage\":\"et\",\"potentialAction\":[{\"@type\":\"ReadAction\",\"target\":[\"https:\\\/\\\/gate21.ee\\\/shop\\\/papillon-blue-light-marine-blue-0-0\\\/\"]}]},{\"@type\":\"ImageObject\",\"inLanguage\":\"et\",\"@id\":\"https:\\\/\\\/gate21.ee\\\/shop\\\/papillon-blue-light-marine-blue-0-0\\\/#primaryimage\",\"url\":\"https:\\\/\\\/gate21.ee\\\/wp-content\\\/uploads\\\/2025\\\/05\\\/BLG_Papillon_Blue_Marine.png\",\"contentUrl\":\"https:\\\/\\\/gate21.ee\\\/wp-content\\\/uploads\\\/2025\\\/05\\\/BLG_Papillon_Blue_Marine.png\",\"width\":848,\"height\":848,\"caption\":\"The PAPILLON - Blue Light - Marine Blue 0.0 spectacles feature round frames and transparent lenses, with a blue label highlighting their blue light blocker\u2014perfect as an Estonian design gift or a unique Tallinn shopping find. Gate21.ee\"},{\"@type\":\"BreadcrumbList\",\"@id\":\"https:\\\/\\\/gate21.ee\\\/shop\\\/papillon-blue-light-marine-blue-0-0\\\/#breadcrumb\",\"itemListElement\":[{\"@type\":\"ListItem\",\"position\":1,\"name\":\"Home\",\"item\":\"https:\\\/\\\/gate21.ee\\\/\"},{\"@type\":\"ListItem\",\"position\":2,\"name\":\"PAPILLON &#8211; Blue Light &#8211; Marine Blue 0.0\"}]},{\"@type\":\"WebSite\",\"@id\":\"https:\\\/\\\/gate21.ee\\\/#website\",\"url\":\"https:\\\/\\\/gate21.ee\\\/\",\"name\":\"Gate21\",\"description\":\"Gift concept store Gate21\",\"publisher\":{\"@id\":\"https:\\\/\\\/gate21.ee\\\/#organization\"},\"alternateName\":\"gate21\",\"potentialAction\":[{\"@type\":\"SearchAction\",\"target\":{\"@type\":\"EntryPoint\",\"urlTemplate\":\"https:\\\/\\\/gate21.ee\\\/?s={search_term_string}\"},\"query-input\":{\"@type\":\"PropertyValueSpecification\",\"valueRequired\":true,\"valueName\":\"search_term_string\"}}],\"inLanguage\":\"et\"},{\"@type\":\"Organization\",\"@id\":\"https:\\\/\\\/gate21.ee\\\/#organization\",\"name\":\"Gate21\",\"alternateName\":\"Gate21, Oma Asi and Oma Asi Design Store\",\"url\":\"https:\\\/\\\/gate21.ee\\\/\",\"logo\":{\"@type\":\"ImageObject\",\"inLanguage\":\"et\",\"@id\":\"https:\\\/\\\/gate21.ee\\\/#\\\/schema\\\/logo\\\/image\\\/\",\"url\":\"https:\\\/\\\/gate21.ee\\\/wp-content\\\/uploads\\\/2021\\\/11\\\/Gate_21_Logo_2_Valge.png\",\"contentUrl\":\"https:\\\/\\\/gate21.ee\\\/wp-content\\\/uploads\\\/2021\\\/11\\\/Gate_21_Logo_2_Valge.png\",\"width\":2560,\"height\":2560,\"caption\":\"Gate21\"},\"image\":{\"@id\":\"https:\\\/\\\/gate21.ee\\\/#\\\/schema\\\/logo\\\/image\\\/\"},\"sameAs\":[\"https:\\\/\\\/www.facebook.com\\\/gate21.ee\\\/\",\"https:\\\/\\\/www.instagram.com\\\/gate21.ee\\\/\",\"https:\\\/\\\/www.instagram.com\\\/omaasidesign\\\/\",\"https:\\\/\\\/www.instagram.com\\\/omaasi\\\/\",\"https:\\\/\\\/www.facebook.com\\\/omaasidesign\\\/\",\"https:\\\/\\\/www.facebook.com\\\/omaasilittleredhouse\\\/\",\"https:\\\/\\\/www.tiktok.com\\\/@gate21.ee\"]}]}<\/script>\n<!-- \/ Yoast SEO plugin. -->","yoast_head_json":{"title":"PAPILLON - Blue Light - Marine Blue 0.0 &#8226; Gate21","description":"LoopLabb frames are made by hand and are virtually indestructible, with ultra-thin acrylic lenses of optician-quality, whilst the scratch-free coating ensures reliable crystal-clear vision.","robots":{"index":"index","follow":"follow","max-snippet":"max-snippet:-1","max-image-preview":"max-image-preview:large","max-video-preview":"max-video-preview:-1"},"canonical":"https:\/\/gate21.ee\/et\/shop\/papillon-blue-light-marine-blue-0-0\/","og_locale":"et_EE","og_type":"article","og_title":"PAPILLON - Blue Light - Marine Blue 0.0 &#8226; Gate21","og_description":"LoopLabb frames are made by hand and are virtually indestructible, with ultra-thin acrylic lenses of optician-quality, whilst the scratch-free coating ensures reliable crystal-clear vision.","og_url":"https:\/\/gate21.ee\/et\/shop\/papillon-blue-light-marine-blue-0-0\/","og_site_name":"Gate21","article_publisher":"https:\/\/www.facebook.com\/gate21.ee\/","article_modified_time":"2026-03-18T13:10:18+00:00","og_image":[{"width":848,"height":848,"url":"https:\/\/gate21.ee\/wp-content\/uploads\/2025\/05\/BLG_Papillon_Blue_Marine.png","type":"image\/png"}],"twitter_card":"summary_large_image","twitter_misc":{"Est. reading time":"2 minutit"},"schema":{"@context":"https:\/\/schema.org","@graph":[{"@type":"WebPage","@id":"https:\/\/gate21.ee\/shop\/papillon-blue-light-marine-blue-0-0\/","url":"https:\/\/gate21.ee\/shop\/papillon-blue-light-marine-blue-0-0\/","name":"PAPILLON - Blue Light - Marine Blue 0.0 &#8226; Gate21","isPartOf":{"@id":"https:\/\/gate21.ee\/#website"},"primaryImageOfPage":{"@id":"https:\/\/gate21.ee\/shop\/papillon-blue-light-marine-blue-0-0\/#primaryimage"},"image":{"@id":"https:\/\/gate21.ee\/shop\/papillon-blue-light-marine-blue-0-0\/#primaryimage"},"thumbnailUrl":"https:\/\/gate21.ee\/wp-content\/uploads\/2025\/05\/BLG_Papillon_Blue_Marine.png","datePublished":"2025-05-02T10:47:00+00:00","dateModified":"2026-03-18T13:10:18+00:00","description":"LoopLabb frames are made by hand and are virtually indestructible, with ultra-thin acrylic lenses of optician-quality, whilst the scratch-free coating ensures reliable crystal-clear vision.","breadcrumb":{"@id":"https:\/\/gate21.ee\/shop\/papillon-blue-light-marine-blue-0-0\/#breadcrumb"},"inLanguage":"et","potentialAction":[{"@type":"ReadAction","target":["https:\/\/gate21.ee\/shop\/papillon-blue-light-marine-blue-0-0\/"]}]},{"@type":"ImageObject","inLanguage":"et","@id":"https:\/\/gate21.ee\/shop\/papillon-blue-light-marine-blue-0-0\/#primaryimage","url":"https:\/\/gate21.ee\/wp-content\/uploads\/2025\/05\/BLG_Papillon_Blue_Marine.png","contentUrl":"https:\/\/gate21.ee\/wp-content\/uploads\/2025\/05\/BLG_Papillon_Blue_Marine.png","width":848,"height":848,"caption":"The PAPILLON - Blue Light - Marine Blue 0.0 spectacles feature round frames and transparent lenses, with a blue label highlighting their blue light blocker\u2014perfect as an Estonian design gift or a unique Tallinn shopping find. Gate21.ee"},{"@type":"BreadcrumbList","@id":"https:\/\/gate21.ee\/shop\/papillon-blue-light-marine-blue-0-0\/#breadcrumb","itemListElement":[{"@type":"ListItem","position":1,"name":"Home","item":"https:\/\/gate21.ee\/"},{"@type":"ListItem","position":2,"name":"PAPILLON &#8211; Blue Light &#8211; Marine Blue 0.0"}]},{"@type":"WebSite","@id":"https:\/\/gate21.ee\/#website","url":"https:\/\/gate21.ee\/","name":"Gate21","description":"Kingituskontseptsioonipood Gate21","publisher":{"@id":"https:\/\/gate21.ee\/#organization"},"alternateName":"gate21","potentialAction":[{"@type":"SearchAction","target":{"@type":"EntryPoint","urlTemplate":"https:\/\/gate21.ee\/?s={search_term_string}"},"query-input":{"@type":"PropertyValueSpecification","valueRequired":true,"valueName":"search_term_string"}}],"inLanguage":"et"},{"@type":"Organization","@id":"https:\/\/gate21.ee\/#organization","name":"Gate21","alternateName":"Gate21, Oma Asi and Oma Asi Design Store","url":"https:\/\/gate21.ee\/","logo":{"@type":"ImageObject","inLanguage":"et","@id":"https:\/\/gate21.ee\/#\/schema\/logo\/image\/","url":"https:\/\/gate21.ee\/wp-content\/uploads\/2021\/11\/Gate_21_Logo_2_Valge.png","contentUrl":"https:\/\/gate21.ee\/wp-content\/uploads\/2021\/11\/Gate_21_Logo_2_Valge.png","width":2560,"height":2560,"caption":"Gate21"},"image":{"@id":"https:\/\/gate21.ee\/#\/schema\/logo\/image\/"},"sameAs":["https:\/\/www.facebook.com\/gate21.ee\/","https:\/\/www.instagram.com\/gate21.ee\/","https:\/\/www.instagram.com\/omaasidesign\/","https:\/\/www.instagram.com\/omaasi\/","https:\/\/www.facebook.com\/omaasidesign\/","https:\/\/www.facebook.com\/omaasilittleredhouse\/","https:\/\/www.tiktok.com\/@gate21.ee"]}]}},"jetpack_sharing_enabled":true,"brands":[{"id":598,"name":"Looplabb","slug":"looplabb"}],"_links":{"self":[{"href":"https:\/\/gate21.ee\/et\/wp-json\/wp\/v2\/product\/210624","targetHints":{"allow":["GET"]}}],"collection":[{"href":"https:\/\/gate21.ee\/et\/wp-json\/wp\/v2\/product"}],"about":[{"href":"https:\/\/gate21.ee\/et\/wp-json\/wp\/v2\/types\/product"}],"replies":[{"embeddable":true,"href":"https:\/\/gate21.ee\/et\/wp-json\/wp\/v2\/comments?post=210624"}],"version-history":[{"count":1,"href":"https:\/\/gate21.ee\/et\/wp-json\/wp\/v2\/product\/210624\/revisions"}],"predecessor-version":[{"id":210628,"href":"https:\/\/gate21.ee\/et\/wp-json\/wp\/v2\/product\/210624\/revisions\/210628"}],"wp:featuredmedia":[{"embeddable":true,"href":"https:\/\/gate21.ee\/et\/wp-json\/wp\/v2\/media\/210625"}],"wp:attachment":[{"href":"https:\/\/gate21.ee\/et\/wp-json\/wp\/v2\/media?parent=210624"}],"wp:term":[{"taxonomy":"pwb-brand","embeddable":true,"href":"https:\/\/gate21.ee\/et\/wp-json\/wp\/v2\/pwb-brand?post=210624"},{"taxonomy":"product_brand","embeddable":true,"href":"https:\/\/gate21.ee\/et\/wp-json\/wp\/v2\/product_brand?post=210624"},{"taxonomy":"product_cat","embeddable":true,"href":"https:\/\/gate21.ee\/et\/wp-json\/wp\/v2\/product_cat?post=210624"},{"taxonomy":"product_tag","embeddable":true,"href":"https:\/\/gate21.ee\/et\/wp-json\/wp\/v2\/product_tag?post=210624"}],"curies":[{"name":"wp","href":"https:\/\/api.w.org\/{rel}","templated":true}]}}