{"id":210305,"date":"2025-04-28T16:20:00","date_gmt":"2025-04-28T13:20:00","guid":{"rendered":"https:\/\/gate21.ee\/?post_type=product&#038;p=210305"},"modified":"2026-04-24T12:35:04","modified_gmt":"2026-04-24T09:35:04","slug":"fuck-off-sleeping-mask","status":"publish","type":"product","link":"https:\/\/gate21.ee\/et\/shop\/fuck-off-sleeping-mask\/","title":{"rendered":"\u201cFuck off!\u201d - unemask"},"content":{"rendered":"<p>Sellest mustast silmamaskist saab teie reisidel, hotellides ja isegi kodus kasutatav aksessuaar. Nii tagad, et miski ja keegi ei sega sinu unen\u00e4gusid!<\/p>\n<div class=\"images-scrolling-desktop__content-list\">\n<div class=\"images-scrolling__content\">\n<div class=\"prose\">\n<div class=\"scrollig-product-cont-text\">\n<p>See on valmistatud pol\u00fcestrist, mis muudab selle eriti mugavaks; te vaevalt m\u00e4rkate, et kannate seda. Sellel on ka kummipael , nii et see istub nii tihedalt, et \u00fckski valguskiir ei p\u00e4\u00e4se sisse.<\/p>\n<\/div>\n<\/div>\n<\/div>\n<\/div>\n<p><img decoding=\"async\" class=\"alignnone size-full wp-image-210233 aligncenter\" src=\"https:\/\/gate21.ee\/wp-content\/uploads\/2025\/04\/Logo_FISURA_vector_WEB.avif\" alt=\"\" width=\"260\" height=\"74\" srcset=\"https:\/\/gate21.ee\/wp-content\/uploads\/2025\/04\/Logo_FISURA_vector_WEB.avif 260w, https:\/\/gate21.ee\/wp-content\/uploads\/2025\/04\/Logo_FISURA_vector_WEB-18x5.avif 18w\" sizes=\"(max-width: 260px) 100vw, 260px\" \/><\/p>\n<p>Fisura on kodukaunistuse ja kingituste br\u00e4nd k\u00f5ige ebakonformistlikumatele, v\u00e4simatutele erinevuste ja uute trendide otsijatele, neile, kes p\u00f6\u00f6ravad t\u00e4helepanu detailidele ja p\u00fc\u00fcavad alati \u00fcllatada... ja ka teile, kes te seda loete.<\/p>\n<p class=\"translation-block\">Meie eesm\u00e4rk on inspireerida teid heade emotsioonide kaudu. Fisura s\u00fcndis eesm\u00e4rgiga edastada neid \u201ehead emotsioone\u201c, mis meid nii v\u00e4ga esindavad, ja tuua naeratus n\u00e4ole meie disainide loovuse kaudu. Meie jaoks on uuele kollektsioonile ainult kolm vastust: JAH, EI ja VAU.  VAU on see, mida me p\u00fc\u00fcame esile kutsuda.<\/p>","protected":false},"excerpt":{"rendered":"<p>This black eye mask will become your\u00a0go-to accessory for travel, hotels, and even at home. You&#8217;ll make sure nothing and no one interrupts your dreams! It&#8217;s made of\u00a0polyester\u00a0, which makes it extra comfortable; you&#8217;ll barely notice you&#8217;re wearing it. It also has an\u00a0elastic band , so it fits so snugly that not a single ray [&hellip;]<\/p>\n","protected":false},"featured_media":238129,"comment_status":"closed","ping_status":"closed","template":"","meta":{"site-sidebar-layout":"default","site-content-layout":"","ast-site-content-layout":"default","site-content-style":"default","site-sidebar-style":"default","ast-global-header-display":"","ast-banner-title-visibility":"","ast-main-header-display":"","ast-hfb-above-header-display":"","ast-hfb-below-header-display":"","ast-hfb-mobile-header-display":"","site-post-title":"","ast-breadcrumbs-content":"","ast-featured-img":"","footer-sml-layout":"","ast-disable-related-posts":"","theme-transparent-header-meta":"default","adv-header-id-meta":"","stick-header-meta":"default","header-above-stick-meta":"","header-main-stick-meta":"","header-below-stick-meta":"","astra-migrate-meta-layouts":"set","ast-page-background-enabled":"default","ast-page-background-meta":{"desktop":{"background-color":"","background-image":"","background-repeat":"repeat","background-position":"center center","background-size":"auto","background-attachment":"scroll","background-type":"","background-media":"","overlay-type":"","overlay-color":"","overlay-opacity":"","overlay-gradient":""},"tablet":{"background-color":"","background-image":"","background-repeat":"repeat","background-position":"center center","background-size":"auto","background-attachment":"scroll","background-type":"","background-media":"","overlay-type":"","overlay-color":"","overlay-opacity":"","overlay-gradient":""},"mobile":{"background-color":"","background-image":"","background-repeat":"repeat","background-position":"center center","background-size":"auto","background-attachment":"scroll","background-type":"","background-media":"","overlay-type":"","overlay-color":"","overlay-opacity":"","overlay-gradient":""}},"ast-content-background-meta":{"desktop":{"background-color":"var(--ast-global-color-5)","background-image":"","background-repeat":"repeat","background-position":"center center","background-size":"auto","background-attachment":"scroll","background-type":"","background-media":"","overlay-type":"","overlay-color":"","overlay-opacity":"","overlay-gradient":""},"tablet":{"background-color":"var(--ast-global-color-5)","background-image":"","background-repeat":"repeat","background-position":"center center","background-size":"auto","background-attachment":"scroll","background-type":"","background-media":"","overlay-type":"","overlay-color":"","overlay-opacity":"","overlay-gradient":""},"mobile":{"background-color":"var(--ast-global-color-5)","background-image":"","background-repeat":"repeat","background-position":"center center","background-size":"auto","background-attachment":"scroll","background-type":"","background-media":"","overlay-type":"","overlay-color":"","overlay-opacity":"","overlay-gradient":""}}},"pwb-brand":[622],"product_brand":[],"product_cat":[213,624],"product_tag":[],"class_list":{"0":"post-210305","1":"product","2":"type-product","3":"status-publish","4":"has-post-thumbnail","6":"pwb-brand-fisura","7":"product_cat-accessories","8":"product_cat-sleeping-masks","9":"desktop-align-center","10":"tablet-align-center","11":"mobile-align-center","12":"ast-product-gallery-layout-vertical","13":"ast-product-tabs-layout-horizontal","15":"first","16":"instock","17":"featured","18":"taxable","19":"shipping-taxable","20":"purchasable","21":"product-type-simple"},"yoast_head":"<!-- This site is optimized with the Yoast SEO plugin v27.4 - https:\/\/yoast.com\/product\/yoast-seo-wordpress\/ -->\n<title>&quot;Fuck off!&quot; - sleeping mask &#8226; Gate21<\/title>\n<meta name=\"robots\" content=\"index, follow, max-snippet:-1, max-image-preview:large, max-video-preview:-1\" \/>\n<link rel=\"canonical\" href=\"https:\/\/gate21.ee\/et\/shop\/fuck-off-sleeping-mask\/\" \/>\n<meta property=\"og:locale\" content=\"et_EE\" \/>\n<meta property=\"og:type\" content=\"article\" \/>\n<meta property=\"og:title\" content=\"&quot;Fuck off!&quot; - sleeping mask &#8226; Gate21\" \/>\n<meta property=\"og:description\" content=\"This black eye mask will become your\u00a0go-to accessory for travel, hotels, and even at home. You&#8217;ll make sure nothing and no one interrupts your dreams! It&#8217;s made of\u00a0polyester\u00a0, which makes it extra comfortable; you&#8217;ll barely notice you&#8217;re wearing it. It also has an\u00a0elastic band , so it fits so snugly that not a single ray [&hellip;]\" \/>\n<meta property=\"og:url\" content=\"https:\/\/gate21.ee\/et\/shop\/fuck-off-sleeping-mask\/\" \/>\n<meta property=\"og:site_name\" content=\"Gate21\" \/>\n<meta property=\"article:publisher\" content=\"https:\/\/www.facebook.com\/gate21.ee\/\" \/>\n<meta property=\"article:modified_time\" content=\"2026-04-24T09:35:04+00:00\" \/>\n<meta property=\"og:image\" content=\"https:\/\/gate21.ee\/wp-content\/uploads\/2025\/04\/fck-off-mask.jpg.webp\" \/>\n\t<meta property=\"og:image:width\" content=\"2048\" \/>\n\t<meta property=\"og:image:height\" content=\"2048\" \/>\n\t<meta property=\"og:image:type\" content=\"image\/webp\" \/>\n<meta name=\"twitter:card\" content=\"summary_large_image\" \/>\n<meta name=\"twitter:label1\" content=\"Est. reading time\" \/>\n\t<meta name=\"twitter:data1\" content=\"2 minutit\" \/>\n<script type=\"application\/ld+json\" class=\"yoast-schema-graph\">{\"@context\":\"https:\\\/\\\/schema.org\",\"@graph\":[{\"@type\":\"WebPage\",\"@id\":\"https:\\\/\\\/gate21.ee\\\/shop\\\/fuck-off-sleeping-mask\\\/\",\"url\":\"https:\\\/\\\/gate21.ee\\\/shop\\\/fuck-off-sleeping-mask\\\/\",\"name\":\"\\\"Fuck off!\\\" - sleeping mask &#8226; Gate21\",\"isPartOf\":{\"@id\":\"https:\\\/\\\/gate21.ee\\\/#website\"},\"primaryImageOfPage\":{\"@id\":\"https:\\\/\\\/gate21.ee\\\/shop\\\/fuck-off-sleeping-mask\\\/#primaryimage\"},\"image\":{\"@id\":\"https:\\\/\\\/gate21.ee\\\/shop\\\/fuck-off-sleeping-mask\\\/#primaryimage\"},\"thumbnailUrl\":\"https:\\\/\\\/gate21.ee\\\/wp-content\\\/uploads\\\/2025\\\/04\\\/fck-off-mask.jpg.webp\",\"datePublished\":\"2025-04-28T13:20:00+00:00\",\"dateModified\":\"2026-04-24T09:35:04+00:00\",\"breadcrumb\":{\"@id\":\"https:\\\/\\\/gate21.ee\\\/shop\\\/fuck-off-sleeping-mask\\\/#breadcrumb\"},\"inLanguage\":\"et\",\"potentialAction\":[{\"@type\":\"ReadAction\",\"target\":[\"https:\\\/\\\/gate21.ee\\\/shop\\\/fuck-off-sleeping-mask\\\/\"]}]},{\"@type\":\"ImageObject\",\"inLanguage\":\"et\",\"@id\":\"https:\\\/\\\/gate21.ee\\\/shop\\\/fuck-off-sleeping-mask\\\/#primaryimage\",\"url\":\"https:\\\/\\\/gate21.ee\\\/wp-content\\\/uploads\\\/2025\\\/04\\\/fck-off-mask.jpg.webp\",\"contentUrl\":\"https:\\\/\\\/gate21.ee\\\/wp-content\\\/uploads\\\/2025\\\/04\\\/fck-off-mask.jpg.webp\",\"width\":2048,\"height\":2048,\"caption\":\"The \\\"Fuck off!\\\" sleep mask is black with bold white lettering and elastic straps\u2014ideal for cheeky gifting or Tallinn shopping. Gate21.ee\"},{\"@type\":\"BreadcrumbList\",\"@id\":\"https:\\\/\\\/gate21.ee\\\/shop\\\/fuck-off-sleeping-mask\\\/#breadcrumb\",\"itemListElement\":[{\"@type\":\"ListItem\",\"position\":1,\"name\":\"Home\",\"item\":\"https:\\\/\\\/gate21.ee\\\/\"},{\"@type\":\"ListItem\",\"position\":2,\"name\":\"&#8220;Fuck off!&#8221; &#8211; sleeping mask\"}]},{\"@type\":\"WebSite\",\"@id\":\"https:\\\/\\\/gate21.ee\\\/#website\",\"url\":\"https:\\\/\\\/gate21.ee\\\/\",\"name\":\"Gate21\",\"description\":\"Gift concept store Gate21\",\"publisher\":{\"@id\":\"https:\\\/\\\/gate21.ee\\\/#organization\"},\"alternateName\":\"gate21\",\"potentialAction\":[{\"@type\":\"SearchAction\",\"target\":{\"@type\":\"EntryPoint\",\"urlTemplate\":\"https:\\\/\\\/gate21.ee\\\/?s={search_term_string}\"},\"query-input\":{\"@type\":\"PropertyValueSpecification\",\"valueRequired\":true,\"valueName\":\"search_term_string\"}}],\"inLanguage\":\"et\"},{\"@type\":\"Organization\",\"@id\":\"https:\\\/\\\/gate21.ee\\\/#organization\",\"name\":\"Gate21\",\"alternateName\":\"Gate21, Oma Asi and Oma Asi Design Store\",\"url\":\"https:\\\/\\\/gate21.ee\\\/\",\"logo\":{\"@type\":\"ImageObject\",\"inLanguage\":\"et\",\"@id\":\"https:\\\/\\\/gate21.ee\\\/#\\\/schema\\\/logo\\\/image\\\/\",\"url\":\"https:\\\/\\\/gate21.ee\\\/wp-content\\\/uploads\\\/2021\\\/11\\\/Gate_21_Logo_2_Valge.png\",\"contentUrl\":\"https:\\\/\\\/gate21.ee\\\/wp-content\\\/uploads\\\/2021\\\/11\\\/Gate_21_Logo_2_Valge.png\",\"width\":2560,\"height\":2560,\"caption\":\"Gate21\"},\"image\":{\"@id\":\"https:\\\/\\\/gate21.ee\\\/#\\\/schema\\\/logo\\\/image\\\/\"},\"sameAs\":[\"https:\\\/\\\/www.facebook.com\\\/gate21.ee\\\/\",\"https:\\\/\\\/www.instagram.com\\\/gate21.ee\\\/\",\"https:\\\/\\\/www.instagram.com\\\/omaasidesign\\\/\",\"https:\\\/\\\/www.instagram.com\\\/omaasi\\\/\",\"https:\\\/\\\/www.facebook.com\\\/omaasidesign\\\/\",\"https:\\\/\\\/www.facebook.com\\\/omaasilittleredhouse\\\/\",\"https:\\\/\\\/www.tiktok.com\\\/@gate21.ee\"]}]}<\/script>\n<!-- \/ Yoast SEO plugin. -->","yoast_head_json":{"title":"\"Fuck off!\" - sleeping mask &#8226; Gate21","robots":{"index":"index","follow":"follow","max-snippet":"max-snippet:-1","max-image-preview":"max-image-preview:large","max-video-preview":"max-video-preview:-1"},"canonical":"https:\/\/gate21.ee\/et\/shop\/fuck-off-sleeping-mask\/","og_locale":"et_EE","og_type":"article","og_title":"\"Fuck off!\" - sleeping mask &#8226; Gate21","og_description":"This black eye mask will become your\u00a0go-to accessory for travel, hotels, and even at home. You&#8217;ll make sure nothing and no one interrupts your dreams! It&#8217;s made of\u00a0polyester\u00a0, which makes it extra comfortable; you&#8217;ll barely notice you&#8217;re wearing it. It also has an\u00a0elastic band , so it fits so snugly that not a single ray [&hellip;]","og_url":"https:\/\/gate21.ee\/et\/shop\/fuck-off-sleeping-mask\/","og_site_name":"Gate21","article_publisher":"https:\/\/www.facebook.com\/gate21.ee\/","article_modified_time":"2026-04-24T09:35:04+00:00","og_image":[{"width":2048,"height":2048,"url":"https:\/\/gate21.ee\/wp-content\/uploads\/2025\/04\/fck-off-mask.jpg.webp","type":"image\/webp"}],"twitter_card":"summary_large_image","twitter_misc":{"Est. reading time":"2 minutit"},"schema":{"@context":"https:\/\/schema.org","@graph":[{"@type":"WebPage","@id":"https:\/\/gate21.ee\/shop\/fuck-off-sleeping-mask\/","url":"https:\/\/gate21.ee\/shop\/fuck-off-sleeping-mask\/","name":"\"Fuck off!\" - sleeping mask &#8226; Gate21","isPartOf":{"@id":"https:\/\/gate21.ee\/#website"},"primaryImageOfPage":{"@id":"https:\/\/gate21.ee\/shop\/fuck-off-sleeping-mask\/#primaryimage"},"image":{"@id":"https:\/\/gate21.ee\/shop\/fuck-off-sleeping-mask\/#primaryimage"},"thumbnailUrl":"https:\/\/gate21.ee\/wp-content\/uploads\/2025\/04\/fck-off-mask.jpg.webp","datePublished":"2025-04-28T13:20:00+00:00","dateModified":"2026-04-24T09:35:04+00:00","breadcrumb":{"@id":"https:\/\/gate21.ee\/shop\/fuck-off-sleeping-mask\/#breadcrumb"},"inLanguage":"et","potentialAction":[{"@type":"ReadAction","target":["https:\/\/gate21.ee\/shop\/fuck-off-sleeping-mask\/"]}]},{"@type":"ImageObject","inLanguage":"et","@id":"https:\/\/gate21.ee\/shop\/fuck-off-sleeping-mask\/#primaryimage","url":"https:\/\/gate21.ee\/wp-content\/uploads\/2025\/04\/fck-off-mask.jpg.webp","contentUrl":"https:\/\/gate21.ee\/wp-content\/uploads\/2025\/04\/fck-off-mask.jpg.webp","width":2048,"height":2048,"caption":"The \"Fuck off!\" sleep mask is black with bold white lettering and elastic straps\u2014ideal for cheeky gifting or Tallinn shopping. Gate21.ee"},{"@type":"BreadcrumbList","@id":"https:\/\/gate21.ee\/shop\/fuck-off-sleeping-mask\/#breadcrumb","itemListElement":[{"@type":"ListItem","position":1,"name":"Home","item":"https:\/\/gate21.ee\/"},{"@type":"ListItem","position":2,"name":"&#8220;Fuck off!&#8221; &#8211; sleeping mask"}]},{"@type":"WebSite","@id":"https:\/\/gate21.ee\/#website","url":"https:\/\/gate21.ee\/","name":"Gate21","description":"Kingituskontseptsioonipood Gate21","publisher":{"@id":"https:\/\/gate21.ee\/#organization"},"alternateName":"gate21","potentialAction":[{"@type":"SearchAction","target":{"@type":"EntryPoint","urlTemplate":"https:\/\/gate21.ee\/?s={search_term_string}"},"query-input":{"@type":"PropertyValueSpecification","valueRequired":true,"valueName":"search_term_string"}}],"inLanguage":"et"},{"@type":"Organization","@id":"https:\/\/gate21.ee\/#organization","name":"Gate21","alternateName":"Gate21, Oma Asi and Oma Asi Design Store","url":"https:\/\/gate21.ee\/","logo":{"@type":"ImageObject","inLanguage":"et","@id":"https:\/\/gate21.ee\/#\/schema\/logo\/image\/","url":"https:\/\/gate21.ee\/wp-content\/uploads\/2021\/11\/Gate_21_Logo_2_Valge.png","contentUrl":"https:\/\/gate21.ee\/wp-content\/uploads\/2021\/11\/Gate_21_Logo_2_Valge.png","width":2560,"height":2560,"caption":"Gate21"},"image":{"@id":"https:\/\/gate21.ee\/#\/schema\/logo\/image\/"},"sameAs":["https:\/\/www.facebook.com\/gate21.ee\/","https:\/\/www.instagram.com\/gate21.ee\/","https:\/\/www.instagram.com\/omaasidesign\/","https:\/\/www.instagram.com\/omaasi\/","https:\/\/www.facebook.com\/omaasidesign\/","https:\/\/www.facebook.com\/omaasilittleredhouse\/","https:\/\/www.tiktok.com\/@gate21.ee"]}]}},"jetpack_sharing_enabled":true,"brands":[{"id":622,"name":"FISURA","slug":"fisura"}],"_links":{"self":[{"href":"https:\/\/gate21.ee\/et\/wp-json\/wp\/v2\/product\/210305","targetHints":{"allow":["GET"]}}],"collection":[{"href":"https:\/\/gate21.ee\/et\/wp-json\/wp\/v2\/product"}],"about":[{"href":"https:\/\/gate21.ee\/et\/wp-json\/wp\/v2\/types\/product"}],"replies":[{"embeddable":true,"href":"https:\/\/gate21.ee\/et\/wp-json\/wp\/v2\/comments?post=210305"}],"version-history":[{"count":1,"href":"https:\/\/gate21.ee\/et\/wp-json\/wp\/v2\/product\/210305\/revisions"}],"predecessor-version":[{"id":210308,"href":"https:\/\/gate21.ee\/et\/wp-json\/wp\/v2\/product\/210305\/revisions\/210308"}],"wp:featuredmedia":[{"embeddable":true,"href":"https:\/\/gate21.ee\/et\/wp-json\/wp\/v2\/media\/238129"}],"wp:attachment":[{"href":"https:\/\/gate21.ee\/et\/wp-json\/wp\/v2\/media?parent=210305"}],"wp:term":[{"taxonomy":"pwb-brand","embeddable":true,"href":"https:\/\/gate21.ee\/et\/wp-json\/wp\/v2\/pwb-brand?post=210305"},{"taxonomy":"product_brand","embeddable":true,"href":"https:\/\/gate21.ee\/et\/wp-json\/wp\/v2\/product_brand?post=210305"},{"taxonomy":"product_cat","embeddable":true,"href":"https:\/\/gate21.ee\/et\/wp-json\/wp\/v2\/product_cat?post=210305"},{"taxonomy":"product_tag","embeddable":true,"href":"https:\/\/gate21.ee\/et\/wp-json\/wp\/v2\/product_tag?post=210305"}],"curies":[{"name":"wp","href":"https:\/\/api.w.org\/{rel}","templated":true}]}}