{"id":210269,"date":"2025-04-28T16:02:00","date_gmt":"2025-04-28T13:02:00","guid":{"rendered":"https:\/\/gate21.ee\/?post_type=product&#038;p=210269"},"modified":"2026-04-05T16:49:04","modified_gmt":"2026-04-05T13:49:04","slug":"clouds-fan","status":"publish","type":"product","link":"https:\/\/gate21.ee\/et\/shop\/clouds-fan\/","title":{"rendered":"\u201cI\u00b4m chilling\u201d \u2013 lehvik"},"content":{"rendered":"<p>Kliimamuutused hakkavad oma m\u00f5ju avaldama ja iga aastaga l\u00e4heb aina kuumemaks. Kas olete m\u00e4rganud? Olge lugupidav \u201eEmakese Maa\u201d vastu ja kasutage seda puidust <a href=\"https:\/\/gate21.ee\/et\/tootekategooria\/accessories\/fans\/\">lehvikut<\/a> , mis hoiavad nii teid kui ka planeeti jahedamana.<\/p>\n<p>M\u00f5\u00f5dud avatult:\u00a042.5 cm pikk x 23 cm k\u00f5rge<\/p>\n<p>Valmistatud tekstiilist ja j\u00e4tkusuutlikust puidust FSC sertifikaadiga.<\/p>\n<p><img decoding=\"async\" class=\"alignnone size-full wp-image-210233 aligncenter\" src=\"https:\/\/gate21.ee\/wp-content\/uploads\/2025\/04\/Logo_FISURA_vector_WEB.avif\" alt=\"\" width=\"260\" height=\"74\" srcset=\"https:\/\/gate21.ee\/wp-content\/uploads\/2025\/04\/Logo_FISURA_vector_WEB.avif 260w, https:\/\/gate21.ee\/wp-content\/uploads\/2025\/04\/Logo_FISURA_vector_WEB-18x5.avif 18w\" sizes=\"(max-width: 260px) 100vw, 260px\" \/><\/p>\n<p>Fisura on kodukaunistuse ja kingituste br\u00e4nd k\u00f5ige ebakonformistlikumatele, v\u00e4simatutele erinevuste ja uute trendide otsijatele, neile, kes p\u00f6\u00f6ravad t\u00e4helepanu detailidele ja p\u00fc\u00fcavad alati \u00fcllatada... ja ka teile, kes te seda loete.<\/p>\n<p class=\"translation-block\">Meie eesm\u00e4rk on inspireerida teid heade emotsioonide kaudu. Fisura s\u00fcndis eesm\u00e4rgiga edastada neid \u201ehead emotsioone\u201c, mis meid nii v\u00e4ga esindavad, ja tuua naeratus n\u00e4ole meie disainide loovuse kaudu. Meie jaoks on uuele kollektsioonile ainult kolm vastust: JAH, EI ja VAU.  VAU on see, mida me p\u00fc\u00fcame esile kutsuda.<\/p>","protected":false},"excerpt":{"rendered":"<p>Climate change is starting to take its toll, and it&#8217;s getting hotter and hotter every year. Have you noticed? Be respectful of &#8220;Mother Earth&#8221; and use this\u00a0wooden fan from sustainably managed forests and textiles\u00a0that will keep both you and the planet cooler. Open fan measurements:\u00a042.5 cm long x 23 cm high Made of\u00a0textile and sustainable [&hellip;]<\/p>\n","protected":false},"featured_media":226645,"comment_status":"closed","ping_status":"closed","template":"","meta":{"site-sidebar-layout":"default","site-content-layout":"","ast-site-content-layout":"default","site-content-style":"default","site-sidebar-style":"default","ast-global-header-display":"","ast-banner-title-visibility":"","ast-main-header-display":"","ast-hfb-above-header-display":"","ast-hfb-below-header-display":"","ast-hfb-mobile-header-display":"","site-post-title":"","ast-breadcrumbs-content":"","ast-featured-img":"","footer-sml-layout":"","ast-disable-related-posts":"","theme-transparent-header-meta":"default","adv-header-id-meta":"","stick-header-meta":"default","header-above-stick-meta":"","header-main-stick-meta":"","header-below-stick-meta":"","astra-migrate-meta-layouts":"set","ast-page-background-enabled":"default","ast-page-background-meta":{"desktop":{"background-color":"","background-image":"","background-repeat":"repeat","background-position":"center center","background-size":"auto","background-attachment":"scroll","background-type":"","background-media":"","overlay-type":"","overlay-color":"","overlay-opacity":"","overlay-gradient":""},"tablet":{"background-color":"","background-image":"","background-repeat":"repeat","background-position":"center center","background-size":"auto","background-attachment":"scroll","background-type":"","background-media":"","overlay-type":"","overlay-color":"","overlay-opacity":"","overlay-gradient":""},"mobile":{"background-color":"","background-image":"","background-repeat":"repeat","background-position":"center center","background-size":"auto","background-attachment":"scroll","background-type":"","background-media":"","overlay-type":"","overlay-color":"","overlay-opacity":"","overlay-gradient":""}},"ast-content-background-meta":{"desktop":{"background-color":"var(--ast-global-color-5)","background-image":"","background-repeat":"repeat","background-position":"center center","background-size":"auto","background-attachment":"scroll","background-type":"","background-media":"","overlay-type":"","overlay-color":"","overlay-opacity":"","overlay-gradient":""},"tablet":{"background-color":"var(--ast-global-color-5)","background-image":"","background-repeat":"repeat","background-position":"center center","background-size":"auto","background-attachment":"scroll","background-type":"","background-media":"","overlay-type":"","overlay-color":"","overlay-opacity":"","overlay-gradient":""},"mobile":{"background-color":"var(--ast-global-color-5)","background-image":"","background-repeat":"repeat","background-position":"center center","background-size":"auto","background-attachment":"scroll","background-type":"","background-media":"","overlay-type":"","overlay-color":"","overlay-opacity":"","overlay-gradient":""}}},"pwb-brand":[622],"product_brand":[],"product_cat":[623],"product_tag":[],"class_list":{"0":"post-210269","1":"product","2":"type-product","3":"status-publish","4":"has-post-thumbnail","6":"pwb-brand-fisura","7":"product_cat-fans","8":"desktop-align-center","9":"tablet-align-center","10":"mobile-align-center","11":"ast-product-gallery-layout-vertical","12":"ast-product-tabs-layout-horizontal","14":"first","15":"instock","16":"taxable","17":"shipping-taxable","18":"purchasable","19":"product-type-simple"},"yoast_head":"<!-- This site is optimized with the Yoast SEO plugin v27.4 - https:\/\/yoast.com\/product\/yoast-seo-wordpress\/ -->\n<title>&quot;I\u00b4m chilling&quot; - fan &#8226; Gate21<\/title>\n<meta name=\"robots\" content=\"index, follow, max-snippet:-1, max-image-preview:large, max-video-preview:-1\" \/>\n<link rel=\"canonical\" href=\"https:\/\/gate21.ee\/et\/shop\/clouds-fan\/\" \/>\n<meta property=\"og:locale\" content=\"et_EE\" \/>\n<meta property=\"og:type\" content=\"article\" \/>\n<meta property=\"og:title\" content=\"&quot;I\u00b4m chilling&quot; - fan &#8226; Gate21\" \/>\n<meta property=\"og:description\" content=\"Climate change is starting to take its toll, and it&#8217;s getting hotter and hotter every year. Have you noticed? Be respectful of &#8220;Mother Earth&#8221; and use this\u00a0wooden fan from sustainably managed forests and textiles\u00a0that will keep both you and the planet cooler. Open fan measurements:\u00a042.5 cm long x 23 cm high Made of\u00a0textile and sustainable [&hellip;]\" \/>\n<meta property=\"og:url\" content=\"https:\/\/gate21.ee\/et\/shop\/clouds-fan\/\" \/>\n<meta property=\"og:site_name\" content=\"Gate21\" \/>\n<meta property=\"article:publisher\" content=\"https:\/\/www.facebook.com\/gate21.ee\/\" \/>\n<meta property=\"article:modified_time\" content=\"2026-04-05T13:49:04+00:00\" \/>\n<meta property=\"og:image\" content=\"https:\/\/gate21.ee\/wp-content\/uploads\/2025\/04\/AHT2510540-PK.webp\" \/>\n\t<meta property=\"og:image:width\" content=\"600\" \/>\n\t<meta property=\"og:image:height\" content=\"600\" \/>\n\t<meta property=\"og:image:type\" content=\"image\/webp\" \/>\n<meta name=\"twitter:card\" content=\"summary_large_image\" \/>\n<meta name=\"twitter:label1\" content=\"Est. reading time\" \/>\n\t<meta name=\"twitter:data1\" content=\"2 minutit\" \/>\n<script type=\"application\/ld+json\" class=\"yoast-schema-graph\">{\"@context\":\"https:\\\/\\\/schema.org\",\"@graph\":[{\"@type\":\"WebPage\",\"@id\":\"https:\\\/\\\/gate21.ee\\\/shop\\\/clouds-fan\\\/\",\"url\":\"https:\\\/\\\/gate21.ee\\\/shop\\\/clouds-fan\\\/\",\"name\":\"\\\"I\u00b4m chilling\\\" - fan &#8226; Gate21\",\"isPartOf\":{\"@id\":\"https:\\\/\\\/gate21.ee\\\/#website\"},\"primaryImageOfPage\":{\"@id\":\"https:\\\/\\\/gate21.ee\\\/shop\\\/clouds-fan\\\/#primaryimage\"},\"image\":{\"@id\":\"https:\\\/\\\/gate21.ee\\\/shop\\\/clouds-fan\\\/#primaryimage\"},\"thumbnailUrl\":\"https:\\\/\\\/gate21.ee\\\/wp-content\\\/uploads\\\/2025\\\/04\\\/AHT2510540-PK.webp\",\"datePublished\":\"2025-04-28T13:02:00+00:00\",\"dateModified\":\"2026-04-05T13:49:04+00:00\",\"breadcrumb\":{\"@id\":\"https:\\\/\\\/gate21.ee\\\/shop\\\/clouds-fan\\\/#breadcrumb\"},\"inLanguage\":\"et\",\"potentialAction\":[{\"@type\":\"ReadAction\",\"target\":[\"https:\\\/\\\/gate21.ee\\\/shop\\\/clouds-fan\\\/\"]}]},{\"@type\":\"ImageObject\",\"inLanguage\":\"et\",\"@id\":\"https:\\\/\\\/gate21.ee\\\/shop\\\/clouds-fan\\\/#primaryimage\",\"url\":\"https:\\\/\\\/gate21.ee\\\/wp-content\\\/uploads\\\/2025\\\/04\\\/AHT2510540-PK.webp\",\"contentUrl\":\"https:\\\/\\\/gate21.ee\\\/wp-content\\\/uploads\\\/2025\\\/04\\\/AHT2510540-PK.webp\",\"width\":600,\"height\":600,\"caption\":\"The \\\"I\u00b4m chilling\\\" fan features red chilli pepper designs, bold red lettering, a wooden handle, red lanyard, and comes in a matching box\u2014ideal for gift shops or concept stores in Tallinn. Gate21.ee\"},{\"@type\":\"BreadcrumbList\",\"@id\":\"https:\\\/\\\/gate21.ee\\\/shop\\\/clouds-fan\\\/#breadcrumb\",\"itemListElement\":[{\"@type\":\"ListItem\",\"position\":1,\"name\":\"Home\",\"item\":\"https:\\\/\\\/gate21.ee\\\/\"},{\"@type\":\"ListItem\",\"position\":2,\"name\":\"&#8220;I\u00b4m chilling&#8221; &#8211; fan\"}]},{\"@type\":\"WebSite\",\"@id\":\"https:\\\/\\\/gate21.ee\\\/#website\",\"url\":\"https:\\\/\\\/gate21.ee\\\/\",\"name\":\"Gate21\",\"description\":\"Gift concept store Gate21\",\"publisher\":{\"@id\":\"https:\\\/\\\/gate21.ee\\\/#organization\"},\"alternateName\":\"gate21\",\"potentialAction\":[{\"@type\":\"SearchAction\",\"target\":{\"@type\":\"EntryPoint\",\"urlTemplate\":\"https:\\\/\\\/gate21.ee\\\/?s={search_term_string}\"},\"query-input\":{\"@type\":\"PropertyValueSpecification\",\"valueRequired\":true,\"valueName\":\"search_term_string\"}}],\"inLanguage\":\"et\"},{\"@type\":\"Organization\",\"@id\":\"https:\\\/\\\/gate21.ee\\\/#organization\",\"name\":\"Gate21\",\"alternateName\":\"Gate21, Oma Asi and Oma Asi Design Store\",\"url\":\"https:\\\/\\\/gate21.ee\\\/\",\"logo\":{\"@type\":\"ImageObject\",\"inLanguage\":\"et\",\"@id\":\"https:\\\/\\\/gate21.ee\\\/#\\\/schema\\\/logo\\\/image\\\/\",\"url\":\"https:\\\/\\\/gate21.ee\\\/wp-content\\\/uploads\\\/2021\\\/11\\\/Gate_21_Logo_2_Valge.png\",\"contentUrl\":\"https:\\\/\\\/gate21.ee\\\/wp-content\\\/uploads\\\/2021\\\/11\\\/Gate_21_Logo_2_Valge.png\",\"width\":2560,\"height\":2560,\"caption\":\"Gate21\"},\"image\":{\"@id\":\"https:\\\/\\\/gate21.ee\\\/#\\\/schema\\\/logo\\\/image\\\/\"},\"sameAs\":[\"https:\\\/\\\/www.facebook.com\\\/gate21.ee\\\/\",\"https:\\\/\\\/www.instagram.com\\\/gate21.ee\\\/\",\"https:\\\/\\\/www.instagram.com\\\/omaasidesign\\\/\",\"https:\\\/\\\/www.instagram.com\\\/omaasi\\\/\",\"https:\\\/\\\/www.facebook.com\\\/omaasidesign\\\/\",\"https:\\\/\\\/www.facebook.com\\\/omaasilittleredhouse\\\/\",\"https:\\\/\\\/www.tiktok.com\\\/@gate21.ee\"]}]}<\/script>\n<!-- \/ Yoast SEO plugin. -->","yoast_head_json":{"title":"\"I\u00b4m chilling\" - fan &#8226; Gate21","robots":{"index":"index","follow":"follow","max-snippet":"max-snippet:-1","max-image-preview":"max-image-preview:large","max-video-preview":"max-video-preview:-1"},"canonical":"https:\/\/gate21.ee\/et\/shop\/clouds-fan\/","og_locale":"et_EE","og_type":"article","og_title":"\"I\u00b4m chilling\" - fan &#8226; Gate21","og_description":"Climate change is starting to take its toll, and it&#8217;s getting hotter and hotter every year. Have you noticed? Be respectful of &#8220;Mother Earth&#8221; and use this\u00a0wooden fan from sustainably managed forests and textiles\u00a0that will keep both you and the planet cooler. Open fan measurements:\u00a042.5 cm long x 23 cm high Made of\u00a0textile and sustainable [&hellip;]","og_url":"https:\/\/gate21.ee\/et\/shop\/clouds-fan\/","og_site_name":"Gate21","article_publisher":"https:\/\/www.facebook.com\/gate21.ee\/","article_modified_time":"2026-04-05T13:49:04+00:00","og_image":[{"width":600,"height":600,"url":"https:\/\/gate21.ee\/wp-content\/uploads\/2025\/04\/AHT2510540-PK.webp","type":"image\/webp"}],"twitter_card":"summary_large_image","twitter_misc":{"Est. reading time":"2 minutit"},"schema":{"@context":"https:\/\/schema.org","@graph":[{"@type":"WebPage","@id":"https:\/\/gate21.ee\/shop\/clouds-fan\/","url":"https:\/\/gate21.ee\/shop\/clouds-fan\/","name":"\"I\u00b4m chilling\" - fan &#8226; Gate21","isPartOf":{"@id":"https:\/\/gate21.ee\/#website"},"primaryImageOfPage":{"@id":"https:\/\/gate21.ee\/shop\/clouds-fan\/#primaryimage"},"image":{"@id":"https:\/\/gate21.ee\/shop\/clouds-fan\/#primaryimage"},"thumbnailUrl":"https:\/\/gate21.ee\/wp-content\/uploads\/2025\/04\/AHT2510540-PK.webp","datePublished":"2025-04-28T13:02:00+00:00","dateModified":"2026-04-05T13:49:04+00:00","breadcrumb":{"@id":"https:\/\/gate21.ee\/shop\/clouds-fan\/#breadcrumb"},"inLanguage":"et","potentialAction":[{"@type":"ReadAction","target":["https:\/\/gate21.ee\/shop\/clouds-fan\/"]}]},{"@type":"ImageObject","inLanguage":"et","@id":"https:\/\/gate21.ee\/shop\/clouds-fan\/#primaryimage","url":"https:\/\/gate21.ee\/wp-content\/uploads\/2025\/04\/AHT2510540-PK.webp","contentUrl":"https:\/\/gate21.ee\/wp-content\/uploads\/2025\/04\/AHT2510540-PK.webp","width":600,"height":600,"caption":"The \"I\u00b4m chilling\" fan features red chilli pepper designs, bold red lettering, a wooden handle, red lanyard, and comes in a matching box\u2014ideal for gift shops or concept stores in Tallinn. Gate21.ee"},{"@type":"BreadcrumbList","@id":"https:\/\/gate21.ee\/shop\/clouds-fan\/#breadcrumb","itemListElement":[{"@type":"ListItem","position":1,"name":"Home","item":"https:\/\/gate21.ee\/"},{"@type":"ListItem","position":2,"name":"&#8220;I\u00b4m chilling&#8221; &#8211; fan"}]},{"@type":"WebSite","@id":"https:\/\/gate21.ee\/#website","url":"https:\/\/gate21.ee\/","name":"Gate21","description":"Kingituskontseptsioonipood Gate21","publisher":{"@id":"https:\/\/gate21.ee\/#organization"},"alternateName":"gate21","potentialAction":[{"@type":"SearchAction","target":{"@type":"EntryPoint","urlTemplate":"https:\/\/gate21.ee\/?s={search_term_string}"},"query-input":{"@type":"PropertyValueSpecification","valueRequired":true,"valueName":"search_term_string"}}],"inLanguage":"et"},{"@type":"Organization","@id":"https:\/\/gate21.ee\/#organization","name":"Gate21","alternateName":"Gate21, Oma Asi and Oma Asi Design Store","url":"https:\/\/gate21.ee\/","logo":{"@type":"ImageObject","inLanguage":"et","@id":"https:\/\/gate21.ee\/#\/schema\/logo\/image\/","url":"https:\/\/gate21.ee\/wp-content\/uploads\/2021\/11\/Gate_21_Logo_2_Valge.png","contentUrl":"https:\/\/gate21.ee\/wp-content\/uploads\/2021\/11\/Gate_21_Logo_2_Valge.png","width":2560,"height":2560,"caption":"Gate21"},"image":{"@id":"https:\/\/gate21.ee\/#\/schema\/logo\/image\/"},"sameAs":["https:\/\/www.facebook.com\/gate21.ee\/","https:\/\/www.instagram.com\/gate21.ee\/","https:\/\/www.instagram.com\/omaasidesign\/","https:\/\/www.instagram.com\/omaasi\/","https:\/\/www.facebook.com\/omaasidesign\/","https:\/\/www.facebook.com\/omaasilittleredhouse\/","https:\/\/www.tiktok.com\/@gate21.ee"]}]}},"jetpack_sharing_enabled":true,"brands":[{"id":622,"name":"FISURA","slug":"fisura"}],"_links":{"self":[{"href":"https:\/\/gate21.ee\/et\/wp-json\/wp\/v2\/product\/210269","targetHints":{"allow":["GET"]}}],"collection":[{"href":"https:\/\/gate21.ee\/et\/wp-json\/wp\/v2\/product"}],"about":[{"href":"https:\/\/gate21.ee\/et\/wp-json\/wp\/v2\/types\/product"}],"replies":[{"embeddable":true,"href":"https:\/\/gate21.ee\/et\/wp-json\/wp\/v2\/comments?post=210269"}],"version-history":[{"count":3,"href":"https:\/\/gate21.ee\/et\/wp-json\/wp\/v2\/product\/210269\/revisions"}],"predecessor-version":[{"id":226648,"href":"https:\/\/gate21.ee\/et\/wp-json\/wp\/v2\/product\/210269\/revisions\/226648"}],"wp:featuredmedia":[{"embeddable":true,"href":"https:\/\/gate21.ee\/et\/wp-json\/wp\/v2\/media\/226645"}],"wp:attachment":[{"href":"https:\/\/gate21.ee\/et\/wp-json\/wp\/v2\/media?parent=210269"}],"wp:term":[{"taxonomy":"pwb-brand","embeddable":true,"href":"https:\/\/gate21.ee\/et\/wp-json\/wp\/v2\/pwb-brand?post=210269"},{"taxonomy":"product_brand","embeddable":true,"href":"https:\/\/gate21.ee\/et\/wp-json\/wp\/v2\/product_brand?post=210269"},{"taxonomy":"product_cat","embeddable":true,"href":"https:\/\/gate21.ee\/et\/wp-json\/wp\/v2\/product_cat?post=210269"},{"taxonomy":"product_tag","embeddable":true,"href":"https:\/\/gate21.ee\/et\/wp-json\/wp\/v2\/product_tag?post=210269"}],"curies":[{"name":"wp","href":"https:\/\/api.w.org\/{rel}","templated":true}]}}