{"id":208693,"date":"2025-04-17T13:54:00","date_gmt":"2025-04-17T10:54:00","guid":{"rendered":"https:\/\/gate21.ee\/?post_type=product&#038;p=208693"},"modified":"2026-03-23T11:19:01","modified_gmt":"2026-03-23T09:19:01","slug":"bottle-stoper-tulip-red-7-x-3-5-x-12-cm","status":"publish","type":"product","link":"https:\/\/gate21.ee\/et\/shop\/bottle-stoper-tulip-red-7-x-3-5-x-12-cm\/","title":{"rendered":"Pudelikork Tulp \u2013 Punane 7 x 3.5 x 12 cm"},"content":{"rendered":"<p>Need k\u00e4sitsi maalitud keraamilised pudelikorgid lisavad teie lauale r\u00f5\u00f5msameelsust.<\/p>\n<p>Avatud veinipudeli muutmine elavaks kevadiseks stseeniks toob nii v\u00f5lu kui ka funktsionaalsust igale s\u00fcndmusele.<\/p>\n<p>Valmistatud kvaliteetsest dolomiidist ja m\u00f5\u00f5tmetega 7 x 3,5 x 12 cm.<\/p>\n<p><img decoding=\"async\" class=\"wp-image-212471 aligncenter\" style=\"font-weight: inherit\" src=\"https:\/\/gate21.ee\/wp-content\/uploads\/2025\/04\/Kantoor_04-300x300.webp\" alt=\"\" width=\"210\" height=\"210\" srcset=\"https:\/\/gate21.ee\/wp-content\/uploads\/2025\/04\/Kantoor_04-300x300.webp 300w, https:\/\/gate21.ee\/wp-content\/uploads\/2025\/04\/Kantoor_04-150x150.webp 150w, https:\/\/gate21.ee\/wp-content\/uploads\/2025\/04\/Kantoor_04-12x12.webp 12w, https:\/\/gate21.ee\/wp-content\/uploads\/2025\/04\/Kantoor_04-600x600.webp 600w, https:\/\/gate21.ee\/wp-content\/uploads\/2025\/04\/Kantoor_04-100x100.webp 100w, https:\/\/gate21.ee\/wp-content\/uploads\/2025\/04\/Kantoor_04-50x50.webp 50w, https:\/\/gate21.ee\/wp-content\/uploads\/2025\/04\/Kantoor_04.webp 720w\" sizes=\"(max-width: 210px) 100vw, 210px\" \/><\/p>\n<p style=\"font-weight: 400;text-align: left\"><span data-contrast=\"none\">&amp;Klevering on olnud<\/span><span style=\"font-size: 16px;font-weight: 400\" data-contrast=\"none\">\u00a0lisades kodudele v\u00e4rvi ja iseloomu juba aastak\u00fcmneid. Meie kodu aksessuaarid ei ole lihtsalt <\/span><span style=\"font-size: 16px;font-weight: 400\" data-contrast=\"none\">sobib<\/span><span style=\"font-size: 16px;font-weight: 400\" data-contrast=\"none\"> mis tahes interj\u00f6\u00f6ris, need lisavad midagi erilist. Oleme j\u00e4\u00e4nud oma autentsele Amsterdami stiilile truuks alates meie asutamisest 1992. aastal. <\/span><span style=\"font-size: 16px;font-weight: 400\" data-contrast=\"none\">Meie moto: disain <\/span><span style=\"font-size: 16px;font-weight: 400\" data-contrast=\"none\">alati<\/span><span style=\"font-size: 16px;font-weight: 400\" data-contrast=\"none\"> tuleb k\u00f5igepealt.<\/span><span style=\"font-size: 16px;font-weight: 400\" data-ccp-props=\"{&quot;134245418&quot;:true,&quot;134245529&quot;:true,&quot;201341983&quot;:0,&quot;335559738&quot;:240,&quot;335559740&quot;:312}\">\u00a0<\/span><\/p>\n<p style=\"text-align: left\">Amsterdami autentsus o<span data-contrast=\"none\">riginaalsus on igasse kiudu sisse p\u00f5imitud. <\/span><span data-contrast=\"none\">See on meie DNA-s ja kajastub k\u00f5iges, mida me teeme. Me ei karda kunagi teha oma asja. <\/span><span data-contrast=\"none\">Sest kui te otsustate tuua <\/span><span data-contrast=\"none\">&amp;k<\/span><span data-contrast=\"none\"> oma koju, valite esemed, mis t\u00f5eliselt paistavad silma. Ja samas sulanduvad sujuvalt teie \u00fclej\u00e4\u00e4nud interj\u00f6\u00f6riga. Nii et, kas see on m\u00f5eldud teile v\u00f5i kellelegi teisele, <\/span><span data-contrast=\"none\">&amp;k <\/span><span data-contrast=\"none\">on alati ideaalne kingitus.<\/span><span data-ccp-props=\"{&quot;201341983&quot;:0,&quot;335559740&quot;:312}\">\u00a0<\/span><\/p>","protected":false},"excerpt":{"rendered":"<p>These hand-painted ceramic bottle stoppers add a cheerful touch to your table. Transforming an opened wine bottle into a vibrant springtime scene, they bring both charm and functionality to any occasion. Made from high quality dolomite and measuring 7 x 3.5 x 12 cm. &amp;Klevering has been\u00a0adding colour and character to homes for decades. Our [&hellip;]<\/p>\n","protected":false},"featured_media":208695,"comment_status":"closed","ping_status":"closed","template":"","meta":{"site-sidebar-layout":"default","site-content-layout":"","ast-site-content-layout":"default","site-content-style":"default","site-sidebar-style":"default","ast-global-header-display":"","ast-banner-title-visibility":"","ast-main-header-display":"","ast-hfb-above-header-display":"","ast-hfb-below-header-display":"","ast-hfb-mobile-header-display":"","site-post-title":"","ast-breadcrumbs-content":"","ast-featured-img":"","footer-sml-layout":"","ast-disable-related-posts":"","theme-transparent-header-meta":"default","adv-header-id-meta":"","stick-header-meta":"default","header-above-stick-meta":"","header-main-stick-meta":"","header-below-stick-meta":"","astra-migrate-meta-layouts":"set","ast-page-background-enabled":"default","ast-page-background-meta":{"desktop":{"background-color":"","background-image":"","background-repeat":"repeat","background-position":"center center","background-size":"auto","background-attachment":"scroll","background-type":"","background-media":"","overlay-type":"","overlay-color":"","overlay-opacity":"","overlay-gradient":""},"tablet":{"background-color":"","background-image":"","background-repeat":"repeat","background-position":"center center","background-size":"auto","background-attachment":"scroll","background-type":"","background-media":"","overlay-type":"","overlay-color":"","overlay-opacity":"","overlay-gradient":""},"mobile":{"background-color":"","background-image":"","background-repeat":"repeat","background-position":"center center","background-size":"auto","background-attachment":"scroll","background-type":"","background-media":"","overlay-type":"","overlay-color":"","overlay-opacity":"","overlay-gradient":""}},"ast-content-background-meta":{"desktop":{"background-color":"var(--ast-global-color-5)","background-image":"","background-repeat":"repeat","background-position":"center center","background-size":"auto","background-attachment":"scroll","background-type":"","background-media":"","overlay-type":"","overlay-color":"","overlay-opacity":"","overlay-gradient":""},"tablet":{"background-color":"var(--ast-global-color-5)","background-image":"","background-repeat":"repeat","background-position":"center center","background-size":"auto","background-attachment":"scroll","background-type":"","background-media":"","overlay-type":"","overlay-color":"","overlay-opacity":"","overlay-gradient":""},"mobile":{"background-color":"var(--ast-global-color-5)","background-image":"","background-repeat":"repeat","background-position":"center center","background-size":"auto","background-attachment":"scroll","background-type":"","background-media":"","overlay-type":"","overlay-color":"","overlay-opacity":"","overlay-gradient":""}}},"pwb-brand":[621],"product_brand":[],"product_cat":[218,303],"product_tag":[],"class_list":{"0":"post-208693","1":"product","2":"type-product","3":"status-publish","4":"has-post-thumbnail","6":"pwb-brand-klevering","7":"product_cat-home","8":"product_cat-others","9":"desktop-align-center","10":"tablet-align-center","11":"mobile-align-center","12":"ast-product-gallery-layout-vertical","13":"ast-product-tabs-layout-horizontal","15":"first","16":"instock","17":"taxable","18":"shipping-taxable","19":"purchasable","20":"product-type-simple"},"yoast_head":"<!-- This site is optimized with the Yoast SEO plugin v27.4 - https:\/\/yoast.com\/product\/yoast-seo-wordpress\/ -->\n<title>Bottle Stoper Tulip - Red 7 x 3.5 x 12 cm &#8226; Gate21<\/title>\n<meta name=\"robots\" content=\"index, follow, max-snippet:-1, max-image-preview:large, max-video-preview:-1\" \/>\n<link rel=\"canonical\" href=\"https:\/\/gate21.ee\/et\/shop\/bottle-stoper-tulip-red-7-x-3-5-x-12-cm\/\" \/>\n<meta property=\"og:locale\" content=\"et_EE\" \/>\n<meta property=\"og:type\" content=\"article\" \/>\n<meta property=\"og:title\" content=\"Bottle Stoper Tulip - Red 7 x 3.5 x 12 cm &#8226; Gate21\" \/>\n<meta property=\"og:description\" content=\"These hand-painted ceramic bottle stoppers add a cheerful touch to your table. Transforming an opened wine bottle into a vibrant springtime scene, they bring both charm and functionality to any occasion. Made from high quality dolomite and measuring 7 x 3.5 x 12 cm. &amp;Klevering has been\u00a0adding colour and character to homes for decades. Our [&hellip;]\" \/>\n<meta property=\"og:url\" content=\"https:\/\/gate21.ee\/et\/shop\/bottle-stoper-tulip-red-7-x-3-5-x-12-cm\/\" \/>\n<meta property=\"og:site_name\" content=\"Gate21\" \/>\n<meta property=\"article:publisher\" content=\"https:\/\/www.facebook.com\/gate21.ee\/\" \/>\n<meta property=\"article:modified_time\" content=\"2026-03-23T09:19:01+00:00\" \/>\n<meta property=\"og:image\" content=\"https:\/\/gate21.ee\/wp-content\/uploads\/2025\/04\/bottle-stoper-tulip-red-1.webp\" \/>\n\t<meta property=\"og:image:width\" content=\"1920\" \/>\n\t<meta property=\"og:image:height\" content=\"1920\" \/>\n\t<meta property=\"og:image:type\" content=\"image\/webp\" \/>\n<meta name=\"twitter:card\" content=\"summary_large_image\" \/>\n<meta name=\"twitter:label1\" content=\"Est. reading time\" \/>\n\t<meta name=\"twitter:data1\" content=\"1 minut\" \/>\n<script type=\"application\/ld+json\" class=\"yoast-schema-graph\">{\"@context\":\"https:\\\/\\\/schema.org\",\"@graph\":[{\"@type\":\"WebPage\",\"@id\":\"https:\\\/\\\/gate21.ee\\\/shop\\\/bottle-stoper-tulip-red-7-x-3-5-x-12-cm\\\/\",\"url\":\"https:\\\/\\\/gate21.ee\\\/shop\\\/bottle-stoper-tulip-red-7-x-3-5-x-12-cm\\\/\",\"name\":\"Bottle Stoper Tulip - Red 7 x 3.5 x 12 cm &#8226; Gate21\",\"isPartOf\":{\"@id\":\"https:\\\/\\\/gate21.ee\\\/#website\"},\"primaryImageOfPage\":{\"@id\":\"https:\\\/\\\/gate21.ee\\\/shop\\\/bottle-stoper-tulip-red-7-x-3-5-x-12-cm\\\/#primaryimage\"},\"image\":{\"@id\":\"https:\\\/\\\/gate21.ee\\\/shop\\\/bottle-stoper-tulip-red-7-x-3-5-x-12-cm\\\/#primaryimage\"},\"thumbnailUrl\":\"https:\\\/\\\/gate21.ee\\\/wp-content\\\/uploads\\\/2025\\\/04\\\/bottle-stoper-tulip-red-1.webp\",\"datePublished\":\"2025-04-17T10:54:00+00:00\",\"dateModified\":\"2026-03-23T09:19:01+00:00\",\"breadcrumb\":{\"@id\":\"https:\\\/\\\/gate21.ee\\\/shop\\\/bottle-stoper-tulip-red-7-x-3-5-x-12-cm\\\/#breadcrumb\"},\"inLanguage\":\"et\",\"potentialAction\":[{\"@type\":\"ReadAction\",\"target\":[\"https:\\\/\\\/gate21.ee\\\/shop\\\/bottle-stoper-tulip-red-7-x-3-5-x-12-cm\\\/\"]}]},{\"@type\":\"ImageObject\",\"inLanguage\":\"et\",\"@id\":\"https:\\\/\\\/gate21.ee\\\/shop\\\/bottle-stoper-tulip-red-7-x-3-5-x-12-cm\\\/#primaryimage\",\"url\":\"https:\\\/\\\/gate21.ee\\\/wp-content\\\/uploads\\\/2025\\\/04\\\/bottle-stoper-tulip-red-1.webp\",\"contentUrl\":\"https:\\\/\\\/gate21.ee\\\/wp-content\\\/uploads\\\/2025\\\/04\\\/bottle-stoper-tulip-red-1.webp\",\"width\":1920,\"height\":1920,\"caption\":\"The Bottle Stopper Tulip - Red (7 x 3.5 x 12 cm) features a cork base and a ceramic top shaped and painted like a red tulip with green leaves\u2014an ideal unique gift shop find against a simple, light background. Gate21.ee\"},{\"@type\":\"BreadcrumbList\",\"@id\":\"https:\\\/\\\/gate21.ee\\\/shop\\\/bottle-stoper-tulip-red-7-x-3-5-x-12-cm\\\/#breadcrumb\",\"itemListElement\":[{\"@type\":\"ListItem\",\"position\":1,\"name\":\"Home\",\"item\":\"https:\\\/\\\/gate21.ee\\\/\"},{\"@type\":\"ListItem\",\"position\":2,\"name\":\"Bottle Stoper Tulip &#8211; Red 7 x 3.5 x 12 cm\"}]},{\"@type\":\"WebSite\",\"@id\":\"https:\\\/\\\/gate21.ee\\\/#website\",\"url\":\"https:\\\/\\\/gate21.ee\\\/\",\"name\":\"Gate21\",\"description\":\"Gift concept store Gate21\",\"publisher\":{\"@id\":\"https:\\\/\\\/gate21.ee\\\/#organization\"},\"alternateName\":\"gate21\",\"potentialAction\":[{\"@type\":\"SearchAction\",\"target\":{\"@type\":\"EntryPoint\",\"urlTemplate\":\"https:\\\/\\\/gate21.ee\\\/?s={search_term_string}\"},\"query-input\":{\"@type\":\"PropertyValueSpecification\",\"valueRequired\":true,\"valueName\":\"search_term_string\"}}],\"inLanguage\":\"et\"},{\"@type\":\"Organization\",\"@id\":\"https:\\\/\\\/gate21.ee\\\/#organization\",\"name\":\"Gate21\",\"alternateName\":\"Gate21, Oma Asi and Oma Asi Design Store\",\"url\":\"https:\\\/\\\/gate21.ee\\\/\",\"logo\":{\"@type\":\"ImageObject\",\"inLanguage\":\"et\",\"@id\":\"https:\\\/\\\/gate21.ee\\\/#\\\/schema\\\/logo\\\/image\\\/\",\"url\":\"https:\\\/\\\/gate21.ee\\\/wp-content\\\/uploads\\\/2021\\\/11\\\/Gate_21_Logo_2_Valge.png\",\"contentUrl\":\"https:\\\/\\\/gate21.ee\\\/wp-content\\\/uploads\\\/2021\\\/11\\\/Gate_21_Logo_2_Valge.png\",\"width\":2560,\"height\":2560,\"caption\":\"Gate21\"},\"image\":{\"@id\":\"https:\\\/\\\/gate21.ee\\\/#\\\/schema\\\/logo\\\/image\\\/\"},\"sameAs\":[\"https:\\\/\\\/www.facebook.com\\\/gate21.ee\\\/\",\"https:\\\/\\\/www.instagram.com\\\/gate21.ee\\\/\",\"https:\\\/\\\/www.instagram.com\\\/omaasidesign\\\/\",\"https:\\\/\\\/www.instagram.com\\\/omaasi\\\/\",\"https:\\\/\\\/www.facebook.com\\\/omaasidesign\\\/\",\"https:\\\/\\\/www.facebook.com\\\/omaasilittleredhouse\\\/\",\"https:\\\/\\\/www.tiktok.com\\\/@gate21.ee\"]}]}<\/script>\n<!-- \/ Yoast SEO plugin. -->","yoast_head_json":{"title":"Bottle Stoper Tulip - Red 7 x 3.5 x 12 cm &#8226; Gate21","robots":{"index":"index","follow":"follow","max-snippet":"max-snippet:-1","max-image-preview":"max-image-preview:large","max-video-preview":"max-video-preview:-1"},"canonical":"https:\/\/gate21.ee\/et\/shop\/bottle-stoper-tulip-red-7-x-3-5-x-12-cm\/","og_locale":"et_EE","og_type":"article","og_title":"Bottle Stoper Tulip - Red 7 x 3.5 x 12 cm &#8226; Gate21","og_description":"These hand-painted ceramic bottle stoppers add a cheerful touch to your table. Transforming an opened wine bottle into a vibrant springtime scene, they bring both charm and functionality to any occasion. Made from high quality dolomite and measuring 7 x 3.5 x 12 cm. &amp;Klevering has been\u00a0adding colour and character to homes for decades. Our [&hellip;]","og_url":"https:\/\/gate21.ee\/et\/shop\/bottle-stoper-tulip-red-7-x-3-5-x-12-cm\/","og_site_name":"Gate21","article_publisher":"https:\/\/www.facebook.com\/gate21.ee\/","article_modified_time":"2026-03-23T09:19:01+00:00","og_image":[{"width":1920,"height":1920,"url":"https:\/\/gate21.ee\/wp-content\/uploads\/2025\/04\/bottle-stoper-tulip-red-1.webp","type":"image\/webp"}],"twitter_card":"summary_large_image","twitter_misc":{"Est. reading time":"1 minut"},"schema":{"@context":"https:\/\/schema.org","@graph":[{"@type":"WebPage","@id":"https:\/\/gate21.ee\/shop\/bottle-stoper-tulip-red-7-x-3-5-x-12-cm\/","url":"https:\/\/gate21.ee\/shop\/bottle-stoper-tulip-red-7-x-3-5-x-12-cm\/","name":"Bottle Stoper Tulip - Red 7 x 3.5 x 12 cm &#8226; Gate21","isPartOf":{"@id":"https:\/\/gate21.ee\/#website"},"primaryImageOfPage":{"@id":"https:\/\/gate21.ee\/shop\/bottle-stoper-tulip-red-7-x-3-5-x-12-cm\/#primaryimage"},"image":{"@id":"https:\/\/gate21.ee\/shop\/bottle-stoper-tulip-red-7-x-3-5-x-12-cm\/#primaryimage"},"thumbnailUrl":"https:\/\/gate21.ee\/wp-content\/uploads\/2025\/04\/bottle-stoper-tulip-red-1.webp","datePublished":"2025-04-17T10:54:00+00:00","dateModified":"2026-03-23T09:19:01+00:00","breadcrumb":{"@id":"https:\/\/gate21.ee\/shop\/bottle-stoper-tulip-red-7-x-3-5-x-12-cm\/#breadcrumb"},"inLanguage":"et","potentialAction":[{"@type":"ReadAction","target":["https:\/\/gate21.ee\/shop\/bottle-stoper-tulip-red-7-x-3-5-x-12-cm\/"]}]},{"@type":"ImageObject","inLanguage":"et","@id":"https:\/\/gate21.ee\/shop\/bottle-stoper-tulip-red-7-x-3-5-x-12-cm\/#primaryimage","url":"https:\/\/gate21.ee\/wp-content\/uploads\/2025\/04\/bottle-stoper-tulip-red-1.webp","contentUrl":"https:\/\/gate21.ee\/wp-content\/uploads\/2025\/04\/bottle-stoper-tulip-red-1.webp","width":1920,"height":1920,"caption":"The Bottle Stopper Tulip - Red (7 x 3.5 x 12 cm) features a cork base and a ceramic top shaped and painted like a red tulip with green leaves\u2014an ideal unique gift shop find against a simple, light background. Gate21.ee"},{"@type":"BreadcrumbList","@id":"https:\/\/gate21.ee\/shop\/bottle-stoper-tulip-red-7-x-3-5-x-12-cm\/#breadcrumb","itemListElement":[{"@type":"ListItem","position":1,"name":"Home","item":"https:\/\/gate21.ee\/"},{"@type":"ListItem","position":2,"name":"Bottle Stoper Tulip &#8211; Red 7 x 3.5 x 12 cm"}]},{"@type":"WebSite","@id":"https:\/\/gate21.ee\/#website","url":"https:\/\/gate21.ee\/","name":"Gate21","description":"Kingituskontseptsioonipood Gate21","publisher":{"@id":"https:\/\/gate21.ee\/#organization"},"alternateName":"gate21","potentialAction":[{"@type":"SearchAction","target":{"@type":"EntryPoint","urlTemplate":"https:\/\/gate21.ee\/?s={search_term_string}"},"query-input":{"@type":"PropertyValueSpecification","valueRequired":true,"valueName":"search_term_string"}}],"inLanguage":"et"},{"@type":"Organization","@id":"https:\/\/gate21.ee\/#organization","name":"Gate21","alternateName":"Gate21, Oma Asi and Oma Asi Design Store","url":"https:\/\/gate21.ee\/","logo":{"@type":"ImageObject","inLanguage":"et","@id":"https:\/\/gate21.ee\/#\/schema\/logo\/image\/","url":"https:\/\/gate21.ee\/wp-content\/uploads\/2021\/11\/Gate_21_Logo_2_Valge.png","contentUrl":"https:\/\/gate21.ee\/wp-content\/uploads\/2021\/11\/Gate_21_Logo_2_Valge.png","width":2560,"height":2560,"caption":"Gate21"},"image":{"@id":"https:\/\/gate21.ee\/#\/schema\/logo\/image\/"},"sameAs":["https:\/\/www.facebook.com\/gate21.ee\/","https:\/\/www.instagram.com\/gate21.ee\/","https:\/\/www.instagram.com\/omaasidesign\/","https:\/\/www.instagram.com\/omaasi\/","https:\/\/www.facebook.com\/omaasidesign\/","https:\/\/www.facebook.com\/omaasilittleredhouse\/","https:\/\/www.tiktok.com\/@gate21.ee"]}]}},"jetpack_sharing_enabled":true,"brands":[{"id":621,"name":"Klevering","slug":"klevering"}],"_links":{"self":[{"href":"https:\/\/gate21.ee\/et\/wp-json\/wp\/v2\/product\/208693","targetHints":{"allow":["GET"]}}],"collection":[{"href":"https:\/\/gate21.ee\/et\/wp-json\/wp\/v2\/product"}],"about":[{"href":"https:\/\/gate21.ee\/et\/wp-json\/wp\/v2\/types\/product"}],"replies":[{"embeddable":true,"href":"https:\/\/gate21.ee\/et\/wp-json\/wp\/v2\/comments?post=208693"}],"version-history":[{"count":3,"href":"https:\/\/gate21.ee\/et\/wp-json\/wp\/v2\/product\/208693\/revisions"}],"predecessor-version":[{"id":248409,"href":"https:\/\/gate21.ee\/et\/wp-json\/wp\/v2\/product\/208693\/revisions\/248409"}],"wp:featuredmedia":[{"embeddable":true,"href":"https:\/\/gate21.ee\/et\/wp-json\/wp\/v2\/media\/208695"}],"wp:attachment":[{"href":"https:\/\/gate21.ee\/et\/wp-json\/wp\/v2\/media?parent=208693"}],"wp:term":[{"taxonomy":"pwb-brand","embeddable":true,"href":"https:\/\/gate21.ee\/et\/wp-json\/wp\/v2\/pwb-brand?post=208693"},{"taxonomy":"product_brand","embeddable":true,"href":"https:\/\/gate21.ee\/et\/wp-json\/wp\/v2\/product_brand?post=208693"},{"taxonomy":"product_cat","embeddable":true,"href":"https:\/\/gate21.ee\/et\/wp-json\/wp\/v2\/product_cat?post=208693"},{"taxonomy":"product_tag","embeddable":true,"href":"https:\/\/gate21.ee\/et\/wp-json\/wp\/v2\/product_tag?post=208693"}],"curies":[{"name":"wp","href":"https:\/\/api.w.org\/{rel}","templated":true}]}}