{"id":207990,"date":"2025-04-10T13:08:00","date_gmt":"2025-04-10T10:08:00","guid":{"rendered":"https:\/\/gate21.ee\/?post_type=product&#038;p=207990"},"modified":"2026-04-26T11:14:12","modified_gmt":"2026-04-26T08:14:12","slug":"sandra-luks-2-suda-t-sark","status":"publish","type":"product","link":"https:\/\/gate21.ee\/et\/shop\/sandra-luks-2-suda-t-sark\/","title":{"rendered":"LUKS - 2 S\u00fcda - T-s\u00e4rk"},"content":{"rendered":"<p><img fetchpriority=\"high\" decoding=\"async\" class=\"alignnone size-medium wp-image-248691\" src=\"https:\/\/gate21.ee\/wp-content\/uploads\/2025\/04\/SandraLuks_portrait_byMauricioZelaya-480x600-1-240x300.jpg\" alt=\"\" width=\"240\" height=\"300\" srcset=\"https:\/\/gate21.ee\/wp-content\/uploads\/2025\/04\/SandraLuks_portrait_byMauricioZelaya-480x600-1-240x300.jpg 240w, https:\/\/gate21.ee\/wp-content\/uploads\/2025\/04\/SandraLuks_portrait_byMauricioZelaya-480x600-1-10x12.jpg 10w, https:\/\/gate21.ee\/wp-content\/uploads\/2025\/04\/SandraLuks_portrait_byMauricioZelaya-480x600-1.jpg 480w\" sizes=\"(max-width: 240px) 100vw, 240px\" \/><\/p>\n<p>Olen mitmek\u00fclgne disainer, kes v\u00e4\u00e4rtustab kvaliteeti ja otsib pidevalt uusi v\u00f5imalusi materjalide taaskasutamiseks ja unikaalsete esemete loomiseks. Usun s\u00e4\u00e4stvasse moesse, mis on eriline, funktsionaalne ja vastupidav, ning loodan, et minu disainid inspireerivad inimesi m\u00f5tlema rohkem aeglase moe suunas ja peegeldama oma v\u00e4\u00e4rtusi oma r\u00f5ivaste kaudu.<\/p>\n<p>Materjal: 100% puuvill.<\/p>","protected":false},"excerpt":{"rendered":"<p>I am a versatile designer who values quality and constantly seeks novel ways to repurpose materials and create unique pieces. Believing in sustainable fashion that is special, functional and durable, I hope my designs inspire people to think more towards slow fashion and reflect their values through their clothing. Material: 100% cotton<\/p>","protected":false},"featured_media":207985,"comment_status":"closed","ping_status":"closed","template":"","meta":{"site-sidebar-layout":"default","site-content-layout":"","ast-site-content-layout":"default","site-content-style":"default","site-sidebar-style":"default","ast-global-header-display":"","ast-banner-title-visibility":"","ast-main-header-display":"","ast-hfb-above-header-display":"","ast-hfb-below-header-display":"","ast-hfb-mobile-header-display":"","site-post-title":"","ast-breadcrumbs-content":"","ast-featured-img":"","footer-sml-layout":"","ast-disable-related-posts":"","theme-transparent-header-meta":"default","adv-header-id-meta":"","stick-header-meta":"default","header-above-stick-meta":"","header-main-stick-meta":"","header-below-stick-meta":"","astra-migrate-meta-layouts":"set","ast-page-background-enabled":"default","ast-page-background-meta":{"desktop":{"background-color":"","background-image":"","background-repeat":"repeat","background-position":"center center","background-size":"auto","background-attachment":"scroll","background-type":"","background-media":"","overlay-type":"","overlay-color":"","overlay-opacity":"","overlay-gradient":""},"tablet":{"background-color":"","background-image":"","background-repeat":"repeat","background-position":"center center","background-size":"auto","background-attachment":"scroll","background-type":"","background-media":"","overlay-type":"","overlay-color":"","overlay-opacity":"","overlay-gradient":""},"mobile":{"background-color":"","background-image":"","background-repeat":"repeat","background-position":"center center","background-size":"auto","background-attachment":"scroll","background-type":"","background-media":"","overlay-type":"","overlay-color":"","overlay-opacity":"","overlay-gradient":""}},"ast-content-background-meta":{"desktop":{"background-color":"var(--ast-global-color-5)","background-image":"","background-repeat":"repeat","background-position":"center center","background-size":"auto","background-attachment":"scroll","background-type":"","background-media":"","overlay-type":"","overlay-color":"","overlay-opacity":"","overlay-gradient":""},"tablet":{"background-color":"var(--ast-global-color-5)","background-image":"","background-repeat":"repeat","background-position":"center center","background-size":"auto","background-attachment":"scroll","background-type":"","background-media":"","overlay-type":"","overlay-color":"","overlay-opacity":"","overlay-gradient":""},"mobile":{"background-color":"var(--ast-global-color-5)","background-image":"","background-repeat":"repeat","background-position":"center center","background-size":"auto","background-attachment":"scroll","background-type":"","background-media":"","overlay-type":"","overlay-color":"","overlay-opacity":"","overlay-gradient":""}}},"pwb-brand":[652],"product_brand":[],"product_cat":[56,132],"product_tag":[],"class_list":{"0":"post-207990","1":"product","2":"type-product","3":"status-publish","4":"has-post-thumbnail","6":"pwb-brand-sandra_luks","7":"product_cat-clothing","8":"product_cat-tshirts","9":"desktop-align-center","10":"tablet-align-center","11":"mobile-align-center","12":"ast-product-gallery-layout-vertical","13":"ast-product-single-variable","14":"ast-product-tabs-layout-horizontal","16":"first","17":"instock","18":"featured","19":"taxable","20":"shipping-taxable","21":"purchasable","22":"product-type-variable"},"yoast_head":"<!-- This site is optimized with the Yoast SEO plugin v27.5 - https:\/\/yoast.com\/product\/yoast-seo-wordpress\/ -->\n<title>LUKS - 2 S\u00fcda - T-s\u00e4rk &#8226; Gate21<\/title>\n<meta name=\"description\" content=\"The heart embellishments are hand-crafted from the unravelled threads of old jeans. Reflects a heartfelt commitment to giving discarded materials a new purpose.\" \/>\n<meta name=\"robots\" content=\"index, follow, max-snippet:-1, max-image-preview:large, max-video-preview:-1\" \/>\n<link rel=\"canonical\" href=\"https:\/\/gate21.ee\/et\/shop\/sandra-luks-2-suda-t-sark\/\" \/>\n<meta property=\"og:locale\" content=\"et_EE\" \/>\n<meta property=\"og:type\" content=\"article\" \/>\n<meta property=\"og:title\" content=\"LUKS - 2 S\u00fcda - T-s\u00e4rk &#8226; Gate21\" \/>\n<meta property=\"og:description\" content=\"The heart embellishments are hand-crafted from the unravelled threads of old jeans. Reflects a heartfelt commitment to giving discarded materials a new purpose.\" \/>\n<meta property=\"og:url\" content=\"https:\/\/gate21.ee\/et\/shop\/sandra-luks-2-suda-t-sark\/\" \/>\n<meta property=\"og:site_name\" content=\"Gate21\" \/>\n<meta property=\"article:publisher\" content=\"https:\/\/www.facebook.com\/gate21.ee\/\" \/>\n<meta property=\"article:modified_time\" content=\"2026-04-26T08:14:12+00:00\" \/>\n<meta property=\"og:image\" content=\"https:\/\/gate21.ee\/wp-content\/uploads\/2026\/02\/Suda2.png\" \/>\n\t<meta property=\"og:image:width\" content=\"357\" \/>\n\t<meta property=\"og:image:height\" content=\"536\" \/>\n\t<meta property=\"og:image:type\" content=\"image\/jpeg\" \/>\n<meta name=\"twitter:card\" content=\"summary_large_image\" \/>\n<meta name=\"twitter:label1\" content=\"Est. reading time\" \/>\n\t<meta name=\"twitter:data1\" content=\"1 minut\" \/>\n<script type=\"application\/ld+json\" class=\"yoast-schema-graph\">{\"@context\":\"https:\\\/\\\/schema.org\",\"@graph\":[{\"@type\":\"WebPage\",\"@id\":\"https:\\\/\\\/gate21.ee\\\/shop\\\/sandra-luks-2-suda-t-sark\\\/\",\"url\":\"https:\\\/\\\/gate21.ee\\\/shop\\\/sandra-luks-2-suda-t-sark\\\/\",\"name\":\"LUKS - 2 S\u00fcda - T-s\u00e4rk &#8226; Gate21\",\"isPartOf\":{\"@id\":\"https:\\\/\\\/gate21.ee\\\/#website\"},\"primaryImageOfPage\":{\"@id\":\"https:\\\/\\\/gate21.ee\\\/shop\\\/sandra-luks-2-suda-t-sark\\\/#primaryimage\"},\"image\":{\"@id\":\"https:\\\/\\\/gate21.ee\\\/shop\\\/sandra-luks-2-suda-t-sark\\\/#primaryimage\"},\"thumbnailUrl\":\"https:\\\/\\\/gate21.ee\\\/wp-content\\\/uploads\\\/2026\\\/02\\\/Suda2.png\",\"datePublished\":\"2025-04-10T10:08:00+00:00\",\"dateModified\":\"2026-04-26T08:14:12+00:00\",\"description\":\"The heart embellishments are hand-crafted from the unravelled threads of old jeans. Reflects a heartfelt commitment to giving discarded materials a new purpose.\",\"breadcrumb\":{\"@id\":\"https:\\\/\\\/gate21.ee\\\/shop\\\/sandra-luks-2-suda-t-sark\\\/#breadcrumb\"},\"inLanguage\":\"et\",\"potentialAction\":[{\"@type\":\"ReadAction\",\"target\":[\"https:\\\/\\\/gate21.ee\\\/shop\\\/sandra-luks-2-suda-t-sark\\\/\"]}]},{\"@type\":\"ImageObject\",\"inLanguage\":\"et\",\"@id\":\"https:\\\/\\\/gate21.ee\\\/shop\\\/sandra-luks-2-suda-t-sark\\\/#primaryimage\",\"url\":\"https:\\\/\\\/gate21.ee\\\/wp-content\\\/uploads\\\/2026\\\/02\\\/Suda2.png\",\"contentUrl\":\"https:\\\/\\\/gate21.ee\\\/wp-content\\\/uploads\\\/2026\\\/02\\\/Suda2.png\",\"width\":357,\"height\":536,\"caption\":\"A woman with long, wavy hair models the LUKS - 1 S\u00fcda - T-shirt, a loose black tee with two red heart designs and line details, paired with black trousers\u2014perfect for exploring a concept store. She poses against a plain white background. Gate21.ee\"},{\"@type\":\"BreadcrumbList\",\"@id\":\"https:\\\/\\\/gate21.ee\\\/shop\\\/sandra-luks-2-suda-t-sark\\\/#breadcrumb\",\"itemListElement\":[{\"@type\":\"ListItem\",\"position\":1,\"name\":\"Home\",\"item\":\"https:\\\/\\\/gate21.ee\\\/\"},{\"@type\":\"ListItem\",\"position\":2,\"name\":\"LUKS &#8211; 2 S\u00fcda &#8211; T-s\u00e4rk\"}]},{\"@type\":\"WebSite\",\"@id\":\"https:\\\/\\\/gate21.ee\\\/#website\",\"url\":\"https:\\\/\\\/gate21.ee\\\/\",\"name\":\"Gate21\",\"description\":\"Gift concept store Gate21\",\"publisher\":{\"@id\":\"https:\\\/\\\/gate21.ee\\\/#organization\"},\"alternateName\":\"gate21\",\"potentialAction\":[{\"@type\":\"SearchAction\",\"target\":{\"@type\":\"EntryPoint\",\"urlTemplate\":\"https:\\\/\\\/gate21.ee\\\/?s={search_term_string}\"},\"query-input\":{\"@type\":\"PropertyValueSpecification\",\"valueRequired\":true,\"valueName\":\"search_term_string\"}}],\"inLanguage\":\"et\"},{\"@type\":\"Organization\",\"@id\":\"https:\\\/\\\/gate21.ee\\\/#organization\",\"name\":\"Gate21\",\"alternateName\":\"Gate21, Oma Asi and Oma Asi Design Store\",\"url\":\"https:\\\/\\\/gate21.ee\\\/\",\"logo\":{\"@type\":\"ImageObject\",\"inLanguage\":\"et\",\"@id\":\"https:\\\/\\\/gate21.ee\\\/#\\\/schema\\\/logo\\\/image\\\/\",\"url\":\"https:\\\/\\\/gate21.ee\\\/wp-content\\\/uploads\\\/2021\\\/11\\\/Gate_21_Logo_2_Valge.png\",\"contentUrl\":\"https:\\\/\\\/gate21.ee\\\/wp-content\\\/uploads\\\/2021\\\/11\\\/Gate_21_Logo_2_Valge.png\",\"width\":2560,\"height\":2560,\"caption\":\"Gate21\"},\"image\":{\"@id\":\"https:\\\/\\\/gate21.ee\\\/#\\\/schema\\\/logo\\\/image\\\/\"},\"sameAs\":[\"https:\\\/\\\/www.facebook.com\\\/gate21.ee\\\/\",\"https:\\\/\\\/www.instagram.com\\\/gate21.ee\\\/\",\"https:\\\/\\\/www.instagram.com\\\/omaasidesign\\\/\",\"https:\\\/\\\/www.instagram.com\\\/omaasi\\\/\",\"https:\\\/\\\/www.facebook.com\\\/omaasidesign\\\/\",\"https:\\\/\\\/www.facebook.com\\\/omaasilittleredhouse\\\/\",\"https:\\\/\\\/www.tiktok.com\\\/@gate21.ee\"]}]}<\/script>\n<!-- \/ Yoast SEO plugin. -->","yoast_head_json":{"title":"LUKS - 2 S\u00fcda - T-s\u00e4rk &#8226; Gate21","description":"The heart embellishments are hand-crafted from the unravelled threads of old jeans. Reflects a heartfelt commitment to giving discarded materials a new purpose.","robots":{"index":"index","follow":"follow","max-snippet":"max-snippet:-1","max-image-preview":"max-image-preview:large","max-video-preview":"max-video-preview:-1"},"canonical":"https:\/\/gate21.ee\/et\/shop\/sandra-luks-2-suda-t-sark\/","og_locale":"et_EE","og_type":"article","og_title":"LUKS - 2 S\u00fcda - T-s\u00e4rk &#8226; Gate21","og_description":"The heart embellishments are hand-crafted from the unravelled threads of old jeans. Reflects a heartfelt commitment to giving discarded materials a new purpose.","og_url":"https:\/\/gate21.ee\/et\/shop\/sandra-luks-2-suda-t-sark\/","og_site_name":"Gate21","article_publisher":"https:\/\/www.facebook.com\/gate21.ee\/","article_modified_time":"2026-04-26T08:14:12+00:00","og_image":[{"width":357,"height":536,"url":"https:\/\/gate21.ee\/wp-content\/uploads\/2026\/02\/Suda2.png","type":"image\/jpeg"}],"twitter_card":"summary_large_image","twitter_misc":{"Est. reading time":"1 minut"},"schema":{"@context":"https:\/\/schema.org","@graph":[{"@type":"WebPage","@id":"https:\/\/gate21.ee\/shop\/sandra-luks-2-suda-t-sark\/","url":"https:\/\/gate21.ee\/shop\/sandra-luks-2-suda-t-sark\/","name":"LUKS - 2 S\u00fcda - T-s\u00e4rk &#8226; Gate21","isPartOf":{"@id":"https:\/\/gate21.ee\/#website"},"primaryImageOfPage":{"@id":"https:\/\/gate21.ee\/shop\/sandra-luks-2-suda-t-sark\/#primaryimage"},"image":{"@id":"https:\/\/gate21.ee\/shop\/sandra-luks-2-suda-t-sark\/#primaryimage"},"thumbnailUrl":"https:\/\/gate21.ee\/wp-content\/uploads\/2026\/02\/Suda2.png","datePublished":"2025-04-10T10:08:00+00:00","dateModified":"2026-04-26T08:14:12+00:00","description":"The heart embellishments are hand-crafted from the unravelled threads of old jeans. Reflects a heartfelt commitment to giving discarded materials a new purpose.","breadcrumb":{"@id":"https:\/\/gate21.ee\/shop\/sandra-luks-2-suda-t-sark\/#breadcrumb"},"inLanguage":"et","potentialAction":[{"@type":"ReadAction","target":["https:\/\/gate21.ee\/shop\/sandra-luks-2-suda-t-sark\/"]}]},{"@type":"ImageObject","inLanguage":"et","@id":"https:\/\/gate21.ee\/shop\/sandra-luks-2-suda-t-sark\/#primaryimage","url":"https:\/\/gate21.ee\/wp-content\/uploads\/2026\/02\/Suda2.png","contentUrl":"https:\/\/gate21.ee\/wp-content\/uploads\/2026\/02\/Suda2.png","width":357,"height":536,"caption":"A woman with long, wavy hair models the LUKS - 1 S\u00fcda - T-shirt, a loose black tee with two red heart designs and line details, paired with black trousers\u2014perfect for exploring a concept store. She poses against a plain white background. Gate21.ee"},{"@type":"BreadcrumbList","@id":"https:\/\/gate21.ee\/shop\/sandra-luks-2-suda-t-sark\/#breadcrumb","itemListElement":[{"@type":"ListItem","position":1,"name":"Home","item":"https:\/\/gate21.ee\/"},{"@type":"ListItem","position":2,"name":"LUKS &#8211; 2 S\u00fcda &#8211; T-s\u00e4rk"}]},{"@type":"WebSite","@id":"https:\/\/gate21.ee\/#website","url":"https:\/\/gate21.ee\/","name":"Gate21","description":"Kingituskontseptsioonipood Gate21","publisher":{"@id":"https:\/\/gate21.ee\/#organization"},"alternateName":"gate21","potentialAction":[{"@type":"SearchAction","target":{"@type":"EntryPoint","urlTemplate":"https:\/\/gate21.ee\/?s={search_term_string}"},"query-input":{"@type":"PropertyValueSpecification","valueRequired":true,"valueName":"search_term_string"}}],"inLanguage":"et"},{"@type":"Organization","@id":"https:\/\/gate21.ee\/#organization","name":"Gate21","alternateName":"Gate21, Oma Asi and Oma Asi Design Store","url":"https:\/\/gate21.ee\/","logo":{"@type":"ImageObject","inLanguage":"et","@id":"https:\/\/gate21.ee\/#\/schema\/logo\/image\/","url":"https:\/\/gate21.ee\/wp-content\/uploads\/2021\/11\/Gate_21_Logo_2_Valge.png","contentUrl":"https:\/\/gate21.ee\/wp-content\/uploads\/2021\/11\/Gate_21_Logo_2_Valge.png","width":2560,"height":2560,"caption":"Gate21"},"image":{"@id":"https:\/\/gate21.ee\/#\/schema\/logo\/image\/"},"sameAs":["https:\/\/www.facebook.com\/gate21.ee\/","https:\/\/www.instagram.com\/gate21.ee\/","https:\/\/www.instagram.com\/omaasidesign\/","https:\/\/www.instagram.com\/omaasi\/","https:\/\/www.facebook.com\/omaasidesign\/","https:\/\/www.facebook.com\/omaasilittleredhouse\/","https:\/\/www.tiktok.com\/@gate21.ee"]}]}},"jetpack_sharing_enabled":true,"brands":[{"id":652,"name":"Sandra LUKS","slug":"sandra_luks"}],"_links":{"self":[{"href":"https:\/\/gate21.ee\/et\/wp-json\/wp\/v2\/product\/207990","targetHints":{"allow":["GET"]}}],"collection":[{"href":"https:\/\/gate21.ee\/et\/wp-json\/wp\/v2\/product"}],"about":[{"href":"https:\/\/gate21.ee\/et\/wp-json\/wp\/v2\/types\/product"}],"replies":[{"embeddable":true,"href":"https:\/\/gate21.ee\/et\/wp-json\/wp\/v2\/comments?post=207990"}],"version-history":[{"count":5,"href":"https:\/\/gate21.ee\/et\/wp-json\/wp\/v2\/product\/207990\/revisions"}],"predecessor-version":[{"id":248695,"href":"https:\/\/gate21.ee\/et\/wp-json\/wp\/v2\/product\/207990\/revisions\/248695"}],"wp:featuredmedia":[{"embeddable":true,"href":"https:\/\/gate21.ee\/et\/wp-json\/wp\/v2\/media\/207985"}],"wp:attachment":[{"href":"https:\/\/gate21.ee\/et\/wp-json\/wp\/v2\/media?parent=207990"}],"wp:term":[{"taxonomy":"pwb-brand","embeddable":true,"href":"https:\/\/gate21.ee\/et\/wp-json\/wp\/v2\/pwb-brand?post=207990"},{"taxonomy":"product_brand","embeddable":true,"href":"https:\/\/gate21.ee\/et\/wp-json\/wp\/v2\/product_brand?post=207990"},{"taxonomy":"product_cat","embeddable":true,"href":"https:\/\/gate21.ee\/et\/wp-json\/wp\/v2\/product_cat?post=207990"},{"taxonomy":"product_tag","embeddable":true,"href":"https:\/\/gate21.ee\/et\/wp-json\/wp\/v2\/product_tag?post=207990"}],"curies":[{"name":"wp","href":"https:\/\/api.w.org\/{rel}","templated":true}]}}