{"id":206656,"date":"2025-03-18T12:19:00","date_gmt":"2025-03-18T10:19:00","guid":{"rendered":"https:\/\/gate21.ee\/?post_type=product&#038;p=206656"},"modified":"2026-04-11T11:25:46","modified_gmt":"2026-04-11T08:25:46","slug":"erer-white-triple-wrap-bracelet","status":"publish","type":"product","link":"https:\/\/gate21.ee\/et\/shop\/erer-white-triple-wrap-bracelet\/","title":{"rendered":"ERER - Valge kolmekordne k\u00e4ev\u00f5ru k\u00e4ev\u00f5ru"},"content":{"rendered":"<p>\u00d5huke pruun kolmekordne ehtsast nahast\u00a0<a href=\"https:\/\/gate21.ee\/et\/tootekategooria\/jewellery\/bracelets\/\">k\u00e4ev\u00f5ru<\/a> T-kujulise kinnitusega.<\/p>\n<p>V\u00f5imalik kanda ka choker kaelakeena.<\/p>\n<p>Suurused: S 13-16cm; M 15-19cm; L 19-23cm<\/p>\n<p>Laius: 10 x 2 mm<\/p>\n<p class=\"font_0\">L\u00e4tis Riias asuv <a href=\"https:\/\/gate21.ee\/et\/brand\/erer\/\">\u042fR<\/a> loob nahast k\u00e4sitsi valmistatud aksessuaare.<\/p>\n<p class=\"font_0\"><span class=\"wixGuard\">)<\/span>Ettev\u00f5te sai alguse lihtsast ideest disainida s\u00f5pradele m\u00f5ned k\u00e4ev\u00f5rud.<br \/>\n2010. aastal v\u00f5tsid nad asja t\u00f5sisemalt ette ja edasine on juba ajalugu. N\u00fc\u00fcdseks pakuvad nad laias valikus aksessuaare nii meestele kui naistele. P\u00f5him\u00f5te on aga k\u00f5ikide nende aastate jooksul samaks j\u00e4\u00e4nud - luua lihtsa disainiga kvaliteetseid nahktooteid.<\/p>\n<p><img fetchpriority=\"high\" decoding=\"async\" class=\"alignnone size-medium wp-image-39960 ls-is-cached lazyloaded\" src=\"https:\/\/i1.wp.com\/gate21.ee\/wp-content\/uploads\/2021\/02\/e46d50_7b3e5b19fd924067911822aac266b324mv2_d_4369_1534_s_2.jpg?resize=300%2C146&amp;ssl=1\" alt=\"\" width=\"300\" height=\"300\" data-srcset=\"https:\/\/i1.wp.com\/gate21.ee\/wp-content\/uploads\/2021\/02\/e46d50_7b3e5b19fd924067911822aac266b324mv2_d_4369_1534_s_2.jpg?resize=300%2C146&amp;ssl=1 300w, https:\/\/i1.wp.com\/gate21.ee\/wp-content\/uploads\/2021\/02\/e46d50_7b3e5b19fd924067911822aac266b324mv2_d_4369_1534_s_2.jpg?resize=1024%2C499&amp;ssl=1 1024w, https:\/\/i1.wp.com\/gate21.ee\/wp-content\/uploads\/2021\/02\/e46d50_7b3e5b19fd924067911822aac266b324mv2_d_4369_1534_s_2.jpg?resize=768%2C374&amp;ssl=1 768w, https:\/\/i1.wp.com\/gate21.ee\/wp-content\/uploads\/2021\/02\/e46d50_7b3e5b19fd924067911822aac266b324mv2_d_4369_1534_s_2.jpg?resize=800%2C390&amp;ssl=1 800w, https:\/\/i1.wp.com\/gate21.ee\/wp-content\/uploads\/2021\/02\/e46d50_7b3e5b19fd924067911822aac266b324mv2_d_4369_1534_s_2.jpg?w=1324&amp;ssl=1 1324w\" data-src=\"https:\/\/i1.wp.com\/gate21.ee\/wp-content\/uploads\/2021\/02\/e46d50_7b3e5b19fd924067911822aac266b324mv2_d_4369_1534_s_2.jpg?resize=300%2C146&amp;ssl=1\" data-sizes=\"(max-width: 300px) 100vw, 300px\" srcset=\"https:\/\/gate21.ee\/wp-content\/uploads\/2021\/02\/e46d50_7b3e5b19fd924067911822aac266b324mv2_d_4369_1534_s_2-300x300.jpg 300w, https:\/\/gate21.ee\/wp-content\/uploads\/2021\/02\/e46d50_7b3e5b19fd924067911822aac266b324mv2_d_4369_1534_s_2-100x100.jpg 100w, https:\/\/gate21.ee\/wp-content\/uploads\/2021\/02\/e46d50_7b3e5b19fd924067911822aac266b324mv2_d_4369_1534_s_2-150x150.jpg 150w\" sizes=\"(max-width: 300px) 100vw, 300px\" \/><\/p>","protected":false},"excerpt":{"rendered":"<p>Thin brown triple cord genuine leather\u00a0bracelet with T-bar clasp Can also be worn as a choker necklace Size: S 13-16cm &amp; M 15-19cm &amp; L 19-23cm Width: 10 x 2mm Based in Riga, Latvia \u042fR create\u00a0hand-crafted accessories from leather. \u200bWhat started as a simple idea, to design a couple of bracelets for some friends, turned [&hellip;]<\/p>\n","protected":false},"featured_media":206657,"comment_status":"closed","ping_status":"closed","template":"","meta":{"site-sidebar-layout":"default","site-content-layout":"default","ast-site-content-layout":"default","site-content-style":"default","site-sidebar-style":"default","ast-global-header-display":"","ast-banner-title-visibility":"","ast-main-header-display":"","ast-hfb-above-header-display":"","ast-hfb-below-header-display":"","ast-hfb-mobile-header-display":"","site-post-title":"","ast-breadcrumbs-content":"","ast-featured-img":"","footer-sml-layout":"","ast-disable-related-posts":"","theme-transparent-header-meta":"default","adv-header-id-meta":"","stick-header-meta":"default","header-above-stick-meta":"","header-main-stick-meta":"","header-below-stick-meta":"","astra-migrate-meta-layouts":"set","ast-page-background-enabled":"default","ast-page-background-meta":{"desktop":{"background-color":"","background-image":"","background-repeat":"repeat","background-position":"center center","background-size":"auto","background-attachment":"scroll","background-type":"","background-media":"","overlay-type":"","overlay-color":"","overlay-opacity":"","overlay-gradient":""},"tablet":{"background-color":"","background-image":"","background-repeat":"repeat","background-position":"center center","background-size":"auto","background-attachment":"scroll","background-type":"","background-media":"","overlay-type":"","overlay-color":"","overlay-opacity":"","overlay-gradient":""},"mobile":{"background-color":"","background-image":"","background-repeat":"repeat","background-position":"center center","background-size":"auto","background-attachment":"scroll","background-type":"","background-media":"","overlay-type":"","overlay-color":"","overlay-opacity":"","overlay-gradient":""}},"ast-content-background-meta":{"desktop":{"background-color":"var(--ast-global-color-5)","background-image":"","background-repeat":"repeat","background-position":"center center","background-size":"auto","background-attachment":"scroll","background-type":"","background-media":"","overlay-type":"","overlay-color":"","overlay-opacity":"","overlay-gradient":""},"tablet":{"background-color":"var(--ast-global-color-5)","background-image":"","background-repeat":"repeat","background-position":"center center","background-size":"auto","background-attachment":"scroll","background-type":"","background-media":"","overlay-type":"","overlay-color":"","overlay-opacity":"","overlay-gradient":""},"mobile":{"background-color":"var(--ast-global-color-5)","background-image":"","background-repeat":"repeat","background-position":"center center","background-size":"auto","background-attachment":"scroll","background-type":"","background-media":"","overlay-type":"","overlay-color":"","overlay-opacity":"","overlay-gradient":""}}},"pwb-brand":[],"product_brand":[],"product_cat":[126,52],"product_tag":[301],"class_list":{"0":"post-206656","1":"product","2":"type-product","3":"status-publish","4":"has-post-thumbnail","6":"product_cat-bracelets","7":"product_cat-jewellery","8":"product_tag-bracelets","9":"desktop-align-center","10":"tablet-align-center","11":"mobile-align-center","12":"ast-product-gallery-layout-vertical","13":"ast-product-gallery-with-no-image","14":"ast-product-tabs-layout-horizontal","16":"first","17":"outofstock","18":"taxable","19":"shipping-taxable","20":"purchasable","21":"product-type-simple"},"yoast_head":"<!-- This site is optimized with the Yoast SEO plugin v27.4 - https:\/\/yoast.com\/product\/yoast-seo-wordpress\/ -->\n<title>ERER - White Triple Wrap Bracelet &#8226; Gate21<\/title>\n<meta name=\"description\" content=\"Thin RR black double cord genuine leather\u00a0bracelet with magnet fixing\" \/>\n<meta name=\"robots\" content=\"index, follow, max-snippet:-1, max-image-preview:large, max-video-preview:-1\" \/>\n<link rel=\"canonical\" href=\"https:\/\/gate21.ee\/et\/shop\/erer-white-triple-wrap-bracelet\/\" \/>\n<meta property=\"og:locale\" content=\"et_EE\" \/>\n<meta property=\"og:type\" content=\"article\" \/>\n<meta property=\"og:title\" content=\"ERER - White Triple Wrap Bracelet &#8226; Gate21\" \/>\n<meta property=\"og:description\" content=\"Thin RR black double cord genuine leather\u00a0bracelet with magnet fixing\" \/>\n<meta property=\"og:url\" content=\"https:\/\/gate21.ee\/et\/shop\/erer-white-triple-wrap-bracelet\/\" \/>\n<meta property=\"og:site_name\" content=\"Gate21\" \/>\n<meta property=\"article:publisher\" content=\"https:\/\/www.facebook.com\/gate21.ee\/\" \/>\n<meta property=\"article:modified_time\" content=\"2026-04-11T08:25:46+00:00\" \/>\n<meta property=\"og:image\" content=\"https:\/\/gate21.ee\/wp-content\/uploads\/2025\/03\/483678650_629971136412554_4861000322198541556_n.jpg\" \/>\n\t<meta property=\"og:image:width\" content=\"1530\" \/>\n\t<meta property=\"og:image:height\" content=\"2040\" \/>\n\t<meta property=\"og:image:type\" content=\"image\/jpeg\" \/>\n<meta name=\"twitter:card\" content=\"summary_large_image\" \/>\n<meta name=\"twitter:label1\" content=\"Est. reading time\" \/>\n\t<meta name=\"twitter:data1\" content=\"1 minut\" \/>\n<script type=\"application\/ld+json\" class=\"yoast-schema-graph\">{\"@context\":\"https:\\\/\\\/schema.org\",\"@graph\":[{\"@type\":\"WebPage\",\"@id\":\"https:\\\/\\\/gate21.ee\\\/shop\\\/erer-white-triple-wrap-bracelet\\\/\",\"url\":\"https:\\\/\\\/gate21.ee\\\/shop\\\/erer-white-triple-wrap-bracelet\\\/\",\"name\":\"ERER - White Triple Wrap Bracelet &#8226; Gate21\",\"isPartOf\":{\"@id\":\"https:\\\/\\\/gate21.ee\\\/#website\"},\"primaryImageOfPage\":{\"@id\":\"https:\\\/\\\/gate21.ee\\\/shop\\\/erer-white-triple-wrap-bracelet\\\/#primaryimage\"},\"image\":{\"@id\":\"https:\\\/\\\/gate21.ee\\\/shop\\\/erer-white-triple-wrap-bracelet\\\/#primaryimage\"},\"thumbnailUrl\":\"https:\\\/\\\/gate21.ee\\\/wp-content\\\/uploads\\\/2025\\\/03\\\/483678650_629971136412554_4861000322198541556_n.jpg\",\"datePublished\":\"2025-03-18T10:19:00+00:00\",\"dateModified\":\"2026-04-11T08:25:46+00:00\",\"description\":\"Thin RR black double cord genuine leather\u00a0bracelet with magnet fixing\",\"breadcrumb\":{\"@id\":\"https:\\\/\\\/gate21.ee\\\/shop\\\/erer-white-triple-wrap-bracelet\\\/#breadcrumb\"},\"inLanguage\":\"et\",\"potentialAction\":[{\"@type\":\"ReadAction\",\"target\":[\"https:\\\/\\\/gate21.ee\\\/shop\\\/erer-white-triple-wrap-bracelet\\\/\"]}]},{\"@type\":\"ImageObject\",\"inLanguage\":\"et\",\"@id\":\"https:\\\/\\\/gate21.ee\\\/shop\\\/erer-white-triple-wrap-bracelet\\\/#primaryimage\",\"url\":\"https:\\\/\\\/gate21.ee\\\/wp-content\\\/uploads\\\/2025\\\/03\\\/483678650_629971136412554_4861000322198541556_n.jpg\",\"contentUrl\":\"https:\\\/\\\/gate21.ee\\\/wp-content\\\/uploads\\\/2025\\\/03\\\/483678650_629971136412554_4861000322198541556_n.jpg\",\"width\":1530,\"height\":2040},{\"@type\":\"BreadcrumbList\",\"@id\":\"https:\\\/\\\/gate21.ee\\\/shop\\\/erer-white-triple-wrap-bracelet\\\/#breadcrumb\",\"itemListElement\":[{\"@type\":\"ListItem\",\"position\":1,\"name\":\"Home\",\"item\":\"https:\\\/\\\/gate21.ee\\\/\"},{\"@type\":\"ListItem\",\"position\":2,\"name\":\"ERER &#8211; White Triple Wrap Bracelet\"}]},{\"@type\":\"WebSite\",\"@id\":\"https:\\\/\\\/gate21.ee\\\/#website\",\"url\":\"https:\\\/\\\/gate21.ee\\\/\",\"name\":\"Gate21\",\"description\":\"Disainipood Gate21\",\"publisher\":{\"@id\":\"https:\\\/\\\/gate21.ee\\\/#organization\"},\"alternateName\":\"gate21\",\"potentialAction\":[{\"@type\":\"SearchAction\",\"target\":{\"@type\":\"EntryPoint\",\"urlTemplate\":\"https:\\\/\\\/gate21.ee\\\/?s={search_term_string}\"},\"query-input\":{\"@type\":\"PropertyValueSpecification\",\"valueRequired\":true,\"valueName\":\"search_term_string\"}}],\"inLanguage\":\"et\"},{\"@type\":\"Organization\",\"@id\":\"https:\\\/\\\/gate21.ee\\\/#organization\",\"name\":\"Gate21\",\"alternateName\":\"Gate21, Oma Asi and Oma Asi Design Store\",\"url\":\"https:\\\/\\\/gate21.ee\\\/\",\"logo\":{\"@type\":\"ImageObject\",\"inLanguage\":\"et\",\"@id\":\"https:\\\/\\\/gate21.ee\\\/#\\\/schema\\\/logo\\\/image\\\/\",\"url\":\"https:\\\/\\\/gate21.ee\\\/wp-content\\\/uploads\\\/2021\\\/11\\\/Gate_21_Logo_2_Valge.png\",\"contentUrl\":\"https:\\\/\\\/gate21.ee\\\/wp-content\\\/uploads\\\/2021\\\/11\\\/Gate_21_Logo_2_Valge.png\",\"width\":2560,\"height\":2560,\"caption\":\"Gate21\"},\"image\":{\"@id\":\"https:\\\/\\\/gate21.ee\\\/#\\\/schema\\\/logo\\\/image\\\/\"},\"sameAs\":[\"https:\\\/\\\/www.facebook.com\\\/gate21.ee\\\/\",\"https:\\\/\\\/www.instagram.com\\\/gate21.ee\\\/\",\"https:\\\/\\\/www.instagram.com\\\/omaasidesign\\\/\",\"https:\\\/\\\/www.instagram.com\\\/omaasi\\\/\",\"https:\\\/\\\/www.facebook.com\\\/omaasidesign\\\/\",\"https:\\\/\\\/www.facebook.com\\\/omaasilittleredhouse\\\/\"]}]}<\/script>\n<!-- \/ Yoast SEO plugin. -->","yoast_head_json":{"title":"ERER - White Triple Wrap Bracelet &#8226; Gate21","description":"Thin RR black double cord genuine leather\u00a0bracelet with magnet fixing","robots":{"index":"index","follow":"follow","max-snippet":"max-snippet:-1","max-image-preview":"max-image-preview:large","max-video-preview":"max-video-preview:-1"},"canonical":"https:\/\/gate21.ee\/et\/shop\/erer-white-triple-wrap-bracelet\/","og_locale":"et_EE","og_type":"article","og_title":"ERER - White Triple Wrap Bracelet &#8226; Gate21","og_description":"Thin RR black double cord genuine leather\u00a0bracelet with magnet fixing","og_url":"https:\/\/gate21.ee\/et\/shop\/erer-white-triple-wrap-bracelet\/","og_site_name":"Gate21","article_publisher":"https:\/\/www.facebook.com\/gate21.ee\/","article_modified_time":"2026-04-11T08:25:46+00:00","og_image":[{"width":1530,"height":2040,"url":"https:\/\/gate21.ee\/wp-content\/uploads\/2025\/03\/483678650_629971136412554_4861000322198541556_n.jpg","type":"image\/jpeg"}],"twitter_card":"summary_large_image","twitter_misc":{"Est. reading time":"1 minut"},"schema":{"@context":"https:\/\/schema.org","@graph":[{"@type":"WebPage","@id":"https:\/\/gate21.ee\/shop\/erer-white-triple-wrap-bracelet\/","url":"https:\/\/gate21.ee\/shop\/erer-white-triple-wrap-bracelet\/","name":"ERER - White Triple Wrap Bracelet &#8226; Gate21","isPartOf":{"@id":"https:\/\/gate21.ee\/#website"},"primaryImageOfPage":{"@id":"https:\/\/gate21.ee\/shop\/erer-white-triple-wrap-bracelet\/#primaryimage"},"image":{"@id":"https:\/\/gate21.ee\/shop\/erer-white-triple-wrap-bracelet\/#primaryimage"},"thumbnailUrl":"https:\/\/gate21.ee\/wp-content\/uploads\/2025\/03\/483678650_629971136412554_4861000322198541556_n.jpg","datePublished":"2025-03-18T10:19:00+00:00","dateModified":"2026-04-11T08:25:46+00:00","description":"Thin RR black double cord genuine leather\u00a0bracelet with magnet fixing","breadcrumb":{"@id":"https:\/\/gate21.ee\/shop\/erer-white-triple-wrap-bracelet\/#breadcrumb"},"inLanguage":"et","potentialAction":[{"@type":"ReadAction","target":["https:\/\/gate21.ee\/shop\/erer-white-triple-wrap-bracelet\/"]}]},{"@type":"ImageObject","inLanguage":"et","@id":"https:\/\/gate21.ee\/shop\/erer-white-triple-wrap-bracelet\/#primaryimage","url":"https:\/\/gate21.ee\/wp-content\/uploads\/2025\/03\/483678650_629971136412554_4861000322198541556_n.jpg","contentUrl":"https:\/\/gate21.ee\/wp-content\/uploads\/2025\/03\/483678650_629971136412554_4861000322198541556_n.jpg","width":1530,"height":2040},{"@type":"BreadcrumbList","@id":"https:\/\/gate21.ee\/shop\/erer-white-triple-wrap-bracelet\/#breadcrumb","itemListElement":[{"@type":"ListItem","position":1,"name":"Home","item":"https:\/\/gate21.ee\/"},{"@type":"ListItem","position":2,"name":"ERER &#8211; White Triple Wrap Bracelet"}]},{"@type":"WebSite","@id":"https:\/\/gate21.ee\/#website","url":"https:\/\/gate21.ee\/","name":"Gate21","description":"Disainipood Gate21","publisher":{"@id":"https:\/\/gate21.ee\/#organization"},"alternateName":"gate21","potentialAction":[{"@type":"SearchAction","target":{"@type":"EntryPoint","urlTemplate":"https:\/\/gate21.ee\/?s={search_term_string}"},"query-input":{"@type":"PropertyValueSpecification","valueRequired":true,"valueName":"search_term_string"}}],"inLanguage":"et"},{"@type":"Organization","@id":"https:\/\/gate21.ee\/#organization","name":"Gate21","alternateName":"Gate21, Oma Asi and Oma Asi Design Store","url":"https:\/\/gate21.ee\/","logo":{"@type":"ImageObject","inLanguage":"et","@id":"https:\/\/gate21.ee\/#\/schema\/logo\/image\/","url":"https:\/\/gate21.ee\/wp-content\/uploads\/2021\/11\/Gate_21_Logo_2_Valge.png","contentUrl":"https:\/\/gate21.ee\/wp-content\/uploads\/2021\/11\/Gate_21_Logo_2_Valge.png","width":2560,"height":2560,"caption":"Gate21"},"image":{"@id":"https:\/\/gate21.ee\/#\/schema\/logo\/image\/"},"sameAs":["https:\/\/www.facebook.com\/gate21.ee\/","https:\/\/www.instagram.com\/gate21.ee\/","https:\/\/www.instagram.com\/omaasidesign\/","https:\/\/www.instagram.com\/omaasi\/","https:\/\/www.facebook.com\/omaasidesign\/","https:\/\/www.facebook.com\/omaasilittleredhouse\/"]}]}},"jetpack_sharing_enabled":true,"brands":[],"_links":{"self":[{"href":"https:\/\/gate21.ee\/et\/wp-json\/wp\/v2\/product\/206656","targetHints":{"allow":["GET"]}}],"collection":[{"href":"https:\/\/gate21.ee\/et\/wp-json\/wp\/v2\/product"}],"about":[{"href":"https:\/\/gate21.ee\/et\/wp-json\/wp\/v2\/types\/product"}],"replies":[{"embeddable":true,"href":"https:\/\/gate21.ee\/et\/wp-json\/wp\/v2\/comments?post=206656"}],"version-history":[{"count":1,"href":"https:\/\/gate21.ee\/et\/wp-json\/wp\/v2\/product\/206656\/revisions"}],"predecessor-version":[{"id":249791,"href":"https:\/\/gate21.ee\/et\/wp-json\/wp\/v2\/product\/206656\/revisions\/249791"}],"wp:featuredmedia":[{"embeddable":true,"href":"https:\/\/gate21.ee\/et\/wp-json\/wp\/v2\/media\/206657"}],"wp:attachment":[{"href":"https:\/\/gate21.ee\/et\/wp-json\/wp\/v2\/media?parent=206656"}],"wp:term":[{"taxonomy":"pwb-brand","embeddable":true,"href":"https:\/\/gate21.ee\/et\/wp-json\/wp\/v2\/pwb-brand?post=206656"},{"taxonomy":"product_brand","embeddable":true,"href":"https:\/\/gate21.ee\/et\/wp-json\/wp\/v2\/product_brand?post=206656"},{"taxonomy":"product_cat","embeddable":true,"href":"https:\/\/gate21.ee\/et\/wp-json\/wp\/v2\/product_cat?post=206656"},{"taxonomy":"product_tag","embeddable":true,"href":"https:\/\/gate21.ee\/et\/wp-json\/wp\/v2\/product_tag?post=206656"}],"curies":[{"name":"wp","href":"https:\/\/api.w.org\/{rel}","templated":true}]}}